{"id":987540289,"date":"2026-03-25T20:01:46","date_gmt":"2026-03-25T12:01:46","guid":{"rendered":"https:\/\/craftygenesindonesia.com\/shop\/sem categoria\/jesus-3em1\/"},"modified":"2026-03-25T20:01:46","modified_gmt":"2026-03-25T12:01:46","slug":"jesus-3em1","status":"publish","type":"product","link":"https:\/\/craftygenesindonesia.com\/pt-br\/shop\/padroes-de-croche-para-a-pascoa\/jesus-3em1\/","title":{"rendered":"Jesus 3em1"},"content":{"rendered":"<p style=\"font-weight: 400;\"><strong>Jesus 3em1<\/strong><\/p>\n<p style=\"font-weight: 400;\">Tipo de arquivo: padr\u00e3o de croch\u00ea &#8211; download digital, n\u00e3o \u00e9 um item f\u00edsico<\/p>\n<p style=\"font-weight: 400;\">Idiomas dispon\u00edveis: ingl\u00eas, holand\u00eas, franc\u00eas, espanhol, alem\u00e3o<\/p>\n<p style=\"font-weight: 400;\"><strong>Dimens\u00f5es do produto acabado<\/strong>: 31 x 73 x 43 cm \/ 12,2 x 28,7 x 16,9 (altura) polegadas<\/p>\n<p style=\"font-weight: 400;\"><strong> <\/strong><\/p>\n<p style=\"font-weight: 400;\">Tipo de fio: fio de espessura \u201cfingering\u201d (tamanho 3)<\/p>\n<p style=\"font-weight: 400;\">Marcas recomendadas: Catona da Scheepjes, Durable Coral, &#8230;<\/p>\n<p style=\"font-weight: 400;\"><strong>Cores de fios necess\u00e1rias<\/strong>: cor de pele, branco, marrom, marrom escuro, preto, cor de areia, cinza, marrom dourado, cinza claro, azul claro, magenta, salm\u00e3o escuro, verde-oliva escuro, azul marinho, laranja escuro<\/p>\n<p style=\"font-weight: 400;\">Agulha de croch\u00ea: 2 mm<\/p>\n<p style=\"font-weight: 400;\"><strong>Outros materiais necess\u00e1rios<\/strong>: fio de artesanato de 1 mm, fio de alum\u00ednio de 2 mm, enchimento, tesoura, marcadores de pontos, alfinetes de costura, l\u00e1pis, r\u00e9guas, cartolina de 1 mm, cartolina de 3 mm, compensado de 20 mm (+ ferramentas para cort\u00e1-lo), parafusos + chave de fenda, agulha de tape\u00e7aria, cola, pistola de cola, tela pl\u00e1stica (pode ser substitu\u00edda por cartolina de 1 mm), caneta vermelha, feltro marrom escuro<\/p>\n<p style=\"font-weight: 400;\">Direitos autorais e informa\u00e7\u00f5es de ajuda:<\/p>\n<p style=\"font-weight: 400;\">Este padr\u00e3o \u00e9 um padr\u00e3o escrito (digital) com muitas imagens para ajud\u00e1-lo. Se tiver d\u00favidas sobre o padr\u00e3o, envie-me um e-mail para <a href=\"mailto:craftygenesindonesia@gmail.com\">craftygenesindonesia@gmail.com<\/a> <\/p>\n<p style=\"font-weight: 400;\"><strong>Este padr\u00e3o digital de croch\u00ea \u00e9 apenas para uso pessoal e est\u00e1 protegido por direitos autorais. Portanto, voc\u00ea n\u00e3o pode copiar, vender, revender, traduzir, reivindicar como seu pr\u00f3prio design, distribuir, compartilhar, publicar, postar&#8230; de nenhuma forma ou maneira sem a minha permiss\u00e3o. Nem mesmo uma parte dele!  <\/strong><\/p>\n<p style=\"font-weight: 400;\"><strong> <\/strong><\/p>\n<p><strong>Voc\u00ea pode vender o produto ou item acabado, em pequenas quantidades, mas n\u00e3o pode vender o padr\u00e3o de croch\u00ea em si! Mencione que o padr\u00e3o de croch\u00ea \u00e9 da minha autoria, Craftygenesindonesia, e onde pode ser adquirido. <\/strong><\/p>\n","protected":false},"excerpt":{"rendered":"<p>Crie uma decora\u00e7\u00e3o artesanal cheia de significado com este conjunto de 3 padr\u00f5es de croch\u00ea inspirados na hist\u00f3ria da P\u00e1scoa. Este conjunto inclui desenhos da crucifica\u00e7\u00e3o, ressurrei\u00e7\u00e3o e ascens\u00e3o, al\u00e9m de bonecos detalhados de Maria, Maria Madalena, S\u00e3o Jo\u00e3o Ap\u00f3stolo e S\u00e3o Pedro Ap\u00f3stolo. <\/p>\n<p>Com instru\u00e7\u00f5es claras e passo a passo, voc\u00ea pode dar vida a cada cena e criar um conjunto completo e simb\u00f3lico \u2014 perfeito como pe\u00e7a decorativa ou decora\u00e7\u00e3o sazonal com um toque pessoal e artesanal.<\/p>\n","protected":false},"featured_media":987540246,"comment_status":"open","ping_status":"closed","template":"","meta":{"_acf_changed":false},"product_brand":[],"product_cat":[12959,12982],"product_tag":[13697,12992,12989,12984,13718,13693,12987,13694,13695,13719,12991],"class_list":{"0":"post-987540289","1":"product","2":"type-product","3":"status-publish","4":"has-post-thumbnail","6":"product_cat-padroes-de-croche-para-a-pascoa","7":"product_cat-padroes-de-croche-religiosos","8":"product_tag-apostolo","9":"product_tag-catolico","10":"product_tag-cristao","11":"product_tag-jesus","12":"product_tag-jesus-cristo","13":"product_tag-maria-madalena","14":"product_tag-santa-maria","15":"product_tag-sao-joao","16":"product_tag-sao-pedro","17":"product_tag-simon","18":"product_tag-virgem-maria","19":"pa_available_on-craftygenesindonesia","20":"pa_available_on-etsy","21":"pa_available_on-haked-nl","22":"pa_available_on-payhip","23":"pa_available_on-ravelry","24":"pa_languages-alemao","25":"pa_languages-espanhol","26":"pa_languages-frances","27":"pa_languages-holandes","28":"pa_languages-ingles-dos-eua","30":"first","31":"instock","32":"downloadable","33":"virtual","34":"purchasable","35":"product-type-simple"},"acf":[],"yoast_head":"<!-- This site is optimized with the Yoast SEO plugin v27.4 - https:\/\/yoast.com\/product\/yoast-seo-wordpress\/ -->\n<title>Jesus 3em1 - Craftygenesindonesia<\/title>\n<meta name=\"robots\" content=\"index, follow, max-snippet:-1, max-image-preview:large, max-video-preview:-1\" \/>\n<link rel=\"canonical\" href=\"https:\/\/craftygenesindonesia.com\/pt-br\/shop\/padroes-de-croche-para-a-pascoa\/jesus-3em1\/\" \/>\n<meta property=\"og:locale\" content=\"pt_BR\" \/>\n<meta property=\"og:type\" content=\"article\" \/>\n<meta property=\"og:title\" content=\"Jesus 3em1 - Craftygenesindonesia\" \/>\n<meta property=\"og:description\" content=\"Crie uma decora\u00e7\u00e3o artesanal cheia de significado com este conjunto de 3 padr\u00f5es de croch\u00ea inspirados na hist\u00f3ria da P\u00e1scoa. Este conjunto inclui desenhos da crucifica\u00e7\u00e3o, ressurrei\u00e7\u00e3o e ascens\u00e3o, al\u00e9m de bonecos detalhados de Maria, Maria Madalena, S\u00e3o Jo\u00e3o Ap\u00f3stolo e S\u00e3o Pedro Ap\u00f3stolo.  Com instru\u00e7\u00f5es claras e passo a passo, voc\u00ea pode dar vida a cada cena e criar um conjunto completo e simb\u00f3lico \u2014 perfeito como pe\u00e7a decorativa ou decora\u00e7\u00e3o sazonal com um toque pessoal e artesanal.\" \/>\n<meta property=\"og:url\" content=\"https:\/\/craftygenesindonesia.com\/pt-br\/shop\/padroes-de-croche-para-a-pascoa\/jesus-3em1\/\" \/>\n<meta property=\"og:site_name\" content=\"Craftygenesindonesia\" \/>\n<meta property=\"og:image\" content=\"https:\/\/craftygenesindonesia.com\/wp-content\/uploads\/2026\/03\/1.png\" \/>\n\t<meta property=\"og:image:width\" content=\"1080\" \/>\n\t<meta property=\"og:image:height\" content=\"1080\" \/>\n\t<meta property=\"og:image:type\" content=\"image\/png\" \/>\n<meta name=\"twitter:card\" content=\"summary_large_image\" \/>\n<meta name=\"twitter:label1\" content=\"Est. tempo de leitura\" \/>\n\t<meta name=\"twitter:data1\" content=\"1 minuto\" \/>\n<script type=\"application\/ld+json\" class=\"yoast-schema-graph\">{\"@context\":\"https:\\\/\\\/schema.org\",\"@graph\":[{\"@type\":\"WebPage\",\"@id\":\"https:\\\/\\\/craftygenesindonesia.com\\\/pt-br\\\/shop\\\/padroes-de-croche-para-a-pascoa\\\/jesus-3em1\\\/\",\"url\":\"https:\\\/\\\/craftygenesindonesia.com\\\/pt-br\\\/shop\\\/padroes-de-croche-para-a-pascoa\\\/jesus-3em1\\\/\",\"name\":\"Jesus 3em1 - Craftygenesindonesia\",\"isPartOf\":{\"@id\":\"https:\\\/\\\/craftygenesindonesia.com\\\/pt-br\\\/#website\"},\"primaryImageOfPage\":{\"@id\":\"https:\\\/\\\/craftygenesindonesia.com\\\/pt-br\\\/shop\\\/padroes-de-croche-para-a-pascoa\\\/jesus-3em1\\\/#primaryimage\"},\"image\":{\"@id\":\"https:\\\/\\\/craftygenesindonesia.com\\\/pt-br\\\/shop\\\/padroes-de-croche-para-a-pascoa\\\/jesus-3em1\\\/#primaryimage\"},\"thumbnailUrl\":\"https:\\\/\\\/craftygenesindonesia.com\\\/wp-content\\\/uploads\\\/2026\\\/03\\\/1.png\",\"datePublished\":\"2026-03-25T12:01:46+00:00\",\"breadcrumb\":{\"@id\":\"https:\\\/\\\/craftygenesindonesia.com\\\/pt-br\\\/shop\\\/padroes-de-croche-para-a-pascoa\\\/jesus-3em1\\\/#breadcrumb\"},\"inLanguage\":\"pt-BR\",\"potentialAction\":[{\"@type\":\"ReadAction\",\"target\":[\"https:\\\/\\\/craftygenesindonesia.com\\\/pt-br\\\/shop\\\/padroes-de-croche-para-a-pascoa\\\/jesus-3em1\\\/\"]}]},{\"@type\":\"ImageObject\",\"inLanguage\":\"pt-BR\",\"@id\":\"https:\\\/\\\/craftygenesindonesia.com\\\/pt-br\\\/shop\\\/padroes-de-croche-para-a-pascoa\\\/jesus-3em1\\\/#primaryimage\",\"url\":\"https:\\\/\\\/craftygenesindonesia.com\\\/wp-content\\\/uploads\\\/2026\\\/03\\\/1.png\",\"contentUrl\":\"https:\\\/\\\/craftygenesindonesia.com\\\/wp-content\\\/uploads\\\/2026\\\/03\\\/1.png\",\"width\":1080,\"height\":1080,\"caption\":\"Conjunto 3 em 1 de croch\u00ea com o crucifixo de Jesus, a ressurrei\u00e7\u00e3o e a ascens\u00e3o. Inclui figuras de croch\u00ea de Jesus, Maria, Maria Madalena, o ap\u00f3stolo Jo\u00e3o e o ap\u00f3stolo Pedro\"},{\"@type\":\"BreadcrumbList\",\"@id\":\"https:\\\/\\\/craftygenesindonesia.com\\\/pt-br\\\/shop\\\/padroes-de-croche-para-a-pascoa\\\/jesus-3em1\\\/#breadcrumb\",\"itemListElement\":[{\"@type\":\"ListItem\",\"position\":1,\"name\":\"Home\",\"item\":\"https:\\\/\\\/craftygenesindonesia.com\\\/pt-br\\\/\"},{\"@type\":\"ListItem\",\"position\":2,\"name\":\"Loja de moldes\",\"item\":\"https:\\\/\\\/craftygenesindonesia.com\\\/pt-br\\\/loja-de-moldes\\\/\"},{\"@type\":\"ListItem\",\"position\":3,\"name\":\"Jesus 3em1\"}]},{\"@type\":\"WebSite\",\"@id\":\"https:\\\/\\\/craftygenesindonesia.com\\\/pt-br\\\/#website\",\"url\":\"https:\\\/\\\/craftygenesindonesia.com\\\/pt-br\\\/\",\"name\":\"Craftygenesindonesia\",\"description\":\"\",\"publisher\":{\"@id\":\"https:\\\/\\\/craftygenesindonesia.com\\\/pt-br\\\/#organization\"},\"potentialAction\":[{\"@type\":\"SearchAction\",\"target\":{\"@type\":\"EntryPoint\",\"urlTemplate\":\"https:\\\/\\\/craftygenesindonesia.com\\\/pt-br\\\/?s={search_term_string}\"},\"query-input\":{\"@type\":\"PropertyValueSpecification\",\"valueRequired\":true,\"valueName\":\"search_term_string\"}}],\"inLanguage\":\"pt-BR\"},{\"@type\":\"Organization\",\"@id\":\"https:\\\/\\\/craftygenesindonesia.com\\\/pt-br\\\/#organization\",\"name\":\"Craftygenesindonesia\",\"url\":\"https:\\\/\\\/craftygenesindonesia.com\\\/pt-br\\\/\",\"logo\":{\"@type\":\"ImageObject\",\"inLanguage\":\"pt-BR\",\"@id\":\"https:\\\/\\\/craftygenesindonesia.com\\\/pt-br\\\/#\\\/schema\\\/logo\\\/image\\\/\",\"url\":\"https:\\\/\\\/craftygenesindonesia.com\\\/wp-content\\\/uploads\\\/2025\\\/11\\\/cropped-Copy-of-Craftygenesindonesia.jpg\",\"contentUrl\":\"https:\\\/\\\/craftygenesindonesia.com\\\/wp-content\\\/uploads\\\/2025\\\/11\\\/cropped-Copy-of-Craftygenesindonesia.jpg\",\"width\":180,\"height\":60,\"caption\":\"Craftygenesindonesia\"},\"image\":{\"@id\":\"https:\\\/\\\/craftygenesindonesia.com\\\/pt-br\\\/#\\\/schema\\\/logo\\\/image\\\/\"}}]}<\/script>\n<!-- \/ Yoast SEO plugin. -->","yoast_head_json":{"title":"Jesus 3em1 - Craftygenesindonesia","robots":{"index":"index","follow":"follow","max-snippet":"max-snippet:-1","max-image-preview":"max-image-preview:large","max-video-preview":"max-video-preview:-1"},"canonical":"https:\/\/craftygenesindonesia.com\/pt-br\/shop\/padroes-de-croche-para-a-pascoa\/jesus-3em1\/","og_locale":"pt_BR","og_type":"article","og_title":"Jesus 3em1 - Craftygenesindonesia","og_description":"Crie uma decora\u00e7\u00e3o artesanal cheia de significado com este conjunto de 3 padr\u00f5es de croch\u00ea inspirados na hist\u00f3ria da P\u00e1scoa. Este conjunto inclui desenhos da crucifica\u00e7\u00e3o, ressurrei\u00e7\u00e3o e ascens\u00e3o, al\u00e9m de bonecos detalhados de Maria, Maria Madalena, S\u00e3o Jo\u00e3o Ap\u00f3stolo e S\u00e3o Pedro Ap\u00f3stolo.  Com instru\u00e7\u00f5es claras e passo a passo, voc\u00ea pode dar vida a cada cena e criar um conjunto completo e simb\u00f3lico \u2014 perfeito como pe\u00e7a decorativa ou decora\u00e7\u00e3o sazonal com um toque pessoal e artesanal.","og_url":"https:\/\/craftygenesindonesia.com\/pt-br\/shop\/padroes-de-croche-para-a-pascoa\/jesus-3em1\/","og_site_name":"Craftygenesindonesia","og_image":[{"width":1080,"height":1080,"url":"https:\/\/craftygenesindonesia.com\/wp-content\/uploads\/2026\/03\/1.png","type":"image\/png"}],"twitter_card":"summary_large_image","twitter_misc":{"Est. tempo de leitura":"1 minuto"},"schema":{"@context":"https:\/\/schema.org","@graph":[{"@type":"WebPage","@id":"https:\/\/craftygenesindonesia.com\/pt-br\/shop\/padroes-de-croche-para-a-pascoa\/jesus-3em1\/","url":"https:\/\/craftygenesindonesia.com\/pt-br\/shop\/padroes-de-croche-para-a-pascoa\/jesus-3em1\/","name":"Jesus 3em1 - Craftygenesindonesia","isPartOf":{"@id":"https:\/\/craftygenesindonesia.com\/pt-br\/#website"},"primaryImageOfPage":{"@id":"https:\/\/craftygenesindonesia.com\/pt-br\/shop\/padroes-de-croche-para-a-pascoa\/jesus-3em1\/#primaryimage"},"image":{"@id":"https:\/\/craftygenesindonesia.com\/pt-br\/shop\/padroes-de-croche-para-a-pascoa\/jesus-3em1\/#primaryimage"},"thumbnailUrl":"https:\/\/craftygenesindonesia.com\/wp-content\/uploads\/2026\/03\/1.png","datePublished":"2026-03-25T12:01:46+00:00","breadcrumb":{"@id":"https:\/\/craftygenesindonesia.com\/pt-br\/shop\/padroes-de-croche-para-a-pascoa\/jesus-3em1\/#breadcrumb"},"inLanguage":"pt-BR","potentialAction":[{"@type":"ReadAction","target":["https:\/\/craftygenesindonesia.com\/pt-br\/shop\/padroes-de-croche-para-a-pascoa\/jesus-3em1\/"]}]},{"@type":"ImageObject","inLanguage":"pt-BR","@id":"https:\/\/craftygenesindonesia.com\/pt-br\/shop\/padroes-de-croche-para-a-pascoa\/jesus-3em1\/#primaryimage","url":"https:\/\/craftygenesindonesia.com\/wp-content\/uploads\/2026\/03\/1.png","contentUrl":"https:\/\/craftygenesindonesia.com\/wp-content\/uploads\/2026\/03\/1.png","width":1080,"height":1080,"caption":"Conjunto 3 em 1 de croch\u00ea com o crucifixo de Jesus, a ressurrei\u00e7\u00e3o e a ascens\u00e3o. Inclui figuras de croch\u00ea de Jesus, Maria, Maria Madalena, o ap\u00f3stolo Jo\u00e3o e o ap\u00f3stolo Pedro"},{"@type":"BreadcrumbList","@id":"https:\/\/craftygenesindonesia.com\/pt-br\/shop\/padroes-de-croche-para-a-pascoa\/jesus-3em1\/#breadcrumb","itemListElement":[{"@type":"ListItem","position":1,"name":"Home","item":"https:\/\/craftygenesindonesia.com\/pt-br\/"},{"@type":"ListItem","position":2,"name":"Loja de moldes","item":"https:\/\/craftygenesindonesia.com\/pt-br\/loja-de-moldes\/"},{"@type":"ListItem","position":3,"name":"Jesus 3em1"}]},{"@type":"WebSite","@id":"https:\/\/craftygenesindonesia.com\/pt-br\/#website","url":"https:\/\/craftygenesindonesia.com\/pt-br\/","name":"Craftygenesindonesia","description":"","publisher":{"@id":"https:\/\/craftygenesindonesia.com\/pt-br\/#organization"},"potentialAction":[{"@type":"SearchAction","target":{"@type":"EntryPoint","urlTemplate":"https:\/\/craftygenesindonesia.com\/pt-br\/?s={search_term_string}"},"query-input":{"@type":"PropertyValueSpecification","valueRequired":true,"valueName":"search_term_string"}}],"inLanguage":"pt-BR"},{"@type":"Organization","@id":"https:\/\/craftygenesindonesia.com\/pt-br\/#organization","name":"Craftygenesindonesia","url":"https:\/\/craftygenesindonesia.com\/pt-br\/","logo":{"@type":"ImageObject","inLanguage":"pt-BR","@id":"https:\/\/craftygenesindonesia.com\/pt-br\/#\/schema\/logo\/image\/","url":"https:\/\/craftygenesindonesia.com\/wp-content\/uploads\/2025\/11\/cropped-Copy-of-Craftygenesindonesia.jpg","contentUrl":"https:\/\/craftygenesindonesia.com\/wp-content\/uploads\/2025\/11\/cropped-Copy-of-Craftygenesindonesia.jpg","width":180,"height":60,"caption":"Craftygenesindonesia"},"image":{"@id":"https:\/\/craftygenesindonesia.com\/pt-br\/#\/schema\/logo\/image\/"}}]}},"_links":{"self":[{"href":"https:\/\/craftygenesindonesia.com\/pt-br\/wp-json\/wp\/v2\/product\/987540289","targetHints":{"allow":["GET"]}}],"collection":[{"href":"https:\/\/craftygenesindonesia.com\/pt-br\/wp-json\/wp\/v2\/product"}],"about":[{"href":"https:\/\/craftygenesindonesia.com\/pt-br\/wp-json\/wp\/v2\/types\/product"}],"replies":[{"embeddable":true,"href":"https:\/\/craftygenesindonesia.com\/pt-br\/wp-json\/wp\/v2\/comments?post=987540289"}],"wp:featuredmedia":[{"embeddable":true,"href":"https:\/\/craftygenesindonesia.com\/pt-br\/wp-json\/wp\/v2\/media\/987540246"}],"wp:attachment":[{"href":"https:\/\/craftygenesindonesia.com\/pt-br\/wp-json\/wp\/v2\/media?parent=987540289"}],"wp:term":[{"taxonomy":"product_brand","embeddable":true,"href":"https:\/\/craftygenesindonesia.com\/pt-br\/wp-json\/wp\/v2\/product_brand?post=987540289"},{"taxonomy":"product_cat","embeddable":true,"href":"https:\/\/craftygenesindonesia.com\/pt-br\/wp-json\/wp\/v2\/product_cat?post=987540289"},{"taxonomy":"product_tag","embeddable":true,"href":"https:\/\/craftygenesindonesia.com\/pt-br\/wp-json\/wp\/v2\/product_tag?post=987540289"}],"curies":[{"name":"wp","href":"https:\/\/api.w.org\/{rel}","templated":true}]}}