{"id":987538023,"date":"2024-08-30T12:30:43","date_gmt":"2024-08-30T04:30:43","guid":{"rendered":"https:\/\/craftygenesindonesia.com\/shop\/sem%20categoria\/para-todas-as-nossas-senhoras-guardias-trico\/"},"modified":"2026-03-23T11:09:11","modified_gmt":"2026-03-23T03:09:11","slug":"para-todas-as-nossas-senhoras-guardias-trico","status":"publish","type":"product","link":"https:\/\/craftygenesindonesia.com\/pt-br\/shop\/padroes-de-trico\/para-todas-as-nossas-senhoras-guardias-trico\/","title":{"rendered":"Para todas as nossas senhoras guardi\u00e3s (tric\u00f4)"},"content":{"rendered":"<p>Tamanho: cada boneca tem 27,5 cm de altura (elas ficar\u00e3o 15% menores se voc\u00ea usar fios finos, como Catona).<\/p>\n<p>&nbsp;<\/p>\n<p>Fio: Fio DK (como Scheepjes Softfun) nas seguintes cores: cor da pele, branco, castanho, preto, bege, castanho escuro, azul, azul claro, cinzento, vermelho<\/p>\n<p>&nbsp;<\/p>\n<p>Agulhas de tric\u00f4: Agulhas de tric\u00f4 retas de 2,5 mm<\/p>\n<p>&nbsp;<\/p>\n<p>Voc\u00ea tamb\u00e9m precisar\u00e1 de: enchimento, agulha de cerzir, tesoura, l\u00e1pis, r\u00e9gua, cola, fio de alum\u00ednio (de florista) com 1,5 mm de espessura, alicate, papel\u00e3o com 5 mm de espessura, dois bot\u00f5es pretos de 12 mm ou olhos de boneca com parte traseira plana, 3 cotonetes (para garantir que as cabe\u00e7as n\u00e3o caiam), um peda\u00e7o de feltro (a cor n\u00e3o \u00e9 importante, pois \u00e9 para a parte inferior da plataforma, que ningu\u00e9m v\u00ea), alfinetes de cabe\u00e7a<\/p>\n<p>&nbsp;<\/p>\n<p>Este padr\u00e3o \u00e9 um padr\u00e3o escrito com muitas imagens para ajud\u00e1-lo. Se tiver alguma d\u00favida, envie-me uma mensagem para: craftygenesindonesia@gmail.com<\/p>\n<p>&nbsp;<\/p>\n<p><strong>-Este padr\u00e3o \u00e9 apenas para uso pessoal e est\u00e1 protegido por direitos autorais. Portanto, o padr\u00e3o N\u00c3O pode ser copiado, vendido, revendido, traduzido, reivindicado como seu design, distribu\u00eddo, compartilhado, publicado ou postado online de qualquer forma sem a minha permiss\u00e3o. Nem mesmo parte disso!!!<\/strong><\/p>\n<p>&nbsp;<\/p>\n<p><strong>-Voc\u00ea pode vender o produto final em pequenas quantidades, mas n\u00e3o o padr\u00e3o de croch\u00ea em si! Mencione que o padr\u00e3o de croch\u00ea \u00e9 da Craftygenesindonesia e onde ele pode ser adquirido. <\/strong><\/p>\n","protected":false},"excerpt":{"rendered":"<p>Este padr\u00e3o de tric\u00f4 \u00e9 \u00f3timo para quem deseja homenagear as muitas mulheres que servem ou serviram. \u00c9 um padr\u00e3o de tric\u00f4 f\u00e1cil, feito apenas com agulhas de tric\u00f4 retas.<\/p>\n","protected":false},"featured_media":987538024,"comment_status":"open","ping_status":"closed","template":"","meta":{"_acf_changed":false},"product_brand":[],"product_cat":[13019,13013],"product_tag":[13123,13343,13034,13122,13032,13342,13325,13451,13085,13124,13125,13450,13051],"class_list":{"0":"post-987538023","1":"product","2":"type-product","3":"status-publish","4":"has-post-thumbnail","6":"product_cat-militar","7":"product_cat-padroes-de-trico","8":"product_tag-dia-da-memoria","9":"product_tag-dia-da-memoria-2","10":"product_tag-dia-do-armisticio","11":"product_tag-exercito","12":"product_tag-forca-aerea","13":"product_tag-marinha-2","14":"product_tag-marinha","15":"product_tag-marinheiro","16":"product_tag-memorial","17":"product_tag-militar","18":"product_tag-papoula","19":"product_tag-piloto","20":"product_tag-soldado","21":"pa_available_on-craftygenesindonesia","22":"pa_available_on-etsy","23":"pa_available_on-haked-nl","24":"pa_available_on-payhip","25":"pa_available_on-ravelry","26":"pa_languages-espanhol","27":"pa_languages-frances","28":"pa_languages-holandes","29":"pa_languages-ingles-dos-eua","31":"first","32":"instock","33":"downloadable","34":"virtual","35":"purchasable","36":"product-type-simple"},"acf":[],"yoast_head":"<!-- This site is optimized with the Yoast SEO plugin v27.4 - https:\/\/yoast.com\/product\/yoast-seo-wordpress\/ -->\n<title>Para todas as nossas senhoras guardi\u00e3s (tric\u00f4) - Craftygenesindonesia<\/title>\n<meta name=\"description\" content=\"Compre aqui o meu padr\u00e3o de tric\u00f4 militar \u201cPara todas as nossas senhoras guardi\u00e3s\u201d. O padr\u00e3o de tric\u00f4 f\u00e1cil de seguir tamb\u00e9m est\u00e1 dispon\u00edvel no Etsy, Haked,nl, Ravelry.\" \/>\n<meta name=\"robots\" content=\"index, follow, max-snippet:-1, max-image-preview:large, max-video-preview:-1\" \/>\n<link rel=\"canonical\" href=\"https:\/\/craftygenesindonesia.com\/pt-br\/shop\/padroes-de-trico\/para-todas-as-nossas-senhoras-guardias-trico\/\" \/>\n<meta property=\"og:locale\" content=\"pt_BR\" \/>\n<meta property=\"og:type\" content=\"article\" \/>\n<meta property=\"og:title\" content=\"Para todas as nossas senhoras guardi\u00e3s - padr\u00e3o de tric\u00f4 militar\" \/>\n<meta property=\"og:description\" content=\"Compre aqui o meu padr\u00e3o de tric\u00f4 militar \u201cPara todas as nossas senhoras guardi\u00e3s\u201d. O padr\u00e3o de tric\u00f4 f\u00e1cil de seguir tamb\u00e9m est\u00e1 dispon\u00edvel no Etsy, Haked,nl, Ravelry.\" \/>\n<meta property=\"og:url\" content=\"https:\/\/craftygenesindonesia.com\/pt-br\/shop\/padroes-de-trico\/para-todas-as-nossas-senhoras-guardias-trico\/\" \/>\n<meta property=\"og:site_name\" content=\"Craftygenesindonesia\" \/>\n<meta property=\"article:modified_time\" content=\"2026-03-23T03:09:11+00:00\" \/>\n<meta property=\"og:image\" content=\"https:\/\/craftygenesindonesia.com\/wp-content\/uploads\/2024\/08\/For-All-Our-Guardian-Ladies-300x300.jpg\" \/>\n<meta name=\"twitter:card\" content=\"summary_large_image\" \/>\n<meta name=\"twitter:label1\" content=\"Est. tempo de leitura\" \/>\n\t<meta name=\"twitter:data1\" content=\"2 minutos\" \/>\n<script type=\"application\/ld+json\" class=\"yoast-schema-graph\">{\"@context\":\"https:\\\/\\\/schema.org\",\"@graph\":[{\"@type\":\"WebPage\",\"@id\":\"https:\\\/\\\/craftygenesindonesia.com\\\/pt-br\\\/shop\\\/padroes-de-trico\\\/para-todas-as-nossas-senhoras-guardias-trico\\\/\",\"url\":\"https:\\\/\\\/craftygenesindonesia.com\\\/pt-br\\\/shop\\\/padroes-de-trico\\\/para-todas-as-nossas-senhoras-guardias-trico\\\/\",\"name\":\"Para todas as nossas senhoras guardi\u00e3s (tric\u00f4) - Craftygenesindonesia\",\"isPartOf\":{\"@id\":\"https:\\\/\\\/craftygenesindonesia.com\\\/pt-br\\\/#website\"},\"primaryImageOfPage\":{\"@id\":\"https:\\\/\\\/craftygenesindonesia.com\\\/pt-br\\\/shop\\\/padroes-de-trico\\\/para-todas-as-nossas-senhoras-guardias-trico\\\/#primaryimage\"},\"image\":{\"@id\":\"https:\\\/\\\/craftygenesindonesia.com\\\/pt-br\\\/shop\\\/padroes-de-trico\\\/para-todas-as-nossas-senhoras-guardias-trico\\\/#primaryimage\"},\"thumbnailUrl\":\"https:\\\/\\\/craftygenesindonesia.com\\\/wp-content\\\/uploads\\\/2024\\\/08\\\/For-All-Our-Guardian-Ladies.jpg\",\"datePublished\":\"2024-08-30T04:30:43+00:00\",\"dateModified\":\"2026-03-23T03:09:11+00:00\",\"description\":\"Compre aqui o meu padr\u00e3o de tric\u00f4 militar \u201cPara todas as nossas senhoras guardi\u00e3s\u201d. O padr\u00e3o de tric\u00f4 f\u00e1cil de seguir tamb\u00e9m est\u00e1 dispon\u00edvel no Etsy, Haked,nl, Ravelry.\",\"breadcrumb\":{\"@id\":\"https:\\\/\\\/craftygenesindonesia.com\\\/pt-br\\\/shop\\\/padroes-de-trico\\\/para-todas-as-nossas-senhoras-guardias-trico\\\/#breadcrumb\"},\"inLanguage\":\"pt-BR\",\"potentialAction\":[{\"@type\":\"ReadAction\",\"target\":[\"https:\\\/\\\/craftygenesindonesia.com\\\/pt-br\\\/shop\\\/padroes-de-trico\\\/para-todas-as-nossas-senhoras-guardias-trico\\\/\"]}]},{\"@type\":\"ImageObject\",\"inLanguage\":\"pt-BR\",\"@id\":\"https:\\\/\\\/craftygenesindonesia.com\\\/pt-br\\\/shop\\\/padroes-de-trico\\\/para-todas-as-nossas-senhoras-guardias-trico\\\/#primaryimage\",\"url\":\"https:\\\/\\\/craftygenesindonesia.com\\\/wp-content\\\/uploads\\\/2024\\\/08\\\/For-All-Our-Guardian-Ladies.jpg\",\"contentUrl\":\"https:\\\/\\\/craftygenesindonesia.com\\\/wp-content\\\/uploads\\\/2024\\\/08\\\/For-All-Our-Guardian-Ladies.jpg\",\"width\":1080,\"height\":1080,\"caption\":\"soldado de malha, piloto de malha, marinheiro de malha, papoula de malha\"},{\"@type\":\"BreadcrumbList\",\"@id\":\"https:\\\/\\\/craftygenesindonesia.com\\\/pt-br\\\/shop\\\/padroes-de-trico\\\/para-todas-as-nossas-senhoras-guardias-trico\\\/#breadcrumb\",\"itemListElement\":[{\"@type\":\"ListItem\",\"position\":1,\"name\":\"Home\",\"item\":\"https:\\\/\\\/craftygenesindonesia.com\\\/pt-br\\\/\"},{\"@type\":\"ListItem\",\"position\":2,\"name\":\"Loja de moldes\",\"item\":\"https:\\\/\\\/craftygenesindonesia.com\\\/pt-br\\\/loja-de-moldes\\\/\"},{\"@type\":\"ListItem\",\"position\":3,\"name\":\"Para todas as nossas senhoras guardi\u00e3s (tric\u00f4)\"}]},{\"@type\":\"WebSite\",\"@id\":\"https:\\\/\\\/craftygenesindonesia.com\\\/pt-br\\\/#website\",\"url\":\"https:\\\/\\\/craftygenesindonesia.com\\\/pt-br\\\/\",\"name\":\"Craftygenesindonesia\",\"description\":\"\",\"publisher\":{\"@id\":\"https:\\\/\\\/craftygenesindonesia.com\\\/pt-br\\\/#organization\"},\"potentialAction\":[{\"@type\":\"SearchAction\",\"target\":{\"@type\":\"EntryPoint\",\"urlTemplate\":\"https:\\\/\\\/craftygenesindonesia.com\\\/pt-br\\\/?s={search_term_string}\"},\"query-input\":{\"@type\":\"PropertyValueSpecification\",\"valueRequired\":true,\"valueName\":\"search_term_string\"}}],\"inLanguage\":\"pt-BR\"},{\"@type\":\"Organization\",\"@id\":\"https:\\\/\\\/craftygenesindonesia.com\\\/pt-br\\\/#organization\",\"name\":\"Craftygenesindonesia\",\"url\":\"https:\\\/\\\/craftygenesindonesia.com\\\/pt-br\\\/\",\"logo\":{\"@type\":\"ImageObject\",\"inLanguage\":\"pt-BR\",\"@id\":\"https:\\\/\\\/craftygenesindonesia.com\\\/pt-br\\\/#\\\/schema\\\/logo\\\/image\\\/\",\"url\":\"https:\\\/\\\/craftygenesindonesia.com\\\/wp-content\\\/uploads\\\/2025\\\/11\\\/cropped-Copy-of-Craftygenesindonesia.jpg\",\"contentUrl\":\"https:\\\/\\\/craftygenesindonesia.com\\\/wp-content\\\/uploads\\\/2025\\\/11\\\/cropped-Copy-of-Craftygenesindonesia.jpg\",\"width\":180,\"height\":60,\"caption\":\"Craftygenesindonesia\"},\"image\":{\"@id\":\"https:\\\/\\\/craftygenesindonesia.com\\\/pt-br\\\/#\\\/schema\\\/logo\\\/image\\\/\"}}]}<\/script>\n<!-- \/ Yoast SEO plugin. -->","yoast_head_json":{"title":"Para todas as nossas senhoras guardi\u00e3s (tric\u00f4) - Craftygenesindonesia","description":"Compre aqui o meu padr\u00e3o de tric\u00f4 militar \u201cPara todas as nossas senhoras guardi\u00e3s\u201d. O padr\u00e3o de tric\u00f4 f\u00e1cil de seguir tamb\u00e9m est\u00e1 dispon\u00edvel no Etsy, Haked,nl, Ravelry.","robots":{"index":"index","follow":"follow","max-snippet":"max-snippet:-1","max-image-preview":"max-image-preview:large","max-video-preview":"max-video-preview:-1"},"canonical":"https:\/\/craftygenesindonesia.com\/pt-br\/shop\/padroes-de-trico\/para-todas-as-nossas-senhoras-guardias-trico\/","og_locale":"pt_BR","og_type":"article","og_title":"Para todas as nossas senhoras guardi\u00e3s - padr\u00e3o de tric\u00f4 militar","og_description":"Compre aqui o meu padr\u00e3o de tric\u00f4 militar \u201cPara todas as nossas senhoras guardi\u00e3s\u201d. O padr\u00e3o de tric\u00f4 f\u00e1cil de seguir tamb\u00e9m est\u00e1 dispon\u00edvel no Etsy, Haked,nl, Ravelry.","og_url":"https:\/\/craftygenesindonesia.com\/pt-br\/shop\/padroes-de-trico\/para-todas-as-nossas-senhoras-guardias-trico\/","og_site_name":"Craftygenesindonesia","article_modified_time":"2026-03-23T03:09:11+00:00","og_image":[{"url":"https:\/\/craftygenesindonesia.com\/wp-content\/uploads\/2024\/08\/For-All-Our-Guardian-Ladies-300x300.jpg","type":"","width":"","height":""}],"twitter_card":"summary_large_image","twitter_misc":{"Est. tempo de leitura":"2 minutos"},"schema":{"@context":"https:\/\/schema.org","@graph":[{"@type":"WebPage","@id":"https:\/\/craftygenesindonesia.com\/pt-br\/shop\/padroes-de-trico\/para-todas-as-nossas-senhoras-guardias-trico\/","url":"https:\/\/craftygenesindonesia.com\/pt-br\/shop\/padroes-de-trico\/para-todas-as-nossas-senhoras-guardias-trico\/","name":"Para todas as nossas senhoras guardi\u00e3s (tric\u00f4) - Craftygenesindonesia","isPartOf":{"@id":"https:\/\/craftygenesindonesia.com\/pt-br\/#website"},"primaryImageOfPage":{"@id":"https:\/\/craftygenesindonesia.com\/pt-br\/shop\/padroes-de-trico\/para-todas-as-nossas-senhoras-guardias-trico\/#primaryimage"},"image":{"@id":"https:\/\/craftygenesindonesia.com\/pt-br\/shop\/padroes-de-trico\/para-todas-as-nossas-senhoras-guardias-trico\/#primaryimage"},"thumbnailUrl":"https:\/\/craftygenesindonesia.com\/wp-content\/uploads\/2024\/08\/For-All-Our-Guardian-Ladies.jpg","datePublished":"2024-08-30T04:30:43+00:00","dateModified":"2026-03-23T03:09:11+00:00","description":"Compre aqui o meu padr\u00e3o de tric\u00f4 militar \u201cPara todas as nossas senhoras guardi\u00e3s\u201d. O padr\u00e3o de tric\u00f4 f\u00e1cil de seguir tamb\u00e9m est\u00e1 dispon\u00edvel no Etsy, Haked,nl, Ravelry.","breadcrumb":{"@id":"https:\/\/craftygenesindonesia.com\/pt-br\/shop\/padroes-de-trico\/para-todas-as-nossas-senhoras-guardias-trico\/#breadcrumb"},"inLanguage":"pt-BR","potentialAction":[{"@type":"ReadAction","target":["https:\/\/craftygenesindonesia.com\/pt-br\/shop\/padroes-de-trico\/para-todas-as-nossas-senhoras-guardias-trico\/"]}]},{"@type":"ImageObject","inLanguage":"pt-BR","@id":"https:\/\/craftygenesindonesia.com\/pt-br\/shop\/padroes-de-trico\/para-todas-as-nossas-senhoras-guardias-trico\/#primaryimage","url":"https:\/\/craftygenesindonesia.com\/wp-content\/uploads\/2024\/08\/For-All-Our-Guardian-Ladies.jpg","contentUrl":"https:\/\/craftygenesindonesia.com\/wp-content\/uploads\/2024\/08\/For-All-Our-Guardian-Ladies.jpg","width":1080,"height":1080,"caption":"soldado de malha, piloto de malha, marinheiro de malha, papoula de malha"},{"@type":"BreadcrumbList","@id":"https:\/\/craftygenesindonesia.com\/pt-br\/shop\/padroes-de-trico\/para-todas-as-nossas-senhoras-guardias-trico\/#breadcrumb","itemListElement":[{"@type":"ListItem","position":1,"name":"Home","item":"https:\/\/craftygenesindonesia.com\/pt-br\/"},{"@type":"ListItem","position":2,"name":"Loja de moldes","item":"https:\/\/craftygenesindonesia.com\/pt-br\/loja-de-moldes\/"},{"@type":"ListItem","position":3,"name":"Para todas as nossas senhoras guardi\u00e3s (tric\u00f4)"}]},{"@type":"WebSite","@id":"https:\/\/craftygenesindonesia.com\/pt-br\/#website","url":"https:\/\/craftygenesindonesia.com\/pt-br\/","name":"Craftygenesindonesia","description":"","publisher":{"@id":"https:\/\/craftygenesindonesia.com\/pt-br\/#organization"},"potentialAction":[{"@type":"SearchAction","target":{"@type":"EntryPoint","urlTemplate":"https:\/\/craftygenesindonesia.com\/pt-br\/?s={search_term_string}"},"query-input":{"@type":"PropertyValueSpecification","valueRequired":true,"valueName":"search_term_string"}}],"inLanguage":"pt-BR"},{"@type":"Organization","@id":"https:\/\/craftygenesindonesia.com\/pt-br\/#organization","name":"Craftygenesindonesia","url":"https:\/\/craftygenesindonesia.com\/pt-br\/","logo":{"@type":"ImageObject","inLanguage":"pt-BR","@id":"https:\/\/craftygenesindonesia.com\/pt-br\/#\/schema\/logo\/image\/","url":"https:\/\/craftygenesindonesia.com\/wp-content\/uploads\/2025\/11\/cropped-Copy-of-Craftygenesindonesia.jpg","contentUrl":"https:\/\/craftygenesindonesia.com\/wp-content\/uploads\/2025\/11\/cropped-Copy-of-Craftygenesindonesia.jpg","width":180,"height":60,"caption":"Craftygenesindonesia"},"image":{"@id":"https:\/\/craftygenesindonesia.com\/pt-br\/#\/schema\/logo\/image\/"}}]}},"_links":{"self":[{"href":"https:\/\/craftygenesindonesia.com\/pt-br\/wp-json\/wp\/v2\/product\/987538023","targetHints":{"allow":["GET"]}}],"collection":[{"href":"https:\/\/craftygenesindonesia.com\/pt-br\/wp-json\/wp\/v2\/product"}],"about":[{"href":"https:\/\/craftygenesindonesia.com\/pt-br\/wp-json\/wp\/v2\/types\/product"}],"replies":[{"embeddable":true,"href":"https:\/\/craftygenesindonesia.com\/pt-br\/wp-json\/wp\/v2\/comments?post=987538023"}],"wp:featuredmedia":[{"embeddable":true,"href":"https:\/\/craftygenesindonesia.com\/pt-br\/wp-json\/wp\/v2\/media\/987538024"}],"wp:attachment":[{"href":"https:\/\/craftygenesindonesia.com\/pt-br\/wp-json\/wp\/v2\/media?parent=987538023"}],"wp:term":[{"taxonomy":"product_brand","embeddable":true,"href":"https:\/\/craftygenesindonesia.com\/pt-br\/wp-json\/wp\/v2\/product_brand?post=987538023"},{"taxonomy":"product_cat","embeddable":true,"href":"https:\/\/craftygenesindonesia.com\/pt-br\/wp-json\/wp\/v2\/product_cat?post=987538023"},{"taxonomy":"product_tag","embeddable":true,"href":"https:\/\/craftygenesindonesia.com\/pt-br\/wp-json\/wp\/v2\/product_tag?post=987538023"}],"curies":[{"name":"wp","href":"https:\/\/api.w.org\/{rel}","templated":true}]}}