{"id":987537976,"date":"2024-07-06T07:06:27","date_gmt":"2024-07-05T23:06:27","guid":{"rendered":"https:\/\/craftygenesindonesia.com\/shop\/sem%20categoria\/presepio-de-belem\/"},"modified":"2026-03-23T11:14:19","modified_gmt":"2026-03-23T03:14:19","slug":"presepio-de-belem","status":"publish","type":"product","link":"https:\/\/craftygenesindonesia.com\/pt-br\/shop\/padroes-de-croche-religiosos\/presepio-de-belem\/","title":{"rendered":"Pres\u00e9pio de Bel\u00e9m"},"content":{"rendered":"<p>Tamanho:<\/p>\n<ul>\n<li>O complexo completo: 80 x 54 x 36 cm\/31,5 x 21 x 14 polegadas<\/li>\n<li>Ber\u00e7o: 12 x 7 x 7 cm\/4,7 x 2,7 x 2,7 polegadas<\/li>\n<li>Maria: 14 cm \/ 5,5 polegadas<\/li>\n<li>Jos\u00e9: 20 cm \/ 7,8 polegadas<\/li>\n<li>Standing kings: 20cm\/ 7.8inch<\/li>\n<li>Rei ajoelhado: 15 cm\/5,9 polegadas<\/li>\n<li>Pastor: 20 cm \/ 7,8 polegadas<\/li>\n<li>Ovelha grande: 7 x 10 x 7 cm\/2,7 x 4 x 2,7 polegadas<\/li>\n<li>Ovelhinha: 8 x 6 x 4 cm\/3,1 x 2,4 x 1,5 polegadas<\/li>\n<li>Burro e boi: 8 x 16 x 7 cm \/ 3,1 x 6,2 x 2,7 polegadas<\/li>\n<li>Dromed\u00e1rio: 13 x 20 x 9 cm\/5,1 x 7,8 x 3,5 polegadas<\/li>\n<\/ul>\n<p>&nbsp;<\/p>\n<p>Todo este padr\u00e3o \u00e9 feito com fio de espessura \u201cFINGERING\u201d e uma agulha de croch\u00e9 de 2 mm.<\/p>\n<p>&nbsp;<\/p>\n<p>Voc\u00ea precisar\u00e1 das seguintes cores (consulte a tabela de cores em pdf na se\u00e7\u00e3o de downloads): cor da pele, magenta escuro, branco sujo, azul claro, marrom, dourado met\u00e1lico, dourado claro, verde oliva, marrom escuro, amarelo ovo, laranja, preto, magenta, azul marinho, amarelo oliva, cinza claro, roxo, marrom claro, branco, bege escuro, dourado, marrom escuro, terracota, verde escuro.<\/p>\n<p>&nbsp;<\/p>\n<p>Voc\u00ea tamb\u00e9m precisar\u00e1 de: enchimento, marcadores de pontos, tesoura, agulha de cerzir, alfinetes de costura, l\u00e1pis, r\u00e9gua, cola, estilete, alicate, 1 argola para chaveiro, 6 cotonetes, fio de alum\u00ednio de 1,5 mm, fio de alum\u00ednio de 3 mm, papel\u00e3o de 5 mm, feltro, tela pl\u00e1stica, papel\u00e3o, compensado, luzes de Natal.<\/p>\n<p>&nbsp;<\/p>\n<p>Agulha de croch\u00ea: tamanho 2 mm<\/p>\n<p>&nbsp;<\/p>\n<p>Este padr\u00e3o \u00e9 um padr\u00e3o escrito com muitas imagens para ajud\u00e1-lo. Se tiver alguma d\u00favida, envie-me uma mensagem para: craftygenesindonesia@gmail.com<\/p>\n<p>&nbsp;<\/p>\n<p>-Este padr\u00e3o \u00e9 apenas para uso pessoal e est\u00e1 protegido por direitos autorais. Portanto, o padr\u00e3o N\u00c3O pode ser copiado, vendido, revendido, traduzido, reivindicado como seu design, distribu\u00eddo, compartilhado, publicado ou postado online de qualquer forma sem a minha permiss\u00e3o. Nem mesmo parte disso!!!<\/p>\n<p>&nbsp;<\/p>\n<p>-Voc\u00ea pode vender o produto final em pequenas quantidades, mas n\u00e3o o padr\u00e3o de croch\u00ea em si! Mencione que o padr\u00e3o de croch\u00ea \u00e9 da Craftygenesindonesia e onde ele pode ser adquirido.<\/p>\n","protected":false},"excerpt":{"rendered":"<p>Este \u00e9 um incr\u00edvel padr\u00e3o de croch\u00ea tudo-em-um para um pres\u00e9pio que inclui: a sagrada fam\u00edlia, os tr\u00eas reis magos, um pastor com suas ovelhas, boi, burro, dromed\u00e1rio, est\u00e1bulo e seus arredores, um po\u00e7o e at\u00e9 mesmo uma palmeira = tudo o que voc\u00ea v\u00ea nas fotos est\u00e1 inclu\u00eddo no padr\u00e3o.<\/p>\n<p>Se voc\u00ea comprou algum dos meus conjuntos de pres\u00e9pio anteriores sem edif\u00edcio, ent\u00e3o est\u00e1 com sorte, porque os bonecos desses conjuntos anteriores cabem neste est\u00e1bulo! O padr\u00e3o complexo do est\u00e1bulo est\u00e1 dispon\u00edvel separadamente. Os bonecos + animais tamb\u00e9m est\u00e3o dispon\u00edveis em um padr\u00e3o separado.<\/p>\n<p>Ao baixar o padr\u00e3o aqui, voc\u00ea tamb\u00e9m poder\u00e1 baixar um pdf com a tabela de cores.<\/p>\n","protected":false},"featured_media":987537984,"comment_status":"open","ping_status":"closed","template":"","meta":{"_acf_changed":false},"product_brand":[],"product_cat":[12995,12982,13007,13022],"product_tag":[13036,13102,12984,13045,12985,13172,13046,13105,13101,13104,13000],"class_list":{"0":"post-987537976","1":"product","2":"type-product","3":"status-publish","4":"has-post-thumbnail","6":"product_cat-padroes-de-croche-natal","7":"product_cat-padroes-de-croche-religiosos","8":"product_cat-pacotes","9":"product_cat-padroes-de-croche-natividade","10":"product_tag-belem","11":"product_tag-estavel","12":"product_tag-jesus","13":"product_tag-jose","14":"product_tag-maria","15":"product_tag-natal-2","16":"product_tag-natividade","17":"product_tag-palmeira","18":"product_tag-sagrada-familia","19":"product_tag-tres-reis-magos-2","20":"product_tag-xmas","21":"pa_available_on-craftygenesindonesia","22":"pa_available_on-etsy","23":"pa_available_on-haked-nl","24":"pa_available_on-payhip","25":"pa_available_on-ravelry","26":"pa_languages-alemao","27":"pa_languages-espanhol","28":"pa_languages-frances","29":"pa_languages-holandes","30":"pa_languages-ingles-dos-eua","31":"pa_languages-italiano","32":"pa_languages-portugues","34":"first","35":"instock","36":"downloadable","37":"virtual","38":"purchasable","39":"product-type-simple"},"acf":[],"yoast_head":"<!-- This site is optimized with the Yoast SEO plugin v27.4 - https:\/\/yoast.com\/product\/yoast-seo-wordpress\/ -->\n<title>Pres\u00e9pio de Bel\u00e9m padr\u00e3o de croch\u00ea - Craftygenesindonesia<\/title>\n<meta name=\"description\" content=\"Compre aqui o meu padr\u00e3o de croch\u00ea \u201cConjunto de Pres\u00e9pio de Bel\u00e9m\u201d. O padr\u00e3o de croch\u00ea completo tamb\u00e9m est\u00e1 dispon\u00edvel no Haked, Etsy e Ravelry.\" \/>\n<meta name=\"robots\" content=\"index, follow, max-snippet:-1, max-image-preview:large, max-video-preview:-1\" \/>\n<link rel=\"canonical\" href=\"https:\/\/craftygenesindonesia.com\/pt-br\/shop\/padroes-de-croche-religiosos\/presepio-de-belem\/\" \/>\n<meta property=\"og:locale\" content=\"pt_BR\" \/>\n<meta property=\"og:type\" content=\"article\" \/>\n<meta property=\"og:title\" content=\"&quot;Bethlehem Nativity Set&quot; crochet pattern\" \/>\n<meta property=\"og:description\" content=\"Compre aqui o meu padr\u00e3o de croch\u00ea \u201cConjunto de Pres\u00e9pio de Bel\u00e9m\u201d. O padr\u00e3o de croch\u00ea completo tamb\u00e9m est\u00e1 dispon\u00edvel no Haked, Etsy e Ravelry.\" \/>\n<meta property=\"og:url\" content=\"https:\/\/craftygenesindonesia.com\/pt-br\/shop\/padroes-de-croche-religiosos\/presepio-de-belem\/\" \/>\n<meta property=\"og:site_name\" content=\"Craftygenesindonesia\" \/>\n<meta property=\"article:modified_time\" content=\"2026-03-23T03:14:19+00:00\" \/>\n<meta property=\"og:image\" content=\"https:\/\/craftygenesindonesia.com\/wp-content\/uploads\/2024\/07\/Copy-of-Bethlehem-Nativity-Set-300x300.jpg\" \/>\n<meta name=\"twitter:card\" content=\"summary_large_image\" \/>\n<meta name=\"twitter:label1\" content=\"Est. tempo de leitura\" \/>\n\t<meta name=\"twitter:data1\" content=\"2 minutos\" \/>\n<script type=\"application\/ld+json\" class=\"yoast-schema-graph\">{\"@context\":\"https:\\\/\\\/schema.org\",\"@graph\":[{\"@type\":\"WebPage\",\"@id\":\"https:\\\/\\\/craftygenesindonesia.com\\\/pt-br\\\/shop\\\/padroes-de-croche-religiosos\\\/presepio-de-belem\\\/\",\"url\":\"https:\\\/\\\/craftygenesindonesia.com\\\/pt-br\\\/shop\\\/padroes-de-croche-religiosos\\\/presepio-de-belem\\\/\",\"name\":\"Pres\u00e9pio de Bel\u00e9m padr\u00e3o de croch\u00ea - Craftygenesindonesia\",\"isPartOf\":{\"@id\":\"https:\\\/\\\/craftygenesindonesia.com\\\/pt-br\\\/#website\"},\"primaryImageOfPage\":{\"@id\":\"https:\\\/\\\/craftygenesindonesia.com\\\/pt-br\\\/shop\\\/padroes-de-croche-religiosos\\\/presepio-de-belem\\\/#primaryimage\"},\"image\":{\"@id\":\"https:\\\/\\\/craftygenesindonesia.com\\\/pt-br\\\/shop\\\/padroes-de-croche-religiosos\\\/presepio-de-belem\\\/#primaryimage\"},\"thumbnailUrl\":\"https:\\\/\\\/craftygenesindonesia.com\\\/wp-content\\\/uploads\\\/2024\\\/07\\\/Bethlehem-Nativity-Set.jpg\",\"datePublished\":\"2024-07-05T23:06:27+00:00\",\"dateModified\":\"2026-03-23T03:14:19+00:00\",\"description\":\"Compre aqui o meu padr\u00e3o de croch\u00ea \u201cConjunto de Pres\u00e9pio de Bel\u00e9m\u201d. O padr\u00e3o de croch\u00ea completo tamb\u00e9m est\u00e1 dispon\u00edvel no Haked, Etsy e Ravelry.\",\"breadcrumb\":{\"@id\":\"https:\\\/\\\/craftygenesindonesia.com\\\/pt-br\\\/shop\\\/padroes-de-croche-religiosos\\\/presepio-de-belem\\\/#breadcrumb\"},\"inLanguage\":\"pt-BR\",\"potentialAction\":[{\"@type\":\"ReadAction\",\"target\":[\"https:\\\/\\\/craftygenesindonesia.com\\\/pt-br\\\/shop\\\/padroes-de-croche-religiosos\\\/presepio-de-belem\\\/\"]}]},{\"@type\":\"ImageObject\",\"inLanguage\":\"pt-BR\",\"@id\":\"https:\\\/\\\/craftygenesindonesia.com\\\/pt-br\\\/shop\\\/padroes-de-croche-religiosos\\\/presepio-de-belem\\\/#primaryimage\",\"url\":\"https:\\\/\\\/craftygenesindonesia.com\\\/wp-content\\\/uploads\\\/2024\\\/07\\\/Bethlehem-Nativity-Set.jpg\",\"contentUrl\":\"https:\\\/\\\/craftygenesindonesia.com\\\/wp-content\\\/uploads\\\/2024\\\/07\\\/Bethlehem-Nativity-Set.jpg\",\"width\":1080,\"height\":1080,\"caption\":\"Conjunto de pres\u00e9pio em croch\u00ea com a Sagrada Fam\u00edlia, dromed\u00e1rio, boi, burro, pastor, ovelhas, reis magos, po\u00e7o, vasos, vassoura, est\u00e1bulo, palmeira\"},{\"@type\":\"BreadcrumbList\",\"@id\":\"https:\\\/\\\/craftygenesindonesia.com\\\/pt-br\\\/shop\\\/padroes-de-croche-religiosos\\\/presepio-de-belem\\\/#breadcrumb\",\"itemListElement\":[{\"@type\":\"ListItem\",\"position\":1,\"name\":\"Home\",\"item\":\"https:\\\/\\\/craftygenesindonesia.com\\\/pt-br\\\/\"},{\"@type\":\"ListItem\",\"position\":2,\"name\":\"Loja de moldes\",\"item\":\"https:\\\/\\\/craftygenesindonesia.com\\\/pt-br\\\/loja-de-moldes\\\/\"},{\"@type\":\"ListItem\",\"position\":3,\"name\":\"Pres\u00e9pio de Bel\u00e9m\"}]},{\"@type\":\"WebSite\",\"@id\":\"https:\\\/\\\/craftygenesindonesia.com\\\/pt-br\\\/#website\",\"url\":\"https:\\\/\\\/craftygenesindonesia.com\\\/pt-br\\\/\",\"name\":\"Craftygenesindonesia\",\"description\":\"\",\"publisher\":{\"@id\":\"https:\\\/\\\/craftygenesindonesia.com\\\/pt-br\\\/#organization\"},\"potentialAction\":[{\"@type\":\"SearchAction\",\"target\":{\"@type\":\"EntryPoint\",\"urlTemplate\":\"https:\\\/\\\/craftygenesindonesia.com\\\/pt-br\\\/?s={search_term_string}\"},\"query-input\":{\"@type\":\"PropertyValueSpecification\",\"valueRequired\":true,\"valueName\":\"search_term_string\"}}],\"inLanguage\":\"pt-BR\"},{\"@type\":\"Organization\",\"@id\":\"https:\\\/\\\/craftygenesindonesia.com\\\/pt-br\\\/#organization\",\"name\":\"Craftygenesindonesia\",\"url\":\"https:\\\/\\\/craftygenesindonesia.com\\\/pt-br\\\/\",\"logo\":{\"@type\":\"ImageObject\",\"inLanguage\":\"pt-BR\",\"@id\":\"https:\\\/\\\/craftygenesindonesia.com\\\/pt-br\\\/#\\\/schema\\\/logo\\\/image\\\/\",\"url\":\"https:\\\/\\\/craftygenesindonesia.com\\\/wp-content\\\/uploads\\\/2025\\\/11\\\/cropped-Copy-of-Craftygenesindonesia.jpg\",\"contentUrl\":\"https:\\\/\\\/craftygenesindonesia.com\\\/wp-content\\\/uploads\\\/2025\\\/11\\\/cropped-Copy-of-Craftygenesindonesia.jpg\",\"width\":180,\"height\":60,\"caption\":\"Craftygenesindonesia\"},\"image\":{\"@id\":\"https:\\\/\\\/craftygenesindonesia.com\\\/pt-br\\\/#\\\/schema\\\/logo\\\/image\\\/\"}}]}<\/script>\n<!-- \/ Yoast SEO plugin. -->","yoast_head_json":{"title":"Pres\u00e9pio de Bel\u00e9m padr\u00e3o de croch\u00ea - Craftygenesindonesia","description":"Compre aqui o meu padr\u00e3o de croch\u00ea \u201cConjunto de Pres\u00e9pio de Bel\u00e9m\u201d. O padr\u00e3o de croch\u00ea completo tamb\u00e9m est\u00e1 dispon\u00edvel no Haked, Etsy e Ravelry.","robots":{"index":"index","follow":"follow","max-snippet":"max-snippet:-1","max-image-preview":"max-image-preview:large","max-video-preview":"max-video-preview:-1"},"canonical":"https:\/\/craftygenesindonesia.com\/pt-br\/shop\/padroes-de-croche-religiosos\/presepio-de-belem\/","og_locale":"pt_BR","og_type":"article","og_title":"\"Bethlehem Nativity Set\" crochet pattern","og_description":"Compre aqui o meu padr\u00e3o de croch\u00ea \u201cConjunto de Pres\u00e9pio de Bel\u00e9m\u201d. O padr\u00e3o de croch\u00ea completo tamb\u00e9m est\u00e1 dispon\u00edvel no Haked, Etsy e Ravelry.","og_url":"https:\/\/craftygenesindonesia.com\/pt-br\/shop\/padroes-de-croche-religiosos\/presepio-de-belem\/","og_site_name":"Craftygenesindonesia","article_modified_time":"2026-03-23T03:14:19+00:00","og_image":[{"url":"https:\/\/craftygenesindonesia.com\/wp-content\/uploads\/2024\/07\/Copy-of-Bethlehem-Nativity-Set-300x300.jpg","type":"","width":"","height":""}],"twitter_card":"summary_large_image","twitter_misc":{"Est. tempo de leitura":"2 minutos"},"schema":{"@context":"https:\/\/schema.org","@graph":[{"@type":"WebPage","@id":"https:\/\/craftygenesindonesia.com\/pt-br\/shop\/padroes-de-croche-religiosos\/presepio-de-belem\/","url":"https:\/\/craftygenesindonesia.com\/pt-br\/shop\/padroes-de-croche-religiosos\/presepio-de-belem\/","name":"Pres\u00e9pio de Bel\u00e9m padr\u00e3o de croch\u00ea - Craftygenesindonesia","isPartOf":{"@id":"https:\/\/craftygenesindonesia.com\/pt-br\/#website"},"primaryImageOfPage":{"@id":"https:\/\/craftygenesindonesia.com\/pt-br\/shop\/padroes-de-croche-religiosos\/presepio-de-belem\/#primaryimage"},"image":{"@id":"https:\/\/craftygenesindonesia.com\/pt-br\/shop\/padroes-de-croche-religiosos\/presepio-de-belem\/#primaryimage"},"thumbnailUrl":"https:\/\/craftygenesindonesia.com\/wp-content\/uploads\/2024\/07\/Bethlehem-Nativity-Set.jpg","datePublished":"2024-07-05T23:06:27+00:00","dateModified":"2026-03-23T03:14:19+00:00","description":"Compre aqui o meu padr\u00e3o de croch\u00ea \u201cConjunto de Pres\u00e9pio de Bel\u00e9m\u201d. O padr\u00e3o de croch\u00ea completo tamb\u00e9m est\u00e1 dispon\u00edvel no Haked, Etsy e Ravelry.","breadcrumb":{"@id":"https:\/\/craftygenesindonesia.com\/pt-br\/shop\/padroes-de-croche-religiosos\/presepio-de-belem\/#breadcrumb"},"inLanguage":"pt-BR","potentialAction":[{"@type":"ReadAction","target":["https:\/\/craftygenesindonesia.com\/pt-br\/shop\/padroes-de-croche-religiosos\/presepio-de-belem\/"]}]},{"@type":"ImageObject","inLanguage":"pt-BR","@id":"https:\/\/craftygenesindonesia.com\/pt-br\/shop\/padroes-de-croche-religiosos\/presepio-de-belem\/#primaryimage","url":"https:\/\/craftygenesindonesia.com\/wp-content\/uploads\/2024\/07\/Bethlehem-Nativity-Set.jpg","contentUrl":"https:\/\/craftygenesindonesia.com\/wp-content\/uploads\/2024\/07\/Bethlehem-Nativity-Set.jpg","width":1080,"height":1080,"caption":"Conjunto de pres\u00e9pio em croch\u00ea com a Sagrada Fam\u00edlia, dromed\u00e1rio, boi, burro, pastor, ovelhas, reis magos, po\u00e7o, vasos, vassoura, est\u00e1bulo, palmeira"},{"@type":"BreadcrumbList","@id":"https:\/\/craftygenesindonesia.com\/pt-br\/shop\/padroes-de-croche-religiosos\/presepio-de-belem\/#breadcrumb","itemListElement":[{"@type":"ListItem","position":1,"name":"Home","item":"https:\/\/craftygenesindonesia.com\/pt-br\/"},{"@type":"ListItem","position":2,"name":"Loja de moldes","item":"https:\/\/craftygenesindonesia.com\/pt-br\/loja-de-moldes\/"},{"@type":"ListItem","position":3,"name":"Pres\u00e9pio de Bel\u00e9m"}]},{"@type":"WebSite","@id":"https:\/\/craftygenesindonesia.com\/pt-br\/#website","url":"https:\/\/craftygenesindonesia.com\/pt-br\/","name":"Craftygenesindonesia","description":"","publisher":{"@id":"https:\/\/craftygenesindonesia.com\/pt-br\/#organization"},"potentialAction":[{"@type":"SearchAction","target":{"@type":"EntryPoint","urlTemplate":"https:\/\/craftygenesindonesia.com\/pt-br\/?s={search_term_string}"},"query-input":{"@type":"PropertyValueSpecification","valueRequired":true,"valueName":"search_term_string"}}],"inLanguage":"pt-BR"},{"@type":"Organization","@id":"https:\/\/craftygenesindonesia.com\/pt-br\/#organization","name":"Craftygenesindonesia","url":"https:\/\/craftygenesindonesia.com\/pt-br\/","logo":{"@type":"ImageObject","inLanguage":"pt-BR","@id":"https:\/\/craftygenesindonesia.com\/pt-br\/#\/schema\/logo\/image\/","url":"https:\/\/craftygenesindonesia.com\/wp-content\/uploads\/2025\/11\/cropped-Copy-of-Craftygenesindonesia.jpg","contentUrl":"https:\/\/craftygenesindonesia.com\/wp-content\/uploads\/2025\/11\/cropped-Copy-of-Craftygenesindonesia.jpg","width":180,"height":60,"caption":"Craftygenesindonesia"},"image":{"@id":"https:\/\/craftygenesindonesia.com\/pt-br\/#\/schema\/logo\/image\/"}}]}},"_links":{"self":[{"href":"https:\/\/craftygenesindonesia.com\/pt-br\/wp-json\/wp\/v2\/product\/987537976","targetHints":{"allow":["GET"]}}],"collection":[{"href":"https:\/\/craftygenesindonesia.com\/pt-br\/wp-json\/wp\/v2\/product"}],"about":[{"href":"https:\/\/craftygenesindonesia.com\/pt-br\/wp-json\/wp\/v2\/types\/product"}],"replies":[{"embeddable":true,"href":"https:\/\/craftygenesindonesia.com\/pt-br\/wp-json\/wp\/v2\/comments?post=987537976"}],"wp:featuredmedia":[{"embeddable":true,"href":"https:\/\/craftygenesindonesia.com\/pt-br\/wp-json\/wp\/v2\/media\/987537984"}],"wp:attachment":[{"href":"https:\/\/craftygenesindonesia.com\/pt-br\/wp-json\/wp\/v2\/media?parent=987537976"}],"wp:term":[{"taxonomy":"product_brand","embeddable":true,"href":"https:\/\/craftygenesindonesia.com\/pt-br\/wp-json\/wp\/v2\/product_brand?post=987537976"},{"taxonomy":"product_cat","embeddable":true,"href":"https:\/\/craftygenesindonesia.com\/pt-br\/wp-json\/wp\/v2\/product_cat?post=987537976"},{"taxonomy":"product_tag","embeddable":true,"href":"https:\/\/craftygenesindonesia.com\/pt-br\/wp-json\/wp\/v2\/product_tag?post=987537976"}],"curies":[{"name":"wp","href":"https:\/\/api.w.org\/{rel}","templated":true}]}}