{"id":987537868,"date":"2024-04-13T05:18:58","date_gmt":"2024-04-12T21:18:58","guid":{"rendered":"https:\/\/craftygenesindonesia.com\/shop\/sem%20categoria\/conjunto-de-6-bolsas-idalia\/"},"modified":"2026-03-23T11:34:57","modified_gmt":"2026-03-23T03:34:57","slug":"conjunto-de-6-bolsas-idalia","status":"publish","type":"product","link":"https:\/\/craftygenesindonesia.com\/pt-br\/shop\/modelos-de-bolsas\/conjunto-de-6-bolsas-idalia\/","title":{"rendered":"Conjunto de 6 bolsas Idalia"},"content":{"rendered":"<p>Neste molde 6 em 1, voc\u00ea obt\u00e9m os moldes para 6 bolsas diferentes nos seguintes tamanhos:<\/p>\n<ul>\n<li>Bolsa: 34 x 27 x 11 cm\/13,4 x 10,6 x 4,3 polegadas<\/li>\n<li>Bolsa pequena: 25 x 17 x 6 cm\/9,8 x 6,7 x 2,4 polegadas<\/li>\n<li>Carteira: 13 x 21 x 3 cm\/5,1 x 8,3 x 1,2 polegadas<\/li>\n<li>Keys pouch: 12x6x1cm\/ 4.7&#215;2.4&#215;0.4inch<\/li>\n<li>Phone case: 17x11x1cm\/ 6.7x.4.3&#215;0.4inch<\/li>\n<li>Coin purse: 8x10x5cm\/ 3.1x4x2inch<\/li>\n<\/ul>\n<p>&nbsp;<\/p>\n<p>I used metallic gold nylon yarn but you can use any yarn you want. It does not need to be nylon.<\/p>\n<p>I used: 1500m or about 1.3kg of D27 Nylon crochet yarn (\u201cSPORT\u201d weight yarn)<\/p>\n<p>&nbsp;<\/p>\n<p>Agulha de croch\u00ea: 3 mm<\/p>\n<p>&nbsp;<\/p>\n<p>Tamb\u00e9m usei: espuma Eva*, bot\u00f5es de press\u00e3o, argolas em D, \u00edmanes para bolsas, entretela fus\u00edvel, cola em bast\u00e3o, pistola de cola, agulha para tape\u00e7aria, agulha de costura e linha a condizer, folha de pl\u00e1stico transparente e flex\u00edvel de 1 mm, m\u00e1quina de costura (opcional), bot\u00e3o bonito de 15 mm, fecho + cabe\u00e7a de fecho, gancho, fecho para porta-moedas, cadeado, tesoura, l\u00e1pis, r\u00e9gua, marcadores de pontos, alfinetes de costura, ferro de engomar.<\/p>\n<p>&nbsp;<\/p>\n<p>*A espuma Eva pode ser substitu\u00edda por um entretela razoavelmente r\u00edgida, tapete de ioga, tela pl\u00e1stica, etc.<\/p>\n<p>H\u00e1 imagens n\u00edtidas dos materiais necess\u00e1rios na p\u00e1gina 2 do molde para que voc\u00ea saiba exatamente do que estou falando.<\/p>\n<p>&nbsp;<\/p>\n<p>Tecido necess\u00e1rio: tecido resistente para o forro, cerca de 1-2 m\/yd<\/p>\n<p>&nbsp;<\/p>\n<p><strong>MEDIDA<\/strong>: 10 pontos x 10 carreiras por 5 cm\/2 polegadas (tr\u00eas pontos baixos em croch\u00ea, tricotados para frente e para tr\u00e1s)<\/p>\n<p>&nbsp;<\/p>\n<p>Este padr\u00e3o \u00e9 um padr\u00e3o escrito com muitas imagens para ajud\u00e1-lo. Se ainda tiver d\u00favidas, envie-me uma mensagem para: <a href=\"mailto:craftygenesindonesia@gmail.com\">craftygenesindonesia@gmail.com<\/a><\/p>\n<p>&nbsp;<\/p>\n<p>Este padr\u00e3o \u00e9 apenas para uso pessoal e est\u00e1 protegido por direitos autorais. Portanto, o padr\u00e3o N\u00c3O pode ser copiado, vendido, revendido, traduzido, reivindicado como seu projeto, distribu\u00eddo, compartilhado, publicado, postado online&#8230; de qualquer forma sem o meu consentimento. Nem mesmo parte disso!!!<\/p>\n<p>&nbsp;<\/p>\n<p>Voc\u00ea pode vender o item acabado em pequenas quantidades, mas n\u00e3o o padr\u00e3o de croch\u00ea em si! Por favor, mencione que o padr\u00e3o \u00e9 da Craftygenesindonesia e onde ele pode ser adquirido.<\/p>\n","protected":false},"excerpt":{"rendered":"<p>Este \u00e9 um conjunto de bolsas de croch\u00ea 6 em 1. Neste padr\u00e3o, voc\u00ea obt\u00e9m os padr\u00f5es para uma bolsa grande, bolsa\/bolsa m\u00e9dia, carteira, bolsa para chaves, capa para celular e bolsa com fecho. Todos est\u00e3o inclu\u00eddos neste padr\u00e3o. O padr\u00e3o \u00e9 muito simples e usa apenas os pontos b\u00e1sicos.<\/p>\n","protected":false},"featured_media":987537876,"comment_status":"open","ping_status":"closed","template":"","meta":{"_acf_changed":false},"product_brand":[],"product_cat":[13006],"product_tag":[13459,13471,13515,13517,13516,13518],"class_list":{"0":"post-987537868","1":"product","2":"type-product","3":"status-publish","4":"has-post-thumbnail","6":"product_cat-modelos-de-bolsas","7":"product_tag-bolsa","8":"product_tag-bolsa-2","9":"product_tag-bolsa-3","10":"product_tag-capa-de-celular","11":"product_tag-carteira","12":"product_tag-cartera","13":"pa_available_on-craftygenesindonesia","14":"pa_available_on-etsy","15":"pa_available_on-haked-nl","16":"pa_available_on-payhip","17":"pa_available_on-ravelry","18":"pa_languages-alemao","19":"pa_languages-espanhol","20":"pa_languages-frances","21":"pa_languages-holandes","22":"pa_languages-ingles-dos-eua","24":"first","25":"instock","26":"downloadable","27":"virtual","28":"purchasable","29":"product-type-simple"},"acf":[],"yoast_head":"<!-- This site is optimized with the Yoast SEO plugin v27.4 - https:\/\/yoast.com\/product\/yoast-seo-wordpress\/ -->\n<title>Conjunto de 6 bolsas Idalia padr\u00e3o de croch\u00ea - Craftygenesindonesia<\/title>\n<meta name=\"description\" content=\"Compre aqui o meu padr\u00e3o de croch\u00e9 &quot;Conjunto de 6 bolsas Idalia&quot;. O padr\u00e3o de croch\u00e9 f\u00e1cil de seguir tamb\u00e9m est\u00e1 dispon\u00edvel no Haked, Etsy, Ravelry e Payhip.\" \/>\n<meta name=\"robots\" content=\"index, follow, max-snippet:-1, max-image-preview:large, max-video-preview:-1\" \/>\n<link rel=\"canonical\" href=\"https:\/\/craftygenesindonesia.com\/pt-br\/shop\/modelos-de-bolsas\/conjunto-de-6-bolsas-idalia\/\" \/>\n<meta property=\"og:locale\" content=\"pt_BR\" \/>\n<meta property=\"og:type\" content=\"article\" \/>\n<meta property=\"og:title\" content=\"Conjunto de 6 bolsas Idalia - padr\u00e3o de croch\u00ea\" \/>\n<meta property=\"og:description\" content=\"Compre aqui o meu padr\u00e3o de croch\u00e9 &quot;Conjunto de 6 bolsas Idalia&quot;. O padr\u00e3o de croch\u00e9 f\u00e1cil de seguir tamb\u00e9m est\u00e1 dispon\u00edvel no Haked, Etsy, Ravelry e Payhip.\" \/>\n<meta property=\"og:url\" content=\"https:\/\/craftygenesindonesia.com\/pt-br\/shop\/modelos-de-bolsas\/conjunto-de-6-bolsas-idalia\/\" \/>\n<meta property=\"og:site_name\" content=\"Craftygenesindonesia\" \/>\n<meta property=\"article:modified_time\" content=\"2026-03-23T03:34:57+00:00\" \/>\n<meta property=\"og:image\" content=\"https:\/\/craftygenesindonesia.com\/wp-content\/uploads\/2024\/04\/Idalia-Handbag-2-300x300.jpg\" \/>\n<meta name=\"twitter:card\" content=\"summary_large_image\" \/>\n<meta name=\"twitter:label1\" content=\"Est. tempo de leitura\" \/>\n\t<meta name=\"twitter:data1\" content=\"2 minutos\" \/>\n<script type=\"application\/ld+json\" class=\"yoast-schema-graph\">{\"@context\":\"https:\\\/\\\/schema.org\",\"@graph\":[{\"@type\":\"WebPage\",\"@id\":\"https:\\\/\\\/craftygenesindonesia.com\\\/pt-br\\\/shop\\\/modelos-de-bolsas\\\/conjunto-de-6-bolsas-idalia\\\/\",\"url\":\"https:\\\/\\\/craftygenesindonesia.com\\\/pt-br\\\/shop\\\/modelos-de-bolsas\\\/conjunto-de-6-bolsas-idalia\\\/\",\"name\":\"Conjunto de 6 bolsas Idalia padr\u00e3o de croch\u00ea - Craftygenesindonesia\",\"isPartOf\":{\"@id\":\"https:\\\/\\\/craftygenesindonesia.com\\\/pt-br\\\/#website\"},\"primaryImageOfPage\":{\"@id\":\"https:\\\/\\\/craftygenesindonesia.com\\\/pt-br\\\/shop\\\/modelos-de-bolsas\\\/conjunto-de-6-bolsas-idalia\\\/#primaryimage\"},\"image\":{\"@id\":\"https:\\\/\\\/craftygenesindonesia.com\\\/pt-br\\\/shop\\\/modelos-de-bolsas\\\/conjunto-de-6-bolsas-idalia\\\/#primaryimage\"},\"thumbnailUrl\":\"https:\\\/\\\/craftygenesindonesia.com\\\/wp-content\\\/uploads\\\/2024\\\/04\\\/Idalia-Handbag-2.jpg\",\"datePublished\":\"2024-04-12T21:18:58+00:00\",\"dateModified\":\"2026-03-23T03:34:57+00:00\",\"description\":\"Compre aqui o meu padr\u00e3o de croch\u00e9 \\\"Conjunto de 6 bolsas Idalia\\\". O padr\u00e3o de croch\u00e9 f\u00e1cil de seguir tamb\u00e9m est\u00e1 dispon\u00edvel no Haked, Etsy, Ravelry e Payhip.\",\"breadcrumb\":{\"@id\":\"https:\\\/\\\/craftygenesindonesia.com\\\/pt-br\\\/shop\\\/modelos-de-bolsas\\\/conjunto-de-6-bolsas-idalia\\\/#breadcrumb\"},\"inLanguage\":\"pt-BR\",\"potentialAction\":[{\"@type\":\"ReadAction\",\"target\":[\"https:\\\/\\\/craftygenesindonesia.com\\\/pt-br\\\/shop\\\/modelos-de-bolsas\\\/conjunto-de-6-bolsas-idalia\\\/\"]}]},{\"@type\":\"ImageObject\",\"inLanguage\":\"pt-BR\",\"@id\":\"https:\\\/\\\/craftygenesindonesia.com\\\/pt-br\\\/shop\\\/modelos-de-bolsas\\\/conjunto-de-6-bolsas-idalia\\\/#primaryimage\",\"url\":\"https:\\\/\\\/craftygenesindonesia.com\\\/wp-content\\\/uploads\\\/2024\\\/04\\\/Idalia-Handbag-2.jpg\",\"contentUrl\":\"https:\\\/\\\/craftygenesindonesia.com\\\/wp-content\\\/uploads\\\/2024\\\/04\\\/Idalia-Handbag-2.jpg\",\"width\":1080,\"height\":1080,\"caption\":\"bolsa de croch\u00ea, bolsa de croch\u00ea, carteira de croch\u00ea, bolsa com fecho de croch\u00ea, capa de celular de croch\u00ea, bolsa para chaves de croch\u00ea\"},{\"@type\":\"BreadcrumbList\",\"@id\":\"https:\\\/\\\/craftygenesindonesia.com\\\/pt-br\\\/shop\\\/modelos-de-bolsas\\\/conjunto-de-6-bolsas-idalia\\\/#breadcrumb\",\"itemListElement\":[{\"@type\":\"ListItem\",\"position\":1,\"name\":\"Home\",\"item\":\"https:\\\/\\\/craftygenesindonesia.com\\\/pt-br\\\/\"},{\"@type\":\"ListItem\",\"position\":2,\"name\":\"Loja de moldes\",\"item\":\"https:\\\/\\\/craftygenesindonesia.com\\\/pt-br\\\/loja-de-moldes\\\/\"},{\"@type\":\"ListItem\",\"position\":3,\"name\":\"Conjunto de 6 bolsas Idalia\"}]},{\"@type\":\"WebSite\",\"@id\":\"https:\\\/\\\/craftygenesindonesia.com\\\/pt-br\\\/#website\",\"url\":\"https:\\\/\\\/craftygenesindonesia.com\\\/pt-br\\\/\",\"name\":\"Craftygenesindonesia\",\"description\":\"\",\"publisher\":{\"@id\":\"https:\\\/\\\/craftygenesindonesia.com\\\/pt-br\\\/#organization\"},\"potentialAction\":[{\"@type\":\"SearchAction\",\"target\":{\"@type\":\"EntryPoint\",\"urlTemplate\":\"https:\\\/\\\/craftygenesindonesia.com\\\/pt-br\\\/?s={search_term_string}\"},\"query-input\":{\"@type\":\"PropertyValueSpecification\",\"valueRequired\":true,\"valueName\":\"search_term_string\"}}],\"inLanguage\":\"pt-BR\"},{\"@type\":\"Organization\",\"@id\":\"https:\\\/\\\/craftygenesindonesia.com\\\/pt-br\\\/#organization\",\"name\":\"Craftygenesindonesia\",\"url\":\"https:\\\/\\\/craftygenesindonesia.com\\\/pt-br\\\/\",\"logo\":{\"@type\":\"ImageObject\",\"inLanguage\":\"pt-BR\",\"@id\":\"https:\\\/\\\/craftygenesindonesia.com\\\/pt-br\\\/#\\\/schema\\\/logo\\\/image\\\/\",\"url\":\"https:\\\/\\\/craftygenesindonesia.com\\\/wp-content\\\/uploads\\\/2025\\\/11\\\/cropped-Copy-of-Craftygenesindonesia.jpg\",\"contentUrl\":\"https:\\\/\\\/craftygenesindonesia.com\\\/wp-content\\\/uploads\\\/2025\\\/11\\\/cropped-Copy-of-Craftygenesindonesia.jpg\",\"width\":180,\"height\":60,\"caption\":\"Craftygenesindonesia\"},\"image\":{\"@id\":\"https:\\\/\\\/craftygenesindonesia.com\\\/pt-br\\\/#\\\/schema\\\/logo\\\/image\\\/\"}}]}<\/script>\n<!-- \/ Yoast SEO plugin. -->","yoast_head_json":{"title":"Conjunto de 6 bolsas Idalia padr\u00e3o de croch\u00ea - Craftygenesindonesia","description":"Compre aqui o meu padr\u00e3o de croch\u00e9 \"Conjunto de 6 bolsas Idalia\". O padr\u00e3o de croch\u00e9 f\u00e1cil de seguir tamb\u00e9m est\u00e1 dispon\u00edvel no Haked, Etsy, Ravelry e Payhip.","robots":{"index":"index","follow":"follow","max-snippet":"max-snippet:-1","max-image-preview":"max-image-preview:large","max-video-preview":"max-video-preview:-1"},"canonical":"https:\/\/craftygenesindonesia.com\/pt-br\/shop\/modelos-de-bolsas\/conjunto-de-6-bolsas-idalia\/","og_locale":"pt_BR","og_type":"article","og_title":"Conjunto de 6 bolsas Idalia - padr\u00e3o de croch\u00ea","og_description":"Compre aqui o meu padr\u00e3o de croch\u00e9 \"Conjunto de 6 bolsas Idalia\". O padr\u00e3o de croch\u00e9 f\u00e1cil de seguir tamb\u00e9m est\u00e1 dispon\u00edvel no Haked, Etsy, Ravelry e Payhip.","og_url":"https:\/\/craftygenesindonesia.com\/pt-br\/shop\/modelos-de-bolsas\/conjunto-de-6-bolsas-idalia\/","og_site_name":"Craftygenesindonesia","article_modified_time":"2026-03-23T03:34:57+00:00","og_image":[{"url":"https:\/\/craftygenesindonesia.com\/wp-content\/uploads\/2024\/04\/Idalia-Handbag-2-300x300.jpg","type":"","width":"","height":""}],"twitter_card":"summary_large_image","twitter_misc":{"Est. tempo de leitura":"2 minutos"},"schema":{"@context":"https:\/\/schema.org","@graph":[{"@type":"WebPage","@id":"https:\/\/craftygenesindonesia.com\/pt-br\/shop\/modelos-de-bolsas\/conjunto-de-6-bolsas-idalia\/","url":"https:\/\/craftygenesindonesia.com\/pt-br\/shop\/modelos-de-bolsas\/conjunto-de-6-bolsas-idalia\/","name":"Conjunto de 6 bolsas Idalia padr\u00e3o de croch\u00ea - Craftygenesindonesia","isPartOf":{"@id":"https:\/\/craftygenesindonesia.com\/pt-br\/#website"},"primaryImageOfPage":{"@id":"https:\/\/craftygenesindonesia.com\/pt-br\/shop\/modelos-de-bolsas\/conjunto-de-6-bolsas-idalia\/#primaryimage"},"image":{"@id":"https:\/\/craftygenesindonesia.com\/pt-br\/shop\/modelos-de-bolsas\/conjunto-de-6-bolsas-idalia\/#primaryimage"},"thumbnailUrl":"https:\/\/craftygenesindonesia.com\/wp-content\/uploads\/2024\/04\/Idalia-Handbag-2.jpg","datePublished":"2024-04-12T21:18:58+00:00","dateModified":"2026-03-23T03:34:57+00:00","description":"Compre aqui o meu padr\u00e3o de croch\u00e9 \"Conjunto de 6 bolsas Idalia\". O padr\u00e3o de croch\u00e9 f\u00e1cil de seguir tamb\u00e9m est\u00e1 dispon\u00edvel no Haked, Etsy, Ravelry e Payhip.","breadcrumb":{"@id":"https:\/\/craftygenesindonesia.com\/pt-br\/shop\/modelos-de-bolsas\/conjunto-de-6-bolsas-idalia\/#breadcrumb"},"inLanguage":"pt-BR","potentialAction":[{"@type":"ReadAction","target":["https:\/\/craftygenesindonesia.com\/pt-br\/shop\/modelos-de-bolsas\/conjunto-de-6-bolsas-idalia\/"]}]},{"@type":"ImageObject","inLanguage":"pt-BR","@id":"https:\/\/craftygenesindonesia.com\/pt-br\/shop\/modelos-de-bolsas\/conjunto-de-6-bolsas-idalia\/#primaryimage","url":"https:\/\/craftygenesindonesia.com\/wp-content\/uploads\/2024\/04\/Idalia-Handbag-2.jpg","contentUrl":"https:\/\/craftygenesindonesia.com\/wp-content\/uploads\/2024\/04\/Idalia-Handbag-2.jpg","width":1080,"height":1080,"caption":"bolsa de croch\u00ea, bolsa de croch\u00ea, carteira de croch\u00ea, bolsa com fecho de croch\u00ea, capa de celular de croch\u00ea, bolsa para chaves de croch\u00ea"},{"@type":"BreadcrumbList","@id":"https:\/\/craftygenesindonesia.com\/pt-br\/shop\/modelos-de-bolsas\/conjunto-de-6-bolsas-idalia\/#breadcrumb","itemListElement":[{"@type":"ListItem","position":1,"name":"Home","item":"https:\/\/craftygenesindonesia.com\/pt-br\/"},{"@type":"ListItem","position":2,"name":"Loja de moldes","item":"https:\/\/craftygenesindonesia.com\/pt-br\/loja-de-moldes\/"},{"@type":"ListItem","position":3,"name":"Conjunto de 6 bolsas Idalia"}]},{"@type":"WebSite","@id":"https:\/\/craftygenesindonesia.com\/pt-br\/#website","url":"https:\/\/craftygenesindonesia.com\/pt-br\/","name":"Craftygenesindonesia","description":"","publisher":{"@id":"https:\/\/craftygenesindonesia.com\/pt-br\/#organization"},"potentialAction":[{"@type":"SearchAction","target":{"@type":"EntryPoint","urlTemplate":"https:\/\/craftygenesindonesia.com\/pt-br\/?s={search_term_string}"},"query-input":{"@type":"PropertyValueSpecification","valueRequired":true,"valueName":"search_term_string"}}],"inLanguage":"pt-BR"},{"@type":"Organization","@id":"https:\/\/craftygenesindonesia.com\/pt-br\/#organization","name":"Craftygenesindonesia","url":"https:\/\/craftygenesindonesia.com\/pt-br\/","logo":{"@type":"ImageObject","inLanguage":"pt-BR","@id":"https:\/\/craftygenesindonesia.com\/pt-br\/#\/schema\/logo\/image\/","url":"https:\/\/craftygenesindonesia.com\/wp-content\/uploads\/2025\/11\/cropped-Copy-of-Craftygenesindonesia.jpg","contentUrl":"https:\/\/craftygenesindonesia.com\/wp-content\/uploads\/2025\/11\/cropped-Copy-of-Craftygenesindonesia.jpg","width":180,"height":60,"caption":"Craftygenesindonesia"},"image":{"@id":"https:\/\/craftygenesindonesia.com\/pt-br\/#\/schema\/logo\/image\/"}}]}},"_links":{"self":[{"href":"https:\/\/craftygenesindonesia.com\/pt-br\/wp-json\/wp\/v2\/product\/987537868","targetHints":{"allow":["GET"]}}],"collection":[{"href":"https:\/\/craftygenesindonesia.com\/pt-br\/wp-json\/wp\/v2\/product"}],"about":[{"href":"https:\/\/craftygenesindonesia.com\/pt-br\/wp-json\/wp\/v2\/types\/product"}],"replies":[{"embeddable":true,"href":"https:\/\/craftygenesindonesia.com\/pt-br\/wp-json\/wp\/v2\/comments?post=987537868"}],"wp:featuredmedia":[{"embeddable":true,"href":"https:\/\/craftygenesindonesia.com\/pt-br\/wp-json\/wp\/v2\/media\/987537876"}],"wp:attachment":[{"href":"https:\/\/craftygenesindonesia.com\/pt-br\/wp-json\/wp\/v2\/media?parent=987537868"}],"wp:term":[{"taxonomy":"product_brand","embeddable":true,"href":"https:\/\/craftygenesindonesia.com\/pt-br\/wp-json\/wp\/v2\/product_brand?post=987537868"},{"taxonomy":"product_cat","embeddable":true,"href":"https:\/\/craftygenesindonesia.com\/pt-br\/wp-json\/wp\/v2\/product_cat?post=987537868"},{"taxonomy":"product_tag","embeddable":true,"href":"https:\/\/craftygenesindonesia.com\/pt-br\/wp-json\/wp\/v2\/product_tag?post=987537868"}],"curies":[{"name":"wp","href":"https:\/\/api.w.org\/{rel}","templated":true}]}}