{"id":987537830,"date":"2024-02-03T04:58:59","date_gmt":"2024-02-02T20:58:59","guid":{"rendered":"https:\/\/craftygenesindonesia.com\/shop\/sem%20categoria\/o-presente-de-pascoa-do-pedro\/"},"modified":"2026-03-23T11:44:42","modified_gmt":"2026-03-23T03:44:42","slug":"o-presente-de-pascoa-do-pedro","status":"publish","type":"product","link":"https:\/\/craftygenesindonesia.com\/pt-br\/shop\/padroes-de-croche-de-animais\/o-presente-de-pascoa-do-pedro\/","title":{"rendered":"O presente de P\u00e1scoa do Pedro"},"content":{"rendered":"<p>Este conjunto mede 18 x 24 cm\/7 x 9,5 polegadas quando feito com o mesmo tamanho de fio e agulha que eu usei. Usei fio \u201cfingering\u201d com uma agulha de croch\u00ea de 2 mm.<\/p>\n<p>&nbsp;<\/p>\n<p>Voc\u00ea precisar\u00e1 das seguintes cores: marrom, bege, azul jeans, verde, preto, magenta, amarelo, branco e marrom escuro.<\/p>\n<p>&nbsp;<\/p>\n<p>Voc\u00ea tamb\u00e9m precisar\u00e1 de: cotonete, enchimento, marcadores de pontos, tesoura, l\u00e1pis, cola, fio de alum\u00ednio, papel\u00e3o resistente com 5 mm de espessura, agulha de tape\u00e7aria, olhos de seguran\u00e7a de 6 mm, nariz de seguran\u00e7a de 8 mm.<\/p>\n<p>&nbsp;<\/p>\n<p>Agulha de croch\u00ea: 2 mm<\/p>\n<p>&nbsp;<\/p>\n<p>Este padr\u00e3o \u00e9 um padr\u00e3o escrito com muitas imagens para ajud\u00e1-lo. Se ainda tiver d\u00favidas, envie-me uma mensagem para: <a href=\"mailto:craftygenesindonesia@gmail.com\">craftygenesindonesia@gmail.com<\/a><\/p>\n<p>&nbsp;<\/p>\n<p>Este padr\u00e3o \u00e9 apenas para uso pessoal e est\u00e1 protegido por direitos autorais. Portanto, o padr\u00e3o N\u00c3O pode ser copiado, vendido, revendido, traduzido, reivindicado como seu projeto, distribu\u00eddo, compartilhado, publicado, postado online&#8230; de qualquer forma sem o meu consentimento. Nem mesmo parte disso!!!<\/p>\n<p>&nbsp;<\/p>\n<p>Voc\u00ea pode vender o item acabado em pequenas quantidades, mas n\u00e3o o padr\u00e3o de croch\u00ea em si! Por favor, mencione que o padr\u00e3o \u00e9 da Craftygenesindonesia e onde ele pode ser adquirido.<\/p>\n","protected":false},"excerpt":{"rendered":"<p>Este \u00e9 um padr\u00e3o de croch\u00ea f\u00e1cil de seguir para fazer um divertido coelhinho da P\u00e1scoa com macac\u00e3o, andando de patinete com uma cesta, ovo de P\u00e1scoa, narciso e margarida.<\/p>\n","protected":false},"featured_media":987537831,"comment_status":"open","ping_status":"closed","template":"","meta":{"_acf_changed":false},"product_brand":[],"product_cat":[12958,12959],"product_tag":[13242,13130,13503,12966,13502,13231,13132,12963,13140],"class_list":{"0":"post-987537830","1":"product","2":"type-product","3":"status-publish","4":"has-post-thumbnail","6":"product_cat-padroes-de-croche-de-animais","7":"product_cat-padroes-de-croche-para-a-pascoa","8":"product_tag-basquete","9":"product_tag-coelhinho-da-pascoa","10":"product_tag-macacoes","11":"product_tag-margarida","12":"product_tag-margarida-3","13":"product_tag-ovo","14":"product_tag-ovo-de-pascoa","15":"product_tag-pascoa","16":"product_tag-scooter","17":"pa_available_on-craftygenesindonesia","18":"pa_available_on-etsy","19":"pa_available_on-haked-nl","20":"pa_available_on-payhip","21":"pa_available_on-ravelry","22":"pa_languages-alemao","23":"pa_languages-espanhol","24":"pa_languages-frances","25":"pa_languages-holandes","26":"pa_languages-ingles-dos-eua","28":"first","29":"instock","30":"sale","31":"downloadable","32":"virtual","33":"purchasable","34":"product-type-simple"},"acf":[],"yoast_head":"<!-- This site is optimized with the Yoast SEO plugin v27.3 - https:\/\/yoast.com\/product\/yoast-seo-wordpress\/ -->\n<title>O presente de P\u00e1scoa do Pedro - Craftygenesindonesia<\/title>\n<meta name=\"description\" content=\"Compre aqui o meu padr\u00e3o de croch\u00ea \u201cPresente de P\u00e1scoa do Pedro\u201d. \u00c9 um padr\u00e3o f\u00e1cil de seguir para fazer um divertido coelhinho da P\u00e1scoa na sua scooter.\" \/>\n<meta name=\"robots\" content=\"index, follow, max-snippet:-1, max-image-preview:large, max-video-preview:-1\" \/>\n<link rel=\"canonical\" href=\"https:\/\/craftygenesindonesia.com\/pt-br\/shop\/padroes-de-croche-de-animais\/o-presente-de-pascoa-do-pedro\/\" \/>\n<meta property=\"og:locale\" content=\"pt_BR\" \/>\n<meta property=\"og:type\" content=\"article\" \/>\n<meta property=\"og:title\" content=\"Pedro&#039;s Easter Gift crochet pattern\" \/>\n<meta property=\"og:description\" content=\"Compre aqui o meu padr\u00e3o de croch\u00ea \u201cPresente de P\u00e1scoa do Pedro\u201d. \u00c9 um padr\u00e3o f\u00e1cil de seguir para fazer um divertido coelhinho da P\u00e1scoa na sua scooter.\" \/>\n<meta property=\"og:url\" content=\"https:\/\/craftygenesindonesia.com\/pt-br\/shop\/padroes-de-croche-de-animais\/o-presente-de-pascoa-do-pedro\/\" \/>\n<meta property=\"og:site_name\" content=\"Craftygenesindonesia\" \/>\n<meta property=\"article:modified_time\" content=\"2026-03-23T03:44:42+00:00\" \/>\n<meta property=\"og:image\" content=\"https:\/\/craftygenesindonesia.com\/wp-content\/uploads\/2024\/02\/Untitled-design-2024-02-14T061606.410-300x300.jpg\" \/>\n<meta name=\"twitter:card\" content=\"summary_large_image\" \/>\n<meta name=\"twitter:label1\" content=\"Est. tempo de leitura\" \/>\n\t<meta name=\"twitter:data1\" content=\"2 minutos\" \/>\n<script type=\"application\/ld+json\" class=\"yoast-schema-graph\">{\"@context\":\"https:\\\/\\\/schema.org\",\"@graph\":[{\"@type\":\"WebPage\",\"@id\":\"https:\\\/\\\/craftygenesindonesia.com\\\/pt-br\\\/shop\\\/padroes-de-croche-de-animais\\\/o-presente-de-pascoa-do-pedro\\\/\",\"url\":\"https:\\\/\\\/craftygenesindonesia.com\\\/pt-br\\\/shop\\\/padroes-de-croche-de-animais\\\/o-presente-de-pascoa-do-pedro\\\/\",\"name\":\"O presente de P\u00e1scoa do Pedro - Craftygenesindonesia\",\"isPartOf\":{\"@id\":\"https:\\\/\\\/craftygenesindonesia.com\\\/pt-br\\\/#website\"},\"primaryImageOfPage\":{\"@id\":\"https:\\\/\\\/craftygenesindonesia.com\\\/pt-br\\\/shop\\\/padroes-de-croche-de-animais\\\/o-presente-de-pascoa-do-pedro\\\/#primaryimage\"},\"image\":{\"@id\":\"https:\\\/\\\/craftygenesindonesia.com\\\/pt-br\\\/shop\\\/padroes-de-croche-de-animais\\\/o-presente-de-pascoa-do-pedro\\\/#primaryimage\"},\"thumbnailUrl\":\"https:\\\/\\\/craftygenesindonesia.com\\\/wp-content\\\/uploads\\\/2024\\\/02\\\/Pedro.jpg\",\"datePublished\":\"2024-02-02T20:58:59+00:00\",\"dateModified\":\"2026-03-23T03:44:42+00:00\",\"description\":\"Compre aqui o meu padr\u00e3o de croch\u00ea \u201cPresente de P\u00e1scoa do Pedro\u201d. \u00c9 um padr\u00e3o f\u00e1cil de seguir para fazer um divertido coelhinho da P\u00e1scoa na sua scooter.\",\"breadcrumb\":{\"@id\":\"https:\\\/\\\/craftygenesindonesia.com\\\/pt-br\\\/shop\\\/padroes-de-croche-de-animais\\\/o-presente-de-pascoa-do-pedro\\\/#breadcrumb\"},\"inLanguage\":\"pt-BR\",\"potentialAction\":[{\"@type\":\"ReadAction\",\"target\":[\"https:\\\/\\\/craftygenesindonesia.com\\\/pt-br\\\/shop\\\/padroes-de-croche-de-animais\\\/o-presente-de-pascoa-do-pedro\\\/\"]}]},{\"@type\":\"ImageObject\",\"inLanguage\":\"pt-BR\",\"@id\":\"https:\\\/\\\/craftygenesindonesia.com\\\/pt-br\\\/shop\\\/padroes-de-croche-de-animais\\\/o-presente-de-pascoa-do-pedro\\\/#primaryimage\",\"url\":\"https:\\\/\\\/craftygenesindonesia.com\\\/wp-content\\\/uploads\\\/2024\\\/02\\\/Pedro.jpg\",\"contentUrl\":\"https:\\\/\\\/craftygenesindonesia.com\\\/wp-content\\\/uploads\\\/2024\\\/02\\\/Pedro.jpg\",\"width\":1080,\"height\":1080,\"caption\":\"Coelhinho da P\u00e1scoa em croch\u00ea em uma scooter de croch\u00ea com uma cesta, ovo de P\u00e1scoa, narciso e margarida\"},{\"@type\":\"BreadcrumbList\",\"@id\":\"https:\\\/\\\/craftygenesindonesia.com\\\/pt-br\\\/shop\\\/padroes-de-croche-de-animais\\\/o-presente-de-pascoa-do-pedro\\\/#breadcrumb\",\"itemListElement\":[{\"@type\":\"ListItem\",\"position\":1,\"name\":\"Home\",\"item\":\"https:\\\/\\\/craftygenesindonesia.com\\\/pt-br\\\/\"},{\"@type\":\"ListItem\",\"position\":2,\"name\":\"Loja de moldes\",\"item\":\"https:\\\/\\\/craftygenesindonesia.com\\\/pt-br\\\/loja-de-moldes\\\/\"},{\"@type\":\"ListItem\",\"position\":3,\"name\":\"O presente de P\u00e1scoa do Pedro\"}]},{\"@type\":\"WebSite\",\"@id\":\"https:\\\/\\\/craftygenesindonesia.com\\\/pt-br\\\/#website\",\"url\":\"https:\\\/\\\/craftygenesindonesia.com\\\/pt-br\\\/\",\"name\":\"Craftygenesindonesia\",\"description\":\"\",\"publisher\":{\"@id\":\"https:\\\/\\\/craftygenesindonesia.com\\\/pt-br\\\/#organization\"},\"potentialAction\":[{\"@type\":\"SearchAction\",\"target\":{\"@type\":\"EntryPoint\",\"urlTemplate\":\"https:\\\/\\\/craftygenesindonesia.com\\\/pt-br\\\/?s={search_term_string}\"},\"query-input\":{\"@type\":\"PropertyValueSpecification\",\"valueRequired\":true,\"valueName\":\"search_term_string\"}}],\"inLanguage\":\"pt-BR\"},{\"@type\":\"Organization\",\"@id\":\"https:\\\/\\\/craftygenesindonesia.com\\\/pt-br\\\/#organization\",\"name\":\"Craftygenesindonesia\",\"url\":\"https:\\\/\\\/craftygenesindonesia.com\\\/pt-br\\\/\",\"logo\":{\"@type\":\"ImageObject\",\"inLanguage\":\"pt-BR\",\"@id\":\"https:\\\/\\\/craftygenesindonesia.com\\\/pt-br\\\/#\\\/schema\\\/logo\\\/image\\\/\",\"url\":\"https:\\\/\\\/craftygenesindonesia.com\\\/wp-content\\\/uploads\\\/2025\\\/11\\\/cropped-Copy-of-Craftygenesindonesia.jpg\",\"contentUrl\":\"https:\\\/\\\/craftygenesindonesia.com\\\/wp-content\\\/uploads\\\/2025\\\/11\\\/cropped-Copy-of-Craftygenesindonesia.jpg\",\"width\":180,\"height\":60,\"caption\":\"Craftygenesindonesia\"},\"image\":{\"@id\":\"https:\\\/\\\/craftygenesindonesia.com\\\/pt-br\\\/#\\\/schema\\\/logo\\\/image\\\/\"}}]}<\/script>\n<!-- \/ Yoast SEO plugin. -->","yoast_head_json":{"title":"O presente de P\u00e1scoa do Pedro - Craftygenesindonesia","description":"Compre aqui o meu padr\u00e3o de croch\u00ea \u201cPresente de P\u00e1scoa do Pedro\u201d. \u00c9 um padr\u00e3o f\u00e1cil de seguir para fazer um divertido coelhinho da P\u00e1scoa na sua scooter.","robots":{"index":"index","follow":"follow","max-snippet":"max-snippet:-1","max-image-preview":"max-image-preview:large","max-video-preview":"max-video-preview:-1"},"canonical":"https:\/\/craftygenesindonesia.com\/pt-br\/shop\/padroes-de-croche-de-animais\/o-presente-de-pascoa-do-pedro\/","og_locale":"pt_BR","og_type":"article","og_title":"Pedro's Easter Gift crochet pattern","og_description":"Compre aqui o meu padr\u00e3o de croch\u00ea \u201cPresente de P\u00e1scoa do Pedro\u201d. \u00c9 um padr\u00e3o f\u00e1cil de seguir para fazer um divertido coelhinho da P\u00e1scoa na sua scooter.","og_url":"https:\/\/craftygenesindonesia.com\/pt-br\/shop\/padroes-de-croche-de-animais\/o-presente-de-pascoa-do-pedro\/","og_site_name":"Craftygenesindonesia","article_modified_time":"2026-03-23T03:44:42+00:00","og_image":[{"url":"https:\/\/craftygenesindonesia.com\/wp-content\/uploads\/2024\/02\/Untitled-design-2024-02-14T061606.410-300x300.jpg","type":"","width":"","height":""}],"twitter_card":"summary_large_image","twitter_misc":{"Est. tempo de leitura":"2 minutos"},"schema":{"@context":"https:\/\/schema.org","@graph":[{"@type":"WebPage","@id":"https:\/\/craftygenesindonesia.com\/pt-br\/shop\/padroes-de-croche-de-animais\/o-presente-de-pascoa-do-pedro\/","url":"https:\/\/craftygenesindonesia.com\/pt-br\/shop\/padroes-de-croche-de-animais\/o-presente-de-pascoa-do-pedro\/","name":"O presente de P\u00e1scoa do Pedro - Craftygenesindonesia","isPartOf":{"@id":"https:\/\/craftygenesindonesia.com\/pt-br\/#website"},"primaryImageOfPage":{"@id":"https:\/\/craftygenesindonesia.com\/pt-br\/shop\/padroes-de-croche-de-animais\/o-presente-de-pascoa-do-pedro\/#primaryimage"},"image":{"@id":"https:\/\/craftygenesindonesia.com\/pt-br\/shop\/padroes-de-croche-de-animais\/o-presente-de-pascoa-do-pedro\/#primaryimage"},"thumbnailUrl":"https:\/\/craftygenesindonesia.com\/wp-content\/uploads\/2024\/02\/Pedro.jpg","datePublished":"2024-02-02T20:58:59+00:00","dateModified":"2026-03-23T03:44:42+00:00","description":"Compre aqui o meu padr\u00e3o de croch\u00ea \u201cPresente de P\u00e1scoa do Pedro\u201d. \u00c9 um padr\u00e3o f\u00e1cil de seguir para fazer um divertido coelhinho da P\u00e1scoa na sua scooter.","breadcrumb":{"@id":"https:\/\/craftygenesindonesia.com\/pt-br\/shop\/padroes-de-croche-de-animais\/o-presente-de-pascoa-do-pedro\/#breadcrumb"},"inLanguage":"pt-BR","potentialAction":[{"@type":"ReadAction","target":["https:\/\/craftygenesindonesia.com\/pt-br\/shop\/padroes-de-croche-de-animais\/o-presente-de-pascoa-do-pedro\/"]}]},{"@type":"ImageObject","inLanguage":"pt-BR","@id":"https:\/\/craftygenesindonesia.com\/pt-br\/shop\/padroes-de-croche-de-animais\/o-presente-de-pascoa-do-pedro\/#primaryimage","url":"https:\/\/craftygenesindonesia.com\/wp-content\/uploads\/2024\/02\/Pedro.jpg","contentUrl":"https:\/\/craftygenesindonesia.com\/wp-content\/uploads\/2024\/02\/Pedro.jpg","width":1080,"height":1080,"caption":"Coelhinho da P\u00e1scoa em croch\u00ea em uma scooter de croch\u00ea com uma cesta, ovo de P\u00e1scoa, narciso e margarida"},{"@type":"BreadcrumbList","@id":"https:\/\/craftygenesindonesia.com\/pt-br\/shop\/padroes-de-croche-de-animais\/o-presente-de-pascoa-do-pedro\/#breadcrumb","itemListElement":[{"@type":"ListItem","position":1,"name":"Home","item":"https:\/\/craftygenesindonesia.com\/pt-br\/"},{"@type":"ListItem","position":2,"name":"Loja de moldes","item":"https:\/\/craftygenesindonesia.com\/pt-br\/loja-de-moldes\/"},{"@type":"ListItem","position":3,"name":"O presente de P\u00e1scoa do Pedro"}]},{"@type":"WebSite","@id":"https:\/\/craftygenesindonesia.com\/pt-br\/#website","url":"https:\/\/craftygenesindonesia.com\/pt-br\/","name":"Craftygenesindonesia","description":"","publisher":{"@id":"https:\/\/craftygenesindonesia.com\/pt-br\/#organization"},"potentialAction":[{"@type":"SearchAction","target":{"@type":"EntryPoint","urlTemplate":"https:\/\/craftygenesindonesia.com\/pt-br\/?s={search_term_string}"},"query-input":{"@type":"PropertyValueSpecification","valueRequired":true,"valueName":"search_term_string"}}],"inLanguage":"pt-BR"},{"@type":"Organization","@id":"https:\/\/craftygenesindonesia.com\/pt-br\/#organization","name":"Craftygenesindonesia","url":"https:\/\/craftygenesindonesia.com\/pt-br\/","logo":{"@type":"ImageObject","inLanguage":"pt-BR","@id":"https:\/\/craftygenesindonesia.com\/pt-br\/#\/schema\/logo\/image\/","url":"https:\/\/craftygenesindonesia.com\/wp-content\/uploads\/2025\/11\/cropped-Copy-of-Craftygenesindonesia.jpg","contentUrl":"https:\/\/craftygenesindonesia.com\/wp-content\/uploads\/2025\/11\/cropped-Copy-of-Craftygenesindonesia.jpg","width":180,"height":60,"caption":"Craftygenesindonesia"},"image":{"@id":"https:\/\/craftygenesindonesia.com\/pt-br\/#\/schema\/logo\/image\/"}}]}},"_links":{"self":[{"href":"https:\/\/craftygenesindonesia.com\/pt-br\/wp-json\/wp\/v2\/product\/987537830","targetHints":{"allow":["GET"]}}],"collection":[{"href":"https:\/\/craftygenesindonesia.com\/pt-br\/wp-json\/wp\/v2\/product"}],"about":[{"href":"https:\/\/craftygenesindonesia.com\/pt-br\/wp-json\/wp\/v2\/types\/product"}],"replies":[{"embeddable":true,"href":"https:\/\/craftygenesindonesia.com\/pt-br\/wp-json\/wp\/v2\/comments?post=987537830"}],"wp:featuredmedia":[{"embeddable":true,"href":"https:\/\/craftygenesindonesia.com\/pt-br\/wp-json\/wp\/v2\/media\/987537831"}],"wp:attachment":[{"href":"https:\/\/craftygenesindonesia.com\/pt-br\/wp-json\/wp\/v2\/media?parent=987537830"}],"wp:term":[{"taxonomy":"product_brand","embeddable":true,"href":"https:\/\/craftygenesindonesia.com\/pt-br\/wp-json\/wp\/v2\/product_brand?post=987537830"},{"taxonomy":"product_cat","embeddable":true,"href":"https:\/\/craftygenesindonesia.com\/pt-br\/wp-json\/wp\/v2\/product_cat?post=987537830"},{"taxonomy":"product_tag","embeddable":true,"href":"https:\/\/craftygenesindonesia.com\/pt-br\/wp-json\/wp\/v2\/product_tag?post=987537830"}],"curies":[{"name":"wp","href":"https:\/\/api.w.org\/{rel}","templated":true}]}}