{"id":987537803,"date":"2023-12-27T06:05:28","date_gmt":"2023-12-26T22:05:28","guid":{"rendered":"https:\/\/craftygenesindonesia.com\/shop\/sem%20categoria\/santa-clara-e-santa-teresa-de-avila\/"},"modified":"2026-03-23T18:19:12","modified_gmt":"2026-03-23T10:19:12","slug":"santa-clara-e-santa-teresa-de-avila","status":"publish","type":"product","link":"https:\/\/craftygenesindonesia.com\/pt-br\/shop\/padroes-de-croche-religiosos\/santa-clara-e-santa-teresa-de-avila\/","title":{"rendered":"Santa Clara e Santa Teresa de \u00c1vila"},"content":{"rendered":"<p><strong>Santa Clara e Santa Teresa de \u00c1vila<\/strong><\/p>\n<p>Tipo de arquivo: padr\u00e3o de croch\u00ea &#8211; download digital, n\u00e3o \u00e9 um item f\u00edsico<br \/>\n<strong>Available languages: English, Dutch, French, Spanish, German, Italian<\/strong><\/p>\n<p>Size of finished item: 20cm\/ 7.8\u201d tall (that includes the platform they\u2019re standing on)<\/p>\n<p>Tipo de fio: fio de espessura \u201cfingering\u201d = tamanho 3<br \/>\nMarcas recomendadas: Catona da Scheepjes, Durable Coral<br \/>\nCores de fio necess\u00e1rias: cor de pele, castanho, castanho escuro, preto, branco, bege, dourado met\u00e1lico, branco sujo e laranja<\/p>\n<p>Agulha de croch\u00ea: 2 mm<\/p>\n<p>Outros materiais necess\u00e1rios: 2 cotonetes, uma barra met\u00e1lica dourada com 5 cm de comprimento (2-3 mm de largura), fio de alum\u00ednio de 1,5 mm, alicate de corte, enchimento, tesoura, agulha de tape\u00e7aria, marcadores de pontos, l\u00e1pis, cartolina com 5 mm de espessura.<\/p>\n<p><strong>Direitos autorais e informa\u00e7\u00f5es de ajuda:<\/strong><br \/>\nEste padr\u00e3o \u00e9 um padr\u00e3o escrito (digital) com muitas imagens para ajud\u00e1-lo. Se voc\u00ea tiver d\u00favidas sobre o padr\u00e3o, envie um e-mail para craftygenesindonesia@gmail.com<\/p>\n<p><strong>Este padr\u00e3o digital de croch\u00ea \u00e9 apenas para uso pessoal e est\u00e1 protegido por direitos autorais. Portanto, voc\u00ea n\u00e3o pode copiar, vender, revender, traduzir, reivindicar como seu pr\u00f3prio design, distribuir, compartilhar, publicar, postar&#8230; de nenhuma forma ou maneira sem a minha permiss\u00e3o. Nem mesmo uma parte dele! <\/strong><\/p>\n<p><strong>Voc\u00ea pode vender o produto ou item acabado, em pequenas quantidades, mas n\u00e3o pode vender o padr\u00e3o de croch\u00ea em si! Mencione que o padr\u00e3o de croch\u00ea \u00e9 da minha autoria, Craftygenesindonesia, e onde pode ser adquirido. <\/strong><\/p>\n","protected":false},"excerpt":{"rendered":"<p>Este padr\u00e3o de croch\u00ea 2 em 1 de Santa Clara de Assis e Santa Teresa de \u00c1vila \u00e9 perfeito para voc\u00ea, se gosta de fazer croch\u00ea e colecionar estatuetas de santos.<\/p>\n<p>Mais informa\u00e7\u00f5es sobre Santa Clara e sua vida: <a href=\"https:\/\/www.biography.com\/religious-figures\/saint-clare-of-assisi\">https:\/\/www.biography.com\/religious-figures\/saint-clare-of-assisi<\/a><\/p>\n<p>Mais informa\u00e7\u00f5es sobre Santa Teresa de \u00c1vila e sua vida: <a href=\"https:\/\/www.britannica.com\/biography\/Saint-Teresa-of-Avila\">Saint Teresa of Avila | Biography, Facts, Prayer, Feast Day, &amp; Works | Britannica<\/a><\/p>\n","protected":false},"featured_media":987537812,"comment_status":"open","ping_status":"closed","template":"","meta":{"_acf_changed":false},"product_brand":[],"product_cat":[12982],"product_tag":[13190,12992,12989,13259,13037,13260,13178,13494,13183,13238],"class_list":{"0":"post-987537803","1":"product","2":"type-product","3":"status-publish","4":"has-post-thumbnail","6":"product_cat-padroes-de-croche-religiosos","7":"product_tag-biblia","8":"product_tag-catolico","9":"product_tag-cristao","10":"product_tag-freira","11":"product_tag-livro","12":"product_tag-padroeiro","13":"product_tag-papai-noel","14":"product_tag-pombinho","15":"product_tag-santo","16":"product_tag-santo-2","17":"pa_available_on-craftygenesindonesia","18":"pa_available_on-etsy","19":"pa_available_on-haked-nl","20":"pa_available_on-payhip","21":"pa_available_on-ravelry","22":"pa_languages-alemao","23":"pa_languages-espanhol","24":"pa_languages-frances","25":"pa_languages-holandes","26":"pa_languages-ingles-dos-eua","27":"pa_languages-italiano","29":"first","30":"instock","31":"downloadable","32":"virtual","33":"purchasable","34":"product-type-simple"},"acf":[],"yoast_head":"<!-- This site is optimized with the Yoast SEO plugin v27.3 - https:\/\/yoast.com\/product\/yoast-seo-wordpress\/ -->\n<title>Santa Clara e Santa Teresa de \u00c1vila padr\u00e3o de croch\u00ea - Craftygenesindonesia<\/title>\n<meta name=\"description\" content=\"Compre aqui o meu padr\u00e3o 2 em 1 de Santa Clara e Santa Teresa de \u00c1vila. O padr\u00e3o tamb\u00e9m est\u00e1 dispon\u00edvel no Etsy, Haked.nl, Ravelry e Payhip.\" \/>\n<meta name=\"robots\" content=\"index, follow, max-snippet:-1, max-image-preview:large, max-video-preview:-1\" \/>\n<link rel=\"canonical\" href=\"https:\/\/craftygenesindonesia.com\/pt-br\/shop\/padroes-de-croche-religiosos\/santa-clara-e-santa-teresa-de-avila\/\" \/>\n<meta property=\"og:locale\" content=\"pt_BR\" \/>\n<meta property=\"og:type\" content=\"article\" \/>\n<meta property=\"og:title\" content=\"Padr\u00e3o 2 em 1 de Santa Clara e Santa Teresa de \u00c1vila\" \/>\n<meta property=\"og:description\" content=\"Compre aqui o meu padr\u00e3o 2 em 1 de Santa Clara e Santa Teresa de \u00c1vila. O padr\u00e3o tamb\u00e9m est\u00e1 dispon\u00edvel no Etsy, Haked.nl, Ravelry e Payhip.\" \/>\n<meta property=\"og:url\" content=\"https:\/\/craftygenesindonesia.com\/pt-br\/shop\/padroes-de-croche-religiosos\/santa-clara-e-santa-teresa-de-avila\/\" \/>\n<meta property=\"og:site_name\" content=\"Craftygenesindonesia\" \/>\n<meta property=\"article:modified_time\" content=\"2026-03-23T10:19:12+00:00\" \/>\n<meta property=\"og:image\" content=\"https:\/\/craftygenesindonesia.com\/wp-content\/uploads\/2023\/12\/St-Clara-St-Teresa-300x300.jpg\" \/>\n<meta name=\"twitter:card\" content=\"summary_large_image\" \/>\n<meta name=\"twitter:label1\" content=\"Est. tempo de leitura\" \/>\n\t<meta name=\"twitter:data1\" content=\"2 minutos\" \/>\n<script type=\"application\/ld+json\" class=\"yoast-schema-graph\">{\"@context\":\"https:\\\/\\\/schema.org\",\"@graph\":[{\"@type\":\"WebPage\",\"@id\":\"https:\\\/\\\/craftygenesindonesia.com\\\/pt-br\\\/shop\\\/padroes-de-croche-religiosos\\\/santa-clara-e-santa-teresa-de-avila\\\/\",\"url\":\"https:\\\/\\\/craftygenesindonesia.com\\\/pt-br\\\/shop\\\/padroes-de-croche-religiosos\\\/santa-clara-e-santa-teresa-de-avila\\\/\",\"name\":\"Santa Clara e Santa Teresa de \u00c1vila padr\u00e3o de croch\u00ea - Craftygenesindonesia\",\"isPartOf\":{\"@id\":\"https:\\\/\\\/craftygenesindonesia.com\\\/pt-br\\\/#website\"},\"primaryImageOfPage\":{\"@id\":\"https:\\\/\\\/craftygenesindonesia.com\\\/pt-br\\\/shop\\\/padroes-de-croche-religiosos\\\/santa-clara-e-santa-teresa-de-avila\\\/#primaryimage\"},\"image\":{\"@id\":\"https:\\\/\\\/craftygenesindonesia.com\\\/pt-br\\\/shop\\\/padroes-de-croche-religiosos\\\/santa-clara-e-santa-teresa-de-avila\\\/#primaryimage\"},\"thumbnailUrl\":\"https:\\\/\\\/craftygenesindonesia.com\\\/wp-content\\\/uploads\\\/2023\\\/12\\\/St-Clara-St-Teresa.jpg\",\"datePublished\":\"2023-12-26T22:05:28+00:00\",\"dateModified\":\"2026-03-23T10:19:12+00:00\",\"description\":\"Compre aqui o meu padr\u00e3o 2 em 1 de Santa Clara e Santa Teresa de \u00c1vila. O padr\u00e3o tamb\u00e9m est\u00e1 dispon\u00edvel no Etsy, Haked.nl, Ravelry e Payhip.\",\"breadcrumb\":{\"@id\":\"https:\\\/\\\/craftygenesindonesia.com\\\/pt-br\\\/shop\\\/padroes-de-croche-religiosos\\\/santa-clara-e-santa-teresa-de-avila\\\/#breadcrumb\"},\"inLanguage\":\"pt-BR\",\"potentialAction\":[{\"@type\":\"ReadAction\",\"target\":[\"https:\\\/\\\/craftygenesindonesia.com\\\/pt-br\\\/shop\\\/padroes-de-croche-religiosos\\\/santa-clara-e-santa-teresa-de-avila\\\/\"]}]},{\"@type\":\"ImageObject\",\"inLanguage\":\"pt-BR\",\"@id\":\"https:\\\/\\\/craftygenesindonesia.com\\\/pt-br\\\/shop\\\/padroes-de-croche-religiosos\\\/santa-clara-e-santa-teresa-de-avila\\\/#primaryimage\",\"url\":\"https:\\\/\\\/craftygenesindonesia.com\\\/wp-content\\\/uploads\\\/2023\\\/12\\\/St-Clara-St-Teresa.jpg\",\"contentUrl\":\"https:\\\/\\\/craftygenesindonesia.com\\\/wp-content\\\/uploads\\\/2023\\\/12\\\/St-Clara-St-Teresa.jpg\",\"width\":1080,\"height\":1080,\"caption\":\"vers\u00f5es em croch\u00ea de Santa Clara e Santa Teresa\"},{\"@type\":\"BreadcrumbList\",\"@id\":\"https:\\\/\\\/craftygenesindonesia.com\\\/pt-br\\\/shop\\\/padroes-de-croche-religiosos\\\/santa-clara-e-santa-teresa-de-avila\\\/#breadcrumb\",\"itemListElement\":[{\"@type\":\"ListItem\",\"position\":1,\"name\":\"Home\",\"item\":\"https:\\\/\\\/craftygenesindonesia.com\\\/pt-br\\\/\"},{\"@type\":\"ListItem\",\"position\":2,\"name\":\"Loja de moldes\",\"item\":\"https:\\\/\\\/craftygenesindonesia.com\\\/pt-br\\\/loja-de-moldes\\\/\"},{\"@type\":\"ListItem\",\"position\":3,\"name\":\"Santa Clara e Santa Teresa de \u00c1vila\"}]},{\"@type\":\"WebSite\",\"@id\":\"https:\\\/\\\/craftygenesindonesia.com\\\/pt-br\\\/#website\",\"url\":\"https:\\\/\\\/craftygenesindonesia.com\\\/pt-br\\\/\",\"name\":\"Craftygenesindonesia\",\"description\":\"\",\"publisher\":{\"@id\":\"https:\\\/\\\/craftygenesindonesia.com\\\/pt-br\\\/#organization\"},\"potentialAction\":[{\"@type\":\"SearchAction\",\"target\":{\"@type\":\"EntryPoint\",\"urlTemplate\":\"https:\\\/\\\/craftygenesindonesia.com\\\/pt-br\\\/?s={search_term_string}\"},\"query-input\":{\"@type\":\"PropertyValueSpecification\",\"valueRequired\":true,\"valueName\":\"search_term_string\"}}],\"inLanguage\":\"pt-BR\"},{\"@type\":\"Organization\",\"@id\":\"https:\\\/\\\/craftygenesindonesia.com\\\/pt-br\\\/#organization\",\"name\":\"Craftygenesindonesia\",\"url\":\"https:\\\/\\\/craftygenesindonesia.com\\\/pt-br\\\/\",\"logo\":{\"@type\":\"ImageObject\",\"inLanguage\":\"pt-BR\",\"@id\":\"https:\\\/\\\/craftygenesindonesia.com\\\/pt-br\\\/#\\\/schema\\\/logo\\\/image\\\/\",\"url\":\"https:\\\/\\\/craftygenesindonesia.com\\\/wp-content\\\/uploads\\\/2025\\\/11\\\/cropped-Copy-of-Craftygenesindonesia.jpg\",\"contentUrl\":\"https:\\\/\\\/craftygenesindonesia.com\\\/wp-content\\\/uploads\\\/2025\\\/11\\\/cropped-Copy-of-Craftygenesindonesia.jpg\",\"width\":180,\"height\":60,\"caption\":\"Craftygenesindonesia\"},\"image\":{\"@id\":\"https:\\\/\\\/craftygenesindonesia.com\\\/pt-br\\\/#\\\/schema\\\/logo\\\/image\\\/\"}}]}<\/script>\n<!-- \/ Yoast SEO plugin. -->","yoast_head_json":{"title":"Santa Clara e Santa Teresa de \u00c1vila padr\u00e3o de croch\u00ea - Craftygenesindonesia","description":"Compre aqui o meu padr\u00e3o 2 em 1 de Santa Clara e Santa Teresa de \u00c1vila. O padr\u00e3o tamb\u00e9m est\u00e1 dispon\u00edvel no Etsy, Haked.nl, Ravelry e Payhip.","robots":{"index":"index","follow":"follow","max-snippet":"max-snippet:-1","max-image-preview":"max-image-preview:large","max-video-preview":"max-video-preview:-1"},"canonical":"https:\/\/craftygenesindonesia.com\/pt-br\/shop\/padroes-de-croche-religiosos\/santa-clara-e-santa-teresa-de-avila\/","og_locale":"pt_BR","og_type":"article","og_title":"Padr\u00e3o 2 em 1 de Santa Clara e Santa Teresa de \u00c1vila","og_description":"Compre aqui o meu padr\u00e3o 2 em 1 de Santa Clara e Santa Teresa de \u00c1vila. O padr\u00e3o tamb\u00e9m est\u00e1 dispon\u00edvel no Etsy, Haked.nl, Ravelry e Payhip.","og_url":"https:\/\/craftygenesindonesia.com\/pt-br\/shop\/padroes-de-croche-religiosos\/santa-clara-e-santa-teresa-de-avila\/","og_site_name":"Craftygenesindonesia","article_modified_time":"2026-03-23T10:19:12+00:00","og_image":[{"url":"https:\/\/craftygenesindonesia.com\/wp-content\/uploads\/2023\/12\/St-Clara-St-Teresa-300x300.jpg","type":"","width":"","height":""}],"twitter_card":"summary_large_image","twitter_misc":{"Est. tempo de leitura":"2 minutos"},"schema":{"@context":"https:\/\/schema.org","@graph":[{"@type":"WebPage","@id":"https:\/\/craftygenesindonesia.com\/pt-br\/shop\/padroes-de-croche-religiosos\/santa-clara-e-santa-teresa-de-avila\/","url":"https:\/\/craftygenesindonesia.com\/pt-br\/shop\/padroes-de-croche-religiosos\/santa-clara-e-santa-teresa-de-avila\/","name":"Santa Clara e Santa Teresa de \u00c1vila padr\u00e3o de croch\u00ea - Craftygenesindonesia","isPartOf":{"@id":"https:\/\/craftygenesindonesia.com\/pt-br\/#website"},"primaryImageOfPage":{"@id":"https:\/\/craftygenesindonesia.com\/pt-br\/shop\/padroes-de-croche-religiosos\/santa-clara-e-santa-teresa-de-avila\/#primaryimage"},"image":{"@id":"https:\/\/craftygenesindonesia.com\/pt-br\/shop\/padroes-de-croche-religiosos\/santa-clara-e-santa-teresa-de-avila\/#primaryimage"},"thumbnailUrl":"https:\/\/craftygenesindonesia.com\/wp-content\/uploads\/2023\/12\/St-Clara-St-Teresa.jpg","datePublished":"2023-12-26T22:05:28+00:00","dateModified":"2026-03-23T10:19:12+00:00","description":"Compre aqui o meu padr\u00e3o 2 em 1 de Santa Clara e Santa Teresa de \u00c1vila. O padr\u00e3o tamb\u00e9m est\u00e1 dispon\u00edvel no Etsy, Haked.nl, Ravelry e Payhip.","breadcrumb":{"@id":"https:\/\/craftygenesindonesia.com\/pt-br\/shop\/padroes-de-croche-religiosos\/santa-clara-e-santa-teresa-de-avila\/#breadcrumb"},"inLanguage":"pt-BR","potentialAction":[{"@type":"ReadAction","target":["https:\/\/craftygenesindonesia.com\/pt-br\/shop\/padroes-de-croche-religiosos\/santa-clara-e-santa-teresa-de-avila\/"]}]},{"@type":"ImageObject","inLanguage":"pt-BR","@id":"https:\/\/craftygenesindonesia.com\/pt-br\/shop\/padroes-de-croche-religiosos\/santa-clara-e-santa-teresa-de-avila\/#primaryimage","url":"https:\/\/craftygenesindonesia.com\/wp-content\/uploads\/2023\/12\/St-Clara-St-Teresa.jpg","contentUrl":"https:\/\/craftygenesindonesia.com\/wp-content\/uploads\/2023\/12\/St-Clara-St-Teresa.jpg","width":1080,"height":1080,"caption":"vers\u00f5es em croch\u00ea de Santa Clara e Santa Teresa"},{"@type":"BreadcrumbList","@id":"https:\/\/craftygenesindonesia.com\/pt-br\/shop\/padroes-de-croche-religiosos\/santa-clara-e-santa-teresa-de-avila\/#breadcrumb","itemListElement":[{"@type":"ListItem","position":1,"name":"Home","item":"https:\/\/craftygenesindonesia.com\/pt-br\/"},{"@type":"ListItem","position":2,"name":"Loja de moldes","item":"https:\/\/craftygenesindonesia.com\/pt-br\/loja-de-moldes\/"},{"@type":"ListItem","position":3,"name":"Santa Clara e Santa Teresa de \u00c1vila"}]},{"@type":"WebSite","@id":"https:\/\/craftygenesindonesia.com\/pt-br\/#website","url":"https:\/\/craftygenesindonesia.com\/pt-br\/","name":"Craftygenesindonesia","description":"","publisher":{"@id":"https:\/\/craftygenesindonesia.com\/pt-br\/#organization"},"potentialAction":[{"@type":"SearchAction","target":{"@type":"EntryPoint","urlTemplate":"https:\/\/craftygenesindonesia.com\/pt-br\/?s={search_term_string}"},"query-input":{"@type":"PropertyValueSpecification","valueRequired":true,"valueName":"search_term_string"}}],"inLanguage":"pt-BR"},{"@type":"Organization","@id":"https:\/\/craftygenesindonesia.com\/pt-br\/#organization","name":"Craftygenesindonesia","url":"https:\/\/craftygenesindonesia.com\/pt-br\/","logo":{"@type":"ImageObject","inLanguage":"pt-BR","@id":"https:\/\/craftygenesindonesia.com\/pt-br\/#\/schema\/logo\/image\/","url":"https:\/\/craftygenesindonesia.com\/wp-content\/uploads\/2025\/11\/cropped-Copy-of-Craftygenesindonesia.jpg","contentUrl":"https:\/\/craftygenesindonesia.com\/wp-content\/uploads\/2025\/11\/cropped-Copy-of-Craftygenesindonesia.jpg","width":180,"height":60,"caption":"Craftygenesindonesia"},"image":{"@id":"https:\/\/craftygenesindonesia.com\/pt-br\/#\/schema\/logo\/image\/"}}]}},"_links":{"self":[{"href":"https:\/\/craftygenesindonesia.com\/pt-br\/wp-json\/wp\/v2\/product\/987537803","targetHints":{"allow":["GET"]}}],"collection":[{"href":"https:\/\/craftygenesindonesia.com\/pt-br\/wp-json\/wp\/v2\/product"}],"about":[{"href":"https:\/\/craftygenesindonesia.com\/pt-br\/wp-json\/wp\/v2\/types\/product"}],"replies":[{"embeddable":true,"href":"https:\/\/craftygenesindonesia.com\/pt-br\/wp-json\/wp\/v2\/comments?post=987537803"}],"wp:featuredmedia":[{"embeddable":true,"href":"https:\/\/craftygenesindonesia.com\/pt-br\/wp-json\/wp\/v2\/media\/987537812"}],"wp:attachment":[{"href":"https:\/\/craftygenesindonesia.com\/pt-br\/wp-json\/wp\/v2\/media?parent=987537803"}],"wp:term":[{"taxonomy":"product_brand","embeddable":true,"href":"https:\/\/craftygenesindonesia.com\/pt-br\/wp-json\/wp\/v2\/product_brand?post=987537803"},{"taxonomy":"product_cat","embeddable":true,"href":"https:\/\/craftygenesindonesia.com\/pt-br\/wp-json\/wp\/v2\/product_cat?post=987537803"},{"taxonomy":"product_tag","embeddable":true,"href":"https:\/\/craftygenesindonesia.com\/pt-br\/wp-json\/wp\/v2\/product_tag?post=987537803"}],"curies":[{"name":"wp","href":"https:\/\/api.w.org\/{rel}","templated":true}]}}