{"id":987537795,"date":"2023-12-16T05:39:37","date_gmt":"2023-12-15T21:39:37","guid":{"rendered":"https:\/\/craftygenesindonesia.com\/shop\/sem%20categoria\/o-anjo-honorina\/"},"modified":"2026-03-23T18:22:30","modified_gmt":"2026-03-23T10:22:30","slug":"o-anjo-honorina","status":"publish","type":"product","link":"https:\/\/craftygenesindonesia.com\/pt-br\/shop\/padroes-de-croche-natal\/o-anjo-honorina\/","title":{"rendered":"O Anjo Honorina"},"content":{"rendered":"<p>O anjo tem 25 cm de altura e \u00e9 feito com fio tamanho 3 adequado para amigurumi e uma agulha de croch\u00ea de 2 mm.<\/p>\n<p>&nbsp;<\/p>\n<p>Voc\u00ea precisa das seguintes cores: branco, cor de pele, branco sujo.<\/p>\n<p>Voc\u00ea tamb\u00e9m precisar\u00e1 de fio chenille branco, enchimento, alfinetes de costura, marcadores de pontos, agulha de tape\u00e7aria, tesoura, cola, l\u00e1pis, alicate de corte, fio de alum\u00ednio de 1,5 mm, glitter branco fino, spray para cabelo, papel\u00e3o com 5 mm de espessura e cotonetes.<\/p>\n<p>&nbsp;<\/p>\n<p>Agulha de croch\u00ea: tamanho 2 mm<\/p>\n<p>&nbsp;<\/p>\n<p>Este padr\u00e3o \u00e9 um padr\u00e3o escrito com muitas imagens para ajud\u00e1-lo. Se ainda tiver d\u00favidas, envie-me uma mensagem para: <a href=\"mailto:craftygenesindonesia@gmail.com\">craftygenesindonesia@gmail.com<\/a><\/p>\n<p>&nbsp;<\/p>\n<p><strong>Este padr\u00e3o \u00e9 apenas para uso pessoal e est\u00e1 protegido por direitos autorais. Portanto, o padr\u00e3o N\u00c3O pode ser copiado, vendido, revendido, traduzido, reivindicado como seu projeto, distribu\u00eddo, compartilhado, publicado, postado online&#8230; de qualquer forma sem o meu consentimento. Nem mesmo parte disso!!!<\/strong><\/p>\n<p>&nbsp;<\/p>\n<p><strong>Voc\u00ea pode vender o anjo em pequenas quantidades, mas n\u00e3o o padr\u00e3o de croch\u00ea em si! Por favor, mencione que o padr\u00e3o \u00e9 da Craftygenesindonesia e onde ele pode ser adquirido. <\/strong><\/p>\n","protected":false},"excerpt":{"rendered":"<p>Este \u00e9 um anjo simples, mas bonito, que voc\u00ea pode fazer para o Natal e, na verdade, para qualquer outra \u00e9poca do ano. Ele ser\u00e1 um presente maravilhoso.<\/p>\n<p>Este anjo recebeu o nome da minha trisav\u00f3 Honorina.<\/p>\n","protected":false},"featured_media":987537798,"comment_status":"open","ping_status":"closed","template":"","meta":{"_acf_changed":false},"product_brand":[],"product_cat":[12995,13005],"product_tag":[12988,13047,13168,13170,13480],"class_list":{"0":"post-987537795","1":"product","2":"type-product","3":"status-publish","4":"has-post-thumbnail","6":"product_cat-padroes-de-croche-natal","7":"product_cat-padroes-de-croche-anjo","8":"product_tag-anjo","9":"product_tag-anjo-de-natal","10":"product_tag-asas","11":"product_tag-branco","12":"product_tag-ceu-2","13":"pa_available_on-craftygenesindonesia","14":"pa_available_on-etsy","15":"pa_available_on-haked-nl","16":"pa_available_on-payhip","17":"pa_available_on-ravelry","18":"pa_languages-alemao","19":"pa_languages-espanhol","20":"pa_languages-frances","21":"pa_languages-holandes","22":"pa_languages-ingles-dos-eua","23":"pa_languages-portugues","25":"first","26":"instock","27":"downloadable","28":"virtual","29":"purchasable","30":"product-type-simple"},"acf":[],"yoast_head":"<!-- This site is optimized with the Yoast SEO plugin v27.4 - https:\/\/yoast.com\/product\/yoast-seo-wordpress\/ -->\n<title>O Anjo Honorina padr\u00e3o de croch\u00ea - Craftygenesindonesia<\/title>\n<meta name=\"description\" content=\"Compre aqui o meu padr\u00e3o de croch\u00ea para o anjo de Natal \u201cAnjo Honorina\u201d. O padr\u00e3o de croch\u00ea f\u00e1cil de seguir tamb\u00e9m est\u00e1 dispon\u00edvel em Haked.nl, Etsy, Ravelry, Payhip.\" \/>\n<meta name=\"robots\" content=\"index, follow, max-snippet:-1, max-image-preview:large, max-video-preview:-1\" \/>\n<link rel=\"canonical\" href=\"https:\/\/craftygenesindonesia.com\/pt-br\/shop\/padroes-de-croche-natal\/o-anjo-honorina\/\" \/>\n<meta property=\"og:locale\" content=\"pt_BR\" \/>\n<meta property=\"og:type\" content=\"article\" \/>\n<meta property=\"og:title\" content=\"Anjo Honorina - Padr\u00e3o de croch\u00ea para anjo de Natal\" \/>\n<meta property=\"og:description\" content=\"Compre aqui o meu padr\u00e3o de croch\u00ea para o anjo de Natal \u201cAnjo Honorina\u201d. O padr\u00e3o de croch\u00ea f\u00e1cil de seguir tamb\u00e9m est\u00e1 dispon\u00edvel em Haked.nl, Etsy, Ravelry, Payhip.\" \/>\n<meta property=\"og:url\" content=\"https:\/\/craftygenesindonesia.com\/pt-br\/shop\/padroes-de-croche-natal\/o-anjo-honorina\/\" \/>\n<meta property=\"og:site_name\" content=\"Craftygenesindonesia\" \/>\n<meta property=\"article:modified_time\" content=\"2026-03-23T10:22:30+00:00\" \/>\n<meta property=\"og:image\" content=\"https:\/\/craftygenesindonesia.com\/wp-content\/uploads\/2023\/12\/Honorina-300x300.jpg\" \/>\n<meta name=\"twitter:card\" content=\"summary_large_image\" \/>\n<meta name=\"twitter:label1\" content=\"Est. tempo de leitura\" \/>\n\t<meta name=\"twitter:data1\" content=\"1 minuto\" \/>\n<script type=\"application\/ld+json\" class=\"yoast-schema-graph\">{\"@context\":\"https:\\\/\\\/schema.org\",\"@graph\":[{\"@type\":\"WebPage\",\"@id\":\"https:\\\/\\\/craftygenesindonesia.com\\\/pt-br\\\/shop\\\/padroes-de-croche-natal\\\/o-anjo-honorina\\\/\",\"url\":\"https:\\\/\\\/craftygenesindonesia.com\\\/pt-br\\\/shop\\\/padroes-de-croche-natal\\\/o-anjo-honorina\\\/\",\"name\":\"O Anjo Honorina padr\u00e3o de croch\u00ea - Craftygenesindonesia\",\"isPartOf\":{\"@id\":\"https:\\\/\\\/craftygenesindonesia.com\\\/pt-br\\\/#website\"},\"primaryImageOfPage\":{\"@id\":\"https:\\\/\\\/craftygenesindonesia.com\\\/pt-br\\\/shop\\\/padroes-de-croche-natal\\\/o-anjo-honorina\\\/#primaryimage\"},\"image\":{\"@id\":\"https:\\\/\\\/craftygenesindonesia.com\\\/pt-br\\\/shop\\\/padroes-de-croche-natal\\\/o-anjo-honorina\\\/#primaryimage\"},\"thumbnailUrl\":\"https:\\\/\\\/craftygenesindonesia.com\\\/wp-content\\\/uploads\\\/2023\\\/12\\\/Honorina.jpg\",\"datePublished\":\"2023-12-15T21:39:37+00:00\",\"dateModified\":\"2026-03-23T10:22:30+00:00\",\"description\":\"Compre aqui o meu padr\u00e3o de croch\u00ea para o anjo de Natal \u201cAnjo Honorina\u201d. O padr\u00e3o de croch\u00ea f\u00e1cil de seguir tamb\u00e9m est\u00e1 dispon\u00edvel em Haked.nl, Etsy, Ravelry, Payhip.\",\"breadcrumb\":{\"@id\":\"https:\\\/\\\/craftygenesindonesia.com\\\/pt-br\\\/shop\\\/padroes-de-croche-natal\\\/o-anjo-honorina\\\/#breadcrumb\"},\"inLanguage\":\"pt-BR\",\"potentialAction\":[{\"@type\":\"ReadAction\",\"target\":[\"https:\\\/\\\/craftygenesindonesia.com\\\/pt-br\\\/shop\\\/padroes-de-croche-natal\\\/o-anjo-honorina\\\/\"]}]},{\"@type\":\"ImageObject\",\"inLanguage\":\"pt-BR\",\"@id\":\"https:\\\/\\\/craftygenesindonesia.com\\\/pt-br\\\/shop\\\/padroes-de-croche-natal\\\/o-anjo-honorina\\\/#primaryimage\",\"url\":\"https:\\\/\\\/craftygenesindonesia.com\\\/wp-content\\\/uploads\\\/2023\\\/12\\\/Honorina.jpg\",\"contentUrl\":\"https:\\\/\\\/craftygenesindonesia.com\\\/wp-content\\\/uploads\\\/2023\\\/12\\\/Honorina.jpg\",\"width\":1080,\"height\":1080,\"caption\":\"gancho angel\"},{\"@type\":\"BreadcrumbList\",\"@id\":\"https:\\\/\\\/craftygenesindonesia.com\\\/pt-br\\\/shop\\\/padroes-de-croche-natal\\\/o-anjo-honorina\\\/#breadcrumb\",\"itemListElement\":[{\"@type\":\"ListItem\",\"position\":1,\"name\":\"Home\",\"item\":\"https:\\\/\\\/craftygenesindonesia.com\\\/pt-br\\\/\"},{\"@type\":\"ListItem\",\"position\":2,\"name\":\"Loja de moldes\",\"item\":\"https:\\\/\\\/craftygenesindonesia.com\\\/pt-br\\\/loja-de-moldes\\\/\"},{\"@type\":\"ListItem\",\"position\":3,\"name\":\"O Anjo Honorina\"}]},{\"@type\":\"WebSite\",\"@id\":\"https:\\\/\\\/craftygenesindonesia.com\\\/pt-br\\\/#website\",\"url\":\"https:\\\/\\\/craftygenesindonesia.com\\\/pt-br\\\/\",\"name\":\"Craftygenesindonesia\",\"description\":\"\",\"publisher\":{\"@id\":\"https:\\\/\\\/craftygenesindonesia.com\\\/pt-br\\\/#organization\"},\"potentialAction\":[{\"@type\":\"SearchAction\",\"target\":{\"@type\":\"EntryPoint\",\"urlTemplate\":\"https:\\\/\\\/craftygenesindonesia.com\\\/pt-br\\\/?s={search_term_string}\"},\"query-input\":{\"@type\":\"PropertyValueSpecification\",\"valueRequired\":true,\"valueName\":\"search_term_string\"}}],\"inLanguage\":\"pt-BR\"},{\"@type\":\"Organization\",\"@id\":\"https:\\\/\\\/craftygenesindonesia.com\\\/pt-br\\\/#organization\",\"name\":\"Craftygenesindonesia\",\"url\":\"https:\\\/\\\/craftygenesindonesia.com\\\/pt-br\\\/\",\"logo\":{\"@type\":\"ImageObject\",\"inLanguage\":\"pt-BR\",\"@id\":\"https:\\\/\\\/craftygenesindonesia.com\\\/pt-br\\\/#\\\/schema\\\/logo\\\/image\\\/\",\"url\":\"https:\\\/\\\/craftygenesindonesia.com\\\/wp-content\\\/uploads\\\/2025\\\/11\\\/cropped-Copy-of-Craftygenesindonesia.jpg\",\"contentUrl\":\"https:\\\/\\\/craftygenesindonesia.com\\\/wp-content\\\/uploads\\\/2025\\\/11\\\/cropped-Copy-of-Craftygenesindonesia.jpg\",\"width\":180,\"height\":60,\"caption\":\"Craftygenesindonesia\"},\"image\":{\"@id\":\"https:\\\/\\\/craftygenesindonesia.com\\\/pt-br\\\/#\\\/schema\\\/logo\\\/image\\\/\"}}]}<\/script>\n<!-- \/ Yoast SEO plugin. -->","yoast_head_json":{"title":"O Anjo Honorina padr\u00e3o de croch\u00ea - Craftygenesindonesia","description":"Compre aqui o meu padr\u00e3o de croch\u00ea para o anjo de Natal \u201cAnjo Honorina\u201d. O padr\u00e3o de croch\u00ea f\u00e1cil de seguir tamb\u00e9m est\u00e1 dispon\u00edvel em Haked.nl, Etsy, Ravelry, Payhip.","robots":{"index":"index","follow":"follow","max-snippet":"max-snippet:-1","max-image-preview":"max-image-preview:large","max-video-preview":"max-video-preview:-1"},"canonical":"https:\/\/craftygenesindonesia.com\/pt-br\/shop\/padroes-de-croche-natal\/o-anjo-honorina\/","og_locale":"pt_BR","og_type":"article","og_title":"Anjo Honorina - Padr\u00e3o de croch\u00ea para anjo de Natal","og_description":"Compre aqui o meu padr\u00e3o de croch\u00ea para o anjo de Natal \u201cAnjo Honorina\u201d. O padr\u00e3o de croch\u00ea f\u00e1cil de seguir tamb\u00e9m est\u00e1 dispon\u00edvel em Haked.nl, Etsy, Ravelry, Payhip.","og_url":"https:\/\/craftygenesindonesia.com\/pt-br\/shop\/padroes-de-croche-natal\/o-anjo-honorina\/","og_site_name":"Craftygenesindonesia","article_modified_time":"2026-03-23T10:22:30+00:00","og_image":[{"url":"https:\/\/craftygenesindonesia.com\/wp-content\/uploads\/2023\/12\/Honorina-300x300.jpg","type":"","width":"","height":""}],"twitter_card":"summary_large_image","twitter_misc":{"Est. tempo de leitura":"1 minuto"},"schema":{"@context":"https:\/\/schema.org","@graph":[{"@type":"WebPage","@id":"https:\/\/craftygenesindonesia.com\/pt-br\/shop\/padroes-de-croche-natal\/o-anjo-honorina\/","url":"https:\/\/craftygenesindonesia.com\/pt-br\/shop\/padroes-de-croche-natal\/o-anjo-honorina\/","name":"O Anjo Honorina padr\u00e3o de croch\u00ea - Craftygenesindonesia","isPartOf":{"@id":"https:\/\/craftygenesindonesia.com\/pt-br\/#website"},"primaryImageOfPage":{"@id":"https:\/\/craftygenesindonesia.com\/pt-br\/shop\/padroes-de-croche-natal\/o-anjo-honorina\/#primaryimage"},"image":{"@id":"https:\/\/craftygenesindonesia.com\/pt-br\/shop\/padroes-de-croche-natal\/o-anjo-honorina\/#primaryimage"},"thumbnailUrl":"https:\/\/craftygenesindonesia.com\/wp-content\/uploads\/2023\/12\/Honorina.jpg","datePublished":"2023-12-15T21:39:37+00:00","dateModified":"2026-03-23T10:22:30+00:00","description":"Compre aqui o meu padr\u00e3o de croch\u00ea para o anjo de Natal \u201cAnjo Honorina\u201d. O padr\u00e3o de croch\u00ea f\u00e1cil de seguir tamb\u00e9m est\u00e1 dispon\u00edvel em Haked.nl, Etsy, Ravelry, Payhip.","breadcrumb":{"@id":"https:\/\/craftygenesindonesia.com\/pt-br\/shop\/padroes-de-croche-natal\/o-anjo-honorina\/#breadcrumb"},"inLanguage":"pt-BR","potentialAction":[{"@type":"ReadAction","target":["https:\/\/craftygenesindonesia.com\/pt-br\/shop\/padroes-de-croche-natal\/o-anjo-honorina\/"]}]},{"@type":"ImageObject","inLanguage":"pt-BR","@id":"https:\/\/craftygenesindonesia.com\/pt-br\/shop\/padroes-de-croche-natal\/o-anjo-honorina\/#primaryimage","url":"https:\/\/craftygenesindonesia.com\/wp-content\/uploads\/2023\/12\/Honorina.jpg","contentUrl":"https:\/\/craftygenesindonesia.com\/wp-content\/uploads\/2023\/12\/Honorina.jpg","width":1080,"height":1080,"caption":"gancho angel"},{"@type":"BreadcrumbList","@id":"https:\/\/craftygenesindonesia.com\/pt-br\/shop\/padroes-de-croche-natal\/o-anjo-honorina\/#breadcrumb","itemListElement":[{"@type":"ListItem","position":1,"name":"Home","item":"https:\/\/craftygenesindonesia.com\/pt-br\/"},{"@type":"ListItem","position":2,"name":"Loja de moldes","item":"https:\/\/craftygenesindonesia.com\/pt-br\/loja-de-moldes\/"},{"@type":"ListItem","position":3,"name":"O Anjo Honorina"}]},{"@type":"WebSite","@id":"https:\/\/craftygenesindonesia.com\/pt-br\/#website","url":"https:\/\/craftygenesindonesia.com\/pt-br\/","name":"Craftygenesindonesia","description":"","publisher":{"@id":"https:\/\/craftygenesindonesia.com\/pt-br\/#organization"},"potentialAction":[{"@type":"SearchAction","target":{"@type":"EntryPoint","urlTemplate":"https:\/\/craftygenesindonesia.com\/pt-br\/?s={search_term_string}"},"query-input":{"@type":"PropertyValueSpecification","valueRequired":true,"valueName":"search_term_string"}}],"inLanguage":"pt-BR"},{"@type":"Organization","@id":"https:\/\/craftygenesindonesia.com\/pt-br\/#organization","name":"Craftygenesindonesia","url":"https:\/\/craftygenesindonesia.com\/pt-br\/","logo":{"@type":"ImageObject","inLanguage":"pt-BR","@id":"https:\/\/craftygenesindonesia.com\/pt-br\/#\/schema\/logo\/image\/","url":"https:\/\/craftygenesindonesia.com\/wp-content\/uploads\/2025\/11\/cropped-Copy-of-Craftygenesindonesia.jpg","contentUrl":"https:\/\/craftygenesindonesia.com\/wp-content\/uploads\/2025\/11\/cropped-Copy-of-Craftygenesindonesia.jpg","width":180,"height":60,"caption":"Craftygenesindonesia"},"image":{"@id":"https:\/\/craftygenesindonesia.com\/pt-br\/#\/schema\/logo\/image\/"}}]}},"_links":{"self":[{"href":"https:\/\/craftygenesindonesia.com\/pt-br\/wp-json\/wp\/v2\/product\/987537795","targetHints":{"allow":["GET"]}}],"collection":[{"href":"https:\/\/craftygenesindonesia.com\/pt-br\/wp-json\/wp\/v2\/product"}],"about":[{"href":"https:\/\/craftygenesindonesia.com\/pt-br\/wp-json\/wp\/v2\/types\/product"}],"replies":[{"embeddable":true,"href":"https:\/\/craftygenesindonesia.com\/pt-br\/wp-json\/wp\/v2\/comments?post=987537795"}],"wp:featuredmedia":[{"embeddable":true,"href":"https:\/\/craftygenesindonesia.com\/pt-br\/wp-json\/wp\/v2\/media\/987537798"}],"wp:attachment":[{"href":"https:\/\/craftygenesindonesia.com\/pt-br\/wp-json\/wp\/v2\/media?parent=987537795"}],"wp:term":[{"taxonomy":"product_brand","embeddable":true,"href":"https:\/\/craftygenesindonesia.com\/pt-br\/wp-json\/wp\/v2\/product_brand?post=987537795"},{"taxonomy":"product_cat","embeddable":true,"href":"https:\/\/craftygenesindonesia.com\/pt-br\/wp-json\/wp\/v2\/product_cat?post=987537795"},{"taxonomy":"product_tag","embeddable":true,"href":"https:\/\/craftygenesindonesia.com\/pt-br\/wp-json\/wp\/v2\/product_tag?post=987537795"}],"curies":[{"name":"wp","href":"https:\/\/api.w.org\/{rel}","templated":true}]}}