{"id":987537760,"date":"2023-11-03T20:24:20","date_gmt":"2023-11-03T12:24:20","guid":{"rendered":"https:\/\/craftygenesindonesia.com\/shop\/sem%20categoria\/conjunto-de-enfeites-de-natal-1\/"},"modified":"2026-03-23T18:39:14","modified_gmt":"2026-03-23T10:39:14","slug":"conjunto-de-enfeites-de-natal-1","status":"publish","type":"product","link":"https:\/\/craftygenesindonesia.com\/pt-br\/shop\/padroes-de-croche-natal\/conjunto-de-enfeites-de-natal-1\/","title":{"rendered":"Conjunto de enfeites de Natal 1"},"content":{"rendered":"<p>Neste pacote, voc\u00ea recebe 3 padr\u00f5es de croch\u00ea para enfeites de Natal:<\/p>\n<p>&nbsp;<\/p>\n<ol>\n<li><a href=\"https:\/\/craftygenesindonesia.com\/product\/christmas-ornament-1\/\" target=\"_blank\" rel=\"noopener\">Enfeite de Natal 1<\/a><\/li>\n<li><a href=\"https:\/\/craftygenesindonesia.com\/product\/christmas-ornament-2\/\" target=\"_blank\" rel=\"noopener\">Enfeite de Natal 2<\/a><\/li>\n<li><a href=\"https:\/\/craftygenesindonesia.com\/product\/christmas-ornament-3\/\" target=\"_blank\" rel=\"noopener\">Enfeite de Natal 3<\/a><\/li>\n<\/ol>\n<p>&nbsp;<\/p>\n<p>Todos s\u00e3o feitos com fio tamanho 3 e uma agulha de croch\u00ea de 2 mm. Clique nos nomes acima para ver informa\u00e7\u00f5es sobre cada padr\u00e3o individual.<\/p>\n<p>&nbsp;<\/p>\n<p>Os padr\u00f5es desses enfeites de Natal est\u00e3o em arquivos zip por idioma. Clique no \u00edcone de bate-papo no canto direito da tela aqui no meu site para me enviar uma mensagem se voc\u00ea n\u00e3o souber como extrair os arquivos do arquivo zip.<\/p>\n","protected":false},"excerpt":{"rendered":"<p>Neste pacote, voc\u00ea recebe tr\u00eas lindos padr\u00f5es de croch\u00ea para enfeites de Natal que s\u00e3o f\u00e1ceis de fazer e ficar\u00e3o incr\u00edveis na sua \u00e1rvore de Natal! Cada padr\u00e3o tamb\u00e9m est\u00e1 dispon\u00edvel individualmente.<\/p>\n","protected":false},"featured_media":987537763,"comment_status":"open","ping_status":"closed","template":"","meta":{"_acf_changed":false},"product_brand":[],"product_cat":[12995,13010],"product_tag":[13072,13080,13252,13071],"class_list":{"0":"post-987537760","1":"product","2":"type-product","3":"status-publish","4":"has-post-thumbnail","6":"product_cat-padroes-de-croche-natal","7":"product_cat-enfeites-de-natal","8":"product_tag-arvore-de-natal","9":"product_tag-enfeites","10":"product_tag-enfeites-2","11":"product_tag-enfeites-de-natal","12":"pa_available_on-craftygenesindonesia","13":"pa_available_on-creative-fabrica","14":"pa_available_on-etsy","15":"pa_languages-espanhol","16":"pa_languages-frances","17":"pa_languages-holandes","18":"pa_languages-ingles-dos-eua","20":"first","21":"instock","22":"downloadable","23":"virtual","24":"purchasable","25":"product-type-simple"},"acf":[],"yoast_head":"<!-- This site is optimized with the Yoast SEO plugin v27.4 - https:\/\/yoast.com\/product\/yoast-seo-wordpress\/ -->\n<title>Conjunto de enfeites de Natal 1 padr\u00f5es de croch\u00ea - Craftygenesindonesia<\/title>\n<meta name=\"description\" content=\"Compre aqui os padr\u00f5es de croch\u00ea para 3 lindos enfeites de Natal = Enfeite 1, 2 e 3. Todos s\u00e3o f\u00e1ceis de seguir e s\u00e3o padr\u00f5es indispens\u00e1veis!\" \/>\n<meta name=\"robots\" content=\"index, follow, max-snippet:-1, max-image-preview:large, max-video-preview:-1\" \/>\n<link rel=\"canonical\" href=\"https:\/\/craftygenesindonesia.com\/pt-br\/shop\/padroes-de-croche-natal\/conjunto-de-enfeites-de-natal-1\/\" \/>\n<meta property=\"og:locale\" content=\"pt_BR\" \/>\n<meta property=\"og:type\" content=\"article\" \/>\n<meta property=\"og:title\" content=\"Conjunto de enfeites de Natal 1 padr\u00f5es de croch\u00ea - Craftygenesindonesia\" \/>\n<meta property=\"og:description\" content=\"Compre aqui os padr\u00f5es de croch\u00ea para 3 lindos enfeites de Natal = Enfeite 1, 2 e 3. Todos s\u00e3o f\u00e1ceis de seguir e s\u00e3o padr\u00f5es indispens\u00e1veis!\" \/>\n<meta property=\"og:url\" content=\"https:\/\/craftygenesindonesia.com\/pt-br\/shop\/padroes-de-croche-natal\/conjunto-de-enfeites-de-natal-1\/\" \/>\n<meta property=\"og:site_name\" content=\"Craftygenesindonesia\" \/>\n<meta property=\"article:modified_time\" content=\"2026-03-23T10:39:14+00:00\" \/>\n<meta property=\"og:image\" content=\"https:\/\/craftygenesindonesia.com\/wp-content\/uploads\/2023\/11\/Ornaments-1.jpg\" \/>\n\t<meta property=\"og:image:width\" content=\"1215\" \/>\n\t<meta property=\"og:image:height\" content=\"1215\" \/>\n\t<meta property=\"og:image:type\" content=\"image\/jpeg\" \/>\n<meta name=\"twitter:card\" content=\"summary_large_image\" \/>\n<meta name=\"twitter:label1\" content=\"Est. tempo de leitura\" \/>\n\t<meta name=\"twitter:data1\" content=\"1 minuto\" \/>\n<script type=\"application\/ld+json\" class=\"yoast-schema-graph\">{\"@context\":\"https:\\\/\\\/schema.org\",\"@graph\":[{\"@type\":\"WebPage\",\"@id\":\"https:\\\/\\\/craftygenesindonesia.com\\\/pt-br\\\/shop\\\/padroes-de-croche-natal\\\/conjunto-de-enfeites-de-natal-1\\\/\",\"url\":\"https:\\\/\\\/craftygenesindonesia.com\\\/pt-br\\\/shop\\\/padroes-de-croche-natal\\\/conjunto-de-enfeites-de-natal-1\\\/\",\"name\":\"Conjunto de enfeites de Natal 1 padr\u00f5es de croch\u00ea - Craftygenesindonesia\",\"isPartOf\":{\"@id\":\"https:\\\/\\\/craftygenesindonesia.com\\\/pt-br\\\/#website\"},\"primaryImageOfPage\":{\"@id\":\"https:\\\/\\\/craftygenesindonesia.com\\\/pt-br\\\/shop\\\/padroes-de-croche-natal\\\/conjunto-de-enfeites-de-natal-1\\\/#primaryimage\"},\"image\":{\"@id\":\"https:\\\/\\\/craftygenesindonesia.com\\\/pt-br\\\/shop\\\/padroes-de-croche-natal\\\/conjunto-de-enfeites-de-natal-1\\\/#primaryimage\"},\"thumbnailUrl\":\"https:\\\/\\\/craftygenesindonesia.com\\\/wp-content\\\/uploads\\\/2023\\\/11\\\/Ornaments-1.jpg\",\"datePublished\":\"2023-11-03T12:24:20+00:00\",\"dateModified\":\"2026-03-23T10:39:14+00:00\",\"description\":\"Compre aqui os padr\u00f5es de croch\u00ea para 3 lindos enfeites de Natal = Enfeite 1, 2 e 3. Todos s\u00e3o f\u00e1ceis de seguir e s\u00e3o padr\u00f5es indispens\u00e1veis!\",\"breadcrumb\":{\"@id\":\"https:\\\/\\\/craftygenesindonesia.com\\\/pt-br\\\/shop\\\/padroes-de-croche-natal\\\/conjunto-de-enfeites-de-natal-1\\\/#breadcrumb\"},\"inLanguage\":\"pt-BR\",\"potentialAction\":[{\"@type\":\"ReadAction\",\"target\":[\"https:\\\/\\\/craftygenesindonesia.com\\\/pt-br\\\/shop\\\/padroes-de-croche-natal\\\/conjunto-de-enfeites-de-natal-1\\\/\"]}]},{\"@type\":\"ImageObject\",\"inLanguage\":\"pt-BR\",\"@id\":\"https:\\\/\\\/craftygenesindonesia.com\\\/pt-br\\\/shop\\\/padroes-de-croche-natal\\\/conjunto-de-enfeites-de-natal-1\\\/#primaryimage\",\"url\":\"https:\\\/\\\/craftygenesindonesia.com\\\/wp-content\\\/uploads\\\/2023\\\/11\\\/Ornaments-1.jpg\",\"contentUrl\":\"https:\\\/\\\/craftygenesindonesia.com\\\/wp-content\\\/uploads\\\/2023\\\/11\\\/Ornaments-1.jpg\",\"width\":1215,\"height\":1215,\"caption\":\"enfeites de Natal em croch\u00ea\"},{\"@type\":\"BreadcrumbList\",\"@id\":\"https:\\\/\\\/craftygenesindonesia.com\\\/pt-br\\\/shop\\\/padroes-de-croche-natal\\\/conjunto-de-enfeites-de-natal-1\\\/#breadcrumb\",\"itemListElement\":[{\"@type\":\"ListItem\",\"position\":1,\"name\":\"Home\",\"item\":\"https:\\\/\\\/craftygenesindonesia.com\\\/pt-br\\\/\"},{\"@type\":\"ListItem\",\"position\":2,\"name\":\"Loja de moldes\",\"item\":\"https:\\\/\\\/craftygenesindonesia.com\\\/pt-br\\\/loja-de-moldes\\\/\"},{\"@type\":\"ListItem\",\"position\":3,\"name\":\"Conjunto de enfeites de Natal 1\"}]},{\"@type\":\"WebSite\",\"@id\":\"https:\\\/\\\/craftygenesindonesia.com\\\/pt-br\\\/#website\",\"url\":\"https:\\\/\\\/craftygenesindonesia.com\\\/pt-br\\\/\",\"name\":\"Craftygenesindonesia\",\"description\":\"\",\"publisher\":{\"@id\":\"https:\\\/\\\/craftygenesindonesia.com\\\/pt-br\\\/#organization\"},\"potentialAction\":[{\"@type\":\"SearchAction\",\"target\":{\"@type\":\"EntryPoint\",\"urlTemplate\":\"https:\\\/\\\/craftygenesindonesia.com\\\/pt-br\\\/?s={search_term_string}\"},\"query-input\":{\"@type\":\"PropertyValueSpecification\",\"valueRequired\":true,\"valueName\":\"search_term_string\"}}],\"inLanguage\":\"pt-BR\"},{\"@type\":\"Organization\",\"@id\":\"https:\\\/\\\/craftygenesindonesia.com\\\/pt-br\\\/#organization\",\"name\":\"Craftygenesindonesia\",\"url\":\"https:\\\/\\\/craftygenesindonesia.com\\\/pt-br\\\/\",\"logo\":{\"@type\":\"ImageObject\",\"inLanguage\":\"pt-BR\",\"@id\":\"https:\\\/\\\/craftygenesindonesia.com\\\/pt-br\\\/#\\\/schema\\\/logo\\\/image\\\/\",\"url\":\"https:\\\/\\\/craftygenesindonesia.com\\\/wp-content\\\/uploads\\\/2025\\\/11\\\/cropped-Copy-of-Craftygenesindonesia.jpg\",\"contentUrl\":\"https:\\\/\\\/craftygenesindonesia.com\\\/wp-content\\\/uploads\\\/2025\\\/11\\\/cropped-Copy-of-Craftygenesindonesia.jpg\",\"width\":180,\"height\":60,\"caption\":\"Craftygenesindonesia\"},\"image\":{\"@id\":\"https:\\\/\\\/craftygenesindonesia.com\\\/pt-br\\\/#\\\/schema\\\/logo\\\/image\\\/\"}}]}<\/script>\n<!-- \/ Yoast SEO plugin. -->","yoast_head_json":{"title":"Conjunto de enfeites de Natal 1 padr\u00f5es de croch\u00ea - Craftygenesindonesia","description":"Compre aqui os padr\u00f5es de croch\u00ea para 3 lindos enfeites de Natal = Enfeite 1, 2 e 3. Todos s\u00e3o f\u00e1ceis de seguir e s\u00e3o padr\u00f5es indispens\u00e1veis!","robots":{"index":"index","follow":"follow","max-snippet":"max-snippet:-1","max-image-preview":"max-image-preview:large","max-video-preview":"max-video-preview:-1"},"canonical":"https:\/\/craftygenesindonesia.com\/pt-br\/shop\/padroes-de-croche-natal\/conjunto-de-enfeites-de-natal-1\/","og_locale":"pt_BR","og_type":"article","og_title":"Conjunto de enfeites de Natal 1 padr\u00f5es de croch\u00ea - Craftygenesindonesia","og_description":"Compre aqui os padr\u00f5es de croch\u00ea para 3 lindos enfeites de Natal = Enfeite 1, 2 e 3. Todos s\u00e3o f\u00e1ceis de seguir e s\u00e3o padr\u00f5es indispens\u00e1veis!","og_url":"https:\/\/craftygenesindonesia.com\/pt-br\/shop\/padroes-de-croche-natal\/conjunto-de-enfeites-de-natal-1\/","og_site_name":"Craftygenesindonesia","article_modified_time":"2026-03-23T10:39:14+00:00","og_image":[{"width":1215,"height":1215,"url":"https:\/\/craftygenesindonesia.com\/wp-content\/uploads\/2023\/11\/Ornaments-1.jpg","type":"image\/jpeg"}],"twitter_card":"summary_large_image","twitter_misc":{"Est. tempo de leitura":"1 minuto"},"schema":{"@context":"https:\/\/schema.org","@graph":[{"@type":"WebPage","@id":"https:\/\/craftygenesindonesia.com\/pt-br\/shop\/padroes-de-croche-natal\/conjunto-de-enfeites-de-natal-1\/","url":"https:\/\/craftygenesindonesia.com\/pt-br\/shop\/padroes-de-croche-natal\/conjunto-de-enfeites-de-natal-1\/","name":"Conjunto de enfeites de Natal 1 padr\u00f5es de croch\u00ea - Craftygenesindonesia","isPartOf":{"@id":"https:\/\/craftygenesindonesia.com\/pt-br\/#website"},"primaryImageOfPage":{"@id":"https:\/\/craftygenesindonesia.com\/pt-br\/shop\/padroes-de-croche-natal\/conjunto-de-enfeites-de-natal-1\/#primaryimage"},"image":{"@id":"https:\/\/craftygenesindonesia.com\/pt-br\/shop\/padroes-de-croche-natal\/conjunto-de-enfeites-de-natal-1\/#primaryimage"},"thumbnailUrl":"https:\/\/craftygenesindonesia.com\/wp-content\/uploads\/2023\/11\/Ornaments-1.jpg","datePublished":"2023-11-03T12:24:20+00:00","dateModified":"2026-03-23T10:39:14+00:00","description":"Compre aqui os padr\u00f5es de croch\u00ea para 3 lindos enfeites de Natal = Enfeite 1, 2 e 3. Todos s\u00e3o f\u00e1ceis de seguir e s\u00e3o padr\u00f5es indispens\u00e1veis!","breadcrumb":{"@id":"https:\/\/craftygenesindonesia.com\/pt-br\/shop\/padroes-de-croche-natal\/conjunto-de-enfeites-de-natal-1\/#breadcrumb"},"inLanguage":"pt-BR","potentialAction":[{"@type":"ReadAction","target":["https:\/\/craftygenesindonesia.com\/pt-br\/shop\/padroes-de-croche-natal\/conjunto-de-enfeites-de-natal-1\/"]}]},{"@type":"ImageObject","inLanguage":"pt-BR","@id":"https:\/\/craftygenesindonesia.com\/pt-br\/shop\/padroes-de-croche-natal\/conjunto-de-enfeites-de-natal-1\/#primaryimage","url":"https:\/\/craftygenesindonesia.com\/wp-content\/uploads\/2023\/11\/Ornaments-1.jpg","contentUrl":"https:\/\/craftygenesindonesia.com\/wp-content\/uploads\/2023\/11\/Ornaments-1.jpg","width":1215,"height":1215,"caption":"enfeites de Natal em croch\u00ea"},{"@type":"BreadcrumbList","@id":"https:\/\/craftygenesindonesia.com\/pt-br\/shop\/padroes-de-croche-natal\/conjunto-de-enfeites-de-natal-1\/#breadcrumb","itemListElement":[{"@type":"ListItem","position":1,"name":"Home","item":"https:\/\/craftygenesindonesia.com\/pt-br\/"},{"@type":"ListItem","position":2,"name":"Loja de moldes","item":"https:\/\/craftygenesindonesia.com\/pt-br\/loja-de-moldes\/"},{"@type":"ListItem","position":3,"name":"Conjunto de enfeites de Natal 1"}]},{"@type":"WebSite","@id":"https:\/\/craftygenesindonesia.com\/pt-br\/#website","url":"https:\/\/craftygenesindonesia.com\/pt-br\/","name":"Craftygenesindonesia","description":"","publisher":{"@id":"https:\/\/craftygenesindonesia.com\/pt-br\/#organization"},"potentialAction":[{"@type":"SearchAction","target":{"@type":"EntryPoint","urlTemplate":"https:\/\/craftygenesindonesia.com\/pt-br\/?s={search_term_string}"},"query-input":{"@type":"PropertyValueSpecification","valueRequired":true,"valueName":"search_term_string"}}],"inLanguage":"pt-BR"},{"@type":"Organization","@id":"https:\/\/craftygenesindonesia.com\/pt-br\/#organization","name":"Craftygenesindonesia","url":"https:\/\/craftygenesindonesia.com\/pt-br\/","logo":{"@type":"ImageObject","inLanguage":"pt-BR","@id":"https:\/\/craftygenesindonesia.com\/pt-br\/#\/schema\/logo\/image\/","url":"https:\/\/craftygenesindonesia.com\/wp-content\/uploads\/2025\/11\/cropped-Copy-of-Craftygenesindonesia.jpg","contentUrl":"https:\/\/craftygenesindonesia.com\/wp-content\/uploads\/2025\/11\/cropped-Copy-of-Craftygenesindonesia.jpg","width":180,"height":60,"caption":"Craftygenesindonesia"},"image":{"@id":"https:\/\/craftygenesindonesia.com\/pt-br\/#\/schema\/logo\/image\/"}}]}},"_links":{"self":[{"href":"https:\/\/craftygenesindonesia.com\/pt-br\/wp-json\/wp\/v2\/product\/987537760","targetHints":{"allow":["GET"]}}],"collection":[{"href":"https:\/\/craftygenesindonesia.com\/pt-br\/wp-json\/wp\/v2\/product"}],"about":[{"href":"https:\/\/craftygenesindonesia.com\/pt-br\/wp-json\/wp\/v2\/types\/product"}],"replies":[{"embeddable":true,"href":"https:\/\/craftygenesindonesia.com\/pt-br\/wp-json\/wp\/v2\/comments?post=987537760"}],"wp:featuredmedia":[{"embeddable":true,"href":"https:\/\/craftygenesindonesia.com\/pt-br\/wp-json\/wp\/v2\/media\/987537763"}],"wp:attachment":[{"href":"https:\/\/craftygenesindonesia.com\/pt-br\/wp-json\/wp\/v2\/media?parent=987537760"}],"wp:term":[{"taxonomy":"product_brand","embeddable":true,"href":"https:\/\/craftygenesindonesia.com\/pt-br\/wp-json\/wp\/v2\/product_brand?post=987537760"},{"taxonomy":"product_cat","embeddable":true,"href":"https:\/\/craftygenesindonesia.com\/pt-br\/wp-json\/wp\/v2\/product_cat?post=987537760"},{"taxonomy":"product_tag","embeddable":true,"href":"https:\/\/craftygenesindonesia.com\/pt-br\/wp-json\/wp\/v2\/product_tag?post=987537760"}],"curies":[{"name":"wp","href":"https:\/\/api.w.org\/{rel}","templated":true}]}}