{"id":987537699,"date":"2023-09-08T04:43:48","date_gmt":"2023-09-07T20:43:48","guid":{"rendered":"https:\/\/craftygenesindonesia.com\/shop\/sem%20categoria\/bennie-o-espantalho\/"},"modified":"2026-03-24T05:40:02","modified_gmt":"2026-03-23T21:40:02","slug":"bennie-o-espantalho","status":"publish","type":"product","link":"https:\/\/craftygenesindonesia.com\/pt-br\/shop\/padroes-de-croche-senhoras-e-senhores\/bennie-o-espantalho\/","title":{"rendered":"Bennie, o Espantalho"},"content":{"rendered":"<p>Tamanho: 24 x 20 x 20 cm\/9,5 x 7,8 x 7,8 polegadas (medido da base da plataforma at\u00e9 a ponta do chap\u00e9u)<\/p>\n<p>Fio: fio tamanho 3 adequado para amigurumi e uma agulha de croch\u00ea tamanho 2 mm nas cores: preto, azul, vermelho tijolo, marrom escuro, vermelho escuro, verde, verde oliva, laranja, cor de pele, terracota, marrom muito claro e amarelo.<\/p>\n<p>You will also need: stuffing, scissors, stitch markers, pencil, ruler, glue, glue gun, 5mm cardboard, sewing pins, piece of 1.5mm aluminium wire and 5mm googly eyes.<\/p>\n<p>Agulha de croch\u00ea: 2 mm<\/p>\n<p>Direitos autorais e informa\u00e7\u00f5es de ajuda:<\/p>\n<p>Este padr\u00e3o \u00e9 um padr\u00e3o escrito (digital) com muitas imagens para o ajudar. Se voc\u00ea tiver d\u00favidas sobre o padr\u00e3o, envie um e-mail para <a href=\"mailto:craftygenesindonesia@gmail.com\">craftygenesindonesia@gmail.com<\/a><\/p>\n<p>Este padr\u00e3o digital de croch\u00ea \u00e9 apenas para uso pessoal e est\u00e1 protegido por direitos autorais. Portanto, voc\u00ea n\u00e3o pode copiar, vender, revender, traduzir, reivindicar como seu pr\u00f3prio design, distribuir, compartilhar, publicar, postar apenas, &#8230; de qualquer forma ou meio sem a minha permiss\u00e3o. Nem mesmo uma parte disso!<\/p>\n<p>Voc\u00ea pode vender o produto ou item acabado, em pequenas quantidades, mas n\u00e3o pode vender o padr\u00e3o de croch\u00ea em si! Mencione que o padr\u00e3o de croch\u00ea \u00e9 da minha autoria, Craftygenesindonesia, e onde pode ser adquirido.<\/p>\n","protected":false},"excerpt":{"rendered":"<p>Este \u00e9 o molde ideal para voc\u00ea que est\u00e1 procurando um espantalho com ab\u00f3boras, girass\u00f3is, cogumelos&#8230; O molde perfeito para o outono!<\/p>\n","protected":false},"featured_media":987537705,"comment_status":"open","ping_status":"closed","template":"","meta":{"_acf_changed":false},"product_brand":[],"product_cat":[12996,13003],"product_tag":[13093,13077,13483,13095,13482,13484,13546,13481],"class_list":{"0":"post-987537699","1":"product","2":"type-product","3":"status-publish","4":"has-post-thumbnail","6":"product_cat-padroes-de-croche-senhoras-e-senhores","7":"product_cat-padroes-de-croche-3d","8":"product_tag-abobora","9":"product_tag-cogumelo","10":"product_tag-espantalho","11":"product_tag-folha","12":"product_tag-folhas","13":"product_tag-girassois","14":"product_tag-outono-2","15":"product_tag-outono","16":"pa_available_on-craftygenesindonesia","17":"pa_available_on-etsy","18":"pa_available_on-haked-nl","19":"pa_available_on-payhip","20":"pa_available_on-ravelry","21":"pa_languages-alemao","22":"pa_languages-espanhol","23":"pa_languages-frances","24":"pa_languages-holandes","25":"pa_languages-ingles-dos-eua","27":"first","28":"instock","29":"downloadable","30":"virtual","31":"purchasable","32":"product-type-simple"},"acf":[],"yoast_head":"<!-- This site is optimized with the Yoast SEO plugin v27.4 - https:\/\/yoast.com\/product\/yoast-seo-wordpress\/ -->\n<title>Bennie, o Espantalho padr\u00e3o de croch\u00ea - Craftygenesindonesia<\/title>\n<meta name=\"description\" content=\"Purchase here my Bennie The Scarecrow crochet pattern. The crochet pattern is also available on Etsy, Haked.nl, Ravelry, Payhip\" \/>\n<meta name=\"robots\" content=\"index, follow, max-snippet:-1, max-image-preview:large, max-video-preview:-1\" \/>\n<link rel=\"canonical\" href=\"https:\/\/craftygenesindonesia.com\/pt-br\/shop\/padroes-de-croche-senhoras-e-senhores\/bennie-o-espantalho\/\" \/>\n<meta property=\"og:locale\" content=\"pt_BR\" \/>\n<meta property=\"og:type\" content=\"article\" \/>\n<meta property=\"og:title\" content=\"Bennie, o Espantalho - padr\u00e3o de croch\u00ea\" \/>\n<meta property=\"og:description\" content=\"Compre aqui o meu padr\u00e3o de croch\u00ea Bennie, o Espantalho. O padr\u00e3o de croch\u00ea tamb\u00e9m est\u00e1 dispon\u00edvel no Etsy, Haked.nl, Ravelry e Payhip.\" \/>\n<meta property=\"og:url\" content=\"https:\/\/craftygenesindonesia.com\/pt-br\/shop\/padroes-de-croche-senhoras-e-senhores\/bennie-o-espantalho\/\" \/>\n<meta property=\"og:site_name\" content=\"Craftygenesindonesia\" \/>\n<meta property=\"article:modified_time\" content=\"2026-03-23T21:40:02+00:00\" \/>\n<meta property=\"og:image\" content=\"https:\/\/craftygenesindonesia.com\/wp-content\/uploads\/2023\/09\/Bennie-2-300x300.jpg\" \/>\n<meta name=\"twitter:card\" content=\"summary_large_image\" \/>\n<meta name=\"twitter:label1\" content=\"Est. tempo de leitura\" \/>\n\t<meta name=\"twitter:data1\" content=\"2 minutos\" \/>\n<script type=\"application\/ld+json\" class=\"yoast-schema-graph\">{\"@context\":\"https:\\\/\\\/schema.org\",\"@graph\":[{\"@type\":\"WebPage\",\"@id\":\"https:\\\/\\\/craftygenesindonesia.com\\\/pt-br\\\/shop\\\/padroes-de-croche-senhoras-e-senhores\\\/bennie-o-espantalho\\\/\",\"url\":\"https:\\\/\\\/craftygenesindonesia.com\\\/pt-br\\\/shop\\\/padroes-de-croche-senhoras-e-senhores\\\/bennie-o-espantalho\\\/\",\"name\":\"Bennie, o Espantalho padr\u00e3o de croch\u00ea - Craftygenesindonesia\",\"isPartOf\":{\"@id\":\"https:\\\/\\\/craftygenesindonesia.com\\\/pt-br\\\/#website\"},\"primaryImageOfPage\":{\"@id\":\"https:\\\/\\\/craftygenesindonesia.com\\\/pt-br\\\/shop\\\/padroes-de-croche-senhoras-e-senhores\\\/bennie-o-espantalho\\\/#primaryimage\"},\"image\":{\"@id\":\"https:\\\/\\\/craftygenesindonesia.com\\\/pt-br\\\/shop\\\/padroes-de-croche-senhoras-e-senhores\\\/bennie-o-espantalho\\\/#primaryimage\"},\"thumbnailUrl\":\"https:\\\/\\\/craftygenesindonesia.com\\\/wp-content\\\/uploads\\\/2023\\\/09\\\/Bennie-2.jpg\",\"datePublished\":\"2023-09-07T20:43:48+00:00\",\"dateModified\":\"2026-03-23T21:40:02+00:00\",\"description\":\"Purchase here my Bennie The Scarecrow crochet pattern. The crochet pattern is also available on Etsy, Haked.nl, Ravelry, Payhip\",\"breadcrumb\":{\"@id\":\"https:\\\/\\\/craftygenesindonesia.com\\\/pt-br\\\/shop\\\/padroes-de-croche-senhoras-e-senhores\\\/bennie-o-espantalho\\\/#breadcrumb\"},\"inLanguage\":\"pt-BR\",\"potentialAction\":[{\"@type\":\"ReadAction\",\"target\":[\"https:\\\/\\\/craftygenesindonesia.com\\\/pt-br\\\/shop\\\/padroes-de-croche-senhoras-e-senhores\\\/bennie-o-espantalho\\\/\"]}]},{\"@type\":\"ImageObject\",\"inLanguage\":\"pt-BR\",\"@id\":\"https:\\\/\\\/craftygenesindonesia.com\\\/pt-br\\\/shop\\\/padroes-de-croche-senhoras-e-senhores\\\/bennie-o-espantalho\\\/#primaryimage\",\"url\":\"https:\\\/\\\/craftygenesindonesia.com\\\/wp-content\\\/uploads\\\/2023\\\/09\\\/Bennie-2.jpg\",\"contentUrl\":\"https:\\\/\\\/craftygenesindonesia.com\\\/wp-content\\\/uploads\\\/2023\\\/09\\\/Bennie-2.jpg\",\"width\":1080,\"height\":1080,\"caption\":\"espantalho de croch\u00ea com girass\u00f3is, cogumelos, nozes, ab\u00f3boras e folhas de croch\u00ea\"},{\"@type\":\"BreadcrumbList\",\"@id\":\"https:\\\/\\\/craftygenesindonesia.com\\\/pt-br\\\/shop\\\/padroes-de-croche-senhoras-e-senhores\\\/bennie-o-espantalho\\\/#breadcrumb\",\"itemListElement\":[{\"@type\":\"ListItem\",\"position\":1,\"name\":\"Home\",\"item\":\"https:\\\/\\\/craftygenesindonesia.com\\\/pt-br\\\/\"},{\"@type\":\"ListItem\",\"position\":2,\"name\":\"Loja de moldes\",\"item\":\"https:\\\/\\\/craftygenesindonesia.com\\\/pt-br\\\/loja-de-moldes\\\/\"},{\"@type\":\"ListItem\",\"position\":3,\"name\":\"Bennie, o Espantalho\"}]},{\"@type\":\"WebSite\",\"@id\":\"https:\\\/\\\/craftygenesindonesia.com\\\/pt-br\\\/#website\",\"url\":\"https:\\\/\\\/craftygenesindonesia.com\\\/pt-br\\\/\",\"name\":\"Craftygenesindonesia\",\"description\":\"\",\"publisher\":{\"@id\":\"https:\\\/\\\/craftygenesindonesia.com\\\/pt-br\\\/#organization\"},\"potentialAction\":[{\"@type\":\"SearchAction\",\"target\":{\"@type\":\"EntryPoint\",\"urlTemplate\":\"https:\\\/\\\/craftygenesindonesia.com\\\/pt-br\\\/?s={search_term_string}\"},\"query-input\":{\"@type\":\"PropertyValueSpecification\",\"valueRequired\":true,\"valueName\":\"search_term_string\"}}],\"inLanguage\":\"pt-BR\"},{\"@type\":\"Organization\",\"@id\":\"https:\\\/\\\/craftygenesindonesia.com\\\/pt-br\\\/#organization\",\"name\":\"Craftygenesindonesia\",\"url\":\"https:\\\/\\\/craftygenesindonesia.com\\\/pt-br\\\/\",\"logo\":{\"@type\":\"ImageObject\",\"inLanguage\":\"pt-BR\",\"@id\":\"https:\\\/\\\/craftygenesindonesia.com\\\/pt-br\\\/#\\\/schema\\\/logo\\\/image\\\/\",\"url\":\"https:\\\/\\\/craftygenesindonesia.com\\\/wp-content\\\/uploads\\\/2025\\\/11\\\/cropped-Copy-of-Craftygenesindonesia.jpg\",\"contentUrl\":\"https:\\\/\\\/craftygenesindonesia.com\\\/wp-content\\\/uploads\\\/2025\\\/11\\\/cropped-Copy-of-Craftygenesindonesia.jpg\",\"width\":180,\"height\":60,\"caption\":\"Craftygenesindonesia\"},\"image\":{\"@id\":\"https:\\\/\\\/craftygenesindonesia.com\\\/pt-br\\\/#\\\/schema\\\/logo\\\/image\\\/\"}}]}<\/script>\n<!-- \/ Yoast SEO plugin. -->","yoast_head_json":{"title":"Bennie, o Espantalho padr\u00e3o de croch\u00ea - Craftygenesindonesia","description":"Purchase here my Bennie The Scarecrow crochet pattern. The crochet pattern is also available on Etsy, Haked.nl, Ravelry, Payhip","robots":{"index":"index","follow":"follow","max-snippet":"max-snippet:-1","max-image-preview":"max-image-preview:large","max-video-preview":"max-video-preview:-1"},"canonical":"https:\/\/craftygenesindonesia.com\/pt-br\/shop\/padroes-de-croche-senhoras-e-senhores\/bennie-o-espantalho\/","og_locale":"pt_BR","og_type":"article","og_title":"Bennie, o Espantalho - padr\u00e3o de croch\u00ea","og_description":"Compre aqui o meu padr\u00e3o de croch\u00ea Bennie, o Espantalho. O padr\u00e3o de croch\u00ea tamb\u00e9m est\u00e1 dispon\u00edvel no Etsy, Haked.nl, Ravelry e Payhip.","og_url":"https:\/\/craftygenesindonesia.com\/pt-br\/shop\/padroes-de-croche-senhoras-e-senhores\/bennie-o-espantalho\/","og_site_name":"Craftygenesindonesia","article_modified_time":"2026-03-23T21:40:02+00:00","og_image":[{"url":"https:\/\/craftygenesindonesia.com\/wp-content\/uploads\/2023\/09\/Bennie-2-300x300.jpg","type":"","width":"","height":""}],"twitter_card":"summary_large_image","twitter_misc":{"Est. tempo de leitura":"2 minutos"},"schema":{"@context":"https:\/\/schema.org","@graph":[{"@type":"WebPage","@id":"https:\/\/craftygenesindonesia.com\/pt-br\/shop\/padroes-de-croche-senhoras-e-senhores\/bennie-o-espantalho\/","url":"https:\/\/craftygenesindonesia.com\/pt-br\/shop\/padroes-de-croche-senhoras-e-senhores\/bennie-o-espantalho\/","name":"Bennie, o Espantalho padr\u00e3o de croch\u00ea - Craftygenesindonesia","isPartOf":{"@id":"https:\/\/craftygenesindonesia.com\/pt-br\/#website"},"primaryImageOfPage":{"@id":"https:\/\/craftygenesindonesia.com\/pt-br\/shop\/padroes-de-croche-senhoras-e-senhores\/bennie-o-espantalho\/#primaryimage"},"image":{"@id":"https:\/\/craftygenesindonesia.com\/pt-br\/shop\/padroes-de-croche-senhoras-e-senhores\/bennie-o-espantalho\/#primaryimage"},"thumbnailUrl":"https:\/\/craftygenesindonesia.com\/wp-content\/uploads\/2023\/09\/Bennie-2.jpg","datePublished":"2023-09-07T20:43:48+00:00","dateModified":"2026-03-23T21:40:02+00:00","description":"Purchase here my Bennie The Scarecrow crochet pattern. The crochet pattern is also available on Etsy, Haked.nl, Ravelry, Payhip","breadcrumb":{"@id":"https:\/\/craftygenesindonesia.com\/pt-br\/shop\/padroes-de-croche-senhoras-e-senhores\/bennie-o-espantalho\/#breadcrumb"},"inLanguage":"pt-BR","potentialAction":[{"@type":"ReadAction","target":["https:\/\/craftygenesindonesia.com\/pt-br\/shop\/padroes-de-croche-senhoras-e-senhores\/bennie-o-espantalho\/"]}]},{"@type":"ImageObject","inLanguage":"pt-BR","@id":"https:\/\/craftygenesindonesia.com\/pt-br\/shop\/padroes-de-croche-senhoras-e-senhores\/bennie-o-espantalho\/#primaryimage","url":"https:\/\/craftygenesindonesia.com\/wp-content\/uploads\/2023\/09\/Bennie-2.jpg","contentUrl":"https:\/\/craftygenesindonesia.com\/wp-content\/uploads\/2023\/09\/Bennie-2.jpg","width":1080,"height":1080,"caption":"espantalho de croch\u00ea com girass\u00f3is, cogumelos, nozes, ab\u00f3boras e folhas de croch\u00ea"},{"@type":"BreadcrumbList","@id":"https:\/\/craftygenesindonesia.com\/pt-br\/shop\/padroes-de-croche-senhoras-e-senhores\/bennie-o-espantalho\/#breadcrumb","itemListElement":[{"@type":"ListItem","position":1,"name":"Home","item":"https:\/\/craftygenesindonesia.com\/pt-br\/"},{"@type":"ListItem","position":2,"name":"Loja de moldes","item":"https:\/\/craftygenesindonesia.com\/pt-br\/loja-de-moldes\/"},{"@type":"ListItem","position":3,"name":"Bennie, o Espantalho"}]},{"@type":"WebSite","@id":"https:\/\/craftygenesindonesia.com\/pt-br\/#website","url":"https:\/\/craftygenesindonesia.com\/pt-br\/","name":"Craftygenesindonesia","description":"","publisher":{"@id":"https:\/\/craftygenesindonesia.com\/pt-br\/#organization"},"potentialAction":[{"@type":"SearchAction","target":{"@type":"EntryPoint","urlTemplate":"https:\/\/craftygenesindonesia.com\/pt-br\/?s={search_term_string}"},"query-input":{"@type":"PropertyValueSpecification","valueRequired":true,"valueName":"search_term_string"}}],"inLanguage":"pt-BR"},{"@type":"Organization","@id":"https:\/\/craftygenesindonesia.com\/pt-br\/#organization","name":"Craftygenesindonesia","url":"https:\/\/craftygenesindonesia.com\/pt-br\/","logo":{"@type":"ImageObject","inLanguage":"pt-BR","@id":"https:\/\/craftygenesindonesia.com\/pt-br\/#\/schema\/logo\/image\/","url":"https:\/\/craftygenesindonesia.com\/wp-content\/uploads\/2025\/11\/cropped-Copy-of-Craftygenesindonesia.jpg","contentUrl":"https:\/\/craftygenesindonesia.com\/wp-content\/uploads\/2025\/11\/cropped-Copy-of-Craftygenesindonesia.jpg","width":180,"height":60,"caption":"Craftygenesindonesia"},"image":{"@id":"https:\/\/craftygenesindonesia.com\/pt-br\/#\/schema\/logo\/image\/"}}]}},"_links":{"self":[{"href":"https:\/\/craftygenesindonesia.com\/pt-br\/wp-json\/wp\/v2\/product\/987537699","targetHints":{"allow":["GET"]}}],"collection":[{"href":"https:\/\/craftygenesindonesia.com\/pt-br\/wp-json\/wp\/v2\/product"}],"about":[{"href":"https:\/\/craftygenesindonesia.com\/pt-br\/wp-json\/wp\/v2\/types\/product"}],"replies":[{"embeddable":true,"href":"https:\/\/craftygenesindonesia.com\/pt-br\/wp-json\/wp\/v2\/comments?post=987537699"}],"wp:featuredmedia":[{"embeddable":true,"href":"https:\/\/craftygenesindonesia.com\/pt-br\/wp-json\/wp\/v2\/media\/987537705"}],"wp:attachment":[{"href":"https:\/\/craftygenesindonesia.com\/pt-br\/wp-json\/wp\/v2\/media?parent=987537699"}],"wp:term":[{"taxonomy":"product_brand","embeddable":true,"href":"https:\/\/craftygenesindonesia.com\/pt-br\/wp-json\/wp\/v2\/product_brand?post=987537699"},{"taxonomy":"product_cat","embeddable":true,"href":"https:\/\/craftygenesindonesia.com\/pt-br\/wp-json\/wp\/v2\/product_cat?post=987537699"},{"taxonomy":"product_tag","embeddable":true,"href":"https:\/\/craftygenesindonesia.com\/pt-br\/wp-json\/wp\/v2\/product_tag?post=987537699"}],"curies":[{"name":"wp","href":"https:\/\/api.w.org\/{rel}","templated":true}]}}