{"id":987537649,"date":"2023-07-07T07:36:31","date_gmt":"2023-07-06T23:36:31","guid":{"rendered":"https:\/\/craftygenesindonesia.com\/shop\/sem%20categoria\/nossa-senhora-de-lourdes-com-santa-bernadete\/"},"modified":"2026-03-24T06:17:56","modified_gmt":"2026-03-23T22:17:56","slug":"nossa-senhora-de-lourdes-com-santa-bernadete","status":"publish","type":"product","link":"https:\/\/craftygenesindonesia.com\/pt-br\/shop\/padroes-de-croche-religiosos\/nossa-senhora-de-lourdes-com-santa-bernadete\/","title":{"rendered":"Nossa Senhora de Lourdes com Santa Bernadete"},"content":{"rendered":"<p>O conjunto tem 39 cm de altura e \u00e9 feito com fio de 4 fios (tamanho 3) adequado para amigurumi e uma agulha de croch\u00ea de 2 mm.<\/p>\n<p>&nbsp;<\/p>\n<p>Voc\u00ea precisar\u00e1 das seguintes cores: azul \u2013 marrom escuro \u2013 verde escuro \u2013 4 tons de cinza \u2013 azul claro \u2013 magenta \u2013 dourado met\u00e1lico \u2013 branco leitoso \u2013 laranja \u2013 vermelho \u2013 cor de pele<\/p>\n<p>&nbsp;<\/p>\n<p>Agulha de croch\u00ea: tamanho 2 mm<\/p>\n<p>&nbsp;<\/p>\n<p>Voc\u00ea tamb\u00e9m precisar\u00e1 de: enchimento \u2013 marcadores de pontos \u2013 alfinetes de costura \u2013 agulha de tape\u00e7aria \u2013 agulha de costura \u2013 linha branca \u2013 tesoura \u2013 l\u00e1pis \u2013 cola \u2013 pistola de cola \u2013 r\u00e9gua \u2013 alicate de corte \u2013 2 cotonetes \u2013 papel \u2013 fita m\u00e9trica \u2013 papel\u00e3o \u2013 fio de alum\u00ednio \u2013 espuma EVA ou um tapete de ioga razoavelmente r\u00edgido ou placa de espuma \u2013 cruzes \u2013 contas<\/p>\n<p>&nbsp;<\/p>\n<p>Este padr\u00e3o de croch\u00ea inclui muitas fotos para ajud\u00e1-lo. Se ainda tiver d\u00favidas, sinta-se \u00e0 vontade para entrar em contato comigo pelo e-mail: <a href=\"mailto:craftygenesindonesia@gmail.com\">craftygenesindonesia@gmail.com<\/a><\/p>\n<p>&nbsp;<\/p>\n<p>Este padr\u00e3o est\u00e1 protegido por direitos autorais. Portanto, o padr\u00e3o \u00e9 apenas para uso pessoal e N\u00c3O pode ser copiado, vendido, revendido, traduzido, reivindicado como seu design, distribu\u00eddo, compartilhado, publicado, postado online&#8230; de qualquer forma sem o meu consentimento. Nem mesmo parte disso!!!<\/p>\n<p>&nbsp;<\/p>\n<p>Voc\u00ea pode vender a Nossa Senhora de Lourdes com Santa Bernadete pronta em pequenas quantidades, mas n\u00e3o o padr\u00e3o de croch\u00ea em si! Por favor, mencione que o padr\u00e3o \u00e9 da Craftygenesindonesia e onde ele pode ser adquirido.<\/p>\n<p>&nbsp;<\/p>\n<p>Cores Catona para quem deseja utilizar essa marca:<\/p>\n<p>Azul: 201 Azul El\u00e9trico<\/p>\n<p>Verde escuro: 391 Oceano Profundo<\/p>\n<p>Cinza 1: 242 Cinza met\u00e1lico<\/p>\n<p>Cinza 2: 074 Merc\u00fario<\/p>\n<p>Cinza 3: 501 Antracite<\/p>\n<p>Cinza 4: 393 Carv\u00e3o<\/p>\n<p>Magenta: 413 Cereja<\/p>\n<p>Branco leitoso: 130 Renda Antiga<\/p>\n<p>Laranja: 411 Laranja Doce<\/p>\n<p>Vermelho: 115 Vermelho quente<\/p>\n<p>Cor da pele: 255 Concha<\/p>\n<p>Castanho escuro: 162 Caf\u00e9 preto<\/p>\n<p>Azul claro: 173 camp\u00e2nula<\/p>\n","protected":false},"excerpt":{"rendered":"<p>In this pattern you get Our Lady of Lourdes &amp; also a crochet St Bernadette. All that you see in the pictures is included in the pattern = the Virgin Mary, St Bernadette, the cave &amp; the platform with rocks and roses.<\/p>\n","protected":false},"featured_media":987537654,"comment_status":"open","ping_status":"closed","template":"","meta":{"_acf_changed":false},"product_brand":[],"product_cat":[12982],"product_tag":[12992,13214,12989,12990,12985,13239,13472,13473,12987,13106,13238,13183,12983,12991],"class_list":{"0":"post-987537649","1":"product","2":"type-product","3":"status-publish","4":"has-post-thumbnail","6":"product_cat-padroes-de-croche-religiosos","7":"product_tag-catolico","8":"product_tag-caverna","9":"product_tag-cristao","10":"product_tag-holy-mary","11":"product_tag-maria","12":"product_tag-nossa-senhora","13":"product_tag-pesadas","14":"product_tag-santa-bernadete","15":"product_tag-santa-maria","16":"product_tag-santa-maria-3","17":"product_tag-santo-2","18":"product_tag-santo","19":"product_tag-santo-catolico","20":"product_tag-virgem-maria","21":"pa_available_on-craftygenesindonesia","22":"pa_available_on-etsy","23":"pa_available_on-haked-nl","24":"pa_available_on-payhip","25":"pa_available_on-ravelry","26":"pa_languages-alemao","27":"pa_languages-espanhol","28":"pa_languages-frances","29":"pa_languages-holandes","30":"pa_languages-ingles-dos-eua","32":"first","33":"instock","34":"downloadable","35":"virtual","36":"purchasable","37":"product-type-simple"},"acf":[],"yoast_head":"<!-- This site is optimized with the Yoast SEO plugin v27.4 - https:\/\/yoast.com\/product\/yoast-seo-wordpress\/ -->\n<title>Nossa Senhora de Lourdes com Santa Bernadete padr\u00e3o de croch\u00ea - Craftygenesindonesia<\/title>\n<meta name=\"description\" content=\"Compre aqui o meu padr\u00e3o de croch\u00e9 \u201cNossa Senhora de Lourdes com Santa Bernadete\u201d. O padr\u00e3o de croch\u00e9 tamb\u00e9m est\u00e1 dispon\u00edvel no Etsy, Haked, Raverly e Payhip.\" \/>\n<meta name=\"robots\" content=\"index, follow, max-snippet:-1, max-image-preview:large, max-video-preview:-1\" \/>\n<link rel=\"canonical\" href=\"https:\/\/craftygenesindonesia.com\/pt-br\/shop\/padroes-de-croche-religiosos\/nossa-senhora-de-lourdes-com-santa-bernadete\/\" \/>\n<meta property=\"og:locale\" content=\"pt_BR\" \/>\n<meta property=\"og:type\" content=\"article\" \/>\n<meta property=\"og:title\" content=\"Nossa Senhora de Lourdes com Santa Bernadete - padr\u00e3o de croch\u00ea\" \/>\n<meta property=\"og:description\" content=\"Compre aqui o meu padr\u00e3o de croch\u00e9 \u201cNossa Senhora de Lourdes com Santa Bernadete\u201d. O padr\u00e3o de croch\u00e9 tamb\u00e9m est\u00e1 dispon\u00edvel no Etsy, Haked, Raverly e Payhip.\" \/>\n<meta property=\"og:url\" content=\"https:\/\/craftygenesindonesia.com\/pt-br\/shop\/padroes-de-croche-religiosos\/nossa-senhora-de-lourdes-com-santa-bernadete\/\" \/>\n<meta property=\"og:site_name\" content=\"Craftygenesindonesia\" \/>\n<meta property=\"article:modified_time\" content=\"2026-03-23T22:17:56+00:00\" \/>\n<meta property=\"og:image\" content=\"https:\/\/craftygenesindonesia.com\/wp-content\/uploads\/2023\/07\/Our-Lady-Lourdes-1-300x300.jpg\" \/>\n<meta name=\"twitter:card\" content=\"summary_large_image\" \/>\n<meta name=\"twitter:title\" content=\"Nossa Senhora de Lourdes com Santa Bernadete - padr\u00e3o de croch\u00ea\" \/>\n<meta name=\"twitter:description\" content=\"Compre aqui o meu padr\u00e3o de croch\u00e9 \u201cNossa Senhora de Lourdes com Santa Bernadete\u201d. O padr\u00e3o de croch\u00e9 tamb\u00e9m est\u00e1 dispon\u00edvel no Etsy, Haked, Raverly e Payhip.\" \/>\n<meta name=\"twitter:image\" content=\"https:\/\/craftygenesindonesia.com\/wp-content\/uploads\/2023\/07\/3BFE1BD1-3FBD-42E7-B7C8-B10113C0B84C.png\" \/>\n<meta name=\"twitter:label1\" content=\"Est. tempo de leitura\" \/>\n\t<meta name=\"twitter:data1\" content=\"2 minutos\" \/>\n<script type=\"application\/ld+json\" class=\"yoast-schema-graph\">{\"@context\":\"https:\\\/\\\/schema.org\",\"@graph\":[{\"@type\":\"WebPage\",\"@id\":\"https:\\\/\\\/craftygenesindonesia.com\\\/pt-br\\\/shop\\\/padroes-de-croche-religiosos\\\/nossa-senhora-de-lourdes-com-santa-bernadete\\\/\",\"url\":\"https:\\\/\\\/craftygenesindonesia.com\\\/pt-br\\\/shop\\\/padroes-de-croche-religiosos\\\/nossa-senhora-de-lourdes-com-santa-bernadete\\\/\",\"name\":\"Nossa Senhora de Lourdes com Santa Bernadete padr\u00e3o de croch\u00ea - Craftygenesindonesia\",\"isPartOf\":{\"@id\":\"https:\\\/\\\/craftygenesindonesia.com\\\/pt-br\\\/#website\"},\"primaryImageOfPage\":{\"@id\":\"https:\\\/\\\/craftygenesindonesia.com\\\/pt-br\\\/shop\\\/padroes-de-croche-religiosos\\\/nossa-senhora-de-lourdes-com-santa-bernadete\\\/#primaryimage\"},\"image\":{\"@id\":\"https:\\\/\\\/craftygenesindonesia.com\\\/pt-br\\\/shop\\\/padroes-de-croche-religiosos\\\/nossa-senhora-de-lourdes-com-santa-bernadete\\\/#primaryimage\"},\"thumbnailUrl\":\"https:\\\/\\\/craftygenesindonesia.com\\\/wp-content\\\/uploads\\\/2023\\\/07\\\/Our-Lady-Lourdes-1.jpg\",\"datePublished\":\"2023-07-06T23:36:31+00:00\",\"dateModified\":\"2026-03-23T22:17:56+00:00\",\"description\":\"Compre aqui o meu padr\u00e3o de croch\u00e9 \u201cNossa Senhora de Lourdes com Santa Bernadete\u201d. O padr\u00e3o de croch\u00e9 tamb\u00e9m est\u00e1 dispon\u00edvel no Etsy, Haked, Raverly e Payhip.\",\"breadcrumb\":{\"@id\":\"https:\\\/\\\/craftygenesindonesia.com\\\/pt-br\\\/shop\\\/padroes-de-croche-religiosos\\\/nossa-senhora-de-lourdes-com-santa-bernadete\\\/#breadcrumb\"},\"inLanguage\":\"pt-BR\",\"potentialAction\":[{\"@type\":\"ReadAction\",\"target\":[\"https:\\\/\\\/craftygenesindonesia.com\\\/pt-br\\\/shop\\\/padroes-de-croche-religiosos\\\/nossa-senhora-de-lourdes-com-santa-bernadete\\\/\"]}]},{\"@type\":\"ImageObject\",\"inLanguage\":\"pt-BR\",\"@id\":\"https:\\\/\\\/craftygenesindonesia.com\\\/pt-br\\\/shop\\\/padroes-de-croche-religiosos\\\/nossa-senhora-de-lourdes-com-santa-bernadete\\\/#primaryimage\",\"url\":\"https:\\\/\\\/craftygenesindonesia.com\\\/wp-content\\\/uploads\\\/2023\\\/07\\\/Our-Lady-Lourdes-1.jpg\",\"contentUrl\":\"https:\\\/\\\/craftygenesindonesia.com\\\/wp-content\\\/uploads\\\/2023\\\/07\\\/Our-Lady-Lourdes-1.jpg\",\"width\":1080,\"height\":1080,\"caption\":\"Nossa Senhora de Lourdes em croch\u00ea na gruta em croch\u00ea com Santa Bernadete em croch\u00ea\"},{\"@type\":\"BreadcrumbList\",\"@id\":\"https:\\\/\\\/craftygenesindonesia.com\\\/pt-br\\\/shop\\\/padroes-de-croche-religiosos\\\/nossa-senhora-de-lourdes-com-santa-bernadete\\\/#breadcrumb\",\"itemListElement\":[{\"@type\":\"ListItem\",\"position\":1,\"name\":\"Home\",\"item\":\"https:\\\/\\\/craftygenesindonesia.com\\\/pt-br\\\/\"},{\"@type\":\"ListItem\",\"position\":2,\"name\":\"Loja de moldes\",\"item\":\"https:\\\/\\\/craftygenesindonesia.com\\\/pt-br\\\/loja-de-moldes\\\/\"},{\"@type\":\"ListItem\",\"position\":3,\"name\":\"Nossa Senhora de Lourdes com Santa Bernadete\"}]},{\"@type\":\"WebSite\",\"@id\":\"https:\\\/\\\/craftygenesindonesia.com\\\/pt-br\\\/#website\",\"url\":\"https:\\\/\\\/craftygenesindonesia.com\\\/pt-br\\\/\",\"name\":\"Craftygenesindonesia\",\"description\":\"\",\"publisher\":{\"@id\":\"https:\\\/\\\/craftygenesindonesia.com\\\/pt-br\\\/#organization\"},\"potentialAction\":[{\"@type\":\"SearchAction\",\"target\":{\"@type\":\"EntryPoint\",\"urlTemplate\":\"https:\\\/\\\/craftygenesindonesia.com\\\/pt-br\\\/?s={search_term_string}\"},\"query-input\":{\"@type\":\"PropertyValueSpecification\",\"valueRequired\":true,\"valueName\":\"search_term_string\"}}],\"inLanguage\":\"pt-BR\"},{\"@type\":\"Organization\",\"@id\":\"https:\\\/\\\/craftygenesindonesia.com\\\/pt-br\\\/#organization\",\"name\":\"Craftygenesindonesia\",\"url\":\"https:\\\/\\\/craftygenesindonesia.com\\\/pt-br\\\/\",\"logo\":{\"@type\":\"ImageObject\",\"inLanguage\":\"pt-BR\",\"@id\":\"https:\\\/\\\/craftygenesindonesia.com\\\/pt-br\\\/#\\\/schema\\\/logo\\\/image\\\/\",\"url\":\"https:\\\/\\\/craftygenesindonesia.com\\\/wp-content\\\/uploads\\\/2025\\\/11\\\/cropped-Copy-of-Craftygenesindonesia.jpg\",\"contentUrl\":\"https:\\\/\\\/craftygenesindonesia.com\\\/wp-content\\\/uploads\\\/2025\\\/11\\\/cropped-Copy-of-Craftygenesindonesia.jpg\",\"width\":180,\"height\":60,\"caption\":\"Craftygenesindonesia\"},\"image\":{\"@id\":\"https:\\\/\\\/craftygenesindonesia.com\\\/pt-br\\\/#\\\/schema\\\/logo\\\/image\\\/\"}}]}<\/script>\n<!-- \/ Yoast SEO plugin. -->","yoast_head_json":{"title":"Nossa Senhora de Lourdes com Santa Bernadete padr\u00e3o de croch\u00ea - Craftygenesindonesia","description":"Compre aqui o meu padr\u00e3o de croch\u00e9 \u201cNossa Senhora de Lourdes com Santa Bernadete\u201d. O padr\u00e3o de croch\u00e9 tamb\u00e9m est\u00e1 dispon\u00edvel no Etsy, Haked, Raverly e Payhip.","robots":{"index":"index","follow":"follow","max-snippet":"max-snippet:-1","max-image-preview":"max-image-preview:large","max-video-preview":"max-video-preview:-1"},"canonical":"https:\/\/craftygenesindonesia.com\/pt-br\/shop\/padroes-de-croche-religiosos\/nossa-senhora-de-lourdes-com-santa-bernadete\/","og_locale":"pt_BR","og_type":"article","og_title":"Nossa Senhora de Lourdes com Santa Bernadete - padr\u00e3o de croch\u00ea","og_description":"Compre aqui o meu padr\u00e3o de croch\u00e9 \u201cNossa Senhora de Lourdes com Santa Bernadete\u201d. O padr\u00e3o de croch\u00e9 tamb\u00e9m est\u00e1 dispon\u00edvel no Etsy, Haked, Raverly e Payhip.","og_url":"https:\/\/craftygenesindonesia.com\/pt-br\/shop\/padroes-de-croche-religiosos\/nossa-senhora-de-lourdes-com-santa-bernadete\/","og_site_name":"Craftygenesindonesia","article_modified_time":"2026-03-23T22:17:56+00:00","og_image":[{"url":"https:\/\/craftygenesindonesia.com\/wp-content\/uploads\/2023\/07\/Our-Lady-Lourdes-1-300x300.jpg","type":"","width":"","height":""}],"twitter_card":"summary_large_image","twitter_title":"Nossa Senhora de Lourdes com Santa Bernadete - padr\u00e3o de croch\u00ea","twitter_description":"Compre aqui o meu padr\u00e3o de croch\u00e9 \u201cNossa Senhora de Lourdes com Santa Bernadete\u201d. O padr\u00e3o de croch\u00e9 tamb\u00e9m est\u00e1 dispon\u00edvel no Etsy, Haked, Raverly e Payhip.","twitter_image":"https:\/\/craftygenesindonesia.com\/wp-content\/uploads\/2023\/07\/3BFE1BD1-3FBD-42E7-B7C8-B10113C0B84C.png","twitter_misc":{"Est. tempo de leitura":"2 minutos"},"schema":{"@context":"https:\/\/schema.org","@graph":[{"@type":"WebPage","@id":"https:\/\/craftygenesindonesia.com\/pt-br\/shop\/padroes-de-croche-religiosos\/nossa-senhora-de-lourdes-com-santa-bernadete\/","url":"https:\/\/craftygenesindonesia.com\/pt-br\/shop\/padroes-de-croche-religiosos\/nossa-senhora-de-lourdes-com-santa-bernadete\/","name":"Nossa Senhora de Lourdes com Santa Bernadete padr\u00e3o de croch\u00ea - Craftygenesindonesia","isPartOf":{"@id":"https:\/\/craftygenesindonesia.com\/pt-br\/#website"},"primaryImageOfPage":{"@id":"https:\/\/craftygenesindonesia.com\/pt-br\/shop\/padroes-de-croche-religiosos\/nossa-senhora-de-lourdes-com-santa-bernadete\/#primaryimage"},"image":{"@id":"https:\/\/craftygenesindonesia.com\/pt-br\/shop\/padroes-de-croche-religiosos\/nossa-senhora-de-lourdes-com-santa-bernadete\/#primaryimage"},"thumbnailUrl":"https:\/\/craftygenesindonesia.com\/wp-content\/uploads\/2023\/07\/Our-Lady-Lourdes-1.jpg","datePublished":"2023-07-06T23:36:31+00:00","dateModified":"2026-03-23T22:17:56+00:00","description":"Compre aqui o meu padr\u00e3o de croch\u00e9 \u201cNossa Senhora de Lourdes com Santa Bernadete\u201d. O padr\u00e3o de croch\u00e9 tamb\u00e9m est\u00e1 dispon\u00edvel no Etsy, Haked, Raverly e Payhip.","breadcrumb":{"@id":"https:\/\/craftygenesindonesia.com\/pt-br\/shop\/padroes-de-croche-religiosos\/nossa-senhora-de-lourdes-com-santa-bernadete\/#breadcrumb"},"inLanguage":"pt-BR","potentialAction":[{"@type":"ReadAction","target":["https:\/\/craftygenesindonesia.com\/pt-br\/shop\/padroes-de-croche-religiosos\/nossa-senhora-de-lourdes-com-santa-bernadete\/"]}]},{"@type":"ImageObject","inLanguage":"pt-BR","@id":"https:\/\/craftygenesindonesia.com\/pt-br\/shop\/padroes-de-croche-religiosos\/nossa-senhora-de-lourdes-com-santa-bernadete\/#primaryimage","url":"https:\/\/craftygenesindonesia.com\/wp-content\/uploads\/2023\/07\/Our-Lady-Lourdes-1.jpg","contentUrl":"https:\/\/craftygenesindonesia.com\/wp-content\/uploads\/2023\/07\/Our-Lady-Lourdes-1.jpg","width":1080,"height":1080,"caption":"Nossa Senhora de Lourdes em croch\u00ea na gruta em croch\u00ea com Santa Bernadete em croch\u00ea"},{"@type":"BreadcrumbList","@id":"https:\/\/craftygenesindonesia.com\/pt-br\/shop\/padroes-de-croche-religiosos\/nossa-senhora-de-lourdes-com-santa-bernadete\/#breadcrumb","itemListElement":[{"@type":"ListItem","position":1,"name":"Home","item":"https:\/\/craftygenesindonesia.com\/pt-br\/"},{"@type":"ListItem","position":2,"name":"Loja de moldes","item":"https:\/\/craftygenesindonesia.com\/pt-br\/loja-de-moldes\/"},{"@type":"ListItem","position":3,"name":"Nossa Senhora de Lourdes com Santa Bernadete"}]},{"@type":"WebSite","@id":"https:\/\/craftygenesindonesia.com\/pt-br\/#website","url":"https:\/\/craftygenesindonesia.com\/pt-br\/","name":"Craftygenesindonesia","description":"","publisher":{"@id":"https:\/\/craftygenesindonesia.com\/pt-br\/#organization"},"potentialAction":[{"@type":"SearchAction","target":{"@type":"EntryPoint","urlTemplate":"https:\/\/craftygenesindonesia.com\/pt-br\/?s={search_term_string}"},"query-input":{"@type":"PropertyValueSpecification","valueRequired":true,"valueName":"search_term_string"}}],"inLanguage":"pt-BR"},{"@type":"Organization","@id":"https:\/\/craftygenesindonesia.com\/pt-br\/#organization","name":"Craftygenesindonesia","url":"https:\/\/craftygenesindonesia.com\/pt-br\/","logo":{"@type":"ImageObject","inLanguage":"pt-BR","@id":"https:\/\/craftygenesindonesia.com\/pt-br\/#\/schema\/logo\/image\/","url":"https:\/\/craftygenesindonesia.com\/wp-content\/uploads\/2025\/11\/cropped-Copy-of-Craftygenesindonesia.jpg","contentUrl":"https:\/\/craftygenesindonesia.com\/wp-content\/uploads\/2025\/11\/cropped-Copy-of-Craftygenesindonesia.jpg","width":180,"height":60,"caption":"Craftygenesindonesia"},"image":{"@id":"https:\/\/craftygenesindonesia.com\/pt-br\/#\/schema\/logo\/image\/"}}]}},"_links":{"self":[{"href":"https:\/\/craftygenesindonesia.com\/pt-br\/wp-json\/wp\/v2\/product\/987537649","targetHints":{"allow":["GET"]}}],"collection":[{"href":"https:\/\/craftygenesindonesia.com\/pt-br\/wp-json\/wp\/v2\/product"}],"about":[{"href":"https:\/\/craftygenesindonesia.com\/pt-br\/wp-json\/wp\/v2\/types\/product"}],"replies":[{"embeddable":true,"href":"https:\/\/craftygenesindonesia.com\/pt-br\/wp-json\/wp\/v2\/comments?post=987537649"}],"wp:featuredmedia":[{"embeddable":true,"href":"https:\/\/craftygenesindonesia.com\/pt-br\/wp-json\/wp\/v2\/media\/987537654"}],"wp:attachment":[{"href":"https:\/\/craftygenesindonesia.com\/pt-br\/wp-json\/wp\/v2\/media?parent=987537649"}],"wp:term":[{"taxonomy":"product_brand","embeddable":true,"href":"https:\/\/craftygenesindonesia.com\/pt-br\/wp-json\/wp\/v2\/product_brand?post=987537649"},{"taxonomy":"product_cat","embeddable":true,"href":"https:\/\/craftygenesindonesia.com\/pt-br\/wp-json\/wp\/v2\/product_cat?post=987537649"},{"taxonomy":"product_tag","embeddable":true,"href":"https:\/\/craftygenesindonesia.com\/pt-br\/wp-json\/wp\/v2\/product_tag?post=987537649"}],"curies":[{"name":"wp","href":"https:\/\/api.w.org\/{rel}","templated":true}]}}