{"id":987537641,"date":"2023-06-15T15:36:44","date_gmt":"2023-06-15T07:36:44","guid":{"rendered":"https:\/\/craftygenesindonesia.com\/shop\/sem%20categoria\/enfeite-de-natal-5\/"},"modified":"2026-03-24T06:23:17","modified_gmt":"2026-03-23T22:23:17","slug":"enfeite-de-natal-5","status":"publish","type":"product","link":"https:\/\/craftygenesindonesia.com\/pt-br\/shop\/padroes-de-croche-natal\/enfeite-de-natal-5\/","title":{"rendered":"Enfeite de Natal 5"},"content":{"rendered":"<p><strong>Este padr\u00e3o de croch\u00ea \u00e9 um BAIXAR DIGITAL.<\/strong><\/p>\n<p>&nbsp;<\/p>\n<p>Este enfeite de Natal \u00e9 feito com fio leve (3) adequado para uma agulha de croch\u00ea de 2 mm.<\/p>\n<p>&nbsp;<\/p>\n<p>Voc\u00ea precisar\u00e1 das seguintes cores: branco \u2013 roxo claro \u2013 prata met\u00e1lico<\/p>\n<p>Voc\u00ea tamb\u00e9m precisar\u00e1 de: enchimento \u2013 marcadores de pontos \u2013 tesoura \u2013 agulha de tape\u00e7aria<\/p>\n<p>&nbsp;<\/p>\n<p>Agulha de croch\u00ea: tamanho 2 mm<\/p>\n<p>&nbsp;<\/p>\n<p>This crochet pattern includes lots of pictures to help you. If you do still have questions, feel free to contact me at: <a href=\"mailto:craftygenesindonesia@gmail.com\">craftygenesindonesia@gmail.com<\/a><\/p>\n<p>&nbsp;<\/p>\n<p>Este padr\u00e3o est\u00e1 protegido por direitos autorais. Portanto, o padr\u00e3o \u00e9 apenas para uso pessoal e N\u00c3O pode ser copiado, vendido, revendido, traduzido, reivindicado como seu design, distribu\u00eddo, compartilhado, publicado, postado online&#8230; de qualquer forma sem o meu consentimento. Nem mesmo parte disso!!!<\/p>\n<p>&nbsp;<\/p>\n<p>Voc\u00ea pode vender o enfeite de Natal acabado em pequenas quantidades, mas n\u00e3o o padr\u00e3o de croch\u00ea em si! Por favor, mencione que o padr\u00e3o \u00e9 da Craftygenesindonesia e onde ele pode ser adquirido.<\/p>\n","protected":false},"excerpt":{"rendered":"<p>O padr\u00e3o de croch\u00ea f\u00e1cil de seguir para este enfeite de Natal em croch\u00ea \u00e9 perfeito para voc\u00ea, se voc\u00ea adora fazer enfeites de Natal. Voc\u00ea pode faz\u00ea-lo em qualquer cor que desejar.<\/p>\n","protected":false},"featured_media":987537644,"comment_status":"open","ping_status":"closed","template":"","meta":{"_acf_changed":false},"product_brand":[],"product_cat":[13010,13003,12995],"product_tag":[13209,13066,13330,13205,13080,13208,13000],"class_list":{"0":"post-987537641","1":"product","2":"type-product","3":"status-publish","4":"has-post-thumbnail","6":"product_cat-enfeites-de-natal","7":"product_cat-padroes-de-croche-3d","8":"product_cat-padroes-de-croche-natal","9":"product_tag-enfeite-de-arvore","10":"product_tag-enfeite-de-natal","11":"product_tag-enfeite-de-natal-2","12":"product_tag-enfeite-para-arvore-de-natal","13":"product_tag-enfeites","14":"product_tag-ornamento","15":"product_tag-xmas","16":"pa_available_on-craftygenesindonesia","17":"pa_available_on-creative-fabrica","18":"pa_languages-holandes","19":"pa_languages-ingles-dos-eua","21":"first","22":"instock","23":"downloadable","24":"virtual","25":"purchasable","26":"product-type-simple"},"acf":[],"yoast_head":"<!-- This site is optimized with the Yoast SEO plugin v27.3 - https:\/\/yoast.com\/product\/yoast-seo-wordpress\/ -->\n<title>Enfeite de Natal 5 padr\u00e3o de croch\u00ea - Craftygenesindonesia<\/title>\n<meta name=\"description\" content=\"Compre aqui o meu padr\u00e3o de croch\u00e9 \u201cEnfeite de Natal 5\u201d. O padr\u00e3o \u00e9 f\u00e1cil de seguir e pode ser feito em v\u00e1rias cores.\" \/>\n<meta name=\"robots\" content=\"index, follow, max-snippet:-1, max-image-preview:large, max-video-preview:-1\" \/>\n<link rel=\"canonical\" href=\"https:\/\/craftygenesindonesia.com\/pt-br\/shop\/padroes-de-croche-natal\/enfeite-de-natal-5\/\" \/>\n<meta property=\"og:locale\" content=\"pt_BR\" \/>\n<meta property=\"og:type\" content=\"article\" \/>\n<meta property=\"og:title\" content=\"Enfeite de Natal 5 - padr\u00e3o de croch\u00ea\" \/>\n<meta property=\"og:description\" content=\"Compre aqui o meu padr\u00e3o de croch\u00e9 \u201cEnfeite de Natal 5\u201d. O padr\u00e3o \u00e9 f\u00e1cil de seguir e pode ser feito em v\u00e1rias cores.\" \/>\n<meta property=\"og:url\" content=\"https:\/\/craftygenesindonesia.com\/pt-br\/shop\/padroes-de-croche-natal\/enfeite-de-natal-5\/\" \/>\n<meta property=\"og:site_name\" content=\"Craftygenesindonesia\" \/>\n<meta property=\"article:modified_time\" content=\"2026-03-23T22:23:17+00:00\" \/>\n<meta property=\"og:image\" content=\"https:\/\/craftygenesindonesia.com\/wp-content\/uploads\/2023\/06\/image0-5-300x300.jpeg\" \/>\n<meta name=\"twitter:card\" content=\"summary_large_image\" \/>\n<meta name=\"twitter:title\" content=\"Enfeite de Natal 5 - padr\u00e3o de croch\u00ea\" \/>\n<meta name=\"twitter:description\" content=\"Compre aqui o meu padr\u00e3o de croch\u00e9 \u201cEnfeite de Natal 5\u201d. O padr\u00e3o \u00e9 f\u00e1cil de seguir e pode ser feito em v\u00e1rias cores.\" \/>\n<meta name=\"twitter:image\" content=\"https:\/\/craftygenesindonesia.com\/wp-content\/uploads\/2023\/06\/image0-5.jpeg\" \/>\n<meta name=\"twitter:label1\" content=\"Est. tempo de leitura\" \/>\n\t<meta name=\"twitter:data1\" content=\"1 minuto\" \/>\n<script type=\"application\/ld+json\" class=\"yoast-schema-graph\">{\"@context\":\"https:\\\/\\\/schema.org\",\"@graph\":[{\"@type\":\"WebPage\",\"@id\":\"https:\\\/\\\/craftygenesindonesia.com\\\/pt-br\\\/shop\\\/padroes-de-croche-natal\\\/enfeite-de-natal-5\\\/\",\"url\":\"https:\\\/\\\/craftygenesindonesia.com\\\/pt-br\\\/shop\\\/padroes-de-croche-natal\\\/enfeite-de-natal-5\\\/\",\"name\":\"Enfeite de Natal 5 padr\u00e3o de croch\u00ea - Craftygenesindonesia\",\"isPartOf\":{\"@id\":\"https:\\\/\\\/craftygenesindonesia.com\\\/pt-br\\\/#website\"},\"primaryImageOfPage\":{\"@id\":\"https:\\\/\\\/craftygenesindonesia.com\\\/pt-br\\\/shop\\\/padroes-de-croche-natal\\\/enfeite-de-natal-5\\\/#primaryimage\"},\"image\":{\"@id\":\"https:\\\/\\\/craftygenesindonesia.com\\\/pt-br\\\/shop\\\/padroes-de-croche-natal\\\/enfeite-de-natal-5\\\/#primaryimage\"},\"thumbnailUrl\":\"https:\\\/\\\/craftygenesindonesia.com\\\/wp-content\\\/uploads\\\/2023\\\/06\\\/Untitled-design-74.jpg\",\"datePublished\":\"2023-06-15T07:36:44+00:00\",\"dateModified\":\"2026-03-23T22:23:17+00:00\",\"description\":\"Compre aqui o meu padr\u00e3o de croch\u00e9 \u201cEnfeite de Natal 5\u201d. O padr\u00e3o \u00e9 f\u00e1cil de seguir e pode ser feito em v\u00e1rias cores.\",\"breadcrumb\":{\"@id\":\"https:\\\/\\\/craftygenesindonesia.com\\\/pt-br\\\/shop\\\/padroes-de-croche-natal\\\/enfeite-de-natal-5\\\/#breadcrumb\"},\"inLanguage\":\"pt-BR\",\"potentialAction\":[{\"@type\":\"ReadAction\",\"target\":[\"https:\\\/\\\/craftygenesindonesia.com\\\/pt-br\\\/shop\\\/padroes-de-croche-natal\\\/enfeite-de-natal-5\\\/\"]}]},{\"@type\":\"ImageObject\",\"inLanguage\":\"pt-BR\",\"@id\":\"https:\\\/\\\/craftygenesindonesia.com\\\/pt-br\\\/shop\\\/padroes-de-croche-natal\\\/enfeite-de-natal-5\\\/#primaryimage\",\"url\":\"https:\\\/\\\/craftygenesindonesia.com\\\/wp-content\\\/uploads\\\/2023\\\/06\\\/Untitled-design-74.jpg\",\"contentUrl\":\"https:\\\/\\\/craftygenesindonesia.com\\\/wp-content\\\/uploads\\\/2023\\\/06\\\/Untitled-design-74.jpg\",\"width\":1024,\"height\":1024,\"caption\":\"Enfeite de Natal 5\"},{\"@type\":\"BreadcrumbList\",\"@id\":\"https:\\\/\\\/craftygenesindonesia.com\\\/pt-br\\\/shop\\\/padroes-de-croche-natal\\\/enfeite-de-natal-5\\\/#breadcrumb\",\"itemListElement\":[{\"@type\":\"ListItem\",\"position\":1,\"name\":\"Home\",\"item\":\"https:\\\/\\\/craftygenesindonesia.com\\\/pt-br\\\/\"},{\"@type\":\"ListItem\",\"position\":2,\"name\":\"Loja de moldes\",\"item\":\"https:\\\/\\\/craftygenesindonesia.com\\\/pt-br\\\/loja-de-moldes\\\/\"},{\"@type\":\"ListItem\",\"position\":3,\"name\":\"Enfeite de Natal 5\"}]},{\"@type\":\"WebSite\",\"@id\":\"https:\\\/\\\/craftygenesindonesia.com\\\/pt-br\\\/#website\",\"url\":\"https:\\\/\\\/craftygenesindonesia.com\\\/pt-br\\\/\",\"name\":\"Craftygenesindonesia\",\"description\":\"\",\"publisher\":{\"@id\":\"https:\\\/\\\/craftygenesindonesia.com\\\/pt-br\\\/#organization\"},\"potentialAction\":[{\"@type\":\"SearchAction\",\"target\":{\"@type\":\"EntryPoint\",\"urlTemplate\":\"https:\\\/\\\/craftygenesindonesia.com\\\/pt-br\\\/?s={search_term_string}\"},\"query-input\":{\"@type\":\"PropertyValueSpecification\",\"valueRequired\":true,\"valueName\":\"search_term_string\"}}],\"inLanguage\":\"pt-BR\"},{\"@type\":\"Organization\",\"@id\":\"https:\\\/\\\/craftygenesindonesia.com\\\/pt-br\\\/#organization\",\"name\":\"Craftygenesindonesia\",\"url\":\"https:\\\/\\\/craftygenesindonesia.com\\\/pt-br\\\/\",\"logo\":{\"@type\":\"ImageObject\",\"inLanguage\":\"pt-BR\",\"@id\":\"https:\\\/\\\/craftygenesindonesia.com\\\/pt-br\\\/#\\\/schema\\\/logo\\\/image\\\/\",\"url\":\"https:\\\/\\\/craftygenesindonesia.com\\\/wp-content\\\/uploads\\\/2025\\\/11\\\/cropped-Copy-of-Craftygenesindonesia.jpg\",\"contentUrl\":\"https:\\\/\\\/craftygenesindonesia.com\\\/wp-content\\\/uploads\\\/2025\\\/11\\\/cropped-Copy-of-Craftygenesindonesia.jpg\",\"width\":180,\"height\":60,\"caption\":\"Craftygenesindonesia\"},\"image\":{\"@id\":\"https:\\\/\\\/craftygenesindonesia.com\\\/pt-br\\\/#\\\/schema\\\/logo\\\/image\\\/\"}}]}<\/script>\n<!-- \/ Yoast SEO plugin. -->","yoast_head_json":{"title":"Enfeite de Natal 5 padr\u00e3o de croch\u00ea - Craftygenesindonesia","description":"Compre aqui o meu padr\u00e3o de croch\u00e9 \u201cEnfeite de Natal 5\u201d. O padr\u00e3o \u00e9 f\u00e1cil de seguir e pode ser feito em v\u00e1rias cores.","robots":{"index":"index","follow":"follow","max-snippet":"max-snippet:-1","max-image-preview":"max-image-preview:large","max-video-preview":"max-video-preview:-1"},"canonical":"https:\/\/craftygenesindonesia.com\/pt-br\/shop\/padroes-de-croche-natal\/enfeite-de-natal-5\/","og_locale":"pt_BR","og_type":"article","og_title":"Enfeite de Natal 5 - padr\u00e3o de croch\u00ea","og_description":"Compre aqui o meu padr\u00e3o de croch\u00e9 \u201cEnfeite de Natal 5\u201d. O padr\u00e3o \u00e9 f\u00e1cil de seguir e pode ser feito em v\u00e1rias cores.","og_url":"https:\/\/craftygenesindonesia.com\/pt-br\/shop\/padroes-de-croche-natal\/enfeite-de-natal-5\/","og_site_name":"Craftygenesindonesia","article_modified_time":"2026-03-23T22:23:17+00:00","og_image":[{"url":"https:\/\/craftygenesindonesia.com\/wp-content\/uploads\/2023\/06\/image0-5-300x300.jpeg","type":"","width":"","height":""}],"twitter_card":"summary_large_image","twitter_title":"Enfeite de Natal 5 - padr\u00e3o de croch\u00ea","twitter_description":"Compre aqui o meu padr\u00e3o de croch\u00e9 \u201cEnfeite de Natal 5\u201d. O padr\u00e3o \u00e9 f\u00e1cil de seguir e pode ser feito em v\u00e1rias cores.","twitter_image":"https:\/\/craftygenesindonesia.com\/wp-content\/uploads\/2023\/06\/image0-5.jpeg","twitter_misc":{"Est. tempo de leitura":"1 minuto"},"schema":{"@context":"https:\/\/schema.org","@graph":[{"@type":"WebPage","@id":"https:\/\/craftygenesindonesia.com\/pt-br\/shop\/padroes-de-croche-natal\/enfeite-de-natal-5\/","url":"https:\/\/craftygenesindonesia.com\/pt-br\/shop\/padroes-de-croche-natal\/enfeite-de-natal-5\/","name":"Enfeite de Natal 5 padr\u00e3o de croch\u00ea - Craftygenesindonesia","isPartOf":{"@id":"https:\/\/craftygenesindonesia.com\/pt-br\/#website"},"primaryImageOfPage":{"@id":"https:\/\/craftygenesindonesia.com\/pt-br\/shop\/padroes-de-croche-natal\/enfeite-de-natal-5\/#primaryimage"},"image":{"@id":"https:\/\/craftygenesindonesia.com\/pt-br\/shop\/padroes-de-croche-natal\/enfeite-de-natal-5\/#primaryimage"},"thumbnailUrl":"https:\/\/craftygenesindonesia.com\/wp-content\/uploads\/2023\/06\/Untitled-design-74.jpg","datePublished":"2023-06-15T07:36:44+00:00","dateModified":"2026-03-23T22:23:17+00:00","description":"Compre aqui o meu padr\u00e3o de croch\u00e9 \u201cEnfeite de Natal 5\u201d. O padr\u00e3o \u00e9 f\u00e1cil de seguir e pode ser feito em v\u00e1rias cores.","breadcrumb":{"@id":"https:\/\/craftygenesindonesia.com\/pt-br\/shop\/padroes-de-croche-natal\/enfeite-de-natal-5\/#breadcrumb"},"inLanguage":"pt-BR","potentialAction":[{"@type":"ReadAction","target":["https:\/\/craftygenesindonesia.com\/pt-br\/shop\/padroes-de-croche-natal\/enfeite-de-natal-5\/"]}]},{"@type":"ImageObject","inLanguage":"pt-BR","@id":"https:\/\/craftygenesindonesia.com\/pt-br\/shop\/padroes-de-croche-natal\/enfeite-de-natal-5\/#primaryimage","url":"https:\/\/craftygenesindonesia.com\/wp-content\/uploads\/2023\/06\/Untitled-design-74.jpg","contentUrl":"https:\/\/craftygenesindonesia.com\/wp-content\/uploads\/2023\/06\/Untitled-design-74.jpg","width":1024,"height":1024,"caption":"Enfeite de Natal 5"},{"@type":"BreadcrumbList","@id":"https:\/\/craftygenesindonesia.com\/pt-br\/shop\/padroes-de-croche-natal\/enfeite-de-natal-5\/#breadcrumb","itemListElement":[{"@type":"ListItem","position":1,"name":"Home","item":"https:\/\/craftygenesindonesia.com\/pt-br\/"},{"@type":"ListItem","position":2,"name":"Loja de moldes","item":"https:\/\/craftygenesindonesia.com\/pt-br\/loja-de-moldes\/"},{"@type":"ListItem","position":3,"name":"Enfeite de Natal 5"}]},{"@type":"WebSite","@id":"https:\/\/craftygenesindonesia.com\/pt-br\/#website","url":"https:\/\/craftygenesindonesia.com\/pt-br\/","name":"Craftygenesindonesia","description":"","publisher":{"@id":"https:\/\/craftygenesindonesia.com\/pt-br\/#organization"},"potentialAction":[{"@type":"SearchAction","target":{"@type":"EntryPoint","urlTemplate":"https:\/\/craftygenesindonesia.com\/pt-br\/?s={search_term_string}"},"query-input":{"@type":"PropertyValueSpecification","valueRequired":true,"valueName":"search_term_string"}}],"inLanguage":"pt-BR"},{"@type":"Organization","@id":"https:\/\/craftygenesindonesia.com\/pt-br\/#organization","name":"Craftygenesindonesia","url":"https:\/\/craftygenesindonesia.com\/pt-br\/","logo":{"@type":"ImageObject","inLanguage":"pt-BR","@id":"https:\/\/craftygenesindonesia.com\/pt-br\/#\/schema\/logo\/image\/","url":"https:\/\/craftygenesindonesia.com\/wp-content\/uploads\/2025\/11\/cropped-Copy-of-Craftygenesindonesia.jpg","contentUrl":"https:\/\/craftygenesindonesia.com\/wp-content\/uploads\/2025\/11\/cropped-Copy-of-Craftygenesindonesia.jpg","width":180,"height":60,"caption":"Craftygenesindonesia"},"image":{"@id":"https:\/\/craftygenesindonesia.com\/pt-br\/#\/schema\/logo\/image\/"}}]}},"_links":{"self":[{"href":"https:\/\/craftygenesindonesia.com\/pt-br\/wp-json\/wp\/v2\/product\/987537641","targetHints":{"allow":["GET"]}}],"collection":[{"href":"https:\/\/craftygenesindonesia.com\/pt-br\/wp-json\/wp\/v2\/product"}],"about":[{"href":"https:\/\/craftygenesindonesia.com\/pt-br\/wp-json\/wp\/v2\/types\/product"}],"replies":[{"embeddable":true,"href":"https:\/\/craftygenesindonesia.com\/pt-br\/wp-json\/wp\/v2\/comments?post=987537641"}],"wp:featuredmedia":[{"embeddable":true,"href":"https:\/\/craftygenesindonesia.com\/pt-br\/wp-json\/wp\/v2\/media\/987537644"}],"wp:attachment":[{"href":"https:\/\/craftygenesindonesia.com\/pt-br\/wp-json\/wp\/v2\/media?parent=987537641"}],"wp:term":[{"taxonomy":"product_brand","embeddable":true,"href":"https:\/\/craftygenesindonesia.com\/pt-br\/wp-json\/wp\/v2\/product_brand?post=987537641"},{"taxonomy":"product_cat","embeddable":true,"href":"https:\/\/craftygenesindonesia.com\/pt-br\/wp-json\/wp\/v2\/product_cat?post=987537641"},{"taxonomy":"product_tag","embeddable":true,"href":"https:\/\/craftygenesindonesia.com\/pt-br\/wp-json\/wp\/v2\/product_tag?post=987537641"}],"curies":[{"name":"wp","href":"https:\/\/api.w.org\/{rel}","templated":true}]}}