{"id":987537631,"date":"2023-06-15T14:00:16","date_gmt":"2023-06-15T06:00:16","guid":{"rendered":"https:\/\/craftygenesindonesia.com\/shop\/sem%20categoria\/papai-noel-e-mamae-noel\/"},"modified":"2026-03-24T06:35:28","modified_gmt":"2026-03-23T22:35:28","slug":"papai-noel-e-mamae-noel","status":"publish","type":"product","link":"https:\/\/craftygenesindonesia.com\/pt-br\/shop\/padroes-de-croche-natal\/papai-noel-e-mamae-noel\/","title":{"rendered":"Papai Noel e Mam\u00e3e Noel"},"content":{"rendered":"<p><strong>Papai Noel e Mam\u00e3e Noel<\/strong><\/p>\n<p>Tipo de arquivo: padr\u00e3o de croch\u00ea &#8211; download digital, n\u00e3o \u00e9 um item f\u00edsico<br \/>\n<strong>Idiomas dispon\u00edveis: ingl\u00eas (termos dos EUA e do Reino Unido), holand\u00eas, franc\u00eas, espanhol, alem\u00e3o, portugu\u00eas<\/strong><\/p>\n<p>Size of finished item: (including platform) 50cm\/19.7inch tall<\/p>\n<p>Tipo de fio: fio de espessura \u201cfingering\u201d = tamanho 3<br \/>\nMarcas recomendadas: Catona da Scheepjes, Durable Coral<br \/>\nCores de fio necess\u00e1rias: preto, castanho escuro, vermelho escuro, verde, dourado met\u00e1lico, vermelho, cor de pele, branco<\/p>\n<p>Fio 2: fio chenille branco<\/p>\n<p>Agulha de croch\u00ea: 2 mm<\/p>\n<p>Outros itens necess\u00e1rios: Enchimento \u2013 marcadores de pontos \u2013 tesoura \u2013 agulha de tape\u00e7aria \u2013 alfinetes de costura \u2013 linha de costura (branca) \u2013 agulha de costura \u2013 cartolina razoavelmente r\u00edgida \u2013 cola \u2013 pistola de cola \u2013 pauzinhos ou arame de alum\u00ednio grosso para impedir que as cabe\u00e7as caiam para tr\u00e1s \u2013 arame de alum\u00ednio de 2 mm \u2013 alicate de corte \u2013 arame de contas douradas de 3 mm \u2013 arame dourado de 2 mm (do tipo usado para fazer joias) \u2013 pingente dourado de 10 mm \u2013 an\u00e9is dourados de 4 mm<\/p>\n<p><strong>Direitos autorais e informa\u00e7\u00f5es de ajuda:<\/strong><br \/>\nEste padr\u00e3o \u00e9 um padr\u00e3o escrito (digital) com muitas imagens para ajud\u00e1-lo. Se voc\u00ea tiver d\u00favidas sobre o padr\u00e3o, envie um e-mail para craftygenesindonesia@gmail.com<\/p>\n<p><strong>Este padr\u00e3o digital de croch\u00ea \u00e9 apenas para uso pessoal e est\u00e1 protegido por direitos autorais. Portanto, voc\u00ea n\u00e3o pode copiar, vender, revender, traduzir, reivindicar como seu pr\u00f3prio design, distribuir, compartilhar, publicar, postar&#8230; de nenhuma forma ou maneira sem a minha permiss\u00e3o. Nem mesmo uma parte dele! <\/strong><\/p>\n<p><strong>Voc\u00ea pode vender o produto ou item acabado, em pequenas quantidades, mas n\u00e3o pode vender o padr\u00e3o de croch\u00ea em si! Mencione que o padr\u00e3o de croch\u00ea \u00e9 da minha autoria, Craftygenesindonesia, e onde pode ser adquirido. <\/strong><\/p>\n<p>Atualiza\u00e7\u00e3o: Para quem comprou o molde antes de 27 de junho de 2023: \u00c9 necess\u00e1rio alterar a cor para vermelho na linha 40 do corpo da Mam\u00e3e Noel. Na primeira edi\u00e7\u00e3o deste molde, esqueci de adicionar esta informa\u00e7\u00e3o.<\/p>\n","protected":false},"excerpt":{"rendered":"<p>This is one of those Christmas decoration pieces that will get people talking and admiring it. You need to have this pattern if you want a Santa and his lady that is unique.<\/p>\n","protected":false},"featured_media":987537635,"comment_status":"open","ping_status":"closed","template":"","meta":{"_acf_changed":false},"product_brand":[],"product_cat":[12995,12996],"product_tag":[12999,13313,13178,13182,13069,13180,13311,13000],"class_list":{"0":"post-987537631","1":"product","2":"type-product","3":"status-publish","4":"has-post-thumbnail","6":"product_cat-padroes-de-croche-natal","7":"product_cat-padroes-de-croche-senhoras-e-senhores","8":"product_tag-decoracoes-de-natal","9":"product_tag-papai-noel-2","10":"product_tag-papai-noel","11":"product_tag-santa-claus","12":"product_tag-senhora-do-natal","13":"product_tag-sra-noel","14":"product_tag-sra-noel-2","15":"product_tag-xmas","16":"pa_available_on-craftygenesindonesia","17":"pa_available_on-etsy","18":"pa_available_on-haked-nl","19":"pa_available_on-payhip","20":"pa_available_on-ravelry","21":"pa_languages-alemao","22":"pa_languages-espanhol","23":"pa_languages-frances","24":"pa_languages-holandes","25":"pa_languages-ingles-do-reino-unido","26":"pa_languages-ingles-dos-eua","27":"pa_languages-portugues","29":"first","30":"instock","31":"downloadable","32":"virtual","33":"purchasable","34":"product-type-simple"},"acf":[],"yoast_head":"<!-- This site is optimized with the Yoast SEO plugin v27.4 - https:\/\/yoast.com\/product\/yoast-seo-wordpress\/ -->\n<title>Papai Noel e Mam\u00e3e Noel padr\u00e3o de croch\u00ea - Craftygenesindonesia<\/title>\n<meta name=\"description\" content=\"Compre aqui o meu padr\u00e3o de croch\u00e9 \u201cPapai Noel e Mam\u00e3e Noel\u201d. O padr\u00e3o de croch\u00e9 f\u00e1cil de seguir tamb\u00e9m est\u00e1 dispon\u00edvel no Etsy, Haked, Ravelry e Payhip.\" \/>\n<meta name=\"robots\" content=\"index, follow, max-snippet:-1, max-image-preview:large, max-video-preview:-1\" \/>\n<link rel=\"canonical\" href=\"https:\/\/craftygenesindonesia.com\/pt-br\/shop\/padroes-de-croche-natal\/papai-noel-e-mamae-noel\/\" \/>\n<meta property=\"og:locale\" content=\"pt_BR\" \/>\n<meta property=\"og:type\" content=\"article\" \/>\n<meta property=\"og:title\" content=\"Papai Noel e Mam\u00e3e Noel - padr\u00e3o de croch\u00ea\" \/>\n<meta property=\"og:description\" content=\"Compre aqui o meu padr\u00e3o de croch\u00e9 \u201cPapai Noel e Mam\u00e3e Noel\u201d. O padr\u00e3o de croch\u00e9 f\u00e1cil de seguir tamb\u00e9m est\u00e1 dispon\u00edvel no Etsy, Haked, Ravelry e Payhip.\" \/>\n<meta property=\"og:url\" content=\"https:\/\/craftygenesindonesia.com\/pt-br\/shop\/padroes-de-croche-natal\/papai-noel-e-mamae-noel\/\" \/>\n<meta property=\"og:site_name\" content=\"Craftygenesindonesia\" \/>\n<meta property=\"article:modified_time\" content=\"2026-03-23T22:35:28+00:00\" \/>\n<meta property=\"og:image\" content=\"https:\/\/craftygenesindonesia.com\/wp-content\/uploads\/2023\/06\/Santa-lady-christmas-1-300x300.jpg\" \/>\n<meta name=\"twitter:card\" content=\"summary_large_image\" \/>\n<meta name=\"twitter:title\" content=\"Papai Noel e Mam\u00e3e Noel - padr\u00e3o de croch\u00ea\" \/>\n<meta name=\"twitter:image\" content=\"https:\/\/craftygenesindonesia.com\/wp-content\/uploads\/2023\/06\/126A0609-ABB0-4D86-AF99-3D64247A0DBB.png\" \/>\n<meta name=\"twitter:label1\" content=\"Est. tempo de leitura\" \/>\n\t<meta name=\"twitter:data1\" content=\"2 minutos\" \/>\n<script type=\"application\/ld+json\" class=\"yoast-schema-graph\">{\"@context\":\"https:\\\/\\\/schema.org\",\"@graph\":[{\"@type\":\"WebPage\",\"@id\":\"https:\\\/\\\/craftygenesindonesia.com\\\/pt-br\\\/shop\\\/padroes-de-croche-natal\\\/papai-noel-e-mamae-noel\\\/\",\"url\":\"https:\\\/\\\/craftygenesindonesia.com\\\/pt-br\\\/shop\\\/padroes-de-croche-natal\\\/papai-noel-e-mamae-noel\\\/\",\"name\":\"Papai Noel e Mam\u00e3e Noel padr\u00e3o de croch\u00ea - Craftygenesindonesia\",\"isPartOf\":{\"@id\":\"https:\\\/\\\/craftygenesindonesia.com\\\/pt-br\\\/#website\"},\"primaryImageOfPage\":{\"@id\":\"https:\\\/\\\/craftygenesindonesia.com\\\/pt-br\\\/shop\\\/padroes-de-croche-natal\\\/papai-noel-e-mamae-noel\\\/#primaryimage\"},\"image\":{\"@id\":\"https:\\\/\\\/craftygenesindonesia.com\\\/pt-br\\\/shop\\\/padroes-de-croche-natal\\\/papai-noel-e-mamae-noel\\\/#primaryimage\"},\"thumbnailUrl\":\"https:\\\/\\\/craftygenesindonesia.com\\\/wp-content\\\/uploads\\\/2023\\\/06\\\/Santa-lady-christmas-1.jpg\",\"datePublished\":\"2023-06-15T06:00:16+00:00\",\"dateModified\":\"2026-03-23T22:35:28+00:00\",\"description\":\"Compre aqui o meu padr\u00e3o de croch\u00e9 \u201cPapai Noel e Mam\u00e3e Noel\u201d. O padr\u00e3o de croch\u00e9 f\u00e1cil de seguir tamb\u00e9m est\u00e1 dispon\u00edvel no Etsy, Haked, Ravelry e Payhip.\",\"breadcrumb\":{\"@id\":\"https:\\\/\\\/craftygenesindonesia.com\\\/pt-br\\\/shop\\\/padroes-de-croche-natal\\\/papai-noel-e-mamae-noel\\\/#breadcrumb\"},\"inLanguage\":\"pt-BR\",\"potentialAction\":[{\"@type\":\"ReadAction\",\"target\":[\"https:\\\/\\\/craftygenesindonesia.com\\\/pt-br\\\/shop\\\/padroes-de-croche-natal\\\/papai-noel-e-mamae-noel\\\/\"]}]},{\"@type\":\"ImageObject\",\"inLanguage\":\"pt-BR\",\"@id\":\"https:\\\/\\\/craftygenesindonesia.com\\\/pt-br\\\/shop\\\/padroes-de-croche-natal\\\/papai-noel-e-mamae-noel\\\/#primaryimage\",\"url\":\"https:\\\/\\\/craftygenesindonesia.com\\\/wp-content\\\/uploads\\\/2023\\\/06\\\/Santa-lady-christmas-1.jpg\",\"contentUrl\":\"https:\\\/\\\/craftygenesindonesia.com\\\/wp-content\\\/uploads\\\/2023\\\/06\\\/Santa-lady-christmas-1.jpg\",\"width\":1080,\"height\":1080,\"caption\":\"Papai Noel em croch\u00ea com Mam\u00e3e Noel em croch\u00ea\"},{\"@type\":\"BreadcrumbList\",\"@id\":\"https:\\\/\\\/craftygenesindonesia.com\\\/pt-br\\\/shop\\\/padroes-de-croche-natal\\\/papai-noel-e-mamae-noel\\\/#breadcrumb\",\"itemListElement\":[{\"@type\":\"ListItem\",\"position\":1,\"name\":\"Home\",\"item\":\"https:\\\/\\\/craftygenesindonesia.com\\\/pt-br\\\/\"},{\"@type\":\"ListItem\",\"position\":2,\"name\":\"Loja de moldes\",\"item\":\"https:\\\/\\\/craftygenesindonesia.com\\\/pt-br\\\/loja-de-moldes\\\/\"},{\"@type\":\"ListItem\",\"position\":3,\"name\":\"Papai Noel e Mam\u00e3e Noel\"}]},{\"@type\":\"WebSite\",\"@id\":\"https:\\\/\\\/craftygenesindonesia.com\\\/pt-br\\\/#website\",\"url\":\"https:\\\/\\\/craftygenesindonesia.com\\\/pt-br\\\/\",\"name\":\"Craftygenesindonesia\",\"description\":\"\",\"publisher\":{\"@id\":\"https:\\\/\\\/craftygenesindonesia.com\\\/pt-br\\\/#organization\"},\"potentialAction\":[{\"@type\":\"SearchAction\",\"target\":{\"@type\":\"EntryPoint\",\"urlTemplate\":\"https:\\\/\\\/craftygenesindonesia.com\\\/pt-br\\\/?s={search_term_string}\"},\"query-input\":{\"@type\":\"PropertyValueSpecification\",\"valueRequired\":true,\"valueName\":\"search_term_string\"}}],\"inLanguage\":\"pt-BR\"},{\"@type\":\"Organization\",\"@id\":\"https:\\\/\\\/craftygenesindonesia.com\\\/pt-br\\\/#organization\",\"name\":\"Craftygenesindonesia\",\"url\":\"https:\\\/\\\/craftygenesindonesia.com\\\/pt-br\\\/\",\"logo\":{\"@type\":\"ImageObject\",\"inLanguage\":\"pt-BR\",\"@id\":\"https:\\\/\\\/craftygenesindonesia.com\\\/pt-br\\\/#\\\/schema\\\/logo\\\/image\\\/\",\"url\":\"https:\\\/\\\/craftygenesindonesia.com\\\/wp-content\\\/uploads\\\/2025\\\/11\\\/cropped-Copy-of-Craftygenesindonesia.jpg\",\"contentUrl\":\"https:\\\/\\\/craftygenesindonesia.com\\\/wp-content\\\/uploads\\\/2025\\\/11\\\/cropped-Copy-of-Craftygenesindonesia.jpg\",\"width\":180,\"height\":60,\"caption\":\"Craftygenesindonesia\"},\"image\":{\"@id\":\"https:\\\/\\\/craftygenesindonesia.com\\\/pt-br\\\/#\\\/schema\\\/logo\\\/image\\\/\"}}]}<\/script>\n<!-- \/ Yoast SEO plugin. -->","yoast_head_json":{"title":"Papai Noel e Mam\u00e3e Noel padr\u00e3o de croch\u00ea - Craftygenesindonesia","description":"Compre aqui o meu padr\u00e3o de croch\u00e9 \u201cPapai Noel e Mam\u00e3e Noel\u201d. O padr\u00e3o de croch\u00e9 f\u00e1cil de seguir tamb\u00e9m est\u00e1 dispon\u00edvel no Etsy, Haked, Ravelry e Payhip.","robots":{"index":"index","follow":"follow","max-snippet":"max-snippet:-1","max-image-preview":"max-image-preview:large","max-video-preview":"max-video-preview:-1"},"canonical":"https:\/\/craftygenesindonesia.com\/pt-br\/shop\/padroes-de-croche-natal\/papai-noel-e-mamae-noel\/","og_locale":"pt_BR","og_type":"article","og_title":"Papai Noel e Mam\u00e3e Noel - padr\u00e3o de croch\u00ea","og_description":"Compre aqui o meu padr\u00e3o de croch\u00e9 \u201cPapai Noel e Mam\u00e3e Noel\u201d. O padr\u00e3o de croch\u00e9 f\u00e1cil de seguir tamb\u00e9m est\u00e1 dispon\u00edvel no Etsy, Haked, Ravelry e Payhip.","og_url":"https:\/\/craftygenesindonesia.com\/pt-br\/shop\/padroes-de-croche-natal\/papai-noel-e-mamae-noel\/","og_site_name":"Craftygenesindonesia","article_modified_time":"2026-03-23T22:35:28+00:00","og_image":[{"url":"https:\/\/craftygenesindonesia.com\/wp-content\/uploads\/2023\/06\/Santa-lady-christmas-1-300x300.jpg","type":"","width":"","height":""}],"twitter_card":"summary_large_image","twitter_title":"Papai Noel e Mam\u00e3e Noel - padr\u00e3o de croch\u00ea","twitter_image":"https:\/\/craftygenesindonesia.com\/wp-content\/uploads\/2023\/06\/126A0609-ABB0-4D86-AF99-3D64247A0DBB.png","twitter_misc":{"Est. tempo de leitura":"2 minutos"},"schema":{"@context":"https:\/\/schema.org","@graph":[{"@type":"WebPage","@id":"https:\/\/craftygenesindonesia.com\/pt-br\/shop\/padroes-de-croche-natal\/papai-noel-e-mamae-noel\/","url":"https:\/\/craftygenesindonesia.com\/pt-br\/shop\/padroes-de-croche-natal\/papai-noel-e-mamae-noel\/","name":"Papai Noel e Mam\u00e3e Noel padr\u00e3o de croch\u00ea - Craftygenesindonesia","isPartOf":{"@id":"https:\/\/craftygenesindonesia.com\/pt-br\/#website"},"primaryImageOfPage":{"@id":"https:\/\/craftygenesindonesia.com\/pt-br\/shop\/padroes-de-croche-natal\/papai-noel-e-mamae-noel\/#primaryimage"},"image":{"@id":"https:\/\/craftygenesindonesia.com\/pt-br\/shop\/padroes-de-croche-natal\/papai-noel-e-mamae-noel\/#primaryimage"},"thumbnailUrl":"https:\/\/craftygenesindonesia.com\/wp-content\/uploads\/2023\/06\/Santa-lady-christmas-1.jpg","datePublished":"2023-06-15T06:00:16+00:00","dateModified":"2026-03-23T22:35:28+00:00","description":"Compre aqui o meu padr\u00e3o de croch\u00e9 \u201cPapai Noel e Mam\u00e3e Noel\u201d. O padr\u00e3o de croch\u00e9 f\u00e1cil de seguir tamb\u00e9m est\u00e1 dispon\u00edvel no Etsy, Haked, Ravelry e Payhip.","breadcrumb":{"@id":"https:\/\/craftygenesindonesia.com\/pt-br\/shop\/padroes-de-croche-natal\/papai-noel-e-mamae-noel\/#breadcrumb"},"inLanguage":"pt-BR","potentialAction":[{"@type":"ReadAction","target":["https:\/\/craftygenesindonesia.com\/pt-br\/shop\/padroes-de-croche-natal\/papai-noel-e-mamae-noel\/"]}]},{"@type":"ImageObject","inLanguage":"pt-BR","@id":"https:\/\/craftygenesindonesia.com\/pt-br\/shop\/padroes-de-croche-natal\/papai-noel-e-mamae-noel\/#primaryimage","url":"https:\/\/craftygenesindonesia.com\/wp-content\/uploads\/2023\/06\/Santa-lady-christmas-1.jpg","contentUrl":"https:\/\/craftygenesindonesia.com\/wp-content\/uploads\/2023\/06\/Santa-lady-christmas-1.jpg","width":1080,"height":1080,"caption":"Papai Noel em croch\u00ea com Mam\u00e3e Noel em croch\u00ea"},{"@type":"BreadcrumbList","@id":"https:\/\/craftygenesindonesia.com\/pt-br\/shop\/padroes-de-croche-natal\/papai-noel-e-mamae-noel\/#breadcrumb","itemListElement":[{"@type":"ListItem","position":1,"name":"Home","item":"https:\/\/craftygenesindonesia.com\/pt-br\/"},{"@type":"ListItem","position":2,"name":"Loja de moldes","item":"https:\/\/craftygenesindonesia.com\/pt-br\/loja-de-moldes\/"},{"@type":"ListItem","position":3,"name":"Papai Noel e Mam\u00e3e Noel"}]},{"@type":"WebSite","@id":"https:\/\/craftygenesindonesia.com\/pt-br\/#website","url":"https:\/\/craftygenesindonesia.com\/pt-br\/","name":"Craftygenesindonesia","description":"","publisher":{"@id":"https:\/\/craftygenesindonesia.com\/pt-br\/#organization"},"potentialAction":[{"@type":"SearchAction","target":{"@type":"EntryPoint","urlTemplate":"https:\/\/craftygenesindonesia.com\/pt-br\/?s={search_term_string}"},"query-input":{"@type":"PropertyValueSpecification","valueRequired":true,"valueName":"search_term_string"}}],"inLanguage":"pt-BR"},{"@type":"Organization","@id":"https:\/\/craftygenesindonesia.com\/pt-br\/#organization","name":"Craftygenesindonesia","url":"https:\/\/craftygenesindonesia.com\/pt-br\/","logo":{"@type":"ImageObject","inLanguage":"pt-BR","@id":"https:\/\/craftygenesindonesia.com\/pt-br\/#\/schema\/logo\/image\/","url":"https:\/\/craftygenesindonesia.com\/wp-content\/uploads\/2025\/11\/cropped-Copy-of-Craftygenesindonesia.jpg","contentUrl":"https:\/\/craftygenesindonesia.com\/wp-content\/uploads\/2025\/11\/cropped-Copy-of-Craftygenesindonesia.jpg","width":180,"height":60,"caption":"Craftygenesindonesia"},"image":{"@id":"https:\/\/craftygenesindonesia.com\/pt-br\/#\/schema\/logo\/image\/"}}]}},"_links":{"self":[{"href":"https:\/\/craftygenesindonesia.com\/pt-br\/wp-json\/wp\/v2\/product\/987537631","targetHints":{"allow":["GET"]}}],"collection":[{"href":"https:\/\/craftygenesindonesia.com\/pt-br\/wp-json\/wp\/v2\/product"}],"about":[{"href":"https:\/\/craftygenesindonesia.com\/pt-br\/wp-json\/wp\/v2\/types\/product"}],"replies":[{"embeddable":true,"href":"https:\/\/craftygenesindonesia.com\/pt-br\/wp-json\/wp\/v2\/comments?post=987537631"}],"wp:featuredmedia":[{"embeddable":true,"href":"https:\/\/craftygenesindonesia.com\/pt-br\/wp-json\/wp\/v2\/media\/987537635"}],"wp:attachment":[{"href":"https:\/\/craftygenesindonesia.com\/pt-br\/wp-json\/wp\/v2\/media?parent=987537631"}],"wp:term":[{"taxonomy":"product_brand","embeddable":true,"href":"https:\/\/craftygenesindonesia.com\/pt-br\/wp-json\/wp\/v2\/product_brand?post=987537631"},{"taxonomy":"product_cat","embeddable":true,"href":"https:\/\/craftygenesindonesia.com\/pt-br\/wp-json\/wp\/v2\/product_cat?post=987537631"},{"taxonomy":"product_tag","embeddable":true,"href":"https:\/\/craftygenesindonesia.com\/pt-br\/wp-json\/wp\/v2\/product_tag?post=987537631"}],"curies":[{"name":"wp","href":"https:\/\/api.w.org\/{rel}","templated":true}]}}