{"id":987537615,"date":"2023-05-24T07:25:01","date_gmt":"2023-05-23T23:25:01","guid":{"rendered":"https:\/\/craftygenesindonesia.com\/shop\/sem%20categoria\/a-bolsa-anna-maria\/"},"modified":"2026-03-24T06:42:40","modified_gmt":"2026-03-23T22:42:40","slug":"a-bolsa-anna-maria","status":"publish","type":"product","link":"https:\/\/craftygenesindonesia.com\/pt-br\/shop\/modelos-de-bolsas\/a-bolsa-anna-maria\/","title":{"rendered":"A bolsa Anna Maria"},"content":{"rendered":"<p>Esta bolsa \u00e9 feita com fio de espessura m\u00e9dia (4), adequado para uma agulha de croch\u00ea de 2,5 mm.<\/p>\n<p>Voc\u00ea precisa deste fio:<\/p>\n<p>Fio multicolorido (455-475 m\/500-520 jardas)<br \/>\nBranco (50-75 m\/55-82 jardas)<\/p>\n<p>Voc\u00ea tamb\u00e9m precisar\u00e1 de: marcadores de pontos &#8211; tesoura &#8211; l\u00e1pis &#8211; linha e agulha de costura &#8211; tecido para forro &#8211; espuma EVA (ou outro entretela para bolsas) &#8211; agulha de tape\u00e7aria &#8211; ferro de passar &#8211; m\u00e1quina de costura<\/p>\n<p>Agulha de croch\u00ea: tamanho 2,5 mm<\/p>\n<p>Este padr\u00e3o inclui instru\u00e7\u00f5es escritas e muitas imagens para ajud\u00e1-lo.<br \/>\nCaso tenha dificuldades em compreend\u00ea-lo, sinta-se \u00e0 vontade para me enviar uma mensagem para: <a href=\"mailto:craftygenesindonesia@gmail.com\">craftygenesindonesia@gmail.com<\/a><\/p>\n<p><strong>Este padr\u00e3o \u00e9 apenas para uso pessoal e est\u00e1 protegido por direitos autorais. O padr\u00e3o \u00e9, portanto, apenas para uso pessoal e N\u00c3O pode ser copiado, vendido, revendido, traduzido, reivindicado como seu design, distribu\u00eddo, compartilhado, publicado, postado online&#8230; de qualquer forma sem o meu consentimento. Nem mesmo parte disso!!<\/strong><\/p>\n<p><strong>Voc\u00ea pode vender o item acabado, mas n\u00e3o o padr\u00e3o de croch\u00ea em si!<\/strong><\/p>\n","protected":false},"excerpt":{"rendered":"<p>Esta bolsa \u00e9 f\u00e1cil de fazer. Usei o ponto estrela para confeccion\u00e1-la. Tenho um <a href=\"https:\/\/youtu.be\/Dv1LmnwK5qw\" target=\"_blank\" rel=\"noopener\"><strong>v\u00eddeo no YouTube<\/strong> <\/a>sobre o ponto estrela, caso voc\u00ea n\u00e3o tenha certeza de como fazer este ponto bonito e muito f\u00e1cil.<\/p>\n","protected":false},"featured_media":987537616,"comment_status":"open","ping_status":"closed","template":"","meta":{"_acf_changed":false},"product_brand":[],"product_cat":[13006],"product_tag":[13471,13459,13463],"class_list":{"0":"post-987537615","1":"product","2":"type-product","3":"status-publish","4":"has-post-thumbnail","6":"product_cat-modelos-de-bolsas","7":"product_tag-bolsa-2","8":"product_tag-bolsa","9":"product_tag-bolsa-de-croche","10":"pa_available_on-craftygenesindonesia","11":"pa_available_on-creative-fabrica","12":"pa_available_on-etsy","13":"pa_available_on-haked-nl","14":"pa_available_on-payhip","15":"pa_available_on-ravelry","16":"pa_languages-espanhol","17":"pa_languages-frances","18":"pa_languages-holandes","19":"pa_languages-ingles-dos-eua","21":"first","22":"instock","23":"downloadable","24":"virtual","25":"purchasable","26":"product-type-simple"},"acf":[],"yoast_head":"<!-- This site is optimized with the Yoast SEO plugin v27.4 - https:\/\/yoast.com\/product\/yoast-seo-wordpress\/ -->\n<title>A bolsa Anna Maria padr\u00e3o de croch\u00ea - Craftygenesindonesia<\/title>\n<meta name=\"description\" content=\"Compre aqui o meu padr\u00e3o de croch\u00e9 \u201cBolsa Anna Marie\u201d. O padr\u00e3o de croch\u00e9 f\u00e1cil de seguir tamb\u00e9m est\u00e1 dispon\u00edvel no Haked, Etsy e Ravelry.\" \/>\n<meta name=\"robots\" content=\"index, follow, max-snippet:-1, max-image-preview:large, max-video-preview:-1\" \/>\n<link rel=\"canonical\" href=\"https:\/\/craftygenesindonesia.com\/pt-br\/shop\/modelos-de-bolsas\/a-bolsa-anna-maria\/\" \/>\n<meta property=\"og:locale\" content=\"pt_BR\" \/>\n<meta property=\"og:type\" content=\"article\" \/>\n<meta property=\"og:title\" content=\"Bolsa Anna Marie - padr\u00e3o de croch\u00ea\" \/>\n<meta property=\"og:description\" content=\"Compre aqui o meu padr\u00e3o de croch\u00e9 \u201cBolsa Anna Marie\u201d. O padr\u00e3o de croch\u00e9 f\u00e1cil de seguir tamb\u00e9m est\u00e1 dispon\u00edvel no Haked, Etsy e Ravelry.\" \/>\n<meta property=\"og:url\" content=\"https:\/\/craftygenesindonesia.com\/pt-br\/shop\/modelos-de-bolsas\/a-bolsa-anna-maria\/\" \/>\n<meta property=\"og:site_name\" content=\"Craftygenesindonesia\" \/>\n<meta property=\"article:modified_time\" content=\"2026-03-23T22:42:40+00:00\" \/>\n<meta property=\"og:image\" content=\"https:\/\/craftygenesindonesia.com\/wp-content\/uploads\/2023\/05\/Anna-Marie-Bag-2-300x300.jpg\" \/>\n<meta name=\"twitter:card\" content=\"summary_large_image\" \/>\n<meta name=\"twitter:title\" content=\"Bolsa Anna Marie - padr\u00e3o de croch\u00ea\" \/>\n<meta name=\"twitter:description\" content=\"Compre aqui o meu padr\u00e3o de croch\u00e9 \u201cBolsa Anna Marie\u201d. O padr\u00e3o inclui imagens para o ajudar.\" \/>\n<meta name=\"twitter:image\" content=\"https:\/\/craftygenesindonesia.com\/wp-content\/uploads\/2023\/05\/1684883889197.jpg\" \/>\n<meta name=\"twitter:label1\" content=\"Est. tempo de leitura\" \/>\n\t<meta name=\"twitter:data1\" content=\"1 minuto\" \/>\n<script type=\"application\/ld+json\" class=\"yoast-schema-graph\">{\"@context\":\"https:\\\/\\\/schema.org\",\"@graph\":[{\"@type\":\"WebPage\",\"@id\":\"https:\\\/\\\/craftygenesindonesia.com\\\/pt-br\\\/shop\\\/modelos-de-bolsas\\\/a-bolsa-anna-maria\\\/\",\"url\":\"https:\\\/\\\/craftygenesindonesia.com\\\/pt-br\\\/shop\\\/modelos-de-bolsas\\\/a-bolsa-anna-maria\\\/\",\"name\":\"A bolsa Anna Maria padr\u00e3o de croch\u00ea - Craftygenesindonesia\",\"isPartOf\":{\"@id\":\"https:\\\/\\\/craftygenesindonesia.com\\\/pt-br\\\/#website\"},\"primaryImageOfPage\":{\"@id\":\"https:\\\/\\\/craftygenesindonesia.com\\\/pt-br\\\/shop\\\/modelos-de-bolsas\\\/a-bolsa-anna-maria\\\/#primaryimage\"},\"image\":{\"@id\":\"https:\\\/\\\/craftygenesindonesia.com\\\/pt-br\\\/shop\\\/modelos-de-bolsas\\\/a-bolsa-anna-maria\\\/#primaryimage\"},\"thumbnailUrl\":\"https:\\\/\\\/craftygenesindonesia.com\\\/wp-content\\\/uploads\\\/2023\\\/05\\\/Anna-Marie-Bag-2.jpg\",\"datePublished\":\"2023-05-23T23:25:01+00:00\",\"dateModified\":\"2026-03-23T22:42:40+00:00\",\"description\":\"Compre aqui o meu padr\u00e3o de croch\u00e9 \u201cBolsa Anna Marie\u201d. O padr\u00e3o de croch\u00e9 f\u00e1cil de seguir tamb\u00e9m est\u00e1 dispon\u00edvel no Haked, Etsy e Ravelry.\",\"breadcrumb\":{\"@id\":\"https:\\\/\\\/craftygenesindonesia.com\\\/pt-br\\\/shop\\\/modelos-de-bolsas\\\/a-bolsa-anna-maria\\\/#breadcrumb\"},\"inLanguage\":\"pt-BR\",\"potentialAction\":[{\"@type\":\"ReadAction\",\"target\":[\"https:\\\/\\\/craftygenesindonesia.com\\\/pt-br\\\/shop\\\/modelos-de-bolsas\\\/a-bolsa-anna-maria\\\/\"]}]},{\"@type\":\"ImageObject\",\"inLanguage\":\"pt-BR\",\"@id\":\"https:\\\/\\\/craftygenesindonesia.com\\\/pt-br\\\/shop\\\/modelos-de-bolsas\\\/a-bolsa-anna-maria\\\/#primaryimage\",\"url\":\"https:\\\/\\\/craftygenesindonesia.com\\\/wp-content\\\/uploads\\\/2023\\\/05\\\/Anna-Marie-Bag-2.jpg\",\"contentUrl\":\"https:\\\/\\\/craftygenesindonesia.com\\\/wp-content\\\/uploads\\\/2023\\\/05\\\/Anna-Marie-Bag-2.jpg\",\"width\":1080,\"height\":1080,\"caption\":\"bolsa de croch\u00ea com fios coloridos\"},{\"@type\":\"BreadcrumbList\",\"@id\":\"https:\\\/\\\/craftygenesindonesia.com\\\/pt-br\\\/shop\\\/modelos-de-bolsas\\\/a-bolsa-anna-maria\\\/#breadcrumb\",\"itemListElement\":[{\"@type\":\"ListItem\",\"position\":1,\"name\":\"Home\",\"item\":\"https:\\\/\\\/craftygenesindonesia.com\\\/pt-br\\\/\"},{\"@type\":\"ListItem\",\"position\":2,\"name\":\"Loja de moldes\",\"item\":\"https:\\\/\\\/craftygenesindonesia.com\\\/pt-br\\\/loja-de-moldes\\\/\"},{\"@type\":\"ListItem\",\"position\":3,\"name\":\"A bolsa Anna Maria\"}]},{\"@type\":\"WebSite\",\"@id\":\"https:\\\/\\\/craftygenesindonesia.com\\\/pt-br\\\/#website\",\"url\":\"https:\\\/\\\/craftygenesindonesia.com\\\/pt-br\\\/\",\"name\":\"Craftygenesindonesia\",\"description\":\"\",\"publisher\":{\"@id\":\"https:\\\/\\\/craftygenesindonesia.com\\\/pt-br\\\/#organization\"},\"potentialAction\":[{\"@type\":\"SearchAction\",\"target\":{\"@type\":\"EntryPoint\",\"urlTemplate\":\"https:\\\/\\\/craftygenesindonesia.com\\\/pt-br\\\/?s={search_term_string}\"},\"query-input\":{\"@type\":\"PropertyValueSpecification\",\"valueRequired\":true,\"valueName\":\"search_term_string\"}}],\"inLanguage\":\"pt-BR\"},{\"@type\":\"Organization\",\"@id\":\"https:\\\/\\\/craftygenesindonesia.com\\\/pt-br\\\/#organization\",\"name\":\"Craftygenesindonesia\",\"url\":\"https:\\\/\\\/craftygenesindonesia.com\\\/pt-br\\\/\",\"logo\":{\"@type\":\"ImageObject\",\"inLanguage\":\"pt-BR\",\"@id\":\"https:\\\/\\\/craftygenesindonesia.com\\\/pt-br\\\/#\\\/schema\\\/logo\\\/image\\\/\",\"url\":\"https:\\\/\\\/craftygenesindonesia.com\\\/wp-content\\\/uploads\\\/2025\\\/11\\\/cropped-Copy-of-Craftygenesindonesia.jpg\",\"contentUrl\":\"https:\\\/\\\/craftygenesindonesia.com\\\/wp-content\\\/uploads\\\/2025\\\/11\\\/cropped-Copy-of-Craftygenesindonesia.jpg\",\"width\":180,\"height\":60,\"caption\":\"Craftygenesindonesia\"},\"image\":{\"@id\":\"https:\\\/\\\/craftygenesindonesia.com\\\/pt-br\\\/#\\\/schema\\\/logo\\\/image\\\/\"}}]}<\/script>\n<!-- \/ Yoast SEO plugin. -->","yoast_head_json":{"title":"A bolsa Anna Maria padr\u00e3o de croch\u00ea - Craftygenesindonesia","description":"Compre aqui o meu padr\u00e3o de croch\u00e9 \u201cBolsa Anna Marie\u201d. O padr\u00e3o de croch\u00e9 f\u00e1cil de seguir tamb\u00e9m est\u00e1 dispon\u00edvel no Haked, Etsy e Ravelry.","robots":{"index":"index","follow":"follow","max-snippet":"max-snippet:-1","max-image-preview":"max-image-preview:large","max-video-preview":"max-video-preview:-1"},"canonical":"https:\/\/craftygenesindonesia.com\/pt-br\/shop\/modelos-de-bolsas\/a-bolsa-anna-maria\/","og_locale":"pt_BR","og_type":"article","og_title":"Bolsa Anna Marie - padr\u00e3o de croch\u00ea","og_description":"Compre aqui o meu padr\u00e3o de croch\u00e9 \u201cBolsa Anna Marie\u201d. O padr\u00e3o de croch\u00e9 f\u00e1cil de seguir tamb\u00e9m est\u00e1 dispon\u00edvel no Haked, Etsy e Ravelry.","og_url":"https:\/\/craftygenesindonesia.com\/pt-br\/shop\/modelos-de-bolsas\/a-bolsa-anna-maria\/","og_site_name":"Craftygenesindonesia","article_modified_time":"2026-03-23T22:42:40+00:00","og_image":[{"url":"https:\/\/craftygenesindonesia.com\/wp-content\/uploads\/2023\/05\/Anna-Marie-Bag-2-300x300.jpg","type":"","width":"","height":""}],"twitter_card":"summary_large_image","twitter_title":"Bolsa Anna Marie - padr\u00e3o de croch\u00ea","twitter_description":"Compre aqui o meu padr\u00e3o de croch\u00e9 \u201cBolsa Anna Marie\u201d. O padr\u00e3o inclui imagens para o ajudar.","twitter_image":"https:\/\/craftygenesindonesia.com\/wp-content\/uploads\/2023\/05\/1684883889197.jpg","twitter_misc":{"Est. tempo de leitura":"1 minuto"},"schema":{"@context":"https:\/\/schema.org","@graph":[{"@type":"WebPage","@id":"https:\/\/craftygenesindonesia.com\/pt-br\/shop\/modelos-de-bolsas\/a-bolsa-anna-maria\/","url":"https:\/\/craftygenesindonesia.com\/pt-br\/shop\/modelos-de-bolsas\/a-bolsa-anna-maria\/","name":"A bolsa Anna Maria padr\u00e3o de croch\u00ea - Craftygenesindonesia","isPartOf":{"@id":"https:\/\/craftygenesindonesia.com\/pt-br\/#website"},"primaryImageOfPage":{"@id":"https:\/\/craftygenesindonesia.com\/pt-br\/shop\/modelos-de-bolsas\/a-bolsa-anna-maria\/#primaryimage"},"image":{"@id":"https:\/\/craftygenesindonesia.com\/pt-br\/shop\/modelos-de-bolsas\/a-bolsa-anna-maria\/#primaryimage"},"thumbnailUrl":"https:\/\/craftygenesindonesia.com\/wp-content\/uploads\/2023\/05\/Anna-Marie-Bag-2.jpg","datePublished":"2023-05-23T23:25:01+00:00","dateModified":"2026-03-23T22:42:40+00:00","description":"Compre aqui o meu padr\u00e3o de croch\u00e9 \u201cBolsa Anna Marie\u201d. O padr\u00e3o de croch\u00e9 f\u00e1cil de seguir tamb\u00e9m est\u00e1 dispon\u00edvel no Haked, Etsy e Ravelry.","breadcrumb":{"@id":"https:\/\/craftygenesindonesia.com\/pt-br\/shop\/modelos-de-bolsas\/a-bolsa-anna-maria\/#breadcrumb"},"inLanguage":"pt-BR","potentialAction":[{"@type":"ReadAction","target":["https:\/\/craftygenesindonesia.com\/pt-br\/shop\/modelos-de-bolsas\/a-bolsa-anna-maria\/"]}]},{"@type":"ImageObject","inLanguage":"pt-BR","@id":"https:\/\/craftygenesindonesia.com\/pt-br\/shop\/modelos-de-bolsas\/a-bolsa-anna-maria\/#primaryimage","url":"https:\/\/craftygenesindonesia.com\/wp-content\/uploads\/2023\/05\/Anna-Marie-Bag-2.jpg","contentUrl":"https:\/\/craftygenesindonesia.com\/wp-content\/uploads\/2023\/05\/Anna-Marie-Bag-2.jpg","width":1080,"height":1080,"caption":"bolsa de croch\u00ea com fios coloridos"},{"@type":"BreadcrumbList","@id":"https:\/\/craftygenesindonesia.com\/pt-br\/shop\/modelos-de-bolsas\/a-bolsa-anna-maria\/#breadcrumb","itemListElement":[{"@type":"ListItem","position":1,"name":"Home","item":"https:\/\/craftygenesindonesia.com\/pt-br\/"},{"@type":"ListItem","position":2,"name":"Loja de moldes","item":"https:\/\/craftygenesindonesia.com\/pt-br\/loja-de-moldes\/"},{"@type":"ListItem","position":3,"name":"A bolsa Anna Maria"}]},{"@type":"WebSite","@id":"https:\/\/craftygenesindonesia.com\/pt-br\/#website","url":"https:\/\/craftygenesindonesia.com\/pt-br\/","name":"Craftygenesindonesia","description":"","publisher":{"@id":"https:\/\/craftygenesindonesia.com\/pt-br\/#organization"},"potentialAction":[{"@type":"SearchAction","target":{"@type":"EntryPoint","urlTemplate":"https:\/\/craftygenesindonesia.com\/pt-br\/?s={search_term_string}"},"query-input":{"@type":"PropertyValueSpecification","valueRequired":true,"valueName":"search_term_string"}}],"inLanguage":"pt-BR"},{"@type":"Organization","@id":"https:\/\/craftygenesindonesia.com\/pt-br\/#organization","name":"Craftygenesindonesia","url":"https:\/\/craftygenesindonesia.com\/pt-br\/","logo":{"@type":"ImageObject","inLanguage":"pt-BR","@id":"https:\/\/craftygenesindonesia.com\/pt-br\/#\/schema\/logo\/image\/","url":"https:\/\/craftygenesindonesia.com\/wp-content\/uploads\/2025\/11\/cropped-Copy-of-Craftygenesindonesia.jpg","contentUrl":"https:\/\/craftygenesindonesia.com\/wp-content\/uploads\/2025\/11\/cropped-Copy-of-Craftygenesindonesia.jpg","width":180,"height":60,"caption":"Craftygenesindonesia"},"image":{"@id":"https:\/\/craftygenesindonesia.com\/pt-br\/#\/schema\/logo\/image\/"}}]}},"_links":{"self":[{"href":"https:\/\/craftygenesindonesia.com\/pt-br\/wp-json\/wp\/v2\/product\/987537615","targetHints":{"allow":["GET"]}}],"collection":[{"href":"https:\/\/craftygenesindonesia.com\/pt-br\/wp-json\/wp\/v2\/product"}],"about":[{"href":"https:\/\/craftygenesindonesia.com\/pt-br\/wp-json\/wp\/v2\/types\/product"}],"replies":[{"embeddable":true,"href":"https:\/\/craftygenesindonesia.com\/pt-br\/wp-json\/wp\/v2\/comments?post=987537615"}],"wp:featuredmedia":[{"embeddable":true,"href":"https:\/\/craftygenesindonesia.com\/pt-br\/wp-json\/wp\/v2\/media\/987537616"}],"wp:attachment":[{"href":"https:\/\/craftygenesindonesia.com\/pt-br\/wp-json\/wp\/v2\/media?parent=987537615"}],"wp:term":[{"taxonomy":"product_brand","embeddable":true,"href":"https:\/\/craftygenesindonesia.com\/pt-br\/wp-json\/wp\/v2\/product_brand?post=987537615"},{"taxonomy":"product_cat","embeddable":true,"href":"https:\/\/craftygenesindonesia.com\/pt-br\/wp-json\/wp\/v2\/product_cat?post=987537615"},{"taxonomy":"product_tag","embeddable":true,"href":"https:\/\/craftygenesindonesia.com\/pt-br\/wp-json\/wp\/v2\/product_tag?post=987537615"}],"curies":[{"name":"wp","href":"https:\/\/api.w.org\/{rel}","templated":true}]}}