{"id":987537598,"date":"2023-09-29T04:35:47","date_gmt":"2023-09-28T20:35:47","guid":{"rendered":"https:\/\/craftygenesindonesia.com\/shop\/sem%20categoria\/nossa-senhora-do-rocio\/"},"modified":"2026-03-24T05:33:35","modified_gmt":"2026-03-23T21:33:35","slug":"nossa-senhora-do-rocio","status":"publish","type":"product","link":"https:\/\/craftygenesindonesia.com\/pt-br\/shop\/padroes-de-croche-religiosos\/nossa-senhora-do-rocio\/","title":{"rendered":"Nossa Senhora do Roc\u00edo"},"content":{"rendered":"<p><strong>Nossa Senhora do Roc\u00edo<\/strong><\/p>\n<p>&nbsp;<\/p>\n<p>Esta boneca da Virgem Maria tem 33 cm de altura (incluindo a aur\u00e9ola e a plataforma). Ela \u00e9 feita com fio tamanho 3 adequado para amigurumi e uma agulha de croch\u00ea tamanho 2 mm.<\/p>\n<p>Voc\u00ea precisar\u00e1 das seguintes cores: marrom, marrom escuro, c\u00e1qui, dourado met\u00e1lico, rosa, vermelho, cor de pele e branco.<\/p>\n<p>Voc\u00ea tamb\u00e9m precisar\u00e1 de: Enchimento, tesoura, l\u00e1pis, r\u00e9gua, agulha de tape\u00e7aria, cola, pistola de cola, fio de alum\u00ednio de 1,5 mm, papel\u00e3o de 4 mm, alfinetes com olhal\/fio de alum\u00ednio de 1 mm, spray para cabelo, alfinetes de costura, cotonetes, cruz de 12 x 20 mm: 2 douradas, strass de 10 mm: 15 dourados-prateados, strass de 10 mm: 3x vermelho-prata, contas de 8 mm: 2 douradas, estrelas de 15 mm: 2 douradas, bast\u00e3o de 3 mm x 60 mm: 1 dourado, rosa de 15 mm: 1 dourada<\/p>\n<p>Agulha de croch\u00ea: tamanho 2 mm<\/p>\n<p>&nbsp;<\/p>\n<p>Este padr\u00e3o \u00e9 um padr\u00e3o escrito com muitas imagens para ajud\u00e1-lo. Se ainda tiver d\u00favidas, envie-me uma mensagem para: <a href=\"mailto:craftygenesindonesia@gmail.com\">craftygenesindonesia@gmail.com<\/a><\/p>\n<p>&nbsp;<\/p>\n<p>Este padr\u00e3o est\u00e1 protegido por direitos autorais. Portanto, o padr\u00e3o \u00e9 apenas para uso pessoal e N\u00c3O pode ser copiado, vendido, revendido, traduzido, reivindicado como seu design, distribu\u00eddo, compartilhado, publicado, postado online&#8230; de qualquer forma sem o meu consentimento. Nem mesmo parte disso!!!<\/p>\n<p>Voc\u00ea pode vender a Virgem Maria pronta em pequenas quantidades, mas n\u00e3o o padr\u00e3o de croch\u00ea em si! Por favor, mencione que o padr\u00e3o \u00e9 da Craftygenesindonesia e onde ele pode ser adquirido.<\/p>\n","protected":false},"excerpt":{"rendered":"<p><strong>Nossa Senhora do Roc\u00edo<\/strong><\/p>\n<p>Esta \u00e9 mais uma daquelas vers\u00f5es deslumbrantes da Virgem Maria que voc\u00ea precisa ter se adora colecionar est\u00e1tuas da Virgem Maria! Tamb\u00e9m dispon\u00edvel em um pacote com \u201cNossa Senhora do Ros\u00e1rio de Torrejon de Ardoz\u201d. Clique aqui para ver o pacote: <a href=\"https:\/\/craftygenesindonesia.com\/product\/our-lady-2in1-bundle\/\" target=\"_blank\" rel=\"noopener\">Padr\u00f5es de croch\u00ea do pacote Nossa Senhora 2 em 1 &#8211; Craftygenesindonesia<\/a><\/p>\n","protected":false},"featured_media":987537602,"comment_status":"open","ping_status":"closed","template":"","meta":{"_acf_changed":false},"product_brand":[],"product_cat":[12982],"product_tag":[13470,12992,13056,12989,13064,12990,12984,13239,13260,12987,13238,12983,12991],"class_list":{"0":"post-987537598","1":"product","2":"type-product","3":"status-publish","4":"has-post-thumbnail","6":"product_cat-padroes-de-croche-religiosos","7":"product_tag-aureola-2","8":"product_tag-catolico","9":"product_tag-coroa","10":"product_tag-cristao","11":"product_tag-cristo","12":"product_tag-holy-mary","13":"product_tag-jesus","14":"product_tag-nossa-senhora","15":"product_tag-padroeiro","16":"product_tag-santa-maria","17":"product_tag-santo-2","18":"product_tag-santo-catolico","19":"product_tag-virgem-maria","20":"pa_available_on-craftygenesindonesia","21":"pa_available_on-etsy","22":"pa_available_on-haked-nl","23":"pa_available_on-payhip","24":"pa_available_on-ravelry","25":"pa_languages-alemao","26":"pa_languages-espanhol","27":"pa_languages-frances","28":"pa_languages-holandes","29":"pa_languages-ingles-dos-eua","31":"first","32":"instock","33":"downloadable","34":"virtual","35":"purchasable","36":"product-type-simple"},"acf":[],"yoast_head":"<!-- This site is optimized with the Yoast SEO plugin v27.4 - https:\/\/yoast.com\/product\/yoast-seo-wordpress\/ -->\n<title>Nossa Senhora do Roc\u00edo padr\u00e3o de croch\u00ea - Craftygenesindonesia<\/title>\n<meta name=\"description\" content=\"Compre aqui o meu padr\u00e3o de croch\u00e9 Nossa Senhora do Roc\u00edo. Um padr\u00e3o f\u00e1cil para uma bela Virgem Maria. Tamb\u00e9m dispon\u00edvel no Etsy, Haked, Ravelry, Payhip.\" \/>\n<meta name=\"robots\" content=\"index, follow, max-snippet:-1, max-image-preview:large, max-video-preview:-1\" \/>\n<link rel=\"canonical\" href=\"https:\/\/craftygenesindonesia.com\/pt-br\/shop\/padroes-de-croche-religiosos\/nossa-senhora-do-rocio\/\" \/>\n<meta property=\"og:locale\" content=\"pt_BR\" \/>\n<meta property=\"og:type\" content=\"article\" \/>\n<meta property=\"og:title\" content=\"Our Lady of Rocio crochet pattern\" \/>\n<meta property=\"og:description\" content=\"Compre aqui o meu padr\u00e3o de croch\u00e9 Nossa Senhora do Roc\u00edo. Um padr\u00e3o f\u00e1cil para uma bela Virgem Maria. Tamb\u00e9m dispon\u00edvel no Etsy, Haked, Ravelry, Payhip.\" \/>\n<meta property=\"og:url\" content=\"https:\/\/craftygenesindonesia.com\/pt-br\/shop\/padroes-de-croche-religiosos\/nossa-senhora-do-rocio\/\" \/>\n<meta property=\"og:site_name\" content=\"Craftygenesindonesia\" \/>\n<meta property=\"article:modified_time\" content=\"2026-03-23T21:33:35+00:00\" \/>\n<meta property=\"og:image\" content=\"https:\/\/craftygenesindonesia.com\/wp-content\/uploads\/2023\/09\/Our-Lady-Rocio-1-300x300.jpg\" \/>\n<meta name=\"twitter:card\" content=\"summary_large_image\" \/>\n<meta name=\"twitter:label1\" content=\"Est. tempo de leitura\" \/>\n\t<meta name=\"twitter:data1\" content=\"2 minutos\" \/>\n<script type=\"application\/ld+json\" class=\"yoast-schema-graph\">{\"@context\":\"https:\\\/\\\/schema.org\",\"@graph\":[{\"@type\":\"WebPage\",\"@id\":\"https:\\\/\\\/craftygenesindonesia.com\\\/pt-br\\\/shop\\\/padroes-de-croche-religiosos\\\/nossa-senhora-do-rocio\\\/\",\"url\":\"https:\\\/\\\/craftygenesindonesia.com\\\/pt-br\\\/shop\\\/padroes-de-croche-religiosos\\\/nossa-senhora-do-rocio\\\/\",\"name\":\"Nossa Senhora do Roc\u00edo padr\u00e3o de croch\u00ea - Craftygenesindonesia\",\"isPartOf\":{\"@id\":\"https:\\\/\\\/craftygenesindonesia.com\\\/pt-br\\\/#website\"},\"primaryImageOfPage\":{\"@id\":\"https:\\\/\\\/craftygenesindonesia.com\\\/pt-br\\\/shop\\\/padroes-de-croche-religiosos\\\/nossa-senhora-do-rocio\\\/#primaryimage\"},\"image\":{\"@id\":\"https:\\\/\\\/craftygenesindonesia.com\\\/pt-br\\\/shop\\\/padroes-de-croche-religiosos\\\/nossa-senhora-do-rocio\\\/#primaryimage\"},\"thumbnailUrl\":\"https:\\\/\\\/craftygenesindonesia.com\\\/wp-content\\\/uploads\\\/2023\\\/09\\\/Our-Lady-Rocio-1.jpg\",\"datePublished\":\"2023-09-28T20:35:47+00:00\",\"dateModified\":\"2026-03-23T21:33:35+00:00\",\"description\":\"Compre aqui o meu padr\u00e3o de croch\u00e9 Nossa Senhora do Roc\u00edo. Um padr\u00e3o f\u00e1cil para uma bela Virgem Maria. Tamb\u00e9m dispon\u00edvel no Etsy, Haked, Ravelry, Payhip.\",\"breadcrumb\":{\"@id\":\"https:\\\/\\\/craftygenesindonesia.com\\\/pt-br\\\/shop\\\/padroes-de-croche-religiosos\\\/nossa-senhora-do-rocio\\\/#breadcrumb\"},\"inLanguage\":\"pt-BR\",\"potentialAction\":[{\"@type\":\"ReadAction\",\"target\":[\"https:\\\/\\\/craftygenesindonesia.com\\\/pt-br\\\/shop\\\/padroes-de-croche-religiosos\\\/nossa-senhora-do-rocio\\\/\"]}]},{\"@type\":\"ImageObject\",\"inLanguage\":\"pt-BR\",\"@id\":\"https:\\\/\\\/craftygenesindonesia.com\\\/pt-br\\\/shop\\\/padroes-de-croche-religiosos\\\/nossa-senhora-do-rocio\\\/#primaryimage\",\"url\":\"https:\\\/\\\/craftygenesindonesia.com\\\/wp-content\\\/uploads\\\/2023\\\/09\\\/Our-Lady-Rocio-1.jpg\",\"contentUrl\":\"https:\\\/\\\/craftygenesindonesia.com\\\/wp-content\\\/uploads\\\/2023\\\/09\\\/Our-Lady-Rocio-1.jpg\",\"width\":1080,\"height\":1080,\"caption\":\"Virgem Maria do Roc\u00edo com o menino Jesus em croch\u00ea\"},{\"@type\":\"BreadcrumbList\",\"@id\":\"https:\\\/\\\/craftygenesindonesia.com\\\/pt-br\\\/shop\\\/padroes-de-croche-religiosos\\\/nossa-senhora-do-rocio\\\/#breadcrumb\",\"itemListElement\":[{\"@type\":\"ListItem\",\"position\":1,\"name\":\"Home\",\"item\":\"https:\\\/\\\/craftygenesindonesia.com\\\/pt-br\\\/\"},{\"@type\":\"ListItem\",\"position\":2,\"name\":\"Loja de moldes\",\"item\":\"https:\\\/\\\/craftygenesindonesia.com\\\/pt-br\\\/loja-de-moldes\\\/\"},{\"@type\":\"ListItem\",\"position\":3,\"name\":\"Nossa Senhora do Roc\u00edo\"}]},{\"@type\":\"WebSite\",\"@id\":\"https:\\\/\\\/craftygenesindonesia.com\\\/pt-br\\\/#website\",\"url\":\"https:\\\/\\\/craftygenesindonesia.com\\\/pt-br\\\/\",\"name\":\"Craftygenesindonesia\",\"description\":\"\",\"publisher\":{\"@id\":\"https:\\\/\\\/craftygenesindonesia.com\\\/pt-br\\\/#organization\"},\"potentialAction\":[{\"@type\":\"SearchAction\",\"target\":{\"@type\":\"EntryPoint\",\"urlTemplate\":\"https:\\\/\\\/craftygenesindonesia.com\\\/pt-br\\\/?s={search_term_string}\"},\"query-input\":{\"@type\":\"PropertyValueSpecification\",\"valueRequired\":true,\"valueName\":\"search_term_string\"}}],\"inLanguage\":\"pt-BR\"},{\"@type\":\"Organization\",\"@id\":\"https:\\\/\\\/craftygenesindonesia.com\\\/pt-br\\\/#organization\",\"name\":\"Craftygenesindonesia\",\"url\":\"https:\\\/\\\/craftygenesindonesia.com\\\/pt-br\\\/\",\"logo\":{\"@type\":\"ImageObject\",\"inLanguage\":\"pt-BR\",\"@id\":\"https:\\\/\\\/craftygenesindonesia.com\\\/pt-br\\\/#\\\/schema\\\/logo\\\/image\\\/\",\"url\":\"https:\\\/\\\/craftygenesindonesia.com\\\/wp-content\\\/uploads\\\/2025\\\/11\\\/cropped-Copy-of-Craftygenesindonesia.jpg\",\"contentUrl\":\"https:\\\/\\\/craftygenesindonesia.com\\\/wp-content\\\/uploads\\\/2025\\\/11\\\/cropped-Copy-of-Craftygenesindonesia.jpg\",\"width\":180,\"height\":60,\"caption\":\"Craftygenesindonesia\"},\"image\":{\"@id\":\"https:\\\/\\\/craftygenesindonesia.com\\\/pt-br\\\/#\\\/schema\\\/logo\\\/image\\\/\"}}]}<\/script>\n<!-- \/ Yoast SEO plugin. -->","yoast_head_json":{"title":"Nossa Senhora do Roc\u00edo padr\u00e3o de croch\u00ea - Craftygenesindonesia","description":"Compre aqui o meu padr\u00e3o de croch\u00e9 Nossa Senhora do Roc\u00edo. Um padr\u00e3o f\u00e1cil para uma bela Virgem Maria. Tamb\u00e9m dispon\u00edvel no Etsy, Haked, Ravelry, Payhip.","robots":{"index":"index","follow":"follow","max-snippet":"max-snippet:-1","max-image-preview":"max-image-preview:large","max-video-preview":"max-video-preview:-1"},"canonical":"https:\/\/craftygenesindonesia.com\/pt-br\/shop\/padroes-de-croche-religiosos\/nossa-senhora-do-rocio\/","og_locale":"pt_BR","og_type":"article","og_title":"Our Lady of Rocio crochet pattern","og_description":"Compre aqui o meu padr\u00e3o de croch\u00e9 Nossa Senhora do Roc\u00edo. Um padr\u00e3o f\u00e1cil para uma bela Virgem Maria. Tamb\u00e9m dispon\u00edvel no Etsy, Haked, Ravelry, Payhip.","og_url":"https:\/\/craftygenesindonesia.com\/pt-br\/shop\/padroes-de-croche-religiosos\/nossa-senhora-do-rocio\/","og_site_name":"Craftygenesindonesia","article_modified_time":"2026-03-23T21:33:35+00:00","og_image":[{"url":"https:\/\/craftygenesindonesia.com\/wp-content\/uploads\/2023\/09\/Our-Lady-Rocio-1-300x300.jpg","type":"","width":"","height":""}],"twitter_card":"summary_large_image","twitter_misc":{"Est. tempo de leitura":"2 minutos"},"schema":{"@context":"https:\/\/schema.org","@graph":[{"@type":"WebPage","@id":"https:\/\/craftygenesindonesia.com\/pt-br\/shop\/padroes-de-croche-religiosos\/nossa-senhora-do-rocio\/","url":"https:\/\/craftygenesindonesia.com\/pt-br\/shop\/padroes-de-croche-religiosos\/nossa-senhora-do-rocio\/","name":"Nossa Senhora do Roc\u00edo padr\u00e3o de croch\u00ea - Craftygenesindonesia","isPartOf":{"@id":"https:\/\/craftygenesindonesia.com\/pt-br\/#website"},"primaryImageOfPage":{"@id":"https:\/\/craftygenesindonesia.com\/pt-br\/shop\/padroes-de-croche-religiosos\/nossa-senhora-do-rocio\/#primaryimage"},"image":{"@id":"https:\/\/craftygenesindonesia.com\/pt-br\/shop\/padroes-de-croche-religiosos\/nossa-senhora-do-rocio\/#primaryimage"},"thumbnailUrl":"https:\/\/craftygenesindonesia.com\/wp-content\/uploads\/2023\/09\/Our-Lady-Rocio-1.jpg","datePublished":"2023-09-28T20:35:47+00:00","dateModified":"2026-03-23T21:33:35+00:00","description":"Compre aqui o meu padr\u00e3o de croch\u00e9 Nossa Senhora do Roc\u00edo. Um padr\u00e3o f\u00e1cil para uma bela Virgem Maria. Tamb\u00e9m dispon\u00edvel no Etsy, Haked, Ravelry, Payhip.","breadcrumb":{"@id":"https:\/\/craftygenesindonesia.com\/pt-br\/shop\/padroes-de-croche-religiosos\/nossa-senhora-do-rocio\/#breadcrumb"},"inLanguage":"pt-BR","potentialAction":[{"@type":"ReadAction","target":["https:\/\/craftygenesindonesia.com\/pt-br\/shop\/padroes-de-croche-religiosos\/nossa-senhora-do-rocio\/"]}]},{"@type":"ImageObject","inLanguage":"pt-BR","@id":"https:\/\/craftygenesindonesia.com\/pt-br\/shop\/padroes-de-croche-religiosos\/nossa-senhora-do-rocio\/#primaryimage","url":"https:\/\/craftygenesindonesia.com\/wp-content\/uploads\/2023\/09\/Our-Lady-Rocio-1.jpg","contentUrl":"https:\/\/craftygenesindonesia.com\/wp-content\/uploads\/2023\/09\/Our-Lady-Rocio-1.jpg","width":1080,"height":1080,"caption":"Virgem Maria do Roc\u00edo com o menino Jesus em croch\u00ea"},{"@type":"BreadcrumbList","@id":"https:\/\/craftygenesindonesia.com\/pt-br\/shop\/padroes-de-croche-religiosos\/nossa-senhora-do-rocio\/#breadcrumb","itemListElement":[{"@type":"ListItem","position":1,"name":"Home","item":"https:\/\/craftygenesindonesia.com\/pt-br\/"},{"@type":"ListItem","position":2,"name":"Loja de moldes","item":"https:\/\/craftygenesindonesia.com\/pt-br\/loja-de-moldes\/"},{"@type":"ListItem","position":3,"name":"Nossa Senhora do Roc\u00edo"}]},{"@type":"WebSite","@id":"https:\/\/craftygenesindonesia.com\/pt-br\/#website","url":"https:\/\/craftygenesindonesia.com\/pt-br\/","name":"Craftygenesindonesia","description":"","publisher":{"@id":"https:\/\/craftygenesindonesia.com\/pt-br\/#organization"},"potentialAction":[{"@type":"SearchAction","target":{"@type":"EntryPoint","urlTemplate":"https:\/\/craftygenesindonesia.com\/pt-br\/?s={search_term_string}"},"query-input":{"@type":"PropertyValueSpecification","valueRequired":true,"valueName":"search_term_string"}}],"inLanguage":"pt-BR"},{"@type":"Organization","@id":"https:\/\/craftygenesindonesia.com\/pt-br\/#organization","name":"Craftygenesindonesia","url":"https:\/\/craftygenesindonesia.com\/pt-br\/","logo":{"@type":"ImageObject","inLanguage":"pt-BR","@id":"https:\/\/craftygenesindonesia.com\/pt-br\/#\/schema\/logo\/image\/","url":"https:\/\/craftygenesindonesia.com\/wp-content\/uploads\/2025\/11\/cropped-Copy-of-Craftygenesindonesia.jpg","contentUrl":"https:\/\/craftygenesindonesia.com\/wp-content\/uploads\/2025\/11\/cropped-Copy-of-Craftygenesindonesia.jpg","width":180,"height":60,"caption":"Craftygenesindonesia"},"image":{"@id":"https:\/\/craftygenesindonesia.com\/pt-br\/#\/schema\/logo\/image\/"}}]}},"_links":{"self":[{"href":"https:\/\/craftygenesindonesia.com\/pt-br\/wp-json\/wp\/v2\/product\/987537598","targetHints":{"allow":["GET"]}}],"collection":[{"href":"https:\/\/craftygenesindonesia.com\/pt-br\/wp-json\/wp\/v2\/product"}],"about":[{"href":"https:\/\/craftygenesindonesia.com\/pt-br\/wp-json\/wp\/v2\/types\/product"}],"replies":[{"embeddable":true,"href":"https:\/\/craftygenesindonesia.com\/pt-br\/wp-json\/wp\/v2\/comments?post=987537598"}],"wp:featuredmedia":[{"embeddable":true,"href":"https:\/\/craftygenesindonesia.com\/pt-br\/wp-json\/wp\/v2\/media\/987537602"}],"wp:attachment":[{"href":"https:\/\/craftygenesindonesia.com\/pt-br\/wp-json\/wp\/v2\/media?parent=987537598"}],"wp:term":[{"taxonomy":"product_brand","embeddable":true,"href":"https:\/\/craftygenesindonesia.com\/pt-br\/wp-json\/wp\/v2\/product_brand?post=987537598"},{"taxonomy":"product_cat","embeddable":true,"href":"https:\/\/craftygenesindonesia.com\/pt-br\/wp-json\/wp\/v2\/product_cat?post=987537598"},{"taxonomy":"product_tag","embeddable":true,"href":"https:\/\/craftygenesindonesia.com\/pt-br\/wp-json\/wp\/v2\/product_tag?post=987537598"}],"curies":[{"name":"wp","href":"https:\/\/api.w.org\/{rel}","templated":true}]}}