{"id":987537582,"date":"2023-05-19T11:00:39","date_gmt":"2023-05-19T03:00:39","guid":{"rendered":"https:\/\/craftygenesindonesia.com\/shop\/sem%20categoria\/mimi-edicao-conto-de-fadas\/"},"modified":"2026-03-24T06:49:37","modified_gmt":"2026-03-23T22:49:37","slug":"mimi-edicao-conto-de-fadas","status":"publish","type":"product","link":"https:\/\/craftygenesindonesia.com\/pt-br\/shop\/padroes-de-croche-bonecas-infantis\/mimi-edicao-conto-de-fadas\/","title":{"rendered":"Mimi, Edi\u00e7\u00e3o Conto de Fadas"},"content":{"rendered":"<p>Todas as 4 bonecas t\u00eam 16 cm ou 6,3 polegadas de altura. S\u00e3o feitas com fio leve (3) adequado para amigurumi e uma agulha de croch\u00ea de 2 mm.<\/p>\n<p>Voc\u00ea precisar\u00e1 das seguintes cores:<br \/>\n\u2022 Preto: 40-60 m\/45-65 jardas<br \/>\n\u2022 Azul: 5-10 m\/5-10 jardas<br \/>\n\u2022 Castanho escuro: 75-95 m\/85-105 jardas<br \/>\n\u2022 Rosa escuro: 5-10 m\/5-10 jardas<br \/>\n\u2022 Amarelo escuro: 10-20 m\/10-20 jardas<br \/>\n\u2022 Azul claro: 30-40 m\/35-45 jardas<br \/>\n\u2022 Rosa: 35-45 m\/40-50 jardas<br \/>\n\u2022 Vermelho: 15-25 m\/17-27 jardas<br \/>\n\u2022 Cor da pele: 220 m-230 m\/240-250 jardas<br \/>\n\u2022 Branco: 20-30 m\/22-32 jardas<br \/>\n\u2022 Amarelo: 135-155 m\/150-170 jardas<\/p>\n<p>Voc\u00ea tamb\u00e9m precisar\u00e1 de: enchimento \u2013 marcadores de pontos \u2013 agulha de tape\u00e7aria \u2013 tesoura \u2013 cola \u2013 pistola de cola \u2013 papel\u00e3o \u2013 pauzinhos (para manter as cabe\u00e7as levantadas) \u2013 olhos de seguran\u00e7a de 8 mm<\/p>\n<p>Agulha de croch\u00ea: tamanho 2 mm<\/p>\n<p>Este padr\u00e3o de croch\u00ea, dispon\u00edvel em ingl\u00eas e holand\u00eas, inclui muitas fotos para ajud\u00e1-lo. Se ainda tiver d\u00favidas, sinta-se \u00e0 vontade para entrar em contato comigo pelo e-mail: <a href=\"mailto:craftygenesindonesia@gmail.com\">craftygenesindonesia@gmail.com<\/a><\/p>\n<p><strong>Este padr\u00e3o est\u00e1 protegido por direitos autorais. Portanto, o padr\u00e3o \u00e9 apenas para uso pessoal e N\u00c3O pode ser copiado, vendido, revendido, traduzido, reivindicado como seu design, distribu\u00eddo, compartilhado, publicado, postado online&#8230; de qualquer forma sem o meu consentimento. Nem mesmo parte disso!!!<\/strong><\/p>\n<p>Voc\u00ea pode vender as bonecas Mimi prontas em pequenas quantidades, mas n\u00e3o o padr\u00e3o de croch\u00ea em si! Por favor, mencione que o padr\u00e3o \u00e9 da Craftygenesindonesia e onde ele pode ser adquirido.<\/p>\n","protected":false},"excerpt":{"rendered":"<p>Este \u00e9 um divertido padr\u00e3o de croch\u00ea 4 em 1 para 4 bonecas pequenas que deixar\u00e3o as crian\u00e7as muito felizes. Imprescind\u00edvel para voc\u00ea que deseja fazer algo para crian\u00e7as (ou at\u00e9 mesmo para voc\u00ea&#8230;).<\/p>\n","protected":false},"featured_media":987537583,"comment_status":"open","ping_status":"closed","template":"","meta":{"_acf_changed":false},"product_brand":[],"product_cat":[13012],"product_tag":[13469,12998,13145,13144,13468,13467,13466],"class_list":{"0":"post-987537582","1":"product","2":"type-product","3":"status-publish","4":"has-post-thumbnail","6":"product_cat-padroes-de-croche-bonecas-infantis","7":"product_tag-bela-adormecida","8":"product_tag-boneca","9":"product_tag-boneca-de-croche","10":"product_tag-bonecos-infantis","11":"product_tag-branca-como-a-neve","12":"product_tag-cinderela","13":"product_tag-conto-de-fadas","14":"pa_available_on-craftygenesindonesia","15":"pa_available_on-ravelry","16":"pa_languages-holandes","17":"pa_languages-ingles-dos-eua","19":"first","20":"instock","21":"downloadable","22":"virtual","23":"purchasable","24":"product-type-simple"},"acf":[],"yoast_head":"<!-- This site is optimized with the Yoast SEO plugin v27.3 - https:\/\/yoast.com\/product\/yoast-seo-wordpress\/ -->\n<title>Mimi, Edi\u00e7\u00e3o Conto de Fadas - Craftygenesindonesia<\/title>\n<meta name=\"description\" content=\"Compre aqui o meu padr\u00e3o de croch\u00e9 \u201cMimi, Edi\u00e7\u00e3o Conto de Fadas\u201d. Tamb\u00e9m dispon\u00edvel em Haked.nl, Haked.store e Ravelry.\" \/>\n<meta name=\"robots\" content=\"index, follow, max-snippet:-1, max-image-preview:large, max-video-preview:-1\" \/>\n<link rel=\"canonical\" href=\"https:\/\/craftygenesindonesia.com\/pt-br\/shop\/padroes-de-croche-bonecas-infantis\/mimi-edicao-conto-de-fadas\/\" \/>\n<meta property=\"og:locale\" content=\"pt_BR\" \/>\n<meta property=\"og:type\" content=\"article\" \/>\n<meta property=\"og:title\" content=\"Mimi, Edi\u00e7\u00e3o Conto de Fadas\" \/>\n<meta property=\"og:description\" content=\"Compre aqui o meu padr\u00e3o de croch\u00e9 \u201cMimi, Edi\u00e7\u00e3o Conto de Fadas\u201d. Tamb\u00e9m dispon\u00edvel em Haked.nl, Haked.store e Ravelry.\" \/>\n<meta property=\"og:url\" content=\"https:\/\/craftygenesindonesia.com\/pt-br\/shop\/padroes-de-croche-bonecas-infantis\/mimi-edicao-conto-de-fadas\/\" \/>\n<meta property=\"og:site_name\" content=\"Craftygenesindonesia\" \/>\n<meta property=\"article:modified_time\" content=\"2026-03-23T22:49:37+00:00\" \/>\n<meta property=\"og:image\" content=\"https:\/\/craftygenesindonesia.com\/wp-content\/uploads\/2023\/05\/IMG_1320-300x300.jpg\" \/>\n<meta name=\"twitter:card\" content=\"summary_large_image\" \/>\n<meta name=\"twitter:title\" content=\"Mimi, Edi\u00e7\u00e3o Conto de Fadas\" \/>\n<meta name=\"twitter:description\" content=\"Compre aqui o meu padr\u00e3o de croch\u00e9 \u201cMimi, Edi\u00e7\u00e3o Conto de Fadas\u201d. Tamb\u00e9m dispon\u00edvel em Haked.nl, Haked.store e Ravelry.\" \/>\n<meta name=\"twitter:image\" content=\"https:\/\/craftygenesindonesia.com\/wp-content\/uploads\/2023\/05\/IMG_1320.jpg\" \/>\n<meta name=\"twitter:label1\" content=\"Est. tempo de leitura\" \/>\n\t<meta name=\"twitter:data1\" content=\"2 minutos\" \/>\n<script type=\"application\/ld+json\" class=\"yoast-schema-graph\">{\"@context\":\"https:\\\/\\\/schema.org\",\"@graph\":[{\"@type\":\"WebPage\",\"@id\":\"https:\\\/\\\/craftygenesindonesia.com\\\/pt-br\\\/shop\\\/padroes-de-croche-bonecas-infantis\\\/mimi-edicao-conto-de-fadas\\\/\",\"url\":\"https:\\\/\\\/craftygenesindonesia.com\\\/pt-br\\\/shop\\\/padroes-de-croche-bonecas-infantis\\\/mimi-edicao-conto-de-fadas\\\/\",\"name\":\"Mimi, Edi\u00e7\u00e3o Conto de Fadas - Craftygenesindonesia\",\"isPartOf\":{\"@id\":\"https:\\\/\\\/craftygenesindonesia.com\\\/pt-br\\\/#website\"},\"primaryImageOfPage\":{\"@id\":\"https:\\\/\\\/craftygenesindonesia.com\\\/pt-br\\\/shop\\\/padroes-de-croche-bonecas-infantis\\\/mimi-edicao-conto-de-fadas\\\/#primaryimage\"},\"image\":{\"@id\":\"https:\\\/\\\/craftygenesindonesia.com\\\/pt-br\\\/shop\\\/padroes-de-croche-bonecas-infantis\\\/mimi-edicao-conto-de-fadas\\\/#primaryimage\"},\"thumbnailUrl\":\"https:\\\/\\\/craftygenesindonesia.com\\\/wp-content\\\/uploads\\\/2023\\\/05\\\/IMG_1315.jpg\",\"datePublished\":\"2023-05-19T03:00:39+00:00\",\"dateModified\":\"2026-03-23T22:49:37+00:00\",\"description\":\"Compre aqui o meu padr\u00e3o de croch\u00e9 \u201cMimi, Edi\u00e7\u00e3o Conto de Fadas\u201d. Tamb\u00e9m dispon\u00edvel em Haked.nl, Haked.store e Ravelry.\",\"breadcrumb\":{\"@id\":\"https:\\\/\\\/craftygenesindonesia.com\\\/pt-br\\\/shop\\\/padroes-de-croche-bonecas-infantis\\\/mimi-edicao-conto-de-fadas\\\/#breadcrumb\"},\"inLanguage\":\"pt-BR\",\"potentialAction\":[{\"@type\":\"ReadAction\",\"target\":[\"https:\\\/\\\/craftygenesindonesia.com\\\/pt-br\\\/shop\\\/padroes-de-croche-bonecas-infantis\\\/mimi-edicao-conto-de-fadas\\\/\"]}]},{\"@type\":\"ImageObject\",\"inLanguage\":\"pt-BR\",\"@id\":\"https:\\\/\\\/craftygenesindonesia.com\\\/pt-br\\\/shop\\\/padroes-de-croche-bonecas-infantis\\\/mimi-edicao-conto-de-fadas\\\/#primaryimage\",\"url\":\"https:\\\/\\\/craftygenesindonesia.com\\\/wp-content\\\/uploads\\\/2023\\\/05\\\/IMG_1315.jpg\",\"contentUrl\":\"https:\\\/\\\/craftygenesindonesia.com\\\/wp-content\\\/uploads\\\/2023\\\/05\\\/IMG_1315.jpg\",\"width\":1024,\"height\":1024,\"caption\":\"Mimi, Edi\u00e7\u00e3o Conto de Fadas\"},{\"@type\":\"BreadcrumbList\",\"@id\":\"https:\\\/\\\/craftygenesindonesia.com\\\/pt-br\\\/shop\\\/padroes-de-croche-bonecas-infantis\\\/mimi-edicao-conto-de-fadas\\\/#breadcrumb\",\"itemListElement\":[{\"@type\":\"ListItem\",\"position\":1,\"name\":\"Home\",\"item\":\"https:\\\/\\\/craftygenesindonesia.com\\\/pt-br\\\/\"},{\"@type\":\"ListItem\",\"position\":2,\"name\":\"Loja de moldes\",\"item\":\"https:\\\/\\\/craftygenesindonesia.com\\\/pt-br\\\/loja-de-moldes\\\/\"},{\"@type\":\"ListItem\",\"position\":3,\"name\":\"Mimi, Edi\u00e7\u00e3o Conto de Fadas\"}]},{\"@type\":\"WebSite\",\"@id\":\"https:\\\/\\\/craftygenesindonesia.com\\\/pt-br\\\/#website\",\"url\":\"https:\\\/\\\/craftygenesindonesia.com\\\/pt-br\\\/\",\"name\":\"Craftygenesindonesia\",\"description\":\"\",\"publisher\":{\"@id\":\"https:\\\/\\\/craftygenesindonesia.com\\\/pt-br\\\/#organization\"},\"potentialAction\":[{\"@type\":\"SearchAction\",\"target\":{\"@type\":\"EntryPoint\",\"urlTemplate\":\"https:\\\/\\\/craftygenesindonesia.com\\\/pt-br\\\/?s={search_term_string}\"},\"query-input\":{\"@type\":\"PropertyValueSpecification\",\"valueRequired\":true,\"valueName\":\"search_term_string\"}}],\"inLanguage\":\"pt-BR\"},{\"@type\":\"Organization\",\"@id\":\"https:\\\/\\\/craftygenesindonesia.com\\\/pt-br\\\/#organization\",\"name\":\"Craftygenesindonesia\",\"url\":\"https:\\\/\\\/craftygenesindonesia.com\\\/pt-br\\\/\",\"logo\":{\"@type\":\"ImageObject\",\"inLanguage\":\"pt-BR\",\"@id\":\"https:\\\/\\\/craftygenesindonesia.com\\\/pt-br\\\/#\\\/schema\\\/logo\\\/image\\\/\",\"url\":\"https:\\\/\\\/craftygenesindonesia.com\\\/wp-content\\\/uploads\\\/2025\\\/11\\\/cropped-Copy-of-Craftygenesindonesia.jpg\",\"contentUrl\":\"https:\\\/\\\/craftygenesindonesia.com\\\/wp-content\\\/uploads\\\/2025\\\/11\\\/cropped-Copy-of-Craftygenesindonesia.jpg\",\"width\":180,\"height\":60,\"caption\":\"Craftygenesindonesia\"},\"image\":{\"@id\":\"https:\\\/\\\/craftygenesindonesia.com\\\/pt-br\\\/#\\\/schema\\\/logo\\\/image\\\/\"}}]}<\/script>\n<!-- \/ Yoast SEO plugin. -->","yoast_head_json":{"title":"Mimi, Edi\u00e7\u00e3o Conto de Fadas - Craftygenesindonesia","description":"Compre aqui o meu padr\u00e3o de croch\u00e9 \u201cMimi, Edi\u00e7\u00e3o Conto de Fadas\u201d. Tamb\u00e9m dispon\u00edvel em Haked.nl, Haked.store e Ravelry.","robots":{"index":"index","follow":"follow","max-snippet":"max-snippet:-1","max-image-preview":"max-image-preview:large","max-video-preview":"max-video-preview:-1"},"canonical":"https:\/\/craftygenesindonesia.com\/pt-br\/shop\/padroes-de-croche-bonecas-infantis\/mimi-edicao-conto-de-fadas\/","og_locale":"pt_BR","og_type":"article","og_title":"Mimi, Edi\u00e7\u00e3o Conto de Fadas","og_description":"Compre aqui o meu padr\u00e3o de croch\u00e9 \u201cMimi, Edi\u00e7\u00e3o Conto de Fadas\u201d. Tamb\u00e9m dispon\u00edvel em Haked.nl, Haked.store e Ravelry.","og_url":"https:\/\/craftygenesindonesia.com\/pt-br\/shop\/padroes-de-croche-bonecas-infantis\/mimi-edicao-conto-de-fadas\/","og_site_name":"Craftygenesindonesia","article_modified_time":"2026-03-23T22:49:37+00:00","og_image":[{"url":"https:\/\/craftygenesindonesia.com\/wp-content\/uploads\/2023\/05\/IMG_1320-300x300.jpg","type":"","width":"","height":""}],"twitter_card":"summary_large_image","twitter_title":"Mimi, Edi\u00e7\u00e3o Conto de Fadas","twitter_description":"Compre aqui o meu padr\u00e3o de croch\u00e9 \u201cMimi, Edi\u00e7\u00e3o Conto de Fadas\u201d. Tamb\u00e9m dispon\u00edvel em Haked.nl, Haked.store e Ravelry.","twitter_image":"https:\/\/craftygenesindonesia.com\/wp-content\/uploads\/2023\/05\/IMG_1320.jpg","twitter_misc":{"Est. tempo de leitura":"2 minutos"},"schema":{"@context":"https:\/\/schema.org","@graph":[{"@type":"WebPage","@id":"https:\/\/craftygenesindonesia.com\/pt-br\/shop\/padroes-de-croche-bonecas-infantis\/mimi-edicao-conto-de-fadas\/","url":"https:\/\/craftygenesindonesia.com\/pt-br\/shop\/padroes-de-croche-bonecas-infantis\/mimi-edicao-conto-de-fadas\/","name":"Mimi, Edi\u00e7\u00e3o Conto de Fadas - Craftygenesindonesia","isPartOf":{"@id":"https:\/\/craftygenesindonesia.com\/pt-br\/#website"},"primaryImageOfPage":{"@id":"https:\/\/craftygenesindonesia.com\/pt-br\/shop\/padroes-de-croche-bonecas-infantis\/mimi-edicao-conto-de-fadas\/#primaryimage"},"image":{"@id":"https:\/\/craftygenesindonesia.com\/pt-br\/shop\/padroes-de-croche-bonecas-infantis\/mimi-edicao-conto-de-fadas\/#primaryimage"},"thumbnailUrl":"https:\/\/craftygenesindonesia.com\/wp-content\/uploads\/2023\/05\/IMG_1315.jpg","datePublished":"2023-05-19T03:00:39+00:00","dateModified":"2026-03-23T22:49:37+00:00","description":"Compre aqui o meu padr\u00e3o de croch\u00e9 \u201cMimi, Edi\u00e7\u00e3o Conto de Fadas\u201d. Tamb\u00e9m dispon\u00edvel em Haked.nl, Haked.store e Ravelry.","breadcrumb":{"@id":"https:\/\/craftygenesindonesia.com\/pt-br\/shop\/padroes-de-croche-bonecas-infantis\/mimi-edicao-conto-de-fadas\/#breadcrumb"},"inLanguage":"pt-BR","potentialAction":[{"@type":"ReadAction","target":["https:\/\/craftygenesindonesia.com\/pt-br\/shop\/padroes-de-croche-bonecas-infantis\/mimi-edicao-conto-de-fadas\/"]}]},{"@type":"ImageObject","inLanguage":"pt-BR","@id":"https:\/\/craftygenesindonesia.com\/pt-br\/shop\/padroes-de-croche-bonecas-infantis\/mimi-edicao-conto-de-fadas\/#primaryimage","url":"https:\/\/craftygenesindonesia.com\/wp-content\/uploads\/2023\/05\/IMG_1315.jpg","contentUrl":"https:\/\/craftygenesindonesia.com\/wp-content\/uploads\/2023\/05\/IMG_1315.jpg","width":1024,"height":1024,"caption":"Mimi, Edi\u00e7\u00e3o Conto de Fadas"},{"@type":"BreadcrumbList","@id":"https:\/\/craftygenesindonesia.com\/pt-br\/shop\/padroes-de-croche-bonecas-infantis\/mimi-edicao-conto-de-fadas\/#breadcrumb","itemListElement":[{"@type":"ListItem","position":1,"name":"Home","item":"https:\/\/craftygenesindonesia.com\/pt-br\/"},{"@type":"ListItem","position":2,"name":"Loja de moldes","item":"https:\/\/craftygenesindonesia.com\/pt-br\/loja-de-moldes\/"},{"@type":"ListItem","position":3,"name":"Mimi, Edi\u00e7\u00e3o Conto de Fadas"}]},{"@type":"WebSite","@id":"https:\/\/craftygenesindonesia.com\/pt-br\/#website","url":"https:\/\/craftygenesindonesia.com\/pt-br\/","name":"Craftygenesindonesia","description":"","publisher":{"@id":"https:\/\/craftygenesindonesia.com\/pt-br\/#organization"},"potentialAction":[{"@type":"SearchAction","target":{"@type":"EntryPoint","urlTemplate":"https:\/\/craftygenesindonesia.com\/pt-br\/?s={search_term_string}"},"query-input":{"@type":"PropertyValueSpecification","valueRequired":true,"valueName":"search_term_string"}}],"inLanguage":"pt-BR"},{"@type":"Organization","@id":"https:\/\/craftygenesindonesia.com\/pt-br\/#organization","name":"Craftygenesindonesia","url":"https:\/\/craftygenesindonesia.com\/pt-br\/","logo":{"@type":"ImageObject","inLanguage":"pt-BR","@id":"https:\/\/craftygenesindonesia.com\/pt-br\/#\/schema\/logo\/image\/","url":"https:\/\/craftygenesindonesia.com\/wp-content\/uploads\/2025\/11\/cropped-Copy-of-Craftygenesindonesia.jpg","contentUrl":"https:\/\/craftygenesindonesia.com\/wp-content\/uploads\/2025\/11\/cropped-Copy-of-Craftygenesindonesia.jpg","width":180,"height":60,"caption":"Craftygenesindonesia"},"image":{"@id":"https:\/\/craftygenesindonesia.com\/pt-br\/#\/schema\/logo\/image\/"}}]}},"_links":{"self":[{"href":"https:\/\/craftygenesindonesia.com\/pt-br\/wp-json\/wp\/v2\/product\/987537582","targetHints":{"allow":["GET"]}}],"collection":[{"href":"https:\/\/craftygenesindonesia.com\/pt-br\/wp-json\/wp\/v2\/product"}],"about":[{"href":"https:\/\/craftygenesindonesia.com\/pt-br\/wp-json\/wp\/v2\/types\/product"}],"replies":[{"embeddable":true,"href":"https:\/\/craftygenesindonesia.com\/pt-br\/wp-json\/wp\/v2\/comments?post=987537582"}],"wp:featuredmedia":[{"embeddable":true,"href":"https:\/\/craftygenesindonesia.com\/pt-br\/wp-json\/wp\/v2\/media\/987537583"}],"wp:attachment":[{"href":"https:\/\/craftygenesindonesia.com\/pt-br\/wp-json\/wp\/v2\/media?parent=987537582"}],"wp:term":[{"taxonomy":"product_brand","embeddable":true,"href":"https:\/\/craftygenesindonesia.com\/pt-br\/wp-json\/wp\/v2\/product_brand?post=987537582"},{"taxonomy":"product_cat","embeddable":true,"href":"https:\/\/craftygenesindonesia.com\/pt-br\/wp-json\/wp\/v2\/product_cat?post=987537582"},{"taxonomy":"product_tag","embeddable":true,"href":"https:\/\/craftygenesindonesia.com\/pt-br\/wp-json\/wp\/v2\/product_tag?post=987537582"}],"curies":[{"name":"wp","href":"https:\/\/api.w.org\/{rel}","templated":true}]}}