{"id":987537564,"date":"2023-05-05T04:29:48","date_gmt":"2023-05-04T20:29:48","guid":{"rendered":"https:\/\/craftygenesindonesia.com\/shop\/sem%20categoria\/treno-de-natal\/"},"modified":"2026-03-24T06:53:41","modified_gmt":"2026-03-23T22:53:41","slug":"treno-de-natal","status":"publish","type":"product","link":"https:\/\/craftygenesindonesia.com\/pt-br\/shop\/padroes-de-croche-de-animais\/treno-de-natal\/","title":{"rendered":"Tren\u00f3 de Natal"},"content":{"rendered":"<p><em>Tudo o que voc\u00ea v\u00ea nas fotos est\u00e1 inclu\u00eddo no padr\u00e3o de croch\u00ea.<\/em><\/p>\n<p>Tamanho:<br \/>\nTamanho final do tren\u00f3: 31 x 24 x 21 cm \u2013 12,2 x 9,5 x 8,3 polegadas (sem incluir a largura dos trilhos)<br \/>\nTamanho final das renas: 29 cm de largura x 28 cm de altura \u2013 11,4 cm de largura x 11 cm de altura (incluindo os chifres)<\/p>\n<p>Todo o tren\u00f3 de Natal, renas e tudo o resto, \u00e9 feito com fio de espessura \u201cFINGERING\u201d, adequado para amigurumi, e uma agulha de croch\u00ea de 2 mm.<\/p>\n<p>Voc\u00ea precisar\u00e1 das seguintes cores: bege, preto, marrom, marrom escuro, vermelho escuro, verde, dourado met\u00e1lico, vermelho, cor de pele, branco, amarelo.<\/p>\n<p>Voc\u00ea tamb\u00e9m precisar\u00e1 de 15 m\/16 jardas adicionais de fio para cada caixa de presente (usei rosa, azul claro, laranja, dourado met\u00e1lico, roxo, verde e amarelo).<\/p>\n<p>Voc\u00ea tamb\u00e9m precisar\u00e1 de: Fio chenille: branco: 30-40 m\/33-43 jardas (normalmente usado para uma agulha de croch\u00ea de 3-4 mm, mas usei minha agulha de 2 mm para este projeto)<\/p>\n<p>Voc\u00ea tamb\u00e9m precisar\u00e1 de: Enchimento \u2013 agulha de tape\u00e7aria \u2013 tesoura \u2013 l\u00e1pis \u2013 cola \u2013 pistola de cola \u2013 cotonete \u2013 r\u00e9gua \u2013 alfinetes de costura \u2013 papel\u00e3o \u2013 fio de alum\u00ednio \u2013 alicate de corte \u2013 fio de contas douradas de 3 mm e 2 mm \u2013 olhos de seguran\u00e7a ovais \u2013 sinos de 7 e 15 mm \u2013 dourado met\u00e1lico e verde met\u00e1lico<\/p>\n<p>Entretela: um peda\u00e7o grande de entretela pesada e grossa para bolsas\/carteiras (voc\u00ea tamb\u00e9m pode usar v\u00e1rias camadas de entretela mais fina ou at\u00e9 mesmo adicionar camadas de feltro at\u00e9 ficar com a espessura desejada) ou espuma EVA (precisa ser bastante r\u00edgida). Voc\u00ea pode at\u00e9 usar um colch\u00e3o de espuma.<\/p>\n<p>Agulha de croch\u00ea: tamanho 2 mm<\/p>\n<p>Este padr\u00e3o \u00e9 um padr\u00e3o escrito com muitas imagens para ajud\u00e1-lo. Se ainda tiver d\u00favidas, envie-me uma mensagem para: <a href=\"mailto:craftygenesindonesia@gmail.com\">craftygenesindonesia@gmail.com<\/a><\/p>\n<p><strong>-Este padr\u00e3o \u00e9 apenas para uso pessoal e est\u00e1 protegido por direitos autorais. Portanto, o padr\u00e3o N\u00c3O pode ser copiado, vendido, revendido, traduzido, reivindicado como seu design, distribu\u00eddo, compartilhado, publicado, postado online&#8230; de qualquer forma sem o meu consentimento. Nem mesmo parte disso!!!<\/strong><\/p>\n<p><strong>-Voc\u00ea pode vender o item acabado em pequenas quantidades, mas n\u00e3o o padr\u00e3o de croch\u00ea em si! Por favor, mencione que o padr\u00e3o \u00e9 da Craftygenesindonesia e onde ele pode ser adquirido. <\/strong><\/p>\n","protected":false},"excerpt":{"rendered":"<p>Voc\u00ea est\u00e1 procurando uma \u00f3tima pe\u00e7a de decora\u00e7\u00e3o natalina para fazer e amar por muitos anos? Ent\u00e3o este \u00e9 o molde ideal para voc\u00ea! Tudo est\u00e1 inclu\u00eddo no molde = o tren\u00f3, as renas, o Papai Noel, a \u00e1rvore de Natal, os presentes, o bast\u00e3o de doces e o pirulito! Tudo inclu\u00eddo!<\/p>\n","protected":false},"featured_media":987537573,"comment_status":"open","ping_status":"closed","template":"","meta":{"_acf_changed":false},"product_brand":[],"product_cat":[13003,12958,12995],"product_tag":[13091,13072,13464,13404,13258,13160,13153,12999,13154,13162,13313,13178,13179,13182,13465],"class_list":{"0":"post-987537564","1":"product","2":"type-product","3":"status-publish","4":"has-post-thumbnail","6":"product_cat-padroes-de-croche-3d","7":"product_cat-padroes-de-croche-de-animais","8":"product_cat-padroes-de-croche-natal","9":"product_tag-arvore","10":"product_tag-arvore-de-natal","11":"product_tag-bastao-de-doces-2","12":"product_tag-bastao-de-doces-em-croche","13":"product_tag-bola","14":"product_tag-boneco-de-neve","15":"product_tag-caixas-de-presente","16":"product_tag-decoracoes-de-natal","17":"product_tag-gift","18":"product_tag-inverno","19":"product_tag-papai-noel-2","20":"product_tag-papai-noel","21":"product_tag-rena","22":"product_tag-santa-claus","23":"product_tag-treno","24":"pa_available_on-craftygenesindonesia","25":"pa_available_on-etsy","26":"pa_available_on-haked-nl","27":"pa_available_on-payhip","28":"pa_available_on-ravelry","29":"pa_languages-alemao","30":"pa_languages-espanhol","31":"pa_languages-frances","32":"pa_languages-holandes","33":"pa_languages-ingles-dos-eua","34":"pa_languages-portugues","36":"first","37":"instock","38":"downloadable","39":"virtual","40":"purchasable","41":"product-type-simple"},"acf":[],"yoast_head":"<!-- This site is optimized with the Yoast SEO plugin v27.3 - https:\/\/yoast.com\/product\/yoast-seo-wordpress\/ -->\n<title>Tren\u00f3 de Natal padr\u00e3o de croch\u00ea - Craftygenesindonesia<\/title>\n<meta name=\"description\" content=\"Compre aqui o meu padr\u00e3o de croch\u00e9 \u201cTren\u00f3 de Natal\u201d (O tren\u00f3 de Natal criativo). O padr\u00e3o de croch\u00e9 f\u00e1cil de seguir tamb\u00e9m est\u00e1 dispon\u00edvel no Etsy, Haked, Ravelry e Payhip.\" \/>\n<meta name=\"robots\" content=\"index, follow, max-snippet:-1, max-image-preview:large, max-video-preview:-1\" \/>\n<link rel=\"canonical\" href=\"https:\/\/craftygenesindonesia.com\/pt-br\/shop\/padroes-de-croche-de-animais\/treno-de-natal\/\" \/>\n<meta property=\"og:locale\" content=\"pt_BR\" \/>\n<meta property=\"og:type\" content=\"article\" \/>\n<meta property=\"og:title\" content=\"The Crafty Christmas Sleigh crochet pattern\" \/>\n<meta property=\"og:description\" content=\"Compre aqui o meu padr\u00e3o de croch\u00e9 \u201cTren\u00f3 de Natal\u201d (O tren\u00f3 de Natal criativo). O padr\u00e3o de croch\u00e9 f\u00e1cil de seguir tamb\u00e9m est\u00e1 dispon\u00edvel no Etsy, Haked, Ravelry e Payhip.\" \/>\n<meta property=\"og:url\" content=\"https:\/\/craftygenesindonesia.com\/pt-br\/shop\/padroes-de-croche-de-animais\/treno-de-natal\/\" \/>\n<meta property=\"og:site_name\" content=\"Craftygenesindonesia\" \/>\n<meta property=\"article:modified_time\" content=\"2026-03-23T22:53:41+00:00\" \/>\n<meta property=\"og:image\" content=\"https:\/\/craftygenesindonesia.com\/wp-content\/uploads\/2023\/05\/The-Crafty-Christmas-Sleigh-1-300x300.jpg\" \/>\n<meta name=\"twitter:card\" content=\"summary_large_image\" \/>\n<meta name=\"twitter:title\" content=\"Treno de Natal - padr\u00e3o de croch\u00ea\" \/>\n<meta name=\"twitter:description\" content=\"Compre aqui o meu padr\u00e3o de croch\u00e9 \u201cTren\u00f3 de Natal\u201d (O tren\u00f3 de Natal criativo). O padr\u00e3o de croch\u00e9 f\u00e1cil de seguir tamb\u00e9m est\u00e1 dispon\u00edvel no Etsy, Haked, Ravelry e Payhip.\" \/>\n<meta name=\"twitter:image\" content=\"https:\/\/craftygenesindonesia.com\/wp-content\/uploads\/2023\/05\/1.png\" \/>\n<meta name=\"twitter:label1\" content=\"Est. tempo de leitura\" \/>\n\t<meta name=\"twitter:data1\" content=\"2 minutos\" \/>\n<script type=\"application\/ld+json\" class=\"yoast-schema-graph\">{\"@context\":\"https:\\\/\\\/schema.org\",\"@graph\":[{\"@type\":\"WebPage\",\"@id\":\"https:\\\/\\\/craftygenesindonesia.com\\\/pt-br\\\/shop\\\/padroes-de-croche-de-animais\\\/treno-de-natal\\\/\",\"url\":\"https:\\\/\\\/craftygenesindonesia.com\\\/pt-br\\\/shop\\\/padroes-de-croche-de-animais\\\/treno-de-natal\\\/\",\"name\":\"Tren\u00f3 de Natal padr\u00e3o de croch\u00ea - Craftygenesindonesia\",\"isPartOf\":{\"@id\":\"https:\\\/\\\/craftygenesindonesia.com\\\/pt-br\\\/#website\"},\"primaryImageOfPage\":{\"@id\":\"https:\\\/\\\/craftygenesindonesia.com\\\/pt-br\\\/shop\\\/padroes-de-croche-de-animais\\\/treno-de-natal\\\/#primaryimage\"},\"image\":{\"@id\":\"https:\\\/\\\/craftygenesindonesia.com\\\/pt-br\\\/shop\\\/padroes-de-croche-de-animais\\\/treno-de-natal\\\/#primaryimage\"},\"thumbnailUrl\":\"https:\\\/\\\/craftygenesindonesia.com\\\/wp-content\\\/uploads\\\/2023\\\/05\\\/The-Crafty-Christmas-Sleigh-1.jpg\",\"datePublished\":\"2023-05-04T20:29:48+00:00\",\"dateModified\":\"2026-03-23T22:53:41+00:00\",\"description\":\"Compre aqui o meu padr\u00e3o de croch\u00e9 \u201cTren\u00f3 de Natal\u201d (O tren\u00f3 de Natal criativo). O padr\u00e3o de croch\u00e9 f\u00e1cil de seguir tamb\u00e9m est\u00e1 dispon\u00edvel no Etsy, Haked, Ravelry e Payhip.\",\"breadcrumb\":{\"@id\":\"https:\\\/\\\/craftygenesindonesia.com\\\/pt-br\\\/shop\\\/padroes-de-croche-de-animais\\\/treno-de-natal\\\/#breadcrumb\"},\"inLanguage\":\"pt-BR\",\"potentialAction\":[{\"@type\":\"ReadAction\",\"target\":[\"https:\\\/\\\/craftygenesindonesia.com\\\/pt-br\\\/shop\\\/padroes-de-croche-de-animais\\\/treno-de-natal\\\/\"]}]},{\"@type\":\"ImageObject\",\"inLanguage\":\"pt-BR\",\"@id\":\"https:\\\/\\\/craftygenesindonesia.com\\\/pt-br\\\/shop\\\/padroes-de-croche-de-animais\\\/treno-de-natal\\\/#primaryimage\",\"url\":\"https:\\\/\\\/craftygenesindonesia.com\\\/wp-content\\\/uploads\\\/2023\\\/05\\\/The-Crafty-Christmas-Sleigh-1.jpg\",\"contentUrl\":\"https:\\\/\\\/craftygenesindonesia.com\\\/wp-content\\\/uploads\\\/2023\\\/05\\\/The-Crafty-Christmas-Sleigh-1.jpg\",\"width\":1080,\"height\":1080,\"caption\":\"Reno de Natal em croch\u00ea com Papai Noel, renas, presentes e \u00e1rvore de Natal\"},{\"@type\":\"BreadcrumbList\",\"@id\":\"https:\\\/\\\/craftygenesindonesia.com\\\/pt-br\\\/shop\\\/padroes-de-croche-de-animais\\\/treno-de-natal\\\/#breadcrumb\",\"itemListElement\":[{\"@type\":\"ListItem\",\"position\":1,\"name\":\"Home\",\"item\":\"https:\\\/\\\/craftygenesindonesia.com\\\/pt-br\\\/\"},{\"@type\":\"ListItem\",\"position\":2,\"name\":\"Loja de moldes\",\"item\":\"https:\\\/\\\/craftygenesindonesia.com\\\/pt-br\\\/loja-de-moldes\\\/\"},{\"@type\":\"ListItem\",\"position\":3,\"name\":\"Tren\u00f3 de Natal\"}]},{\"@type\":\"WebSite\",\"@id\":\"https:\\\/\\\/craftygenesindonesia.com\\\/pt-br\\\/#website\",\"url\":\"https:\\\/\\\/craftygenesindonesia.com\\\/pt-br\\\/\",\"name\":\"Craftygenesindonesia\",\"description\":\"\",\"publisher\":{\"@id\":\"https:\\\/\\\/craftygenesindonesia.com\\\/pt-br\\\/#organization\"},\"potentialAction\":[{\"@type\":\"SearchAction\",\"target\":{\"@type\":\"EntryPoint\",\"urlTemplate\":\"https:\\\/\\\/craftygenesindonesia.com\\\/pt-br\\\/?s={search_term_string}\"},\"query-input\":{\"@type\":\"PropertyValueSpecification\",\"valueRequired\":true,\"valueName\":\"search_term_string\"}}],\"inLanguage\":\"pt-BR\"},{\"@type\":\"Organization\",\"@id\":\"https:\\\/\\\/craftygenesindonesia.com\\\/pt-br\\\/#organization\",\"name\":\"Craftygenesindonesia\",\"url\":\"https:\\\/\\\/craftygenesindonesia.com\\\/pt-br\\\/\",\"logo\":{\"@type\":\"ImageObject\",\"inLanguage\":\"pt-BR\",\"@id\":\"https:\\\/\\\/craftygenesindonesia.com\\\/pt-br\\\/#\\\/schema\\\/logo\\\/image\\\/\",\"url\":\"https:\\\/\\\/craftygenesindonesia.com\\\/wp-content\\\/uploads\\\/2025\\\/11\\\/cropped-Copy-of-Craftygenesindonesia.jpg\",\"contentUrl\":\"https:\\\/\\\/craftygenesindonesia.com\\\/wp-content\\\/uploads\\\/2025\\\/11\\\/cropped-Copy-of-Craftygenesindonesia.jpg\",\"width\":180,\"height\":60,\"caption\":\"Craftygenesindonesia\"},\"image\":{\"@id\":\"https:\\\/\\\/craftygenesindonesia.com\\\/pt-br\\\/#\\\/schema\\\/logo\\\/image\\\/\"}}]}<\/script>\n<!-- \/ Yoast SEO plugin. -->","yoast_head_json":{"title":"Tren\u00f3 de Natal padr\u00e3o de croch\u00ea - Craftygenesindonesia","description":"Compre aqui o meu padr\u00e3o de croch\u00e9 \u201cTren\u00f3 de Natal\u201d (O tren\u00f3 de Natal criativo). O padr\u00e3o de croch\u00e9 f\u00e1cil de seguir tamb\u00e9m est\u00e1 dispon\u00edvel no Etsy, Haked, Ravelry e Payhip.","robots":{"index":"index","follow":"follow","max-snippet":"max-snippet:-1","max-image-preview":"max-image-preview:large","max-video-preview":"max-video-preview:-1"},"canonical":"https:\/\/craftygenesindonesia.com\/pt-br\/shop\/padroes-de-croche-de-animais\/treno-de-natal\/","og_locale":"pt_BR","og_type":"article","og_title":"The Crafty Christmas Sleigh crochet pattern","og_description":"Compre aqui o meu padr\u00e3o de croch\u00e9 \u201cTren\u00f3 de Natal\u201d (O tren\u00f3 de Natal criativo). O padr\u00e3o de croch\u00e9 f\u00e1cil de seguir tamb\u00e9m est\u00e1 dispon\u00edvel no Etsy, Haked, Ravelry e Payhip.","og_url":"https:\/\/craftygenesindonesia.com\/pt-br\/shop\/padroes-de-croche-de-animais\/treno-de-natal\/","og_site_name":"Craftygenesindonesia","article_modified_time":"2026-03-23T22:53:41+00:00","og_image":[{"url":"https:\/\/craftygenesindonesia.com\/wp-content\/uploads\/2023\/05\/The-Crafty-Christmas-Sleigh-1-300x300.jpg","type":"","width":"","height":""}],"twitter_card":"summary_large_image","twitter_title":"Treno de Natal - padr\u00e3o de croch\u00ea","twitter_description":"Compre aqui o meu padr\u00e3o de croch\u00e9 \u201cTren\u00f3 de Natal\u201d (O tren\u00f3 de Natal criativo). O padr\u00e3o de croch\u00e9 f\u00e1cil de seguir tamb\u00e9m est\u00e1 dispon\u00edvel no Etsy, Haked, Ravelry e Payhip.","twitter_image":"https:\/\/craftygenesindonesia.com\/wp-content\/uploads\/2023\/05\/1.png","twitter_misc":{"Est. tempo de leitura":"2 minutos"},"schema":{"@context":"https:\/\/schema.org","@graph":[{"@type":"WebPage","@id":"https:\/\/craftygenesindonesia.com\/pt-br\/shop\/padroes-de-croche-de-animais\/treno-de-natal\/","url":"https:\/\/craftygenesindonesia.com\/pt-br\/shop\/padroes-de-croche-de-animais\/treno-de-natal\/","name":"Tren\u00f3 de Natal padr\u00e3o de croch\u00ea - Craftygenesindonesia","isPartOf":{"@id":"https:\/\/craftygenesindonesia.com\/pt-br\/#website"},"primaryImageOfPage":{"@id":"https:\/\/craftygenesindonesia.com\/pt-br\/shop\/padroes-de-croche-de-animais\/treno-de-natal\/#primaryimage"},"image":{"@id":"https:\/\/craftygenesindonesia.com\/pt-br\/shop\/padroes-de-croche-de-animais\/treno-de-natal\/#primaryimage"},"thumbnailUrl":"https:\/\/craftygenesindonesia.com\/wp-content\/uploads\/2023\/05\/The-Crafty-Christmas-Sleigh-1.jpg","datePublished":"2023-05-04T20:29:48+00:00","dateModified":"2026-03-23T22:53:41+00:00","description":"Compre aqui o meu padr\u00e3o de croch\u00e9 \u201cTren\u00f3 de Natal\u201d (O tren\u00f3 de Natal criativo). O padr\u00e3o de croch\u00e9 f\u00e1cil de seguir tamb\u00e9m est\u00e1 dispon\u00edvel no Etsy, Haked, Ravelry e Payhip.","breadcrumb":{"@id":"https:\/\/craftygenesindonesia.com\/pt-br\/shop\/padroes-de-croche-de-animais\/treno-de-natal\/#breadcrumb"},"inLanguage":"pt-BR","potentialAction":[{"@type":"ReadAction","target":["https:\/\/craftygenesindonesia.com\/pt-br\/shop\/padroes-de-croche-de-animais\/treno-de-natal\/"]}]},{"@type":"ImageObject","inLanguage":"pt-BR","@id":"https:\/\/craftygenesindonesia.com\/pt-br\/shop\/padroes-de-croche-de-animais\/treno-de-natal\/#primaryimage","url":"https:\/\/craftygenesindonesia.com\/wp-content\/uploads\/2023\/05\/The-Crafty-Christmas-Sleigh-1.jpg","contentUrl":"https:\/\/craftygenesindonesia.com\/wp-content\/uploads\/2023\/05\/The-Crafty-Christmas-Sleigh-1.jpg","width":1080,"height":1080,"caption":"Reno de Natal em croch\u00ea com Papai Noel, renas, presentes e \u00e1rvore de Natal"},{"@type":"BreadcrumbList","@id":"https:\/\/craftygenesindonesia.com\/pt-br\/shop\/padroes-de-croche-de-animais\/treno-de-natal\/#breadcrumb","itemListElement":[{"@type":"ListItem","position":1,"name":"Home","item":"https:\/\/craftygenesindonesia.com\/pt-br\/"},{"@type":"ListItem","position":2,"name":"Loja de moldes","item":"https:\/\/craftygenesindonesia.com\/pt-br\/loja-de-moldes\/"},{"@type":"ListItem","position":3,"name":"Tren\u00f3 de Natal"}]},{"@type":"WebSite","@id":"https:\/\/craftygenesindonesia.com\/pt-br\/#website","url":"https:\/\/craftygenesindonesia.com\/pt-br\/","name":"Craftygenesindonesia","description":"","publisher":{"@id":"https:\/\/craftygenesindonesia.com\/pt-br\/#organization"},"potentialAction":[{"@type":"SearchAction","target":{"@type":"EntryPoint","urlTemplate":"https:\/\/craftygenesindonesia.com\/pt-br\/?s={search_term_string}"},"query-input":{"@type":"PropertyValueSpecification","valueRequired":true,"valueName":"search_term_string"}}],"inLanguage":"pt-BR"},{"@type":"Organization","@id":"https:\/\/craftygenesindonesia.com\/pt-br\/#organization","name":"Craftygenesindonesia","url":"https:\/\/craftygenesindonesia.com\/pt-br\/","logo":{"@type":"ImageObject","inLanguage":"pt-BR","@id":"https:\/\/craftygenesindonesia.com\/pt-br\/#\/schema\/logo\/image\/","url":"https:\/\/craftygenesindonesia.com\/wp-content\/uploads\/2025\/11\/cropped-Copy-of-Craftygenesindonesia.jpg","contentUrl":"https:\/\/craftygenesindonesia.com\/wp-content\/uploads\/2025\/11\/cropped-Copy-of-Craftygenesindonesia.jpg","width":180,"height":60,"caption":"Craftygenesindonesia"},"image":{"@id":"https:\/\/craftygenesindonesia.com\/pt-br\/#\/schema\/logo\/image\/"}}]}},"_links":{"self":[{"href":"https:\/\/craftygenesindonesia.com\/pt-br\/wp-json\/wp\/v2\/product\/987537564","targetHints":{"allow":["GET"]}}],"collection":[{"href":"https:\/\/craftygenesindonesia.com\/pt-br\/wp-json\/wp\/v2\/product"}],"about":[{"href":"https:\/\/craftygenesindonesia.com\/pt-br\/wp-json\/wp\/v2\/types\/product"}],"replies":[{"embeddable":true,"href":"https:\/\/craftygenesindonesia.com\/pt-br\/wp-json\/wp\/v2\/comments?post=987537564"}],"wp:featuredmedia":[{"embeddable":true,"href":"https:\/\/craftygenesindonesia.com\/pt-br\/wp-json\/wp\/v2\/media\/987537573"}],"wp:attachment":[{"href":"https:\/\/craftygenesindonesia.com\/pt-br\/wp-json\/wp\/v2\/media?parent=987537564"}],"wp:term":[{"taxonomy":"product_brand","embeddable":true,"href":"https:\/\/craftygenesindonesia.com\/pt-br\/wp-json\/wp\/v2\/product_brand?post=987537564"},{"taxonomy":"product_cat","embeddable":true,"href":"https:\/\/craftygenesindonesia.com\/pt-br\/wp-json\/wp\/v2\/product_cat?post=987537564"},{"taxonomy":"product_tag","embeddable":true,"href":"https:\/\/craftygenesindonesia.com\/pt-br\/wp-json\/wp\/v2\/product_tag?post=987537564"}],"curies":[{"name":"wp","href":"https:\/\/api.w.org\/{rel}","templated":true}]}}