{"id":987537520,"date":"2023-02-15T06:12:14","date_gmt":"2023-02-14T22:12:14","guid":{"rendered":"https:\/\/craftygenesindonesia.com\/shop\/sem categoria\/elias-e-isabella-o-pacote-dos-coelhinhos-da-pascoa\/"},"modified":"2023-02-15T06:12:14","modified_gmt":"2023-02-14T22:12:14","slug":"elias-e-isabella-o-pacote-dos-coelhinhos-da-pascoa","status":"publish","type":"product","link":"https:\/\/craftygenesindonesia.com\/pt-br\/shop\/padroes-de-croche-de-animais\/elias-e-isabella-o-pacote-dos-coelhinhos-da-pascoa\/","title":{"rendered":"Elias e Isabella, o Pacote dos Coelhinhos da P\u00e1scoa"},"content":{"rendered":"<p>Elias tem 45 cm de altura e Isabella tem 43 cm. Isso inclui as orelhas. Ambos s\u00e3o feitos com fio leve (3) adequado para amigurumi e uma agulha de croch\u00ea de 2 mm.  <\/p>\n<p>&nbsp;<\/p>\n<p>Voc\u00ea precisar\u00e1 das seguintes cores para Elias:<\/p>\n<ul>\n<li>Preto: 15-25 m = <u><strong>metro<\/strong><\/u>\/20-30 jardas = <strong>jarda<\/strong> <\/li>\n<li>Branco sujo: 65-75 m\/70-80 jardas<\/li>\n<li>Cinza: 45-55 m \/ 50-60 jardas<\/li>\n<li>Rosa: 15-25 m \/ 20-30 jardas<\/li>\n<li>Creme: 10-20 m\/10-20 jardas<\/li>\n<li>Castanho claro: 75-85 m\/80-90 jardas<\/li>\n<li>Verde: 130-140 m\/145-155 jardas<\/li>\n<li>Roxo claro: 15-25 m\/20-30 jardas<\/li>\n<li>Azul: sobras<\/li>\n<\/ul>\n<p>Voc\u00ea precisar\u00e1 das seguintes cores para Isabella:<\/p>\n<ul>\n<li>Azul: um peda\u00e7o que sobrou<\/li>\n<li>Creme: 50-60 m (metros)\/ 55-65 jardas (jardas)<\/li>\n<li>Verde: 15-25 m\/15-25 jardas<\/li>\n<li>Castanho claro: 80-90 m\/ 90-100 jardas<\/li>\n<li>Roxo claro: 15-25 m\/15-25 jardas<\/li>\n<li>Branco sujo: 5-10 m\/5-10 jardas<\/li>\n<li>Rosa: 180-200 m \/ 200-220 jardas<\/li>\n<\/ul>\n<p>&nbsp;<\/p>\n<p>Voc\u00ea tamb\u00e9m precisar\u00e1 de: enchimento \u2013 marcadores de pontos \u2013 agulha de tape\u00e7aria \u2013 tesoura \u2013 l\u00e1pis \u2013 cola \u2013 pistola de cola \u2013 cotonetes \u2013 papel\u00e3o \u2013 olhos de seguran\u00e7a \u2013 pauzinhos de madeira<\/p>\n<p>&nbsp;<\/p>\n<p>Agulha de croch\u00ea: tamanho 2 mm<\/p>\n<p>Estes padr\u00f5es de croch\u00ea incluem muitas fotos para ajud\u00e1-lo. Se ainda tiver d\u00favidas, sinta-se \u00e0 vontade para entrar em contato comigo pelo e-mail: <a href=\"mailto:craftygenesindonesia@gmail.com\">craftygenesindonesia@gmail.com<\/a> <\/p>\n<p>&nbsp;<\/p>\n<p>Estes padr\u00f5es est\u00e3o protegidos por direitos autorais. Portanto, estes padr\u00f5es s\u00e3o apenas para uso pessoal e N\u00c3O podem ser copiados, vendidos, revendidos, traduzidos, reivindicados como seu design, distribu\u00eddos, compartilhados, publicados, postados online&#8230; de qualquer forma sem o meu consentimento. Nem mesmo parte deles!!!  <\/p>\n<p>&nbsp;<\/p>\n<p>Voc\u00ea pode vender os bonecos Elias &amp; Isabella, O Coelhinho da P\u00e1scoa prontos em pequenas quantidades, mas n\u00e3o os padr\u00f5es de croch\u00ea em si! Por favor, mencione que esses padr\u00f5es s\u00e3o da Craftygenesindonesia e onde eles podem ser comprados. <\/p>\n","protected":false},"excerpt":{"rendered":"<p>Este conjunto de padr\u00f5es de croch\u00ea para o meu Elias &amp; Isabella \u00e9 indispens\u00e1vel para os amantes da P\u00e1scoa!!!! Os padr\u00f5es s\u00e3o f\u00e1ceis de seguir e muito agrad\u00e1veis de fazer!<\/p>\n<p>Voc\u00ea tamb\u00e9m pode obter os moldes separadamente como <strong><a href=\"https:\/\/craftygenesindonesia.com\/product\/elias-the-easter-bunny\/\" target=\"_blank\" rel=\"noopener\">Elias, o Coelhinho da P\u00e1scoa<\/a><\/strong>, e <strong><a href=\"https:\/\/craftygenesindonesia.com\/product\/isabella-the-easter-bunny\/\" target=\"_blank\" rel=\"noopener\">Isabella, a Coelhinha da P\u00e1scoa<\/a><\/strong>. (clique nos nomes para ver esses moldes) <\/p>\n","protected":false},"featured_media":987537522,"comment_status":"open","ping_status":"closed","template":"","meta":{"_acf_changed":false},"product_brand":[],"product_cat":[12958,12959],"product_tag":[13303,13454,12960,13130,12964,12963,13455,13204],"class_list":{"0":"post-987537520","1":"product","2":"type-product","3":"status-publish","4":"has-post-thumbnail","6":"product_cat-padroes-de-croche-de-animais","7":"product_cat-padroes-de-croche-para-a-pascoa","8":"product_tag-bengala","9":"product_tag-bonnet","10":"product_tag-coelhinho","11":"product_tag-coelhinho-da-pascoa","12":"product_tag-coelho","13":"product_tag-pascoa","14":"product_tag-topo","15":"product_tag-vitoriano","16":"pa_available_on-craftygenesindonesia","17":"pa_available_on-etsy","18":"pa_available_on-haked-nl","19":"pa_available_on-payhip","20":"pa_available_on-ravelry","21":"pa_languages-alemao","22":"pa_languages-espanhol","23":"pa_languages-frances","24":"pa_languages-holandes","25":"pa_languages-ingles-dos-eua","27":"first","28":"instock","29":"sale","30":"downloadable","31":"virtual","32":"purchasable","33":"product-type-simple"},"acf":[],"yoast_head":"<!-- This site is optimized with the Yoast SEO plugin v27.3 - https:\/\/yoast.com\/product\/yoast-seo-wordpress\/ -->\n<title>Elias e Isabella, o Pacote dos Coelhinhos da P\u00e1scoa padr\u00e3o de croch\u00ea - Craftygenesindonesia<\/title>\n<meta name=\"description\" content=\"Compre aqui o meu &quot;Pacote Elias &amp; Isabella, os Coelhinhos da P\u00e1scoa&quot;. O padr\u00e3o f\u00e1cil de croch\u00ea tamb\u00e9m est\u00e1 dispon\u00edvel no Etsy, Haked, Ravelry e Payhip.\" \/>\n<meta name=\"robots\" content=\"index, follow, max-snippet:-1, max-image-preview:large, max-video-preview:-1\" \/>\n<link rel=\"canonical\" href=\"https:\/\/craftygenesindonesia.com\/pt-br\/shop\/padroes-de-croche-de-animais\/elias-e-isabella-o-pacote-dos-coelhinhos-da-pascoa\/\" \/>\n<meta property=\"og:locale\" content=\"pt_BR\" \/>\n<meta property=\"og:type\" content=\"article\" \/>\n<meta property=\"og:title\" content=\"Elias &amp; Isabella Os coelhinhos da P\u00e1scoa - Pacote de padr\u00f5es de croch\u00ea\" \/>\n<meta property=\"og:description\" content=\"Compre aqui o meu &quot;Pacote Elias &amp; Isabella, os Coelhinhos da P\u00e1scoa&quot;. O padr\u00e3o f\u00e1cil de croch\u00ea tamb\u00e9m est\u00e1 dispon\u00edvel no Etsy, Haked, Ravelry e Payhip.\" \/>\n<meta property=\"og:url\" content=\"https:\/\/craftygenesindonesia.com\/pt-br\/shop\/padroes-de-croche-de-animais\/elias-e-isabella-o-pacote-dos-coelhinhos-da-pascoa\/\" \/>\n<meta property=\"og:site_name\" content=\"Craftygenesindonesia\" \/>\n<meta property=\"og:image\" content=\"https:\/\/craftygenesindonesia.com\/wp-content\/uploads\/2023\/02\/Elias-Isabella-1-300x300.jpg\" \/>\n<meta name=\"twitter:card\" content=\"summary_large_image\" \/>\n<meta name=\"twitter:title\" content=\"Elias &amp; Isabella Os coelhinhos da P\u00e1scoa - Pacote de padr\u00f5es de croch\u00ea\" \/>\n<meta name=\"twitter:description\" content=\"Compre aqui o meu \u201cElias e Isabella, o Pacote dos Coelhinhos da P\u00e1scoa\u201d. Com links para os padr\u00f5es no Etsy, Haked e Ravelry.\" \/>\n<meta name=\"twitter:image\" content=\"https:\/\/craftygenesindonesia.com\/wp-content\/uploads\/2023\/02\/Picsart_23-02-14_12-24-00-036-1024x1024.jpg\" \/>\n<meta name=\"twitter:label1\" content=\"Est. tempo de leitura\" \/>\n\t<meta name=\"twitter:data1\" content=\"1 minuto\" \/>\n<script type=\"application\/ld+json\" class=\"yoast-schema-graph\">{\"@context\":\"https:\\\/\\\/schema.org\",\"@graph\":[{\"@type\":\"WebPage\",\"@id\":\"https:\\\/\\\/craftygenesindonesia.com\\\/pt-br\\\/shop\\\/padroes-de-croche-de-animais\\\/elias-e-isabella-o-pacote-dos-coelhinhos-da-pascoa\\\/\",\"url\":\"https:\\\/\\\/craftygenesindonesia.com\\\/pt-br\\\/shop\\\/padroes-de-croche-de-animais\\\/elias-e-isabella-o-pacote-dos-coelhinhos-da-pascoa\\\/\",\"name\":\"Elias e Isabella, o Pacote dos Coelhinhos da P\u00e1scoa padr\u00e3o de croch\u00ea - Craftygenesindonesia\",\"isPartOf\":{\"@id\":\"https:\\\/\\\/craftygenesindonesia.com\\\/pt-br\\\/#website\"},\"primaryImageOfPage\":{\"@id\":\"https:\\\/\\\/craftygenesindonesia.com\\\/pt-br\\\/shop\\\/padroes-de-croche-de-animais\\\/elias-e-isabella-o-pacote-dos-coelhinhos-da-pascoa\\\/#primaryimage\"},\"image\":{\"@id\":\"https:\\\/\\\/craftygenesindonesia.com\\\/pt-br\\\/shop\\\/padroes-de-croche-de-animais\\\/elias-e-isabella-o-pacote-dos-coelhinhos-da-pascoa\\\/#primaryimage\"},\"thumbnailUrl\":\"https:\\\/\\\/craftygenesindonesia.com\\\/wp-content\\\/uploads\\\/2023\\\/02\\\/Elias-Isabella-1.jpg\",\"datePublished\":\"2023-02-14T22:12:14+00:00\",\"description\":\"Compre aqui o meu \\\"Pacote Elias & Isabella, os Coelhinhos da P\u00e1scoa\\\". O padr\u00e3o f\u00e1cil de croch\u00ea tamb\u00e9m est\u00e1 dispon\u00edvel no Etsy, Haked, Ravelry e Payhip.\",\"breadcrumb\":{\"@id\":\"https:\\\/\\\/craftygenesindonesia.com\\\/pt-br\\\/shop\\\/padroes-de-croche-de-animais\\\/elias-e-isabella-o-pacote-dos-coelhinhos-da-pascoa\\\/#breadcrumb\"},\"inLanguage\":\"pt-BR\",\"potentialAction\":[{\"@type\":\"ReadAction\",\"target\":[\"https:\\\/\\\/craftygenesindonesia.com\\\/pt-br\\\/shop\\\/padroes-de-croche-de-animais\\\/elias-e-isabella-o-pacote-dos-coelhinhos-da-pascoa\\\/\"]}]},{\"@type\":\"ImageObject\",\"inLanguage\":\"pt-BR\",\"@id\":\"https:\\\/\\\/craftygenesindonesia.com\\\/pt-br\\\/shop\\\/padroes-de-croche-de-animais\\\/elias-e-isabella-o-pacote-dos-coelhinhos-da-pascoa\\\/#primaryimage\",\"url\":\"https:\\\/\\\/craftygenesindonesia.com\\\/wp-content\\\/uploads\\\/2023\\\/02\\\/Elias-Isabella-1.jpg\",\"contentUrl\":\"https:\\\/\\\/craftygenesindonesia.com\\\/wp-content\\\/uploads\\\/2023\\\/02\\\/Elias-Isabella-1.jpg\",\"width\":1080,\"height\":1080,\"caption\":\"Coelhinhos da P\u00e1scoa vitorianos\"},{\"@type\":\"BreadcrumbList\",\"@id\":\"https:\\\/\\\/craftygenesindonesia.com\\\/pt-br\\\/shop\\\/padroes-de-croche-de-animais\\\/elias-e-isabella-o-pacote-dos-coelhinhos-da-pascoa\\\/#breadcrumb\",\"itemListElement\":[{\"@type\":\"ListItem\",\"position\":1,\"name\":\"Home\",\"item\":\"https:\\\/\\\/craftygenesindonesia.com\\\/pt-br\\\/\"},{\"@type\":\"ListItem\",\"position\":2,\"name\":\"Loja de moldes\",\"item\":\"https:\\\/\\\/craftygenesindonesia.com\\\/pt-br\\\/loja-de-moldes\\\/\"},{\"@type\":\"ListItem\",\"position\":3,\"name\":\"Elias e Isabella, o Pacote dos Coelhinhos da P\u00e1scoa\"}]},{\"@type\":\"WebSite\",\"@id\":\"https:\\\/\\\/craftygenesindonesia.com\\\/pt-br\\\/#website\",\"url\":\"https:\\\/\\\/craftygenesindonesia.com\\\/pt-br\\\/\",\"name\":\"Craftygenesindonesia\",\"description\":\"\",\"publisher\":{\"@id\":\"https:\\\/\\\/craftygenesindonesia.com\\\/pt-br\\\/#organization\"},\"potentialAction\":[{\"@type\":\"SearchAction\",\"target\":{\"@type\":\"EntryPoint\",\"urlTemplate\":\"https:\\\/\\\/craftygenesindonesia.com\\\/pt-br\\\/?s={search_term_string}\"},\"query-input\":{\"@type\":\"PropertyValueSpecification\",\"valueRequired\":true,\"valueName\":\"search_term_string\"}}],\"inLanguage\":\"pt-BR\"},{\"@type\":\"Organization\",\"@id\":\"https:\\\/\\\/craftygenesindonesia.com\\\/pt-br\\\/#organization\",\"name\":\"Craftygenesindonesia\",\"url\":\"https:\\\/\\\/craftygenesindonesia.com\\\/pt-br\\\/\",\"logo\":{\"@type\":\"ImageObject\",\"inLanguage\":\"pt-BR\",\"@id\":\"https:\\\/\\\/craftygenesindonesia.com\\\/pt-br\\\/#\\\/schema\\\/logo\\\/image\\\/\",\"url\":\"https:\\\/\\\/craftygenesindonesia.com\\\/wp-content\\\/uploads\\\/2025\\\/11\\\/cropped-Copy-of-Craftygenesindonesia.jpg\",\"contentUrl\":\"https:\\\/\\\/craftygenesindonesia.com\\\/wp-content\\\/uploads\\\/2025\\\/11\\\/cropped-Copy-of-Craftygenesindonesia.jpg\",\"width\":180,\"height\":60,\"caption\":\"Craftygenesindonesia\"},\"image\":{\"@id\":\"https:\\\/\\\/craftygenesindonesia.com\\\/pt-br\\\/#\\\/schema\\\/logo\\\/image\\\/\"}}]}<\/script>\n<!-- \/ Yoast SEO plugin. -->","yoast_head_json":{"title":"Elias e Isabella, o Pacote dos Coelhinhos da P\u00e1scoa padr\u00e3o de croch\u00ea - Craftygenesindonesia","description":"Compre aqui o meu \"Pacote Elias & Isabella, os Coelhinhos da P\u00e1scoa\". O padr\u00e3o f\u00e1cil de croch\u00ea tamb\u00e9m est\u00e1 dispon\u00edvel no Etsy, Haked, Ravelry e Payhip.","robots":{"index":"index","follow":"follow","max-snippet":"max-snippet:-1","max-image-preview":"max-image-preview:large","max-video-preview":"max-video-preview:-1"},"canonical":"https:\/\/craftygenesindonesia.com\/pt-br\/shop\/padroes-de-croche-de-animais\/elias-e-isabella-o-pacote-dos-coelhinhos-da-pascoa\/","og_locale":"pt_BR","og_type":"article","og_title":"Elias & Isabella Os coelhinhos da P\u00e1scoa - Pacote de padr\u00f5es de croch\u00ea","og_description":"Compre aqui o meu \"Pacote Elias & Isabella, os Coelhinhos da P\u00e1scoa\". O padr\u00e3o f\u00e1cil de croch\u00ea tamb\u00e9m est\u00e1 dispon\u00edvel no Etsy, Haked, Ravelry e Payhip.","og_url":"https:\/\/craftygenesindonesia.com\/pt-br\/shop\/padroes-de-croche-de-animais\/elias-e-isabella-o-pacote-dos-coelhinhos-da-pascoa\/","og_site_name":"Craftygenesindonesia","og_image":[{"url":"https:\/\/craftygenesindonesia.com\/wp-content\/uploads\/2023\/02\/Elias-Isabella-1-300x300.jpg","type":"","width":"","height":""}],"twitter_card":"summary_large_image","twitter_title":"Elias & Isabella Os coelhinhos da P\u00e1scoa - Pacote de padr\u00f5es de croch\u00ea","twitter_description":"Compre aqui o meu \u201cElias e Isabella, o Pacote dos Coelhinhos da P\u00e1scoa\u201d. Com links para os padr\u00f5es no Etsy, Haked e Ravelry.","twitter_image":"https:\/\/craftygenesindonesia.com\/wp-content\/uploads\/2023\/02\/Picsart_23-02-14_12-24-00-036-1024x1024.jpg","twitter_misc":{"Est. tempo de leitura":"1 minuto"},"schema":{"@context":"https:\/\/schema.org","@graph":[{"@type":"WebPage","@id":"https:\/\/craftygenesindonesia.com\/pt-br\/shop\/padroes-de-croche-de-animais\/elias-e-isabella-o-pacote-dos-coelhinhos-da-pascoa\/","url":"https:\/\/craftygenesindonesia.com\/pt-br\/shop\/padroes-de-croche-de-animais\/elias-e-isabella-o-pacote-dos-coelhinhos-da-pascoa\/","name":"Elias e Isabella, o Pacote dos Coelhinhos da P\u00e1scoa padr\u00e3o de croch\u00ea - Craftygenesindonesia","isPartOf":{"@id":"https:\/\/craftygenesindonesia.com\/pt-br\/#website"},"primaryImageOfPage":{"@id":"https:\/\/craftygenesindonesia.com\/pt-br\/shop\/padroes-de-croche-de-animais\/elias-e-isabella-o-pacote-dos-coelhinhos-da-pascoa\/#primaryimage"},"image":{"@id":"https:\/\/craftygenesindonesia.com\/pt-br\/shop\/padroes-de-croche-de-animais\/elias-e-isabella-o-pacote-dos-coelhinhos-da-pascoa\/#primaryimage"},"thumbnailUrl":"https:\/\/craftygenesindonesia.com\/wp-content\/uploads\/2023\/02\/Elias-Isabella-1.jpg","datePublished":"2023-02-14T22:12:14+00:00","description":"Compre aqui o meu \"Pacote Elias & Isabella, os Coelhinhos da P\u00e1scoa\". O padr\u00e3o f\u00e1cil de croch\u00ea tamb\u00e9m est\u00e1 dispon\u00edvel no Etsy, Haked, Ravelry e Payhip.","breadcrumb":{"@id":"https:\/\/craftygenesindonesia.com\/pt-br\/shop\/padroes-de-croche-de-animais\/elias-e-isabella-o-pacote-dos-coelhinhos-da-pascoa\/#breadcrumb"},"inLanguage":"pt-BR","potentialAction":[{"@type":"ReadAction","target":["https:\/\/craftygenesindonesia.com\/pt-br\/shop\/padroes-de-croche-de-animais\/elias-e-isabella-o-pacote-dos-coelhinhos-da-pascoa\/"]}]},{"@type":"ImageObject","inLanguage":"pt-BR","@id":"https:\/\/craftygenesindonesia.com\/pt-br\/shop\/padroes-de-croche-de-animais\/elias-e-isabella-o-pacote-dos-coelhinhos-da-pascoa\/#primaryimage","url":"https:\/\/craftygenesindonesia.com\/wp-content\/uploads\/2023\/02\/Elias-Isabella-1.jpg","contentUrl":"https:\/\/craftygenesindonesia.com\/wp-content\/uploads\/2023\/02\/Elias-Isabella-1.jpg","width":1080,"height":1080,"caption":"Coelhinhos da P\u00e1scoa vitorianos"},{"@type":"BreadcrumbList","@id":"https:\/\/craftygenesindonesia.com\/pt-br\/shop\/padroes-de-croche-de-animais\/elias-e-isabella-o-pacote-dos-coelhinhos-da-pascoa\/#breadcrumb","itemListElement":[{"@type":"ListItem","position":1,"name":"Home","item":"https:\/\/craftygenesindonesia.com\/pt-br\/"},{"@type":"ListItem","position":2,"name":"Loja de moldes","item":"https:\/\/craftygenesindonesia.com\/pt-br\/loja-de-moldes\/"},{"@type":"ListItem","position":3,"name":"Elias e Isabella, o Pacote dos Coelhinhos da P\u00e1scoa"}]},{"@type":"WebSite","@id":"https:\/\/craftygenesindonesia.com\/pt-br\/#website","url":"https:\/\/craftygenesindonesia.com\/pt-br\/","name":"Craftygenesindonesia","description":"","publisher":{"@id":"https:\/\/craftygenesindonesia.com\/pt-br\/#organization"},"potentialAction":[{"@type":"SearchAction","target":{"@type":"EntryPoint","urlTemplate":"https:\/\/craftygenesindonesia.com\/pt-br\/?s={search_term_string}"},"query-input":{"@type":"PropertyValueSpecification","valueRequired":true,"valueName":"search_term_string"}}],"inLanguage":"pt-BR"},{"@type":"Organization","@id":"https:\/\/craftygenesindonesia.com\/pt-br\/#organization","name":"Craftygenesindonesia","url":"https:\/\/craftygenesindonesia.com\/pt-br\/","logo":{"@type":"ImageObject","inLanguage":"pt-BR","@id":"https:\/\/craftygenesindonesia.com\/pt-br\/#\/schema\/logo\/image\/","url":"https:\/\/craftygenesindonesia.com\/wp-content\/uploads\/2025\/11\/cropped-Copy-of-Craftygenesindonesia.jpg","contentUrl":"https:\/\/craftygenesindonesia.com\/wp-content\/uploads\/2025\/11\/cropped-Copy-of-Craftygenesindonesia.jpg","width":180,"height":60,"caption":"Craftygenesindonesia"},"image":{"@id":"https:\/\/craftygenesindonesia.com\/pt-br\/#\/schema\/logo\/image\/"}}]}},"_links":{"self":[{"href":"https:\/\/craftygenesindonesia.com\/pt-br\/wp-json\/wp\/v2\/product\/987537520","targetHints":{"allow":["GET"]}}],"collection":[{"href":"https:\/\/craftygenesindonesia.com\/pt-br\/wp-json\/wp\/v2\/product"}],"about":[{"href":"https:\/\/craftygenesindonesia.com\/pt-br\/wp-json\/wp\/v2\/types\/product"}],"replies":[{"embeddable":true,"href":"https:\/\/craftygenesindonesia.com\/pt-br\/wp-json\/wp\/v2\/comments?post=987537520"}],"wp:featuredmedia":[{"embeddable":true,"href":"https:\/\/craftygenesindonesia.com\/pt-br\/wp-json\/wp\/v2\/media\/987537522"}],"wp:attachment":[{"href":"https:\/\/craftygenesindonesia.com\/pt-br\/wp-json\/wp\/v2\/media?parent=987537520"}],"wp:term":[{"taxonomy":"product_brand","embeddable":true,"href":"https:\/\/craftygenesindonesia.com\/pt-br\/wp-json\/wp\/v2\/product_brand?post=987537520"},{"taxonomy":"product_cat","embeddable":true,"href":"https:\/\/craftygenesindonesia.com\/pt-br\/wp-json\/wp\/v2\/product_cat?post=987537520"},{"taxonomy":"product_tag","embeddable":true,"href":"https:\/\/craftygenesindonesia.com\/pt-br\/wp-json\/wp\/v2\/product_tag?post=987537520"}],"curies":[{"name":"wp","href":"https:\/\/api.w.org\/{rel}","templated":true}]}}