{"id":987537502,"date":"2023-01-30T08:41:39","date_gmt":"2023-01-30T00:41:39","guid":{"rendered":"https:\/\/craftygenesindonesia.com\/shop\/sem categoria\/para-os-caidos-pacote-completo-de-padroes-de-croche\/"},"modified":"2023-01-30T08:41:39","modified_gmt":"2023-01-30T00:41:39","slug":"para-os-caidos-pacote-completo-de-padroes-de-croche","status":"publish","type":"product","link":"https:\/\/craftygenesindonesia.com\/pt-br\/shop\/padroes-de-croche-senhoras-e-senhores\/para-os-caidos-pacote-completo-de-padroes-de-croche\/","title":{"rendered":"Para os Ca\u00eddos &#8211; Pacote completo de padr\u00f5es de croch\u00ea"},"content":{"rendered":"<p>Neste pacote, voc\u00ea recebe todos os padr\u00f5es que v\u00ea na minha foto = os soldados, as plataformas, a cruz, as asas, as papoulas, os casti\u00e7ais.<\/p>\n<p>Todos s\u00e3o feitos com fios de espessura \u201cFINGERING\u201d, adequados para amigurumi, e uma agulha de croch\u00ea de 2 mm.<\/p>\n<p>Voc\u00ea precisar\u00e1 das seguintes cores: cor de pele, branco, preto, cinza, cinza escuro, vermelho, bege, marrom uniforme, marrom, verde (Brodie) capacete, azul, azul marinho, azul acinzentado, azul claro.<\/p>\n<p>Agulha de croch\u00ea: tamanho 2 mm.<\/p>\n<p>Este conjunto de padr\u00f5es inclui padr\u00f5es escritos e muitas imagens para ajud\u00e1-lo.<br \/>\nCaso tenha dificuldades em compreender os padr\u00f5es, sinta-se \u00e0 vontade para me enviar uma mensagem para: craftygenesindonesia@gmail.com<\/p>\n<p>Este conjunto de padr\u00f5es \u00e9 apenas para uso pessoal e est\u00e1 protegido por direitos autorais. O conjunto de padr\u00f5es \u00e9, portanto, apenas para uso pessoal e N\u00c3O pode ser copiado, vendido, revendido, traduzido, reivindicado como seu design, distribu\u00eddo, compartilhado, publicado, postado online&#8230; de qualquer forma sem o meu consentimento. Nem mesmo parte dele!  <\/p>\n<p>Voc\u00ea pode vender os itens acabados, mas n\u00e3o os padr\u00f5es em si!<\/p>\n","protected":false},"excerpt":{"rendered":"<p>Este \u00e9 o pacote perfeito para os f\u00e3s dos meus padr\u00f5es de croch\u00ea For The Fallen da Craftygenesindonesia!!! Neste pacote, voc\u00ea recebe todos os meus padr\u00f5es de croch\u00ea For The Fallen =<\/p>\n<ul>\n<li>Pelas For\u00e7as Armadas Ca\u00eddas<\/li>\n<li>Para o Guardi\u00e3o Ca\u00eddo<\/li>\n<li>Cruz Guardi\u00e3<\/li>\n<\/ul>\n<p>&nbsp;<\/p>\n","protected":false},"featured_media":987537503,"comment_status":"open","ping_status":"closed","template":"","meta":{"_acf_changed":false},"product_brand":[],"product_cat":[12996,13019,13007,13018],"product_tag":[13213,13343,13123,13034,13122,13032,13325,13342,13451,13085,13124,13086,13125,13450,13051],"class_list":{"0":"post-987537502","1":"product","2":"type-product","3":"status-publish","4":"has-post-thumbnail","6":"product_cat-padroes-de-croche-senhoras-e-senhores","7":"product_cat-militar","8":"product_cat-pacotes","9":"product_cat-padroes-de-croche-memoria","10":"product_tag-cruz-2","11":"product_tag-dia-da-memoria-2","12":"product_tag-dia-da-memoria","13":"product_tag-dia-do-armisticio","14":"product_tag-exercito","15":"product_tag-forca-aerea","16":"product_tag-marinha","17":"product_tag-marinha-2","18":"product_tag-marinheiro","19":"product_tag-memorial","20":"product_tag-militar","21":"product_tag-monumento-aos-mortos-na-guerra","22":"product_tag-papoula","23":"product_tag-piloto","24":"product_tag-soldado","25":"pa_available_on-craftygenesindonesia","26":"pa_available_on-etsy","27":"pa_available_on-haked-nl","28":"pa_available_on-payhip","29":"pa_available_on-ravelry","30":"pa_languages-espanhol","31":"pa_languages-frances","32":"pa_languages-holandes","33":"pa_languages-ingles-dos-eua","35":"first","36":"instock","37":"downloadable","38":"virtual","39":"purchasable","40":"product-type-simple"},"acf":[],"yoast_head":"<!-- This site is optimized with the Yoast SEO plugin v27.3 - https:\/\/yoast.com\/product\/yoast-seo-wordpress\/ -->\n<title>Para os Ca\u00eddos - Conjunto completo de padr\u00f5es de croch\u00ea - Craftygenesindonesia<\/title>\n<meta name=\"description\" content=\"Compre aqui o meu conjunto de padr\u00f5es de croch\u00ea \u201cFor The Fallen\u201d com todos os soldados. O conjunto de padr\u00f5es tamb\u00e9m est\u00e1 dispon\u00edvel no Etsy, Haked e Ravelry.\" \/>\n<meta name=\"robots\" content=\"index, follow, max-snippet:-1, max-image-preview:large, max-video-preview:-1\" \/>\n<link rel=\"canonical\" href=\"https:\/\/craftygenesindonesia.com\/pt-br\/shop\/padroes-de-croche-senhoras-e-senhores\/para-os-caidos-pacote-completo-de-padroes-de-croche\/\" \/>\n<meta property=\"og:locale\" content=\"pt_BR\" \/>\n<meta property=\"og:type\" content=\"article\" \/>\n<meta property=\"og:title\" content=\"Para os Ca\u00eddos - Pacote completo de padr\u00f5es de croch\u00ea\" \/>\n<meta property=\"og:description\" content=\"Compre aqui o meu conjunto de padr\u00f5es de croch\u00ea \u201cFor The Fallen\u201d com todos os soldados. O conjunto de padr\u00f5es tamb\u00e9m est\u00e1 dispon\u00edvel no Etsy, Haked e Ravelry.\" \/>\n<meta property=\"og:url\" content=\"https:\/\/craftygenesindonesia.com\/pt-br\/shop\/padroes-de-croche-senhoras-e-senhores\/para-os-caidos-pacote-completo-de-padroes-de-croche\/\" \/>\n<meta property=\"og:site_name\" content=\"Craftygenesindonesia\" \/>\n<meta property=\"og:image\" content=\"https:\/\/craftygenesindonesia.com\/wp-content\/uploads\/2023\/01\/For-The-Fallen-All-in-1-2-300x300.jpg\" \/>\n<meta name=\"twitter:card\" content=\"summary_large_image\" \/>\n<meta name=\"twitter:title\" content=\"Para os Ca\u00eddos - Pacote completo de padr\u00f5es de croch\u00ea\" \/>\n<meta name=\"twitter:description\" content=\"Compre aqui o meu conjunto de padr\u00f5es de croch\u00ea \u201cFor The Fallen\u201d com todos os soldados. O conjunto de padr\u00f5es tamb\u00e9m est\u00e1 dispon\u00edvel no Etsy, Haked e Ravelry.\" \/>\n<meta name=\"twitter:image\" content=\"https:\/\/craftygenesindonesia.com\/wp-content\/uploads\/2023\/01\/For-The-Fallen.png\" \/>\n<meta name=\"twitter:label1\" content=\"Est. tempo de leitura\" \/>\n\t<meta name=\"twitter:data1\" content=\"1 minuto\" \/>\n<script type=\"application\/ld+json\" class=\"yoast-schema-graph\">{\"@context\":\"https:\\\/\\\/schema.org\",\"@graph\":[{\"@type\":\"WebPage\",\"@id\":\"https:\\\/\\\/craftygenesindonesia.com\\\/pt-br\\\/shop\\\/padroes-de-croche-senhoras-e-senhores\\\/para-os-caidos-pacote-completo-de-padroes-de-croche\\\/\",\"url\":\"https:\\\/\\\/craftygenesindonesia.com\\\/pt-br\\\/shop\\\/padroes-de-croche-senhoras-e-senhores\\\/para-os-caidos-pacote-completo-de-padroes-de-croche\\\/\",\"name\":\"Para os Ca\u00eddos - Conjunto completo de padr\u00f5es de croch\u00ea - Craftygenesindonesia\",\"isPartOf\":{\"@id\":\"https:\\\/\\\/craftygenesindonesia.com\\\/pt-br\\\/#website\"},\"primaryImageOfPage\":{\"@id\":\"https:\\\/\\\/craftygenesindonesia.com\\\/pt-br\\\/shop\\\/padroes-de-croche-senhoras-e-senhores\\\/para-os-caidos-pacote-completo-de-padroes-de-croche\\\/#primaryimage\"},\"image\":{\"@id\":\"https:\\\/\\\/craftygenesindonesia.com\\\/pt-br\\\/shop\\\/padroes-de-croche-senhoras-e-senhores\\\/para-os-caidos-pacote-completo-de-padroes-de-croche\\\/#primaryimage\"},\"thumbnailUrl\":\"https:\\\/\\\/craftygenesindonesia.com\\\/wp-content\\\/uploads\\\/2023\\\/01\\\/For-The-Fallen-All-in-1-2.jpg\",\"datePublished\":\"2023-01-30T00:41:39+00:00\",\"description\":\"Compre aqui o meu conjunto de padr\u00f5es de croch\u00ea \u201cFor The Fallen\u201d com todos os soldados. O conjunto de padr\u00f5es tamb\u00e9m est\u00e1 dispon\u00edvel no Etsy, Haked e Ravelry.\",\"breadcrumb\":{\"@id\":\"https:\\\/\\\/craftygenesindonesia.com\\\/pt-br\\\/shop\\\/padroes-de-croche-senhoras-e-senhores\\\/para-os-caidos-pacote-completo-de-padroes-de-croche\\\/#breadcrumb\"},\"inLanguage\":\"pt-BR\",\"potentialAction\":[{\"@type\":\"ReadAction\",\"target\":[\"https:\\\/\\\/craftygenesindonesia.com\\\/pt-br\\\/shop\\\/padroes-de-croche-senhoras-e-senhores\\\/para-os-caidos-pacote-completo-de-padroes-de-croche\\\/\"]}]},{\"@type\":\"ImageObject\",\"inLanguage\":\"pt-BR\",\"@id\":\"https:\\\/\\\/craftygenesindonesia.com\\\/pt-br\\\/shop\\\/padroes-de-croche-senhoras-e-senhores\\\/para-os-caidos-pacote-completo-de-padroes-de-croche\\\/#primaryimage\",\"url\":\"https:\\\/\\\/craftygenesindonesia.com\\\/wp-content\\\/uploads\\\/2023\\\/01\\\/For-The-Fallen-All-in-1-2.jpg\",\"contentUrl\":\"https:\\\/\\\/craftygenesindonesia.com\\\/wp-content\\\/uploads\\\/2023\\\/01\\\/For-The-Fallen-All-in-1-2.jpg\",\"width\":1080,\"height\":1080,\"caption\":\"soldado, piloto e marinheiro em croch\u00ea com papoula e vela LED\"},{\"@type\":\"BreadcrumbList\",\"@id\":\"https:\\\/\\\/craftygenesindonesia.com\\\/pt-br\\\/shop\\\/padroes-de-croche-senhoras-e-senhores\\\/para-os-caidos-pacote-completo-de-padroes-de-croche\\\/#breadcrumb\",\"itemListElement\":[{\"@type\":\"ListItem\",\"position\":1,\"name\":\"Home\",\"item\":\"https:\\\/\\\/craftygenesindonesia.com\\\/pt-br\\\/\"},{\"@type\":\"ListItem\",\"position\":2,\"name\":\"Loja de moldes\",\"item\":\"https:\\\/\\\/craftygenesindonesia.com\\\/pt-br\\\/loja-de-moldes\\\/\"},{\"@type\":\"ListItem\",\"position\":3,\"name\":\"Para os Ca\u00eddos &#8211; Pacote completo de padr\u00f5es de croch\u00ea\"}]},{\"@type\":\"WebSite\",\"@id\":\"https:\\\/\\\/craftygenesindonesia.com\\\/pt-br\\\/#website\",\"url\":\"https:\\\/\\\/craftygenesindonesia.com\\\/pt-br\\\/\",\"name\":\"Craftygenesindonesia\",\"description\":\"\",\"publisher\":{\"@id\":\"https:\\\/\\\/craftygenesindonesia.com\\\/pt-br\\\/#organization\"},\"potentialAction\":[{\"@type\":\"SearchAction\",\"target\":{\"@type\":\"EntryPoint\",\"urlTemplate\":\"https:\\\/\\\/craftygenesindonesia.com\\\/pt-br\\\/?s={search_term_string}\"},\"query-input\":{\"@type\":\"PropertyValueSpecification\",\"valueRequired\":true,\"valueName\":\"search_term_string\"}}],\"inLanguage\":\"pt-BR\"},{\"@type\":\"Organization\",\"@id\":\"https:\\\/\\\/craftygenesindonesia.com\\\/pt-br\\\/#organization\",\"name\":\"Craftygenesindonesia\",\"url\":\"https:\\\/\\\/craftygenesindonesia.com\\\/pt-br\\\/\",\"logo\":{\"@type\":\"ImageObject\",\"inLanguage\":\"pt-BR\",\"@id\":\"https:\\\/\\\/craftygenesindonesia.com\\\/pt-br\\\/#\\\/schema\\\/logo\\\/image\\\/\",\"url\":\"https:\\\/\\\/craftygenesindonesia.com\\\/wp-content\\\/uploads\\\/2025\\\/11\\\/cropped-Copy-of-Craftygenesindonesia.jpg\",\"contentUrl\":\"https:\\\/\\\/craftygenesindonesia.com\\\/wp-content\\\/uploads\\\/2025\\\/11\\\/cropped-Copy-of-Craftygenesindonesia.jpg\",\"width\":180,\"height\":60,\"caption\":\"Craftygenesindonesia\"},\"image\":{\"@id\":\"https:\\\/\\\/craftygenesindonesia.com\\\/pt-br\\\/#\\\/schema\\\/logo\\\/image\\\/\"}}]}<\/script>\n<!-- \/ Yoast SEO plugin. -->","yoast_head_json":{"title":"Para os Ca\u00eddos - Conjunto completo de padr\u00f5es de croch\u00ea - Craftygenesindonesia","description":"Compre aqui o meu conjunto de padr\u00f5es de croch\u00ea \u201cFor The Fallen\u201d com todos os soldados. O conjunto de padr\u00f5es tamb\u00e9m est\u00e1 dispon\u00edvel no Etsy, Haked e Ravelry.","robots":{"index":"index","follow":"follow","max-snippet":"max-snippet:-1","max-image-preview":"max-image-preview:large","max-video-preview":"max-video-preview:-1"},"canonical":"https:\/\/craftygenesindonesia.com\/pt-br\/shop\/padroes-de-croche-senhoras-e-senhores\/para-os-caidos-pacote-completo-de-padroes-de-croche\/","og_locale":"pt_BR","og_type":"article","og_title":"Para os Ca\u00eddos - Pacote completo de padr\u00f5es de croch\u00ea","og_description":"Compre aqui o meu conjunto de padr\u00f5es de croch\u00ea \u201cFor The Fallen\u201d com todos os soldados. O conjunto de padr\u00f5es tamb\u00e9m est\u00e1 dispon\u00edvel no Etsy, Haked e Ravelry.","og_url":"https:\/\/craftygenesindonesia.com\/pt-br\/shop\/padroes-de-croche-senhoras-e-senhores\/para-os-caidos-pacote-completo-de-padroes-de-croche\/","og_site_name":"Craftygenesindonesia","og_image":[{"url":"https:\/\/craftygenesindonesia.com\/wp-content\/uploads\/2023\/01\/For-The-Fallen-All-in-1-2-300x300.jpg","type":"","width":"","height":""}],"twitter_card":"summary_large_image","twitter_title":"Para os Ca\u00eddos - Pacote completo de padr\u00f5es de croch\u00ea","twitter_description":"Compre aqui o meu conjunto de padr\u00f5es de croch\u00ea \u201cFor The Fallen\u201d com todos os soldados. O conjunto de padr\u00f5es tamb\u00e9m est\u00e1 dispon\u00edvel no Etsy, Haked e Ravelry.","twitter_image":"https:\/\/craftygenesindonesia.com\/wp-content\/uploads\/2023\/01\/For-The-Fallen.png","twitter_misc":{"Est. tempo de leitura":"1 minuto"},"schema":{"@context":"https:\/\/schema.org","@graph":[{"@type":"WebPage","@id":"https:\/\/craftygenesindonesia.com\/pt-br\/shop\/padroes-de-croche-senhoras-e-senhores\/para-os-caidos-pacote-completo-de-padroes-de-croche\/","url":"https:\/\/craftygenesindonesia.com\/pt-br\/shop\/padroes-de-croche-senhoras-e-senhores\/para-os-caidos-pacote-completo-de-padroes-de-croche\/","name":"Para os Ca\u00eddos - Conjunto completo de padr\u00f5es de croch\u00ea - Craftygenesindonesia","isPartOf":{"@id":"https:\/\/craftygenesindonesia.com\/pt-br\/#website"},"primaryImageOfPage":{"@id":"https:\/\/craftygenesindonesia.com\/pt-br\/shop\/padroes-de-croche-senhoras-e-senhores\/para-os-caidos-pacote-completo-de-padroes-de-croche\/#primaryimage"},"image":{"@id":"https:\/\/craftygenesindonesia.com\/pt-br\/shop\/padroes-de-croche-senhoras-e-senhores\/para-os-caidos-pacote-completo-de-padroes-de-croche\/#primaryimage"},"thumbnailUrl":"https:\/\/craftygenesindonesia.com\/wp-content\/uploads\/2023\/01\/For-The-Fallen-All-in-1-2.jpg","datePublished":"2023-01-30T00:41:39+00:00","description":"Compre aqui o meu conjunto de padr\u00f5es de croch\u00ea \u201cFor The Fallen\u201d com todos os soldados. O conjunto de padr\u00f5es tamb\u00e9m est\u00e1 dispon\u00edvel no Etsy, Haked e Ravelry.","breadcrumb":{"@id":"https:\/\/craftygenesindonesia.com\/pt-br\/shop\/padroes-de-croche-senhoras-e-senhores\/para-os-caidos-pacote-completo-de-padroes-de-croche\/#breadcrumb"},"inLanguage":"pt-BR","potentialAction":[{"@type":"ReadAction","target":["https:\/\/craftygenesindonesia.com\/pt-br\/shop\/padroes-de-croche-senhoras-e-senhores\/para-os-caidos-pacote-completo-de-padroes-de-croche\/"]}]},{"@type":"ImageObject","inLanguage":"pt-BR","@id":"https:\/\/craftygenesindonesia.com\/pt-br\/shop\/padroes-de-croche-senhoras-e-senhores\/para-os-caidos-pacote-completo-de-padroes-de-croche\/#primaryimage","url":"https:\/\/craftygenesindonesia.com\/wp-content\/uploads\/2023\/01\/For-The-Fallen-All-in-1-2.jpg","contentUrl":"https:\/\/craftygenesindonesia.com\/wp-content\/uploads\/2023\/01\/For-The-Fallen-All-in-1-2.jpg","width":1080,"height":1080,"caption":"soldado, piloto e marinheiro em croch\u00ea com papoula e vela LED"},{"@type":"BreadcrumbList","@id":"https:\/\/craftygenesindonesia.com\/pt-br\/shop\/padroes-de-croche-senhoras-e-senhores\/para-os-caidos-pacote-completo-de-padroes-de-croche\/#breadcrumb","itemListElement":[{"@type":"ListItem","position":1,"name":"Home","item":"https:\/\/craftygenesindonesia.com\/pt-br\/"},{"@type":"ListItem","position":2,"name":"Loja de moldes","item":"https:\/\/craftygenesindonesia.com\/pt-br\/loja-de-moldes\/"},{"@type":"ListItem","position":3,"name":"Para os Ca\u00eddos &#8211; Pacote completo de padr\u00f5es de croch\u00ea"}]},{"@type":"WebSite","@id":"https:\/\/craftygenesindonesia.com\/pt-br\/#website","url":"https:\/\/craftygenesindonesia.com\/pt-br\/","name":"Craftygenesindonesia","description":"","publisher":{"@id":"https:\/\/craftygenesindonesia.com\/pt-br\/#organization"},"potentialAction":[{"@type":"SearchAction","target":{"@type":"EntryPoint","urlTemplate":"https:\/\/craftygenesindonesia.com\/pt-br\/?s={search_term_string}"},"query-input":{"@type":"PropertyValueSpecification","valueRequired":true,"valueName":"search_term_string"}}],"inLanguage":"pt-BR"},{"@type":"Organization","@id":"https:\/\/craftygenesindonesia.com\/pt-br\/#organization","name":"Craftygenesindonesia","url":"https:\/\/craftygenesindonesia.com\/pt-br\/","logo":{"@type":"ImageObject","inLanguage":"pt-BR","@id":"https:\/\/craftygenesindonesia.com\/pt-br\/#\/schema\/logo\/image\/","url":"https:\/\/craftygenesindonesia.com\/wp-content\/uploads\/2025\/11\/cropped-Copy-of-Craftygenesindonesia.jpg","contentUrl":"https:\/\/craftygenesindonesia.com\/wp-content\/uploads\/2025\/11\/cropped-Copy-of-Craftygenesindonesia.jpg","width":180,"height":60,"caption":"Craftygenesindonesia"},"image":{"@id":"https:\/\/craftygenesindonesia.com\/pt-br\/#\/schema\/logo\/image\/"}}]}},"_links":{"self":[{"href":"https:\/\/craftygenesindonesia.com\/pt-br\/wp-json\/wp\/v2\/product\/987537502","targetHints":{"allow":["GET"]}}],"collection":[{"href":"https:\/\/craftygenesindonesia.com\/pt-br\/wp-json\/wp\/v2\/product"}],"about":[{"href":"https:\/\/craftygenesindonesia.com\/pt-br\/wp-json\/wp\/v2\/types\/product"}],"replies":[{"embeddable":true,"href":"https:\/\/craftygenesindonesia.com\/pt-br\/wp-json\/wp\/v2\/comments?post=987537502"}],"wp:featuredmedia":[{"embeddable":true,"href":"https:\/\/craftygenesindonesia.com\/pt-br\/wp-json\/wp\/v2\/media\/987537503"}],"wp:attachment":[{"href":"https:\/\/craftygenesindonesia.com\/pt-br\/wp-json\/wp\/v2\/media?parent=987537502"}],"wp:term":[{"taxonomy":"product_brand","embeddable":true,"href":"https:\/\/craftygenesindonesia.com\/pt-br\/wp-json\/wp\/v2\/product_brand?post=987537502"},{"taxonomy":"product_cat","embeddable":true,"href":"https:\/\/craftygenesindonesia.com\/pt-br\/wp-json\/wp\/v2\/product_cat?post=987537502"},{"taxonomy":"product_tag","embeddable":true,"href":"https:\/\/craftygenesindonesia.com\/pt-br\/wp-json\/wp\/v2\/product_tag?post=987537502"}],"curies":[{"name":"wp","href":"https:\/\/api.w.org\/{rel}","templated":true}]}}