{"id":987537498,"date":"2023-01-27T06:02:41","date_gmt":"2023-01-26T22:02:41","guid":{"rendered":"https:\/\/craftygenesindonesia.com\/shop\/sem categoria\/elias-o-coelhinho-da-pascoa\/"},"modified":"2023-01-27T06:02:41","modified_gmt":"2023-01-26T22:02:41","slug":"elias-o-coelhinho-da-pascoa","status":"publish","type":"product","link":"https:\/\/craftygenesindonesia.com\/pt-br\/shop\/kids-dolls-crochet-patterns\/elias-o-coelhinho-da-pascoa\/","title":{"rendered":"Elias, o Coelhinho da P\u00e1scoa"},"content":{"rendered":"<p>O coelho tem 45 cm ou 17,7 polegadas de altura. Isso inclui o chap\u00e9u e as orelhas. Ele \u00e9 feito com fio leve (3) adequado para amigurumi e uma agulha de croch\u00ea de 2 mm.  <\/p>\n<p>Voc\u00ea precisar\u00e1 das seguintes cores:<\/p>\n<ul>\n<li>Preto: 15-25 m = <strong>metro<\/strong>\/20-30 jardas = <strong>jarda<\/strong> <\/li>\n<li>Branco sujo: 65-75 m\/70-80 jardas<\/li>\n<li><u>Cinza:<\/u> 45-55m\/ 50-60yd<\/li>\n<li><u>Rosa:<\/u> 15-25m\/ 20-30yd<\/li>\n<li><u>Creme:<\/u> 10-20m\/10-20yd<\/li>\n<li><u>Castanho claro:<\/u> 75-85m\/80-90yd<\/li>\n<li><u>Verde:<\/u> 130-140m\/145-155yd<\/li>\n<li>Roxo claro: 15-25m\/ 20-30yd<\/li>\n<li><u>Azul:<\/u> parte restante<\/li>\n<\/ul>\n<p>Voc\u00ea tamb\u00e9m precisar\u00e1 de: enchimento \u2013 marcadores de pontos \u2013 agulha de tape\u00e7aria \u2013 tesoura \u2013 l\u00e1pis \u2013 cola \u2013 pistola de cola \u2013 cotonetes \u2013 papel\u00e3o \u2013 olhos de seguran\u00e7a \u2013 pauzinhos de madeira<\/p>\n<p>&nbsp;<\/p>\n<p>Agulha de croch\u00ea: tamanho 2 mm<\/p>\n<p>&nbsp;<\/p>\n<p>Este padr\u00e3o de croch\u00ea inclui muitas fotos para ajud\u00e1-lo. Se ainda tiver d\u00favidas, sinta-se \u00e0 vontade para entrar em contato comigo pelo e-mail: <a href=\"mailto:craftygenesindonesia@gmail.com\">craftygenesindonesia@gmail.com<\/a> <\/p>\n<p>&nbsp;<\/p>\n<p>Este padr\u00e3o est\u00e1 protegido por direitos autorais. Portanto, o padr\u00e3o \u00e9 apenas para uso pessoal e N\u00c3O pode ser copiado, vendido, revendido, traduzido, reivindicado como seu design, distribu\u00eddo, compartilhado, publicado, postado online&#8230; de qualquer forma sem o meu consentimento.  Nem mesmo parte disso!!!<\/p>\n","protected":false},"excerpt":{"rendered":"<p>O padr\u00e3o de croch\u00ea para este coelhinho da P\u00e1scoa do s\u00e9culo XIX \u00e9 muito f\u00e1cil de seguir e indispens\u00e1vel para os f\u00e3s de coelhinhos da P\u00e1scoa que adoram fazer croch\u00ea.<br \/>\nClique <strong><a href=\"https:\/\/craftygenesindonesia.com\/product\/the-irma-bunny\/\" target=\"_blank\" rel=\"noopener\">aqui<\/a><\/strong> se estiver procurando um coelhinho da P\u00e1scoa feminino.<\/p>\n","protected":false},"featured_media":987537501,"comment_status":"open","ping_status":"closed","template":"","meta":{"_acf_changed":false},"product_brand":[],"product_cat":[91,296,298],"product_tag":[4603,3966,2459,5128,2461,5125,2463],"class_list":{"0":"post-987537498","1":"product","2":"type-product","3":"status-publish","4":"has-post-thumbnail","6":"product_cat-kids-dolls-crochet-patterns","7":"product_cat-animal-crochet-patterns","8":"product_cat-easter-crochet-patterns","9":"product_tag-walking-stick","10":"product_tag-gentleman","11":"product_tag-bunny","12":"product_tag-easter-bunny","13":"product_tag-georgian","14":"product_tag-easter","15":"product_tag-victorian","16":"pa_available_on-craftygenesindonesia","17":"pa_available_on-etsy","18":"pa_available_on-haked-nl","19":"pa_available_on-payhip","20":"pa_available_on-ravelry","21":"pa_languages-german","22":"pa_languages-spanish","23":"pa_languages-french","24":"pa_languages-dutch","25":"pa_languages-us-english","27":"first","28":"instock","29":"downloadable","30":"virtual","31":"purchasable","32":"product-type-simple"},"acf":[],"yoast_head":"<!-- This site is optimized with the Yoast SEO plugin v27.4 - https:\/\/yoast.com\/product\/yoast-seo-wordpress\/ -->\n<title>Elias, o Coelhinho da P\u00e1scoa padr\u00e3o de croch\u00ea - Craftygenesindonesia<\/title>\n<meta name=\"description\" content=\"Compre aqui o meu padr\u00e3o de croch\u00ea \u201cElias, o Coelhinho da P\u00e1scoa\u201d. O padr\u00e3o de croch\u00ea f\u00e1cil tamb\u00e9m est\u00e1 dispon\u00edvel no Etsy, Haked, Ravelry e Payhip.\" \/>\n<meta name=\"robots\" content=\"index, follow, max-snippet:-1, max-image-preview:large, max-video-preview:-1\" \/>\n<link rel=\"canonical\" href=\"https:\/\/craftygenesindonesia.com\/pt-br\/shop\/kids-dolls-crochet-patterns\/elias-o-coelhinho-da-pascoa\/\" \/>\n<meta property=\"og:locale\" content=\"pt_BR\" \/>\n<meta property=\"og:type\" content=\"article\" \/>\n<meta property=\"og:title\" content=\"Elias, o Coelhinho da P\u00e1scoa - padr\u00e3o de croch\u00ea\" \/>\n<meta property=\"og:description\" content=\"Compre aqui o meu padr\u00e3o de croch\u00ea \u201cElias, o Coelhinho da P\u00e1scoa\u201d. O padr\u00e3o de croch\u00ea f\u00e1cil tamb\u00e9m est\u00e1 dispon\u00edvel no Etsy, Haked, Ravelry e Payhip.\" \/>\n<meta property=\"og:url\" content=\"https:\/\/craftygenesindonesia.com\/pt-br\/shop\/kids-dolls-crochet-patterns\/elias-o-coelhinho-da-pascoa\/\" \/>\n<meta property=\"og:site_name\" content=\"Craftygenesindonesia\" \/>\n<meta property=\"og:image\" content=\"https:\/\/craftygenesindonesia.com\/wp-content\/uploads\/2023\/01\/Elias-300x300.jpg\" \/>\n<meta name=\"twitter:card\" content=\"summary_large_image\" \/>\n<meta name=\"twitter:title\" content=\"Elias, o Coelhinho da P\u00e1scoa - padr\u00e3o de croch\u00ea\" \/>\n<meta name=\"twitter:description\" content=\"Compre aqui o meu padr\u00e3o de croch\u00ea \u201cElias, o Coelhinho da P\u00e1scoa\u201d. O padr\u00e3o de croch\u00ea f\u00e1cil tamb\u00e9m est\u00e1 dispon\u00edvel no Etsy, Haked, Ravelry e Payhip.\" \/>\n<meta name=\"twitter:image\" content=\"https:\/\/craftygenesindonesia.com\/wp-content\/uploads\/2023\/01\/Picsart_23-01-25_13-25-34-933-1024x1024.jpg\" \/>\n<meta name=\"twitter:label1\" content=\"Est. tempo de leitura\" \/>\n\t<meta name=\"twitter:data1\" content=\"1 minuto\" \/>\n<script type=\"application\/ld+json\" class=\"yoast-schema-graph\">{\"@context\":\"https:\\\/\\\/schema.org\",\"@graph\":[{\"@type\":\"WebPage\",\"@id\":\"https:\\\/\\\/craftygenesindonesia.com\\\/pt-br\\\/shop\\\/kids-dolls-crochet-patterns\\\/elias-o-coelhinho-da-pascoa\\\/\",\"url\":\"https:\\\/\\\/craftygenesindonesia.com\\\/pt-br\\\/shop\\\/kids-dolls-crochet-patterns\\\/elias-o-coelhinho-da-pascoa\\\/\",\"name\":\"Elias, o Coelhinho da P\u00e1scoa padr\u00e3o de croch\u00ea - Craftygenesindonesia\",\"isPartOf\":{\"@id\":\"https:\\\/\\\/craftygenesindonesia.com\\\/pt-br\\\/#website\"},\"primaryImageOfPage\":{\"@id\":\"https:\\\/\\\/craftygenesindonesia.com\\\/pt-br\\\/shop\\\/kids-dolls-crochet-patterns\\\/elias-o-coelhinho-da-pascoa\\\/#primaryimage\"},\"image\":{\"@id\":\"https:\\\/\\\/craftygenesindonesia.com\\\/pt-br\\\/shop\\\/kids-dolls-crochet-patterns\\\/elias-o-coelhinho-da-pascoa\\\/#primaryimage\"},\"thumbnailUrl\":\"https:\\\/\\\/craftygenesindonesia.com\\\/wp-content\\\/uploads\\\/2023\\\/01\\\/Elias.jpg\",\"datePublished\":\"2023-01-26T22:02:41+00:00\",\"description\":\"Compre aqui o meu padr\u00e3o de croch\u00ea \u201cElias, o Coelhinho da P\u00e1scoa\u201d. O padr\u00e3o de croch\u00ea f\u00e1cil tamb\u00e9m est\u00e1 dispon\u00edvel no Etsy, Haked, Ravelry e Payhip.\",\"breadcrumb\":{\"@id\":\"https:\\\/\\\/craftygenesindonesia.com\\\/pt-br\\\/shop\\\/kids-dolls-crochet-patterns\\\/elias-o-coelhinho-da-pascoa\\\/#breadcrumb\"},\"inLanguage\":\"pt-BR\",\"potentialAction\":[{\"@type\":\"ReadAction\",\"target\":[\"https:\\\/\\\/craftygenesindonesia.com\\\/pt-br\\\/shop\\\/kids-dolls-crochet-patterns\\\/elias-o-coelhinho-da-pascoa\\\/\"]}]},{\"@type\":\"ImageObject\",\"inLanguage\":\"pt-BR\",\"@id\":\"https:\\\/\\\/craftygenesindonesia.com\\\/pt-br\\\/shop\\\/kids-dolls-crochet-patterns\\\/elias-o-coelhinho-da-pascoa\\\/#primaryimage\",\"url\":\"https:\\\/\\\/craftygenesindonesia.com\\\/wp-content\\\/uploads\\\/2023\\\/01\\\/Elias.jpg\",\"contentUrl\":\"https:\\\/\\\/craftygenesindonesia.com\\\/wp-content\\\/uploads\\\/2023\\\/01\\\/Elias.jpg\",\"width\":1080,\"height\":1080,\"caption\":\"coelhinho vitoriano oriental em croch\u00ea\"},{\"@type\":\"BreadcrumbList\",\"@id\":\"https:\\\/\\\/craftygenesindonesia.com\\\/pt-br\\\/shop\\\/kids-dolls-crochet-patterns\\\/elias-o-coelhinho-da-pascoa\\\/#breadcrumb\",\"itemListElement\":[{\"@type\":\"ListItem\",\"position\":1,\"name\":\"Home\",\"item\":\"https:\\\/\\\/craftygenesindonesia.com\\\/pt-br\\\/\"},{\"@type\":\"ListItem\",\"position\":2,\"name\":\"Loja de moldes\",\"item\":\"https:\\\/\\\/craftygenesindonesia.com\\\/pt-br\\\/loja-de-moldes\\\/\"},{\"@type\":\"ListItem\",\"position\":3,\"name\":\"Elias, o Coelhinho da P\u00e1scoa\"}]},{\"@type\":\"WebSite\",\"@id\":\"https:\\\/\\\/craftygenesindonesia.com\\\/pt-br\\\/#website\",\"url\":\"https:\\\/\\\/craftygenesindonesia.com\\\/pt-br\\\/\",\"name\":\"Craftygenesindonesia\",\"description\":\"\",\"publisher\":{\"@id\":\"https:\\\/\\\/craftygenesindonesia.com\\\/pt-br\\\/#organization\"},\"potentialAction\":[{\"@type\":\"SearchAction\",\"target\":{\"@type\":\"EntryPoint\",\"urlTemplate\":\"https:\\\/\\\/craftygenesindonesia.com\\\/pt-br\\\/?s={search_term_string}\"},\"query-input\":{\"@type\":\"PropertyValueSpecification\",\"valueRequired\":true,\"valueName\":\"search_term_string\"}}],\"inLanguage\":\"pt-BR\"},{\"@type\":\"Organization\",\"@id\":\"https:\\\/\\\/craftygenesindonesia.com\\\/pt-br\\\/#organization\",\"name\":\"Craftygenesindonesia\",\"url\":\"https:\\\/\\\/craftygenesindonesia.com\\\/pt-br\\\/\",\"logo\":{\"@type\":\"ImageObject\",\"inLanguage\":\"pt-BR\",\"@id\":\"https:\\\/\\\/craftygenesindonesia.com\\\/pt-br\\\/#\\\/schema\\\/logo\\\/image\\\/\",\"url\":\"https:\\\/\\\/craftygenesindonesia.com\\\/wp-content\\\/uploads\\\/2025\\\/11\\\/cropped-Copy-of-Craftygenesindonesia.jpg\",\"contentUrl\":\"https:\\\/\\\/craftygenesindonesia.com\\\/wp-content\\\/uploads\\\/2025\\\/11\\\/cropped-Copy-of-Craftygenesindonesia.jpg\",\"width\":180,\"height\":60,\"caption\":\"Craftygenesindonesia\"},\"image\":{\"@id\":\"https:\\\/\\\/craftygenesindonesia.com\\\/pt-br\\\/#\\\/schema\\\/logo\\\/image\\\/\"}}]}<\/script>\n<!-- \/ Yoast SEO plugin. -->","yoast_head_json":{"title":"Elias, o Coelhinho da P\u00e1scoa padr\u00e3o de croch\u00ea - Craftygenesindonesia","description":"Compre aqui o meu padr\u00e3o de croch\u00ea \u201cElias, o Coelhinho da P\u00e1scoa\u201d. O padr\u00e3o de croch\u00ea f\u00e1cil tamb\u00e9m est\u00e1 dispon\u00edvel no Etsy, Haked, Ravelry e Payhip.","robots":{"index":"index","follow":"follow","max-snippet":"max-snippet:-1","max-image-preview":"max-image-preview:large","max-video-preview":"max-video-preview:-1"},"canonical":"https:\/\/craftygenesindonesia.com\/pt-br\/shop\/kids-dolls-crochet-patterns\/elias-o-coelhinho-da-pascoa\/","og_locale":"pt_BR","og_type":"article","og_title":"Elias, o Coelhinho da P\u00e1scoa - padr\u00e3o de croch\u00ea","og_description":"Compre aqui o meu padr\u00e3o de croch\u00ea \u201cElias, o Coelhinho da P\u00e1scoa\u201d. O padr\u00e3o de croch\u00ea f\u00e1cil tamb\u00e9m est\u00e1 dispon\u00edvel no Etsy, Haked, Ravelry e Payhip.","og_url":"https:\/\/craftygenesindonesia.com\/pt-br\/shop\/kids-dolls-crochet-patterns\/elias-o-coelhinho-da-pascoa\/","og_site_name":"Craftygenesindonesia","og_image":[{"url":"https:\/\/craftygenesindonesia.com\/wp-content\/uploads\/2023\/01\/Elias-300x300.jpg","type":"","width":"","height":""}],"twitter_card":"summary_large_image","twitter_title":"Elias, o Coelhinho da P\u00e1scoa - padr\u00e3o de croch\u00ea","twitter_description":"Compre aqui o meu padr\u00e3o de croch\u00ea \u201cElias, o Coelhinho da P\u00e1scoa\u201d. O padr\u00e3o de croch\u00ea f\u00e1cil tamb\u00e9m est\u00e1 dispon\u00edvel no Etsy, Haked, Ravelry e Payhip.","twitter_image":"https:\/\/craftygenesindonesia.com\/wp-content\/uploads\/2023\/01\/Picsart_23-01-25_13-25-34-933-1024x1024.jpg","twitter_misc":{"Est. tempo de leitura":"1 minuto"},"schema":{"@context":"https:\/\/schema.org","@graph":[{"@type":"WebPage","@id":"https:\/\/craftygenesindonesia.com\/pt-br\/shop\/kids-dolls-crochet-patterns\/elias-o-coelhinho-da-pascoa\/","url":"https:\/\/craftygenesindonesia.com\/pt-br\/shop\/kids-dolls-crochet-patterns\/elias-o-coelhinho-da-pascoa\/","name":"Elias, o Coelhinho da P\u00e1scoa padr\u00e3o de croch\u00ea - Craftygenesindonesia","isPartOf":{"@id":"https:\/\/craftygenesindonesia.com\/pt-br\/#website"},"primaryImageOfPage":{"@id":"https:\/\/craftygenesindonesia.com\/pt-br\/shop\/kids-dolls-crochet-patterns\/elias-o-coelhinho-da-pascoa\/#primaryimage"},"image":{"@id":"https:\/\/craftygenesindonesia.com\/pt-br\/shop\/kids-dolls-crochet-patterns\/elias-o-coelhinho-da-pascoa\/#primaryimage"},"thumbnailUrl":"https:\/\/craftygenesindonesia.com\/wp-content\/uploads\/2023\/01\/Elias.jpg","datePublished":"2023-01-26T22:02:41+00:00","description":"Compre aqui o meu padr\u00e3o de croch\u00ea \u201cElias, o Coelhinho da P\u00e1scoa\u201d. O padr\u00e3o de croch\u00ea f\u00e1cil tamb\u00e9m est\u00e1 dispon\u00edvel no Etsy, Haked, Ravelry e Payhip.","breadcrumb":{"@id":"https:\/\/craftygenesindonesia.com\/pt-br\/shop\/kids-dolls-crochet-patterns\/elias-o-coelhinho-da-pascoa\/#breadcrumb"},"inLanguage":"pt-BR","potentialAction":[{"@type":"ReadAction","target":["https:\/\/craftygenesindonesia.com\/pt-br\/shop\/kids-dolls-crochet-patterns\/elias-o-coelhinho-da-pascoa\/"]}]},{"@type":"ImageObject","inLanguage":"pt-BR","@id":"https:\/\/craftygenesindonesia.com\/pt-br\/shop\/kids-dolls-crochet-patterns\/elias-o-coelhinho-da-pascoa\/#primaryimage","url":"https:\/\/craftygenesindonesia.com\/wp-content\/uploads\/2023\/01\/Elias.jpg","contentUrl":"https:\/\/craftygenesindonesia.com\/wp-content\/uploads\/2023\/01\/Elias.jpg","width":1080,"height":1080,"caption":"coelhinho vitoriano oriental em croch\u00ea"},{"@type":"BreadcrumbList","@id":"https:\/\/craftygenesindonesia.com\/pt-br\/shop\/kids-dolls-crochet-patterns\/elias-o-coelhinho-da-pascoa\/#breadcrumb","itemListElement":[{"@type":"ListItem","position":1,"name":"Home","item":"https:\/\/craftygenesindonesia.com\/pt-br\/"},{"@type":"ListItem","position":2,"name":"Loja de moldes","item":"https:\/\/craftygenesindonesia.com\/pt-br\/loja-de-moldes\/"},{"@type":"ListItem","position":3,"name":"Elias, o Coelhinho da P\u00e1scoa"}]},{"@type":"WebSite","@id":"https:\/\/craftygenesindonesia.com\/pt-br\/#website","url":"https:\/\/craftygenesindonesia.com\/pt-br\/","name":"Craftygenesindonesia","description":"","publisher":{"@id":"https:\/\/craftygenesindonesia.com\/pt-br\/#organization"},"potentialAction":[{"@type":"SearchAction","target":{"@type":"EntryPoint","urlTemplate":"https:\/\/craftygenesindonesia.com\/pt-br\/?s={search_term_string}"},"query-input":{"@type":"PropertyValueSpecification","valueRequired":true,"valueName":"search_term_string"}}],"inLanguage":"pt-BR"},{"@type":"Organization","@id":"https:\/\/craftygenesindonesia.com\/pt-br\/#organization","name":"Craftygenesindonesia","url":"https:\/\/craftygenesindonesia.com\/pt-br\/","logo":{"@type":"ImageObject","inLanguage":"pt-BR","@id":"https:\/\/craftygenesindonesia.com\/pt-br\/#\/schema\/logo\/image\/","url":"https:\/\/craftygenesindonesia.com\/wp-content\/uploads\/2025\/11\/cropped-Copy-of-Craftygenesindonesia.jpg","contentUrl":"https:\/\/craftygenesindonesia.com\/wp-content\/uploads\/2025\/11\/cropped-Copy-of-Craftygenesindonesia.jpg","width":180,"height":60,"caption":"Craftygenesindonesia"},"image":{"@id":"https:\/\/craftygenesindonesia.com\/pt-br\/#\/schema\/logo\/image\/"}}]}},"_links":{"self":[{"href":"https:\/\/craftygenesindonesia.com\/pt-br\/wp-json\/wp\/v2\/product\/987537498","targetHints":{"allow":["GET"]}}],"collection":[{"href":"https:\/\/craftygenesindonesia.com\/pt-br\/wp-json\/wp\/v2\/product"}],"about":[{"href":"https:\/\/craftygenesindonesia.com\/pt-br\/wp-json\/wp\/v2\/types\/product"}],"replies":[{"embeddable":true,"href":"https:\/\/craftygenesindonesia.com\/pt-br\/wp-json\/wp\/v2\/comments?post=987537498"}],"wp:featuredmedia":[{"embeddable":true,"href":"https:\/\/craftygenesindonesia.com\/pt-br\/wp-json\/wp\/v2\/media\/987537501"}],"wp:attachment":[{"href":"https:\/\/craftygenesindonesia.com\/pt-br\/wp-json\/wp\/v2\/media?parent=987537498"}],"wp:term":[{"taxonomy":"product_brand","embeddable":true,"href":"https:\/\/craftygenesindonesia.com\/pt-br\/wp-json\/wp\/v2\/product_brand?post=987537498"},{"taxonomy":"product_cat","embeddable":true,"href":"https:\/\/craftygenesindonesia.com\/pt-br\/wp-json\/wp\/v2\/product_cat?post=987537498"},{"taxonomy":"product_tag","embeddable":true,"href":"https:\/\/craftygenesindonesia.com\/pt-br\/wp-json\/wp\/v2\/product_tag?post=987537498"}],"curies":[{"name":"wp","href":"https:\/\/api.w.org\/{rel}","templated":true}]}}