{"id":987537469,"date":"2023-01-11T15:37:41","date_gmt":"2023-01-11T07:37:41","guid":{"rendered":"https:\/\/craftygenesindonesia.com\/shop\/sem categoria\/pacote-natalino-para-senhoras\/"},"modified":"2023-01-11T15:37:41","modified_gmt":"2023-01-11T07:37:41","slug":"pacote-natalino-para-senhoras","status":"publish","type":"product","link":"https:\/\/craftygenesindonesia.com\/pt-br\/shop\/padroes-de-croche-natal\/pacote-natalino-para-senhoras\/","title":{"rendered":"Pacote Natalino para senhoras"},"content":{"rendered":"<p>Neste pacote, voc\u00ea receber\u00e1 os seguintes padr\u00f5es: Senhora do Natal, Anjo do Natal, Senhora Victoria<\/p>\n<p>&nbsp;<\/p>\n<p>Todas as senhoras s\u00e3o feitas com fio de espessura \u201cFINGERING\u201d, adequado para amigurumi, e uma agulha de croch\u00ea de 2 mm.<\/p>\n<p>Agulha de croch\u00ea: 2 mm<\/p>\n<p>Este padr\u00e3o \u00e9 um padr\u00e3o escrito com muitas imagens para ajud\u00e1-lo. Se ainda tiver d\u00favidas, envie-me uma mensagem para: <a href=\"mailto:craftygenesindonesia@gmail.com\">craftygenesindonesia@gmail.com<\/a> <\/p>\n<p><strong><em>Este padr\u00e3o \u00e9 apenas para uso pessoal e est\u00e1 protegido por direitos autorais. Portanto, o padr\u00e3o N\u00c3O pode ser copiado, vendido, revendido, traduzido, reivindicado como seu projeto, distribu\u00eddo, compartilhado, publicado, postado online&#8230; de qualquer forma sem o meu consentimento.  Nem mesmo parte disso!!!<\/em><\/strong>*<\/p>\n<p><strong><em>You can sell the finished item in small quantities BUT NOT THE PATTERN ITSELF! Please mention that the pattern is by Craftygenesindonesia and where it can be purchased** <\/em><\/strong><\/p>\n","protected":false},"excerpt":{"rendered":"<p>These crochet Christmas ladies are a must have! They really are. All 3 can be used as Christmas figurines and also as Christmas tree ornaments.  <\/p>\n<p>Este pacote inclui: <strong><a href=\"https:\/\/craftygenesindonesia.com\/pt-br\/?attachment_id=987528131\" target=\"_blank\" rel=\"noopener\">Senhora do Natal<\/a><\/strong>, <strong><a href=\"https:\/\/craftygenesindonesia.com\/product\/lady-victoria\/\" target=\"_blank\" rel=\"noopener\">Senhora Victoria<\/a><\/strong> e <strong><a href=\"https:\/\/craftygenesindonesia.com\/product\/christmas-angel\/\" target=\"_blank\" rel=\"noopener\">Anjo de Natal(<\/a><\/strong>clique nos nomes para acessar o local onde voc\u00ea pode compr\u00e1-los separadamente).<\/p>\n","protected":false},"featured_media":987537471,"comment_status":"open","ping_status":"closed","template":"","meta":{"_acf_changed":false},"product_brand":[],"product_cat":[13007,13005,12995,12996],"product_tag":[13047,13446,13447,13197,13090,13445,13448,13000],"class_list":{"0":"post-987537469","1":"product","2":"type-product","3":"status-publish","4":"has-post-thumbnail","6":"product_cat-pacotes","7":"product_cat-padroes-de-croche-anjo","8":"product_cat-padroes-de-croche-natal","9":"product_cat-padroes-de-croche-senhoras-e-senhores","10":"product_tag-anjo-de-natal","11":"product_tag-enfeite-de-natal-3","12":"product_tag-enfeites-de-natal-2","13":"product_tag-kerst-versiering","14":"product_tag-senhora","15":"product_tag-senhora-do-natal-2","16":"product_tag-senhora-vitoriana-2","17":"product_tag-xmas","18":"pa_available_on-craftygenesindonesia","19":"pa_available_on-haked-nl","20":"pa_languages-espanhol","21":"pa_languages-frances","22":"pa_languages-holandes","23":"pa_languages-ingles-dos-eua","25":"first","26":"instock","27":"downloadable","28":"virtual","29":"purchasable","30":"product-type-simple"},"acf":[],"yoast_head":"<!-- This site is optimized with the Yoast SEO plugin v27.3 - https:\/\/yoast.com\/product\/yoast-seo-wordpress\/ -->\n<title>Pacote Natalino para senhoras padr\u00e3o de croch\u00ea - Craftygenesindonesia<\/title>\n<meta name=\"description\" content=\"Compre aqui o meu pacote de padr\u00f5es de croch\u00ea \u201cSenhoras do Natal\u201d. O pacote de padr\u00f5es de croch\u00ea tamb\u00e9m est\u00e1 dispon\u00edvel na Haked.\" \/>\n<meta name=\"robots\" content=\"index, follow, max-snippet:-1, max-image-preview:large, max-video-preview:-1\" \/>\n<link rel=\"canonical\" href=\"https:\/\/craftygenesindonesia.com\/pt-br\/shop\/padroes-de-croche-natal\/pacote-natalino-para-senhoras\/\" \/>\n<meta property=\"og:locale\" content=\"pt_BR\" \/>\n<meta property=\"og:type\" content=\"article\" \/>\n<meta property=\"og:title\" content=\"Senhoras do Natal - padr\u00f5es de croch\u00ea\" \/>\n<meta property=\"og:description\" content=\"Compre aqui o meu pacote de padr\u00f5es de croch\u00ea \u201cSenhoras do Natal\u201d. O pacote de padr\u00f5es de croch\u00ea tamb\u00e9m est\u00e1 dispon\u00edvel na Haked.\" \/>\n<meta property=\"og:url\" content=\"https:\/\/craftygenesindonesia.com\/pt-br\/shop\/padroes-de-croche-natal\/pacote-natalino-para-senhoras\/\" \/>\n<meta property=\"og:site_name\" content=\"Craftygenesindonesia\" \/>\n<meta property=\"og:image\" content=\"https:\/\/craftygenesindonesia.com\/wp-content\/uploads\/2023\/01\/Christmas-Ladies-Bundle-1-300x300.jpg\" \/>\n<meta name=\"twitter:card\" content=\"summary_large_image\" \/>\n<meta name=\"twitter:title\" content=\"Senhoras do Natal - padr\u00f5es de croch\u00ea\" \/>\n<meta name=\"twitter:description\" content=\"Compre aqui o meu \u201cSenhoras do Natal\u201d. O pacote inclui: Senhora do Natal, Senhora Victoria e Anjo de Natal.\" \/>\n<meta name=\"twitter:image\" content=\"https:\/\/craftygenesindonesia.com\/wp-content\/uploads\/2023\/01\/3-Kerstpopjes-voor-de-prijs-van-2-1024x1024.png\" \/>\n<meta name=\"twitter:label1\" content=\"Est. tempo de leitura\" \/>\n\t<meta name=\"twitter:data1\" content=\"1 minuto\" \/>\n<script type=\"application\/ld+json\" class=\"yoast-schema-graph\">{\"@context\":\"https:\\\/\\\/schema.org\",\"@graph\":[{\"@type\":\"WebPage\",\"@id\":\"https:\\\/\\\/craftygenesindonesia.com\\\/pt-br\\\/shop\\\/padroes-de-croche-natal\\\/pacote-natalino-para-senhoras\\\/\",\"url\":\"https:\\\/\\\/craftygenesindonesia.com\\\/pt-br\\\/shop\\\/padroes-de-croche-natal\\\/pacote-natalino-para-senhoras\\\/\",\"name\":\"Pacote Natalino para senhoras padr\u00e3o de croch\u00ea - Craftygenesindonesia\",\"isPartOf\":{\"@id\":\"https:\\\/\\\/craftygenesindonesia.com\\\/pt-br\\\/#website\"},\"primaryImageOfPage\":{\"@id\":\"https:\\\/\\\/craftygenesindonesia.com\\\/pt-br\\\/shop\\\/padroes-de-croche-natal\\\/pacote-natalino-para-senhoras\\\/#primaryimage\"},\"image\":{\"@id\":\"https:\\\/\\\/craftygenesindonesia.com\\\/pt-br\\\/shop\\\/padroes-de-croche-natal\\\/pacote-natalino-para-senhoras\\\/#primaryimage\"},\"thumbnailUrl\":\"https:\\\/\\\/craftygenesindonesia.com\\\/wp-content\\\/uploads\\\/2023\\\/01\\\/Christmas-Ladies-Bundle-2.jpg\",\"datePublished\":\"2023-01-11T07:37:41+00:00\",\"description\":\"Compre aqui o meu pacote de padr\u00f5es de croch\u00ea \u201cSenhoras do Natal\u201d. O pacote de padr\u00f5es de croch\u00ea tamb\u00e9m est\u00e1 dispon\u00edvel na Haked.\",\"breadcrumb\":{\"@id\":\"https:\\\/\\\/craftygenesindonesia.com\\\/pt-br\\\/shop\\\/padroes-de-croche-natal\\\/pacote-natalino-para-senhoras\\\/#breadcrumb\"},\"inLanguage\":\"pt-BR\",\"potentialAction\":[{\"@type\":\"ReadAction\",\"target\":[\"https:\\\/\\\/craftygenesindonesia.com\\\/pt-br\\\/shop\\\/padroes-de-croche-natal\\\/pacote-natalino-para-senhoras\\\/\"]}]},{\"@type\":\"ImageObject\",\"inLanguage\":\"pt-BR\",\"@id\":\"https:\\\/\\\/craftygenesindonesia.com\\\/pt-br\\\/shop\\\/padroes-de-croche-natal\\\/pacote-natalino-para-senhoras\\\/#primaryimage\",\"url\":\"https:\\\/\\\/craftygenesindonesia.com\\\/wp-content\\\/uploads\\\/2023\\\/01\\\/Christmas-Ladies-Bundle-2.jpg\",\"contentUrl\":\"https:\\\/\\\/craftygenesindonesia.com\\\/wp-content\\\/uploads\\\/2023\\\/01\\\/Christmas-Ladies-Bundle-2.jpg\",\"width\":1080,\"height\":1080,\"caption\":\"senhora natalina em croch\u00ea, anjo natalino em croch\u00ea, senhora natalina vitoriana em croch\u00ea\"},{\"@type\":\"BreadcrumbList\",\"@id\":\"https:\\\/\\\/craftygenesindonesia.com\\\/pt-br\\\/shop\\\/padroes-de-croche-natal\\\/pacote-natalino-para-senhoras\\\/#breadcrumb\",\"itemListElement\":[{\"@type\":\"ListItem\",\"position\":1,\"name\":\"Home\",\"item\":\"https:\\\/\\\/craftygenesindonesia.com\\\/pt-br\\\/\"},{\"@type\":\"ListItem\",\"position\":2,\"name\":\"Loja de moldes\",\"item\":\"https:\\\/\\\/craftygenesindonesia.com\\\/pt-br\\\/loja-de-moldes\\\/\"},{\"@type\":\"ListItem\",\"position\":3,\"name\":\"Pacote Natalino para senhoras\"}]},{\"@type\":\"WebSite\",\"@id\":\"https:\\\/\\\/craftygenesindonesia.com\\\/pt-br\\\/#website\",\"url\":\"https:\\\/\\\/craftygenesindonesia.com\\\/pt-br\\\/\",\"name\":\"Craftygenesindonesia\",\"description\":\"\",\"publisher\":{\"@id\":\"https:\\\/\\\/craftygenesindonesia.com\\\/pt-br\\\/#organization\"},\"potentialAction\":[{\"@type\":\"SearchAction\",\"target\":{\"@type\":\"EntryPoint\",\"urlTemplate\":\"https:\\\/\\\/craftygenesindonesia.com\\\/pt-br\\\/?s={search_term_string}\"},\"query-input\":{\"@type\":\"PropertyValueSpecification\",\"valueRequired\":true,\"valueName\":\"search_term_string\"}}],\"inLanguage\":\"pt-BR\"},{\"@type\":\"Organization\",\"@id\":\"https:\\\/\\\/craftygenesindonesia.com\\\/pt-br\\\/#organization\",\"name\":\"Craftygenesindonesia\",\"url\":\"https:\\\/\\\/craftygenesindonesia.com\\\/pt-br\\\/\",\"logo\":{\"@type\":\"ImageObject\",\"inLanguage\":\"pt-BR\",\"@id\":\"https:\\\/\\\/craftygenesindonesia.com\\\/pt-br\\\/#\\\/schema\\\/logo\\\/image\\\/\",\"url\":\"https:\\\/\\\/craftygenesindonesia.com\\\/wp-content\\\/uploads\\\/2025\\\/11\\\/cropped-Copy-of-Craftygenesindonesia.jpg\",\"contentUrl\":\"https:\\\/\\\/craftygenesindonesia.com\\\/wp-content\\\/uploads\\\/2025\\\/11\\\/cropped-Copy-of-Craftygenesindonesia.jpg\",\"width\":180,\"height\":60,\"caption\":\"Craftygenesindonesia\"},\"image\":{\"@id\":\"https:\\\/\\\/craftygenesindonesia.com\\\/pt-br\\\/#\\\/schema\\\/logo\\\/image\\\/\"}}]}<\/script>\n<!-- \/ Yoast SEO plugin. -->","yoast_head_json":{"title":"Pacote Natalino para senhoras padr\u00e3o de croch\u00ea - Craftygenesindonesia","description":"Compre aqui o meu pacote de padr\u00f5es de croch\u00ea \u201cSenhoras do Natal\u201d. O pacote de padr\u00f5es de croch\u00ea tamb\u00e9m est\u00e1 dispon\u00edvel na Haked.","robots":{"index":"index","follow":"follow","max-snippet":"max-snippet:-1","max-image-preview":"max-image-preview:large","max-video-preview":"max-video-preview:-1"},"canonical":"https:\/\/craftygenesindonesia.com\/pt-br\/shop\/padroes-de-croche-natal\/pacote-natalino-para-senhoras\/","og_locale":"pt_BR","og_type":"article","og_title":"Senhoras do Natal - padr\u00f5es de croch\u00ea","og_description":"Compre aqui o meu pacote de padr\u00f5es de croch\u00ea \u201cSenhoras do Natal\u201d. O pacote de padr\u00f5es de croch\u00ea tamb\u00e9m est\u00e1 dispon\u00edvel na Haked.","og_url":"https:\/\/craftygenesindonesia.com\/pt-br\/shop\/padroes-de-croche-natal\/pacote-natalino-para-senhoras\/","og_site_name":"Craftygenesindonesia","og_image":[{"url":"https:\/\/craftygenesindonesia.com\/wp-content\/uploads\/2023\/01\/Christmas-Ladies-Bundle-1-300x300.jpg","type":"","width":"","height":""}],"twitter_card":"summary_large_image","twitter_title":"Senhoras do Natal - padr\u00f5es de croch\u00ea","twitter_description":"Compre aqui o meu \u201cSenhoras do Natal\u201d. O pacote inclui: Senhora do Natal, Senhora Victoria e Anjo de Natal.","twitter_image":"https:\/\/craftygenesindonesia.com\/wp-content\/uploads\/2023\/01\/3-Kerstpopjes-voor-de-prijs-van-2-1024x1024.png","twitter_misc":{"Est. tempo de leitura":"1 minuto"},"schema":{"@context":"https:\/\/schema.org","@graph":[{"@type":"WebPage","@id":"https:\/\/craftygenesindonesia.com\/pt-br\/shop\/padroes-de-croche-natal\/pacote-natalino-para-senhoras\/","url":"https:\/\/craftygenesindonesia.com\/pt-br\/shop\/padroes-de-croche-natal\/pacote-natalino-para-senhoras\/","name":"Pacote Natalino para senhoras padr\u00e3o de croch\u00ea - Craftygenesindonesia","isPartOf":{"@id":"https:\/\/craftygenesindonesia.com\/pt-br\/#website"},"primaryImageOfPage":{"@id":"https:\/\/craftygenesindonesia.com\/pt-br\/shop\/padroes-de-croche-natal\/pacote-natalino-para-senhoras\/#primaryimage"},"image":{"@id":"https:\/\/craftygenesindonesia.com\/pt-br\/shop\/padroes-de-croche-natal\/pacote-natalino-para-senhoras\/#primaryimage"},"thumbnailUrl":"https:\/\/craftygenesindonesia.com\/wp-content\/uploads\/2023\/01\/Christmas-Ladies-Bundle-2.jpg","datePublished":"2023-01-11T07:37:41+00:00","description":"Compre aqui o meu pacote de padr\u00f5es de croch\u00ea \u201cSenhoras do Natal\u201d. O pacote de padr\u00f5es de croch\u00ea tamb\u00e9m est\u00e1 dispon\u00edvel na Haked.","breadcrumb":{"@id":"https:\/\/craftygenesindonesia.com\/pt-br\/shop\/padroes-de-croche-natal\/pacote-natalino-para-senhoras\/#breadcrumb"},"inLanguage":"pt-BR","potentialAction":[{"@type":"ReadAction","target":["https:\/\/craftygenesindonesia.com\/pt-br\/shop\/padroes-de-croche-natal\/pacote-natalino-para-senhoras\/"]}]},{"@type":"ImageObject","inLanguage":"pt-BR","@id":"https:\/\/craftygenesindonesia.com\/pt-br\/shop\/padroes-de-croche-natal\/pacote-natalino-para-senhoras\/#primaryimage","url":"https:\/\/craftygenesindonesia.com\/wp-content\/uploads\/2023\/01\/Christmas-Ladies-Bundle-2.jpg","contentUrl":"https:\/\/craftygenesindonesia.com\/wp-content\/uploads\/2023\/01\/Christmas-Ladies-Bundle-2.jpg","width":1080,"height":1080,"caption":"senhora natalina em croch\u00ea, anjo natalino em croch\u00ea, senhora natalina vitoriana em croch\u00ea"},{"@type":"BreadcrumbList","@id":"https:\/\/craftygenesindonesia.com\/pt-br\/shop\/padroes-de-croche-natal\/pacote-natalino-para-senhoras\/#breadcrumb","itemListElement":[{"@type":"ListItem","position":1,"name":"Home","item":"https:\/\/craftygenesindonesia.com\/pt-br\/"},{"@type":"ListItem","position":2,"name":"Loja de moldes","item":"https:\/\/craftygenesindonesia.com\/pt-br\/loja-de-moldes\/"},{"@type":"ListItem","position":3,"name":"Pacote Natalino para senhoras"}]},{"@type":"WebSite","@id":"https:\/\/craftygenesindonesia.com\/pt-br\/#website","url":"https:\/\/craftygenesindonesia.com\/pt-br\/","name":"Craftygenesindonesia","description":"","publisher":{"@id":"https:\/\/craftygenesindonesia.com\/pt-br\/#organization"},"potentialAction":[{"@type":"SearchAction","target":{"@type":"EntryPoint","urlTemplate":"https:\/\/craftygenesindonesia.com\/pt-br\/?s={search_term_string}"},"query-input":{"@type":"PropertyValueSpecification","valueRequired":true,"valueName":"search_term_string"}}],"inLanguage":"pt-BR"},{"@type":"Organization","@id":"https:\/\/craftygenesindonesia.com\/pt-br\/#organization","name":"Craftygenesindonesia","url":"https:\/\/craftygenesindonesia.com\/pt-br\/","logo":{"@type":"ImageObject","inLanguage":"pt-BR","@id":"https:\/\/craftygenesindonesia.com\/pt-br\/#\/schema\/logo\/image\/","url":"https:\/\/craftygenesindonesia.com\/wp-content\/uploads\/2025\/11\/cropped-Copy-of-Craftygenesindonesia.jpg","contentUrl":"https:\/\/craftygenesindonesia.com\/wp-content\/uploads\/2025\/11\/cropped-Copy-of-Craftygenesindonesia.jpg","width":180,"height":60,"caption":"Craftygenesindonesia"},"image":{"@id":"https:\/\/craftygenesindonesia.com\/pt-br\/#\/schema\/logo\/image\/"}}]}},"_links":{"self":[{"href":"https:\/\/craftygenesindonesia.com\/pt-br\/wp-json\/wp\/v2\/product\/987537469","targetHints":{"allow":["GET"]}}],"collection":[{"href":"https:\/\/craftygenesindonesia.com\/pt-br\/wp-json\/wp\/v2\/product"}],"about":[{"href":"https:\/\/craftygenesindonesia.com\/pt-br\/wp-json\/wp\/v2\/types\/product"}],"replies":[{"embeddable":true,"href":"https:\/\/craftygenesindonesia.com\/pt-br\/wp-json\/wp\/v2\/comments?post=987537469"}],"wp:featuredmedia":[{"embeddable":true,"href":"https:\/\/craftygenesindonesia.com\/pt-br\/wp-json\/wp\/v2\/media\/987537471"}],"wp:attachment":[{"href":"https:\/\/craftygenesindonesia.com\/pt-br\/wp-json\/wp\/v2\/media?parent=987537469"}],"wp:term":[{"taxonomy":"product_brand","embeddable":true,"href":"https:\/\/craftygenesindonesia.com\/pt-br\/wp-json\/wp\/v2\/product_brand?post=987537469"},{"taxonomy":"product_cat","embeddable":true,"href":"https:\/\/craftygenesindonesia.com\/pt-br\/wp-json\/wp\/v2\/product_cat?post=987537469"},{"taxonomy":"product_tag","embeddable":true,"href":"https:\/\/craftygenesindonesia.com\/pt-br\/wp-json\/wp\/v2\/product_tag?post=987537469"}],"curies":[{"name":"wp","href":"https:\/\/api.w.org\/{rel}","templated":true}]}}