{"id":987537462,"date":"2023-01-06T09:31:42","date_gmt":"2023-01-06T01:31:42","guid":{"rendered":"https:\/\/craftygenesindonesia.com\/shop\/sem categoria\/the-pope\/"},"modified":"2023-01-06T09:31:42","modified_gmt":"2023-01-06T01:31:42","slug":"the-pope","status":"publish","type":"product","link":"https:\/\/craftygenesindonesia.com\/pt-br\/shop\/padroes-de-croche-religiosos\/the-pope\/","title":{"rendered":"The pope"},"content":{"rendered":"<p>O papa<\/p>\n<p>Tipo de arquivo: padr\u00e3o de croch\u00ea &#8211; download digital, n\u00e3o \u00e9 um item f\u00edsico<br \/>\n<strong>Idiomas dispon\u00edveis: ingl\u00eas, holand\u00eas, franc\u00eas, espanhol, alem\u00e3o<\/strong><\/p>\n<p>Size of finished item: 30cm\/11.8inch tall<br \/>\nYarn type: \u201cfingering\u201d weight yarn = size 3<br \/>\nRecommended brands: Catona by Scheepjes, Durable Coral, ..<br \/>\nYarn colors needed: black, dark grey, metallic gold, off-white, skin color<\/p>\n<p>You will also need: stuffing \u2013 stitch markers \u2013 tapestry needle \u2013 pencil \u2013 scissors \u2013 glue \u2013 glue gun \u2013 aluminum wire \u2013 cutting pliers \u2013 10x12mm gold colored cross \u2013 cotton buds \u2013 cardboard<\/p>\n<p>Agulha de croch\u00ea: tamanho 2 mm<\/p>\n<p><strong>Direitos autorais e informa\u00e7\u00f5es de ajuda:<\/strong><br \/>\nEste padr\u00e3o \u00e9 um padr\u00e3o escrito (digital) com muitas imagens para ajud\u00e1-lo. Se voc\u00ea tiver d\u00favidas sobre o padr\u00e3o, envie um e-mail para craftygenesindonesia@gmail.com<\/p>\n<p><strong>Este padr\u00e3o digital de croch\u00ea \u00e9 apenas para uso pessoal e est\u00e1 protegido por direitos autorais. Portanto, voc\u00ea n\u00e3o pode copiar, vender, revender, traduzir, reivindicar como seu pr\u00f3prio design, distribuir, compartilhar, publicar, postar&#8230; de nenhuma forma ou maneira sem a minha permiss\u00e3o. Nem mesmo uma parte dele!  <\/strong><\/p>\n<p><strong>Voc\u00ea pode vender o produto ou item acabado, em pequenas quantidades, mas n\u00e3o pode vender o padr\u00e3o de croch\u00ea em si! Mencione que o padr\u00e3o de croch\u00ea \u00e9 da minha autoria, Craftygenesindonesia, e onde pode ser adquirido. <\/strong><\/p>\n","protected":false},"excerpt":{"rendered":"<p>This is an easy to follow crochet pattern for a crochet version of the Pope. If you like crocheting religious items, then this is more than definitely a must have pattern for your collection. <\/p>\n","protected":false},"featured_media":987537465,"comment_status":"open","ping_status":"closed","template":"","meta":{"_acf_changed":false},"product_brand":[],"product_cat":[12982],"product_tag":[12992,12989,13213,13442,13435,13260,13440,13437,13436,13439,13438,13444,13441,13183,12983,13443],"class_list":{"0":"post-987537462","1":"product","2":"type-product","3":"status-publish","4":"has-post-thumbnail","6":"product_cat-padroes-de-croche-religiosos","7":"product_tag-catolico","8":"product_tag-cristao","9":"product_tag-cruz-2","10":"product_tag-igreja","11":"product_tag-o-papa","12":"product_tag-padroeiro","13":"product_tag-papa","14":"product_tag-papa-bento-xvi","15":"product_tag-papa-de-croche","16":"product_tag-papa-francisco","17":"product_tag-papa-joao-paulo-ii","18":"product_tag-papa-leao","19":"product_tag-papa-pio","20":"product_tag-santo","21":"product_tag-santo-catolico","22":"product_tag-vaticano","23":"pa_available_on-craftygenesindonesia","24":"pa_available_on-etsy","25":"pa_available_on-haked-nl","26":"pa_available_on-payhip","27":"pa_available_on-ravelry","28":"pa_languages-alemao","29":"pa_languages-espanhol","30":"pa_languages-frances","31":"pa_languages-holandes","32":"pa_languages-ingles-dos-eua","34":"first","35":"instock","36":"downloadable","37":"virtual","38":"purchasable","39":"product-type-simple"},"acf":[],"yoast_head":"<!-- This site is optimized with the Yoast SEO plugin v27.3 - https:\/\/yoast.com\/product\/yoast-seo-wordpress\/ -->\n<title>The pope padr\u00e3o de croch\u00ea - Craftygenesindonesia<\/title>\n<meta name=\"description\" content=\"Compre aqui o meu padr\u00e3o de croch\u00ea do Papa. O padr\u00e3o f\u00e1cil de croch\u00ea tamb\u00e9m est\u00e1 dispon\u00edvel no Etsy, Haked.nl, Ravelry e Payhip.\" \/>\n<meta name=\"robots\" content=\"index, follow, max-snippet:-1, max-image-preview:large, max-video-preview:-1\" \/>\n<link rel=\"canonical\" href=\"https:\/\/craftygenesindonesia.com\/pt-br\/shop\/padroes-de-croche-religiosos\/the-pope\/\" \/>\n<meta property=\"og:locale\" content=\"pt_BR\" \/>\n<meta property=\"og:type\" content=\"article\" \/>\n<meta property=\"og:title\" content=\"O padr\u00e3o de croch\u00ea do Papa\" \/>\n<meta property=\"og:description\" content=\"Compre aqui o meu padr\u00e3o de croch\u00ea do Papa. O padr\u00e3o f\u00e1cil de croch\u00ea tamb\u00e9m est\u00e1 dispon\u00edvel no Etsy, Haked.nl, Ravelry e Payhip.\" \/>\n<meta property=\"og:url\" content=\"https:\/\/craftygenesindonesia.com\/pt-br\/shop\/padroes-de-croche-religiosos\/the-pope\/\" \/>\n<meta property=\"og:site_name\" content=\"Craftygenesindonesia\" \/>\n<meta property=\"og:image\" content=\"https:\/\/craftygenesindonesia.com\/wp-content\/uploads\/2023\/01\/The-Pope-2-300x300.jpg\" \/>\n<meta name=\"twitter:card\" content=\"summary_large_image\" \/>\n<meta name=\"twitter:title\" content=\"O padr\u00e3o de croch\u00ea do Papa\" \/>\n<meta name=\"twitter:description\" content=\"Compre aqui o meu padr\u00e3o de croch\u00e9 \u201cO Papa\u201d. Tamb\u00e9m com links para o padr\u00e3o no Etsy, Ravelry e Haked.\" \/>\n<meta name=\"twitter:image\" content=\"https:\/\/craftygenesindonesia.com\/wp-content\/uploads\/2023\/01\/Picsart_23-01-05_13-39-14-292-1024x1024.jpg\" \/>\n<meta name=\"twitter:label1\" content=\"Est. tempo de leitura\" \/>\n\t<meta name=\"twitter:data1\" content=\"1 minuto\" \/>\n<script type=\"application\/ld+json\" class=\"yoast-schema-graph\">{\"@context\":\"https:\\\/\\\/schema.org\",\"@graph\":[{\"@type\":\"WebPage\",\"@id\":\"https:\\\/\\\/craftygenesindonesia.com\\\/pt-br\\\/shop\\\/padroes-de-croche-religiosos\\\/the-pope\\\/\",\"url\":\"https:\\\/\\\/craftygenesindonesia.com\\\/pt-br\\\/shop\\\/padroes-de-croche-religiosos\\\/the-pope\\\/\",\"name\":\"The pope padr\u00e3o de croch\u00ea - Craftygenesindonesia\",\"isPartOf\":{\"@id\":\"https:\\\/\\\/craftygenesindonesia.com\\\/pt-br\\\/#website\"},\"primaryImageOfPage\":{\"@id\":\"https:\\\/\\\/craftygenesindonesia.com\\\/pt-br\\\/shop\\\/padroes-de-croche-religiosos\\\/the-pope\\\/#primaryimage\"},\"image\":{\"@id\":\"https:\\\/\\\/craftygenesindonesia.com\\\/pt-br\\\/shop\\\/padroes-de-croche-religiosos\\\/the-pope\\\/#primaryimage\"},\"thumbnailUrl\":\"https:\\\/\\\/craftygenesindonesia.com\\\/wp-content\\\/uploads\\\/2023\\\/01\\\/The-Pope-2.jpg\",\"datePublished\":\"2023-01-06T01:31:42+00:00\",\"description\":\"Compre aqui o meu padr\u00e3o de croch\u00ea do Papa. O padr\u00e3o f\u00e1cil de croch\u00ea tamb\u00e9m est\u00e1 dispon\u00edvel no Etsy, Haked.nl, Ravelry e Payhip.\",\"breadcrumb\":{\"@id\":\"https:\\\/\\\/craftygenesindonesia.com\\\/pt-br\\\/shop\\\/padroes-de-croche-religiosos\\\/the-pope\\\/#breadcrumb\"},\"inLanguage\":\"pt-BR\",\"potentialAction\":[{\"@type\":\"ReadAction\",\"target\":[\"https:\\\/\\\/craftygenesindonesia.com\\\/pt-br\\\/shop\\\/padroes-de-croche-religiosos\\\/the-pope\\\/\"]}]},{\"@type\":\"ImageObject\",\"inLanguage\":\"pt-BR\",\"@id\":\"https:\\\/\\\/craftygenesindonesia.com\\\/pt-br\\\/shop\\\/padroes-de-croche-religiosos\\\/the-pope\\\/#primaryimage\",\"url\":\"https:\\\/\\\/craftygenesindonesia.com\\\/wp-content\\\/uploads\\\/2023\\\/01\\\/The-Pope-2.jpg\",\"contentUrl\":\"https:\\\/\\\/craftygenesindonesia.com\\\/wp-content\\\/uploads\\\/2023\\\/01\\\/The-Pope-2.jpg\",\"width\":1080,\"height\":1080,\"caption\":\"boneco papa em croch\u00ea\"},{\"@type\":\"BreadcrumbList\",\"@id\":\"https:\\\/\\\/craftygenesindonesia.com\\\/pt-br\\\/shop\\\/padroes-de-croche-religiosos\\\/the-pope\\\/#breadcrumb\",\"itemListElement\":[{\"@type\":\"ListItem\",\"position\":1,\"name\":\"Home\",\"item\":\"https:\\\/\\\/craftygenesindonesia.com\\\/pt-br\\\/\"},{\"@type\":\"ListItem\",\"position\":2,\"name\":\"Loja de moldes\",\"item\":\"https:\\\/\\\/craftygenesindonesia.com\\\/pt-br\\\/loja-de-moldes\\\/\"},{\"@type\":\"ListItem\",\"position\":3,\"name\":\"The pope\"}]},{\"@type\":\"WebSite\",\"@id\":\"https:\\\/\\\/craftygenesindonesia.com\\\/pt-br\\\/#website\",\"url\":\"https:\\\/\\\/craftygenesindonesia.com\\\/pt-br\\\/\",\"name\":\"Craftygenesindonesia\",\"description\":\"\",\"publisher\":{\"@id\":\"https:\\\/\\\/craftygenesindonesia.com\\\/pt-br\\\/#organization\"},\"potentialAction\":[{\"@type\":\"SearchAction\",\"target\":{\"@type\":\"EntryPoint\",\"urlTemplate\":\"https:\\\/\\\/craftygenesindonesia.com\\\/pt-br\\\/?s={search_term_string}\"},\"query-input\":{\"@type\":\"PropertyValueSpecification\",\"valueRequired\":true,\"valueName\":\"search_term_string\"}}],\"inLanguage\":\"pt-BR\"},{\"@type\":\"Organization\",\"@id\":\"https:\\\/\\\/craftygenesindonesia.com\\\/pt-br\\\/#organization\",\"name\":\"Craftygenesindonesia\",\"url\":\"https:\\\/\\\/craftygenesindonesia.com\\\/pt-br\\\/\",\"logo\":{\"@type\":\"ImageObject\",\"inLanguage\":\"pt-BR\",\"@id\":\"https:\\\/\\\/craftygenesindonesia.com\\\/pt-br\\\/#\\\/schema\\\/logo\\\/image\\\/\",\"url\":\"https:\\\/\\\/craftygenesindonesia.com\\\/wp-content\\\/uploads\\\/2025\\\/11\\\/cropped-Copy-of-Craftygenesindonesia.jpg\",\"contentUrl\":\"https:\\\/\\\/craftygenesindonesia.com\\\/wp-content\\\/uploads\\\/2025\\\/11\\\/cropped-Copy-of-Craftygenesindonesia.jpg\",\"width\":180,\"height\":60,\"caption\":\"Craftygenesindonesia\"},\"image\":{\"@id\":\"https:\\\/\\\/craftygenesindonesia.com\\\/pt-br\\\/#\\\/schema\\\/logo\\\/image\\\/\"}}]}<\/script>\n<!-- \/ Yoast SEO plugin. -->","yoast_head_json":{"title":"The pope padr\u00e3o de croch\u00ea - Craftygenesindonesia","description":"Compre aqui o meu padr\u00e3o de croch\u00ea do Papa. O padr\u00e3o f\u00e1cil de croch\u00ea tamb\u00e9m est\u00e1 dispon\u00edvel no Etsy, Haked.nl, Ravelry e Payhip.","robots":{"index":"index","follow":"follow","max-snippet":"max-snippet:-1","max-image-preview":"max-image-preview:large","max-video-preview":"max-video-preview:-1"},"canonical":"https:\/\/craftygenesindonesia.com\/pt-br\/shop\/padroes-de-croche-religiosos\/the-pope\/","og_locale":"pt_BR","og_type":"article","og_title":"O padr\u00e3o de croch\u00ea do Papa","og_description":"Compre aqui o meu padr\u00e3o de croch\u00ea do Papa. O padr\u00e3o f\u00e1cil de croch\u00ea tamb\u00e9m est\u00e1 dispon\u00edvel no Etsy, Haked.nl, Ravelry e Payhip.","og_url":"https:\/\/craftygenesindonesia.com\/pt-br\/shop\/padroes-de-croche-religiosos\/the-pope\/","og_site_name":"Craftygenesindonesia","og_image":[{"url":"https:\/\/craftygenesindonesia.com\/wp-content\/uploads\/2023\/01\/The-Pope-2-300x300.jpg","type":"","width":"","height":""}],"twitter_card":"summary_large_image","twitter_title":"O padr\u00e3o de croch\u00ea do Papa","twitter_description":"Compre aqui o meu padr\u00e3o de croch\u00e9 \u201cO Papa\u201d. Tamb\u00e9m com links para o padr\u00e3o no Etsy, Ravelry e Haked.","twitter_image":"https:\/\/craftygenesindonesia.com\/wp-content\/uploads\/2023\/01\/Picsart_23-01-05_13-39-14-292-1024x1024.jpg","twitter_misc":{"Est. tempo de leitura":"1 minuto"},"schema":{"@context":"https:\/\/schema.org","@graph":[{"@type":"WebPage","@id":"https:\/\/craftygenesindonesia.com\/pt-br\/shop\/padroes-de-croche-religiosos\/the-pope\/","url":"https:\/\/craftygenesindonesia.com\/pt-br\/shop\/padroes-de-croche-religiosos\/the-pope\/","name":"The pope padr\u00e3o de croch\u00ea - Craftygenesindonesia","isPartOf":{"@id":"https:\/\/craftygenesindonesia.com\/pt-br\/#website"},"primaryImageOfPage":{"@id":"https:\/\/craftygenesindonesia.com\/pt-br\/shop\/padroes-de-croche-religiosos\/the-pope\/#primaryimage"},"image":{"@id":"https:\/\/craftygenesindonesia.com\/pt-br\/shop\/padroes-de-croche-religiosos\/the-pope\/#primaryimage"},"thumbnailUrl":"https:\/\/craftygenesindonesia.com\/wp-content\/uploads\/2023\/01\/The-Pope-2.jpg","datePublished":"2023-01-06T01:31:42+00:00","description":"Compre aqui o meu padr\u00e3o de croch\u00ea do Papa. O padr\u00e3o f\u00e1cil de croch\u00ea tamb\u00e9m est\u00e1 dispon\u00edvel no Etsy, Haked.nl, Ravelry e Payhip.","breadcrumb":{"@id":"https:\/\/craftygenesindonesia.com\/pt-br\/shop\/padroes-de-croche-religiosos\/the-pope\/#breadcrumb"},"inLanguage":"pt-BR","potentialAction":[{"@type":"ReadAction","target":["https:\/\/craftygenesindonesia.com\/pt-br\/shop\/padroes-de-croche-religiosos\/the-pope\/"]}]},{"@type":"ImageObject","inLanguage":"pt-BR","@id":"https:\/\/craftygenesindonesia.com\/pt-br\/shop\/padroes-de-croche-religiosos\/the-pope\/#primaryimage","url":"https:\/\/craftygenesindonesia.com\/wp-content\/uploads\/2023\/01\/The-Pope-2.jpg","contentUrl":"https:\/\/craftygenesindonesia.com\/wp-content\/uploads\/2023\/01\/The-Pope-2.jpg","width":1080,"height":1080,"caption":"boneco papa em croch\u00ea"},{"@type":"BreadcrumbList","@id":"https:\/\/craftygenesindonesia.com\/pt-br\/shop\/padroes-de-croche-religiosos\/the-pope\/#breadcrumb","itemListElement":[{"@type":"ListItem","position":1,"name":"Home","item":"https:\/\/craftygenesindonesia.com\/pt-br\/"},{"@type":"ListItem","position":2,"name":"Loja de moldes","item":"https:\/\/craftygenesindonesia.com\/pt-br\/loja-de-moldes\/"},{"@type":"ListItem","position":3,"name":"The pope"}]},{"@type":"WebSite","@id":"https:\/\/craftygenesindonesia.com\/pt-br\/#website","url":"https:\/\/craftygenesindonesia.com\/pt-br\/","name":"Craftygenesindonesia","description":"","publisher":{"@id":"https:\/\/craftygenesindonesia.com\/pt-br\/#organization"},"potentialAction":[{"@type":"SearchAction","target":{"@type":"EntryPoint","urlTemplate":"https:\/\/craftygenesindonesia.com\/pt-br\/?s={search_term_string}"},"query-input":{"@type":"PropertyValueSpecification","valueRequired":true,"valueName":"search_term_string"}}],"inLanguage":"pt-BR"},{"@type":"Organization","@id":"https:\/\/craftygenesindonesia.com\/pt-br\/#organization","name":"Craftygenesindonesia","url":"https:\/\/craftygenesindonesia.com\/pt-br\/","logo":{"@type":"ImageObject","inLanguage":"pt-BR","@id":"https:\/\/craftygenesindonesia.com\/pt-br\/#\/schema\/logo\/image\/","url":"https:\/\/craftygenesindonesia.com\/wp-content\/uploads\/2025\/11\/cropped-Copy-of-Craftygenesindonesia.jpg","contentUrl":"https:\/\/craftygenesindonesia.com\/wp-content\/uploads\/2025\/11\/cropped-Copy-of-Craftygenesindonesia.jpg","width":180,"height":60,"caption":"Craftygenesindonesia"},"image":{"@id":"https:\/\/craftygenesindonesia.com\/pt-br\/#\/schema\/logo\/image\/"}}]}},"_links":{"self":[{"href":"https:\/\/craftygenesindonesia.com\/pt-br\/wp-json\/wp\/v2\/product\/987537462","targetHints":{"allow":["GET"]}}],"collection":[{"href":"https:\/\/craftygenesindonesia.com\/pt-br\/wp-json\/wp\/v2\/product"}],"about":[{"href":"https:\/\/craftygenesindonesia.com\/pt-br\/wp-json\/wp\/v2\/types\/product"}],"replies":[{"embeddable":true,"href":"https:\/\/craftygenesindonesia.com\/pt-br\/wp-json\/wp\/v2\/comments?post=987537462"}],"wp:featuredmedia":[{"embeddable":true,"href":"https:\/\/craftygenesindonesia.com\/pt-br\/wp-json\/wp\/v2\/media\/987537465"}],"wp:attachment":[{"href":"https:\/\/craftygenesindonesia.com\/pt-br\/wp-json\/wp\/v2\/media?parent=987537462"}],"wp:term":[{"taxonomy":"product_brand","embeddable":true,"href":"https:\/\/craftygenesindonesia.com\/pt-br\/wp-json\/wp\/v2\/product_brand?post=987537462"},{"taxonomy":"product_cat","embeddable":true,"href":"https:\/\/craftygenesindonesia.com\/pt-br\/wp-json\/wp\/v2\/product_cat?post=987537462"},{"taxonomy":"product_tag","embeddable":true,"href":"https:\/\/craftygenesindonesia.com\/pt-br\/wp-json\/wp\/v2\/product_tag?post=987537462"}],"curies":[{"name":"wp","href":"https:\/\/api.w.org\/{rel}","templated":true}]}}