{"id":987537455,"date":"2022-12-30T12:55:30","date_gmt":"2022-12-30T04:55:30","guid":{"rendered":"https:\/\/craftygenesindonesia.com\/shop\/sem categoria\/forever-love\/"},"modified":"2022-12-30T12:55:30","modified_gmt":"2022-12-30T04:55:30","slug":"forever-love","status":"publish","type":"product","link":"https:\/\/craftygenesindonesia.com\/pt-br\/shop\/padroes-de-croche-senhoras-e-senhores\/forever-love\/","title":{"rendered":"Forever Love"},"content":{"rendered":"<p>O conjunto completo tem 25 cm de altura e \u00e9 feito com fio leve (3) adequado para amigurumi e uma agulha de croch\u00ea de 2 mm.<\/p>\n<p>Voc\u00ea precisar\u00e1 das seguintes cores:<\/p>\n<ul>\n<li>Preto: 55-65 m\/60-70 jardas<\/li>\n<li>Castanho escuro: 65-75 m\/70-80 jardas<\/li>\n<li>Vermelho escuro: 5-10 m\/5-10 jardas<\/li>\n<li>Cinza: 1 metro \/ 1 jarda<\/li>\n<li>Branco sujo: 170-180 m\/185-195 jardas<\/li>\n<li>Cor da pele: 75-85 m\/85-95 jardas<\/li>\n<li>Branco: 65-75 m\/70-80 jardas<\/li>\n<\/ul>\n<p>Voc\u00ea tamb\u00e9m precisar\u00e1 de: Enchimento \u2013 marcadores de pontos \u2013 agulha de tape\u00e7aria \u2013 l\u00e1pis \u2013 tesoura \u2013 cola \u2013 pistola de cola \u2013 agulha e linha de costura \u2013 alfinetes de costura \u2013 cotonetes \u2013 enfeites de strass \u2013 papel\u00e3o<\/p>\n<p>&nbsp;<\/p>\n<p>Agulha de croch\u00ea: tamanho 2 mm<\/p>\n<p>&nbsp;<\/p>\n<p>Este padr\u00e3o inclui muitas imagens para ajud\u00e1-lo.<\/p>\n<p>Caso tenha alguma d\u00favida, sinta-se \u00e0 vontade para me enviar uma mensagem para: <a href=\"mailto:craftygenesindonesia@gmail.com\">craftygenesindonesia@gmail.com<\/a><\/p>\n<p>&nbsp;<\/p>\n<p>Este padr\u00e3o est\u00e1 protegido por direitos autorais. Portanto, o padr\u00e3o \u00e9 apenas para uso pessoal e N\u00c3O pode ser copiado, vendido, revendido, traduzido, reivindicado como seu design, distribu\u00eddo, compartilhado, publicado, postado online&#8230; de qualquer forma sem o meu consentimento.  Nem mesmo parte disso!!!<\/p>\n<p>Voc\u00ea pode vender o conjunto Forever Love pronto em pequenas quantidades, mas n\u00e3o o padr\u00e3o de croch\u00ea em si! Mencione que o padr\u00e3o \u00e9 da Craftygenesindonesia e onde ele pode ser adquirido.<\/p>\n<p>&nbsp;<\/p>\n","protected":false},"excerpt":{"rendered":"<p>Este \u00e9 um padr\u00e3o muito f\u00e1cil de seguir para criar um casal de noivos em croch\u00ea simples, mas muito bonito. \u00c9 absolutamente perfeito se voc\u00ea vai se casar ou se deseja usar isso como presente de casamento. Voc\u00ea pode at\u00e9 mesmo us\u00e1-lo como enfeite de bolo de casamento!  <\/p>\n","protected":false},"featured_media":987537458,"comment_status":"open","ping_status":"closed","template":"","meta":{"_acf_changed":false},"product_brand":[],"product_cat":[13016,12996],"product_tag":[13150,13052,13433,13289,13288,13290,13148,13341,13434,13291,13432,13431],"class_list":{"0":"post-987537455","1":"product","2":"type-product","3":"status-publish","4":"has-post-thumbnail","6":"product_cat-padroes-de-croche-amor","7":"product_cat-padroes-de-croche-senhoras-e-senhores","8":"product_tag-amor","9":"product_tag-bolo","10":"product_tag-bolo-de-casamento","11":"product_tag-casal","12":"product_tag-casal-no-dia-dos-namorados","13":"product_tag-casamento","14":"product_tag-dia-dos-namorados","15":"product_tag-dia-dos-namorados-2","16":"product_tag-enfeite-para-bolo-de-casamento","17":"product_tag-noiva","18":"product_tag-noiva-e-noivo-em-croche","19":"product_tag-noivo-2","20":"pa_available_on-craftygenesindonesia","21":"pa_available_on-etsy","22":"pa_available_on-haked-nl","23":"pa_available_on-payhip","24":"pa_available_on-ravelry","25":"pa_languages-alemao","26":"pa_languages-espanhol","27":"pa_languages-frances","28":"pa_languages-holandes","29":"pa_languages-ingles-dos-eua","31":"first","32":"instock","33":"sale","34":"downloadable","35":"virtual","36":"purchasable","37":"product-type-simple"},"acf":[],"yoast_head":"<!-- This site is optimized with the Yoast SEO plugin v27.4 - https:\/\/yoast.com\/product\/yoast-seo-wordpress\/ -->\n<title>Forever Love padr\u00e3o de croch\u00ea - Craftygenesindonesia<\/title>\n<meta name=\"description\" content=\"Compre aqui o meu padr\u00e3o de croch\u00e9 &quot;Forever Love&quot; para noivos. O padr\u00e3o de croch\u00e9 tamb\u00e9m est\u00e1 dispon\u00edvel no Etsy, Haked e Ravelry.\" \/>\n<meta name=\"robots\" content=\"index, follow, max-snippet:-1, max-image-preview:large, max-video-preview:-1\" \/>\n<link rel=\"canonical\" href=\"https:\/\/craftygenesindonesia.com\/pt-br\/shop\/padroes-de-croche-senhoras-e-senhores\/forever-love\/\" \/>\n<meta property=\"og:locale\" content=\"pt_BR\" \/>\n<meta property=\"og:type\" content=\"article\" \/>\n<meta property=\"og:title\" content=\"Forever Love - padr\u00e3o de croch\u00ea\" \/>\n<meta property=\"og:description\" content=\"Compre aqui o meu padr\u00e3o de croch\u00e9 &quot;Forever Love&quot; para noivos. O padr\u00e3o de croch\u00e9 tamb\u00e9m est\u00e1 dispon\u00edvel no Etsy, Haked e Ravelry.\" \/>\n<meta property=\"og:url\" content=\"https:\/\/craftygenesindonesia.com\/pt-br\/shop\/padroes-de-croche-senhoras-e-senhores\/forever-love\/\" \/>\n<meta property=\"og:site_name\" content=\"Craftygenesindonesia\" \/>\n<meta property=\"og:image\" content=\"https:\/\/craftygenesindonesia.com\/wp-content\/uploads\/2022\/12\/Forever-Love-1-300x300.jpg\" \/>\n<meta name=\"twitter:card\" content=\"summary_large_image\" \/>\n<meta name=\"twitter:title\" content=\"Forever Love - padr\u00e3o de croch\u00ea\" \/>\n<meta name=\"twitter:description\" content=\"Compre aqui o meu padr\u00e3o de croch\u00e9 &quot;Forever Love&quot; para noivos, em ingl\u00eas e holand\u00eas. Aqui tamb\u00e9m encontrar\u00e1 links para o padr\u00e3o no Etsy, Haked e Ravelry.\" \/>\n<meta name=\"twitter:image\" content=\"https:\/\/craftygenesindonesia.com\/wp-content\/uploads\/2022\/12\/image0-35-1024x1024.jpeg\" \/>\n<meta name=\"twitter:label1\" content=\"Est. tempo de leitura\" \/>\n\t<meta name=\"twitter:data1\" content=\"1 minuto\" \/>\n<script type=\"application\/ld+json\" class=\"yoast-schema-graph\">{\"@context\":\"https:\\\/\\\/schema.org\",\"@graph\":[{\"@type\":\"WebPage\",\"@id\":\"https:\\\/\\\/craftygenesindonesia.com\\\/pt-br\\\/shop\\\/padroes-de-croche-senhoras-e-senhores\\\/forever-love\\\/\",\"url\":\"https:\\\/\\\/craftygenesindonesia.com\\\/pt-br\\\/shop\\\/padroes-de-croche-senhoras-e-senhores\\\/forever-love\\\/\",\"name\":\"Forever Love padr\u00e3o de croch\u00ea - Craftygenesindonesia\",\"isPartOf\":{\"@id\":\"https:\\\/\\\/craftygenesindonesia.com\\\/pt-br\\\/#website\"},\"primaryImageOfPage\":{\"@id\":\"https:\\\/\\\/craftygenesindonesia.com\\\/pt-br\\\/shop\\\/padroes-de-croche-senhoras-e-senhores\\\/forever-love\\\/#primaryimage\"},\"image\":{\"@id\":\"https:\\\/\\\/craftygenesindonesia.com\\\/pt-br\\\/shop\\\/padroes-de-croche-senhoras-e-senhores\\\/forever-love\\\/#primaryimage\"},\"thumbnailUrl\":\"https:\\\/\\\/craftygenesindonesia.com\\\/wp-content\\\/uploads\\\/2022\\\/12\\\/Forever-Love-1.jpg\",\"datePublished\":\"2022-12-30T04:55:30+00:00\",\"description\":\"Compre aqui o meu padr\u00e3o de croch\u00e9 \\\"Forever Love\\\" para noivos. O padr\u00e3o de croch\u00e9 tamb\u00e9m est\u00e1 dispon\u00edvel no Etsy, Haked e Ravelry.\",\"breadcrumb\":{\"@id\":\"https:\\\/\\\/craftygenesindonesia.com\\\/pt-br\\\/shop\\\/padroes-de-croche-senhoras-e-senhores\\\/forever-love\\\/#breadcrumb\"},\"inLanguage\":\"pt-BR\",\"potentialAction\":[{\"@type\":\"ReadAction\",\"target\":[\"https:\\\/\\\/craftygenesindonesia.com\\\/pt-br\\\/shop\\\/padroes-de-croche-senhoras-e-senhores\\\/forever-love\\\/\"]}]},{\"@type\":\"ImageObject\",\"inLanguage\":\"pt-BR\",\"@id\":\"https:\\\/\\\/craftygenesindonesia.com\\\/pt-br\\\/shop\\\/padroes-de-croche-senhoras-e-senhores\\\/forever-love\\\/#primaryimage\",\"url\":\"https:\\\/\\\/craftygenesindonesia.com\\\/wp-content\\\/uploads\\\/2022\\\/12\\\/Forever-Love-1.jpg\",\"contentUrl\":\"https:\\\/\\\/craftygenesindonesia.com\\\/wp-content\\\/uploads\\\/2022\\\/12\\\/Forever-Love-1.jpg\",\"width\":1080,\"height\":1080,\"caption\":\"noiva e noivo em croch\u00ea\"},{\"@type\":\"BreadcrumbList\",\"@id\":\"https:\\\/\\\/craftygenesindonesia.com\\\/pt-br\\\/shop\\\/padroes-de-croche-senhoras-e-senhores\\\/forever-love\\\/#breadcrumb\",\"itemListElement\":[{\"@type\":\"ListItem\",\"position\":1,\"name\":\"Home\",\"item\":\"https:\\\/\\\/craftygenesindonesia.com\\\/pt-br\\\/\"},{\"@type\":\"ListItem\",\"position\":2,\"name\":\"Loja de moldes\",\"item\":\"https:\\\/\\\/craftygenesindonesia.com\\\/pt-br\\\/loja-de-moldes\\\/\"},{\"@type\":\"ListItem\",\"position\":3,\"name\":\"Forever Love\"}]},{\"@type\":\"WebSite\",\"@id\":\"https:\\\/\\\/craftygenesindonesia.com\\\/pt-br\\\/#website\",\"url\":\"https:\\\/\\\/craftygenesindonesia.com\\\/pt-br\\\/\",\"name\":\"Craftygenesindonesia\",\"description\":\"\",\"publisher\":{\"@id\":\"https:\\\/\\\/craftygenesindonesia.com\\\/pt-br\\\/#organization\"},\"potentialAction\":[{\"@type\":\"SearchAction\",\"target\":{\"@type\":\"EntryPoint\",\"urlTemplate\":\"https:\\\/\\\/craftygenesindonesia.com\\\/pt-br\\\/?s={search_term_string}\"},\"query-input\":{\"@type\":\"PropertyValueSpecification\",\"valueRequired\":true,\"valueName\":\"search_term_string\"}}],\"inLanguage\":\"pt-BR\"},{\"@type\":\"Organization\",\"@id\":\"https:\\\/\\\/craftygenesindonesia.com\\\/pt-br\\\/#organization\",\"name\":\"Craftygenesindonesia\",\"url\":\"https:\\\/\\\/craftygenesindonesia.com\\\/pt-br\\\/\",\"logo\":{\"@type\":\"ImageObject\",\"inLanguage\":\"pt-BR\",\"@id\":\"https:\\\/\\\/craftygenesindonesia.com\\\/pt-br\\\/#\\\/schema\\\/logo\\\/image\\\/\",\"url\":\"https:\\\/\\\/craftygenesindonesia.com\\\/wp-content\\\/uploads\\\/2025\\\/11\\\/cropped-Copy-of-Craftygenesindonesia.jpg\",\"contentUrl\":\"https:\\\/\\\/craftygenesindonesia.com\\\/wp-content\\\/uploads\\\/2025\\\/11\\\/cropped-Copy-of-Craftygenesindonesia.jpg\",\"width\":180,\"height\":60,\"caption\":\"Craftygenesindonesia\"},\"image\":{\"@id\":\"https:\\\/\\\/craftygenesindonesia.com\\\/pt-br\\\/#\\\/schema\\\/logo\\\/image\\\/\"}}]}<\/script>\n<!-- \/ Yoast SEO plugin. -->","yoast_head_json":{"title":"Forever Love padr\u00e3o de croch\u00ea - Craftygenesindonesia","description":"Compre aqui o meu padr\u00e3o de croch\u00e9 \"Forever Love\" para noivos. O padr\u00e3o de croch\u00e9 tamb\u00e9m est\u00e1 dispon\u00edvel no Etsy, Haked e Ravelry.","robots":{"index":"index","follow":"follow","max-snippet":"max-snippet:-1","max-image-preview":"max-image-preview:large","max-video-preview":"max-video-preview:-1"},"canonical":"https:\/\/craftygenesindonesia.com\/pt-br\/shop\/padroes-de-croche-senhoras-e-senhores\/forever-love\/","og_locale":"pt_BR","og_type":"article","og_title":"Forever Love - padr\u00e3o de croch\u00ea","og_description":"Compre aqui o meu padr\u00e3o de croch\u00e9 \"Forever Love\" para noivos. O padr\u00e3o de croch\u00e9 tamb\u00e9m est\u00e1 dispon\u00edvel no Etsy, Haked e Ravelry.","og_url":"https:\/\/craftygenesindonesia.com\/pt-br\/shop\/padroes-de-croche-senhoras-e-senhores\/forever-love\/","og_site_name":"Craftygenesindonesia","og_image":[{"url":"https:\/\/craftygenesindonesia.com\/wp-content\/uploads\/2022\/12\/Forever-Love-1-300x300.jpg","type":"","width":"","height":""}],"twitter_card":"summary_large_image","twitter_title":"Forever Love - padr\u00e3o de croch\u00ea","twitter_description":"Compre aqui o meu padr\u00e3o de croch\u00e9 \"Forever Love\" para noivos, em ingl\u00eas e holand\u00eas. Aqui tamb\u00e9m encontrar\u00e1 links para o padr\u00e3o no Etsy, Haked e Ravelry.","twitter_image":"https:\/\/craftygenesindonesia.com\/wp-content\/uploads\/2022\/12\/image0-35-1024x1024.jpeg","twitter_misc":{"Est. tempo de leitura":"1 minuto"},"schema":{"@context":"https:\/\/schema.org","@graph":[{"@type":"WebPage","@id":"https:\/\/craftygenesindonesia.com\/pt-br\/shop\/padroes-de-croche-senhoras-e-senhores\/forever-love\/","url":"https:\/\/craftygenesindonesia.com\/pt-br\/shop\/padroes-de-croche-senhoras-e-senhores\/forever-love\/","name":"Forever Love padr\u00e3o de croch\u00ea - Craftygenesindonesia","isPartOf":{"@id":"https:\/\/craftygenesindonesia.com\/pt-br\/#website"},"primaryImageOfPage":{"@id":"https:\/\/craftygenesindonesia.com\/pt-br\/shop\/padroes-de-croche-senhoras-e-senhores\/forever-love\/#primaryimage"},"image":{"@id":"https:\/\/craftygenesindonesia.com\/pt-br\/shop\/padroes-de-croche-senhoras-e-senhores\/forever-love\/#primaryimage"},"thumbnailUrl":"https:\/\/craftygenesindonesia.com\/wp-content\/uploads\/2022\/12\/Forever-Love-1.jpg","datePublished":"2022-12-30T04:55:30+00:00","description":"Compre aqui o meu padr\u00e3o de croch\u00e9 \"Forever Love\" para noivos. O padr\u00e3o de croch\u00e9 tamb\u00e9m est\u00e1 dispon\u00edvel no Etsy, Haked e Ravelry.","breadcrumb":{"@id":"https:\/\/craftygenesindonesia.com\/pt-br\/shop\/padroes-de-croche-senhoras-e-senhores\/forever-love\/#breadcrumb"},"inLanguage":"pt-BR","potentialAction":[{"@type":"ReadAction","target":["https:\/\/craftygenesindonesia.com\/pt-br\/shop\/padroes-de-croche-senhoras-e-senhores\/forever-love\/"]}]},{"@type":"ImageObject","inLanguage":"pt-BR","@id":"https:\/\/craftygenesindonesia.com\/pt-br\/shop\/padroes-de-croche-senhoras-e-senhores\/forever-love\/#primaryimage","url":"https:\/\/craftygenesindonesia.com\/wp-content\/uploads\/2022\/12\/Forever-Love-1.jpg","contentUrl":"https:\/\/craftygenesindonesia.com\/wp-content\/uploads\/2022\/12\/Forever-Love-1.jpg","width":1080,"height":1080,"caption":"noiva e noivo em croch\u00ea"},{"@type":"BreadcrumbList","@id":"https:\/\/craftygenesindonesia.com\/pt-br\/shop\/padroes-de-croche-senhoras-e-senhores\/forever-love\/#breadcrumb","itemListElement":[{"@type":"ListItem","position":1,"name":"Home","item":"https:\/\/craftygenesindonesia.com\/pt-br\/"},{"@type":"ListItem","position":2,"name":"Loja de moldes","item":"https:\/\/craftygenesindonesia.com\/pt-br\/loja-de-moldes\/"},{"@type":"ListItem","position":3,"name":"Forever Love"}]},{"@type":"WebSite","@id":"https:\/\/craftygenesindonesia.com\/pt-br\/#website","url":"https:\/\/craftygenesindonesia.com\/pt-br\/","name":"Craftygenesindonesia","description":"","publisher":{"@id":"https:\/\/craftygenesindonesia.com\/pt-br\/#organization"},"potentialAction":[{"@type":"SearchAction","target":{"@type":"EntryPoint","urlTemplate":"https:\/\/craftygenesindonesia.com\/pt-br\/?s={search_term_string}"},"query-input":{"@type":"PropertyValueSpecification","valueRequired":true,"valueName":"search_term_string"}}],"inLanguage":"pt-BR"},{"@type":"Organization","@id":"https:\/\/craftygenesindonesia.com\/pt-br\/#organization","name":"Craftygenesindonesia","url":"https:\/\/craftygenesindonesia.com\/pt-br\/","logo":{"@type":"ImageObject","inLanguage":"pt-BR","@id":"https:\/\/craftygenesindonesia.com\/pt-br\/#\/schema\/logo\/image\/","url":"https:\/\/craftygenesindonesia.com\/wp-content\/uploads\/2025\/11\/cropped-Copy-of-Craftygenesindonesia.jpg","contentUrl":"https:\/\/craftygenesindonesia.com\/wp-content\/uploads\/2025\/11\/cropped-Copy-of-Craftygenesindonesia.jpg","width":180,"height":60,"caption":"Craftygenesindonesia"},"image":{"@id":"https:\/\/craftygenesindonesia.com\/pt-br\/#\/schema\/logo\/image\/"}}]}},"_links":{"self":[{"href":"https:\/\/craftygenesindonesia.com\/pt-br\/wp-json\/wp\/v2\/product\/987537455","targetHints":{"allow":["GET"]}}],"collection":[{"href":"https:\/\/craftygenesindonesia.com\/pt-br\/wp-json\/wp\/v2\/product"}],"about":[{"href":"https:\/\/craftygenesindonesia.com\/pt-br\/wp-json\/wp\/v2\/types\/product"}],"replies":[{"embeddable":true,"href":"https:\/\/craftygenesindonesia.com\/pt-br\/wp-json\/wp\/v2\/comments?post=987537455"}],"wp:featuredmedia":[{"embeddable":true,"href":"https:\/\/craftygenesindonesia.com\/pt-br\/wp-json\/wp\/v2\/media\/987537458"}],"wp:attachment":[{"href":"https:\/\/craftygenesindonesia.com\/pt-br\/wp-json\/wp\/v2\/media?parent=987537455"}],"wp:term":[{"taxonomy":"product_brand","embeddable":true,"href":"https:\/\/craftygenesindonesia.com\/pt-br\/wp-json\/wp\/v2\/product_brand?post=987537455"},{"taxonomy":"product_cat","embeddable":true,"href":"https:\/\/craftygenesindonesia.com\/pt-br\/wp-json\/wp\/v2\/product_cat?post=987537455"},{"taxonomy":"product_tag","embeddable":true,"href":"https:\/\/craftygenesindonesia.com\/pt-br\/wp-json\/wp\/v2\/product_tag?post=987537455"}],"curies":[{"name":"wp","href":"https:\/\/api.w.org\/{rel}","templated":true}]}}