{"id":987537416,"date":"2022-11-19T07:26:42","date_gmt":"2022-11-18T23:26:42","guid":{"rendered":"https:\/\/craftygenesindonesia.com\/shop\/sem categoria\/para-os-nossos-guardioes-padrao-de-trico\/"},"modified":"2022-11-19T07:26:42","modified_gmt":"2022-11-18T23:26:42","slug":"para-os-nossos-guardioes-padrao-de-trico","status":"publish","type":"product","link":"https:\/\/craftygenesindonesia.com\/pt-br\/shop\/padroes-de-trico\/para-os-nossos-guardioes-padrao-de-trico\/","title":{"rendered":"Para os nossos guardi\u00f5es &#8211; Padr\u00e3o de tric\u00f4"},"content":{"rendered":"<p>(esta \u00e9 a vers\u00e3o em tric\u00f4 do meu padr\u00e3o de croch\u00ea de soldado. Para a vers\u00e3o em croch\u00ea, consulte o meu padr\u00e3o de croch\u00ea <strong><a href=\"https:\/\/craftygenesindonesia.com\/pt-br\/?attachment_id=987531288\" target=\"_blank\" rel=\"noopener\">PARA OS CA\u00cdDOS<\/a><\/strong>).<br \/>\n<strong>Atualiza\u00e7\u00e3o: Em 17 de setembro de 2023, corrigi um erro de digita\u00e7\u00e3o na linha 29. Deveria ser 16 e n\u00e3o 19. <\/strong><\/p>\n<p>Este soldado de malha tem 23 cm de altura e \u00e9 feito com fio de espessura \u201cFINGERING\u201d, adequado para amigurumi, e agulhas de tric\u00f4 retas de 2 mm.<\/p>\n<p>Voc\u00ea precisar\u00e1 das seguintes cores: bege \u2013 marrom \u2013 cinza \u2013 verde (um tipo de verde musgo) \u2013 cor de pele \u2013 vermelho \u2013 marrom uniforme e um fio preto.<\/p>\n<p>Voc\u00ea tamb\u00e9m precisar\u00e1 de: enchimento \u2013 agulha de tape\u00e7aria \u2013 tesoura \u2013 l\u00e1pis \u2013 cola \u2013 alfinete de cola \u2013 alfinetes de costura \u2013 papel\u00e3o \u2013 olho de seguran\u00e7a de 14 mm\/peda\u00e7o de feltro preto\/bot\u00e3o preto<\/p>\n<p>Agulhas de tric\u00f4: agulhas de tric\u00f4 retas de 2 mm<\/p>\n<p>Este padr\u00e3o inclui instru\u00e7\u00f5es escritas e muitas imagens para ajud\u00e1-lo.<br \/>\nCaso tenha dificuldades em compreend\u00ea-lo, sinta-se \u00e0 vontade para me enviar uma mensagem para: <a href=\"mailto:craftygenesindonesia@gmail.com\">craftygenesindonesia@gmail.com<\/a><\/p>\n<p><strong>This pattern is for personal use only and there is a COPYRIGHT on it. The pattern is therefore for personal use only and may NOT be copied, sold, resold, translated, claimed as your design, distributed, shared, published, posted online\u2026 in any form without my consent.  Nem mesmo parte disso!!<\/strong><\/p>\n<p><strong>Voc\u00ea pode vender o item acabado, mas n\u00e3o o padr\u00e3o em si!<\/strong><\/p>\n","protected":false},"excerpt":{"rendered":"<p>A t\u00e3o esperada vers\u00e3o em tric\u00f4 do meu soldado de croch\u00ea Para os que ca\u00edram est\u00e1 aqui!!! Agora, quem tricota tamb\u00e9m pode fazer o meu soldado. Divirtam-se muito tricotando este homenzinho&#8230; <\/p>\n<p>Clique <strong><a href=\"https:\/\/craftygenesindonesia.com\/pt-br\/?attachment_id=987531288\" target=\"_blank\" rel=\"noopener\">aqui<\/a><\/strong> se desejar uma vers\u00e3o em CROCH\u00ca do meu soldado.<\/p>\n","protected":false},"featured_media":987537417,"comment_status":"open","ping_status":"closed","template":"","meta":{"_acf_changed":false},"product_brand":[],"product_cat":[13019,13013],"product_tag":[13343,13123,13034,13122,13124,13086,13426,13125,13051,13427,13265],"class_list":{"0":"post-987537416","1":"product","2":"type-product","3":"status-publish","4":"has-post-thumbnail","6":"product_cat-militar","7":"product_cat-padroes-de-trico","8":"product_tag-dia-da-memoria-2","9":"product_tag-dia-da-memoria","10":"product_tag-dia-do-armisticio","11":"product_tag-exercito","12":"product_tag-militar","13":"product_tag-monumento-aos-mortos-na-guerra","14":"product_tag-padrao-de-trico","15":"product_tag-papoula","16":"product_tag-soldado","17":"product_tag-soldado-de-malha","18":"product_tag-trico","19":"pa_available_on-craftygenesindonesia","20":"pa_available_on-etsy","21":"pa_available_on-haked-nl","22":"pa_available_on-payhip","23":"pa_available_on-ravelry","24":"pa_languages-espanhol","25":"pa_languages-frances","26":"pa_languages-holandes","27":"pa_languages-ingles-dos-eua","29":"first","30":"instock","31":"downloadable","32":"virtual","33":"purchasable","34":"product-type-simple"},"acf":[],"yoast_head":"<!-- This site is optimized with the Yoast SEO plugin v27.3 - https:\/\/yoast.com\/product\/yoast-seo-wordpress\/ -->\n<title>Para os nossos guardi\u00f5es - Padr\u00e3o de tric\u00f4 - Craftygenesindonesia<\/title>\n<meta name=\"description\" content=\"Compre aqui o meu padr\u00e3o de TRIC\u00d4 \u201cPara os nossos guardi\u00f5es\u201d. O padr\u00e3o de tric\u00f4 f\u00e1cil de seguir tamb\u00e9m est\u00e1 dispon\u00edvel no Etsy, Ravelry e Haked.\" \/>\n<meta name=\"robots\" content=\"index, follow, max-snippet:-1, max-image-preview:large, max-video-preview:-1\" \/>\n<link rel=\"canonical\" href=\"https:\/\/craftygenesindonesia.com\/pt-br\/shop\/padroes-de-trico\/para-os-nossos-guardioes-padrao-de-trico\/\" \/>\n<meta property=\"og:locale\" content=\"pt_BR\" \/>\n<meta property=\"og:type\" content=\"article\" \/>\n<meta property=\"og:title\" content=\"Para os nossos guardi\u00f5es - Padr\u00e3o de TRIC\u00d4\" \/>\n<meta property=\"og:description\" content=\"Compre aqui o meu padr\u00e3o de TRIC\u00d4 \u201cPara os nossos guardi\u00f5es\u201d. O padr\u00e3o de tric\u00f4 f\u00e1cil de seguir tamb\u00e9m est\u00e1 dispon\u00edvel no Etsy, Ravelry e Haked.\" \/>\n<meta property=\"og:url\" content=\"https:\/\/craftygenesindonesia.com\/pt-br\/shop\/padroes-de-trico\/para-os-nossos-guardioes-padrao-de-trico\/\" \/>\n<meta property=\"og:site_name\" content=\"Craftygenesindonesia\" \/>\n<meta property=\"og:image\" content=\"https:\/\/craftygenesindonesia.com\/wp-content\/uploads\/2022\/11\/For-our-Guardians-1-1-300x300.jpg\" \/>\n<meta name=\"twitter:card\" content=\"summary_large_image\" \/>\n<meta name=\"twitter:title\" content=\"Para os nossos guardi\u00f5es - Padr\u00e3o de tric\u00f4\" \/>\n<meta name=\"twitter:description\" content=\"Compre aqui o meu MODELO DE TRIC\u00d4 For Our Guardians. Dispon\u00edvel em INGL\u00caS e HOLAND\u00caS. Com links para o modelo no Etsy, Ravelry, Haked.\" \/>\n<meta name=\"twitter:image\" content=\"https:\/\/craftygenesindonesia.com\/wp-content\/uploads\/2022\/11\/image1-18-1024x1024.jpeg\" \/>\n<meta name=\"twitter:label1\" content=\"Est. tempo de leitura\" \/>\n\t<meta name=\"twitter:data1\" content=\"1 minuto\" \/>\n<script type=\"application\/ld+json\" class=\"yoast-schema-graph\">{\"@context\":\"https:\\\/\\\/schema.org\",\"@graph\":[{\"@type\":\"WebPage\",\"@id\":\"https:\\\/\\\/craftygenesindonesia.com\\\/pt-br\\\/shop\\\/padroes-de-trico\\\/para-os-nossos-guardioes-padrao-de-trico\\\/\",\"url\":\"https:\\\/\\\/craftygenesindonesia.com\\\/pt-br\\\/shop\\\/padroes-de-trico\\\/para-os-nossos-guardioes-padrao-de-trico\\\/\",\"name\":\"Para os nossos guardi\u00f5es - Padr\u00e3o de tric\u00f4 - Craftygenesindonesia\",\"isPartOf\":{\"@id\":\"https:\\\/\\\/craftygenesindonesia.com\\\/pt-br\\\/#website\"},\"primaryImageOfPage\":{\"@id\":\"https:\\\/\\\/craftygenesindonesia.com\\\/pt-br\\\/shop\\\/padroes-de-trico\\\/para-os-nossos-guardioes-padrao-de-trico\\\/#primaryimage\"},\"image\":{\"@id\":\"https:\\\/\\\/craftygenesindonesia.com\\\/pt-br\\\/shop\\\/padroes-de-trico\\\/para-os-nossos-guardioes-padrao-de-trico\\\/#primaryimage\"},\"thumbnailUrl\":\"https:\\\/\\\/craftygenesindonesia.com\\\/wp-content\\\/uploads\\\/2022\\\/11\\\/For-our-Guardians-1-1.jpg\",\"datePublished\":\"2022-11-18T23:26:42+00:00\",\"description\":\"Compre aqui o meu padr\u00e3o de TRIC\u00d4 \u201cPara os nossos guardi\u00f5es\u201d. O padr\u00e3o de tric\u00f4 f\u00e1cil de seguir tamb\u00e9m est\u00e1 dispon\u00edvel no Etsy, Ravelry e Haked.\",\"breadcrumb\":{\"@id\":\"https:\\\/\\\/craftygenesindonesia.com\\\/pt-br\\\/shop\\\/padroes-de-trico\\\/para-os-nossos-guardioes-padrao-de-trico\\\/#breadcrumb\"},\"inLanguage\":\"pt-BR\",\"potentialAction\":[{\"@type\":\"ReadAction\",\"target\":[\"https:\\\/\\\/craftygenesindonesia.com\\\/pt-br\\\/shop\\\/padroes-de-trico\\\/para-os-nossos-guardioes-padrao-de-trico\\\/\"]}]},{\"@type\":\"ImageObject\",\"inLanguage\":\"pt-BR\",\"@id\":\"https:\\\/\\\/craftygenesindonesia.com\\\/pt-br\\\/shop\\\/padroes-de-trico\\\/para-os-nossos-guardioes-padrao-de-trico\\\/#primaryimage\",\"url\":\"https:\\\/\\\/craftygenesindonesia.com\\\/wp-content\\\/uploads\\\/2022\\\/11\\\/For-our-Guardians-1-1.jpg\",\"contentUrl\":\"https:\\\/\\\/craftygenesindonesia.com\\\/wp-content\\\/uploads\\\/2022\\\/11\\\/For-our-Guardians-1-1.jpg\",\"width\":1080,\"height\":1080},{\"@type\":\"BreadcrumbList\",\"@id\":\"https:\\\/\\\/craftygenesindonesia.com\\\/pt-br\\\/shop\\\/padroes-de-trico\\\/para-os-nossos-guardioes-padrao-de-trico\\\/#breadcrumb\",\"itemListElement\":[{\"@type\":\"ListItem\",\"position\":1,\"name\":\"Home\",\"item\":\"https:\\\/\\\/craftygenesindonesia.com\\\/pt-br\\\/\"},{\"@type\":\"ListItem\",\"position\":2,\"name\":\"Loja de moldes\",\"item\":\"https:\\\/\\\/craftygenesindonesia.com\\\/pt-br\\\/loja-de-moldes\\\/\"},{\"@type\":\"ListItem\",\"position\":3,\"name\":\"Para os nossos guardi\u00f5es &#8211; Padr\u00e3o de tric\u00f4\"}]},{\"@type\":\"WebSite\",\"@id\":\"https:\\\/\\\/craftygenesindonesia.com\\\/pt-br\\\/#website\",\"url\":\"https:\\\/\\\/craftygenesindonesia.com\\\/pt-br\\\/\",\"name\":\"Craftygenesindonesia\",\"description\":\"\",\"publisher\":{\"@id\":\"https:\\\/\\\/craftygenesindonesia.com\\\/pt-br\\\/#organization\"},\"potentialAction\":[{\"@type\":\"SearchAction\",\"target\":{\"@type\":\"EntryPoint\",\"urlTemplate\":\"https:\\\/\\\/craftygenesindonesia.com\\\/pt-br\\\/?s={search_term_string}\"},\"query-input\":{\"@type\":\"PropertyValueSpecification\",\"valueRequired\":true,\"valueName\":\"search_term_string\"}}],\"inLanguage\":\"pt-BR\"},{\"@type\":\"Organization\",\"@id\":\"https:\\\/\\\/craftygenesindonesia.com\\\/pt-br\\\/#organization\",\"name\":\"Craftygenesindonesia\",\"url\":\"https:\\\/\\\/craftygenesindonesia.com\\\/pt-br\\\/\",\"logo\":{\"@type\":\"ImageObject\",\"inLanguage\":\"pt-BR\",\"@id\":\"https:\\\/\\\/craftygenesindonesia.com\\\/pt-br\\\/#\\\/schema\\\/logo\\\/image\\\/\",\"url\":\"https:\\\/\\\/craftygenesindonesia.com\\\/wp-content\\\/uploads\\\/2025\\\/11\\\/cropped-Copy-of-Craftygenesindonesia.jpg\",\"contentUrl\":\"https:\\\/\\\/craftygenesindonesia.com\\\/wp-content\\\/uploads\\\/2025\\\/11\\\/cropped-Copy-of-Craftygenesindonesia.jpg\",\"width\":180,\"height\":60,\"caption\":\"Craftygenesindonesia\"},\"image\":{\"@id\":\"https:\\\/\\\/craftygenesindonesia.com\\\/pt-br\\\/#\\\/schema\\\/logo\\\/image\\\/\"}}]}<\/script>\n<!-- \/ Yoast SEO plugin. -->","yoast_head_json":{"title":"Para os nossos guardi\u00f5es - Padr\u00e3o de tric\u00f4 - Craftygenesindonesia","description":"Compre aqui o meu padr\u00e3o de TRIC\u00d4 \u201cPara os nossos guardi\u00f5es\u201d. O padr\u00e3o de tric\u00f4 f\u00e1cil de seguir tamb\u00e9m est\u00e1 dispon\u00edvel no Etsy, Ravelry e Haked.","robots":{"index":"index","follow":"follow","max-snippet":"max-snippet:-1","max-image-preview":"max-image-preview:large","max-video-preview":"max-video-preview:-1"},"canonical":"https:\/\/craftygenesindonesia.com\/pt-br\/shop\/padroes-de-trico\/para-os-nossos-guardioes-padrao-de-trico\/","og_locale":"pt_BR","og_type":"article","og_title":"Para os nossos guardi\u00f5es - Padr\u00e3o de TRIC\u00d4","og_description":"Compre aqui o meu padr\u00e3o de TRIC\u00d4 \u201cPara os nossos guardi\u00f5es\u201d. O padr\u00e3o de tric\u00f4 f\u00e1cil de seguir tamb\u00e9m est\u00e1 dispon\u00edvel no Etsy, Ravelry e Haked.","og_url":"https:\/\/craftygenesindonesia.com\/pt-br\/shop\/padroes-de-trico\/para-os-nossos-guardioes-padrao-de-trico\/","og_site_name":"Craftygenesindonesia","og_image":[{"url":"https:\/\/craftygenesindonesia.com\/wp-content\/uploads\/2022\/11\/For-our-Guardians-1-1-300x300.jpg","type":"","width":"","height":""}],"twitter_card":"summary_large_image","twitter_title":"Para os nossos guardi\u00f5es - Padr\u00e3o de tric\u00f4","twitter_description":"Compre aqui o meu MODELO DE TRIC\u00d4 For Our Guardians. Dispon\u00edvel em INGL\u00caS e HOLAND\u00caS. Com links para o modelo no Etsy, Ravelry, Haked.","twitter_image":"https:\/\/craftygenesindonesia.com\/wp-content\/uploads\/2022\/11\/image1-18-1024x1024.jpeg","twitter_misc":{"Est. tempo de leitura":"1 minuto"},"schema":{"@context":"https:\/\/schema.org","@graph":[{"@type":"WebPage","@id":"https:\/\/craftygenesindonesia.com\/pt-br\/shop\/padroes-de-trico\/para-os-nossos-guardioes-padrao-de-trico\/","url":"https:\/\/craftygenesindonesia.com\/pt-br\/shop\/padroes-de-trico\/para-os-nossos-guardioes-padrao-de-trico\/","name":"Para os nossos guardi\u00f5es - Padr\u00e3o de tric\u00f4 - Craftygenesindonesia","isPartOf":{"@id":"https:\/\/craftygenesindonesia.com\/pt-br\/#website"},"primaryImageOfPage":{"@id":"https:\/\/craftygenesindonesia.com\/pt-br\/shop\/padroes-de-trico\/para-os-nossos-guardioes-padrao-de-trico\/#primaryimage"},"image":{"@id":"https:\/\/craftygenesindonesia.com\/pt-br\/shop\/padroes-de-trico\/para-os-nossos-guardioes-padrao-de-trico\/#primaryimage"},"thumbnailUrl":"https:\/\/craftygenesindonesia.com\/wp-content\/uploads\/2022\/11\/For-our-Guardians-1-1.jpg","datePublished":"2022-11-18T23:26:42+00:00","description":"Compre aqui o meu padr\u00e3o de TRIC\u00d4 \u201cPara os nossos guardi\u00f5es\u201d. O padr\u00e3o de tric\u00f4 f\u00e1cil de seguir tamb\u00e9m est\u00e1 dispon\u00edvel no Etsy, Ravelry e Haked.","breadcrumb":{"@id":"https:\/\/craftygenesindonesia.com\/pt-br\/shop\/padroes-de-trico\/para-os-nossos-guardioes-padrao-de-trico\/#breadcrumb"},"inLanguage":"pt-BR","potentialAction":[{"@type":"ReadAction","target":["https:\/\/craftygenesindonesia.com\/pt-br\/shop\/padroes-de-trico\/para-os-nossos-guardioes-padrao-de-trico\/"]}]},{"@type":"ImageObject","inLanguage":"pt-BR","@id":"https:\/\/craftygenesindonesia.com\/pt-br\/shop\/padroes-de-trico\/para-os-nossos-guardioes-padrao-de-trico\/#primaryimage","url":"https:\/\/craftygenesindonesia.com\/wp-content\/uploads\/2022\/11\/For-our-Guardians-1-1.jpg","contentUrl":"https:\/\/craftygenesindonesia.com\/wp-content\/uploads\/2022\/11\/For-our-Guardians-1-1.jpg","width":1080,"height":1080},{"@type":"BreadcrumbList","@id":"https:\/\/craftygenesindonesia.com\/pt-br\/shop\/padroes-de-trico\/para-os-nossos-guardioes-padrao-de-trico\/#breadcrumb","itemListElement":[{"@type":"ListItem","position":1,"name":"Home","item":"https:\/\/craftygenesindonesia.com\/pt-br\/"},{"@type":"ListItem","position":2,"name":"Loja de moldes","item":"https:\/\/craftygenesindonesia.com\/pt-br\/loja-de-moldes\/"},{"@type":"ListItem","position":3,"name":"Para os nossos guardi\u00f5es &#8211; Padr\u00e3o de tric\u00f4"}]},{"@type":"WebSite","@id":"https:\/\/craftygenesindonesia.com\/pt-br\/#website","url":"https:\/\/craftygenesindonesia.com\/pt-br\/","name":"Craftygenesindonesia","description":"","publisher":{"@id":"https:\/\/craftygenesindonesia.com\/pt-br\/#organization"},"potentialAction":[{"@type":"SearchAction","target":{"@type":"EntryPoint","urlTemplate":"https:\/\/craftygenesindonesia.com\/pt-br\/?s={search_term_string}"},"query-input":{"@type":"PropertyValueSpecification","valueRequired":true,"valueName":"search_term_string"}}],"inLanguage":"pt-BR"},{"@type":"Organization","@id":"https:\/\/craftygenesindonesia.com\/pt-br\/#organization","name":"Craftygenesindonesia","url":"https:\/\/craftygenesindonesia.com\/pt-br\/","logo":{"@type":"ImageObject","inLanguage":"pt-BR","@id":"https:\/\/craftygenesindonesia.com\/pt-br\/#\/schema\/logo\/image\/","url":"https:\/\/craftygenesindonesia.com\/wp-content\/uploads\/2025\/11\/cropped-Copy-of-Craftygenesindonesia.jpg","contentUrl":"https:\/\/craftygenesindonesia.com\/wp-content\/uploads\/2025\/11\/cropped-Copy-of-Craftygenesindonesia.jpg","width":180,"height":60,"caption":"Craftygenesindonesia"},"image":{"@id":"https:\/\/craftygenesindonesia.com\/pt-br\/#\/schema\/logo\/image\/"}}]}},"_links":{"self":[{"href":"https:\/\/craftygenesindonesia.com\/pt-br\/wp-json\/wp\/v2\/product\/987537416","targetHints":{"allow":["GET"]}}],"collection":[{"href":"https:\/\/craftygenesindonesia.com\/pt-br\/wp-json\/wp\/v2\/product"}],"about":[{"href":"https:\/\/craftygenesindonesia.com\/pt-br\/wp-json\/wp\/v2\/types\/product"}],"replies":[{"embeddable":true,"href":"https:\/\/craftygenesindonesia.com\/pt-br\/wp-json\/wp\/v2\/comments?post=987537416"}],"wp:featuredmedia":[{"embeddable":true,"href":"https:\/\/craftygenesindonesia.com\/pt-br\/wp-json\/wp\/v2\/media\/987537417"}],"wp:attachment":[{"href":"https:\/\/craftygenesindonesia.com\/pt-br\/wp-json\/wp\/v2\/media?parent=987537416"}],"wp:term":[{"taxonomy":"product_brand","embeddable":true,"href":"https:\/\/craftygenesindonesia.com\/pt-br\/wp-json\/wp\/v2\/product_brand?post=987537416"},{"taxonomy":"product_cat","embeddable":true,"href":"https:\/\/craftygenesindonesia.com\/pt-br\/wp-json\/wp\/v2\/product_cat?post=987537416"},{"taxonomy":"product_tag","embeddable":true,"href":"https:\/\/craftygenesindonesia.com\/pt-br\/wp-json\/wp\/v2\/product_tag?post=987537416"}],"curies":[{"name":"wp","href":"https:\/\/api.w.org\/{rel}","templated":true}]}}