{"id":987537392,"date":"2022-10-21T05:38:36","date_gmt":"2022-10-20T21:38:36","guid":{"rendered":"https:\/\/craftygenesindonesia.com\/shop\/sem categoria\/precious-little-one\/"},"modified":"2022-10-21T05:38:36","modified_gmt":"2022-10-20T21:38:36","slug":"precious-little-one","status":"publish","type":"product","link":"https:\/\/craftygenesindonesia.com\/pt-br\/shop\/padroes-de-croche-3d\/precious-little-one\/","title":{"rendered":"Precious Little One"},"content":{"rendered":"<p><strong>Precious little one<\/strong><\/p>\n<p>Tipo de arquivo: padr\u00e3o de croch\u00ea &#8211; download digital, n\u00e3o \u00e9 um item f\u00edsico<br \/>\n<strong>Idiomas dispon\u00edveis: ingl\u00eas, holand\u00eas, franc\u00eas, espanhol, alem\u00e3o, italiano<\/strong><\/p>\n<p>Tamanho do item acabado: 29 cm\/11,4 polegadas de altura<\/p>\n<p>Tipo de fio: fio DK (tamanho 4)<br \/>\nMarcas recomendadas: Softfun da Scheepjes, Durable Cosy fine,&#8230;<br \/>\nCores de fio necess\u00e1rias: f\u00facsia, rosa claro, laranja, rosa, branco, cor de pele, roxo claro e preto<\/p>\n<p>Voc\u00ea tamb\u00e9m precisar\u00e1 de: uma pequena quantidade de fio chenille branco.<\/p>\n<p>Agulha de croch\u00ea: 2,5 mm<\/p>\n<p>Outros itens necess\u00e1rios: enchimento, marcadores de pontos, agulha de tape\u00e7aria, l\u00e1pis, tesoura, cola, pistola de cola, fita adesiva, papel\u00e3o, fio de alum\u00ednio, alicate de corte e olhos de seguran\u00e7a pretos de 5 mm.<\/p>\n<p><strong>Direitos autorais e informa\u00e7\u00f5es de ajuda:<\/strong><br \/>\nEste padr\u00e3o \u00e9 um padr\u00e3o escrito (digital) com muitas imagens para ajud\u00e1-lo. Se voc\u00ea tiver d\u00favidas sobre o padr\u00e3o, envie um e-mail para craftygenesindonesia@gmail.com<\/p>\n<p><strong>Este padr\u00e3o digital de croch\u00ea \u00e9 apenas para uso pessoal e est\u00e1 protegido por direitos autorais. Portanto, voc\u00ea n\u00e3o pode copiar, vender, revender, traduzir, reivindicar como seu pr\u00f3prio design, distribuir, compartilhar, publicar, postar&#8230; de nenhuma forma ou maneira sem a minha permiss\u00e3o. Nem mesmo uma parte dele!  <\/strong><\/p>\n<p><strong>Voc\u00ea pode vender o produto ou item acabado, em pequenas quantidades, mas n\u00e3o pode vender o padr\u00e3o de croch\u00ea em si! Mencione que o padr\u00e3o de croch\u00ea \u00e9 da minha autoria, Craftygenesindonesia, e onde pode ser adquirido. <\/strong><\/p>\n","protected":false},"excerpt":{"rendered":"<p>Este padr\u00e3o de croch\u00ea \u00e9 perfeito para quem deseja fazer um lindo presente de croch\u00ea para um rec\u00e9m-nascido. Voc\u00ea pode alter\u00e1-lo para qualquer cor que desejar. <\/p>\n","protected":false},"featured_media":987537395,"comment_status":"open","ping_status":"closed","template":"","meta":{"_acf_changed":false},"product_brand":[],"product_cat":[13003,13018],"product_tag":[13335,13419,13423,13424,13212,13421,13418,13417,13422,13420],"class_list":{"0":"post-987537392","1":"product","2":"type-product","3":"status-publish","4":"has-post-thumbnail","6":"product_cat-padroes-de-croche-3d","7":"product_cat-padroes-de-croche-memoria","8":"product_tag-bebe","9":"product_tag-bebe-2","10":"product_tag-bebe-menina","11":"product_tag-bebe-menino","12":"product_tag-berco","13":"product_tag-cegonha","14":"product_tag-cha-de-bebe","15":"product_tag-nascimento-do-bebe","16":"product_tag-presente-para-recem-nascido","17":"product_tag-recem-nascido","18":"pa_available_on-craftygenesindonesia","19":"pa_available_on-etsy","20":"pa_available_on-haked-nl","21":"pa_available_on-payhip","22":"pa_available_on-ravelry","23":"pa_languages-alemao","24":"pa_languages-espanhol","25":"pa_languages-frances","26":"pa_languages-holandes","27":"pa_languages-ingles-dos-eua","28":"pa_languages-italiano","30":"first","31":"instock","32":"downloadable","33":"virtual","34":"purchasable","35":"product-type-simple"},"acf":[],"yoast_head":"<!-- This site is optimized with the Yoast SEO plugin v27.3 - https:\/\/yoast.com\/product\/yoast-seo-wordpress\/ -->\n<title>Precious Little One padr\u00e3o de croch\u00ea - Craftygenesindonesia<\/title>\n<meta name=\"description\" content=\"Compre aqui o meu padr\u00e3o de croch\u00ea \u201cPrecious Little One\u201d (Meu pequeno tesouro) com uma cegonha e um beb\u00ea. O padr\u00e3o de croch\u00ea f\u00e1cil tamb\u00e9m est\u00e1 dispon\u00edvel no Etsy, Haked, Ravelry e Payhip.\" \/>\n<meta name=\"robots\" content=\"index, follow, max-snippet:-1, max-image-preview:large, max-video-preview:-1\" \/>\n<link rel=\"canonical\" href=\"https:\/\/craftygenesindonesia.com\/pt-br\/shop\/padroes-de-croche-3d\/precious-little-one\/\" \/>\n<meta property=\"og:locale\" content=\"pt_BR\" \/>\n<meta property=\"og:type\" content=\"article\" \/>\n<meta property=\"og:title\" content=\"Precious Little One, padr\u00e3o de croch\u00ea para cegonha e beb\u00ea\" \/>\n<meta property=\"og:description\" content=\"Compre aqui o meu padr\u00e3o de croch\u00ea \u201cPrecious Little One\u201d (Meu pequeno tesouro) com uma cegonha e um beb\u00ea. O padr\u00e3o de croch\u00ea f\u00e1cil tamb\u00e9m est\u00e1 dispon\u00edvel no Etsy, Haked, Ravelry e Payhip.\" \/>\n<meta property=\"og:url\" content=\"https:\/\/craftygenesindonesia.com\/pt-br\/shop\/padroes-de-croche-3d\/precious-little-one\/\" \/>\n<meta property=\"og:site_name\" content=\"Craftygenesindonesia\" \/>\n<meta property=\"og:image\" content=\"https:\/\/craftygenesindonesia.com\/wp-content\/uploads\/2022\/10\/Precious-Little-One-2-300x300.jpg\" \/>\n<meta name=\"twitter:card\" content=\"summary_large_image\" \/>\n<meta name=\"twitter:title\" content=\"Precious Little One - padr\u00e3o de croch\u00ea\" \/>\n<meta name=\"twitter:description\" content=\"Compre aqui o meu padr\u00e3o de croch\u00e9 \u201cPrecious Little One\u201d. Aqui tamb\u00e9m encontrar\u00e1 links para o padr\u00e3o no Etsy, Haked e Ravelry.\" \/>\n<meta name=\"twitter:image\" content=\"https:\/\/craftygenesindonesia.com\/wp-content\/uploads\/2022\/10\/1666141490581-1024x1024.jpg\" \/>\n<meta name=\"twitter:label1\" content=\"Est. tempo de leitura\" \/>\n\t<meta name=\"twitter:data1\" content=\"1 minuto\" \/>\n<script type=\"application\/ld+json\" class=\"yoast-schema-graph\">{\"@context\":\"https:\\\/\\\/schema.org\",\"@graph\":[{\"@type\":\"WebPage\",\"@id\":\"https:\\\/\\\/craftygenesindonesia.com\\\/pt-br\\\/shop\\\/padroes-de-croche-3d\\\/precious-little-one\\\/\",\"url\":\"https:\\\/\\\/craftygenesindonesia.com\\\/pt-br\\\/shop\\\/padroes-de-croche-3d\\\/precious-little-one\\\/\",\"name\":\"Precious Little One padr\u00e3o de croch\u00ea - Craftygenesindonesia\",\"isPartOf\":{\"@id\":\"https:\\\/\\\/craftygenesindonesia.com\\\/pt-br\\\/#website\"},\"primaryImageOfPage\":{\"@id\":\"https:\\\/\\\/craftygenesindonesia.com\\\/pt-br\\\/shop\\\/padroes-de-croche-3d\\\/precious-little-one\\\/#primaryimage\"},\"image\":{\"@id\":\"https:\\\/\\\/craftygenesindonesia.com\\\/pt-br\\\/shop\\\/padroes-de-croche-3d\\\/precious-little-one\\\/#primaryimage\"},\"thumbnailUrl\":\"https:\\\/\\\/craftygenesindonesia.com\\\/wp-content\\\/uploads\\\/2022\\\/10\\\/Precious-Little-One-2.jpg\",\"datePublished\":\"2022-10-20T21:38:36+00:00\",\"description\":\"Compre aqui o meu padr\u00e3o de croch\u00ea \u201cPrecious Little One\u201d (Meu pequeno tesouro) com uma cegonha e um beb\u00ea. O padr\u00e3o de croch\u00ea f\u00e1cil tamb\u00e9m est\u00e1 dispon\u00edvel no Etsy, Haked, Ravelry e Payhip.\",\"breadcrumb\":{\"@id\":\"https:\\\/\\\/craftygenesindonesia.com\\\/pt-br\\\/shop\\\/padroes-de-croche-3d\\\/precious-little-one\\\/#breadcrumb\"},\"inLanguage\":\"pt-BR\",\"potentialAction\":[{\"@type\":\"ReadAction\",\"target\":[\"https:\\\/\\\/craftygenesindonesia.com\\\/pt-br\\\/shop\\\/padroes-de-croche-3d\\\/precious-little-one\\\/\"]}]},{\"@type\":\"ImageObject\",\"inLanguage\":\"pt-BR\",\"@id\":\"https:\\\/\\\/craftygenesindonesia.com\\\/pt-br\\\/shop\\\/padroes-de-croche-3d\\\/precious-little-one\\\/#primaryimage\",\"url\":\"https:\\\/\\\/craftygenesindonesia.com\\\/wp-content\\\/uploads\\\/2022\\\/10\\\/Precious-Little-One-2.jpg\",\"contentUrl\":\"https:\\\/\\\/craftygenesindonesia.com\\\/wp-content\\\/uploads\\\/2022\\\/10\\\/Precious-Little-One-2.jpg\",\"width\":1080,\"height\":1080,\"caption\":\"Cegonha em croch\u00ea com rosas, ber\u00e7o e beb\u00ea\"},{\"@type\":\"BreadcrumbList\",\"@id\":\"https:\\\/\\\/craftygenesindonesia.com\\\/pt-br\\\/shop\\\/padroes-de-croche-3d\\\/precious-little-one\\\/#breadcrumb\",\"itemListElement\":[{\"@type\":\"ListItem\",\"position\":1,\"name\":\"Home\",\"item\":\"https:\\\/\\\/craftygenesindonesia.com\\\/pt-br\\\/\"},{\"@type\":\"ListItem\",\"position\":2,\"name\":\"Loja de moldes\",\"item\":\"https:\\\/\\\/craftygenesindonesia.com\\\/pt-br\\\/loja-de-moldes\\\/\"},{\"@type\":\"ListItem\",\"position\":3,\"name\":\"Precious Little One\"}]},{\"@type\":\"WebSite\",\"@id\":\"https:\\\/\\\/craftygenesindonesia.com\\\/pt-br\\\/#website\",\"url\":\"https:\\\/\\\/craftygenesindonesia.com\\\/pt-br\\\/\",\"name\":\"Craftygenesindonesia\",\"description\":\"\",\"publisher\":{\"@id\":\"https:\\\/\\\/craftygenesindonesia.com\\\/pt-br\\\/#organization\"},\"potentialAction\":[{\"@type\":\"SearchAction\",\"target\":{\"@type\":\"EntryPoint\",\"urlTemplate\":\"https:\\\/\\\/craftygenesindonesia.com\\\/pt-br\\\/?s={search_term_string}\"},\"query-input\":{\"@type\":\"PropertyValueSpecification\",\"valueRequired\":true,\"valueName\":\"search_term_string\"}}],\"inLanguage\":\"pt-BR\"},{\"@type\":\"Organization\",\"@id\":\"https:\\\/\\\/craftygenesindonesia.com\\\/pt-br\\\/#organization\",\"name\":\"Craftygenesindonesia\",\"url\":\"https:\\\/\\\/craftygenesindonesia.com\\\/pt-br\\\/\",\"logo\":{\"@type\":\"ImageObject\",\"inLanguage\":\"pt-BR\",\"@id\":\"https:\\\/\\\/craftygenesindonesia.com\\\/pt-br\\\/#\\\/schema\\\/logo\\\/image\\\/\",\"url\":\"https:\\\/\\\/craftygenesindonesia.com\\\/wp-content\\\/uploads\\\/2025\\\/11\\\/cropped-Copy-of-Craftygenesindonesia.jpg\",\"contentUrl\":\"https:\\\/\\\/craftygenesindonesia.com\\\/wp-content\\\/uploads\\\/2025\\\/11\\\/cropped-Copy-of-Craftygenesindonesia.jpg\",\"width\":180,\"height\":60,\"caption\":\"Craftygenesindonesia\"},\"image\":{\"@id\":\"https:\\\/\\\/craftygenesindonesia.com\\\/pt-br\\\/#\\\/schema\\\/logo\\\/image\\\/\"}}]}<\/script>\n<!-- \/ Yoast SEO plugin. -->","yoast_head_json":{"title":"Precious Little One padr\u00e3o de croch\u00ea - Craftygenesindonesia","description":"Compre aqui o meu padr\u00e3o de croch\u00ea \u201cPrecious Little One\u201d (Meu pequeno tesouro) com uma cegonha e um beb\u00ea. O padr\u00e3o de croch\u00ea f\u00e1cil tamb\u00e9m est\u00e1 dispon\u00edvel no Etsy, Haked, Ravelry e Payhip.","robots":{"index":"index","follow":"follow","max-snippet":"max-snippet:-1","max-image-preview":"max-image-preview:large","max-video-preview":"max-video-preview:-1"},"canonical":"https:\/\/craftygenesindonesia.com\/pt-br\/shop\/padroes-de-croche-3d\/precious-little-one\/","og_locale":"pt_BR","og_type":"article","og_title":"Precious Little One, padr\u00e3o de croch\u00ea para cegonha e beb\u00ea","og_description":"Compre aqui o meu padr\u00e3o de croch\u00ea \u201cPrecious Little One\u201d (Meu pequeno tesouro) com uma cegonha e um beb\u00ea. O padr\u00e3o de croch\u00ea f\u00e1cil tamb\u00e9m est\u00e1 dispon\u00edvel no Etsy, Haked, Ravelry e Payhip.","og_url":"https:\/\/craftygenesindonesia.com\/pt-br\/shop\/padroes-de-croche-3d\/precious-little-one\/","og_site_name":"Craftygenesindonesia","og_image":[{"url":"https:\/\/craftygenesindonesia.com\/wp-content\/uploads\/2022\/10\/Precious-Little-One-2-300x300.jpg","type":"","width":"","height":""}],"twitter_card":"summary_large_image","twitter_title":"Precious Little One - padr\u00e3o de croch\u00ea","twitter_description":"Compre aqui o meu padr\u00e3o de croch\u00e9 \u201cPrecious Little One\u201d. Aqui tamb\u00e9m encontrar\u00e1 links para o padr\u00e3o no Etsy, Haked e Ravelry.","twitter_image":"https:\/\/craftygenesindonesia.com\/wp-content\/uploads\/2022\/10\/1666141490581-1024x1024.jpg","twitter_misc":{"Est. tempo de leitura":"1 minuto"},"schema":{"@context":"https:\/\/schema.org","@graph":[{"@type":"WebPage","@id":"https:\/\/craftygenesindonesia.com\/pt-br\/shop\/padroes-de-croche-3d\/precious-little-one\/","url":"https:\/\/craftygenesindonesia.com\/pt-br\/shop\/padroes-de-croche-3d\/precious-little-one\/","name":"Precious Little One padr\u00e3o de croch\u00ea - Craftygenesindonesia","isPartOf":{"@id":"https:\/\/craftygenesindonesia.com\/pt-br\/#website"},"primaryImageOfPage":{"@id":"https:\/\/craftygenesindonesia.com\/pt-br\/shop\/padroes-de-croche-3d\/precious-little-one\/#primaryimage"},"image":{"@id":"https:\/\/craftygenesindonesia.com\/pt-br\/shop\/padroes-de-croche-3d\/precious-little-one\/#primaryimage"},"thumbnailUrl":"https:\/\/craftygenesindonesia.com\/wp-content\/uploads\/2022\/10\/Precious-Little-One-2.jpg","datePublished":"2022-10-20T21:38:36+00:00","description":"Compre aqui o meu padr\u00e3o de croch\u00ea \u201cPrecious Little One\u201d (Meu pequeno tesouro) com uma cegonha e um beb\u00ea. O padr\u00e3o de croch\u00ea f\u00e1cil tamb\u00e9m est\u00e1 dispon\u00edvel no Etsy, Haked, Ravelry e Payhip.","breadcrumb":{"@id":"https:\/\/craftygenesindonesia.com\/pt-br\/shop\/padroes-de-croche-3d\/precious-little-one\/#breadcrumb"},"inLanguage":"pt-BR","potentialAction":[{"@type":"ReadAction","target":["https:\/\/craftygenesindonesia.com\/pt-br\/shop\/padroes-de-croche-3d\/precious-little-one\/"]}]},{"@type":"ImageObject","inLanguage":"pt-BR","@id":"https:\/\/craftygenesindonesia.com\/pt-br\/shop\/padroes-de-croche-3d\/precious-little-one\/#primaryimage","url":"https:\/\/craftygenesindonesia.com\/wp-content\/uploads\/2022\/10\/Precious-Little-One-2.jpg","contentUrl":"https:\/\/craftygenesindonesia.com\/wp-content\/uploads\/2022\/10\/Precious-Little-One-2.jpg","width":1080,"height":1080,"caption":"Cegonha em croch\u00ea com rosas, ber\u00e7o e beb\u00ea"},{"@type":"BreadcrumbList","@id":"https:\/\/craftygenesindonesia.com\/pt-br\/shop\/padroes-de-croche-3d\/precious-little-one\/#breadcrumb","itemListElement":[{"@type":"ListItem","position":1,"name":"Home","item":"https:\/\/craftygenesindonesia.com\/pt-br\/"},{"@type":"ListItem","position":2,"name":"Loja de moldes","item":"https:\/\/craftygenesindonesia.com\/pt-br\/loja-de-moldes\/"},{"@type":"ListItem","position":3,"name":"Precious Little One"}]},{"@type":"WebSite","@id":"https:\/\/craftygenesindonesia.com\/pt-br\/#website","url":"https:\/\/craftygenesindonesia.com\/pt-br\/","name":"Craftygenesindonesia","description":"","publisher":{"@id":"https:\/\/craftygenesindonesia.com\/pt-br\/#organization"},"potentialAction":[{"@type":"SearchAction","target":{"@type":"EntryPoint","urlTemplate":"https:\/\/craftygenesindonesia.com\/pt-br\/?s={search_term_string}"},"query-input":{"@type":"PropertyValueSpecification","valueRequired":true,"valueName":"search_term_string"}}],"inLanguage":"pt-BR"},{"@type":"Organization","@id":"https:\/\/craftygenesindonesia.com\/pt-br\/#organization","name":"Craftygenesindonesia","url":"https:\/\/craftygenesindonesia.com\/pt-br\/","logo":{"@type":"ImageObject","inLanguage":"pt-BR","@id":"https:\/\/craftygenesindonesia.com\/pt-br\/#\/schema\/logo\/image\/","url":"https:\/\/craftygenesindonesia.com\/wp-content\/uploads\/2025\/11\/cropped-Copy-of-Craftygenesindonesia.jpg","contentUrl":"https:\/\/craftygenesindonesia.com\/wp-content\/uploads\/2025\/11\/cropped-Copy-of-Craftygenesindonesia.jpg","width":180,"height":60,"caption":"Craftygenesindonesia"},"image":{"@id":"https:\/\/craftygenesindonesia.com\/pt-br\/#\/schema\/logo\/image\/"}}]}},"_links":{"self":[{"href":"https:\/\/craftygenesindonesia.com\/pt-br\/wp-json\/wp\/v2\/product\/987537392","targetHints":{"allow":["GET"]}}],"collection":[{"href":"https:\/\/craftygenesindonesia.com\/pt-br\/wp-json\/wp\/v2\/product"}],"about":[{"href":"https:\/\/craftygenesindonesia.com\/pt-br\/wp-json\/wp\/v2\/types\/product"}],"replies":[{"embeddable":true,"href":"https:\/\/craftygenesindonesia.com\/pt-br\/wp-json\/wp\/v2\/comments?post=987537392"}],"wp:featuredmedia":[{"embeddable":true,"href":"https:\/\/craftygenesindonesia.com\/pt-br\/wp-json\/wp\/v2\/media\/987537395"}],"wp:attachment":[{"href":"https:\/\/craftygenesindonesia.com\/pt-br\/wp-json\/wp\/v2\/media?parent=987537392"}],"wp:term":[{"taxonomy":"product_brand","embeddable":true,"href":"https:\/\/craftygenesindonesia.com\/pt-br\/wp-json\/wp\/v2\/product_brand?post=987537392"},{"taxonomy":"product_cat","embeddable":true,"href":"https:\/\/craftygenesindonesia.com\/pt-br\/wp-json\/wp\/v2\/product_cat?post=987537392"},{"taxonomy":"product_tag","embeddable":true,"href":"https:\/\/craftygenesindonesia.com\/pt-br\/wp-json\/wp\/v2\/product_tag?post=987537392"}],"curies":[{"name":"wp","href":"https:\/\/api.w.org\/{rel}","templated":true}]}}