{"id":987537380,"date":"2022-10-07T06:30:44","date_gmt":"2022-10-06T22:30:44","guid":{"rendered":"https:\/\/craftygenesindonesia.com\/shop\/sem categoria\/o-presepio-de-natal\/"},"modified":"2022-10-07T06:30:44","modified_gmt":"2022-10-06T22:30:44","slug":"o-presepio-de-natal","status":"publish","type":"product","link":"https:\/\/craftygenesindonesia.com\/pt-br\/shop\/padroes-de-croche-natal\/o-presepio-de-natal\/","title":{"rendered":"O Pres\u00e9pio de Natal"},"content":{"rendered":"<p>Este conjunto \u00e9 feito com fio de espessura \u201cFINGERING\u201d, adequado para amigurumi, e uma agulha de croch\u00ea de 2 mm.<br \/>\n\u2022 A plataforma com fundo e estrela tem 31 cm de altura.<br \/>\n\u2022 Maria tem 11 cm de altura (na posi\u00e7\u00e3o sentada).<br \/>\n\u2022 Jos\u00e9 tem 20 cm de altura.<\/p>\n<p>Voc\u00ea precisar\u00e1 das seguintes cores: branco, branco sujo, dourado met\u00e1lico, marrom e cor de pele.<\/p>\n<p>Voc\u00ea tamb\u00e9m precisar\u00e1 de: enchimento, marcadores de pontos, agulha de tape\u00e7aria, tesoura, l\u00e1pis, r\u00e9gua, cola, pistola de cola, fio de alum\u00ednio, alicate de corte, papel\u00e3o, alfinetes de costura, cotonete e fita adesiva.<\/p>\n<p>Agulha de croch\u00ea: 2 mm<\/p>\n<p>Este padr\u00e3o \u00e9 um padr\u00e3o escrito com muitas imagens para ajud\u00e1-lo. Se tiver alguma d\u00favida, envie-me uma mensagem para: <a href=\"mailto:craftygenesindonesia@gmail.com\">craftygenesindonesia@gmail.com<\/a> <\/p>\n<p><strong>-Este padr\u00e3o \u00e9 apenas para uso pessoal e est\u00e1 protegido por direitos autorais. Portanto, o padr\u00e3o N\u00c3O pode ser copiado, vendido, revendido, traduzido, reivindicado como seu design, distribu\u00eddo, compartilhado, publicado ou postado online de qualquer forma sem a minha permiss\u00e3o.  Nem mesmo parte disso!!!<\/strong><\/p>\n<p><strong>-Voc\u00ea pode vender o produto final em pequenas quantidades, mas n\u00e3o o padr\u00e3o de croch\u00ea em si! Mencione que o padr\u00e3o \u00e9 da Craftygenesindonesia e onde ele pode ser adquirido. <\/strong><\/p>\n","protected":false},"excerpt":{"rendered":"<p>Este \u00e9 um padr\u00e3o f\u00e1cil de seguir para um belo pres\u00e9pio branco e dourado. Imprescind\u00edvel para quem adora fazer croch\u00ea para o Natal e para quem adora pres\u00e9pios. <\/p>\n<p>Se voc\u00ea prefere um pres\u00e9pio grande e completo com os tr\u00eas reis magos, o pastor e as ovelhas, um camelo, uma manjedoura, &#8230;, ent\u00e3o d\u00ea uma olhada no meu <strong><a href=\"https:\/\/craftygenesindonesia.com\/product\/the-craftygenesindonesia-nativity-set\/\" target=\"_blank\" rel=\"noopener\">Pres\u00e9pio Craftygenesindonesia.<\/a><\/strong> Este pode ser exatamente o modelo que voc\u00ea est\u00e1 procurando. <\/p>\n","protected":false},"featured_media":987537383,"comment_status":"open","ping_status":"closed","template":"","meta":{"_acf_changed":false},"product_brand":[],"product_cat":[12995,13022],"product_tag":[12992,12989,13399,13100,12990,12984,13045,13197,12985,13044,13070,13101,13106,13057,12987,12983,12991],"class_list":{"0":"post-987537380","1":"product","2":"type-product","3":"status-publish","4":"has-post-thumbnail","6":"product_cat-padroes-de-croche-natal","7":"product_cat-padroes-de-croche-natividade","8":"product_tag-catolico","9":"product_tag-cristao","10":"product_tag-cristo-2","11":"product_tag-estrela","12":"product_tag-holy-mary","13":"product_tag-jesus","14":"product_tag-jose","15":"product_tag-kerst-versiering","16":"product_tag-maria","17":"product_tag-presepio","18":"product_tag-presepio-de-natal","19":"product_tag-sagrada-familia","20":"product_tag-santa-maria-3","21":"product_tag-santa-maria-2","22":"product_tag-santa-maria","23":"product_tag-santo-catolico","24":"product_tag-virgem-maria","25":"pa_available_on-craftygenesindonesia","26":"pa_available_on-etsy","27":"pa_available_on-haked-nl","28":"pa_available_on-payhip","29":"pa_available_on-ravelry","30":"pa_languages-alemao","31":"pa_languages-espanhol","32":"pa_languages-frances","33":"pa_languages-holandes","34":"pa_languages-ingles-dos-eua","35":"pa_languages-italiano","36":"pa_languages-portugues","38":"first","39":"instock","40":"downloadable","41":"virtual","42":"purchasable","43":"product-type-simple"},"acf":[],"yoast_head":"<!-- This site is optimized with the Yoast SEO plugin v27.4 - https:\/\/yoast.com\/product\/yoast-seo-wordpress\/ -->\n<title>O Pres\u00e9pio de Natal padr\u00e3o de croch\u00ea - Craftygenesindonesia<\/title>\n<meta name=\"description\" content=\"Compre aqui o meu padr\u00e3o de croch\u00e9 Pres\u00e9pio de Natal. O padr\u00e3o de croch\u00e9 f\u00e1cil de seguir tamb\u00e9m est\u00e1 dispon\u00edvel no Etsy, Haked e Ravelry.\" \/>\n<meta name=\"robots\" content=\"index, follow, max-snippet:-1, max-image-preview:large, max-video-preview:-1\" \/>\n<link rel=\"canonical\" href=\"https:\/\/craftygenesindonesia.com\/pt-br\/shop\/padroes-de-croche-natal\/o-presepio-de-natal\/\" \/>\n<meta property=\"og:locale\" content=\"pt_BR\" \/>\n<meta property=\"og:type\" content=\"article\" \/>\n<meta property=\"og:title\" content=\"Pres\u00e9pio de Natal -\" \/>\n<meta property=\"og:description\" content=\"Compre aqui o meu padr\u00e3o de croch\u00e9 Pres\u00e9pio de Natal. O padr\u00e3o de croch\u00e9 f\u00e1cil de seguir tamb\u00e9m est\u00e1 dispon\u00edvel no Etsy, Haked e Ravelry.\" \/>\n<meta property=\"og:url\" content=\"https:\/\/craftygenesindonesia.com\/pt-br\/shop\/padroes-de-croche-natal\/o-presepio-de-natal\/\" \/>\n<meta property=\"og:site_name\" content=\"Craftygenesindonesia\" \/>\n<meta property=\"og:image\" content=\"https:\/\/craftygenesindonesia.com\/wp-content\/uploads\/2022\/10\/Natal-1-300x300.jpg\" \/>\n<meta name=\"twitter:card\" content=\"summary_large_image\" \/>\n<meta name=\"twitter:title\" content=\"O Pres\u00e9pio de Natal\" \/>\n<meta name=\"twitter:image\" content=\"https:\/\/craftygenesindonesia.com\/wp-content\/uploads\/2022\/10\/image0-44-1024x1024.jpeg\" \/>\n<meta name=\"twitter:label1\" content=\"Est. tempo de leitura\" \/>\n\t<meta name=\"twitter:data1\" content=\"1 minuto\" \/>\n<script type=\"application\/ld+json\" class=\"yoast-schema-graph\">{\"@context\":\"https:\\\/\\\/schema.org\",\"@graph\":[{\"@type\":\"WebPage\",\"@id\":\"https:\\\/\\\/craftygenesindonesia.com\\\/pt-br\\\/shop\\\/padroes-de-croche-natal\\\/o-presepio-de-natal\\\/\",\"url\":\"https:\\\/\\\/craftygenesindonesia.com\\\/pt-br\\\/shop\\\/padroes-de-croche-natal\\\/o-presepio-de-natal\\\/\",\"name\":\"O Pres\u00e9pio de Natal padr\u00e3o de croch\u00ea - Craftygenesindonesia\",\"isPartOf\":{\"@id\":\"https:\\\/\\\/craftygenesindonesia.com\\\/pt-br\\\/#website\"},\"primaryImageOfPage\":{\"@id\":\"https:\\\/\\\/craftygenesindonesia.com\\\/pt-br\\\/shop\\\/padroes-de-croche-natal\\\/o-presepio-de-natal\\\/#primaryimage\"},\"image\":{\"@id\":\"https:\\\/\\\/craftygenesindonesia.com\\\/pt-br\\\/shop\\\/padroes-de-croche-natal\\\/o-presepio-de-natal\\\/#primaryimage\"},\"thumbnailUrl\":\"https:\\\/\\\/craftygenesindonesia.com\\\/wp-content\\\/uploads\\\/2022\\\/10\\\/Natal-1.jpg\",\"datePublished\":\"2022-10-06T22:30:44+00:00\",\"description\":\"Compre aqui o meu padr\u00e3o de croch\u00e9 Pres\u00e9pio de Natal. O padr\u00e3o de croch\u00e9 f\u00e1cil de seguir tamb\u00e9m est\u00e1 dispon\u00edvel no Etsy, Haked e Ravelry.\",\"breadcrumb\":{\"@id\":\"https:\\\/\\\/craftygenesindonesia.com\\\/pt-br\\\/shop\\\/padroes-de-croche-natal\\\/o-presepio-de-natal\\\/#breadcrumb\"},\"inLanguage\":\"pt-BR\",\"potentialAction\":[{\"@type\":\"ReadAction\",\"target\":[\"https:\\\/\\\/craftygenesindonesia.com\\\/pt-br\\\/shop\\\/padroes-de-croche-natal\\\/o-presepio-de-natal\\\/\"]}]},{\"@type\":\"ImageObject\",\"inLanguage\":\"pt-BR\",\"@id\":\"https:\\\/\\\/craftygenesindonesia.com\\\/pt-br\\\/shop\\\/padroes-de-croche-natal\\\/o-presepio-de-natal\\\/#primaryimage\",\"url\":\"https:\\\/\\\/craftygenesindonesia.com\\\/wp-content\\\/uploads\\\/2022\\\/10\\\/Natal-1.jpg\",\"contentUrl\":\"https:\\\/\\\/craftygenesindonesia.com\\\/wp-content\\\/uploads\\\/2022\\\/10\\\/Natal-1.jpg\",\"width\":1080,\"height\":1080},{\"@type\":\"BreadcrumbList\",\"@id\":\"https:\\\/\\\/craftygenesindonesia.com\\\/pt-br\\\/shop\\\/padroes-de-croche-natal\\\/o-presepio-de-natal\\\/#breadcrumb\",\"itemListElement\":[{\"@type\":\"ListItem\",\"position\":1,\"name\":\"Home\",\"item\":\"https:\\\/\\\/craftygenesindonesia.com\\\/pt-br\\\/\"},{\"@type\":\"ListItem\",\"position\":2,\"name\":\"Loja de moldes\",\"item\":\"https:\\\/\\\/craftygenesindonesia.com\\\/pt-br\\\/loja-de-moldes\\\/\"},{\"@type\":\"ListItem\",\"position\":3,\"name\":\"O Pres\u00e9pio de Natal\"}]},{\"@type\":\"WebSite\",\"@id\":\"https:\\\/\\\/craftygenesindonesia.com\\\/pt-br\\\/#website\",\"url\":\"https:\\\/\\\/craftygenesindonesia.com\\\/pt-br\\\/\",\"name\":\"Craftygenesindonesia\",\"description\":\"\",\"publisher\":{\"@id\":\"https:\\\/\\\/craftygenesindonesia.com\\\/pt-br\\\/#organization\"},\"potentialAction\":[{\"@type\":\"SearchAction\",\"target\":{\"@type\":\"EntryPoint\",\"urlTemplate\":\"https:\\\/\\\/craftygenesindonesia.com\\\/pt-br\\\/?s={search_term_string}\"},\"query-input\":{\"@type\":\"PropertyValueSpecification\",\"valueRequired\":true,\"valueName\":\"search_term_string\"}}],\"inLanguage\":\"pt-BR\"},{\"@type\":\"Organization\",\"@id\":\"https:\\\/\\\/craftygenesindonesia.com\\\/pt-br\\\/#organization\",\"name\":\"Craftygenesindonesia\",\"url\":\"https:\\\/\\\/craftygenesindonesia.com\\\/pt-br\\\/\",\"logo\":{\"@type\":\"ImageObject\",\"inLanguage\":\"pt-BR\",\"@id\":\"https:\\\/\\\/craftygenesindonesia.com\\\/pt-br\\\/#\\\/schema\\\/logo\\\/image\\\/\",\"url\":\"https:\\\/\\\/craftygenesindonesia.com\\\/wp-content\\\/uploads\\\/2025\\\/11\\\/cropped-Copy-of-Craftygenesindonesia.jpg\",\"contentUrl\":\"https:\\\/\\\/craftygenesindonesia.com\\\/wp-content\\\/uploads\\\/2025\\\/11\\\/cropped-Copy-of-Craftygenesindonesia.jpg\",\"width\":180,\"height\":60,\"caption\":\"Craftygenesindonesia\"},\"image\":{\"@id\":\"https:\\\/\\\/craftygenesindonesia.com\\\/pt-br\\\/#\\\/schema\\\/logo\\\/image\\\/\"}}]}<\/script>\n<!-- \/ Yoast SEO plugin. -->","yoast_head_json":{"title":"O Pres\u00e9pio de Natal padr\u00e3o de croch\u00ea - Craftygenesindonesia","description":"Compre aqui o meu padr\u00e3o de croch\u00e9 Pres\u00e9pio de Natal. O padr\u00e3o de croch\u00e9 f\u00e1cil de seguir tamb\u00e9m est\u00e1 dispon\u00edvel no Etsy, Haked e Ravelry.","robots":{"index":"index","follow":"follow","max-snippet":"max-snippet:-1","max-image-preview":"max-image-preview:large","max-video-preview":"max-video-preview:-1"},"canonical":"https:\/\/craftygenesindonesia.com\/pt-br\/shop\/padroes-de-croche-natal\/o-presepio-de-natal\/","og_locale":"pt_BR","og_type":"article","og_title":"Pres\u00e9pio de Natal -","og_description":"Compre aqui o meu padr\u00e3o de croch\u00e9 Pres\u00e9pio de Natal. O padr\u00e3o de croch\u00e9 f\u00e1cil de seguir tamb\u00e9m est\u00e1 dispon\u00edvel no Etsy, Haked e Ravelry.","og_url":"https:\/\/craftygenesindonesia.com\/pt-br\/shop\/padroes-de-croche-natal\/o-presepio-de-natal\/","og_site_name":"Craftygenesindonesia","og_image":[{"url":"https:\/\/craftygenesindonesia.com\/wp-content\/uploads\/2022\/10\/Natal-1-300x300.jpg","type":"","width":"","height":""}],"twitter_card":"summary_large_image","twitter_title":"O Pres\u00e9pio de Natal","twitter_image":"https:\/\/craftygenesindonesia.com\/wp-content\/uploads\/2022\/10\/image0-44-1024x1024.jpeg","twitter_misc":{"Est. tempo de leitura":"1 minuto"},"schema":{"@context":"https:\/\/schema.org","@graph":[{"@type":"WebPage","@id":"https:\/\/craftygenesindonesia.com\/pt-br\/shop\/padroes-de-croche-natal\/o-presepio-de-natal\/","url":"https:\/\/craftygenesindonesia.com\/pt-br\/shop\/padroes-de-croche-natal\/o-presepio-de-natal\/","name":"O Pres\u00e9pio de Natal padr\u00e3o de croch\u00ea - Craftygenesindonesia","isPartOf":{"@id":"https:\/\/craftygenesindonesia.com\/pt-br\/#website"},"primaryImageOfPage":{"@id":"https:\/\/craftygenesindonesia.com\/pt-br\/shop\/padroes-de-croche-natal\/o-presepio-de-natal\/#primaryimage"},"image":{"@id":"https:\/\/craftygenesindonesia.com\/pt-br\/shop\/padroes-de-croche-natal\/o-presepio-de-natal\/#primaryimage"},"thumbnailUrl":"https:\/\/craftygenesindonesia.com\/wp-content\/uploads\/2022\/10\/Natal-1.jpg","datePublished":"2022-10-06T22:30:44+00:00","description":"Compre aqui o meu padr\u00e3o de croch\u00e9 Pres\u00e9pio de Natal. O padr\u00e3o de croch\u00e9 f\u00e1cil de seguir tamb\u00e9m est\u00e1 dispon\u00edvel no Etsy, Haked e Ravelry.","breadcrumb":{"@id":"https:\/\/craftygenesindonesia.com\/pt-br\/shop\/padroes-de-croche-natal\/o-presepio-de-natal\/#breadcrumb"},"inLanguage":"pt-BR","potentialAction":[{"@type":"ReadAction","target":["https:\/\/craftygenesindonesia.com\/pt-br\/shop\/padroes-de-croche-natal\/o-presepio-de-natal\/"]}]},{"@type":"ImageObject","inLanguage":"pt-BR","@id":"https:\/\/craftygenesindonesia.com\/pt-br\/shop\/padroes-de-croche-natal\/o-presepio-de-natal\/#primaryimage","url":"https:\/\/craftygenesindonesia.com\/wp-content\/uploads\/2022\/10\/Natal-1.jpg","contentUrl":"https:\/\/craftygenesindonesia.com\/wp-content\/uploads\/2022\/10\/Natal-1.jpg","width":1080,"height":1080},{"@type":"BreadcrumbList","@id":"https:\/\/craftygenesindonesia.com\/pt-br\/shop\/padroes-de-croche-natal\/o-presepio-de-natal\/#breadcrumb","itemListElement":[{"@type":"ListItem","position":1,"name":"Home","item":"https:\/\/craftygenesindonesia.com\/pt-br\/"},{"@type":"ListItem","position":2,"name":"Loja de moldes","item":"https:\/\/craftygenesindonesia.com\/pt-br\/loja-de-moldes\/"},{"@type":"ListItem","position":3,"name":"O Pres\u00e9pio de Natal"}]},{"@type":"WebSite","@id":"https:\/\/craftygenesindonesia.com\/pt-br\/#website","url":"https:\/\/craftygenesindonesia.com\/pt-br\/","name":"Craftygenesindonesia","description":"","publisher":{"@id":"https:\/\/craftygenesindonesia.com\/pt-br\/#organization"},"potentialAction":[{"@type":"SearchAction","target":{"@type":"EntryPoint","urlTemplate":"https:\/\/craftygenesindonesia.com\/pt-br\/?s={search_term_string}"},"query-input":{"@type":"PropertyValueSpecification","valueRequired":true,"valueName":"search_term_string"}}],"inLanguage":"pt-BR"},{"@type":"Organization","@id":"https:\/\/craftygenesindonesia.com\/pt-br\/#organization","name":"Craftygenesindonesia","url":"https:\/\/craftygenesindonesia.com\/pt-br\/","logo":{"@type":"ImageObject","inLanguage":"pt-BR","@id":"https:\/\/craftygenesindonesia.com\/pt-br\/#\/schema\/logo\/image\/","url":"https:\/\/craftygenesindonesia.com\/wp-content\/uploads\/2025\/11\/cropped-Copy-of-Craftygenesindonesia.jpg","contentUrl":"https:\/\/craftygenesindonesia.com\/wp-content\/uploads\/2025\/11\/cropped-Copy-of-Craftygenesindonesia.jpg","width":180,"height":60,"caption":"Craftygenesindonesia"},"image":{"@id":"https:\/\/craftygenesindonesia.com\/pt-br\/#\/schema\/logo\/image\/"}}]}},"_links":{"self":[{"href":"https:\/\/craftygenesindonesia.com\/pt-br\/wp-json\/wp\/v2\/product\/987537380","targetHints":{"allow":["GET"]}}],"collection":[{"href":"https:\/\/craftygenesindonesia.com\/pt-br\/wp-json\/wp\/v2\/product"}],"about":[{"href":"https:\/\/craftygenesindonesia.com\/pt-br\/wp-json\/wp\/v2\/types\/product"}],"replies":[{"embeddable":true,"href":"https:\/\/craftygenesindonesia.com\/pt-br\/wp-json\/wp\/v2\/comments?post=987537380"}],"wp:featuredmedia":[{"embeddable":true,"href":"https:\/\/craftygenesindonesia.com\/pt-br\/wp-json\/wp\/v2\/media\/987537383"}],"wp:attachment":[{"href":"https:\/\/craftygenesindonesia.com\/pt-br\/wp-json\/wp\/v2\/media?parent=987537380"}],"wp:term":[{"taxonomy":"product_brand","embeddable":true,"href":"https:\/\/craftygenesindonesia.com\/pt-br\/wp-json\/wp\/v2\/product_brand?post=987537380"},{"taxonomy":"product_cat","embeddable":true,"href":"https:\/\/craftygenesindonesia.com\/pt-br\/wp-json\/wp\/v2\/product_cat?post=987537380"},{"taxonomy":"product_tag","embeddable":true,"href":"https:\/\/craftygenesindonesia.com\/pt-br\/wp-json\/wp\/v2\/product_tag?post=987537380"}],"curies":[{"name":"wp","href":"https:\/\/api.w.org\/{rel}","templated":true}]}}