{"id":987537364,"date":"2022-09-24T06:35:57","date_gmt":"2022-09-23T22:35:57","guid":{"rendered":"https:\/\/craftygenesindonesia.com\/shop\/sem categoria\/para-o-guardiao-caido\/"},"modified":"2022-09-24T06:35:57","modified_gmt":"2022-09-23T22:35:57","slug":"para-o-guardiao-caido","status":"publish","type":"product","link":"https:\/\/craftygenesindonesia.com\/pt-br\/shop\/padroes-de-croche-senhoras-e-senhores\/para-o-guardiao-caido\/","title":{"rendered":"Para o Guardi\u00e3o Ca\u00eddo"},"content":{"rendered":"<p><strong>Para o guardi\u00e3o ca\u00eddo<\/strong><\/p>\n<p>Tipo de arquivo: padr\u00e3o de croch\u00ea &#8211; download digital, n\u00e3o \u00e9 um item f\u00edsico<br \/>\n<strong>Idiomas dispon\u00edveis: ingl\u00eas, holand\u00eas, franc\u00eas, espanhol, alem\u00e3o<\/strong><\/p>\n<p>Tamanho do item acabado: 29 x 29 x 14 cm &#8211; 11,4 x 11,4 x 5,5 polegadas<br \/>\nTipo de fio: fio de espessura \u201cfingering\u201d = tamanho 3<br \/>\nMarcas recomendadas: Catona da Scheepjes, Durable Coral, &#8230;<br \/>\nCores de fio necess\u00e1rias: bege, preto, verde Brodie helmet, marrom, cinza escuro, cinza, vermelho, cor de pele, marrom uniforme e branco<\/p>\n<p>Voc\u00ea tamb\u00e9m precisar\u00e1 de: enchimento, marcadores de pontos, agulha de tape\u00e7aria, tesoura, l\u00e1pis, cola, pistola de cola, fita adesiva, fio de alum\u00ednio, alicate de corte, limpador de cachimbo branco, linha de costura branca e agulha, papel\u00e3o e uma vela LED.<\/p>\n<p>Tamanho da agulha de croch\u00ea: 2mm<\/p>\n<p><strong>Direitos autorais e informa\u00e7\u00f5es de ajuda:<\/strong><br \/>\nEste padr\u00e3o \u00e9 um padr\u00e3o escrito (digital) com muitas imagens para ajud\u00e1-lo. Se voc\u00ea tiver d\u00favidas sobre o padr\u00e3o, envie um e-mail para craftygenesindonesia@gmail.com<\/p>\n<p><strong>Este padr\u00e3o digital de croch\u00ea \u00e9 apenas para uso pessoal e est\u00e1 protegido por direitos autorais. Portanto, voc\u00ea n\u00e3o pode copiar, vender, revender, traduzir, reivindicar como seu pr\u00f3prio design, distribuir, compartilhar, publicar, postar&#8230; de nenhuma forma ou maneira sem a minha permiss\u00e3o. Nem mesmo uma parte dele!  <\/strong><\/p>\n<p><strong>Voc\u00ea pode vender o produto ou item acabado, em pequenas quantidades, mas n\u00e3o pode vender o padr\u00e3o de croch\u00ea em si! Mencione que o padr\u00e3o de croch\u00ea \u00e9 da minha autoria, Craftygenesindonesia, e onde pode ser adquirido. <\/strong><\/p>\n","protected":false},"excerpt":{"rendered":"<p>Esta \u00e9 a mais recente adi\u00e7\u00e3o \u00e0 minha s\u00e9rie <strong><a href=\"https:\/\/craftygenesindonesia.com\/product\/for-the-fallen-armed-forces\/\" target=\"_blank\" rel=\"noopener\">Para os que ca\u00edram<\/a><\/strong>. Todos os soldados For The Fallen cabem nela. A enfermeira da s\u00e9rie <strong><a href=\"https:\/\/craftygenesindonesia.com\/product\/for-the-nurses\/\" target=\"_blank\" rel=\"noopener\">Para as enfermeirastamb\u00e9m<\/a><\/strong>. Se voc\u00ea adora a s\u00e9rie For The Fallen, ent\u00e3o tamb\u00e9m precisa ter esta!   <\/p>\n<p>Se voc\u00ea j\u00e1 tem o soldado Para os que ca\u00edram e deseja apenas a cruz na plataforma com papoula, asas e casti\u00e7al, clique <strong><a href=\"https:\/\/craftygenesindonesia.com\/product\/guardian-cross\/\" target=\"_blank\" rel=\"noopener\">aqui<\/a><\/strong> para comprar apenas esse padr\u00e3o.<\/p>\n","protected":false},"featured_media":987537372,"comment_status":"open","ping_status":"closed","template":"","meta":{"_acf_changed":false},"product_brand":[],"product_cat":[12996,13019,13018],"product_tag":[13213,13343,13123,13034,13122,13085,13124,13086,13125,13051,13075],"class_list":{"0":"post-987537364","1":"product","2":"type-product","3":"status-publish","4":"has-post-thumbnail","6":"product_cat-padroes-de-croche-senhoras-e-senhores","7":"product_cat-militar","8":"product_cat-padroes-de-croche-memoria","9":"product_tag-cruz-2","10":"product_tag-dia-da-memoria-2","11":"product_tag-dia-da-memoria","12":"product_tag-dia-do-armisticio","13":"product_tag-exercito","14":"product_tag-memorial","15":"product_tag-militar","16":"product_tag-monumento-aos-mortos-na-guerra","17":"product_tag-papoula","18":"product_tag-soldado","19":"product_tag-vela-led","20":"pa_available_on-craftygenesindonesia","21":"pa_available_on-etsy","22":"pa_available_on-haked-nl","23":"pa_available_on-payhip","24":"pa_available_on-ravelry","25":"pa_languages-alemao","26":"pa_languages-espanhol","27":"pa_languages-frances","28":"pa_languages-holandes","29":"pa_languages-ingles-dos-eua","31":"first","32":"instock","33":"downloadable","34":"virtual","35":"purchasable","36":"product-type-simple"},"acf":[],"yoast_head":"<!-- This site is optimized with the Yoast SEO plugin v27.3 - https:\/\/yoast.com\/product\/yoast-seo-wordpress\/ -->\n<title>Para o Guardi\u00e3o Ca\u00eddo padr\u00e3o de croch\u00ea - Craftygenesindonesia<\/title>\n<meta name=\"description\" content=\"Compre aqui o meu padr\u00e3o de croch\u00ea para soldado \u201cPara o Guardi\u00e3o Ca\u00eddo\u201d. O padr\u00e3o de croch\u00ea tamb\u00e9m est\u00e1 dispon\u00edvel no Etsy, Haked.nl, Ravelry e Payhip.\" \/>\n<meta name=\"robots\" content=\"index, follow, max-snippet:-1, max-image-preview:large, max-video-preview:-1\" \/>\n<link rel=\"canonical\" href=\"https:\/\/craftygenesindonesia.com\/pt-br\/shop\/padroes-de-croche-senhoras-e-senhores\/para-o-guardiao-caido\/\" \/>\n<meta property=\"og:locale\" content=\"pt_BR\" \/>\n<meta property=\"og:type\" content=\"article\" \/>\n<meta property=\"og:title\" content=\"Para o soldado guardi\u00e3o ca\u00eddo - padr\u00e3o de croch\u00ea\" \/>\n<meta property=\"og:description\" content=\"Compre aqui o meu padr\u00e3o de croch\u00ea para soldado \u201cPara o Guardi\u00e3o Ca\u00eddo\u201d. O padr\u00e3o de croch\u00ea tamb\u00e9m est\u00e1 dispon\u00edvel no Etsy, Haked.nl, Ravelry e Payhip.\" \/>\n<meta property=\"og:url\" content=\"https:\/\/craftygenesindonesia.com\/pt-br\/shop\/padroes-de-croche-senhoras-e-senhores\/para-o-guardiao-caido\/\" \/>\n<meta property=\"og:site_name\" content=\"Craftygenesindonesia\" \/>\n<meta property=\"og:image\" content=\"https:\/\/craftygenesindonesia.com\/wp-content\/uploads\/2022\/09\/1-300x300.jpg\" \/>\n<meta name=\"twitter:card\" content=\"summary_large_image\" \/>\n<meta name=\"twitter:title\" content=\"Para o Guardi\u00e3o Ca\u00eddo - padr\u00e3o de croch\u00ea\" \/>\n<meta name=\"twitter:description\" content=\"Compre aqui o meu padr\u00e3o de croch\u00e9 \u201cPara o Guardi\u00e3o Ca\u00eddo\u201d. Tamb\u00e9m encontrar\u00e1 links para o padr\u00e3o no Etsy, Ravelry e Haked.store.\" \/>\n<meta name=\"twitter:image\" content=\"https:\/\/craftygenesindonesia.com\/wp-content\/uploads\/2022\/09\/20220923_090603-1024x1024.jpg\" \/>\n<meta name=\"twitter:label1\" content=\"Est. tempo de leitura\" \/>\n\t<meta name=\"twitter:data1\" content=\"1 minuto\" \/>\n<script type=\"application\/ld+json\" class=\"yoast-schema-graph\">{\"@context\":\"https:\\\/\\\/schema.org\",\"@graph\":[{\"@type\":\"WebPage\",\"@id\":\"https:\\\/\\\/craftygenesindonesia.com\\\/pt-br\\\/shop\\\/padroes-de-croche-senhoras-e-senhores\\\/para-o-guardiao-caido\\\/\",\"url\":\"https:\\\/\\\/craftygenesindonesia.com\\\/pt-br\\\/shop\\\/padroes-de-croche-senhoras-e-senhores\\\/para-o-guardiao-caido\\\/\",\"name\":\"Para o Guardi\u00e3o Ca\u00eddo padr\u00e3o de croch\u00ea - Craftygenesindonesia\",\"isPartOf\":{\"@id\":\"https:\\\/\\\/craftygenesindonesia.com\\\/pt-br\\\/#website\"},\"primaryImageOfPage\":{\"@id\":\"https:\\\/\\\/craftygenesindonesia.com\\\/pt-br\\\/shop\\\/padroes-de-croche-senhoras-e-senhores\\\/para-o-guardiao-caido\\\/#primaryimage\"},\"image\":{\"@id\":\"https:\\\/\\\/craftygenesindonesia.com\\\/pt-br\\\/shop\\\/padroes-de-croche-senhoras-e-senhores\\\/para-o-guardiao-caido\\\/#primaryimage\"},\"thumbnailUrl\":\"https:\\\/\\\/craftygenesindonesia.com\\\/wp-content\\\/uploads\\\/2022\\\/09\\\/1.jpg\",\"datePublished\":\"2022-09-23T22:35:57+00:00\",\"description\":\"Compre aqui o meu padr\u00e3o de croch\u00ea para soldado \u201cPara o Guardi\u00e3o Ca\u00eddo\u201d. O padr\u00e3o de croch\u00ea tamb\u00e9m est\u00e1 dispon\u00edvel no Etsy, Haked.nl, Ravelry e Payhip.\",\"breadcrumb\":{\"@id\":\"https:\\\/\\\/craftygenesindonesia.com\\\/pt-br\\\/shop\\\/padroes-de-croche-senhoras-e-senhores\\\/para-o-guardiao-caido\\\/#breadcrumb\"},\"inLanguage\":\"pt-BR\",\"potentialAction\":[{\"@type\":\"ReadAction\",\"target\":[\"https:\\\/\\\/craftygenesindonesia.com\\\/pt-br\\\/shop\\\/padroes-de-croche-senhoras-e-senhores\\\/para-o-guardiao-caido\\\/\"]}]},{\"@type\":\"ImageObject\",\"inLanguage\":\"pt-BR\",\"@id\":\"https:\\\/\\\/craftygenesindonesia.com\\\/pt-br\\\/shop\\\/padroes-de-croche-senhoras-e-senhores\\\/para-o-guardiao-caido\\\/#primaryimage\",\"url\":\"https:\\\/\\\/craftygenesindonesia.com\\\/wp-content\\\/uploads\\\/2022\\\/09\\\/1.jpg\",\"contentUrl\":\"https:\\\/\\\/craftygenesindonesia.com\\\/wp-content\\\/uploads\\\/2022\\\/09\\\/1.jpg\",\"width\":1080,\"height\":1080,\"caption\":\"soldado de croch\u00ea com papoula e cruz de croch\u00ea\"},{\"@type\":\"BreadcrumbList\",\"@id\":\"https:\\\/\\\/craftygenesindonesia.com\\\/pt-br\\\/shop\\\/padroes-de-croche-senhoras-e-senhores\\\/para-o-guardiao-caido\\\/#breadcrumb\",\"itemListElement\":[{\"@type\":\"ListItem\",\"position\":1,\"name\":\"Home\",\"item\":\"https:\\\/\\\/craftygenesindonesia.com\\\/pt-br\\\/\"},{\"@type\":\"ListItem\",\"position\":2,\"name\":\"Loja de moldes\",\"item\":\"https:\\\/\\\/craftygenesindonesia.com\\\/pt-br\\\/loja-de-moldes\\\/\"},{\"@type\":\"ListItem\",\"position\":3,\"name\":\"Para o Guardi\u00e3o Ca\u00eddo\"}]},{\"@type\":\"WebSite\",\"@id\":\"https:\\\/\\\/craftygenesindonesia.com\\\/pt-br\\\/#website\",\"url\":\"https:\\\/\\\/craftygenesindonesia.com\\\/pt-br\\\/\",\"name\":\"Craftygenesindonesia\",\"description\":\"\",\"publisher\":{\"@id\":\"https:\\\/\\\/craftygenesindonesia.com\\\/pt-br\\\/#organization\"},\"potentialAction\":[{\"@type\":\"SearchAction\",\"target\":{\"@type\":\"EntryPoint\",\"urlTemplate\":\"https:\\\/\\\/craftygenesindonesia.com\\\/pt-br\\\/?s={search_term_string}\"},\"query-input\":{\"@type\":\"PropertyValueSpecification\",\"valueRequired\":true,\"valueName\":\"search_term_string\"}}],\"inLanguage\":\"pt-BR\"},{\"@type\":\"Organization\",\"@id\":\"https:\\\/\\\/craftygenesindonesia.com\\\/pt-br\\\/#organization\",\"name\":\"Craftygenesindonesia\",\"url\":\"https:\\\/\\\/craftygenesindonesia.com\\\/pt-br\\\/\",\"logo\":{\"@type\":\"ImageObject\",\"inLanguage\":\"pt-BR\",\"@id\":\"https:\\\/\\\/craftygenesindonesia.com\\\/pt-br\\\/#\\\/schema\\\/logo\\\/image\\\/\",\"url\":\"https:\\\/\\\/craftygenesindonesia.com\\\/wp-content\\\/uploads\\\/2025\\\/11\\\/cropped-Copy-of-Craftygenesindonesia.jpg\",\"contentUrl\":\"https:\\\/\\\/craftygenesindonesia.com\\\/wp-content\\\/uploads\\\/2025\\\/11\\\/cropped-Copy-of-Craftygenesindonesia.jpg\",\"width\":180,\"height\":60,\"caption\":\"Craftygenesindonesia\"},\"image\":{\"@id\":\"https:\\\/\\\/craftygenesindonesia.com\\\/pt-br\\\/#\\\/schema\\\/logo\\\/image\\\/\"}}]}<\/script>\n<!-- \/ Yoast SEO plugin. -->","yoast_head_json":{"title":"Para o Guardi\u00e3o Ca\u00eddo padr\u00e3o de croch\u00ea - Craftygenesindonesia","description":"Compre aqui o meu padr\u00e3o de croch\u00ea para soldado \u201cPara o Guardi\u00e3o Ca\u00eddo\u201d. O padr\u00e3o de croch\u00ea tamb\u00e9m est\u00e1 dispon\u00edvel no Etsy, Haked.nl, Ravelry e Payhip.","robots":{"index":"index","follow":"follow","max-snippet":"max-snippet:-1","max-image-preview":"max-image-preview:large","max-video-preview":"max-video-preview:-1"},"canonical":"https:\/\/craftygenesindonesia.com\/pt-br\/shop\/padroes-de-croche-senhoras-e-senhores\/para-o-guardiao-caido\/","og_locale":"pt_BR","og_type":"article","og_title":"Para o soldado guardi\u00e3o ca\u00eddo - padr\u00e3o de croch\u00ea","og_description":"Compre aqui o meu padr\u00e3o de croch\u00ea para soldado \u201cPara o Guardi\u00e3o Ca\u00eddo\u201d. O padr\u00e3o de croch\u00ea tamb\u00e9m est\u00e1 dispon\u00edvel no Etsy, Haked.nl, Ravelry e Payhip.","og_url":"https:\/\/craftygenesindonesia.com\/pt-br\/shop\/padroes-de-croche-senhoras-e-senhores\/para-o-guardiao-caido\/","og_site_name":"Craftygenesindonesia","og_image":[{"url":"https:\/\/craftygenesindonesia.com\/wp-content\/uploads\/2022\/09\/1-300x300.jpg","type":"","width":"","height":""}],"twitter_card":"summary_large_image","twitter_title":"Para o Guardi\u00e3o Ca\u00eddo - padr\u00e3o de croch\u00ea","twitter_description":"Compre aqui o meu padr\u00e3o de croch\u00e9 \u201cPara o Guardi\u00e3o Ca\u00eddo\u201d. Tamb\u00e9m encontrar\u00e1 links para o padr\u00e3o no Etsy, Ravelry e Haked.store.","twitter_image":"https:\/\/craftygenesindonesia.com\/wp-content\/uploads\/2022\/09\/20220923_090603-1024x1024.jpg","twitter_misc":{"Est. tempo de leitura":"1 minuto"},"schema":{"@context":"https:\/\/schema.org","@graph":[{"@type":"WebPage","@id":"https:\/\/craftygenesindonesia.com\/pt-br\/shop\/padroes-de-croche-senhoras-e-senhores\/para-o-guardiao-caido\/","url":"https:\/\/craftygenesindonesia.com\/pt-br\/shop\/padroes-de-croche-senhoras-e-senhores\/para-o-guardiao-caido\/","name":"Para o Guardi\u00e3o Ca\u00eddo padr\u00e3o de croch\u00ea - Craftygenesindonesia","isPartOf":{"@id":"https:\/\/craftygenesindonesia.com\/pt-br\/#website"},"primaryImageOfPage":{"@id":"https:\/\/craftygenesindonesia.com\/pt-br\/shop\/padroes-de-croche-senhoras-e-senhores\/para-o-guardiao-caido\/#primaryimage"},"image":{"@id":"https:\/\/craftygenesindonesia.com\/pt-br\/shop\/padroes-de-croche-senhoras-e-senhores\/para-o-guardiao-caido\/#primaryimage"},"thumbnailUrl":"https:\/\/craftygenesindonesia.com\/wp-content\/uploads\/2022\/09\/1.jpg","datePublished":"2022-09-23T22:35:57+00:00","description":"Compre aqui o meu padr\u00e3o de croch\u00ea para soldado \u201cPara o Guardi\u00e3o Ca\u00eddo\u201d. O padr\u00e3o de croch\u00ea tamb\u00e9m est\u00e1 dispon\u00edvel no Etsy, Haked.nl, Ravelry e Payhip.","breadcrumb":{"@id":"https:\/\/craftygenesindonesia.com\/pt-br\/shop\/padroes-de-croche-senhoras-e-senhores\/para-o-guardiao-caido\/#breadcrumb"},"inLanguage":"pt-BR","potentialAction":[{"@type":"ReadAction","target":["https:\/\/craftygenesindonesia.com\/pt-br\/shop\/padroes-de-croche-senhoras-e-senhores\/para-o-guardiao-caido\/"]}]},{"@type":"ImageObject","inLanguage":"pt-BR","@id":"https:\/\/craftygenesindonesia.com\/pt-br\/shop\/padroes-de-croche-senhoras-e-senhores\/para-o-guardiao-caido\/#primaryimage","url":"https:\/\/craftygenesindonesia.com\/wp-content\/uploads\/2022\/09\/1.jpg","contentUrl":"https:\/\/craftygenesindonesia.com\/wp-content\/uploads\/2022\/09\/1.jpg","width":1080,"height":1080,"caption":"soldado de croch\u00ea com papoula e cruz de croch\u00ea"},{"@type":"BreadcrumbList","@id":"https:\/\/craftygenesindonesia.com\/pt-br\/shop\/padroes-de-croche-senhoras-e-senhores\/para-o-guardiao-caido\/#breadcrumb","itemListElement":[{"@type":"ListItem","position":1,"name":"Home","item":"https:\/\/craftygenesindonesia.com\/pt-br\/"},{"@type":"ListItem","position":2,"name":"Loja de moldes","item":"https:\/\/craftygenesindonesia.com\/pt-br\/loja-de-moldes\/"},{"@type":"ListItem","position":3,"name":"Para o Guardi\u00e3o Ca\u00eddo"}]},{"@type":"WebSite","@id":"https:\/\/craftygenesindonesia.com\/pt-br\/#website","url":"https:\/\/craftygenesindonesia.com\/pt-br\/","name":"Craftygenesindonesia","description":"","publisher":{"@id":"https:\/\/craftygenesindonesia.com\/pt-br\/#organization"},"potentialAction":[{"@type":"SearchAction","target":{"@type":"EntryPoint","urlTemplate":"https:\/\/craftygenesindonesia.com\/pt-br\/?s={search_term_string}"},"query-input":{"@type":"PropertyValueSpecification","valueRequired":true,"valueName":"search_term_string"}}],"inLanguage":"pt-BR"},{"@type":"Organization","@id":"https:\/\/craftygenesindonesia.com\/pt-br\/#organization","name":"Craftygenesindonesia","url":"https:\/\/craftygenesindonesia.com\/pt-br\/","logo":{"@type":"ImageObject","inLanguage":"pt-BR","@id":"https:\/\/craftygenesindonesia.com\/pt-br\/#\/schema\/logo\/image\/","url":"https:\/\/craftygenesindonesia.com\/wp-content\/uploads\/2025\/11\/cropped-Copy-of-Craftygenesindonesia.jpg","contentUrl":"https:\/\/craftygenesindonesia.com\/wp-content\/uploads\/2025\/11\/cropped-Copy-of-Craftygenesindonesia.jpg","width":180,"height":60,"caption":"Craftygenesindonesia"},"image":{"@id":"https:\/\/craftygenesindonesia.com\/pt-br\/#\/schema\/logo\/image\/"}}]}},"_links":{"self":[{"href":"https:\/\/craftygenesindonesia.com\/pt-br\/wp-json\/wp\/v2\/product\/987537364","targetHints":{"allow":["GET"]}}],"collection":[{"href":"https:\/\/craftygenesindonesia.com\/pt-br\/wp-json\/wp\/v2\/product"}],"about":[{"href":"https:\/\/craftygenesindonesia.com\/pt-br\/wp-json\/wp\/v2\/types\/product"}],"replies":[{"embeddable":true,"href":"https:\/\/craftygenesindonesia.com\/pt-br\/wp-json\/wp\/v2\/comments?post=987537364"}],"wp:featuredmedia":[{"embeddable":true,"href":"https:\/\/craftygenesindonesia.com\/pt-br\/wp-json\/wp\/v2\/media\/987537372"}],"wp:attachment":[{"href":"https:\/\/craftygenesindonesia.com\/pt-br\/wp-json\/wp\/v2\/media?parent=987537364"}],"wp:term":[{"taxonomy":"product_brand","embeddable":true,"href":"https:\/\/craftygenesindonesia.com\/pt-br\/wp-json\/wp\/v2\/product_brand?post=987537364"},{"taxonomy":"product_cat","embeddable":true,"href":"https:\/\/craftygenesindonesia.com\/pt-br\/wp-json\/wp\/v2\/product_cat?post=987537364"},{"taxonomy":"product_tag","embeddable":true,"href":"https:\/\/craftygenesindonesia.com\/pt-br\/wp-json\/wp\/v2\/product_tag?post=987537364"}],"curies":[{"name":"wp","href":"https:\/\/api.w.org\/{rel}","templated":true}]}}