{"id":987537337,"date":"2022-09-02T16:21:36","date_gmt":"2022-09-02T08:21:36","guid":{"rendered":"https:\/\/craftygenesindonesia.com\/shop\/sem categoria\/a-boneca-para-vestir-marie-louise\/"},"modified":"2022-09-02T16:21:36","modified_gmt":"2022-09-02T08:21:36","slug":"a-boneca-para-vestir-marie-louise","status":"publish","type":"product","link":"https:\/\/craftygenesindonesia.com\/pt-br\/shop\/padroes-de-croche-bonecas-infantis\/a-boneca-para-vestir-marie-louise\/","title":{"rendered":"A boneca para vestir Marie Louise"},"content":{"rendered":"<p>Tamanho: Esta linda boneca tem cerca de 35 cm de altura.<\/p>\n<p>Fio: ela \u00e9 feita com fio de espessura \u201cFINGERING\u201d, adequado para amigurumi, e uma agulha de croch\u00ea de 2 mm.<\/p>\n<p>You will need these colors: brown, fuchsia, yellow, skin color, light blue and a strand of white and black.<br \/>\nYou will also need: stuffing &#8211; stitch markers \u2013 tapestry needle \u2013 scissors &#8211; sewing pins \u2013 2 black 12mm safety eyes \u2013 4 sets of snap buttons (transparent if possible) \u2013 cotton bud<\/p>\n<p>Agulha de croch\u00ea: tamanho 2 mm<\/p>\n<p>Este padr\u00e3o \u00e9 um padr\u00e3o escrito com muitas imagens para ajud\u00e1-lo. Se tiver alguma d\u00favida, envie-me uma mensagem para: <a href=\"mailto:craftygenesindonesia@gmail.com\">craftygenesindonesia@gmail.com<\/a> <\/p>\n<p><strong>-Este padr\u00e3o \u00e9 apenas para uso pessoal e est\u00e1 protegido por direitos autorais. Portanto, o padr\u00e3o N\u00c3O pode ser copiado, vendido, revendido, traduzido, reivindicado como seu design, distribu\u00eddo, compartilhado, publicado ou postado online de qualquer forma sem a minha permiss\u00e3o.  Nem mesmo parte disso!!!<\/strong><\/p>\n<p><strong>-Voc\u00ea pode vender o produto final em pequenas quantidades, mas n\u00e3o o padr\u00e3o de croch\u00ea em si! Mencione que o padr\u00e3o de croch\u00ea \u00e9 da Craftygenesindonesia e onde ele pode ser adquirido. <\/strong><\/p>\n","protected":false},"excerpt":{"rendered":"<p>This is an easy to follow crochet pattern for a beautiful dress up doll. She&#8217;ll make an absolutely wonderful gift for any child that loves dolls. <\/p>\n<p>&nbsp;<\/p>\n<p>Entre em contato comigo <strong><a href=\"https:\/\/craftygenesindonesia.com\/pt-br\/contato\/\" target=\"_blank\" rel=\"noopener\">aqui<\/a><\/strong> para solicitar o molde gratuito do vestido\/mai\u00f4 de Halloween para Marie Louise.<\/p>\n<div id=\"attachment_20377\" style=\"width: 310px\" class=\"wp-caption alignnone\"><a href=\"https:\/\/craftygenesindonesia.com\/wp-content\/uploads\/2022\/09\/Untitled-design-33-300x300.jpg\"><img decoding=\"async\" aria-describedby=\"caption-attachment-20377\" class=\"size-medium wp-image-20377 lazyload\" data-src=\"https:\/\/craftygenesindonesia.com\/wp-content\/uploads\/2022\/09\/Untitled-design-33-300x300.jpg\" alt=\"boneca de croch\u00ea em mai\u00f4\" width=\"300\" height=\"300\" data-srcset=\"https:\/\/craftygenesindonesia.com\/wp-content\/uploads\/2022\/09\/Untitled-design-33-300x300.jpg 300w, https:\/\/craftygenesindonesia.com\/wp-content\/uploads\/2022\/09\/Untitled-design-33-150x150.jpg 150w, https:\/\/craftygenesindonesia.com\/wp-content\/uploads\/2022\/09\/Untitled-design-33-768x768.jpg 768w, https:\/\/craftygenesindonesia.com\/wp-content\/uploads\/2022\/09\/Untitled-design-33-600x600.jpg 600w, https:\/\/craftygenesindonesia.com\/wp-content\/uploads\/2022\/09\/Untitled-design-33-100x100.jpg 100w, https:\/\/craftygenesindonesia.com\/wp-content\/uploads\/2022\/09\/Untitled-design-33.jpg 1024w\" data-sizes=\"(max-width: 300px) 100vw, 300px\" src=\"data:image\/svg+xml;base64,PHN2ZyB3aWR0aD0iMSIgaGVpZ2h0PSIxIiB4bWxucz0iaHR0cDovL3d3dy53My5vcmcvMjAwMC9zdmciPjwvc3ZnPg==\" style=\"--smush-placeholder-width: 300px; --smush-placeholder-aspect-ratio: 300\/300;\" \/><\/a><p id=\"caption-attachment-20377\" class=\"wp-caption-text\">Fato de banho Marie Louise<\/p><\/div>\n<div id=\"attachment_20418\" style=\"width: 310px\" class=\"wp-caption alignnone\"><a href=\"https:\/\/craftygenesindonesia.com\/wp-content\/uploads\/2022\/09\/Untitled-design-45-300x300.jpg\"><img decoding=\"async\" aria-describedby=\"caption-attachment-20418\" class=\"size-medium wp-image-20418 lazyload\" data-src=\"https:\/\/craftygenesindonesia.com\/wp-content\/uploads\/2022\/09\/Untitled-design-45-300x300.jpg\" alt=\"boneca de croch\u00ea\" width=\"300\" height=\"300\" data-srcset=\"https:\/\/craftygenesindonesia.com\/wp-content\/uploads\/2022\/09\/Untitled-design-45-300x300.jpg 300w, https:\/\/craftygenesindonesia.com\/wp-content\/uploads\/2022\/09\/Untitled-design-45-150x150.jpg 150w, https:\/\/craftygenesindonesia.com\/wp-content\/uploads\/2022\/09\/Untitled-design-45-768x768.jpg 768w, https:\/\/craftygenesindonesia.com\/wp-content\/uploads\/2022\/09\/Untitled-design-45-600x600.jpg 600w, https:\/\/craftygenesindonesia.com\/wp-content\/uploads\/2022\/09\/Untitled-design-45-100x100.jpg 100w, https:\/\/craftygenesindonesia.com\/wp-content\/uploads\/2022\/09\/Untitled-design-45.jpg 1024w\" data-sizes=\"(max-width: 300px) 100vw, 300px\" src=\"data:image\/svg+xml;base64,PHN2ZyB3aWR0aD0iMSIgaGVpZ2h0PSIxIiB4bWxucz0iaHR0cDovL3d3dy53My5vcmcvMjAwMC9zdmciPjwvc3ZnPg==\" style=\"--smush-placeholder-width: 300px; --smush-placeholder-aspect-ratio: 300\/300;\" \/><\/a><p id=\"caption-attachment-20418\" class=\"wp-caption-text\">Boneca para vestir Marie Louise<\/p><\/div>\n","protected":false},"featured_media":987537343,"comment_status":"open","ping_status":"closed","template":"","meta":{"_acf_changed":false},"product_brand":[],"product_cat":[13012],"product_tag":[12998,13145,13408,13144,13413,13411,13151,13409,13410,13414,13412],"class_list":{"0":"post-987537337","1":"product","2":"type-product","3":"status-publish","4":"has-post-thumbnail","6":"product_cat-padroes-de-croche-bonecas-infantis","7":"product_tag-boneca","8":"product_tag-boneca-de-croche","9":"product_tag-boneca-para-vestir","10":"product_tag-bonecos-infantis","11":"product_tag-cabelo-encaracolado","12":"product_tag-calcas","13":"product_tag-laco-de-cabelo","14":"product_tag-marie-louise","15":"product_tag-mochila","16":"product_tag-sapatos","17":"product_tag-top","18":"pa_available_on-craftygenesindonesia","19":"pa_available_on-etsy","20":"pa_available_on-haked-nl","21":"pa_available_on-payhip","22":"pa_available_on-ravelry","23":"pa_languages-alemao","24":"pa_languages-espanhol","25":"pa_languages-frances","26":"pa_languages-holandes","27":"pa_languages-ingles-dos-eua","29":"first","30":"instock","31":"downloadable","32":"virtual","33":"purchasable","34":"product-type-simple"},"acf":[],"yoast_head":"<!-- This site is optimized with the Yoast SEO plugin v27.3 - https:\/\/yoast.com\/product\/yoast-seo-wordpress\/ -->\n<title>A boneca para vestir Marie Louise padr\u00e3o de croch\u00ea - Craftygenesindonesia<\/title>\n<meta name=\"description\" content=\"Compre aqui o meu padr\u00e3o de croch\u00e9 \u201cA boneca Marie Louise\u201d. O padr\u00e3o f\u00e1cil de seguir tamb\u00e9m est\u00e1 dispon\u00edvel no Etsy, Haked.nl, Ravelry e Payhip.\" \/>\n<meta name=\"robots\" content=\"index, follow, max-snippet:-1, max-image-preview:large, max-video-preview:-1\" \/>\n<link rel=\"canonical\" href=\"https:\/\/craftygenesindonesia.com\/pt-br\/shop\/padroes-de-croche-bonecas-infantis\/a-boneca-para-vestir-marie-louise\/\" \/>\n<meta property=\"og:locale\" content=\"pt_BR\" \/>\n<meta property=\"og:type\" content=\"article\" \/>\n<meta property=\"og:title\" content=\"Boneca para vestir Marie Louise - padr\u00e3o de croch\u00ea\" \/>\n<meta property=\"og:description\" content=\"Compre aqui o meu padr\u00e3o de croch\u00e9 \u201cA boneca Marie Louise\u201d. O padr\u00e3o f\u00e1cil de seguir tamb\u00e9m est\u00e1 dispon\u00edvel no Etsy, Haked.nl, Ravelry e Payhip.\" \/>\n<meta property=\"og:url\" content=\"https:\/\/craftygenesindonesia.com\/pt-br\/shop\/padroes-de-croche-bonecas-infantis\/a-boneca-para-vestir-marie-louise\/\" \/>\n<meta property=\"og:site_name\" content=\"Craftygenesindonesia\" \/>\n<meta property=\"og:image\" content=\"https:\/\/craftygenesindonesia.com\/wp-content\/uploads\/2022\/09\/Marie-Louise-1-300x300.jpg\" \/>\n<meta name=\"twitter:card\" content=\"summary_large_image\" \/>\n<meta name=\"twitter:label1\" content=\"Est. tempo de leitura\" \/>\n\t<meta name=\"twitter:data1\" content=\"1 minuto\" \/>\n<script type=\"application\/ld+json\" class=\"yoast-schema-graph\">{\"@context\":\"https:\\\/\\\/schema.org\",\"@graph\":[{\"@type\":\"WebPage\",\"@id\":\"https:\\\/\\\/craftygenesindonesia.com\\\/pt-br\\\/shop\\\/padroes-de-croche-bonecas-infantis\\\/a-boneca-para-vestir-marie-louise\\\/\",\"url\":\"https:\\\/\\\/craftygenesindonesia.com\\\/pt-br\\\/shop\\\/padroes-de-croche-bonecas-infantis\\\/a-boneca-para-vestir-marie-louise\\\/\",\"name\":\"A boneca para vestir Marie Louise padr\u00e3o de croch\u00ea - Craftygenesindonesia\",\"isPartOf\":{\"@id\":\"https:\\\/\\\/craftygenesindonesia.com\\\/pt-br\\\/#website\"},\"primaryImageOfPage\":{\"@id\":\"https:\\\/\\\/craftygenesindonesia.com\\\/pt-br\\\/shop\\\/padroes-de-croche-bonecas-infantis\\\/a-boneca-para-vestir-marie-louise\\\/#primaryimage\"},\"image\":{\"@id\":\"https:\\\/\\\/craftygenesindonesia.com\\\/pt-br\\\/shop\\\/padroes-de-croche-bonecas-infantis\\\/a-boneca-para-vestir-marie-louise\\\/#primaryimage\"},\"thumbnailUrl\":\"https:\\\/\\\/craftygenesindonesia.com\\\/wp-content\\\/uploads\\\/2022\\\/09\\\/Marie-Louise-1.jpg\",\"datePublished\":\"2022-09-02T08:21:36+00:00\",\"description\":\"Compre aqui o meu padr\u00e3o de croch\u00e9 \u201cA boneca Marie Louise\u201d. O padr\u00e3o f\u00e1cil de seguir tamb\u00e9m est\u00e1 dispon\u00edvel no Etsy, Haked.nl, Ravelry e Payhip.\",\"breadcrumb\":{\"@id\":\"https:\\\/\\\/craftygenesindonesia.com\\\/pt-br\\\/shop\\\/padroes-de-croche-bonecas-infantis\\\/a-boneca-para-vestir-marie-louise\\\/#breadcrumb\"},\"inLanguage\":\"pt-BR\",\"potentialAction\":[{\"@type\":\"ReadAction\",\"target\":[\"https:\\\/\\\/craftygenesindonesia.com\\\/pt-br\\\/shop\\\/padroes-de-croche-bonecas-infantis\\\/a-boneca-para-vestir-marie-louise\\\/\"]}]},{\"@type\":\"ImageObject\",\"inLanguage\":\"pt-BR\",\"@id\":\"https:\\\/\\\/craftygenesindonesia.com\\\/pt-br\\\/shop\\\/padroes-de-croche-bonecas-infantis\\\/a-boneca-para-vestir-marie-louise\\\/#primaryimage\",\"url\":\"https:\\\/\\\/craftygenesindonesia.com\\\/wp-content\\\/uploads\\\/2022\\\/09\\\/Marie-Louise-1.jpg\",\"contentUrl\":\"https:\\\/\\\/craftygenesindonesia.com\\\/wp-content\\\/uploads\\\/2022\\\/09\\\/Marie-Louise-1.jpg\",\"width\":1080,\"height\":1080,\"caption\":\"boneca de croch\u00ea para vestir\"},{\"@type\":\"BreadcrumbList\",\"@id\":\"https:\\\/\\\/craftygenesindonesia.com\\\/pt-br\\\/shop\\\/padroes-de-croche-bonecas-infantis\\\/a-boneca-para-vestir-marie-louise\\\/#breadcrumb\",\"itemListElement\":[{\"@type\":\"ListItem\",\"position\":1,\"name\":\"Home\",\"item\":\"https:\\\/\\\/craftygenesindonesia.com\\\/pt-br\\\/\"},{\"@type\":\"ListItem\",\"position\":2,\"name\":\"Loja de moldes\",\"item\":\"https:\\\/\\\/craftygenesindonesia.com\\\/pt-br\\\/loja-de-moldes\\\/\"},{\"@type\":\"ListItem\",\"position\":3,\"name\":\"A boneca para vestir Marie Louise\"}]},{\"@type\":\"WebSite\",\"@id\":\"https:\\\/\\\/craftygenesindonesia.com\\\/pt-br\\\/#website\",\"url\":\"https:\\\/\\\/craftygenesindonesia.com\\\/pt-br\\\/\",\"name\":\"Craftygenesindonesia\",\"description\":\"\",\"publisher\":{\"@id\":\"https:\\\/\\\/craftygenesindonesia.com\\\/pt-br\\\/#organization\"},\"potentialAction\":[{\"@type\":\"SearchAction\",\"target\":{\"@type\":\"EntryPoint\",\"urlTemplate\":\"https:\\\/\\\/craftygenesindonesia.com\\\/pt-br\\\/?s={search_term_string}\"},\"query-input\":{\"@type\":\"PropertyValueSpecification\",\"valueRequired\":true,\"valueName\":\"search_term_string\"}}],\"inLanguage\":\"pt-BR\"},{\"@type\":\"Organization\",\"@id\":\"https:\\\/\\\/craftygenesindonesia.com\\\/pt-br\\\/#organization\",\"name\":\"Craftygenesindonesia\",\"url\":\"https:\\\/\\\/craftygenesindonesia.com\\\/pt-br\\\/\",\"logo\":{\"@type\":\"ImageObject\",\"inLanguage\":\"pt-BR\",\"@id\":\"https:\\\/\\\/craftygenesindonesia.com\\\/pt-br\\\/#\\\/schema\\\/logo\\\/image\\\/\",\"url\":\"https:\\\/\\\/craftygenesindonesia.com\\\/wp-content\\\/uploads\\\/2025\\\/11\\\/cropped-Copy-of-Craftygenesindonesia.jpg\",\"contentUrl\":\"https:\\\/\\\/craftygenesindonesia.com\\\/wp-content\\\/uploads\\\/2025\\\/11\\\/cropped-Copy-of-Craftygenesindonesia.jpg\",\"width\":180,\"height\":60,\"caption\":\"Craftygenesindonesia\"},\"image\":{\"@id\":\"https:\\\/\\\/craftygenesindonesia.com\\\/pt-br\\\/#\\\/schema\\\/logo\\\/image\\\/\"}}]}<\/script>\n<!-- \/ Yoast SEO plugin. -->","yoast_head_json":{"title":"A boneca para vestir Marie Louise padr\u00e3o de croch\u00ea - Craftygenesindonesia","description":"Compre aqui o meu padr\u00e3o de croch\u00e9 \u201cA boneca Marie Louise\u201d. O padr\u00e3o f\u00e1cil de seguir tamb\u00e9m est\u00e1 dispon\u00edvel no Etsy, Haked.nl, Ravelry e Payhip.","robots":{"index":"index","follow":"follow","max-snippet":"max-snippet:-1","max-image-preview":"max-image-preview:large","max-video-preview":"max-video-preview:-1"},"canonical":"https:\/\/craftygenesindonesia.com\/pt-br\/shop\/padroes-de-croche-bonecas-infantis\/a-boneca-para-vestir-marie-louise\/","og_locale":"pt_BR","og_type":"article","og_title":"Boneca para vestir Marie Louise - padr\u00e3o de croch\u00ea","og_description":"Compre aqui o meu padr\u00e3o de croch\u00e9 \u201cA boneca Marie Louise\u201d. O padr\u00e3o f\u00e1cil de seguir tamb\u00e9m est\u00e1 dispon\u00edvel no Etsy, Haked.nl, Ravelry e Payhip.","og_url":"https:\/\/craftygenesindonesia.com\/pt-br\/shop\/padroes-de-croche-bonecas-infantis\/a-boneca-para-vestir-marie-louise\/","og_site_name":"Craftygenesindonesia","og_image":[{"url":"https:\/\/craftygenesindonesia.com\/wp-content\/uploads\/2022\/09\/Marie-Louise-1-300x300.jpg","type":"","width":"","height":""}],"twitter_card":"summary_large_image","twitter_misc":{"Est. tempo de leitura":"1 minuto"},"schema":{"@context":"https:\/\/schema.org","@graph":[{"@type":"WebPage","@id":"https:\/\/craftygenesindonesia.com\/pt-br\/shop\/padroes-de-croche-bonecas-infantis\/a-boneca-para-vestir-marie-louise\/","url":"https:\/\/craftygenesindonesia.com\/pt-br\/shop\/padroes-de-croche-bonecas-infantis\/a-boneca-para-vestir-marie-louise\/","name":"A boneca para vestir Marie Louise padr\u00e3o de croch\u00ea - Craftygenesindonesia","isPartOf":{"@id":"https:\/\/craftygenesindonesia.com\/pt-br\/#website"},"primaryImageOfPage":{"@id":"https:\/\/craftygenesindonesia.com\/pt-br\/shop\/padroes-de-croche-bonecas-infantis\/a-boneca-para-vestir-marie-louise\/#primaryimage"},"image":{"@id":"https:\/\/craftygenesindonesia.com\/pt-br\/shop\/padroes-de-croche-bonecas-infantis\/a-boneca-para-vestir-marie-louise\/#primaryimage"},"thumbnailUrl":"https:\/\/craftygenesindonesia.com\/wp-content\/uploads\/2022\/09\/Marie-Louise-1.jpg","datePublished":"2022-09-02T08:21:36+00:00","description":"Compre aqui o meu padr\u00e3o de croch\u00e9 \u201cA boneca Marie Louise\u201d. O padr\u00e3o f\u00e1cil de seguir tamb\u00e9m est\u00e1 dispon\u00edvel no Etsy, Haked.nl, Ravelry e Payhip.","breadcrumb":{"@id":"https:\/\/craftygenesindonesia.com\/pt-br\/shop\/padroes-de-croche-bonecas-infantis\/a-boneca-para-vestir-marie-louise\/#breadcrumb"},"inLanguage":"pt-BR","potentialAction":[{"@type":"ReadAction","target":["https:\/\/craftygenesindonesia.com\/pt-br\/shop\/padroes-de-croche-bonecas-infantis\/a-boneca-para-vestir-marie-louise\/"]}]},{"@type":"ImageObject","inLanguage":"pt-BR","@id":"https:\/\/craftygenesindonesia.com\/pt-br\/shop\/padroes-de-croche-bonecas-infantis\/a-boneca-para-vestir-marie-louise\/#primaryimage","url":"https:\/\/craftygenesindonesia.com\/wp-content\/uploads\/2022\/09\/Marie-Louise-1.jpg","contentUrl":"https:\/\/craftygenesindonesia.com\/wp-content\/uploads\/2022\/09\/Marie-Louise-1.jpg","width":1080,"height":1080,"caption":"boneca de croch\u00ea para vestir"},{"@type":"BreadcrumbList","@id":"https:\/\/craftygenesindonesia.com\/pt-br\/shop\/padroes-de-croche-bonecas-infantis\/a-boneca-para-vestir-marie-louise\/#breadcrumb","itemListElement":[{"@type":"ListItem","position":1,"name":"Home","item":"https:\/\/craftygenesindonesia.com\/pt-br\/"},{"@type":"ListItem","position":2,"name":"Loja de moldes","item":"https:\/\/craftygenesindonesia.com\/pt-br\/loja-de-moldes\/"},{"@type":"ListItem","position":3,"name":"A boneca para vestir Marie Louise"}]},{"@type":"WebSite","@id":"https:\/\/craftygenesindonesia.com\/pt-br\/#website","url":"https:\/\/craftygenesindonesia.com\/pt-br\/","name":"Craftygenesindonesia","description":"","publisher":{"@id":"https:\/\/craftygenesindonesia.com\/pt-br\/#organization"},"potentialAction":[{"@type":"SearchAction","target":{"@type":"EntryPoint","urlTemplate":"https:\/\/craftygenesindonesia.com\/pt-br\/?s={search_term_string}"},"query-input":{"@type":"PropertyValueSpecification","valueRequired":true,"valueName":"search_term_string"}}],"inLanguage":"pt-BR"},{"@type":"Organization","@id":"https:\/\/craftygenesindonesia.com\/pt-br\/#organization","name":"Craftygenesindonesia","url":"https:\/\/craftygenesindonesia.com\/pt-br\/","logo":{"@type":"ImageObject","inLanguage":"pt-BR","@id":"https:\/\/craftygenesindonesia.com\/pt-br\/#\/schema\/logo\/image\/","url":"https:\/\/craftygenesindonesia.com\/wp-content\/uploads\/2025\/11\/cropped-Copy-of-Craftygenesindonesia.jpg","contentUrl":"https:\/\/craftygenesindonesia.com\/wp-content\/uploads\/2025\/11\/cropped-Copy-of-Craftygenesindonesia.jpg","width":180,"height":60,"caption":"Craftygenesindonesia"},"image":{"@id":"https:\/\/craftygenesindonesia.com\/pt-br\/#\/schema\/logo\/image\/"}}]}},"_links":{"self":[{"href":"https:\/\/craftygenesindonesia.com\/pt-br\/wp-json\/wp\/v2\/product\/987537337","targetHints":{"allow":["GET"]}}],"collection":[{"href":"https:\/\/craftygenesindonesia.com\/pt-br\/wp-json\/wp\/v2\/product"}],"about":[{"href":"https:\/\/craftygenesindonesia.com\/pt-br\/wp-json\/wp\/v2\/types\/product"}],"replies":[{"embeddable":true,"href":"https:\/\/craftygenesindonesia.com\/pt-br\/wp-json\/wp\/v2\/comments?post=987537337"}],"wp:featuredmedia":[{"embeddable":true,"href":"https:\/\/craftygenesindonesia.com\/pt-br\/wp-json\/wp\/v2\/media\/987537343"}],"wp:attachment":[{"href":"https:\/\/craftygenesindonesia.com\/pt-br\/wp-json\/wp\/v2\/media?parent=987537337"}],"wp:term":[{"taxonomy":"product_brand","embeddable":true,"href":"https:\/\/craftygenesindonesia.com\/pt-br\/wp-json\/wp\/v2\/product_brand?post=987537337"},{"taxonomy":"product_cat","embeddable":true,"href":"https:\/\/craftygenesindonesia.com\/pt-br\/wp-json\/wp\/v2\/product_cat?post=987537337"},{"taxonomy":"product_tag","embeddable":true,"href":"https:\/\/craftygenesindonesia.com\/pt-br\/wp-json\/wp\/v2\/product_tag?post=987537337"}],"curies":[{"name":"wp","href":"https:\/\/api.w.org\/{rel}","templated":true}]}}