{"id":987537323,"date":"2022-08-18T22:04:24","date_gmt":"2022-08-18T14:04:24","guid":{"rendered":"https:\/\/craftygenesindonesia.com\/shop\/sem categoria\/casinha-de-gengibre\/"},"modified":"2022-08-18T22:04:24","modified_gmt":"2022-08-18T14:04:24","slug":"casinha-de-gengibre","status":"publish","type":"product","link":"https:\/\/craftygenesindonesia.com\/pt-br\/shop\/padroes-de-croche-natal\/casinha-de-gengibre\/","title":{"rendered":"Casinha de Gengibre"},"content":{"rendered":"<p>Esta casa tem 26 cm de altura x 27 cm de largura x 37 cm de profundidade (ou 10,3 cm x 10,6 cm x 14,5 cm). \u00c9 feita com fio de espessura \u201cFINGERING\u201d, adequado para amigurumi, e uma agulha de croch\u00ea de 2 mm.<br \/>\nVoc\u00ea precisar\u00e1 das seguintes cores:<br \/>\n\u2022 Castanho gengibre: 415-430 m\/450-470 jardas<br \/>\n\u2022 Verde: 80-90 m\/90-100 jardas<br \/>\n\u2022 Vermelho: 75-85 m\/85-95 jardas<br \/>\n\u2022 Cor areia: 45-55 m\/50-60 jardas (o fio Catona chama essa cor de \u201cEnglish Tea\u201d, n\u00ba 404)<br \/>\n\u2022 Branco: 425-445 m\/465-485 jardas <\/p>\n<p>Voc\u00ea tamb\u00e9m precisar\u00e1 de: enchimento, marcadores de pontos, agulha de tape\u00e7aria, tesoura, l\u00e1pis, cola, pistola de cola, r\u00e9gua, 11 limpadores de cachimbo vermelhos met\u00e1licos, 6 limpadores de cachimbo verdes met\u00e1licos, papel\u00e3o, 6 pingentes em forma de cora\u00e7\u00e3o (12 x 12 mm) + 1 pingente em forma de chave (25 x 10 mm), linha de costura branca ou vermelha + uma agulha de costura.<br \/>\nAgulha de croch\u00ea: tamanho 2 mm<\/p>\n<p>O padr\u00e3o inclui muitas imagens para ajud\u00e1-lo.<\/p>\n<p>Se voc\u00ea tiver alguma d\u00favida sobre este padr\u00e3o ou tiver dificuldade em encontrar as cores certas, por exemplo, sinta-se \u00e0 vontade para me enviar um e-mail para este endere\u00e7o: craftygenesindonesia@gmail.com.<\/p>\n<p><strong>Este padr\u00e3o \u00e9 apenas para uso pessoal e est\u00e1 protegido por direitos autorais. O padr\u00e3o \u00e9, portanto, apenas para uso pessoal e N\u00c3O pode ser copiado, vendido, revendido, traduzido, reivindicado como seu design, distribu\u00eddo, compartilhado, publicado, postado online&#8230; de qualquer forma sem o meu consentimento.  Nem mesmo parte disso!!!<\/strong><\/p>\n<p><strong>Voc\u00ea pode vender a casa pronta, mas n\u00e3o o padr\u00e3o de croch\u00ea em si.<\/strong><\/p>\n","protected":false},"excerpt":{"rendered":"<p>Este \u00e9 um padr\u00e3o de croch\u00ea f\u00e1cil de seguir para fazer uma linda casinha de gengibre natalina. \u00c9 absolutamente indispens\u00e1vel para quem adora o Natal e casinhas de gengibre! <\/p>\n","protected":false},"featured_media":987537329,"comment_status":"open","ping_status":"closed","template":"","meta":{"_acf_changed":false},"product_brand":[],"product_cat":[13003,12995],"product_tag":[13404,13405,13081,13194,12999,13406,13163,13082,13407,13135,13000],"class_list":{"0":"post-987537323","1":"product","2":"type-product","3":"status-publish","4":"has-post-thumbnail","6":"product_cat-padroes-de-croche-3d","7":"product_cat-padroes-de-croche-natal","8":"product_tag-bastao-de-doces-em-croche","9":"product_tag-casa","10":"product_tag-casa-de-gengibre-em-croche","11":"product_tag-casa-de-natal","12":"product_tag-decoracoes-de-natal","13":"product_tag-key","14":"product_tag-neve","15":"product_tag-pao-de-gengibre","16":"product_tag-pirulito-2","17":"product_tag-porta","18":"product_tag-xmas","19":"pa_available_on-craftygenesindonesia","20":"pa_available_on-etsy","21":"pa_available_on-haked-nl","22":"pa_available_on-payhip","23":"pa_available_on-ravelry","24":"pa_languages-alemao","25":"pa_languages-espanhol","26":"pa_languages-frances","27":"pa_languages-holandes","28":"pa_languages-ingles-dos-eua","29":"pa_languages-italiano","30":"pa_languages-portugues","32":"first","33":"instock","34":"downloadable","35":"virtual","36":"purchasable","37":"product-type-simple"},"acf":[],"yoast_head":"<!-- This site is optimized with the Yoast SEO plugin v27.5 - https:\/\/yoast.com\/product\/yoast-seo-wordpress\/ -->\n<title>Casinha de Gengibre padr\u00e3o de croch\u00ea - Craftygenesindonesia<\/title>\n<meta name=\"description\" content=\"Compre aqui o meu padr\u00e3o de croch\u00e9 \u201cCasinha de Gengibre\u201d. O padr\u00e3o de croch\u00e9 tamb\u00e9m est\u00e1 dispon\u00edvel em Haked.nl, Etsy, Ravelry e Payhip.\" \/>\n<meta name=\"robots\" content=\"index, follow, max-snippet:-1, max-image-preview:large, max-video-preview:-1\" \/>\n<link rel=\"canonical\" href=\"https:\/\/craftygenesindonesia.com\/pt-br\/shop\/padroes-de-croche-natal\/casinha-de-gengibre\/\" \/>\n<meta property=\"og:locale\" content=\"pt_BR\" \/>\n<meta property=\"og:type\" content=\"article\" \/>\n<meta property=\"og:title\" content=\"&quot;The Crafty Gingerbread House&quot; crochet pattern here\" \/>\n<meta property=\"og:description\" content=\"Compre aqui o meu padr\u00e3o de croch\u00e9 \u201cCasinha de Gengibre\u201d. O padr\u00e3o de croch\u00e9 tamb\u00e9m est\u00e1 dispon\u00edvel em Haked.nl, Etsy, Ravelry e Payhip.\" \/>\n<meta property=\"og:url\" content=\"https:\/\/craftygenesindonesia.com\/pt-br\/shop\/padroes-de-croche-natal\/casinha-de-gengibre\/\" \/>\n<meta property=\"og:site_name\" content=\"Craftygenesindonesia\" \/>\n<meta property=\"og:image\" content=\"https:\/\/craftygenesindonesia.com\/wp-content\/uploads\/2022\/08\/Crafty-Gingerbread-House-300x300.jpg\" \/>\n<meta name=\"twitter:card\" content=\"summary_large_image\" \/>\n<meta name=\"twitter:label1\" content=\"Est. tempo de leitura\" \/>\n\t<meta name=\"twitter:data1\" content=\"1 minuto\" \/>\n<script type=\"application\/ld+json\" class=\"yoast-schema-graph\">{\"@context\":\"https:\\\/\\\/schema.org\",\"@graph\":[{\"@type\":\"WebPage\",\"@id\":\"https:\\\/\\\/craftygenesindonesia.com\\\/pt-br\\\/shop\\\/padroes-de-croche-natal\\\/casinha-de-gengibre\\\/\",\"url\":\"https:\\\/\\\/craftygenesindonesia.com\\\/pt-br\\\/shop\\\/padroes-de-croche-natal\\\/casinha-de-gengibre\\\/\",\"name\":\"Casinha de Gengibre padr\u00e3o de croch\u00ea - Craftygenesindonesia\",\"isPartOf\":{\"@id\":\"https:\\\/\\\/craftygenesindonesia.com\\\/pt-br\\\/#website\"},\"primaryImageOfPage\":{\"@id\":\"https:\\\/\\\/craftygenesindonesia.com\\\/pt-br\\\/shop\\\/padroes-de-croche-natal\\\/casinha-de-gengibre\\\/#primaryimage\"},\"image\":{\"@id\":\"https:\\\/\\\/craftygenesindonesia.com\\\/pt-br\\\/shop\\\/padroes-de-croche-natal\\\/casinha-de-gengibre\\\/#primaryimage\"},\"thumbnailUrl\":\"https:\\\/\\\/craftygenesindonesia.com\\\/wp-content\\\/uploads\\\/2022\\\/08\\\/Crafty-Gingerbread-House.jpg\",\"datePublished\":\"2022-08-18T14:04:24+00:00\",\"description\":\"Compre aqui o meu padr\u00e3o de croch\u00e9 \u201cCasinha de Gengibre\u201d. O padr\u00e3o de croch\u00e9 tamb\u00e9m est\u00e1 dispon\u00edvel em Haked.nl, Etsy, Ravelry e Payhip.\",\"breadcrumb\":{\"@id\":\"https:\\\/\\\/craftygenesindonesia.com\\\/pt-br\\\/shop\\\/padroes-de-croche-natal\\\/casinha-de-gengibre\\\/#breadcrumb\"},\"inLanguage\":\"pt-BR\",\"potentialAction\":[{\"@type\":\"ReadAction\",\"target\":[\"https:\\\/\\\/craftygenesindonesia.com\\\/pt-br\\\/shop\\\/padroes-de-croche-natal\\\/casinha-de-gengibre\\\/\"]}]},{\"@type\":\"ImageObject\",\"inLanguage\":\"pt-BR\",\"@id\":\"https:\\\/\\\/craftygenesindonesia.com\\\/pt-br\\\/shop\\\/padroes-de-croche-natal\\\/casinha-de-gengibre\\\/#primaryimage\",\"url\":\"https:\\\/\\\/craftygenesindonesia.com\\\/wp-content\\\/uploads\\\/2022\\\/08\\\/Crafty-Gingerbread-House.jpg\",\"contentUrl\":\"https:\\\/\\\/craftygenesindonesia.com\\\/wp-content\\\/uploads\\\/2022\\\/08\\\/Crafty-Gingerbread-House.jpg\",\"width\":1080,\"height\":1080,\"caption\":\"casa de gengibre em croch\u00ea\"},{\"@type\":\"BreadcrumbList\",\"@id\":\"https:\\\/\\\/craftygenesindonesia.com\\\/pt-br\\\/shop\\\/padroes-de-croche-natal\\\/casinha-de-gengibre\\\/#breadcrumb\",\"itemListElement\":[{\"@type\":\"ListItem\",\"position\":1,\"name\":\"Home\",\"item\":\"https:\\\/\\\/craftygenesindonesia.com\\\/pt-br\\\/\"},{\"@type\":\"ListItem\",\"position\":2,\"name\":\"Loja de moldes\",\"item\":\"https:\\\/\\\/craftygenesindonesia.com\\\/pt-br\\\/loja-de-moldes\\\/\"},{\"@type\":\"ListItem\",\"position\":3,\"name\":\"Casinha de Gengibre\"}]},{\"@type\":\"WebSite\",\"@id\":\"https:\\\/\\\/craftygenesindonesia.com\\\/pt-br\\\/#website\",\"url\":\"https:\\\/\\\/craftygenesindonesia.com\\\/pt-br\\\/\",\"name\":\"Craftygenesindonesia\",\"description\":\"\",\"publisher\":{\"@id\":\"https:\\\/\\\/craftygenesindonesia.com\\\/pt-br\\\/#organization\"},\"potentialAction\":[{\"@type\":\"SearchAction\",\"target\":{\"@type\":\"EntryPoint\",\"urlTemplate\":\"https:\\\/\\\/craftygenesindonesia.com\\\/pt-br\\\/?s={search_term_string}\"},\"query-input\":{\"@type\":\"PropertyValueSpecification\",\"valueRequired\":true,\"valueName\":\"search_term_string\"}}],\"inLanguage\":\"pt-BR\"},{\"@type\":\"Organization\",\"@id\":\"https:\\\/\\\/craftygenesindonesia.com\\\/pt-br\\\/#organization\",\"name\":\"Craftygenesindonesia\",\"url\":\"https:\\\/\\\/craftygenesindonesia.com\\\/pt-br\\\/\",\"logo\":{\"@type\":\"ImageObject\",\"inLanguage\":\"pt-BR\",\"@id\":\"https:\\\/\\\/craftygenesindonesia.com\\\/pt-br\\\/#\\\/schema\\\/logo\\\/image\\\/\",\"url\":\"https:\\\/\\\/craftygenesindonesia.com\\\/wp-content\\\/uploads\\\/2025\\\/11\\\/cropped-Copy-of-Craftygenesindonesia.jpg\",\"contentUrl\":\"https:\\\/\\\/craftygenesindonesia.com\\\/wp-content\\\/uploads\\\/2025\\\/11\\\/cropped-Copy-of-Craftygenesindonesia.jpg\",\"width\":180,\"height\":60,\"caption\":\"Craftygenesindonesia\"},\"image\":{\"@id\":\"https:\\\/\\\/craftygenesindonesia.com\\\/pt-br\\\/#\\\/schema\\\/logo\\\/image\\\/\"}}]}<\/script>\n<!-- \/ Yoast SEO plugin. -->","yoast_head_json":{"title":"Casinha de Gengibre padr\u00e3o de croch\u00ea - Craftygenesindonesia","description":"Compre aqui o meu padr\u00e3o de croch\u00e9 \u201cCasinha de Gengibre\u201d. O padr\u00e3o de croch\u00e9 tamb\u00e9m est\u00e1 dispon\u00edvel em Haked.nl, Etsy, Ravelry e Payhip.","robots":{"index":"index","follow":"follow","max-snippet":"max-snippet:-1","max-image-preview":"max-image-preview:large","max-video-preview":"max-video-preview:-1"},"canonical":"https:\/\/craftygenesindonesia.com\/pt-br\/shop\/padroes-de-croche-natal\/casinha-de-gengibre\/","og_locale":"pt_BR","og_type":"article","og_title":"\"The Crafty Gingerbread House\" crochet pattern here","og_description":"Compre aqui o meu padr\u00e3o de croch\u00e9 \u201cCasinha de Gengibre\u201d. O padr\u00e3o de croch\u00e9 tamb\u00e9m est\u00e1 dispon\u00edvel em Haked.nl, Etsy, Ravelry e Payhip.","og_url":"https:\/\/craftygenesindonesia.com\/pt-br\/shop\/padroes-de-croche-natal\/casinha-de-gengibre\/","og_site_name":"Craftygenesindonesia","og_image":[{"url":"https:\/\/craftygenesindonesia.com\/wp-content\/uploads\/2022\/08\/Crafty-Gingerbread-House-300x300.jpg","type":"","width":"","height":""}],"twitter_card":"summary_large_image","twitter_misc":{"Est. tempo de leitura":"1 minuto"},"schema":{"@context":"https:\/\/schema.org","@graph":[{"@type":"WebPage","@id":"https:\/\/craftygenesindonesia.com\/pt-br\/shop\/padroes-de-croche-natal\/casinha-de-gengibre\/","url":"https:\/\/craftygenesindonesia.com\/pt-br\/shop\/padroes-de-croche-natal\/casinha-de-gengibre\/","name":"Casinha de Gengibre padr\u00e3o de croch\u00ea - Craftygenesindonesia","isPartOf":{"@id":"https:\/\/craftygenesindonesia.com\/pt-br\/#website"},"primaryImageOfPage":{"@id":"https:\/\/craftygenesindonesia.com\/pt-br\/shop\/padroes-de-croche-natal\/casinha-de-gengibre\/#primaryimage"},"image":{"@id":"https:\/\/craftygenesindonesia.com\/pt-br\/shop\/padroes-de-croche-natal\/casinha-de-gengibre\/#primaryimage"},"thumbnailUrl":"https:\/\/craftygenesindonesia.com\/wp-content\/uploads\/2022\/08\/Crafty-Gingerbread-House.jpg","datePublished":"2022-08-18T14:04:24+00:00","description":"Compre aqui o meu padr\u00e3o de croch\u00e9 \u201cCasinha de Gengibre\u201d. O padr\u00e3o de croch\u00e9 tamb\u00e9m est\u00e1 dispon\u00edvel em Haked.nl, Etsy, Ravelry e Payhip.","breadcrumb":{"@id":"https:\/\/craftygenesindonesia.com\/pt-br\/shop\/padroes-de-croche-natal\/casinha-de-gengibre\/#breadcrumb"},"inLanguage":"pt-BR","potentialAction":[{"@type":"ReadAction","target":["https:\/\/craftygenesindonesia.com\/pt-br\/shop\/padroes-de-croche-natal\/casinha-de-gengibre\/"]}]},{"@type":"ImageObject","inLanguage":"pt-BR","@id":"https:\/\/craftygenesindonesia.com\/pt-br\/shop\/padroes-de-croche-natal\/casinha-de-gengibre\/#primaryimage","url":"https:\/\/craftygenesindonesia.com\/wp-content\/uploads\/2022\/08\/Crafty-Gingerbread-House.jpg","contentUrl":"https:\/\/craftygenesindonesia.com\/wp-content\/uploads\/2022\/08\/Crafty-Gingerbread-House.jpg","width":1080,"height":1080,"caption":"casa de gengibre em croch\u00ea"},{"@type":"BreadcrumbList","@id":"https:\/\/craftygenesindonesia.com\/pt-br\/shop\/padroes-de-croche-natal\/casinha-de-gengibre\/#breadcrumb","itemListElement":[{"@type":"ListItem","position":1,"name":"Home","item":"https:\/\/craftygenesindonesia.com\/pt-br\/"},{"@type":"ListItem","position":2,"name":"Loja de moldes","item":"https:\/\/craftygenesindonesia.com\/pt-br\/loja-de-moldes\/"},{"@type":"ListItem","position":3,"name":"Casinha de Gengibre"}]},{"@type":"WebSite","@id":"https:\/\/craftygenesindonesia.com\/pt-br\/#website","url":"https:\/\/craftygenesindonesia.com\/pt-br\/","name":"Craftygenesindonesia","description":"","publisher":{"@id":"https:\/\/craftygenesindonesia.com\/pt-br\/#organization"},"potentialAction":[{"@type":"SearchAction","target":{"@type":"EntryPoint","urlTemplate":"https:\/\/craftygenesindonesia.com\/pt-br\/?s={search_term_string}"},"query-input":{"@type":"PropertyValueSpecification","valueRequired":true,"valueName":"search_term_string"}}],"inLanguage":"pt-BR"},{"@type":"Organization","@id":"https:\/\/craftygenesindonesia.com\/pt-br\/#organization","name":"Craftygenesindonesia","url":"https:\/\/craftygenesindonesia.com\/pt-br\/","logo":{"@type":"ImageObject","inLanguage":"pt-BR","@id":"https:\/\/craftygenesindonesia.com\/pt-br\/#\/schema\/logo\/image\/","url":"https:\/\/craftygenesindonesia.com\/wp-content\/uploads\/2025\/11\/cropped-Copy-of-Craftygenesindonesia.jpg","contentUrl":"https:\/\/craftygenesindonesia.com\/wp-content\/uploads\/2025\/11\/cropped-Copy-of-Craftygenesindonesia.jpg","width":180,"height":60,"caption":"Craftygenesindonesia"},"image":{"@id":"https:\/\/craftygenesindonesia.com\/pt-br\/#\/schema\/logo\/image\/"}}]}},"_links":{"self":[{"href":"https:\/\/craftygenesindonesia.com\/pt-br\/wp-json\/wp\/v2\/product\/987537323","targetHints":{"allow":["GET"]}}],"collection":[{"href":"https:\/\/craftygenesindonesia.com\/pt-br\/wp-json\/wp\/v2\/product"}],"about":[{"href":"https:\/\/craftygenesindonesia.com\/pt-br\/wp-json\/wp\/v2\/types\/product"}],"replies":[{"embeddable":true,"href":"https:\/\/craftygenesindonesia.com\/pt-br\/wp-json\/wp\/v2\/comments?post=987537323"}],"wp:featuredmedia":[{"embeddable":true,"href":"https:\/\/craftygenesindonesia.com\/pt-br\/wp-json\/wp\/v2\/media\/987537329"}],"wp:attachment":[{"href":"https:\/\/craftygenesindonesia.com\/pt-br\/wp-json\/wp\/v2\/media?parent=987537323"}],"wp:term":[{"taxonomy":"product_brand","embeddable":true,"href":"https:\/\/craftygenesindonesia.com\/pt-br\/wp-json\/wp\/v2\/product_brand?post=987537323"},{"taxonomy":"product_cat","embeddable":true,"href":"https:\/\/craftygenesindonesia.com\/pt-br\/wp-json\/wp\/v2\/product_cat?post=987537323"},{"taxonomy":"product_tag","embeddable":true,"href":"https:\/\/craftygenesindonesia.com\/pt-br\/wp-json\/wp\/v2\/product_tag?post=987537323"}],"curies":[{"name":"wp","href":"https:\/\/api.w.org\/{rel}","templated":true}]}}