{"id":987537266,"date":"2022-07-01T19:51:37","date_gmt":"2022-07-01T11:51:37","guid":{"rendered":"https:\/\/craftygenesindonesia.com\/shop\/sem categoria\/trem-de-natal\/"},"modified":"2022-07-01T19:51:37","modified_gmt":"2022-07-01T11:51:37","slug":"trem-de-natal","status":"publish","type":"product","link":"https:\/\/craftygenesindonesia.com\/pt-br\/shop\/padroes-de-croche-natal\/trem-de-natal\/","title":{"rendered":"Trem de Natal"},"content":{"rendered":"<p><strong>Trem de Natal<\/strong><\/p>\n<p>&nbsp;<\/p>\n<p><strong>Tipo de arquivo:<\/strong> padr\u00e3o de croch\u00ea &#8211; download digital, n\u00e3o \u00e9 um item f\u00edsico<\/p>\n<p><strong>Idiomas dispon\u00edveis: ingl\u00eas, holand\u00eas, franc\u00eas, espanhol, alem\u00e3o, italiano, portugu\u00eas<\/strong><\/p>\n<p>&nbsp;<\/p>\n<p><strong>IMPORTANTE: Tudo o que voc\u00ea v\u00ea na imagem est\u00e1 inclu\u00eddo no padr\u00e3o de croch\u00ea.<\/strong><\/p>\n<p>&nbsp;<\/p>\n<p>Tamanho do item acabado: o trem tem 60 cm de comprimento. O Papai Noel tem 16,5 cm de altura. A \u00e1rvore tem 20 cm de altura.  <\/p>\n<p><strong>Tipo de fio<\/strong>: fio de espessura \u201cfingering\u201d (tamanho 3)<\/p>\n<p><strong>Marcas recomendadas<\/strong>: Catona da Scheepjes, Durable Coral, &#8230;<\/p>\n<p>Cores de fios necess\u00e1rias: preto, marrom, marrom escuro, verde escuro, laranja escuro, verde, azul claro, dourado met\u00e1lico, laranja, rosa, vermelho, roxo, cor de pele, branco, amarelo<\/p>\n<p>&nbsp;<\/p>\n<p>Agulha de croch\u00ea: 2 mm<\/p>\n<p>&nbsp;<\/p>\n<p>Outros itens necess\u00e1rios: enchimento, agulha de tape\u00e7aria, fio de alum\u00ednio, alicate de corte, cotonetes, cola, pistola de cola, l\u00e1pis, tesoura, marcadores de pontos, fita adesiva, olhos de seguran\u00e7a pretos de 7 mm, olhos de seguran\u00e7a marrons de 10 mm com olhos de seguran\u00e7a pretos, sino met\u00e1lico, limpadores de cachimbo met\u00e1licos, papel\u00e3o, rolo de papel\u00e3o (opcional), fio de contas, estrela de pl\u00e1stico, mini pompons, bot\u00f5es e fita m\u00e9trica.<\/p>\n<p>&nbsp;<\/p>\n<p><strong>Direitos autorais e informa\u00e7\u00f5es de ajuda:<\/strong><\/p>\n<p>Este padr\u00e3o \u00e9 um padr\u00e3o escrito (digital) com muitas imagens para ajud\u00e1-lo. Se tiver d\u00favidas sobre o padr\u00e3o, envie-me um e-mail para <g id=\"gid_0\">craftygenesindonesia@gmail.com<\/g> <\/p>\n<p>&nbsp;<\/p>\n<p>Este padr\u00e3o digital de croch\u00ea \u00e9 apenas para uso pessoal e est\u00e1 protegido por direitos autorais. Portanto, voc\u00ea n\u00e3o pode copiar, vender, revender, traduzir, reivindicar como seu pr\u00f3prio design, distribuir, compartilhar, publicar, postar&#8230; de nenhuma forma ou maneira sem a minha permiss\u00e3o. Nem mesmo uma parte dele!  <\/p>\n<p>&nbsp;<\/p>\n<p>Voc\u00ea pode vender o produto ou item acabado, em pequenas quantidades, mas n\u00e3o pode vender o padr\u00e3o de croch\u00ea em si! Mencione que o padr\u00e3o de croch\u00ea \u00e9 da minha autoria, Craftygenesindonesia, e onde pode ser adquirido. <\/p>\n","protected":false},"excerpt":{"rendered":"<p>Este \u00e9 um padr\u00e3o de croch\u00ea f\u00e1cil de seguir para fazer um lindo trem de Natal em croch\u00ea. Inclui muitas fotos para ajud\u00e1-lo e \u00e9 um dos meus padr\u00f5es mais f\u00e1ceis! Este trem ficaria incr\u00edvel debaixo da sua \u00e1rvore de Natal, acima da lareira&#8230; com certeza ser\u00e1 um bom tema de conversa quando os convidados vierem visit\u00e1-lo!  <\/p>\n","protected":false},"featured_media":987537281,"comment_status":"open","ping_status":"closed","template":"","meta":{"_acf_changed":false},"product_brand":[],"product_cat":[12995],"product_tag":[13378,13382,13385,13377,13197,13383,13379,13178,13384,13376,13381,13389,13387,13386,13380,13388],"class_list":{"0":"post-987537266","1":"product","2":"type-product","3":"status-publish","4":"has-post-thumbnail","6":"product_cat-padroes-de-croche-natal","7":"product_tag-bastao-de-doces","8":"product_tag-boneco-de-gengibre-2","9":"product_tag-boneco-de-neve-2","10":"product_tag-gola","11":"product_tag-kerst-versiering","12":"product_tag-locomotiva","13":"product_tag-natal-3","14":"product_tag-papai-noel","15":"product_tag-papai-noel-4","16":"product_tag-pirulito","17":"product_tag-presente","18":"product_tag-rodas","19":"product_tag-trem","20":"product_tag-trem-a-vapor","21":"product_tag-treno-de-natal","22":"product_tag-vagao","23":"pa_available_on-craftygenesindonesia","24":"pa_available_on-etsy","25":"pa_available_on-haked-nl","26":"pa_available_on-payhip","27":"pa_available_on-ravelry","28":"pa_languages-alemao","29":"pa_languages-espanhol","30":"pa_languages-frances","31":"pa_languages-holandes","32":"pa_languages-ingles-dos-eua","33":"pa_languages-italiano","34":"pa_languages-portugues","36":"first","37":"instock","38":"downloadable","39":"virtual","40":"purchasable","41":"product-type-simple"},"acf":[],"yoast_head":"<!-- This site is optimized with the Yoast SEO plugin v27.4 - https:\/\/yoast.com\/product\/yoast-seo-wordpress\/ -->\n<title>Trem de Natal padr\u00e3o de croch\u00ea - Craftygenesindonesia<\/title>\n<meta name=\"description\" content=\"Compre aqui o meu padr\u00e3o de croch\u00e9 \u201cComboio de Natal\u201d. O padr\u00e3o de croch\u00e9 f\u00e1cil de seguir tamb\u00e9m est\u00e1 dispon\u00edvel em Haked.nl, Etsy, Ravelry, Payhip.\" \/>\n<meta name=\"robots\" content=\"index, follow, max-snippet:-1, max-image-preview:large, max-video-preview:-1\" \/>\n<link rel=\"canonical\" href=\"https:\/\/craftygenesindonesia.com\/pt-br\/shop\/padroes-de-croche-natal\/trem-de-natal\/\" \/>\n<meta property=\"og:locale\" content=\"pt_BR\" \/>\n<meta property=\"og:type\" content=\"article\" \/>\n<meta property=\"og:title\" content=\"Trem de Natal - padr\u00e3o de croch\u00ea\" \/>\n<meta property=\"og:description\" content=\"Compre aqui o meu padr\u00e3o de croch\u00e9 \u201cComboio de Natal\u201d. O padr\u00e3o de croch\u00e9 f\u00e1cil de seguir tamb\u00e9m est\u00e1 dispon\u00edvel em Haked.nl, Etsy, Ravelry, Payhip.\" \/>\n<meta property=\"og:url\" content=\"https:\/\/craftygenesindonesia.com\/pt-br\/shop\/padroes-de-croche-natal\/trem-de-natal\/\" \/>\n<meta property=\"og:site_name\" content=\"Craftygenesindonesia\" \/>\n<meta property=\"og:image\" content=\"https:\/\/craftygenesindonesia.com\/wp-content\/uploads\/2022\/07\/The-Crafty-Christmas-Train-2-300x300.jpg\" \/>\n<meta name=\"twitter:card\" content=\"summary_large_image\" \/>\n<meta name=\"twitter:label1\" content=\"Est. tempo de leitura\" \/>\n\t<meta name=\"twitter:data1\" content=\"2 minutos\" \/>\n<script type=\"application\/ld+json\" class=\"yoast-schema-graph\">{\"@context\":\"https:\\\/\\\/schema.org\",\"@graph\":[{\"@type\":\"WebPage\",\"@id\":\"https:\\\/\\\/craftygenesindonesia.com\\\/pt-br\\\/shop\\\/padroes-de-croche-natal\\\/trem-de-natal\\\/\",\"url\":\"https:\\\/\\\/craftygenesindonesia.com\\\/pt-br\\\/shop\\\/padroes-de-croche-natal\\\/trem-de-natal\\\/\",\"name\":\"Trem de Natal padr\u00e3o de croch\u00ea - Craftygenesindonesia\",\"isPartOf\":{\"@id\":\"https:\\\/\\\/craftygenesindonesia.com\\\/pt-br\\\/#website\"},\"primaryImageOfPage\":{\"@id\":\"https:\\\/\\\/craftygenesindonesia.com\\\/pt-br\\\/shop\\\/padroes-de-croche-natal\\\/trem-de-natal\\\/#primaryimage\"},\"image\":{\"@id\":\"https:\\\/\\\/craftygenesindonesia.com\\\/pt-br\\\/shop\\\/padroes-de-croche-natal\\\/trem-de-natal\\\/#primaryimage\"},\"thumbnailUrl\":\"https:\\\/\\\/craftygenesindonesia.com\\\/wp-content\\\/uploads\\\/2022\\\/07\\\/The-Crafty-Christmas-Train-2.jpg\",\"datePublished\":\"2022-07-01T11:51:37+00:00\",\"description\":\"Compre aqui o meu padr\u00e3o de croch\u00e9 \u201cComboio de Natal\u201d. O padr\u00e3o de croch\u00e9 f\u00e1cil de seguir tamb\u00e9m est\u00e1 dispon\u00edvel em Haked.nl, Etsy, Ravelry, Payhip.\",\"breadcrumb\":{\"@id\":\"https:\\\/\\\/craftygenesindonesia.com\\\/pt-br\\\/shop\\\/padroes-de-croche-natal\\\/trem-de-natal\\\/#breadcrumb\"},\"inLanguage\":\"pt-BR\",\"potentialAction\":[{\"@type\":\"ReadAction\",\"target\":[\"https:\\\/\\\/craftygenesindonesia.com\\\/pt-br\\\/shop\\\/padroes-de-croche-natal\\\/trem-de-natal\\\/\"]}]},{\"@type\":\"ImageObject\",\"inLanguage\":\"pt-BR\",\"@id\":\"https:\\\/\\\/craftygenesindonesia.com\\\/pt-br\\\/shop\\\/padroes-de-croche-natal\\\/trem-de-natal\\\/#primaryimage\",\"url\":\"https:\\\/\\\/craftygenesindonesia.com\\\/wp-content\\\/uploads\\\/2022\\\/07\\\/The-Crafty-Christmas-Train-2.jpg\",\"contentUrl\":\"https:\\\/\\\/craftygenesindonesia.com\\\/wp-content\\\/uploads\\\/2022\\\/07\\\/The-Crafty-Christmas-Train-2.jpg\",\"width\":1080,\"height\":1080,\"caption\":\"Trem de Natal em croch\u00ea com Papai Noel, boneco de neve, boneco de gengibre, presentes e \u00e1rvore de Natal\"},{\"@type\":\"BreadcrumbList\",\"@id\":\"https:\\\/\\\/craftygenesindonesia.com\\\/pt-br\\\/shop\\\/padroes-de-croche-natal\\\/trem-de-natal\\\/#breadcrumb\",\"itemListElement\":[{\"@type\":\"ListItem\",\"position\":1,\"name\":\"Home\",\"item\":\"https:\\\/\\\/craftygenesindonesia.com\\\/pt-br\\\/\"},{\"@type\":\"ListItem\",\"position\":2,\"name\":\"Loja de moldes\",\"item\":\"https:\\\/\\\/craftygenesindonesia.com\\\/pt-br\\\/loja-de-moldes\\\/\"},{\"@type\":\"ListItem\",\"position\":3,\"name\":\"Trem de Natal\"}]},{\"@type\":\"WebSite\",\"@id\":\"https:\\\/\\\/craftygenesindonesia.com\\\/pt-br\\\/#website\",\"url\":\"https:\\\/\\\/craftygenesindonesia.com\\\/pt-br\\\/\",\"name\":\"Craftygenesindonesia\",\"description\":\"\",\"publisher\":{\"@id\":\"https:\\\/\\\/craftygenesindonesia.com\\\/pt-br\\\/#organization\"},\"potentialAction\":[{\"@type\":\"SearchAction\",\"target\":{\"@type\":\"EntryPoint\",\"urlTemplate\":\"https:\\\/\\\/craftygenesindonesia.com\\\/pt-br\\\/?s={search_term_string}\"},\"query-input\":{\"@type\":\"PropertyValueSpecification\",\"valueRequired\":true,\"valueName\":\"search_term_string\"}}],\"inLanguage\":\"pt-BR\"},{\"@type\":\"Organization\",\"@id\":\"https:\\\/\\\/craftygenesindonesia.com\\\/pt-br\\\/#organization\",\"name\":\"Craftygenesindonesia\",\"url\":\"https:\\\/\\\/craftygenesindonesia.com\\\/pt-br\\\/\",\"logo\":{\"@type\":\"ImageObject\",\"inLanguage\":\"pt-BR\",\"@id\":\"https:\\\/\\\/craftygenesindonesia.com\\\/pt-br\\\/#\\\/schema\\\/logo\\\/image\\\/\",\"url\":\"https:\\\/\\\/craftygenesindonesia.com\\\/wp-content\\\/uploads\\\/2025\\\/11\\\/cropped-Copy-of-Craftygenesindonesia.jpg\",\"contentUrl\":\"https:\\\/\\\/craftygenesindonesia.com\\\/wp-content\\\/uploads\\\/2025\\\/11\\\/cropped-Copy-of-Craftygenesindonesia.jpg\",\"width\":180,\"height\":60,\"caption\":\"Craftygenesindonesia\"},\"image\":{\"@id\":\"https:\\\/\\\/craftygenesindonesia.com\\\/pt-br\\\/#\\\/schema\\\/logo\\\/image\\\/\"}}]}<\/script>\n<!-- \/ Yoast SEO plugin. -->","yoast_head_json":{"title":"Trem de Natal padr\u00e3o de croch\u00ea - Craftygenesindonesia","description":"Compre aqui o meu padr\u00e3o de croch\u00e9 \u201cComboio de Natal\u201d. O padr\u00e3o de croch\u00e9 f\u00e1cil de seguir tamb\u00e9m est\u00e1 dispon\u00edvel em Haked.nl, Etsy, Ravelry, Payhip.","robots":{"index":"index","follow":"follow","max-snippet":"max-snippet:-1","max-image-preview":"max-image-preview:large","max-video-preview":"max-video-preview:-1"},"canonical":"https:\/\/craftygenesindonesia.com\/pt-br\/shop\/padroes-de-croche-natal\/trem-de-natal\/","og_locale":"pt_BR","og_type":"article","og_title":"Trem de Natal - padr\u00e3o de croch\u00ea","og_description":"Compre aqui o meu padr\u00e3o de croch\u00e9 \u201cComboio de Natal\u201d. O padr\u00e3o de croch\u00e9 f\u00e1cil de seguir tamb\u00e9m est\u00e1 dispon\u00edvel em Haked.nl, Etsy, Ravelry, Payhip.","og_url":"https:\/\/craftygenesindonesia.com\/pt-br\/shop\/padroes-de-croche-natal\/trem-de-natal\/","og_site_name":"Craftygenesindonesia","og_image":[{"url":"https:\/\/craftygenesindonesia.com\/wp-content\/uploads\/2022\/07\/The-Crafty-Christmas-Train-2-300x300.jpg","type":"","width":"","height":""}],"twitter_card":"summary_large_image","twitter_misc":{"Est. tempo de leitura":"2 minutos"},"schema":{"@context":"https:\/\/schema.org","@graph":[{"@type":"WebPage","@id":"https:\/\/craftygenesindonesia.com\/pt-br\/shop\/padroes-de-croche-natal\/trem-de-natal\/","url":"https:\/\/craftygenesindonesia.com\/pt-br\/shop\/padroes-de-croche-natal\/trem-de-natal\/","name":"Trem de Natal padr\u00e3o de croch\u00ea - Craftygenesindonesia","isPartOf":{"@id":"https:\/\/craftygenesindonesia.com\/pt-br\/#website"},"primaryImageOfPage":{"@id":"https:\/\/craftygenesindonesia.com\/pt-br\/shop\/padroes-de-croche-natal\/trem-de-natal\/#primaryimage"},"image":{"@id":"https:\/\/craftygenesindonesia.com\/pt-br\/shop\/padroes-de-croche-natal\/trem-de-natal\/#primaryimage"},"thumbnailUrl":"https:\/\/craftygenesindonesia.com\/wp-content\/uploads\/2022\/07\/The-Crafty-Christmas-Train-2.jpg","datePublished":"2022-07-01T11:51:37+00:00","description":"Compre aqui o meu padr\u00e3o de croch\u00e9 \u201cComboio de Natal\u201d. O padr\u00e3o de croch\u00e9 f\u00e1cil de seguir tamb\u00e9m est\u00e1 dispon\u00edvel em Haked.nl, Etsy, Ravelry, Payhip.","breadcrumb":{"@id":"https:\/\/craftygenesindonesia.com\/pt-br\/shop\/padroes-de-croche-natal\/trem-de-natal\/#breadcrumb"},"inLanguage":"pt-BR","potentialAction":[{"@type":"ReadAction","target":["https:\/\/craftygenesindonesia.com\/pt-br\/shop\/padroes-de-croche-natal\/trem-de-natal\/"]}]},{"@type":"ImageObject","inLanguage":"pt-BR","@id":"https:\/\/craftygenesindonesia.com\/pt-br\/shop\/padroes-de-croche-natal\/trem-de-natal\/#primaryimage","url":"https:\/\/craftygenesindonesia.com\/wp-content\/uploads\/2022\/07\/The-Crafty-Christmas-Train-2.jpg","contentUrl":"https:\/\/craftygenesindonesia.com\/wp-content\/uploads\/2022\/07\/The-Crafty-Christmas-Train-2.jpg","width":1080,"height":1080,"caption":"Trem de Natal em croch\u00ea com Papai Noel, boneco de neve, boneco de gengibre, presentes e \u00e1rvore de Natal"},{"@type":"BreadcrumbList","@id":"https:\/\/craftygenesindonesia.com\/pt-br\/shop\/padroes-de-croche-natal\/trem-de-natal\/#breadcrumb","itemListElement":[{"@type":"ListItem","position":1,"name":"Home","item":"https:\/\/craftygenesindonesia.com\/pt-br\/"},{"@type":"ListItem","position":2,"name":"Loja de moldes","item":"https:\/\/craftygenesindonesia.com\/pt-br\/loja-de-moldes\/"},{"@type":"ListItem","position":3,"name":"Trem de Natal"}]},{"@type":"WebSite","@id":"https:\/\/craftygenesindonesia.com\/pt-br\/#website","url":"https:\/\/craftygenesindonesia.com\/pt-br\/","name":"Craftygenesindonesia","description":"","publisher":{"@id":"https:\/\/craftygenesindonesia.com\/pt-br\/#organization"},"potentialAction":[{"@type":"SearchAction","target":{"@type":"EntryPoint","urlTemplate":"https:\/\/craftygenesindonesia.com\/pt-br\/?s={search_term_string}"},"query-input":{"@type":"PropertyValueSpecification","valueRequired":true,"valueName":"search_term_string"}}],"inLanguage":"pt-BR"},{"@type":"Organization","@id":"https:\/\/craftygenesindonesia.com\/pt-br\/#organization","name":"Craftygenesindonesia","url":"https:\/\/craftygenesindonesia.com\/pt-br\/","logo":{"@type":"ImageObject","inLanguage":"pt-BR","@id":"https:\/\/craftygenesindonesia.com\/pt-br\/#\/schema\/logo\/image\/","url":"https:\/\/craftygenesindonesia.com\/wp-content\/uploads\/2025\/11\/cropped-Copy-of-Craftygenesindonesia.jpg","contentUrl":"https:\/\/craftygenesindonesia.com\/wp-content\/uploads\/2025\/11\/cropped-Copy-of-Craftygenesindonesia.jpg","width":180,"height":60,"caption":"Craftygenesindonesia"},"image":{"@id":"https:\/\/craftygenesindonesia.com\/pt-br\/#\/schema\/logo\/image\/"}}]}},"_links":{"self":[{"href":"https:\/\/craftygenesindonesia.com\/pt-br\/wp-json\/wp\/v2\/product\/987537266","targetHints":{"allow":["GET"]}}],"collection":[{"href":"https:\/\/craftygenesindonesia.com\/pt-br\/wp-json\/wp\/v2\/product"}],"about":[{"href":"https:\/\/craftygenesindonesia.com\/pt-br\/wp-json\/wp\/v2\/types\/product"}],"replies":[{"embeddable":true,"href":"https:\/\/craftygenesindonesia.com\/pt-br\/wp-json\/wp\/v2\/comments?post=987537266"}],"wp:featuredmedia":[{"embeddable":true,"href":"https:\/\/craftygenesindonesia.com\/pt-br\/wp-json\/wp\/v2\/media\/987537281"}],"wp:attachment":[{"href":"https:\/\/craftygenesindonesia.com\/pt-br\/wp-json\/wp\/v2\/media?parent=987537266"}],"wp:term":[{"taxonomy":"product_brand","embeddable":true,"href":"https:\/\/craftygenesindonesia.com\/pt-br\/wp-json\/wp\/v2\/product_brand?post=987537266"},{"taxonomy":"product_cat","embeddable":true,"href":"https:\/\/craftygenesindonesia.com\/pt-br\/wp-json\/wp\/v2\/product_cat?post=987537266"},{"taxonomy":"product_tag","embeddable":true,"href":"https:\/\/craftygenesindonesia.com\/pt-br\/wp-json\/wp\/v2\/product_tag?post=987537266"}],"curies":[{"name":"wp","href":"https:\/\/api.w.org\/{rel}","templated":true}]}}