{"id":987537133,"date":"2022-06-27T08:12:32","date_gmt":"2022-06-27T00:12:32","guid":{"rendered":"https:\/\/craftygenesindonesia.com\/shop\/sem categoria\/pintinho-da-pascoa\/"},"modified":"2022-06-27T08:12:32","modified_gmt":"2022-06-27T00:12:32","slug":"pintinho-da-pascoa","status":"publish","type":"product","link":"https:\/\/craftygenesindonesia.com\/pt-br\/shop\/padroes-de-croche-de-animais\/pintinho-da-pascoa\/","title":{"rendered":"Pintinho da P\u00e1scoa"},"content":{"rendered":"<p>Tamanho: O pintinho tem 17 cm ou 7,6 polegadas de altura (incluindo a plataforma).<\/p>\n<p>Fio: \u00e9 feito com fio de espessura \u201cFINGERING\u201d, adequado para amigurumi, e uma agulha de croch\u00ea de 2 mm.<\/p>\n<p>Voc\u00ea precisar\u00e1 das seguintes cores: amarelo, branco, branco sujo, laranja, bege, roxo, azul, rosa, verde neon, roxo escuro e cinza.<\/p>\n<p>Agulha de croch\u00ea: tamanho 2 mm<\/p>\n<p>Este padr\u00e3o \u00e9 um padr\u00e3o escrito com muitas imagens para ajud\u00e1-lo. Se ainda tiver d\u00favidas, envie-me uma mensagem para: <a href=\"mailto:craftygenesindonesia@gmail.com\">craftygenesindonesia@gmail.com<\/a> <\/p>\n<p><strong>-Este padr\u00e3o \u00e9 apenas para uso pessoal e est\u00e1 protegido por direitos autorais. Portanto, o padr\u00e3o N\u00c3O pode ser copiado, vendido, revendido, traduzido, reivindicado como seu design, distribu\u00eddo, compartilhado, publicado, postado online&#8230; de qualquer forma sem o meu consentimento.  Nem mesmo parte disso!!!<\/strong><\/p>\n<p><strong>-Voc\u00ea pode vender o item acabado em pequenas quantidades, mas n\u00e3o o padr\u00e3o de croch\u00ea em si! Por favor, mencione que o padr\u00e3o \u00e9 da Craftygenesindonesia e onde ele pode ser adquirido. <\/strong><\/p>\n","protected":false},"excerpt":{"rendered":"<p>Este \u00e9 um padr\u00e3o de croch\u00ea f\u00e1cil de seguir para fazer um pintinho de P\u00e1scoa muito fofo que est\u00e1 pintando seu ovo de P\u00e1scoa. Seria um presente\/decora\u00e7\u00e3o de P\u00e1scoa maravilhoso. <\/p>\n","protected":false},"featured_media":987537136,"comment_status":"open","ping_status":"closed","template":"","meta":{"_acf_changed":false},"product_brand":[],"product_cat":[13012,12958,12959],"product_tag":[13231,13132,12963,13133,13131,13346,13345],"class_list":{"0":"post-987537133","1":"product","2":"type-product","3":"status-publish","4":"has-post-thumbnail","6":"product_cat-padroes-de-croche-bonecas-infantis","7":"product_cat-padroes-de-croche-de-animais","8":"product_cat-padroes-de-croche-para-a-pascoa","9":"product_tag-ovo","10":"product_tag-ovo-de-pascoa","11":"product_tag-pascoa","12":"product_tag-pintinho","13":"product_tag-pintinho-da-pascoa","14":"product_tag-pintor","15":"product_tag-tinta","16":"pa_available_on-craftygenesindonesia","17":"pa_available_on-etsy","18":"pa_available_on-haked-nl","19":"pa_available_on-payhip","20":"pa_available_on-ravelry","21":"pa_languages-alemao","22":"pa_languages-espanhol","23":"pa_languages-frances","24":"pa_languages-holandes","25":"pa_languages-ingles-dos-eua","27":"first","28":"instock","29":"sale","30":"downloadable","31":"virtual","32":"purchasable","33":"product-type-simple"},"acf":[],"yoast_head":"<!-- This site is optimized with the Yoast SEO plugin v27.3 - https:\/\/yoast.com\/product\/yoast-seo-wordpress\/ -->\n<title>Pintinho da P\u00e1scoa padr\u00e3o de croch\u00ea - Craftygenesindonesia<\/title>\n<meta name=\"description\" content=\"Compre aqui o meu padr\u00e3o de croch\u00ea \u201cPintinho da P\u00e1scoa\u201d. O padr\u00e3o de croch\u00ea f\u00e1cil de seguir tamb\u00e9m est\u00e1 dispon\u00edvel no Etsy, Haked.nl, Ravelry e Payhip.\" \/>\n<meta name=\"robots\" content=\"index, follow, max-snippet:-1, max-image-preview:large, max-video-preview:-1\" \/>\n<link rel=\"canonical\" href=\"https:\/\/craftygenesindonesia.com\/pt-br\/shop\/padroes-de-croche-de-animais\/pintinho-da-pascoa\/\" \/>\n<meta property=\"og:locale\" content=\"pt_BR\" \/>\n<meta property=\"og:type\" content=\"article\" \/>\n<meta property=\"og:title\" content=\"Pintinho da P\u00e1scoa - padr\u00e3o de croch\u00ea\" \/>\n<meta property=\"og:description\" content=\"Compre aqui o meu padr\u00e3o de croch\u00ea \u201cPintinho da P\u00e1scoa\u201d. O padr\u00e3o de croch\u00ea f\u00e1cil de seguir tamb\u00e9m est\u00e1 dispon\u00edvel no Etsy, Haked.nl, Ravelry e Payhip.\" \/>\n<meta property=\"og:url\" content=\"https:\/\/craftygenesindonesia.com\/pt-br\/shop\/padroes-de-croche-de-animais\/pintinho-da-pascoa\/\" \/>\n<meta property=\"og:site_name\" content=\"Craftygenesindonesia\" \/>\n<meta property=\"og:image\" content=\"https:\/\/craftygenesindonesia.com\/wp-content\/uploads\/2022\/06\/Easter-Chick-2-300x300.jpg\" \/>\n<meta name=\"twitter:card\" content=\"summary_large_image\" \/>\n<meta name=\"twitter:label1\" content=\"Est. tempo de leitura\" \/>\n\t<meta name=\"twitter:data1\" content=\"1 minuto\" \/>\n<script type=\"application\/ld+json\" class=\"yoast-schema-graph\">{\"@context\":\"https:\\\/\\\/schema.org\",\"@graph\":[{\"@type\":\"WebPage\",\"@id\":\"https:\\\/\\\/craftygenesindonesia.com\\\/pt-br\\\/shop\\\/padroes-de-croche-de-animais\\\/pintinho-da-pascoa\\\/\",\"url\":\"https:\\\/\\\/craftygenesindonesia.com\\\/pt-br\\\/shop\\\/padroes-de-croche-de-animais\\\/pintinho-da-pascoa\\\/\",\"name\":\"Pintinho da P\u00e1scoa padr\u00e3o de croch\u00ea - Craftygenesindonesia\",\"isPartOf\":{\"@id\":\"https:\\\/\\\/craftygenesindonesia.com\\\/pt-br\\\/#website\"},\"primaryImageOfPage\":{\"@id\":\"https:\\\/\\\/craftygenesindonesia.com\\\/pt-br\\\/shop\\\/padroes-de-croche-de-animais\\\/pintinho-da-pascoa\\\/#primaryimage\"},\"image\":{\"@id\":\"https:\\\/\\\/craftygenesindonesia.com\\\/pt-br\\\/shop\\\/padroes-de-croche-de-animais\\\/pintinho-da-pascoa\\\/#primaryimage\"},\"thumbnailUrl\":\"https:\\\/\\\/craftygenesindonesia.com\\\/wp-content\\\/uploads\\\/2022\\\/06\\\/Easter-Chick-2.jpg\",\"datePublished\":\"2022-06-27T00:12:32+00:00\",\"description\":\"Compre aqui o meu padr\u00e3o de croch\u00ea \u201cPintinho da P\u00e1scoa\u201d. O padr\u00e3o de croch\u00ea f\u00e1cil de seguir tamb\u00e9m est\u00e1 dispon\u00edvel no Etsy, Haked.nl, Ravelry e Payhip.\",\"breadcrumb\":{\"@id\":\"https:\\\/\\\/craftygenesindonesia.com\\\/pt-br\\\/shop\\\/padroes-de-croche-de-animais\\\/pintinho-da-pascoa\\\/#breadcrumb\"},\"inLanguage\":\"pt-BR\",\"potentialAction\":[{\"@type\":\"ReadAction\",\"target\":[\"https:\\\/\\\/craftygenesindonesia.com\\\/pt-br\\\/shop\\\/padroes-de-croche-de-animais\\\/pintinho-da-pascoa\\\/\"]}]},{\"@type\":\"ImageObject\",\"inLanguage\":\"pt-BR\",\"@id\":\"https:\\\/\\\/craftygenesindonesia.com\\\/pt-br\\\/shop\\\/padroes-de-croche-de-animais\\\/pintinho-da-pascoa\\\/#primaryimage\",\"url\":\"https:\\\/\\\/craftygenesindonesia.com\\\/wp-content\\\/uploads\\\/2022\\\/06\\\/Easter-Chick-2.jpg\",\"contentUrl\":\"https:\\\/\\\/craftygenesindonesia.com\\\/wp-content\\\/uploads\\\/2022\\\/06\\\/Easter-Chick-2.jpg\",\"width\":1080,\"height\":1080,\"caption\":\"Pintinho de P\u00e1scoa em croch\u00ea com ovo de P\u00e1scoa em croch\u00ea\"},{\"@type\":\"BreadcrumbList\",\"@id\":\"https:\\\/\\\/craftygenesindonesia.com\\\/pt-br\\\/shop\\\/padroes-de-croche-de-animais\\\/pintinho-da-pascoa\\\/#breadcrumb\",\"itemListElement\":[{\"@type\":\"ListItem\",\"position\":1,\"name\":\"Home\",\"item\":\"https:\\\/\\\/craftygenesindonesia.com\\\/pt-br\\\/\"},{\"@type\":\"ListItem\",\"position\":2,\"name\":\"Loja de moldes\",\"item\":\"https:\\\/\\\/craftygenesindonesia.com\\\/pt-br\\\/loja-de-moldes\\\/\"},{\"@type\":\"ListItem\",\"position\":3,\"name\":\"Pintinho da P\u00e1scoa\"}]},{\"@type\":\"WebSite\",\"@id\":\"https:\\\/\\\/craftygenesindonesia.com\\\/pt-br\\\/#website\",\"url\":\"https:\\\/\\\/craftygenesindonesia.com\\\/pt-br\\\/\",\"name\":\"Craftygenesindonesia\",\"description\":\"\",\"publisher\":{\"@id\":\"https:\\\/\\\/craftygenesindonesia.com\\\/pt-br\\\/#organization\"},\"potentialAction\":[{\"@type\":\"SearchAction\",\"target\":{\"@type\":\"EntryPoint\",\"urlTemplate\":\"https:\\\/\\\/craftygenesindonesia.com\\\/pt-br\\\/?s={search_term_string}\"},\"query-input\":{\"@type\":\"PropertyValueSpecification\",\"valueRequired\":true,\"valueName\":\"search_term_string\"}}],\"inLanguage\":\"pt-BR\"},{\"@type\":\"Organization\",\"@id\":\"https:\\\/\\\/craftygenesindonesia.com\\\/pt-br\\\/#organization\",\"name\":\"Craftygenesindonesia\",\"url\":\"https:\\\/\\\/craftygenesindonesia.com\\\/pt-br\\\/\",\"logo\":{\"@type\":\"ImageObject\",\"inLanguage\":\"pt-BR\",\"@id\":\"https:\\\/\\\/craftygenesindonesia.com\\\/pt-br\\\/#\\\/schema\\\/logo\\\/image\\\/\",\"url\":\"https:\\\/\\\/craftygenesindonesia.com\\\/wp-content\\\/uploads\\\/2025\\\/11\\\/cropped-Copy-of-Craftygenesindonesia.jpg\",\"contentUrl\":\"https:\\\/\\\/craftygenesindonesia.com\\\/wp-content\\\/uploads\\\/2025\\\/11\\\/cropped-Copy-of-Craftygenesindonesia.jpg\",\"width\":180,\"height\":60,\"caption\":\"Craftygenesindonesia\"},\"image\":{\"@id\":\"https:\\\/\\\/craftygenesindonesia.com\\\/pt-br\\\/#\\\/schema\\\/logo\\\/image\\\/\"}}]}<\/script>\n<!-- \/ Yoast SEO plugin. -->","yoast_head_json":{"title":"Pintinho da P\u00e1scoa padr\u00e3o de croch\u00ea - Craftygenesindonesia","description":"Compre aqui o meu padr\u00e3o de croch\u00ea \u201cPintinho da P\u00e1scoa\u201d. O padr\u00e3o de croch\u00ea f\u00e1cil de seguir tamb\u00e9m est\u00e1 dispon\u00edvel no Etsy, Haked.nl, Ravelry e Payhip.","robots":{"index":"index","follow":"follow","max-snippet":"max-snippet:-1","max-image-preview":"max-image-preview:large","max-video-preview":"max-video-preview:-1"},"canonical":"https:\/\/craftygenesindonesia.com\/pt-br\/shop\/padroes-de-croche-de-animais\/pintinho-da-pascoa\/","og_locale":"pt_BR","og_type":"article","og_title":"Pintinho da P\u00e1scoa - padr\u00e3o de croch\u00ea","og_description":"Compre aqui o meu padr\u00e3o de croch\u00ea \u201cPintinho da P\u00e1scoa\u201d. O padr\u00e3o de croch\u00ea f\u00e1cil de seguir tamb\u00e9m est\u00e1 dispon\u00edvel no Etsy, Haked.nl, Ravelry e Payhip.","og_url":"https:\/\/craftygenesindonesia.com\/pt-br\/shop\/padroes-de-croche-de-animais\/pintinho-da-pascoa\/","og_site_name":"Craftygenesindonesia","og_image":[{"url":"https:\/\/craftygenesindonesia.com\/wp-content\/uploads\/2022\/06\/Easter-Chick-2-300x300.jpg","type":"","width":"","height":""}],"twitter_card":"summary_large_image","twitter_misc":{"Est. tempo de leitura":"1 minuto"},"schema":{"@context":"https:\/\/schema.org","@graph":[{"@type":"WebPage","@id":"https:\/\/craftygenesindonesia.com\/pt-br\/shop\/padroes-de-croche-de-animais\/pintinho-da-pascoa\/","url":"https:\/\/craftygenesindonesia.com\/pt-br\/shop\/padroes-de-croche-de-animais\/pintinho-da-pascoa\/","name":"Pintinho da P\u00e1scoa padr\u00e3o de croch\u00ea - Craftygenesindonesia","isPartOf":{"@id":"https:\/\/craftygenesindonesia.com\/pt-br\/#website"},"primaryImageOfPage":{"@id":"https:\/\/craftygenesindonesia.com\/pt-br\/shop\/padroes-de-croche-de-animais\/pintinho-da-pascoa\/#primaryimage"},"image":{"@id":"https:\/\/craftygenesindonesia.com\/pt-br\/shop\/padroes-de-croche-de-animais\/pintinho-da-pascoa\/#primaryimage"},"thumbnailUrl":"https:\/\/craftygenesindonesia.com\/wp-content\/uploads\/2022\/06\/Easter-Chick-2.jpg","datePublished":"2022-06-27T00:12:32+00:00","description":"Compre aqui o meu padr\u00e3o de croch\u00ea \u201cPintinho da P\u00e1scoa\u201d. O padr\u00e3o de croch\u00ea f\u00e1cil de seguir tamb\u00e9m est\u00e1 dispon\u00edvel no Etsy, Haked.nl, Ravelry e Payhip.","breadcrumb":{"@id":"https:\/\/craftygenesindonesia.com\/pt-br\/shop\/padroes-de-croche-de-animais\/pintinho-da-pascoa\/#breadcrumb"},"inLanguage":"pt-BR","potentialAction":[{"@type":"ReadAction","target":["https:\/\/craftygenesindonesia.com\/pt-br\/shop\/padroes-de-croche-de-animais\/pintinho-da-pascoa\/"]}]},{"@type":"ImageObject","inLanguage":"pt-BR","@id":"https:\/\/craftygenesindonesia.com\/pt-br\/shop\/padroes-de-croche-de-animais\/pintinho-da-pascoa\/#primaryimage","url":"https:\/\/craftygenesindonesia.com\/wp-content\/uploads\/2022\/06\/Easter-Chick-2.jpg","contentUrl":"https:\/\/craftygenesindonesia.com\/wp-content\/uploads\/2022\/06\/Easter-Chick-2.jpg","width":1080,"height":1080,"caption":"Pintinho de P\u00e1scoa em croch\u00ea com ovo de P\u00e1scoa em croch\u00ea"},{"@type":"BreadcrumbList","@id":"https:\/\/craftygenesindonesia.com\/pt-br\/shop\/padroes-de-croche-de-animais\/pintinho-da-pascoa\/#breadcrumb","itemListElement":[{"@type":"ListItem","position":1,"name":"Home","item":"https:\/\/craftygenesindonesia.com\/pt-br\/"},{"@type":"ListItem","position":2,"name":"Loja de moldes","item":"https:\/\/craftygenesindonesia.com\/pt-br\/loja-de-moldes\/"},{"@type":"ListItem","position":3,"name":"Pintinho da P\u00e1scoa"}]},{"@type":"WebSite","@id":"https:\/\/craftygenesindonesia.com\/pt-br\/#website","url":"https:\/\/craftygenesindonesia.com\/pt-br\/","name":"Craftygenesindonesia","description":"","publisher":{"@id":"https:\/\/craftygenesindonesia.com\/pt-br\/#organization"},"potentialAction":[{"@type":"SearchAction","target":{"@type":"EntryPoint","urlTemplate":"https:\/\/craftygenesindonesia.com\/pt-br\/?s={search_term_string}"},"query-input":{"@type":"PropertyValueSpecification","valueRequired":true,"valueName":"search_term_string"}}],"inLanguage":"pt-BR"},{"@type":"Organization","@id":"https:\/\/craftygenesindonesia.com\/pt-br\/#organization","name":"Craftygenesindonesia","url":"https:\/\/craftygenesindonesia.com\/pt-br\/","logo":{"@type":"ImageObject","inLanguage":"pt-BR","@id":"https:\/\/craftygenesindonesia.com\/pt-br\/#\/schema\/logo\/image\/","url":"https:\/\/craftygenesindonesia.com\/wp-content\/uploads\/2025\/11\/cropped-Copy-of-Craftygenesindonesia.jpg","contentUrl":"https:\/\/craftygenesindonesia.com\/wp-content\/uploads\/2025\/11\/cropped-Copy-of-Craftygenesindonesia.jpg","width":180,"height":60,"caption":"Craftygenesindonesia"},"image":{"@id":"https:\/\/craftygenesindonesia.com\/pt-br\/#\/schema\/logo\/image\/"}}]}},"_links":{"self":[{"href":"https:\/\/craftygenesindonesia.com\/pt-br\/wp-json\/wp\/v2\/product\/987537133","targetHints":{"allow":["GET"]}}],"collection":[{"href":"https:\/\/craftygenesindonesia.com\/pt-br\/wp-json\/wp\/v2\/product"}],"about":[{"href":"https:\/\/craftygenesindonesia.com\/pt-br\/wp-json\/wp\/v2\/types\/product"}],"replies":[{"embeddable":true,"href":"https:\/\/craftygenesindonesia.com\/pt-br\/wp-json\/wp\/v2\/comments?post=987537133"}],"wp:featuredmedia":[{"embeddable":true,"href":"https:\/\/craftygenesindonesia.com\/pt-br\/wp-json\/wp\/v2\/media\/987537136"}],"wp:attachment":[{"href":"https:\/\/craftygenesindonesia.com\/pt-br\/wp-json\/wp\/v2\/media?parent=987537133"}],"wp:term":[{"taxonomy":"product_brand","embeddable":true,"href":"https:\/\/craftygenesindonesia.com\/pt-br\/wp-json\/wp\/v2\/product_brand?post=987537133"},{"taxonomy":"product_cat","embeddable":true,"href":"https:\/\/craftygenesindonesia.com\/pt-br\/wp-json\/wp\/v2\/product_cat?post=987537133"},{"taxonomy":"product_tag","embeddable":true,"href":"https:\/\/craftygenesindonesia.com\/pt-br\/wp-json\/wp\/v2\/product_tag?post=987537133"}],"curies":[{"name":"wp","href":"https:\/\/api.w.org\/{rel}","templated":true}]}}