{"id":987537047,"date":"2022-06-25T21:43:21","date_gmt":"2022-06-25T13:43:21","guid":{"rendered":"https:\/\/craftygenesindonesia.com\/shop\/sem categoria\/anjo-do-conforto\/"},"modified":"2026-02-24T18:20:36","modified_gmt":"2026-02-24T10:20:36","slug":"anjo-do-conforto","status":"publish","type":"product","link":"https:\/\/craftygenesindonesia.com\/pt-br\/shop\/padroes-de-croche-anjo\/anjo-do-conforto\/","title":{"rendered":"Anjo do Conforto"},"content":{"rendered":"<p><strong>*A vela \u00e9 uma vela que funciona com pilhas, N\u00c3O \u00c9 UMA VELA REAL. N\u00c3O USE UMA VELA REAL!! <\/strong><\/p>\n<p>Tamanho: O anjo tem 16 cm de altura na posi\u00e7\u00e3o sentada no banco. O banco tem 17 cm de largura.<\/p>\n<p>Fio: tudo \u00e9 feito com fio de espessura \u201cFINGERING\u201d e uma agulha de croch\u00ea de 2 mm.<\/p>\n<p>You will need these colors: white, skin color, dark brown, metallic gold<\/p>\n<p>Agulha de croch\u00ea: 2 mm<\/p>\n<p>Este padr\u00e3o \u00e9 um padr\u00e3o escrito com muitas imagens para ajud\u00e1-lo. Se tiver alguma d\u00favida, envie-me uma mensagem para: craftygenesindonesia@gmail.com <\/p>\n<p><strong>-Este padr\u00e3o \u00e9 apenas para uso pessoal e est\u00e1 protegido por direitos autorais. Portanto, o padr\u00e3o N\u00c3O pode ser copiado, vendido, revendido, traduzido, reivindicado como seu design, distribu\u00eddo, compartilhado, publicado ou postado online de qualquer forma sem a minha permiss\u00e3o.  Nem mesmo parte disso!!!<\/strong><\/p>\n<p><strong>-Voc\u00ea pode vender o produto final em pequenas quantidades, mas n\u00e3o o padr\u00e3o de croch\u00ea em si! Mencione que o padr\u00e3o de croch\u00ea \u00e9 da Craftygenesindonesia e onde ele pode ser adquirido. <\/strong><\/p>\n","protected":false},"excerpt":{"rendered":"<p><strong>*A vela \u00e9 uma vela que funciona com pilhas, N\u00c3O \u00c9 UMA VELA REAL. N\u00c3O USE UMA VELA REAL!! <\/strong><\/p>\n<p>Este \u00e9 um padr\u00e3o de croch\u00ea f\u00e1cil de seguir para fazer um lindo anjo memorial segurando um beb\u00ea enquanto est\u00e1 sentado em um banco.<\/p>\n","protected":false},"featured_media":987537048,"comment_status":"open","ping_status":"closed","template":"","meta":{"_acf_changed":false},"product_brand":[],"product_cat":[13005,13018],"product_tag":[12988,13047,13169,13192,13335,13170,13305,13336,13085,13073,13075,13067],"class_list":{"0":"post-987537047","1":"product","2":"type-product","3":"status-publish","4":"has-post-thumbnail","6":"product_cat-padroes-de-croche-anjo","7":"product_cat-padroes-de-croche-memoria","8":"product_tag-anjo","9":"product_tag-anjo-de-natal","10":"product_tag-anjo-memorial","11":"product_tag-banco","12":"product_tag-bebe","13":"product_tag-branco","14":"product_tag-cobertor","15":"product_tag-led","16":"product_tag-memorial","17":"product_tag-vela","18":"product_tag-vela-led","19":"product_tag-velas-de-natal","20":"pa_available_on-craftygenesindonesia","21":"pa_available_on-etsy","22":"pa_available_on-haked-nl","23":"pa_available_on-payhip","24":"pa_available_on-ravelry","25":"pa_languages-espanhol","26":"pa_languages-frances","27":"pa_languages-holandes","28":"pa_languages-ingles-dos-eua","29":"pa_languages-portugues","31":"first","32":"instock","33":"downloadable","34":"virtual","35":"purchasable","36":"product-type-simple"},"acf":[],"yoast_head":"<!-- This site is optimized with the Yoast SEO plugin v27.3 - https:\/\/yoast.com\/product\/yoast-seo-wordpress\/ -->\n<title>Anjo do Conforto padr\u00e3o de croch\u00ea - Craftygenesindonesia<\/title>\n<meta name=\"description\" content=\"Compre aqui o meu padr\u00e3o de croch\u00ea para o anjo memorial \u201cAnjo do Conforto\u201d. O padr\u00e3o de croch\u00ea tamb\u00e9m est\u00e1 dispon\u00edvel em Haked.nl, Etsy, Ravelry, Payhip.\" \/>\n<meta name=\"robots\" content=\"index, follow, max-snippet:-1, max-image-preview:large, max-video-preview:-1\" \/>\n<link rel=\"canonical\" href=\"https:\/\/craftygenesindonesia.com\/pt-br\/shop\/padroes-de-croche-anjo\/anjo-do-conforto\/\" \/>\n<meta property=\"og:locale\" content=\"pt_BR\" \/>\n<meta property=\"og:type\" content=\"article\" \/>\n<meta property=\"og:title\" content=\"Anjo do Conforto - padr\u00e3o de croch\u00ea para anjo memorial\" \/>\n<meta property=\"og:description\" content=\"Compre aqui o meu padr\u00e3o de croch\u00ea para o anjo memorial \u201cAnjo do Conforto\u201d. O padr\u00e3o de croch\u00ea tamb\u00e9m est\u00e1 dispon\u00edvel em Haked.nl, Etsy, Ravelry, Payhip.\" \/>\n<meta property=\"og:url\" content=\"https:\/\/craftygenesindonesia.com\/pt-br\/shop\/padroes-de-croche-anjo\/anjo-do-conforto\/\" \/>\n<meta property=\"og:site_name\" content=\"Craftygenesindonesia\" \/>\n<meta property=\"article:modified_time\" content=\"2026-02-24T10:20:36+00:00\" \/>\n<meta property=\"og:image\" content=\"https:\/\/craftygenesindonesia.com\/wp-content\/uploads\/2022\/06\/Angel-of-Comfort-1-300x300.jpg\" \/>\n<meta name=\"twitter:card\" content=\"summary_large_image\" \/>\n<meta name=\"twitter:label1\" content=\"Est. tempo de leitura\" \/>\n\t<meta name=\"twitter:data1\" content=\"1 minuto\" \/>\n<script type=\"application\/ld+json\" class=\"yoast-schema-graph\">{\"@context\":\"https:\\\/\\\/schema.org\",\"@graph\":[{\"@type\":\"WebPage\",\"@id\":\"https:\\\/\\\/craftygenesindonesia.com\\\/pt-br\\\/shop\\\/padroes-de-croche-anjo\\\/anjo-do-conforto\\\/\",\"url\":\"https:\\\/\\\/craftygenesindonesia.com\\\/pt-br\\\/shop\\\/padroes-de-croche-anjo\\\/anjo-do-conforto\\\/\",\"name\":\"Anjo do Conforto padr\u00e3o de croch\u00ea - Craftygenesindonesia\",\"isPartOf\":{\"@id\":\"https:\\\/\\\/craftygenesindonesia.com\\\/pt-br\\\/#website\"},\"primaryImageOfPage\":{\"@id\":\"https:\\\/\\\/craftygenesindonesia.com\\\/pt-br\\\/shop\\\/padroes-de-croche-anjo\\\/anjo-do-conforto\\\/#primaryimage\"},\"image\":{\"@id\":\"https:\\\/\\\/craftygenesindonesia.com\\\/pt-br\\\/shop\\\/padroes-de-croche-anjo\\\/anjo-do-conforto\\\/#primaryimage\"},\"thumbnailUrl\":\"https:\\\/\\\/craftygenesindonesia.com\\\/wp-content\\\/uploads\\\/2022\\\/06\\\/Angel-of-Comfort-1.jpg\",\"datePublished\":\"2022-06-25T13:43:21+00:00\",\"dateModified\":\"2026-02-24T10:20:36+00:00\",\"description\":\"Compre aqui o meu padr\u00e3o de croch\u00ea para o anjo memorial \u201cAnjo do Conforto\u201d. O padr\u00e3o de croch\u00ea tamb\u00e9m est\u00e1 dispon\u00edvel em Haked.nl, Etsy, Ravelry, Payhip.\",\"breadcrumb\":{\"@id\":\"https:\\\/\\\/craftygenesindonesia.com\\\/pt-br\\\/shop\\\/padroes-de-croche-anjo\\\/anjo-do-conforto\\\/#breadcrumb\"},\"inLanguage\":\"pt-BR\",\"potentialAction\":[{\"@type\":\"ReadAction\",\"target\":[\"https:\\\/\\\/craftygenesindonesia.com\\\/pt-br\\\/shop\\\/padroes-de-croche-anjo\\\/anjo-do-conforto\\\/\"]}]},{\"@type\":\"ImageObject\",\"inLanguage\":\"pt-BR\",\"@id\":\"https:\\\/\\\/craftygenesindonesia.com\\\/pt-br\\\/shop\\\/padroes-de-croche-anjo\\\/anjo-do-conforto\\\/#primaryimage\",\"url\":\"https:\\\/\\\/craftygenesindonesia.com\\\/wp-content\\\/uploads\\\/2022\\\/06\\\/Angel-of-Comfort-1.jpg\",\"contentUrl\":\"https:\\\/\\\/craftygenesindonesia.com\\\/wp-content\\\/uploads\\\/2022\\\/06\\\/Angel-of-Comfort-1.jpg\",\"width\":1080,\"height\":1080,\"caption\":\"Anjo e beb\u00ea em croch\u00ea em banco de croch\u00ea com vela LED\"},{\"@type\":\"BreadcrumbList\",\"@id\":\"https:\\\/\\\/craftygenesindonesia.com\\\/pt-br\\\/shop\\\/padroes-de-croche-anjo\\\/anjo-do-conforto\\\/#breadcrumb\",\"itemListElement\":[{\"@type\":\"ListItem\",\"position\":1,\"name\":\"Home\",\"item\":\"https:\\\/\\\/craftygenesindonesia.com\\\/pt-br\\\/\"},{\"@type\":\"ListItem\",\"position\":2,\"name\":\"Loja de moldes\",\"item\":\"https:\\\/\\\/craftygenesindonesia.com\\\/pt-br\\\/loja-de-moldes\\\/\"},{\"@type\":\"ListItem\",\"position\":3,\"name\":\"Anjo do Conforto\"}]},{\"@type\":\"WebSite\",\"@id\":\"https:\\\/\\\/craftygenesindonesia.com\\\/pt-br\\\/#website\",\"url\":\"https:\\\/\\\/craftygenesindonesia.com\\\/pt-br\\\/\",\"name\":\"Craftygenesindonesia\",\"description\":\"\",\"publisher\":{\"@id\":\"https:\\\/\\\/craftygenesindonesia.com\\\/pt-br\\\/#organization\"},\"potentialAction\":[{\"@type\":\"SearchAction\",\"target\":{\"@type\":\"EntryPoint\",\"urlTemplate\":\"https:\\\/\\\/craftygenesindonesia.com\\\/pt-br\\\/?s={search_term_string}\"},\"query-input\":{\"@type\":\"PropertyValueSpecification\",\"valueRequired\":true,\"valueName\":\"search_term_string\"}}],\"inLanguage\":\"pt-BR\"},{\"@type\":\"Organization\",\"@id\":\"https:\\\/\\\/craftygenesindonesia.com\\\/pt-br\\\/#organization\",\"name\":\"Craftygenesindonesia\",\"url\":\"https:\\\/\\\/craftygenesindonesia.com\\\/pt-br\\\/\",\"logo\":{\"@type\":\"ImageObject\",\"inLanguage\":\"pt-BR\",\"@id\":\"https:\\\/\\\/craftygenesindonesia.com\\\/pt-br\\\/#\\\/schema\\\/logo\\\/image\\\/\",\"url\":\"https:\\\/\\\/craftygenesindonesia.com\\\/wp-content\\\/uploads\\\/2025\\\/11\\\/cropped-Copy-of-Craftygenesindonesia.jpg\",\"contentUrl\":\"https:\\\/\\\/craftygenesindonesia.com\\\/wp-content\\\/uploads\\\/2025\\\/11\\\/cropped-Copy-of-Craftygenesindonesia.jpg\",\"width\":180,\"height\":60,\"caption\":\"Craftygenesindonesia\"},\"image\":{\"@id\":\"https:\\\/\\\/craftygenesindonesia.com\\\/pt-br\\\/#\\\/schema\\\/logo\\\/image\\\/\"}}]}<\/script>\n<!-- \/ Yoast SEO plugin. -->","yoast_head_json":{"title":"Anjo do Conforto padr\u00e3o de croch\u00ea - Craftygenesindonesia","description":"Compre aqui o meu padr\u00e3o de croch\u00ea para o anjo memorial \u201cAnjo do Conforto\u201d. O padr\u00e3o de croch\u00ea tamb\u00e9m est\u00e1 dispon\u00edvel em Haked.nl, Etsy, Ravelry, Payhip.","robots":{"index":"index","follow":"follow","max-snippet":"max-snippet:-1","max-image-preview":"max-image-preview:large","max-video-preview":"max-video-preview:-1"},"canonical":"https:\/\/craftygenesindonesia.com\/pt-br\/shop\/padroes-de-croche-anjo\/anjo-do-conforto\/","og_locale":"pt_BR","og_type":"article","og_title":"Anjo do Conforto - padr\u00e3o de croch\u00ea para anjo memorial","og_description":"Compre aqui o meu padr\u00e3o de croch\u00ea para o anjo memorial \u201cAnjo do Conforto\u201d. O padr\u00e3o de croch\u00ea tamb\u00e9m est\u00e1 dispon\u00edvel em Haked.nl, Etsy, Ravelry, Payhip.","og_url":"https:\/\/craftygenesindonesia.com\/pt-br\/shop\/padroes-de-croche-anjo\/anjo-do-conforto\/","og_site_name":"Craftygenesindonesia","article_modified_time":"2026-02-24T10:20:36+00:00","og_image":[{"url":"https:\/\/craftygenesindonesia.com\/wp-content\/uploads\/2022\/06\/Angel-of-Comfort-1-300x300.jpg","type":"","width":"","height":""}],"twitter_card":"summary_large_image","twitter_misc":{"Est. tempo de leitura":"1 minuto"},"schema":{"@context":"https:\/\/schema.org","@graph":[{"@type":"WebPage","@id":"https:\/\/craftygenesindonesia.com\/pt-br\/shop\/padroes-de-croche-anjo\/anjo-do-conforto\/","url":"https:\/\/craftygenesindonesia.com\/pt-br\/shop\/padroes-de-croche-anjo\/anjo-do-conforto\/","name":"Anjo do Conforto padr\u00e3o de croch\u00ea - Craftygenesindonesia","isPartOf":{"@id":"https:\/\/craftygenesindonesia.com\/pt-br\/#website"},"primaryImageOfPage":{"@id":"https:\/\/craftygenesindonesia.com\/pt-br\/shop\/padroes-de-croche-anjo\/anjo-do-conforto\/#primaryimage"},"image":{"@id":"https:\/\/craftygenesindonesia.com\/pt-br\/shop\/padroes-de-croche-anjo\/anjo-do-conforto\/#primaryimage"},"thumbnailUrl":"https:\/\/craftygenesindonesia.com\/wp-content\/uploads\/2022\/06\/Angel-of-Comfort-1.jpg","datePublished":"2022-06-25T13:43:21+00:00","dateModified":"2026-02-24T10:20:36+00:00","description":"Compre aqui o meu padr\u00e3o de croch\u00ea para o anjo memorial \u201cAnjo do Conforto\u201d. O padr\u00e3o de croch\u00ea tamb\u00e9m est\u00e1 dispon\u00edvel em Haked.nl, Etsy, Ravelry, Payhip.","breadcrumb":{"@id":"https:\/\/craftygenesindonesia.com\/pt-br\/shop\/padroes-de-croche-anjo\/anjo-do-conforto\/#breadcrumb"},"inLanguage":"pt-BR","potentialAction":[{"@type":"ReadAction","target":["https:\/\/craftygenesindonesia.com\/pt-br\/shop\/padroes-de-croche-anjo\/anjo-do-conforto\/"]}]},{"@type":"ImageObject","inLanguage":"pt-BR","@id":"https:\/\/craftygenesindonesia.com\/pt-br\/shop\/padroes-de-croche-anjo\/anjo-do-conforto\/#primaryimage","url":"https:\/\/craftygenesindonesia.com\/wp-content\/uploads\/2022\/06\/Angel-of-Comfort-1.jpg","contentUrl":"https:\/\/craftygenesindonesia.com\/wp-content\/uploads\/2022\/06\/Angel-of-Comfort-1.jpg","width":1080,"height":1080,"caption":"Anjo e beb\u00ea em croch\u00ea em banco de croch\u00ea com vela LED"},{"@type":"BreadcrumbList","@id":"https:\/\/craftygenesindonesia.com\/pt-br\/shop\/padroes-de-croche-anjo\/anjo-do-conforto\/#breadcrumb","itemListElement":[{"@type":"ListItem","position":1,"name":"Home","item":"https:\/\/craftygenesindonesia.com\/pt-br\/"},{"@type":"ListItem","position":2,"name":"Loja de moldes","item":"https:\/\/craftygenesindonesia.com\/pt-br\/loja-de-moldes\/"},{"@type":"ListItem","position":3,"name":"Anjo do Conforto"}]},{"@type":"WebSite","@id":"https:\/\/craftygenesindonesia.com\/pt-br\/#website","url":"https:\/\/craftygenesindonesia.com\/pt-br\/","name":"Craftygenesindonesia","description":"","publisher":{"@id":"https:\/\/craftygenesindonesia.com\/pt-br\/#organization"},"potentialAction":[{"@type":"SearchAction","target":{"@type":"EntryPoint","urlTemplate":"https:\/\/craftygenesindonesia.com\/pt-br\/?s={search_term_string}"},"query-input":{"@type":"PropertyValueSpecification","valueRequired":true,"valueName":"search_term_string"}}],"inLanguage":"pt-BR"},{"@type":"Organization","@id":"https:\/\/craftygenesindonesia.com\/pt-br\/#organization","name":"Craftygenesindonesia","url":"https:\/\/craftygenesindonesia.com\/pt-br\/","logo":{"@type":"ImageObject","inLanguage":"pt-BR","@id":"https:\/\/craftygenesindonesia.com\/pt-br\/#\/schema\/logo\/image\/","url":"https:\/\/craftygenesindonesia.com\/wp-content\/uploads\/2025\/11\/cropped-Copy-of-Craftygenesindonesia.jpg","contentUrl":"https:\/\/craftygenesindonesia.com\/wp-content\/uploads\/2025\/11\/cropped-Copy-of-Craftygenesindonesia.jpg","width":180,"height":60,"caption":"Craftygenesindonesia"},"image":{"@id":"https:\/\/craftygenesindonesia.com\/pt-br\/#\/schema\/logo\/image\/"}}]}},"_links":{"self":[{"href":"https:\/\/craftygenesindonesia.com\/pt-br\/wp-json\/wp\/v2\/product\/987537047","targetHints":{"allow":["GET"]}}],"collection":[{"href":"https:\/\/craftygenesindonesia.com\/pt-br\/wp-json\/wp\/v2\/product"}],"about":[{"href":"https:\/\/craftygenesindonesia.com\/pt-br\/wp-json\/wp\/v2\/types\/product"}],"replies":[{"embeddable":true,"href":"https:\/\/craftygenesindonesia.com\/pt-br\/wp-json\/wp\/v2\/comments?post=987537047"}],"wp:featuredmedia":[{"embeddable":true,"href":"https:\/\/craftygenesindonesia.com\/pt-br\/wp-json\/wp\/v2\/media\/987537048"}],"wp:attachment":[{"href":"https:\/\/craftygenesindonesia.com\/pt-br\/wp-json\/wp\/v2\/media?parent=987537047"}],"wp:term":[{"taxonomy":"product_brand","embeddable":true,"href":"https:\/\/craftygenesindonesia.com\/pt-br\/wp-json\/wp\/v2\/product_brand?post=987537047"},{"taxonomy":"product_cat","embeddable":true,"href":"https:\/\/craftygenesindonesia.com\/pt-br\/wp-json\/wp\/v2\/product_cat?post=987537047"},{"taxonomy":"product_tag","embeddable":true,"href":"https:\/\/craftygenesindonesia.com\/pt-br\/wp-json\/wp\/v2\/product_tag?post=987537047"}],"curies":[{"name":"wp","href":"https:\/\/api.w.org\/{rel}","templated":true}]}}