{"id":987537007,"date":"2022-06-25T20:18:40","date_gmt":"2022-06-25T12:18:40","guid":{"rendered":"https:\/\/craftygenesindonesia.com\/shop\/sem categoria\/a-vela-de-natal-do-anjo\/"},"modified":"2022-06-25T20:18:40","modified_gmt":"2022-06-25T12:18:40","slug":"a-vela-de-natal-do-anjo","status":"publish","type":"product","link":"https:\/\/craftygenesindonesia.com\/pt-br\/shop\/padroes-de-croche-natal\/a-vela-de-natal-do-anjo\/","title":{"rendered":"A Vela de Natal do Anjo"},"content":{"rendered":"<p>A vela tem 25 cm de altura e o anjo tem 7,5 cm de altura. Ambos s\u00e3o feitos com fio leve (3) adequado para amigurumi e uma agulha de croch\u00ea de 2 mm. <\/p>\n<p>Voc\u00ea precisar\u00e1 das seguintes cores: branco e dourado met\u00e1lico.<\/p>\n<p>Voc\u00ea tamb\u00e9m precisar\u00e1 de: enchimento, marcadores de pontos, agulha de tape\u00e7aria, papel\u00e3o, tesoura, l\u00e1pis, <strong>sino de 10 mm<\/strong>, <strong>limpador de cachimbo met\u00e1lico dourado<\/strong> e <strong>limpador de cachimbo branco<\/strong>.<\/p>\n<p>Agulha de croch\u00ea: tamanho 2 mm.<\/p>\n<p>&nbsp;<\/p>\n<p>Voc\u00ea pode fazer esse padr\u00e3o com fios mais grossos ou mais finos. O resultado final ser\u00e1 apenas um pouco maior ou menor do que o meu. <\/p>\n<p>&nbsp;<\/p>\n","protected":false},"excerpt":{"rendered":"<p>Este \u00e9 um padr\u00e3o de croch\u00ea muito f\u00e1cil para fazer uma linda vela de Natal com um anjo, que tamb\u00e9m pode ser usada em an\u00e9is de guardanapo, chaveiros e como enfeite de \u00e1rvore de Natal. Este \u00e9 um padr\u00e3o indispens\u00e1vel para quem adora velas de Natal e prefere n\u00e3o usar velas reais. <\/p>\n","protected":false},"featured_media":987537011,"comment_status":"open","ping_status":"closed","template":"","meta":{"_acf_changed":false},"product_brand":[],"product_cat":[13005,12995],"product_tag":[13047,13330,13067],"class_list":{"0":"post-987537007","1":"product","2":"type-product","3":"status-publish","4":"has-post-thumbnail","6":"product_cat-padroes-de-croche-anjo","7":"product_cat-padroes-de-croche-natal","8":"product_tag-anjo-de-natal","9":"product_tag-enfeite-de-natal-2","10":"product_tag-velas-de-natal","11":"pa_available_on-craftygenesindonesia","12":"pa_available_on-etsy","13":"pa_available_on-haked-nl","14":"pa_available_on-payhip","15":"pa_available_on-ravelry","16":"pa_languages-alemao","17":"pa_languages-espanhol","18":"pa_languages-frances","19":"pa_languages-holandes","20":"pa_languages-ingles-dos-eua","22":"first","23":"instock","24":"downloadable","25":"virtual","26":"purchasable","27":"product-type-simple"},"acf":[],"yoast_head":"<!-- This site is optimized with the Yoast SEO plugin v27.4 - https:\/\/yoast.com\/product\/yoast-seo-wordpress\/ -->\n<title>A Vela de Natal do Anjo padr\u00e3o de croch\u00ea - Craftygenesindonesia<\/title>\n<meta name=\"description\" content=\"Compre aqui o meu padr\u00e3o de croch\u00e9 \u201cA Vela de Natal do Anjo\u201d (A Vela de Natal do Anjo). O padr\u00e3o de croch\u00e9 f\u00e1cil tamb\u00e9m est\u00e1 dispon\u00edvel em Haked.nl, Ravelry e Etsy.\" \/>\n<meta name=\"robots\" content=\"index, follow, max-snippet:-1, max-image-preview:large, max-video-preview:-1\" \/>\n<link rel=\"canonical\" href=\"https:\/\/craftygenesindonesia.com\/pt-br\/shop\/padroes-de-croche-natal\/a-vela-de-natal-do-anjo\/\" \/>\n<meta property=\"og:locale\" content=\"pt_BR\" \/>\n<meta property=\"og:type\" content=\"article\" \/>\n<meta property=\"og:title\" content=\"Vela de Natal Angel - padr\u00e3o de croch\u00ea\" \/>\n<meta property=\"og:description\" content=\"Compre aqui o meu padr\u00e3o de croch\u00e9 \u201cA Vela de Natal do Anjo\u201d (A Vela de Natal do Anjo). O padr\u00e3o de croch\u00e9 f\u00e1cil tamb\u00e9m est\u00e1 dispon\u00edvel em Haked.nl, Ravelry e Etsy.\" \/>\n<meta property=\"og:url\" content=\"https:\/\/craftygenesindonesia.com\/pt-br\/shop\/padroes-de-croche-natal\/a-vela-de-natal-do-anjo\/\" \/>\n<meta property=\"og:site_name\" content=\"Craftygenesindonesia\" \/>\n<meta property=\"og:image\" content=\"https:\/\/craftygenesindonesia.com\/wp-content\/uploads\/2022\/06\/Angel-candle-1-300x300.jpg\" \/>\n<meta name=\"twitter:card\" content=\"summary_large_image\" \/>\n<meta name=\"twitter:label1\" content=\"Est. tempo de leitura\" \/>\n\t<meta name=\"twitter:data1\" content=\"1 minuto\" \/>\n<script type=\"application\/ld+json\" class=\"yoast-schema-graph\">{\"@context\":\"https:\\\/\\\/schema.org\",\"@graph\":[{\"@type\":\"WebPage\",\"@id\":\"https:\\\/\\\/craftygenesindonesia.com\\\/pt-br\\\/shop\\\/padroes-de-croche-natal\\\/a-vela-de-natal-do-anjo\\\/\",\"url\":\"https:\\\/\\\/craftygenesindonesia.com\\\/pt-br\\\/shop\\\/padroes-de-croche-natal\\\/a-vela-de-natal-do-anjo\\\/\",\"name\":\"A Vela de Natal do Anjo padr\u00e3o de croch\u00ea - Craftygenesindonesia\",\"isPartOf\":{\"@id\":\"https:\\\/\\\/craftygenesindonesia.com\\\/pt-br\\\/#website\"},\"primaryImageOfPage\":{\"@id\":\"https:\\\/\\\/craftygenesindonesia.com\\\/pt-br\\\/shop\\\/padroes-de-croche-natal\\\/a-vela-de-natal-do-anjo\\\/#primaryimage\"},\"image\":{\"@id\":\"https:\\\/\\\/craftygenesindonesia.com\\\/pt-br\\\/shop\\\/padroes-de-croche-natal\\\/a-vela-de-natal-do-anjo\\\/#primaryimage\"},\"thumbnailUrl\":\"https:\\\/\\\/craftygenesindonesia.com\\\/wp-content\\\/uploads\\\/2022\\\/06\\\/Angel-candle-1.jpg\",\"datePublished\":\"2022-06-25T12:18:40+00:00\",\"description\":\"Compre aqui o meu padr\u00e3o de croch\u00e9 \u201cA Vela de Natal do Anjo\u201d (A Vela de Natal do Anjo). O padr\u00e3o de croch\u00e9 f\u00e1cil tamb\u00e9m est\u00e1 dispon\u00edvel em Haked.nl, Ravelry e Etsy.\",\"breadcrumb\":{\"@id\":\"https:\\\/\\\/craftygenesindonesia.com\\\/pt-br\\\/shop\\\/padroes-de-croche-natal\\\/a-vela-de-natal-do-anjo\\\/#breadcrumb\"},\"inLanguage\":\"pt-BR\",\"potentialAction\":[{\"@type\":\"ReadAction\",\"target\":[\"https:\\\/\\\/craftygenesindonesia.com\\\/pt-br\\\/shop\\\/padroes-de-croche-natal\\\/a-vela-de-natal-do-anjo\\\/\"]}]},{\"@type\":\"ImageObject\",\"inLanguage\":\"pt-BR\",\"@id\":\"https:\\\/\\\/craftygenesindonesia.com\\\/pt-br\\\/shop\\\/padroes-de-croche-natal\\\/a-vela-de-natal-do-anjo\\\/#primaryimage\",\"url\":\"https:\\\/\\\/craftygenesindonesia.com\\\/wp-content\\\/uploads\\\/2022\\\/06\\\/Angel-candle-1.jpg\",\"contentUrl\":\"https:\\\/\\\/craftygenesindonesia.com\\\/wp-content\\\/uploads\\\/2022\\\/06\\\/Angel-candle-1.jpg\",\"width\":1080,\"height\":1080,\"caption\":\"vela de Natal em croch\u00ea com enfeite de anjo\"},{\"@type\":\"BreadcrumbList\",\"@id\":\"https:\\\/\\\/craftygenesindonesia.com\\\/pt-br\\\/shop\\\/padroes-de-croche-natal\\\/a-vela-de-natal-do-anjo\\\/#breadcrumb\",\"itemListElement\":[{\"@type\":\"ListItem\",\"position\":1,\"name\":\"Home\",\"item\":\"https:\\\/\\\/craftygenesindonesia.com\\\/pt-br\\\/\"},{\"@type\":\"ListItem\",\"position\":2,\"name\":\"Loja de moldes\",\"item\":\"https:\\\/\\\/craftygenesindonesia.com\\\/pt-br\\\/loja-de-moldes\\\/\"},{\"@type\":\"ListItem\",\"position\":3,\"name\":\"A Vela de Natal do Anjo\"}]},{\"@type\":\"WebSite\",\"@id\":\"https:\\\/\\\/craftygenesindonesia.com\\\/pt-br\\\/#website\",\"url\":\"https:\\\/\\\/craftygenesindonesia.com\\\/pt-br\\\/\",\"name\":\"Craftygenesindonesia\",\"description\":\"\",\"publisher\":{\"@id\":\"https:\\\/\\\/craftygenesindonesia.com\\\/pt-br\\\/#organization\"},\"potentialAction\":[{\"@type\":\"SearchAction\",\"target\":{\"@type\":\"EntryPoint\",\"urlTemplate\":\"https:\\\/\\\/craftygenesindonesia.com\\\/pt-br\\\/?s={search_term_string}\"},\"query-input\":{\"@type\":\"PropertyValueSpecification\",\"valueRequired\":true,\"valueName\":\"search_term_string\"}}],\"inLanguage\":\"pt-BR\"},{\"@type\":\"Organization\",\"@id\":\"https:\\\/\\\/craftygenesindonesia.com\\\/pt-br\\\/#organization\",\"name\":\"Craftygenesindonesia\",\"url\":\"https:\\\/\\\/craftygenesindonesia.com\\\/pt-br\\\/\",\"logo\":{\"@type\":\"ImageObject\",\"inLanguage\":\"pt-BR\",\"@id\":\"https:\\\/\\\/craftygenesindonesia.com\\\/pt-br\\\/#\\\/schema\\\/logo\\\/image\\\/\",\"url\":\"https:\\\/\\\/craftygenesindonesia.com\\\/wp-content\\\/uploads\\\/2025\\\/11\\\/cropped-Copy-of-Craftygenesindonesia.jpg\",\"contentUrl\":\"https:\\\/\\\/craftygenesindonesia.com\\\/wp-content\\\/uploads\\\/2025\\\/11\\\/cropped-Copy-of-Craftygenesindonesia.jpg\",\"width\":180,\"height\":60,\"caption\":\"Craftygenesindonesia\"},\"image\":{\"@id\":\"https:\\\/\\\/craftygenesindonesia.com\\\/pt-br\\\/#\\\/schema\\\/logo\\\/image\\\/\"}}]}<\/script>\n<!-- \/ Yoast SEO plugin. -->","yoast_head_json":{"title":"A Vela de Natal do Anjo padr\u00e3o de croch\u00ea - Craftygenesindonesia","description":"Compre aqui o meu padr\u00e3o de croch\u00e9 \u201cA Vela de Natal do Anjo\u201d (A Vela de Natal do Anjo). O padr\u00e3o de croch\u00e9 f\u00e1cil tamb\u00e9m est\u00e1 dispon\u00edvel em Haked.nl, Ravelry e Etsy.","robots":{"index":"index","follow":"follow","max-snippet":"max-snippet:-1","max-image-preview":"max-image-preview:large","max-video-preview":"max-video-preview:-1"},"canonical":"https:\/\/craftygenesindonesia.com\/pt-br\/shop\/padroes-de-croche-natal\/a-vela-de-natal-do-anjo\/","og_locale":"pt_BR","og_type":"article","og_title":"Vela de Natal Angel - padr\u00e3o de croch\u00ea","og_description":"Compre aqui o meu padr\u00e3o de croch\u00e9 \u201cA Vela de Natal do Anjo\u201d (A Vela de Natal do Anjo). O padr\u00e3o de croch\u00e9 f\u00e1cil tamb\u00e9m est\u00e1 dispon\u00edvel em Haked.nl, Ravelry e Etsy.","og_url":"https:\/\/craftygenesindonesia.com\/pt-br\/shop\/padroes-de-croche-natal\/a-vela-de-natal-do-anjo\/","og_site_name":"Craftygenesindonesia","og_image":[{"url":"https:\/\/craftygenesindonesia.com\/wp-content\/uploads\/2022\/06\/Angel-candle-1-300x300.jpg","type":"","width":"","height":""}],"twitter_card":"summary_large_image","twitter_misc":{"Est. tempo de leitura":"1 minuto"},"schema":{"@context":"https:\/\/schema.org","@graph":[{"@type":"WebPage","@id":"https:\/\/craftygenesindonesia.com\/pt-br\/shop\/padroes-de-croche-natal\/a-vela-de-natal-do-anjo\/","url":"https:\/\/craftygenesindonesia.com\/pt-br\/shop\/padroes-de-croche-natal\/a-vela-de-natal-do-anjo\/","name":"A Vela de Natal do Anjo padr\u00e3o de croch\u00ea - Craftygenesindonesia","isPartOf":{"@id":"https:\/\/craftygenesindonesia.com\/pt-br\/#website"},"primaryImageOfPage":{"@id":"https:\/\/craftygenesindonesia.com\/pt-br\/shop\/padroes-de-croche-natal\/a-vela-de-natal-do-anjo\/#primaryimage"},"image":{"@id":"https:\/\/craftygenesindonesia.com\/pt-br\/shop\/padroes-de-croche-natal\/a-vela-de-natal-do-anjo\/#primaryimage"},"thumbnailUrl":"https:\/\/craftygenesindonesia.com\/wp-content\/uploads\/2022\/06\/Angel-candle-1.jpg","datePublished":"2022-06-25T12:18:40+00:00","description":"Compre aqui o meu padr\u00e3o de croch\u00e9 \u201cA Vela de Natal do Anjo\u201d (A Vela de Natal do Anjo). O padr\u00e3o de croch\u00e9 f\u00e1cil tamb\u00e9m est\u00e1 dispon\u00edvel em Haked.nl, Ravelry e Etsy.","breadcrumb":{"@id":"https:\/\/craftygenesindonesia.com\/pt-br\/shop\/padroes-de-croche-natal\/a-vela-de-natal-do-anjo\/#breadcrumb"},"inLanguage":"pt-BR","potentialAction":[{"@type":"ReadAction","target":["https:\/\/craftygenesindonesia.com\/pt-br\/shop\/padroes-de-croche-natal\/a-vela-de-natal-do-anjo\/"]}]},{"@type":"ImageObject","inLanguage":"pt-BR","@id":"https:\/\/craftygenesindonesia.com\/pt-br\/shop\/padroes-de-croche-natal\/a-vela-de-natal-do-anjo\/#primaryimage","url":"https:\/\/craftygenesindonesia.com\/wp-content\/uploads\/2022\/06\/Angel-candle-1.jpg","contentUrl":"https:\/\/craftygenesindonesia.com\/wp-content\/uploads\/2022\/06\/Angel-candle-1.jpg","width":1080,"height":1080,"caption":"vela de Natal em croch\u00ea com enfeite de anjo"},{"@type":"BreadcrumbList","@id":"https:\/\/craftygenesindonesia.com\/pt-br\/shop\/padroes-de-croche-natal\/a-vela-de-natal-do-anjo\/#breadcrumb","itemListElement":[{"@type":"ListItem","position":1,"name":"Home","item":"https:\/\/craftygenesindonesia.com\/pt-br\/"},{"@type":"ListItem","position":2,"name":"Loja de moldes","item":"https:\/\/craftygenesindonesia.com\/pt-br\/loja-de-moldes\/"},{"@type":"ListItem","position":3,"name":"A Vela de Natal do Anjo"}]},{"@type":"WebSite","@id":"https:\/\/craftygenesindonesia.com\/pt-br\/#website","url":"https:\/\/craftygenesindonesia.com\/pt-br\/","name":"Craftygenesindonesia","description":"","publisher":{"@id":"https:\/\/craftygenesindonesia.com\/pt-br\/#organization"},"potentialAction":[{"@type":"SearchAction","target":{"@type":"EntryPoint","urlTemplate":"https:\/\/craftygenesindonesia.com\/pt-br\/?s={search_term_string}"},"query-input":{"@type":"PropertyValueSpecification","valueRequired":true,"valueName":"search_term_string"}}],"inLanguage":"pt-BR"},{"@type":"Organization","@id":"https:\/\/craftygenesindonesia.com\/pt-br\/#organization","name":"Craftygenesindonesia","url":"https:\/\/craftygenesindonesia.com\/pt-br\/","logo":{"@type":"ImageObject","inLanguage":"pt-BR","@id":"https:\/\/craftygenesindonesia.com\/pt-br\/#\/schema\/logo\/image\/","url":"https:\/\/craftygenesindonesia.com\/wp-content\/uploads\/2025\/11\/cropped-Copy-of-Craftygenesindonesia.jpg","contentUrl":"https:\/\/craftygenesindonesia.com\/wp-content\/uploads\/2025\/11\/cropped-Copy-of-Craftygenesindonesia.jpg","width":180,"height":60,"caption":"Craftygenesindonesia"},"image":{"@id":"https:\/\/craftygenesindonesia.com\/pt-br\/#\/schema\/logo\/image\/"}}]}},"_links":{"self":[{"href":"https:\/\/craftygenesindonesia.com\/pt-br\/wp-json\/wp\/v2\/product\/987537007","targetHints":{"allow":["GET"]}}],"collection":[{"href":"https:\/\/craftygenesindonesia.com\/pt-br\/wp-json\/wp\/v2\/product"}],"about":[{"href":"https:\/\/craftygenesindonesia.com\/pt-br\/wp-json\/wp\/v2\/types\/product"}],"replies":[{"embeddable":true,"href":"https:\/\/craftygenesindonesia.com\/pt-br\/wp-json\/wp\/v2\/comments?post=987537007"}],"wp:featuredmedia":[{"embeddable":true,"href":"https:\/\/craftygenesindonesia.com\/pt-br\/wp-json\/wp\/v2\/media\/987537011"}],"wp:attachment":[{"href":"https:\/\/craftygenesindonesia.com\/pt-br\/wp-json\/wp\/v2\/media?parent=987537007"}],"wp:term":[{"taxonomy":"product_brand","embeddable":true,"href":"https:\/\/craftygenesindonesia.com\/pt-br\/wp-json\/wp\/v2\/product_brand?post=987537007"},{"taxonomy":"product_cat","embeddable":true,"href":"https:\/\/craftygenesindonesia.com\/pt-br\/wp-json\/wp\/v2\/product_cat?post=987537007"},{"taxonomy":"product_tag","embeddable":true,"href":"https:\/\/craftygenesindonesia.com\/pt-br\/wp-json\/wp\/v2\/product_tag?post=987537007"}],"curies":[{"name":"wp","href":"https:\/\/api.w.org\/{rel}","templated":true}]}}