{"id":987536779,"date":"2022-06-23T21:19:29","date_gmt":"2022-06-23T13:19:29","guid":{"rendered":"https:\/\/craftygenesindonesia.com\/shop\/sem categoria\/o-conjunto-de-presepio-craftygenesindonesia\/"},"modified":"2026-02-21T18:22:46","modified_gmt":"2026-02-21T10:22:46","slug":"o-conjunto-de-presepio-craftygenesindonesia","status":"publish","type":"product","link":"https:\/\/craftygenesindonesia.com\/pt-br\/shop\/padroes-de-croche-religiosos\/o-conjunto-de-presepio-craftygenesindonesia\/","title":{"rendered":"O Conjunto de Pres\u00e9pio Craftygenesindonesia"},"content":{"rendered":"<p>Neste padr\u00e3o, voc\u00ea encontrar\u00e1 os padr\u00f5es de:<\/p>\n<p>*Menino Jesus, Maria e Jos\u00e9<\/p>\n<p>*Os tr\u00eas reis magos<\/p>\n<p>*Um pastor com suas ovelhas<\/p>\n<p>*O boi e o burro<\/p>\n<p>*Um est\u00e1bulo com um anjo e a estrela de Bel\u00e9m<\/p>\n<p>*Um camelo<\/p>\n<p>Todos s\u00e3o feitos com fios de espessura \u201cFINGERING\u201d, como Catona, Durable Coral.<span class=\"Apple-converted-space\"> <\/span><\/p>\n<p>Agulha de croch\u00ea: 2 mm<\/p>\n<p>O Menino Jesus tem 7 cm (2,75&#8243;) de comprimento.<\/p>\n<p>Maria e o anjo t\u00eam 15 cm de altura.<\/p>\n<p>Jos\u00e9 e todos os outros homens no e-book t\u00eam 17 cm de altura.<\/p>\n<p>O boi e o burro t\u00eam 13 cm (5,1&#8243;) de altura.<\/p>\n<p>O camelo tem 19 cm (7,5&#8243;) de altura.<\/p>\n<p>O tamanho da manjedoura \u00e9 25 cm (A) x 24 cm (L) x 15 cm (P) ou<span class=\"Apple-converted-space\"> <\/span><\/p>\n<p>24,9 cm (altura) x 23,9 cm (largura) x 14,9 cm (profundidade)<\/p>\n<p>Este padr\u00e3o \u00e9 um padr\u00e3o escrito com muitas imagens para ajud\u00e1-lo. Se tiver alguma d\u00favida, envie-me uma mensagem para: craftygenesindonesia@gmail.com <\/p>\n<p><strong>-Este padr\u00e3o \u00e9 apenas para uso pessoal e est\u00e1 protegido por direitos autorais. Portanto, o padr\u00e3o N\u00c3O pode ser copiado, vendido, revendido, traduzido, reivindicado como seu design, distribu\u00eddo, compartilhado, publicado ou postado online de qualquer forma sem a minha permiss\u00e3o.  Nem mesmo parte disso!!!<\/strong><\/p>\n<p><strong>-Voc\u00ea pode vender o produto final em pequenas quantidades, mas n\u00e3o o padr\u00e3o de croch\u00ea em si! Mencione que o padr\u00e3o de croch\u00ea \u00e9 da Craftygenesindonesia e onde ele pode ser adquirido. <\/strong><\/p>\n","protected":false},"excerpt":{"rendered":"<p>Este \u00e9 um padr\u00e3o de croch\u00ea f\u00e1cil de seguir para um lindo pres\u00e9pio de croch\u00ea. Um padr\u00e3o indispens\u00e1vel para todos aqueles que amam pres\u00e9pios. <\/p>\n<p>Este padr\u00e3o inclui Jesus em seu ber\u00e7o, Maria, Jos\u00e9, um boi e um burro, os tr\u00eas reis magos, um pastor e suas ovelhas, a rocha onde a ovelhinha est\u00e1 parada, uma manjedoura, uma estrela e um anjo, e um camelo.<\/p>\n","protected":false},"featured_media":987536781,"comment_status":"open","ping_status":"closed","template":"","meta":{"_acf_changed":false},"product_brand":[],"product_cat":[12995,12982,13022],"product_tag":[12988,13168,13212,13297,13158,13300,12992,13301,12989,13102,13100,12984,13045,13239,13298,13299,13295,13296,13026],"class_list":{"0":"post-987536779","1":"product","2":"type-product","3":"status-publish","4":"has-post-thumbnail","6":"product_cat-padroes-de-croche-natal","7":"product_cat-padroes-de-croche-religiosos","8":"product_cat-padroes-de-croche-natividade","9":"product_tag-anjo","10":"product_tag-asas","11":"product_tag-berco","12":"product_tag-boi","13":"product_tag-burro","14":"product_tag-camelo","15":"product_tag-catolico","16":"product_tag-comer","17":"product_tag-cristao","18":"product_tag-estavel","19":"product_tag-estrela","20":"product_tag-jesus","21":"product_tag-jose","22":"product_tag-nossa-senhora","23":"product_tag-ovelha","24":"product_tag-pastor","25":"product_tag-reis","26":"product_tag-rocha","27":"product_tag-tres-reis-magos","28":"pa_available_on-craftygenesindonesia","29":"pa_available_on-etsy","30":"pa_available_on-haked-nl","31":"pa_available_on-payhip","32":"pa_available_on-ravelry","33":"pa_languages-alemao","34":"pa_languages-espanhol","35":"pa_languages-frances","36":"pa_languages-holandes","37":"pa_languages-ingles-dos-eua","38":"pa_languages-italiano","40":"first","41":"instock","42":"downloadable","43":"virtual","44":"purchasable","45":"product-type-simple"},"acf":[],"yoast_head":"<!-- This site is optimized with the Yoast SEO plugin v27.3 - https:\/\/yoast.com\/product\/yoast-seo-wordpress\/ -->\n<title>O Conjunto de Pres\u00e9pio Craftygenesindonesia padr\u00e3o de croch\u00ea - Craftygenesindonesia<\/title>\n<meta name=\"description\" content=\"Compre aqui o meu Conjunto de Pres\u00e9pio Craftygenesindonesia. O padr\u00e3o de croch\u00ea tamb\u00e9m est\u00e1 dispon\u00edvel no Etsy, Haked.nl, Ravelry e Payhip.\" \/>\n<meta name=\"robots\" content=\"index, follow, max-snippet:-1, max-image-preview:large, max-video-preview:-1\" \/>\n<link rel=\"canonical\" href=\"https:\/\/craftygenesindonesia.com\/pt-br\/shop\/padroes-de-croche-religiosos\/o-conjunto-de-presepio-craftygenesindonesia\/\" \/>\n<meta property=\"og:locale\" content=\"pt_BR\" \/>\n<meta property=\"og:type\" content=\"article\" \/>\n<meta property=\"og:title\" content=\"Craftygenesindonesia Nativity Set\" \/>\n<meta property=\"og:description\" content=\"Compre aqui o meu Conjunto de Pres\u00e9pio Craftygenesindonesia. O padr\u00e3o de croch\u00ea tamb\u00e9m est\u00e1 dispon\u00edvel no Etsy, Haked.nl, Ravelry e Payhip.\" \/>\n<meta property=\"og:url\" content=\"https:\/\/craftygenesindonesia.com\/pt-br\/shop\/padroes-de-croche-religiosos\/o-conjunto-de-presepio-craftygenesindonesia\/\" \/>\n<meta property=\"og:site_name\" content=\"Craftygenesindonesia\" \/>\n<meta property=\"article:modified_time\" content=\"2026-02-21T10:22:46+00:00\" \/>\n<meta property=\"og:image\" content=\"https:\/\/craftygenesindonesia.com\/wp-content\/uploads\/2022\/06\/Craftygenesindonesia-2-300x300.jpg\" \/>\n<meta name=\"twitter:card\" content=\"summary_large_image\" \/>\n<meta name=\"twitter:label1\" content=\"Est. tempo de leitura\" \/>\n\t<meta name=\"twitter:data1\" content=\"1 minuto\" \/>\n<script type=\"application\/ld+json\" class=\"yoast-schema-graph\">{\"@context\":\"https:\\\/\\\/schema.org\",\"@graph\":[{\"@type\":\"WebPage\",\"@id\":\"https:\\\/\\\/craftygenesindonesia.com\\\/pt-br\\\/shop\\\/padroes-de-croche-religiosos\\\/o-conjunto-de-presepio-craftygenesindonesia\\\/\",\"url\":\"https:\\\/\\\/craftygenesindonesia.com\\\/pt-br\\\/shop\\\/padroes-de-croche-religiosos\\\/o-conjunto-de-presepio-craftygenesindonesia\\\/\",\"name\":\"O Conjunto de Pres\u00e9pio Craftygenesindonesia padr\u00e3o de croch\u00ea - Craftygenesindonesia\",\"isPartOf\":{\"@id\":\"https:\\\/\\\/craftygenesindonesia.com\\\/pt-br\\\/#website\"},\"primaryImageOfPage\":{\"@id\":\"https:\\\/\\\/craftygenesindonesia.com\\\/pt-br\\\/shop\\\/padroes-de-croche-religiosos\\\/o-conjunto-de-presepio-craftygenesindonesia\\\/#primaryimage\"},\"image\":{\"@id\":\"https:\\\/\\\/craftygenesindonesia.com\\\/pt-br\\\/shop\\\/padroes-de-croche-religiosos\\\/o-conjunto-de-presepio-craftygenesindonesia\\\/#primaryimage\"},\"thumbnailUrl\":\"https:\\\/\\\/craftygenesindonesia.com\\\/wp-content\\\/uploads\\\/2022\\\/06\\\/Craftygenesindonesia-2.jpg\",\"datePublished\":\"2022-06-23T13:19:29+00:00\",\"dateModified\":\"2026-02-21T10:22:46+00:00\",\"description\":\"Compre aqui o meu Conjunto de Pres\u00e9pio Craftygenesindonesia. O padr\u00e3o de croch\u00ea tamb\u00e9m est\u00e1 dispon\u00edvel no Etsy, Haked.nl, Ravelry e Payhip.\",\"breadcrumb\":{\"@id\":\"https:\\\/\\\/craftygenesindonesia.com\\\/pt-br\\\/shop\\\/padroes-de-croche-religiosos\\\/o-conjunto-de-presepio-craftygenesindonesia\\\/#breadcrumb\"},\"inLanguage\":\"pt-BR\",\"potentialAction\":[{\"@type\":\"ReadAction\",\"target\":[\"https:\\\/\\\/craftygenesindonesia.com\\\/pt-br\\\/shop\\\/padroes-de-croche-religiosos\\\/o-conjunto-de-presepio-craftygenesindonesia\\\/\"]}]},{\"@type\":\"ImageObject\",\"inLanguage\":\"pt-BR\",\"@id\":\"https:\\\/\\\/craftygenesindonesia.com\\\/pt-br\\\/shop\\\/padroes-de-croche-religiosos\\\/o-conjunto-de-presepio-craftygenesindonesia\\\/#primaryimage\",\"url\":\"https:\\\/\\\/craftygenesindonesia.com\\\/wp-content\\\/uploads\\\/2022\\\/06\\\/Craftygenesindonesia-2.jpg\",\"contentUrl\":\"https:\\\/\\\/craftygenesindonesia.com\\\/wp-content\\\/uploads\\\/2022\\\/06\\\/Craftygenesindonesia-2.jpg\",\"width\":1080,\"height\":1080,\"caption\":\"Conjunto de pres\u00e9pio em croch\u00ea com Jesus, Maria, Jos\u00e9, camelo, tr\u00eas reis magos, pastor, ovelhas, burro, boi, anjo, estrela e est\u00e1bulo em croch\u00ea.\"},{\"@type\":\"BreadcrumbList\",\"@id\":\"https:\\\/\\\/craftygenesindonesia.com\\\/pt-br\\\/shop\\\/padroes-de-croche-religiosos\\\/o-conjunto-de-presepio-craftygenesindonesia\\\/#breadcrumb\",\"itemListElement\":[{\"@type\":\"ListItem\",\"position\":1,\"name\":\"Home\",\"item\":\"https:\\\/\\\/craftygenesindonesia.com\\\/pt-br\\\/\"},{\"@type\":\"ListItem\",\"position\":2,\"name\":\"Loja de moldes\",\"item\":\"https:\\\/\\\/craftygenesindonesia.com\\\/pt-br\\\/loja-de-moldes\\\/\"},{\"@type\":\"ListItem\",\"position\":3,\"name\":\"O Conjunto de Pres\u00e9pio Craftygenesindonesia\"}]},{\"@type\":\"WebSite\",\"@id\":\"https:\\\/\\\/craftygenesindonesia.com\\\/pt-br\\\/#website\",\"url\":\"https:\\\/\\\/craftygenesindonesia.com\\\/pt-br\\\/\",\"name\":\"Craftygenesindonesia\",\"description\":\"\",\"publisher\":{\"@id\":\"https:\\\/\\\/craftygenesindonesia.com\\\/pt-br\\\/#organization\"},\"potentialAction\":[{\"@type\":\"SearchAction\",\"target\":{\"@type\":\"EntryPoint\",\"urlTemplate\":\"https:\\\/\\\/craftygenesindonesia.com\\\/pt-br\\\/?s={search_term_string}\"},\"query-input\":{\"@type\":\"PropertyValueSpecification\",\"valueRequired\":true,\"valueName\":\"search_term_string\"}}],\"inLanguage\":\"pt-BR\"},{\"@type\":\"Organization\",\"@id\":\"https:\\\/\\\/craftygenesindonesia.com\\\/pt-br\\\/#organization\",\"name\":\"Craftygenesindonesia\",\"url\":\"https:\\\/\\\/craftygenesindonesia.com\\\/pt-br\\\/\",\"logo\":{\"@type\":\"ImageObject\",\"inLanguage\":\"pt-BR\",\"@id\":\"https:\\\/\\\/craftygenesindonesia.com\\\/pt-br\\\/#\\\/schema\\\/logo\\\/image\\\/\",\"url\":\"https:\\\/\\\/craftygenesindonesia.com\\\/wp-content\\\/uploads\\\/2025\\\/11\\\/cropped-Copy-of-Craftygenesindonesia.jpg\",\"contentUrl\":\"https:\\\/\\\/craftygenesindonesia.com\\\/wp-content\\\/uploads\\\/2025\\\/11\\\/cropped-Copy-of-Craftygenesindonesia.jpg\",\"width\":180,\"height\":60,\"caption\":\"Craftygenesindonesia\"},\"image\":{\"@id\":\"https:\\\/\\\/craftygenesindonesia.com\\\/pt-br\\\/#\\\/schema\\\/logo\\\/image\\\/\"}}]}<\/script>\n<!-- \/ Yoast SEO plugin. -->","yoast_head_json":{"title":"O Conjunto de Pres\u00e9pio Craftygenesindonesia padr\u00e3o de croch\u00ea - Craftygenesindonesia","description":"Compre aqui o meu Conjunto de Pres\u00e9pio Craftygenesindonesia. O padr\u00e3o de croch\u00ea tamb\u00e9m est\u00e1 dispon\u00edvel no Etsy, Haked.nl, Ravelry e Payhip.","robots":{"index":"index","follow":"follow","max-snippet":"max-snippet:-1","max-image-preview":"max-image-preview:large","max-video-preview":"max-video-preview:-1"},"canonical":"https:\/\/craftygenesindonesia.com\/pt-br\/shop\/padroes-de-croche-religiosos\/o-conjunto-de-presepio-craftygenesindonesia\/","og_locale":"pt_BR","og_type":"article","og_title":"Craftygenesindonesia Nativity Set","og_description":"Compre aqui o meu Conjunto de Pres\u00e9pio Craftygenesindonesia. O padr\u00e3o de croch\u00ea tamb\u00e9m est\u00e1 dispon\u00edvel no Etsy, Haked.nl, Ravelry e Payhip.","og_url":"https:\/\/craftygenesindonesia.com\/pt-br\/shop\/padroes-de-croche-religiosos\/o-conjunto-de-presepio-craftygenesindonesia\/","og_site_name":"Craftygenesindonesia","article_modified_time":"2026-02-21T10:22:46+00:00","og_image":[{"url":"https:\/\/craftygenesindonesia.com\/wp-content\/uploads\/2022\/06\/Craftygenesindonesia-2-300x300.jpg","type":"","width":"","height":""}],"twitter_card":"summary_large_image","twitter_misc":{"Est. tempo de leitura":"1 minuto"},"schema":{"@context":"https:\/\/schema.org","@graph":[{"@type":"WebPage","@id":"https:\/\/craftygenesindonesia.com\/pt-br\/shop\/padroes-de-croche-religiosos\/o-conjunto-de-presepio-craftygenesindonesia\/","url":"https:\/\/craftygenesindonesia.com\/pt-br\/shop\/padroes-de-croche-religiosos\/o-conjunto-de-presepio-craftygenesindonesia\/","name":"O Conjunto de Pres\u00e9pio Craftygenesindonesia padr\u00e3o de croch\u00ea - Craftygenesindonesia","isPartOf":{"@id":"https:\/\/craftygenesindonesia.com\/pt-br\/#website"},"primaryImageOfPage":{"@id":"https:\/\/craftygenesindonesia.com\/pt-br\/shop\/padroes-de-croche-religiosos\/o-conjunto-de-presepio-craftygenesindonesia\/#primaryimage"},"image":{"@id":"https:\/\/craftygenesindonesia.com\/pt-br\/shop\/padroes-de-croche-religiosos\/o-conjunto-de-presepio-craftygenesindonesia\/#primaryimage"},"thumbnailUrl":"https:\/\/craftygenesindonesia.com\/wp-content\/uploads\/2022\/06\/Craftygenesindonesia-2.jpg","datePublished":"2022-06-23T13:19:29+00:00","dateModified":"2026-02-21T10:22:46+00:00","description":"Compre aqui o meu Conjunto de Pres\u00e9pio Craftygenesindonesia. O padr\u00e3o de croch\u00ea tamb\u00e9m est\u00e1 dispon\u00edvel no Etsy, Haked.nl, Ravelry e Payhip.","breadcrumb":{"@id":"https:\/\/craftygenesindonesia.com\/pt-br\/shop\/padroes-de-croche-religiosos\/o-conjunto-de-presepio-craftygenesindonesia\/#breadcrumb"},"inLanguage":"pt-BR","potentialAction":[{"@type":"ReadAction","target":["https:\/\/craftygenesindonesia.com\/pt-br\/shop\/padroes-de-croche-religiosos\/o-conjunto-de-presepio-craftygenesindonesia\/"]}]},{"@type":"ImageObject","inLanguage":"pt-BR","@id":"https:\/\/craftygenesindonesia.com\/pt-br\/shop\/padroes-de-croche-religiosos\/o-conjunto-de-presepio-craftygenesindonesia\/#primaryimage","url":"https:\/\/craftygenesindonesia.com\/wp-content\/uploads\/2022\/06\/Craftygenesindonesia-2.jpg","contentUrl":"https:\/\/craftygenesindonesia.com\/wp-content\/uploads\/2022\/06\/Craftygenesindonesia-2.jpg","width":1080,"height":1080,"caption":"Conjunto de pres\u00e9pio em croch\u00ea com Jesus, Maria, Jos\u00e9, camelo, tr\u00eas reis magos, pastor, ovelhas, burro, boi, anjo, estrela e est\u00e1bulo em croch\u00ea."},{"@type":"BreadcrumbList","@id":"https:\/\/craftygenesindonesia.com\/pt-br\/shop\/padroes-de-croche-religiosos\/o-conjunto-de-presepio-craftygenesindonesia\/#breadcrumb","itemListElement":[{"@type":"ListItem","position":1,"name":"Home","item":"https:\/\/craftygenesindonesia.com\/pt-br\/"},{"@type":"ListItem","position":2,"name":"Loja de moldes","item":"https:\/\/craftygenesindonesia.com\/pt-br\/loja-de-moldes\/"},{"@type":"ListItem","position":3,"name":"O Conjunto de Pres\u00e9pio Craftygenesindonesia"}]},{"@type":"WebSite","@id":"https:\/\/craftygenesindonesia.com\/pt-br\/#website","url":"https:\/\/craftygenesindonesia.com\/pt-br\/","name":"Craftygenesindonesia","description":"","publisher":{"@id":"https:\/\/craftygenesindonesia.com\/pt-br\/#organization"},"potentialAction":[{"@type":"SearchAction","target":{"@type":"EntryPoint","urlTemplate":"https:\/\/craftygenesindonesia.com\/pt-br\/?s={search_term_string}"},"query-input":{"@type":"PropertyValueSpecification","valueRequired":true,"valueName":"search_term_string"}}],"inLanguage":"pt-BR"},{"@type":"Organization","@id":"https:\/\/craftygenesindonesia.com\/pt-br\/#organization","name":"Craftygenesindonesia","url":"https:\/\/craftygenesindonesia.com\/pt-br\/","logo":{"@type":"ImageObject","inLanguage":"pt-BR","@id":"https:\/\/craftygenesindonesia.com\/pt-br\/#\/schema\/logo\/image\/","url":"https:\/\/craftygenesindonesia.com\/wp-content\/uploads\/2025\/11\/cropped-Copy-of-Craftygenesindonesia.jpg","contentUrl":"https:\/\/craftygenesindonesia.com\/wp-content\/uploads\/2025\/11\/cropped-Copy-of-Craftygenesindonesia.jpg","width":180,"height":60,"caption":"Craftygenesindonesia"},"image":{"@id":"https:\/\/craftygenesindonesia.com\/pt-br\/#\/schema\/logo\/image\/"}}]}},"_links":{"self":[{"href":"https:\/\/craftygenesindonesia.com\/pt-br\/wp-json\/wp\/v2\/product\/987536779","targetHints":{"allow":["GET"]}}],"collection":[{"href":"https:\/\/craftygenesindonesia.com\/pt-br\/wp-json\/wp\/v2\/product"}],"about":[{"href":"https:\/\/craftygenesindonesia.com\/pt-br\/wp-json\/wp\/v2\/types\/product"}],"replies":[{"embeddable":true,"href":"https:\/\/craftygenesindonesia.com\/pt-br\/wp-json\/wp\/v2\/comments?post=987536779"}],"wp:featuredmedia":[{"embeddable":true,"href":"https:\/\/craftygenesindonesia.com\/pt-br\/wp-json\/wp\/v2\/media\/987536781"}],"wp:attachment":[{"href":"https:\/\/craftygenesindonesia.com\/pt-br\/wp-json\/wp\/v2\/media?parent=987536779"}],"wp:term":[{"taxonomy":"product_brand","embeddable":true,"href":"https:\/\/craftygenesindonesia.com\/pt-br\/wp-json\/wp\/v2\/product_brand?post=987536779"},{"taxonomy":"product_cat","embeddable":true,"href":"https:\/\/craftygenesindonesia.com\/pt-br\/wp-json\/wp\/v2\/product_cat?post=987536779"},{"taxonomy":"product_tag","embeddable":true,"href":"https:\/\/craftygenesindonesia.com\/pt-br\/wp-json\/wp\/v2\/product_tag?post=987536779"}],"curies":[{"name":"wp","href":"https:\/\/api.w.org\/{rel}","templated":true}]}}