{"id":987536453,"date":"2024-09-20T16:51:46","date_gmt":"2024-09-20T08:51:46","guid":{"rendered":"https:\/\/craftygenesindonesia.com\/shop\/sem%20categoria\/sagrada-familia-presepio-trico\/"},"modified":"2026-03-23T08:26:16","modified_gmt":"2026-03-23T00:26:16","slug":"sagrada-familia-presepio-trico","status":"publish","type":"product","link":"https:\/\/craftygenesindonesia.com\/pt-br\/shop\/padroes-de-trico-natal\/sagrada-familia-presepio-trico\/","title":{"rendered":"Sagrada Familia Pres\u00e9pio (tric\u00f4)"},"content":{"rendered":"<p><strong>Medidas: <\/strong><\/p>\n<ul>\n<li>Celeiro: 33x30x20cm\/ 13&#215;11.8&#215;7.8inch<\/li>\n<li>Maria: 14cm\/ 5.5 inch<\/li>\n<li>Jos\u00e9: 23cm\/ 9 inch<\/li>\n<\/ul>\n<p>&nbsp;<\/p>\n<p><strong>Fio<\/strong>: fio de espessura \u201cFINGERING\u201d, como Catona, Catania, &#8230; nas seguintes cores: cor de pele, azul, branco sujo, castanho claro, castanho escuro, verde escuro, verde salva, castanho chocolate, bege escuro, terracota<\/p>\n<p>&nbsp;<\/p>\n<p><strong>Agulhas de tric\u00f4:<\/strong> 2 mm &#8211; agulhas de tric\u00f4 retas<\/p>\n<p>&nbsp;<\/p>\n<p><strong>Outras coisas que voc\u00ea precisa:<\/strong> enchimento, tesoura, l\u00e1pis, r\u00e9gua, cola, alfinetes de costura, agulha de cerzir, 2 espetos ou pauzinhos, papel\u00e3o resistente e forte com 3 mm de espessura, feltro de 3 mm (a cor n\u00e3o importa), pequenas pedras de aqu\u00e1rio.<\/p>\n<p>&nbsp;<\/p>\n<p>Este padr\u00e3o \u00e9 um padr\u00e3o escrito com muitas imagens para ajud\u00e1-lo. Se tiver alguma d\u00favida, envie-me uma mensagem para: craftygenesindonesia@gmail.com<\/p>\n<p>&nbsp;<\/p>\n<p><strong>-Este padr\u00e3o \u00e9 apenas para uso pessoal e est\u00e1 protegido por direitos autorais. Portanto, o padr\u00e3o N\u00c3O pode ser copiado, vendido, revendido, traduzido, reivindicado como seu design, distribu\u00eddo, compartilhado, publicado ou postado online de qualquer forma sem a minha permiss\u00e3o. Nem mesmo parte disso!!!<\/strong><\/p>\n<p>&nbsp;<\/p>\n<p><strong>-Voc\u00ea pode vender o produto final em pequenas quantidades, mas n\u00e3o o padr\u00e3o de croch\u00ea em si! Mencione que o padr\u00e3o de croch\u00ea \u00e9 da Craftygenesindonesia e onde ele pode ser adquirido. <\/strong><\/p>\n","protected":false},"excerpt":{"rendered":"<p>IMPORTANTE: este \u00e9 um padr\u00e3o de tric\u00f4, N\u00c3O um padr\u00e3o de croch\u00ea.<\/p>\n<p>\u00c9 um padr\u00e3o maravilhoso para quem gosta de tricotar e procura um pres\u00e9pio bonito, mas f\u00e1cil de fazer. Jesus, Maria, Jos\u00e9, o est\u00e1bulo e o pote s\u00e3o todos tricotados. A vassoura foi feita por mim e as instru\u00e7\u00f5es para a fazer est\u00e3o inclu\u00eddas no padr\u00e3o. As pedras s\u00e3o pedras de aqu\u00e1rio que colei no lugar.<\/p>\n","protected":false},"featured_media":987536448,"comment_status":"open","ping_status":"closed","template":"","meta":{"_acf_changed":false},"product_brand":[],"product_cat":[13013,13009,13021],"product_tag":[13198,12992,12989,13102,12990,12984,13045,13197,13199,12985,13202,13201,13046,13044,13070,13057,12987,13106,12983,13200,12991],"class_list":{"0":"post-987536453","1":"product","2":"type-product","3":"status-publish","4":"has-post-thumbnail","6":"product_cat-padroes-de-trico","7":"product_cat-padroes-de-trico-natal","8":"product_cat-padroes-de-trico-natividade","9":"product_tag-balai","10":"product_tag-catolico","11":"product_tag-cristao","12":"product_tag-estavel","13":"product_tag-holy-mary","14":"product_tag-jesus","15":"product_tag-jose","16":"product_tag-kerst-versiering","17":"product_tag-le-christ","18":"product_tag-maria","19":"product_tag-marmites","20":"product_tag-modele-de-tricot","21":"product_tag-natividade","22":"product_tag-presepio","23":"product_tag-presepio-de-natal","24":"product_tag-santa-maria-2","25":"product_tag-santa-maria","26":"product_tag-santa-maria-3","27":"product_tag-santo-catolico","28":"product_tag-tricot","29":"product_tag-virgem-maria","30":"pa_available_on-craftygenesindonesia","31":"pa_available_on-etsy","32":"pa_available_on-haked-nl","33":"pa_available_on-payhip","34":"pa_available_on-ravelry","35":"pa_languages-espanhol","36":"pa_languages-frances","37":"pa_languages-holandes","38":"pa_languages-ingles-dos-eua","39":"pa_languages-portugues","41":"first","42":"instock","43":"downloadable","44":"virtual","45":"purchasable","46":"product-type-simple"},"acf":[],"yoast_head":"<!-- This site is optimized with the Yoast SEO plugin v27.4 - https:\/\/yoast.com\/product\/yoast-seo-wordpress\/ -->\n<title>Sagrada Familia Pres\u00e9pio (tric\u00f4) - Craftygenesindonesia<\/title>\n<meta name=\"description\" content=\"Compre aqui o meu padr\u00e3o de tric\u00f4 \u201cSagrada Fam\u00edlia - Pres\u00e9pio\u201d. O padr\u00e3o de tric\u00f4 f\u00e1cil de seguir tamb\u00e9m est\u00e1 dispon\u00edvel no Etsy, Haked.nl e Ravelry.\" \/>\n<meta name=\"robots\" content=\"index, follow, max-snippet:-1, max-image-preview:large, max-video-preview:-1\" \/>\n<link rel=\"canonical\" href=\"https:\/\/craftygenesindonesia.com\/pt-br\/shop\/padroes-de-trico-natal\/sagrada-familia-presepio-trico\/\" \/>\n<meta property=\"og:locale\" content=\"pt_BR\" \/>\n<meta property=\"og:type\" content=\"article\" \/>\n<meta property=\"og:title\" content=\"&quot;Sagrada Familia Pres\u00e9pio&quot;\" \/>\n<meta property=\"og:description\" content=\"Compre aqui o meu padr\u00e3o de tric\u00f4 \u201cSagrada Fam\u00edlia - Pres\u00e9pio\u201d. O padr\u00e3o de tric\u00f4 f\u00e1cil de seguir tamb\u00e9m est\u00e1 dispon\u00edvel no Etsy, Haked.nl e Ravelry.\" \/>\n<meta property=\"og:url\" content=\"https:\/\/craftygenesindonesia.com\/pt-br\/shop\/padroes-de-trico-natal\/sagrada-familia-presepio-trico\/\" \/>\n<meta property=\"og:site_name\" content=\"Craftygenesindonesia\" \/>\n<meta property=\"article:modified_time\" content=\"2026-03-23T00:26:16+00:00\" \/>\n<meta property=\"og:image\" content=\"https:\/\/craftygenesindonesia.com\/wp-content\/uploads\/2024\/09\/1-1-300x300.jpg\" \/>\n<meta name=\"twitter:card\" content=\"summary_large_image\" \/>\n<meta name=\"twitter:label1\" content=\"Est. tempo de leitura\" \/>\n\t<meta name=\"twitter:data1\" content=\"2 minutos\" \/>\n<script type=\"application\/ld+json\" class=\"yoast-schema-graph\">{\"@context\":\"https:\\\/\\\/schema.org\",\"@graph\":[{\"@type\":\"WebPage\",\"@id\":\"https:\\\/\\\/craftygenesindonesia.com\\\/pt-br\\\/shop\\\/padroes-de-trico-natal\\\/sagrada-familia-presepio-trico\\\/\",\"url\":\"https:\\\/\\\/craftygenesindonesia.com\\\/pt-br\\\/shop\\\/padroes-de-trico-natal\\\/sagrada-familia-presepio-trico\\\/\",\"name\":\"Sagrada Familia Pres\u00e9pio (tric\u00f4) - Craftygenesindonesia\",\"isPartOf\":{\"@id\":\"https:\\\/\\\/craftygenesindonesia.com\\\/pt-br\\\/#website\"},\"primaryImageOfPage\":{\"@id\":\"https:\\\/\\\/craftygenesindonesia.com\\\/pt-br\\\/shop\\\/padroes-de-trico-natal\\\/sagrada-familia-presepio-trico\\\/#primaryimage\"},\"image\":{\"@id\":\"https:\\\/\\\/craftygenesindonesia.com\\\/pt-br\\\/shop\\\/padroes-de-trico-natal\\\/sagrada-familia-presepio-trico\\\/#primaryimage\"},\"thumbnailUrl\":\"https:\\\/\\\/craftygenesindonesia.com\\\/wp-content\\\/uploads\\\/2024\\\/09\\\/1-1.jpg\",\"datePublished\":\"2024-09-20T08:51:46+00:00\",\"dateModified\":\"2026-03-23T00:26:16+00:00\",\"description\":\"Compre aqui o meu padr\u00e3o de tric\u00f4 \u201cSagrada Fam\u00edlia - Pres\u00e9pio\u201d. O padr\u00e3o de tric\u00f4 f\u00e1cil de seguir tamb\u00e9m est\u00e1 dispon\u00edvel no Etsy, Haked.nl e Ravelry.\",\"breadcrumb\":{\"@id\":\"https:\\\/\\\/craftygenesindonesia.com\\\/pt-br\\\/shop\\\/padroes-de-trico-natal\\\/sagrada-familia-presepio-trico\\\/#breadcrumb\"},\"inLanguage\":\"pt-BR\",\"potentialAction\":[{\"@type\":\"ReadAction\",\"target\":[\"https:\\\/\\\/craftygenesindonesia.com\\\/pt-br\\\/shop\\\/padroes-de-trico-natal\\\/sagrada-familia-presepio-trico\\\/\"]}]},{\"@type\":\"ImageObject\",\"inLanguage\":\"pt-BR\",\"@id\":\"https:\\\/\\\/craftygenesindonesia.com\\\/pt-br\\\/shop\\\/padroes-de-trico-natal\\\/sagrada-familia-presepio-trico\\\/#primaryimage\",\"url\":\"https:\\\/\\\/craftygenesindonesia.com\\\/wp-content\\\/uploads\\\/2024\\\/09\\\/1-1.jpg\",\"contentUrl\":\"https:\\\/\\\/craftygenesindonesia.com\\\/wp-content\\\/uploads\\\/2024\\\/09\\\/1-1.jpg\",\"width\":1080,\"height\":1080,\"caption\":\"Conjunto de pres\u00e9pio em tric\u00f4, sagrada fam\u00edlia em tric\u00f4, padr\u00e3o de tric\u00f4 de Jesus, Maria e Jos\u00e9, padr\u00e3o de tric\u00f4 natalino\"},{\"@type\":\"BreadcrumbList\",\"@id\":\"https:\\\/\\\/craftygenesindonesia.com\\\/pt-br\\\/shop\\\/padroes-de-trico-natal\\\/sagrada-familia-presepio-trico\\\/#breadcrumb\",\"itemListElement\":[{\"@type\":\"ListItem\",\"position\":1,\"name\":\"Home\",\"item\":\"https:\\\/\\\/craftygenesindonesia.com\\\/pt-br\\\/\"},{\"@type\":\"ListItem\",\"position\":2,\"name\":\"Loja de moldes\",\"item\":\"https:\\\/\\\/craftygenesindonesia.com\\\/pt-br\\\/loja-de-moldes\\\/\"},{\"@type\":\"ListItem\",\"position\":3,\"name\":\"Sagrada Familia Pres\u00e9pio (tric\u00f4)\"}]},{\"@type\":\"WebSite\",\"@id\":\"https:\\\/\\\/craftygenesindonesia.com\\\/pt-br\\\/#website\",\"url\":\"https:\\\/\\\/craftygenesindonesia.com\\\/pt-br\\\/\",\"name\":\"Craftygenesindonesia\",\"description\":\"\",\"publisher\":{\"@id\":\"https:\\\/\\\/craftygenesindonesia.com\\\/pt-br\\\/#organization\"},\"potentialAction\":[{\"@type\":\"SearchAction\",\"target\":{\"@type\":\"EntryPoint\",\"urlTemplate\":\"https:\\\/\\\/craftygenesindonesia.com\\\/pt-br\\\/?s={search_term_string}\"},\"query-input\":{\"@type\":\"PropertyValueSpecification\",\"valueRequired\":true,\"valueName\":\"search_term_string\"}}],\"inLanguage\":\"pt-BR\"},{\"@type\":\"Organization\",\"@id\":\"https:\\\/\\\/craftygenesindonesia.com\\\/pt-br\\\/#organization\",\"name\":\"Craftygenesindonesia\",\"url\":\"https:\\\/\\\/craftygenesindonesia.com\\\/pt-br\\\/\",\"logo\":{\"@type\":\"ImageObject\",\"inLanguage\":\"pt-BR\",\"@id\":\"https:\\\/\\\/craftygenesindonesia.com\\\/pt-br\\\/#\\\/schema\\\/logo\\\/image\\\/\",\"url\":\"https:\\\/\\\/craftygenesindonesia.com\\\/wp-content\\\/uploads\\\/2025\\\/11\\\/cropped-Copy-of-Craftygenesindonesia.jpg\",\"contentUrl\":\"https:\\\/\\\/craftygenesindonesia.com\\\/wp-content\\\/uploads\\\/2025\\\/11\\\/cropped-Copy-of-Craftygenesindonesia.jpg\",\"width\":180,\"height\":60,\"caption\":\"Craftygenesindonesia\"},\"image\":{\"@id\":\"https:\\\/\\\/craftygenesindonesia.com\\\/pt-br\\\/#\\\/schema\\\/logo\\\/image\\\/\"}}]}<\/script>\n<!-- \/ Yoast SEO plugin. -->","yoast_head_json":{"title":"Sagrada Familia Pres\u00e9pio (tric\u00f4) - Craftygenesindonesia","description":"Compre aqui o meu padr\u00e3o de tric\u00f4 \u201cSagrada Fam\u00edlia - Pres\u00e9pio\u201d. O padr\u00e3o de tric\u00f4 f\u00e1cil de seguir tamb\u00e9m est\u00e1 dispon\u00edvel no Etsy, Haked.nl e Ravelry.","robots":{"index":"index","follow":"follow","max-snippet":"max-snippet:-1","max-image-preview":"max-image-preview:large","max-video-preview":"max-video-preview:-1"},"canonical":"https:\/\/craftygenesindonesia.com\/pt-br\/shop\/padroes-de-trico-natal\/sagrada-familia-presepio-trico\/","og_locale":"pt_BR","og_type":"article","og_title":"\"Sagrada Familia Pres\u00e9pio\"","og_description":"Compre aqui o meu padr\u00e3o de tric\u00f4 \u201cSagrada Fam\u00edlia - Pres\u00e9pio\u201d. O padr\u00e3o de tric\u00f4 f\u00e1cil de seguir tamb\u00e9m est\u00e1 dispon\u00edvel no Etsy, Haked.nl e Ravelry.","og_url":"https:\/\/craftygenesindonesia.com\/pt-br\/shop\/padroes-de-trico-natal\/sagrada-familia-presepio-trico\/","og_site_name":"Craftygenesindonesia","article_modified_time":"2026-03-23T00:26:16+00:00","og_image":[{"url":"https:\/\/craftygenesindonesia.com\/wp-content\/uploads\/2024\/09\/1-1-300x300.jpg","type":"","width":"","height":""}],"twitter_card":"summary_large_image","twitter_misc":{"Est. tempo de leitura":"2 minutos"},"schema":{"@context":"https:\/\/schema.org","@graph":[{"@type":"WebPage","@id":"https:\/\/craftygenesindonesia.com\/pt-br\/shop\/padroes-de-trico-natal\/sagrada-familia-presepio-trico\/","url":"https:\/\/craftygenesindonesia.com\/pt-br\/shop\/padroes-de-trico-natal\/sagrada-familia-presepio-trico\/","name":"Sagrada Familia Pres\u00e9pio (tric\u00f4) - Craftygenesindonesia","isPartOf":{"@id":"https:\/\/craftygenesindonesia.com\/pt-br\/#website"},"primaryImageOfPage":{"@id":"https:\/\/craftygenesindonesia.com\/pt-br\/shop\/padroes-de-trico-natal\/sagrada-familia-presepio-trico\/#primaryimage"},"image":{"@id":"https:\/\/craftygenesindonesia.com\/pt-br\/shop\/padroes-de-trico-natal\/sagrada-familia-presepio-trico\/#primaryimage"},"thumbnailUrl":"https:\/\/craftygenesindonesia.com\/wp-content\/uploads\/2024\/09\/1-1.jpg","datePublished":"2024-09-20T08:51:46+00:00","dateModified":"2026-03-23T00:26:16+00:00","description":"Compre aqui o meu padr\u00e3o de tric\u00f4 \u201cSagrada Fam\u00edlia - Pres\u00e9pio\u201d. O padr\u00e3o de tric\u00f4 f\u00e1cil de seguir tamb\u00e9m est\u00e1 dispon\u00edvel no Etsy, Haked.nl e Ravelry.","breadcrumb":{"@id":"https:\/\/craftygenesindonesia.com\/pt-br\/shop\/padroes-de-trico-natal\/sagrada-familia-presepio-trico\/#breadcrumb"},"inLanguage":"pt-BR","potentialAction":[{"@type":"ReadAction","target":["https:\/\/craftygenesindonesia.com\/pt-br\/shop\/padroes-de-trico-natal\/sagrada-familia-presepio-trico\/"]}]},{"@type":"ImageObject","inLanguage":"pt-BR","@id":"https:\/\/craftygenesindonesia.com\/pt-br\/shop\/padroes-de-trico-natal\/sagrada-familia-presepio-trico\/#primaryimage","url":"https:\/\/craftygenesindonesia.com\/wp-content\/uploads\/2024\/09\/1-1.jpg","contentUrl":"https:\/\/craftygenesindonesia.com\/wp-content\/uploads\/2024\/09\/1-1.jpg","width":1080,"height":1080,"caption":"Conjunto de pres\u00e9pio em tric\u00f4, sagrada fam\u00edlia em tric\u00f4, padr\u00e3o de tric\u00f4 de Jesus, Maria e Jos\u00e9, padr\u00e3o de tric\u00f4 natalino"},{"@type":"BreadcrumbList","@id":"https:\/\/craftygenesindonesia.com\/pt-br\/shop\/padroes-de-trico-natal\/sagrada-familia-presepio-trico\/#breadcrumb","itemListElement":[{"@type":"ListItem","position":1,"name":"Home","item":"https:\/\/craftygenesindonesia.com\/pt-br\/"},{"@type":"ListItem","position":2,"name":"Loja de moldes","item":"https:\/\/craftygenesindonesia.com\/pt-br\/loja-de-moldes\/"},{"@type":"ListItem","position":3,"name":"Sagrada Familia Pres\u00e9pio (tric\u00f4)"}]},{"@type":"WebSite","@id":"https:\/\/craftygenesindonesia.com\/pt-br\/#website","url":"https:\/\/craftygenesindonesia.com\/pt-br\/","name":"Craftygenesindonesia","description":"","publisher":{"@id":"https:\/\/craftygenesindonesia.com\/pt-br\/#organization"},"potentialAction":[{"@type":"SearchAction","target":{"@type":"EntryPoint","urlTemplate":"https:\/\/craftygenesindonesia.com\/pt-br\/?s={search_term_string}"},"query-input":{"@type":"PropertyValueSpecification","valueRequired":true,"valueName":"search_term_string"}}],"inLanguage":"pt-BR"},{"@type":"Organization","@id":"https:\/\/craftygenesindonesia.com\/pt-br\/#organization","name":"Craftygenesindonesia","url":"https:\/\/craftygenesindonesia.com\/pt-br\/","logo":{"@type":"ImageObject","inLanguage":"pt-BR","@id":"https:\/\/craftygenesindonesia.com\/pt-br\/#\/schema\/logo\/image\/","url":"https:\/\/craftygenesindonesia.com\/wp-content\/uploads\/2025\/11\/cropped-Copy-of-Craftygenesindonesia.jpg","contentUrl":"https:\/\/craftygenesindonesia.com\/wp-content\/uploads\/2025\/11\/cropped-Copy-of-Craftygenesindonesia.jpg","width":180,"height":60,"caption":"Craftygenesindonesia"},"image":{"@id":"https:\/\/craftygenesindonesia.com\/pt-br\/#\/schema\/logo\/image\/"}}]}},"_links":{"self":[{"href":"https:\/\/craftygenesindonesia.com\/pt-br\/wp-json\/wp\/v2\/product\/987536453","targetHints":{"allow":["GET"]}}],"collection":[{"href":"https:\/\/craftygenesindonesia.com\/pt-br\/wp-json\/wp\/v2\/product"}],"about":[{"href":"https:\/\/craftygenesindonesia.com\/pt-br\/wp-json\/wp\/v2\/types\/product"}],"replies":[{"embeddable":true,"href":"https:\/\/craftygenesindonesia.com\/pt-br\/wp-json\/wp\/v2\/comments?post=987536453"}],"wp:featuredmedia":[{"embeddable":true,"href":"https:\/\/craftygenesindonesia.com\/pt-br\/wp-json\/wp\/v2\/media\/987536448"}],"wp:attachment":[{"href":"https:\/\/craftygenesindonesia.com\/pt-br\/wp-json\/wp\/v2\/media?parent=987536453"}],"wp:term":[{"taxonomy":"product_brand","embeddable":true,"href":"https:\/\/craftygenesindonesia.com\/pt-br\/wp-json\/wp\/v2\/product_brand?post=987536453"},{"taxonomy":"product_cat","embeddable":true,"href":"https:\/\/craftygenesindonesia.com\/pt-br\/wp-json\/wp\/v2\/product_cat?post=987536453"},{"taxonomy":"product_tag","embeddable":true,"href":"https:\/\/craftygenesindonesia.com\/pt-br\/wp-json\/wp\/v2\/product_tag?post=987536453"}],"curies":[{"name":"wp","href":"https:\/\/api.w.org\/{rel}","templated":true}]}}