{"id":987536389,"date":"2024-11-30T00:03:43","date_gmt":"2024-11-29T16:03:43","guid":{"rendered":"https:\/\/craftygenesindonesia.com\/shop\/sem%20categoria\/anjo-de-natal-gloriana\/"},"modified":"2026-03-23T06:55:48","modified_gmt":"2026-03-22T22:55:48","slug":"anjo-de-natal-gloriana","status":"publish","type":"product","link":"https:\/\/craftygenesindonesia.com\/pt-br\/shop\/padroes-de-croche-religiosos\/anjo-de-natal-gloriana\/","title":{"rendered":"Anjo de Natal Gloriana"},"content":{"rendered":"<p><strong>Tamanho: <\/strong>35cm\/ 13.8\u201d<\/p>\n<p><strong>Fio<\/strong>: fio de espessura \u201cfingering\u201d (tamanho 3), como Catona, Catania, &#8230;<\/p>\n<p><strong>Cores<\/strong>: cor da pele, branco<\/p>\n<p>Agulha de croch\u00ea: 2 mm<\/p>\n<p><strong>Voc\u00ea tamb\u00e9m precisar\u00e1 de<\/strong>: enchimento, tesoura, alfinetes de costura, agulha de tape\u00e7aria, l\u00e1pis, r\u00e9gua, cola PVA (cola branca escolar), \u00e1gua, tigela, pincel pequeno LIMPO, cola + pistola de cola, papel\u00e3o com 5 mm de espessura, alicate de corte, fio de alum\u00ednio com 2 mm de espessura (voc\u00ea pode usar fio de alum\u00ednio mais fino, mas precisar\u00e1 usar 2 pe\u00e7as em vez de 1), metade de um pauzinho para impedir que a cabe\u00e7a caia, pl\u00e1stico\/pl\u00e1stico bolha<\/p>\n<p>&nbsp;<\/p>\n<p>Este padr\u00e3o \u00e9 um padr\u00e3o escrito com muitas imagens para ajud\u00e1-lo. Se tiver alguma d\u00favida, envie-me uma mensagem para: craftygenesindonesia@gmail.com<\/p>\n<p>&nbsp;<\/p>\n<p><strong>-Este padr\u00e3o \u00e9 apenas para uso pessoal e est\u00e1 protegido por direitos autorais. Portanto, o padr\u00e3o N\u00c3O pode ser copiado, vendido, revendido, traduzido, reivindicado como seu design, distribu\u00eddo, compartilhado, publicado ou postado online de qualquer forma sem a minha permiss\u00e3o. Nem mesmo parte disso!!!<\/strong><\/p>\n<p>&nbsp;<\/p>\n<p><strong>-Voc\u00ea pode vender o produto final em pequenas quantidades, mas n\u00e3o o padr\u00e3o de croch\u00ea em si! Mencione que o padr\u00e3o de croch\u00ea \u00e9 da Craftygenesindonesia e onde ele pode ser adquirido. <\/strong><\/p>\n","protected":false},"excerpt":{"rendered":"<p>Este \u00e9 um padr\u00e3o de croch\u00ea 2 em 1 para um lindo anjo de Natal com um mini pres\u00e9pio. O mini pres\u00e9pio pode ser substitu\u00eddo por uma vela LED (alimentada por pilhas) para transformar este anjo em um anjo memorial.<\/p>\n","protected":false},"featured_media":987536384,"comment_status":"open","ping_status":"closed","template":"","meta":{"_acf_changed":false},"product_brand":[],"product_cat":[13005,13018,12995,13022,12982],"product_tag":[12988,13047,13169,13168,13170,12992,12989,12990,12984,13045,12985,13085,13046,13044,13070,13106,12987,13057,12983,12991],"class_list":{"0":"post-987536389","1":"product","2":"type-product","3":"status-publish","4":"has-post-thumbnail","6":"product_cat-padroes-de-croche-anjo","7":"product_cat-padroes-de-croche-memoria","8":"product_cat-padroes-de-croche-natal","9":"product_cat-padroes-de-croche-natividade","10":"product_cat-padroes-de-croche-religiosos","11":"product_tag-anjo","12":"product_tag-anjo-de-natal","13":"product_tag-anjo-memorial","14":"product_tag-asas","15":"product_tag-branco","16":"product_tag-catolico","17":"product_tag-cristao","18":"product_tag-holy-mary","19":"product_tag-jesus","20":"product_tag-jose","21":"product_tag-maria","22":"product_tag-memorial","23":"product_tag-natividade","24":"product_tag-presepio","25":"product_tag-presepio-de-natal","26":"product_tag-santa-maria-3","27":"product_tag-santa-maria","28":"product_tag-santa-maria-2","29":"product_tag-santo-catolico","30":"product_tag-virgem-maria","31":"pa_available_on-craftygenesindonesia","32":"pa_available_on-etsy","33":"pa_available_on-haked-nl","34":"pa_available_on-payhip","35":"pa_available_on-ravelry","36":"pa_languages-alemao","37":"pa_languages-espanhol","38":"pa_languages-frances","39":"pa_languages-holandes","40":"pa_languages-ingles-dos-eua","41":"pa_languages-italiano","42":"pa_languages-portugues","44":"first","45":"instock","46":"downloadable","47":"virtual","48":"purchasable","49":"product-type-simple"},"acf":[],"yoast_head":"<!-- This site is optimized with the Yoast SEO plugin v27.4 - https:\/\/yoast.com\/product\/yoast-seo-wordpress\/ -->\n<title>Anjo de Natal Gloriana padr\u00e3o de croch\u00ea - Craftygenesindonesia<\/title>\n<meta name=\"description\" content=\"Compre aqui o meu padr\u00e3o de croch\u00e9 \u201cGloriana Christmas Angel\u201d. O padr\u00e3o de croch\u00e9 f\u00e1cil tamb\u00e9m est\u00e1 dispon\u00edvel no Etsy, Haked.nl, Ravelry, Payhip.\" \/>\n<meta name=\"robots\" content=\"index, follow, max-snippet:-1, max-image-preview:large, max-video-preview:-1\" \/>\n<link rel=\"canonical\" href=\"https:\/\/craftygenesindonesia.com\/pt-br\/shop\/padroes-de-croche-religiosos\/anjo-de-natal-gloriana\/\" \/>\n<meta property=\"og:locale\" content=\"pt_BR\" \/>\n<meta property=\"og:type\" content=\"article\" \/>\n<meta property=\"og:title\" content=\"Anjo de Natal Gloriana - padr\u00e3o de croch\u00ea\" \/>\n<meta property=\"og:description\" content=\"Compre aqui o meu padr\u00e3o de croch\u00e9 \u201cGloriana Christmas Angel\u201d. O padr\u00e3o de croch\u00e9 f\u00e1cil tamb\u00e9m est\u00e1 dispon\u00edvel no Etsy, Haked.nl, Ravelry, Payhip.\" \/>\n<meta property=\"og:url\" content=\"https:\/\/craftygenesindonesia.com\/pt-br\/shop\/padroes-de-croche-religiosos\/anjo-de-natal-gloriana\/\" \/>\n<meta property=\"og:site_name\" content=\"Craftygenesindonesia\" \/>\n<meta property=\"article:modified_time\" content=\"2026-03-22T22:55:48+00:00\" \/>\n<meta property=\"og:image\" content=\"https:\/\/craftygenesindonesia.com\/wp-content\/uploads\/2024\/11\/Gloriana-Christmas-Angel-300x300.jpg\" \/>\n<meta name=\"twitter:card\" content=\"summary_large_image\" \/>\n<meta name=\"twitter:label1\" content=\"Est. tempo de leitura\" \/>\n\t<meta name=\"twitter:data1\" content=\"2 minutos\" \/>\n<script type=\"application\/ld+json\" class=\"yoast-schema-graph\">{\"@context\":\"https:\\\/\\\/schema.org\",\"@graph\":[{\"@type\":\"WebPage\",\"@id\":\"https:\\\/\\\/craftygenesindonesia.com\\\/pt-br\\\/shop\\\/padroes-de-croche-religiosos\\\/anjo-de-natal-gloriana\\\/\",\"url\":\"https:\\\/\\\/craftygenesindonesia.com\\\/pt-br\\\/shop\\\/padroes-de-croche-religiosos\\\/anjo-de-natal-gloriana\\\/\",\"name\":\"Anjo de Natal Gloriana padr\u00e3o de croch\u00ea - Craftygenesindonesia\",\"isPartOf\":{\"@id\":\"https:\\\/\\\/craftygenesindonesia.com\\\/pt-br\\\/#website\"},\"primaryImageOfPage\":{\"@id\":\"https:\\\/\\\/craftygenesindonesia.com\\\/pt-br\\\/shop\\\/padroes-de-croche-religiosos\\\/anjo-de-natal-gloriana\\\/#primaryimage\"},\"image\":{\"@id\":\"https:\\\/\\\/craftygenesindonesia.com\\\/pt-br\\\/shop\\\/padroes-de-croche-religiosos\\\/anjo-de-natal-gloriana\\\/#primaryimage\"},\"thumbnailUrl\":\"https:\\\/\\\/craftygenesindonesia.com\\\/wp-content\\\/uploads\\\/2024\\\/11\\\/Gloriana-Christmas-Angel.jpg\",\"datePublished\":\"2024-11-29T16:03:43+00:00\",\"dateModified\":\"2026-03-22T22:55:48+00:00\",\"description\":\"Compre aqui o meu padr\u00e3o de croch\u00e9 \u201cGloriana Christmas Angel\u201d. O padr\u00e3o de croch\u00e9 f\u00e1cil tamb\u00e9m est\u00e1 dispon\u00edvel no Etsy, Haked.nl, Ravelry, Payhip.\",\"breadcrumb\":{\"@id\":\"https:\\\/\\\/craftygenesindonesia.com\\\/pt-br\\\/shop\\\/padroes-de-croche-religiosos\\\/anjo-de-natal-gloriana\\\/#breadcrumb\"},\"inLanguage\":\"pt-BR\",\"potentialAction\":[{\"@type\":\"ReadAction\",\"target\":[\"https:\\\/\\\/craftygenesindonesia.com\\\/pt-br\\\/shop\\\/padroes-de-croche-religiosos\\\/anjo-de-natal-gloriana\\\/\"]}]},{\"@type\":\"ImageObject\",\"inLanguage\":\"pt-BR\",\"@id\":\"https:\\\/\\\/craftygenesindonesia.com\\\/pt-br\\\/shop\\\/padroes-de-croche-religiosos\\\/anjo-de-natal-gloriana\\\/#primaryimage\",\"url\":\"https:\\\/\\\/craftygenesindonesia.com\\\/wp-content\\\/uploads\\\/2024\\\/11\\\/Gloriana-Christmas-Angel.jpg\",\"contentUrl\":\"https:\\\/\\\/craftygenesindonesia.com\\\/wp-content\\\/uploads\\\/2024\\\/11\\\/Gloriana-Christmas-Angel.jpg\",\"width\":1080,\"height\":1080,\"caption\":\"Anjo de Natal em croch\u00ea com mini pres\u00e9pio\"},{\"@type\":\"BreadcrumbList\",\"@id\":\"https:\\\/\\\/craftygenesindonesia.com\\\/pt-br\\\/shop\\\/padroes-de-croche-religiosos\\\/anjo-de-natal-gloriana\\\/#breadcrumb\",\"itemListElement\":[{\"@type\":\"ListItem\",\"position\":1,\"name\":\"Home\",\"item\":\"https:\\\/\\\/craftygenesindonesia.com\\\/pt-br\\\/\"},{\"@type\":\"ListItem\",\"position\":2,\"name\":\"Loja de moldes\",\"item\":\"https:\\\/\\\/craftygenesindonesia.com\\\/pt-br\\\/loja-de-moldes\\\/\"},{\"@type\":\"ListItem\",\"position\":3,\"name\":\"Anjo de Natal Gloriana\"}]},{\"@type\":\"WebSite\",\"@id\":\"https:\\\/\\\/craftygenesindonesia.com\\\/pt-br\\\/#website\",\"url\":\"https:\\\/\\\/craftygenesindonesia.com\\\/pt-br\\\/\",\"name\":\"Craftygenesindonesia\",\"description\":\"\",\"publisher\":{\"@id\":\"https:\\\/\\\/craftygenesindonesia.com\\\/pt-br\\\/#organization\"},\"potentialAction\":[{\"@type\":\"SearchAction\",\"target\":{\"@type\":\"EntryPoint\",\"urlTemplate\":\"https:\\\/\\\/craftygenesindonesia.com\\\/pt-br\\\/?s={search_term_string}\"},\"query-input\":{\"@type\":\"PropertyValueSpecification\",\"valueRequired\":true,\"valueName\":\"search_term_string\"}}],\"inLanguage\":\"pt-BR\"},{\"@type\":\"Organization\",\"@id\":\"https:\\\/\\\/craftygenesindonesia.com\\\/pt-br\\\/#organization\",\"name\":\"Craftygenesindonesia\",\"url\":\"https:\\\/\\\/craftygenesindonesia.com\\\/pt-br\\\/\",\"logo\":{\"@type\":\"ImageObject\",\"inLanguage\":\"pt-BR\",\"@id\":\"https:\\\/\\\/craftygenesindonesia.com\\\/pt-br\\\/#\\\/schema\\\/logo\\\/image\\\/\",\"url\":\"https:\\\/\\\/craftygenesindonesia.com\\\/wp-content\\\/uploads\\\/2025\\\/11\\\/cropped-Copy-of-Craftygenesindonesia.jpg\",\"contentUrl\":\"https:\\\/\\\/craftygenesindonesia.com\\\/wp-content\\\/uploads\\\/2025\\\/11\\\/cropped-Copy-of-Craftygenesindonesia.jpg\",\"width\":180,\"height\":60,\"caption\":\"Craftygenesindonesia\"},\"image\":{\"@id\":\"https:\\\/\\\/craftygenesindonesia.com\\\/pt-br\\\/#\\\/schema\\\/logo\\\/image\\\/\"}}]}<\/script>\n<!-- \/ Yoast SEO plugin. -->","yoast_head_json":{"title":"Anjo de Natal Gloriana padr\u00e3o de croch\u00ea - Craftygenesindonesia","description":"Compre aqui o meu padr\u00e3o de croch\u00e9 \u201cGloriana Christmas Angel\u201d. O padr\u00e3o de croch\u00e9 f\u00e1cil tamb\u00e9m est\u00e1 dispon\u00edvel no Etsy, Haked.nl, Ravelry, Payhip.","robots":{"index":"index","follow":"follow","max-snippet":"max-snippet:-1","max-image-preview":"max-image-preview:large","max-video-preview":"max-video-preview:-1"},"canonical":"https:\/\/craftygenesindonesia.com\/pt-br\/shop\/padroes-de-croche-religiosos\/anjo-de-natal-gloriana\/","og_locale":"pt_BR","og_type":"article","og_title":"Anjo de Natal Gloriana - padr\u00e3o de croch\u00ea","og_description":"Compre aqui o meu padr\u00e3o de croch\u00e9 \u201cGloriana Christmas Angel\u201d. O padr\u00e3o de croch\u00e9 f\u00e1cil tamb\u00e9m est\u00e1 dispon\u00edvel no Etsy, Haked.nl, Ravelry, Payhip.","og_url":"https:\/\/craftygenesindonesia.com\/pt-br\/shop\/padroes-de-croche-religiosos\/anjo-de-natal-gloriana\/","og_site_name":"Craftygenesindonesia","article_modified_time":"2026-03-22T22:55:48+00:00","og_image":[{"url":"https:\/\/craftygenesindonesia.com\/wp-content\/uploads\/2024\/11\/Gloriana-Christmas-Angel-300x300.jpg","type":"","width":"","height":""}],"twitter_card":"summary_large_image","twitter_misc":{"Est. tempo de leitura":"2 minutos"},"schema":{"@context":"https:\/\/schema.org","@graph":[{"@type":"WebPage","@id":"https:\/\/craftygenesindonesia.com\/pt-br\/shop\/padroes-de-croche-religiosos\/anjo-de-natal-gloriana\/","url":"https:\/\/craftygenesindonesia.com\/pt-br\/shop\/padroes-de-croche-religiosos\/anjo-de-natal-gloriana\/","name":"Anjo de Natal Gloriana padr\u00e3o de croch\u00ea - Craftygenesindonesia","isPartOf":{"@id":"https:\/\/craftygenesindonesia.com\/pt-br\/#website"},"primaryImageOfPage":{"@id":"https:\/\/craftygenesindonesia.com\/pt-br\/shop\/padroes-de-croche-religiosos\/anjo-de-natal-gloriana\/#primaryimage"},"image":{"@id":"https:\/\/craftygenesindonesia.com\/pt-br\/shop\/padroes-de-croche-religiosos\/anjo-de-natal-gloriana\/#primaryimage"},"thumbnailUrl":"https:\/\/craftygenesindonesia.com\/wp-content\/uploads\/2024\/11\/Gloriana-Christmas-Angel.jpg","datePublished":"2024-11-29T16:03:43+00:00","dateModified":"2026-03-22T22:55:48+00:00","description":"Compre aqui o meu padr\u00e3o de croch\u00e9 \u201cGloriana Christmas Angel\u201d. O padr\u00e3o de croch\u00e9 f\u00e1cil tamb\u00e9m est\u00e1 dispon\u00edvel no Etsy, Haked.nl, Ravelry, Payhip.","breadcrumb":{"@id":"https:\/\/craftygenesindonesia.com\/pt-br\/shop\/padroes-de-croche-religiosos\/anjo-de-natal-gloriana\/#breadcrumb"},"inLanguage":"pt-BR","potentialAction":[{"@type":"ReadAction","target":["https:\/\/craftygenesindonesia.com\/pt-br\/shop\/padroes-de-croche-religiosos\/anjo-de-natal-gloriana\/"]}]},{"@type":"ImageObject","inLanguage":"pt-BR","@id":"https:\/\/craftygenesindonesia.com\/pt-br\/shop\/padroes-de-croche-religiosos\/anjo-de-natal-gloriana\/#primaryimage","url":"https:\/\/craftygenesindonesia.com\/wp-content\/uploads\/2024\/11\/Gloriana-Christmas-Angel.jpg","contentUrl":"https:\/\/craftygenesindonesia.com\/wp-content\/uploads\/2024\/11\/Gloriana-Christmas-Angel.jpg","width":1080,"height":1080,"caption":"Anjo de Natal em croch\u00ea com mini pres\u00e9pio"},{"@type":"BreadcrumbList","@id":"https:\/\/craftygenesindonesia.com\/pt-br\/shop\/padroes-de-croche-religiosos\/anjo-de-natal-gloriana\/#breadcrumb","itemListElement":[{"@type":"ListItem","position":1,"name":"Home","item":"https:\/\/craftygenesindonesia.com\/pt-br\/"},{"@type":"ListItem","position":2,"name":"Loja de moldes","item":"https:\/\/craftygenesindonesia.com\/pt-br\/loja-de-moldes\/"},{"@type":"ListItem","position":3,"name":"Anjo de Natal Gloriana"}]},{"@type":"WebSite","@id":"https:\/\/craftygenesindonesia.com\/pt-br\/#website","url":"https:\/\/craftygenesindonesia.com\/pt-br\/","name":"Craftygenesindonesia","description":"","publisher":{"@id":"https:\/\/craftygenesindonesia.com\/pt-br\/#organization"},"potentialAction":[{"@type":"SearchAction","target":{"@type":"EntryPoint","urlTemplate":"https:\/\/craftygenesindonesia.com\/pt-br\/?s={search_term_string}"},"query-input":{"@type":"PropertyValueSpecification","valueRequired":true,"valueName":"search_term_string"}}],"inLanguage":"pt-BR"},{"@type":"Organization","@id":"https:\/\/craftygenesindonesia.com\/pt-br\/#organization","name":"Craftygenesindonesia","url":"https:\/\/craftygenesindonesia.com\/pt-br\/","logo":{"@type":"ImageObject","inLanguage":"pt-BR","@id":"https:\/\/craftygenesindonesia.com\/pt-br\/#\/schema\/logo\/image\/","url":"https:\/\/craftygenesindonesia.com\/wp-content\/uploads\/2025\/11\/cropped-Copy-of-Craftygenesindonesia.jpg","contentUrl":"https:\/\/craftygenesindonesia.com\/wp-content\/uploads\/2025\/11\/cropped-Copy-of-Craftygenesindonesia.jpg","width":180,"height":60,"caption":"Craftygenesindonesia"},"image":{"@id":"https:\/\/craftygenesindonesia.com\/pt-br\/#\/schema\/logo\/image\/"}}]}},"_links":{"self":[{"href":"https:\/\/craftygenesindonesia.com\/pt-br\/wp-json\/wp\/v2\/product\/987536389","targetHints":{"allow":["GET"]}}],"collection":[{"href":"https:\/\/craftygenesindonesia.com\/pt-br\/wp-json\/wp\/v2\/product"}],"about":[{"href":"https:\/\/craftygenesindonesia.com\/pt-br\/wp-json\/wp\/v2\/types\/product"}],"replies":[{"embeddable":true,"href":"https:\/\/craftygenesindonesia.com\/pt-br\/wp-json\/wp\/v2\/comments?post=987536389"}],"wp:featuredmedia":[{"embeddable":true,"href":"https:\/\/craftygenesindonesia.com\/pt-br\/wp-json\/wp\/v2\/media\/987536384"}],"wp:attachment":[{"href":"https:\/\/craftygenesindonesia.com\/pt-br\/wp-json\/wp\/v2\/media?parent=987536389"}],"wp:term":[{"taxonomy":"product_brand","embeddable":true,"href":"https:\/\/craftygenesindonesia.com\/pt-br\/wp-json\/wp\/v2\/product_brand?post=987536389"},{"taxonomy":"product_cat","embeddable":true,"href":"https:\/\/craftygenesindonesia.com\/pt-br\/wp-json\/wp\/v2\/product_cat?post=987536389"},{"taxonomy":"product_tag","embeddable":true,"href":"https:\/\/craftygenesindonesia.com\/pt-br\/wp-json\/wp\/v2\/product_tag?post=987536389"}],"curies":[{"name":"wp","href":"https:\/\/api.w.org\/{rel}","templated":true}]}}