{"id":987536349,"date":"2025-02-14T16:30:17","date_gmt":"2025-02-14T08:30:17","guid":{"rendered":"https:\/\/craftygenesindonesia.com\/shop\/sem%20categoria\/lola-edicao-aparelho-auditivo\/"},"modified":"2026-03-19T05:35:27","modified_gmt":"2026-03-18T21:35:27","slug":"lola-edicao-aparelho-auditivo","status":"publish","type":"product","link":"https:\/\/craftygenesindonesia.com\/pt-br\/shop\/padroes-de-croche-bonecas-infantis\/lola-edicao-aparelho-auditivo\/","title":{"rendered":"Lola, Edi\u00e7\u00e3o Aparelho Auditivo"},"content":{"rendered":"<p><strong>Tamanho: <\/strong>48 cm\/19 polegadas (incluindo as pernas)<\/p>\n<p>Fio: Fio DK, como Catona Softfun ou fio de algod\u00e3o 4ply milk, nas seguintes cores: <a href=\"https:\/\/haked.nl\/product\/garen-katoen-acryl-mix-scheepjes-softfun-2466-peach\/\" target=\"_blank\" rel=\"noopener\">cor da pele<\/a>, <a href=\"https:\/\/haked.nl\/product\/garen-katoen-acryl-mix-scheepjes-softfun-2412-snow\/\" target=\"_blank\" rel=\"noopener\">branco<\/a>, <a href=\"https:\/\/haked.nl\/product\/garen-katoen-acryl-mix-scheepjes-softfun-2495-hot-pink\/\" target=\"_blank\" rel=\"noopener\">rosa<\/a>, <a href=\"https:\/\/haked.nl\/product\/garen-katoen-acryl-mix-scheepjes-softfun-2636-soft-coral\/\" target=\"_blank\" rel=\"noopener\">salm\u00e3o<\/a>, <a href=\"https:\/\/haked.nl\/product\/garen-katoen-acryl-mix-scheepjes-softfun-2518-canary\/\" target=\"_blank\" rel=\"noopener\">yellow<\/a>, <a href=\"https:\/\/haked.nl\/product\/garen-katoen-acryl-mix-scheepjes-softfun-2654-magenta\/\" target=\"_blank\" rel=\"noopener\">magenta<\/a>, <a href=\"https:\/\/haked.nl\/product\/garen-katoen-acryl-mix-scheepjes-softfun-2410-candy-apple\/\" target=\"_blank\" rel=\"noopener\">vermelho<\/a>, <a href=\"https:\/\/haked.nl\/product\/garen-katoen-acryl-mix-scheepjes-softfun-2408-black\/\" target=\"_blank\" rel=\"noopener\">preto<\/a>, <a href=\"https:\/\/haked.nl\/product\/garen-katoen-acryl-mix-scheepjes-softfun-2621-mustard\/\" target=\"_blank\" rel=\"noopener\">castanho<\/a>, <strong><a href=\"https:\/\/haked.nl\/product\/garen-katoen-acryl-mix-scheepjes-softfun-2629-azure\/\" target=\"_blank\" rel=\"noopener\">azul<\/a><\/strong><\/p>\n<p>&nbsp;<\/p>\n<p><strong>**This doll will be about 10-15% smaller when made with \u201cFINGERING\u201d weight yarn such as Catona, Catania, \u2026<\/strong><\/p>\n<p>&nbsp;<\/p>\n<p><strong>Outros itens necess\u00e1rios: <\/strong>enchimento, tesoura, agulha de tape\u00e7aria, alfinetes de costura, dois olhos de seguran\u00e7a pretos de 14 mm, 1 cavilha\/pauzinho grosso para impedir que a cabe\u00e7a caia.<\/p>\n<p>&nbsp;<\/p>\n<p><strong>Agulha de croch\u00ea:<\/strong> 2,5 mm<\/p>\n<p>&nbsp;<\/p>\n<p>Este padr\u00e3o \u00e9 um padr\u00e3o escrito com muitas imagens para ajud\u00e1-lo. Se tiver alguma d\u00favida, envie-me uma mensagem para: craftygenesindonesia@gmail.com <\/p>\n<p>&nbsp;<\/p>\n<p><strong>-Este padr\u00e3o \u00e9 apenas para uso pessoal e est\u00e1 protegido por direitos autorais. Portanto, o padr\u00e3o N\u00c3O pode ser copiado, vendido, revendido, traduzido, reivindicado como seu design, distribu\u00eddo, compartilhado, publicado ou postado online de qualquer forma sem a minha permiss\u00e3o.  Nem mesmo parte disso!!!<\/strong><\/p>\n<p>&nbsp;<\/p>\n<p><strong>-Voc\u00ea pode vender o produto final em pequenas quantidades, mas n\u00e3o o padr\u00e3o de croch\u00ea em si! Mencione que o padr\u00e3o de croch\u00ea \u00e9 da Craftygenesindonesia e onde ele pode ser adquirido. <\/strong><\/p>\n","protected":false},"excerpt":{"rendered":"<p>Este padr\u00e3o f\u00e1cil de croch\u00ea foi feito em homenagem \u00e0 minha sobrinha. Achei que seria maravilhoso para ela ter uma boneca com aparelhos auditivos, assim como ela. <\/p>\n","protected":false},"featured_media":987536345,"comment_status":"open","ping_status":"closed","template":"","meta":{"_acf_changed":false},"product_brand":[],"product_cat":[13012,13015],"product_tag":[13147,12998,13146,13145,13144],"class_list":{"0":"post-987536349","1":"product","2":"type-product","3":"status-publish","4":"has-post-thumbnail","6":"product_cat-padroes-de-croche-bonecas-infantis","7":"product_cat-padroes-de-croche-bonecas-lola","8":"product_tag-aparelho-auditivo","9":"product_tag-boneca","10":"product_tag-boneca-2","11":"product_tag-boneca-de-croche","12":"product_tag-bonecos-infantis","13":"pa_available_on-craftygenesindonesia","14":"pa_available_on-etsy","15":"pa_available_on-haked-nl","16":"pa_available_on-payhip","17":"pa_available_on-ravelry","18":"pa_languages-alemao","19":"pa_languages-espanhol","20":"pa_languages-frances","21":"pa_languages-holandes","22":"pa_languages-ingles-dos-eua","24":"first","25":"instock","26":"downloadable","27":"virtual","28":"purchasable","29":"product-type-simple"},"acf":[],"yoast_head":"<!-- This site is optimized with the Yoast SEO plugin v27.4 - https:\/\/yoast.com\/product\/yoast-seo-wordpress\/ -->\n<title>Lola, Edi\u00e7\u00e3o Aparelho Auditivo padr\u00e3o de croch\u00ea - Craftygenesindonesia<\/title>\n<meta name=\"description\" content=\"Compre aqui o meu padr\u00e3o de croch\u00e9 \u201cLola, Edi\u00e7\u00e3o Aparelho Auditivo\u201d. O padr\u00e3o de croch\u00e9 f\u00e1cil tamb\u00e9m est\u00e1 dispon\u00edvel no Etsy, Haked.nl, Ravelry, Payhip.\" \/>\n<meta name=\"robots\" content=\"index, follow, max-snippet:-1, max-image-preview:large, max-video-preview:-1\" \/>\n<link rel=\"canonical\" href=\"https:\/\/craftygenesindonesia.com\/pt-br\/shop\/padroes-de-croche-bonecas-infantis\/lola-edicao-aparelho-auditivo\/\" \/>\n<meta property=\"og:locale\" content=\"pt_BR\" \/>\n<meta property=\"og:type\" content=\"article\" \/>\n<meta property=\"og:title\" content=\"Lola, Edi\u00e7\u00e3o Aparelho Auditivo - padr\u00e3o de croch\u00ea\" \/>\n<meta property=\"og:description\" content=\"Compre aqui o meu padr\u00e3o de croch\u00e9 \u201cLola, Edi\u00e7\u00e3o Aparelho Auditivo\u201d. O padr\u00e3o de croch\u00e9 f\u00e1cil tamb\u00e9m est\u00e1 dispon\u00edvel no Etsy, Haked.nl, Ravelry, Payhip.\" \/>\n<meta property=\"og:url\" content=\"https:\/\/craftygenesindonesia.com\/pt-br\/shop\/padroes-de-croche-bonecas-infantis\/lola-edicao-aparelho-auditivo\/\" \/>\n<meta property=\"og:site_name\" content=\"Craftygenesindonesia\" \/>\n<meta property=\"article:modified_time\" content=\"2026-03-18T21:35:27+00:00\" \/>\n<meta property=\"og:image\" content=\"https:\/\/craftygenesindonesia.com\/wp-content\/uploads\/2025\/02\/1-300x300.jpg\" \/>\n<meta name=\"twitter:card\" content=\"summary_large_image\" \/>\n<meta name=\"twitter:label1\" content=\"Est. tempo de leitura\" \/>\n\t<meta name=\"twitter:data1\" content=\"1 minuto\" \/>\n<script type=\"application\/ld+json\" class=\"yoast-schema-graph\">{\"@context\":\"https:\\\/\\\/schema.org\",\"@graph\":[{\"@type\":\"WebPage\",\"@id\":\"https:\\\/\\\/craftygenesindonesia.com\\\/pt-br\\\/shop\\\/padroes-de-croche-bonecas-infantis\\\/lola-edicao-aparelho-auditivo\\\/\",\"url\":\"https:\\\/\\\/craftygenesindonesia.com\\\/pt-br\\\/shop\\\/padroes-de-croche-bonecas-infantis\\\/lola-edicao-aparelho-auditivo\\\/\",\"name\":\"Lola, Edi\u00e7\u00e3o Aparelho Auditivo padr\u00e3o de croch\u00ea - Craftygenesindonesia\",\"isPartOf\":{\"@id\":\"https:\\\/\\\/craftygenesindonesia.com\\\/pt-br\\\/#website\"},\"primaryImageOfPage\":{\"@id\":\"https:\\\/\\\/craftygenesindonesia.com\\\/pt-br\\\/shop\\\/padroes-de-croche-bonecas-infantis\\\/lola-edicao-aparelho-auditivo\\\/#primaryimage\"},\"image\":{\"@id\":\"https:\\\/\\\/craftygenesindonesia.com\\\/pt-br\\\/shop\\\/padroes-de-croche-bonecas-infantis\\\/lola-edicao-aparelho-auditivo\\\/#primaryimage\"},\"thumbnailUrl\":\"https:\\\/\\\/craftygenesindonesia.com\\\/wp-content\\\/uploads\\\/2025\\\/02\\\/1.jpg\",\"datePublished\":\"2025-02-14T08:30:17+00:00\",\"dateModified\":\"2026-03-18T21:35:27+00:00\",\"description\":\"Compre aqui o meu padr\u00e3o de croch\u00e9 \u201cLola, Edi\u00e7\u00e3o Aparelho Auditivo\u201d. O padr\u00e3o de croch\u00e9 f\u00e1cil tamb\u00e9m est\u00e1 dispon\u00edvel no Etsy, Haked.nl, Ravelry, Payhip.\",\"breadcrumb\":{\"@id\":\"https:\\\/\\\/craftygenesindonesia.com\\\/pt-br\\\/shop\\\/padroes-de-croche-bonecas-infantis\\\/lola-edicao-aparelho-auditivo\\\/#breadcrumb\"},\"inLanguage\":\"pt-BR\",\"potentialAction\":[{\"@type\":\"ReadAction\",\"target\":[\"https:\\\/\\\/craftygenesindonesia.com\\\/pt-br\\\/shop\\\/padroes-de-croche-bonecas-infantis\\\/lola-edicao-aparelho-auditivo\\\/\"]}]},{\"@type\":\"ImageObject\",\"inLanguage\":\"pt-BR\",\"@id\":\"https:\\\/\\\/craftygenesindonesia.com\\\/pt-br\\\/shop\\\/padroes-de-croche-bonecas-infantis\\\/lola-edicao-aparelho-auditivo\\\/#primaryimage\",\"url\":\"https:\\\/\\\/craftygenesindonesia.com\\\/wp-content\\\/uploads\\\/2025\\\/02\\\/1.jpg\",\"contentUrl\":\"https:\\\/\\\/craftygenesindonesia.com\\\/wp-content\\\/uploads\\\/2025\\\/02\\\/1.jpg\",\"width\":1080,\"height\":1080,\"caption\":\"boneca de croch\u00ea vestindo um vestido rosa e aparelhos auditivos\"},{\"@type\":\"BreadcrumbList\",\"@id\":\"https:\\\/\\\/craftygenesindonesia.com\\\/pt-br\\\/shop\\\/padroes-de-croche-bonecas-infantis\\\/lola-edicao-aparelho-auditivo\\\/#breadcrumb\",\"itemListElement\":[{\"@type\":\"ListItem\",\"position\":1,\"name\":\"Home\",\"item\":\"https:\\\/\\\/craftygenesindonesia.com\\\/pt-br\\\/\"},{\"@type\":\"ListItem\",\"position\":2,\"name\":\"Loja de moldes\",\"item\":\"https:\\\/\\\/craftygenesindonesia.com\\\/pt-br\\\/loja-de-moldes\\\/\"},{\"@type\":\"ListItem\",\"position\":3,\"name\":\"Lola, Edi\u00e7\u00e3o Aparelho Auditivo\"}]},{\"@type\":\"WebSite\",\"@id\":\"https:\\\/\\\/craftygenesindonesia.com\\\/pt-br\\\/#website\",\"url\":\"https:\\\/\\\/craftygenesindonesia.com\\\/pt-br\\\/\",\"name\":\"Craftygenesindonesia\",\"description\":\"\",\"publisher\":{\"@id\":\"https:\\\/\\\/craftygenesindonesia.com\\\/pt-br\\\/#organization\"},\"potentialAction\":[{\"@type\":\"SearchAction\",\"target\":{\"@type\":\"EntryPoint\",\"urlTemplate\":\"https:\\\/\\\/craftygenesindonesia.com\\\/pt-br\\\/?s={search_term_string}\"},\"query-input\":{\"@type\":\"PropertyValueSpecification\",\"valueRequired\":true,\"valueName\":\"search_term_string\"}}],\"inLanguage\":\"pt-BR\"},{\"@type\":\"Organization\",\"@id\":\"https:\\\/\\\/craftygenesindonesia.com\\\/pt-br\\\/#organization\",\"name\":\"Craftygenesindonesia\",\"url\":\"https:\\\/\\\/craftygenesindonesia.com\\\/pt-br\\\/\",\"logo\":{\"@type\":\"ImageObject\",\"inLanguage\":\"pt-BR\",\"@id\":\"https:\\\/\\\/craftygenesindonesia.com\\\/pt-br\\\/#\\\/schema\\\/logo\\\/image\\\/\",\"url\":\"https:\\\/\\\/craftygenesindonesia.com\\\/wp-content\\\/uploads\\\/2025\\\/11\\\/cropped-Copy-of-Craftygenesindonesia.jpg\",\"contentUrl\":\"https:\\\/\\\/craftygenesindonesia.com\\\/wp-content\\\/uploads\\\/2025\\\/11\\\/cropped-Copy-of-Craftygenesindonesia.jpg\",\"width\":180,\"height\":60,\"caption\":\"Craftygenesindonesia\"},\"image\":{\"@id\":\"https:\\\/\\\/craftygenesindonesia.com\\\/pt-br\\\/#\\\/schema\\\/logo\\\/image\\\/\"}}]}<\/script>\n<!-- \/ Yoast SEO plugin. -->","yoast_head_json":{"title":"Lola, Edi\u00e7\u00e3o Aparelho Auditivo padr\u00e3o de croch\u00ea - Craftygenesindonesia","description":"Compre aqui o meu padr\u00e3o de croch\u00e9 \u201cLola, Edi\u00e7\u00e3o Aparelho Auditivo\u201d. O padr\u00e3o de croch\u00e9 f\u00e1cil tamb\u00e9m est\u00e1 dispon\u00edvel no Etsy, Haked.nl, Ravelry, Payhip.","robots":{"index":"index","follow":"follow","max-snippet":"max-snippet:-1","max-image-preview":"max-image-preview:large","max-video-preview":"max-video-preview:-1"},"canonical":"https:\/\/craftygenesindonesia.com\/pt-br\/shop\/padroes-de-croche-bonecas-infantis\/lola-edicao-aparelho-auditivo\/","og_locale":"pt_BR","og_type":"article","og_title":"Lola, Edi\u00e7\u00e3o Aparelho Auditivo - padr\u00e3o de croch\u00ea","og_description":"Compre aqui o meu padr\u00e3o de croch\u00e9 \u201cLola, Edi\u00e7\u00e3o Aparelho Auditivo\u201d. O padr\u00e3o de croch\u00e9 f\u00e1cil tamb\u00e9m est\u00e1 dispon\u00edvel no Etsy, Haked.nl, Ravelry, Payhip.","og_url":"https:\/\/craftygenesindonesia.com\/pt-br\/shop\/padroes-de-croche-bonecas-infantis\/lola-edicao-aparelho-auditivo\/","og_site_name":"Craftygenesindonesia","article_modified_time":"2026-03-18T21:35:27+00:00","og_image":[{"url":"https:\/\/craftygenesindonesia.com\/wp-content\/uploads\/2025\/02\/1-300x300.jpg","type":"","width":"","height":""}],"twitter_card":"summary_large_image","twitter_misc":{"Est. tempo de leitura":"1 minuto"},"schema":{"@context":"https:\/\/schema.org","@graph":[{"@type":"WebPage","@id":"https:\/\/craftygenesindonesia.com\/pt-br\/shop\/padroes-de-croche-bonecas-infantis\/lola-edicao-aparelho-auditivo\/","url":"https:\/\/craftygenesindonesia.com\/pt-br\/shop\/padroes-de-croche-bonecas-infantis\/lola-edicao-aparelho-auditivo\/","name":"Lola, Edi\u00e7\u00e3o Aparelho Auditivo padr\u00e3o de croch\u00ea - Craftygenesindonesia","isPartOf":{"@id":"https:\/\/craftygenesindonesia.com\/pt-br\/#website"},"primaryImageOfPage":{"@id":"https:\/\/craftygenesindonesia.com\/pt-br\/shop\/padroes-de-croche-bonecas-infantis\/lola-edicao-aparelho-auditivo\/#primaryimage"},"image":{"@id":"https:\/\/craftygenesindonesia.com\/pt-br\/shop\/padroes-de-croche-bonecas-infantis\/lola-edicao-aparelho-auditivo\/#primaryimage"},"thumbnailUrl":"https:\/\/craftygenesindonesia.com\/wp-content\/uploads\/2025\/02\/1.jpg","datePublished":"2025-02-14T08:30:17+00:00","dateModified":"2026-03-18T21:35:27+00:00","description":"Compre aqui o meu padr\u00e3o de croch\u00e9 \u201cLola, Edi\u00e7\u00e3o Aparelho Auditivo\u201d. O padr\u00e3o de croch\u00e9 f\u00e1cil tamb\u00e9m est\u00e1 dispon\u00edvel no Etsy, Haked.nl, Ravelry, Payhip.","breadcrumb":{"@id":"https:\/\/craftygenesindonesia.com\/pt-br\/shop\/padroes-de-croche-bonecas-infantis\/lola-edicao-aparelho-auditivo\/#breadcrumb"},"inLanguage":"pt-BR","potentialAction":[{"@type":"ReadAction","target":["https:\/\/craftygenesindonesia.com\/pt-br\/shop\/padroes-de-croche-bonecas-infantis\/lola-edicao-aparelho-auditivo\/"]}]},{"@type":"ImageObject","inLanguage":"pt-BR","@id":"https:\/\/craftygenesindonesia.com\/pt-br\/shop\/padroes-de-croche-bonecas-infantis\/lola-edicao-aparelho-auditivo\/#primaryimage","url":"https:\/\/craftygenesindonesia.com\/wp-content\/uploads\/2025\/02\/1.jpg","contentUrl":"https:\/\/craftygenesindonesia.com\/wp-content\/uploads\/2025\/02\/1.jpg","width":1080,"height":1080,"caption":"boneca de croch\u00ea vestindo um vestido rosa e aparelhos auditivos"},{"@type":"BreadcrumbList","@id":"https:\/\/craftygenesindonesia.com\/pt-br\/shop\/padroes-de-croche-bonecas-infantis\/lola-edicao-aparelho-auditivo\/#breadcrumb","itemListElement":[{"@type":"ListItem","position":1,"name":"Home","item":"https:\/\/craftygenesindonesia.com\/pt-br\/"},{"@type":"ListItem","position":2,"name":"Loja de moldes","item":"https:\/\/craftygenesindonesia.com\/pt-br\/loja-de-moldes\/"},{"@type":"ListItem","position":3,"name":"Lola, Edi\u00e7\u00e3o Aparelho Auditivo"}]},{"@type":"WebSite","@id":"https:\/\/craftygenesindonesia.com\/pt-br\/#website","url":"https:\/\/craftygenesindonesia.com\/pt-br\/","name":"Craftygenesindonesia","description":"","publisher":{"@id":"https:\/\/craftygenesindonesia.com\/pt-br\/#organization"},"potentialAction":[{"@type":"SearchAction","target":{"@type":"EntryPoint","urlTemplate":"https:\/\/craftygenesindonesia.com\/pt-br\/?s={search_term_string}"},"query-input":{"@type":"PropertyValueSpecification","valueRequired":true,"valueName":"search_term_string"}}],"inLanguage":"pt-BR"},{"@type":"Organization","@id":"https:\/\/craftygenesindonesia.com\/pt-br\/#organization","name":"Craftygenesindonesia","url":"https:\/\/craftygenesindonesia.com\/pt-br\/","logo":{"@type":"ImageObject","inLanguage":"pt-BR","@id":"https:\/\/craftygenesindonesia.com\/pt-br\/#\/schema\/logo\/image\/","url":"https:\/\/craftygenesindonesia.com\/wp-content\/uploads\/2025\/11\/cropped-Copy-of-Craftygenesindonesia.jpg","contentUrl":"https:\/\/craftygenesindonesia.com\/wp-content\/uploads\/2025\/11\/cropped-Copy-of-Craftygenesindonesia.jpg","width":180,"height":60,"caption":"Craftygenesindonesia"},"image":{"@id":"https:\/\/craftygenesindonesia.com\/pt-br\/#\/schema\/logo\/image\/"}}]}},"_links":{"self":[{"href":"https:\/\/craftygenesindonesia.com\/pt-br\/wp-json\/wp\/v2\/product\/987536349","targetHints":{"allow":["GET"]}}],"collection":[{"href":"https:\/\/craftygenesindonesia.com\/pt-br\/wp-json\/wp\/v2\/product"}],"about":[{"href":"https:\/\/craftygenesindonesia.com\/pt-br\/wp-json\/wp\/v2\/types\/product"}],"replies":[{"embeddable":true,"href":"https:\/\/craftygenesindonesia.com\/pt-br\/wp-json\/wp\/v2\/comments?post=987536349"}],"wp:featuredmedia":[{"embeddable":true,"href":"https:\/\/craftygenesindonesia.com\/pt-br\/wp-json\/wp\/v2\/media\/987536345"}],"wp:attachment":[{"href":"https:\/\/craftygenesindonesia.com\/pt-br\/wp-json\/wp\/v2\/media?parent=987536349"}],"wp:term":[{"taxonomy":"product_brand","embeddable":true,"href":"https:\/\/craftygenesindonesia.com\/pt-br\/wp-json\/wp\/v2\/product_brand?post=987536349"},{"taxonomy":"product_cat","embeddable":true,"href":"https:\/\/craftygenesindonesia.com\/pt-br\/wp-json\/wp\/v2\/product_cat?post=987536349"},{"taxonomy":"product_tag","embeddable":true,"href":"https:\/\/craftygenesindonesia.com\/pt-br\/wp-json\/wp\/v2\/product_tag?post=987536349"}],"curies":[{"name":"wp","href":"https:\/\/api.w.org\/{rel}","templated":true}]}}