{"id":987536300,"date":"2025-05-01T20:48:51","date_gmt":"2025-05-01T12:48:51","guid":{"rendered":"https:\/\/craftygenesindonesia.com\/shop\/sem%20categoria\/nossa-senhora-das-rosas\/"},"modified":"2026-03-18T20:13:28","modified_gmt":"2026-03-18T12:13:28","slug":"nossa-senhora-das-rosas","status":"publish","type":"product","link":"https:\/\/craftygenesindonesia.com\/pt-br\/shop\/padroes-de-croche-religiosos\/nossa-senhora-das-rosas\/","title":{"rendered":"Nossa Senhora das Rosas"},"content":{"rendered":"<p><strong>Tamanho<\/strong>: 25 cm\/10 polegadas (incluindo a aur\u00e9ola)<\/p>\n<p>&nbsp;<\/p>\n<p><strong>Fio<\/strong>: fio de espessura \u201cFINGERING\u201d, como Catona, Catania, etc., nas seguintes cores: cor da pele, fio variegado, rosa, castanho escuro, branco, amarelo claro, preto, rosa escuro.<\/p>\n<p>&nbsp;<\/p>\n<p><strong>Outros itens necess\u00e1rios<\/strong>: enchimento, marcadores de pontos, alfinetes de costura, tesoura, cola, pistola de cola, cartolina de 2 mm, cartolina de 5 mm, agulha de tape\u00e7aria, contas ou joias adesivas 3D (*1), pauzinho (para manter a cabe\u00e7a na vertical), cruz dourada de 25 x 20 cm, contas douradas de 5 mm.<\/p>\n<p>&nbsp;<\/p>\n<p>Agulha de croch\u00ea: 2 mm<\/p>\n<p>&nbsp;<\/p>\n<p>Este padr\u00e3o \u00e9 um padr\u00e3o escrito com muitas imagens para ajud\u00e1-lo. Se tiver alguma d\u00favida, envie-me uma mensagem para: craftygenesindonesia@gmail.com <\/p>\n<p>&nbsp;<\/p>\n<p><strong>-Este padr\u00e3o \u00e9 apenas para uso pessoal e est\u00e1 protegido por direitos autorais. Portanto, o padr\u00e3o N\u00c3O pode ser copiado, vendido, revendido, traduzido, reivindicado como seu design, distribu\u00eddo, compartilhado, publicado ou postado online de qualquer forma sem a minha permiss\u00e3o.  Nem mesmo parte disso!!!<\/strong><\/p>\n","protected":false},"excerpt":{"rendered":"<p>Este \u00e9 um padr\u00e3o f\u00e1cil de croch\u00ea para uma vers\u00e3o simples, mas bonita, de Nossa Senhora das Rosas (Nossa Senhora M\u00edstica). Este padr\u00e3o \u00e9 simplesmente indispens\u00e1vel se voc\u00ea gosta de croch\u00ea e ama a Virgem Maria. <\/p>\n","protected":false},"featured_media":987536296,"comment_status":"open","ping_status":"closed","template":"","meta":{"_acf_changed":false},"product_brand":[],"product_cat":[12982],"product_tag":[13118,12990,12985,13120,13057,13106,12987,13119,12991],"class_list":{"0":"post-987536300","1":"product","2":"type-product","3":"status-publish","4":"has-post-thumbnail","6":"product_cat-padroes-de-croche-religiosos","7":"product_tag-cruz","8":"product_tag-holy-mary","9":"product_tag-maria","10":"product_tag-rosas","11":"product_tag-santa-maria-2","12":"product_tag-santa-maria-3","13":"product_tag-santa-maria","14":"product_tag-senora-rosa-mistica","15":"product_tag-virgem-maria","16":"pa_available_on-craftygenesindonesia","17":"pa_available_on-etsy","18":"pa_available_on-haked-nl","19":"pa_available_on-payhip","20":"pa_available_on-ravelry","21":"pa_languages-alemao","22":"pa_languages-espanhol","23":"pa_languages-frances","24":"pa_languages-holandes","25":"pa_languages-ingles-do-reino-unido","26":"pa_languages-ingles-dos-eua","28":"first","29":"instock","30":"downloadable","31":"virtual","32":"purchasable","33":"product-type-simple"},"acf":[],"yoast_head":"<!-- This site is optimized with the Yoast SEO plugin v27.4 - https:\/\/yoast.com\/product\/yoast-seo-wordpress\/ -->\n<title>Nossa Senhora das Rosas padr\u00e3o de croch\u00ea - Craftygenesindonesia<\/title>\n<meta name=\"description\" content=\"Compre aqui o meu padr\u00e3o de croch\u00e9 \u201cNossa Senhora das Rosas\u201d. O padr\u00e3o de croch\u00e9 f\u00e1cil tamb\u00e9m est\u00e1 dispon\u00edvel no Etsy, Haked.nl e Ravelry.\" \/>\n<meta name=\"robots\" content=\"index, follow, max-snippet:-1, max-image-preview:large, max-video-preview:-1\" \/>\n<link rel=\"canonical\" href=\"https:\/\/craftygenesindonesia.com\/pt-br\/shop\/padroes-de-croche-religiosos\/nossa-senhora-das-rosas\/\" \/>\n<meta property=\"og:locale\" content=\"pt_BR\" \/>\n<meta property=\"og:type\" content=\"article\" \/>\n<meta property=\"og:title\" content=\"&quot;Our Lady of the Roses&quot; crochet pattern\" \/>\n<meta property=\"og:description\" content=\"Compre aqui o meu padr\u00e3o de croch\u00e9 \u201cNossa Senhora das Rosas\u201d. O padr\u00e3o de croch\u00e9 f\u00e1cil tamb\u00e9m est\u00e1 dispon\u00edvel no Etsy, Haked.nl e Ravelry.\" \/>\n<meta property=\"og:url\" content=\"https:\/\/craftygenesindonesia.com\/pt-br\/shop\/padroes-de-croche-religiosos\/nossa-senhora-das-rosas\/\" \/>\n<meta property=\"og:site_name\" content=\"Craftygenesindonesia\" \/>\n<meta property=\"article:modified_time\" content=\"2026-03-18T12:13:28+00:00\" \/>\n<meta property=\"og:image\" content=\"https:\/\/craftygenesindonesia.com\/wp-content\/uploads\/2025\/05\/Our-Lady-of-the-Roses-300x300.jpg\" \/>\n<meta name=\"twitter:card\" content=\"summary_large_image\" \/>\n<meta name=\"twitter:label1\" content=\"Est. tempo de leitura\" \/>\n\t<meta name=\"twitter:data1\" content=\"1 minuto\" \/>\n<script type=\"application\/ld+json\" class=\"yoast-schema-graph\">{\"@context\":\"https:\\\/\\\/schema.org\",\"@graph\":[{\"@type\":\"WebPage\",\"@id\":\"https:\\\/\\\/craftygenesindonesia.com\\\/pt-br\\\/shop\\\/padroes-de-croche-religiosos\\\/nossa-senhora-das-rosas\\\/\",\"url\":\"https:\\\/\\\/craftygenesindonesia.com\\\/pt-br\\\/shop\\\/padroes-de-croche-religiosos\\\/nossa-senhora-das-rosas\\\/\",\"name\":\"Nossa Senhora das Rosas padr\u00e3o de croch\u00ea - Craftygenesindonesia\",\"isPartOf\":{\"@id\":\"https:\\\/\\\/craftygenesindonesia.com\\\/pt-br\\\/#website\"},\"primaryImageOfPage\":{\"@id\":\"https:\\\/\\\/craftygenesindonesia.com\\\/pt-br\\\/shop\\\/padroes-de-croche-religiosos\\\/nossa-senhora-das-rosas\\\/#primaryimage\"},\"image\":{\"@id\":\"https:\\\/\\\/craftygenesindonesia.com\\\/pt-br\\\/shop\\\/padroes-de-croche-religiosos\\\/nossa-senhora-das-rosas\\\/#primaryimage\"},\"thumbnailUrl\":\"https:\\\/\\\/craftygenesindonesia.com\\\/wp-content\\\/uploads\\\/2025\\\/05\\\/Our-Lady-of-the-Roses.jpg\",\"datePublished\":\"2025-05-01T12:48:51+00:00\",\"dateModified\":\"2026-03-18T12:13:28+00:00\",\"description\":\"Compre aqui o meu padr\u00e3o de croch\u00e9 \u201cNossa Senhora das Rosas\u201d. O padr\u00e3o de croch\u00e9 f\u00e1cil tamb\u00e9m est\u00e1 dispon\u00edvel no Etsy, Haked.nl e Ravelry.\",\"breadcrumb\":{\"@id\":\"https:\\\/\\\/craftygenesindonesia.com\\\/pt-br\\\/shop\\\/padroes-de-croche-religiosos\\\/nossa-senhora-das-rosas\\\/#breadcrumb\"},\"inLanguage\":\"pt-BR\",\"potentialAction\":[{\"@type\":\"ReadAction\",\"target\":[\"https:\\\/\\\/craftygenesindonesia.com\\\/pt-br\\\/shop\\\/padroes-de-croche-religiosos\\\/nossa-senhora-das-rosas\\\/\"]}]},{\"@type\":\"ImageObject\",\"inLanguage\":\"pt-BR\",\"@id\":\"https:\\\/\\\/craftygenesindonesia.com\\\/pt-br\\\/shop\\\/padroes-de-croche-religiosos\\\/nossa-senhora-das-rosas\\\/#primaryimage\",\"url\":\"https:\\\/\\\/craftygenesindonesia.com\\\/wp-content\\\/uploads\\\/2025\\\/05\\\/Our-Lady-of-the-Roses.jpg\",\"contentUrl\":\"https:\\\/\\\/craftygenesindonesia.com\\\/wp-content\\\/uploads\\\/2025\\\/05\\\/Our-Lady-of-the-Roses.jpg\",\"width\":1080,\"height\":1080,\"caption\":\"vers\u00e3o em croch\u00ea de Nossa Senhora das Rosas, senhora Rosa M\u00edstica em croch\u00ea\"},{\"@type\":\"BreadcrumbList\",\"@id\":\"https:\\\/\\\/craftygenesindonesia.com\\\/pt-br\\\/shop\\\/padroes-de-croche-religiosos\\\/nossa-senhora-das-rosas\\\/#breadcrumb\",\"itemListElement\":[{\"@type\":\"ListItem\",\"position\":1,\"name\":\"Home\",\"item\":\"https:\\\/\\\/craftygenesindonesia.com\\\/pt-br\\\/\"},{\"@type\":\"ListItem\",\"position\":2,\"name\":\"Loja de moldes\",\"item\":\"https:\\\/\\\/craftygenesindonesia.com\\\/pt-br\\\/loja-de-moldes\\\/\"},{\"@type\":\"ListItem\",\"position\":3,\"name\":\"Nossa Senhora das Rosas\"}]},{\"@type\":\"WebSite\",\"@id\":\"https:\\\/\\\/craftygenesindonesia.com\\\/pt-br\\\/#website\",\"url\":\"https:\\\/\\\/craftygenesindonesia.com\\\/pt-br\\\/\",\"name\":\"Craftygenesindonesia\",\"description\":\"\",\"publisher\":{\"@id\":\"https:\\\/\\\/craftygenesindonesia.com\\\/pt-br\\\/#organization\"},\"potentialAction\":[{\"@type\":\"SearchAction\",\"target\":{\"@type\":\"EntryPoint\",\"urlTemplate\":\"https:\\\/\\\/craftygenesindonesia.com\\\/pt-br\\\/?s={search_term_string}\"},\"query-input\":{\"@type\":\"PropertyValueSpecification\",\"valueRequired\":true,\"valueName\":\"search_term_string\"}}],\"inLanguage\":\"pt-BR\"},{\"@type\":\"Organization\",\"@id\":\"https:\\\/\\\/craftygenesindonesia.com\\\/pt-br\\\/#organization\",\"name\":\"Craftygenesindonesia\",\"url\":\"https:\\\/\\\/craftygenesindonesia.com\\\/pt-br\\\/\",\"logo\":{\"@type\":\"ImageObject\",\"inLanguage\":\"pt-BR\",\"@id\":\"https:\\\/\\\/craftygenesindonesia.com\\\/pt-br\\\/#\\\/schema\\\/logo\\\/image\\\/\",\"url\":\"https:\\\/\\\/craftygenesindonesia.com\\\/wp-content\\\/uploads\\\/2025\\\/11\\\/cropped-Copy-of-Craftygenesindonesia.jpg\",\"contentUrl\":\"https:\\\/\\\/craftygenesindonesia.com\\\/wp-content\\\/uploads\\\/2025\\\/11\\\/cropped-Copy-of-Craftygenesindonesia.jpg\",\"width\":180,\"height\":60,\"caption\":\"Craftygenesindonesia\"},\"image\":{\"@id\":\"https:\\\/\\\/craftygenesindonesia.com\\\/pt-br\\\/#\\\/schema\\\/logo\\\/image\\\/\"}}]}<\/script>\n<!-- \/ Yoast SEO plugin. -->","yoast_head_json":{"title":"Nossa Senhora das Rosas padr\u00e3o de croch\u00ea - Craftygenesindonesia","description":"Compre aqui o meu padr\u00e3o de croch\u00e9 \u201cNossa Senhora das Rosas\u201d. O padr\u00e3o de croch\u00e9 f\u00e1cil tamb\u00e9m est\u00e1 dispon\u00edvel no Etsy, Haked.nl e Ravelry.","robots":{"index":"index","follow":"follow","max-snippet":"max-snippet:-1","max-image-preview":"max-image-preview:large","max-video-preview":"max-video-preview:-1"},"canonical":"https:\/\/craftygenesindonesia.com\/pt-br\/shop\/padroes-de-croche-religiosos\/nossa-senhora-das-rosas\/","og_locale":"pt_BR","og_type":"article","og_title":"\"Our Lady of the Roses\" crochet pattern","og_description":"Compre aqui o meu padr\u00e3o de croch\u00e9 \u201cNossa Senhora das Rosas\u201d. O padr\u00e3o de croch\u00e9 f\u00e1cil tamb\u00e9m est\u00e1 dispon\u00edvel no Etsy, Haked.nl e Ravelry.","og_url":"https:\/\/craftygenesindonesia.com\/pt-br\/shop\/padroes-de-croche-religiosos\/nossa-senhora-das-rosas\/","og_site_name":"Craftygenesindonesia","article_modified_time":"2026-03-18T12:13:28+00:00","og_image":[{"url":"https:\/\/craftygenesindonesia.com\/wp-content\/uploads\/2025\/05\/Our-Lady-of-the-Roses-300x300.jpg","type":"","width":"","height":""}],"twitter_card":"summary_large_image","twitter_misc":{"Est. tempo de leitura":"1 minuto"},"schema":{"@context":"https:\/\/schema.org","@graph":[{"@type":"WebPage","@id":"https:\/\/craftygenesindonesia.com\/pt-br\/shop\/padroes-de-croche-religiosos\/nossa-senhora-das-rosas\/","url":"https:\/\/craftygenesindonesia.com\/pt-br\/shop\/padroes-de-croche-religiosos\/nossa-senhora-das-rosas\/","name":"Nossa Senhora das Rosas padr\u00e3o de croch\u00ea - Craftygenesindonesia","isPartOf":{"@id":"https:\/\/craftygenesindonesia.com\/pt-br\/#website"},"primaryImageOfPage":{"@id":"https:\/\/craftygenesindonesia.com\/pt-br\/shop\/padroes-de-croche-religiosos\/nossa-senhora-das-rosas\/#primaryimage"},"image":{"@id":"https:\/\/craftygenesindonesia.com\/pt-br\/shop\/padroes-de-croche-religiosos\/nossa-senhora-das-rosas\/#primaryimage"},"thumbnailUrl":"https:\/\/craftygenesindonesia.com\/wp-content\/uploads\/2025\/05\/Our-Lady-of-the-Roses.jpg","datePublished":"2025-05-01T12:48:51+00:00","dateModified":"2026-03-18T12:13:28+00:00","description":"Compre aqui o meu padr\u00e3o de croch\u00e9 \u201cNossa Senhora das Rosas\u201d. O padr\u00e3o de croch\u00e9 f\u00e1cil tamb\u00e9m est\u00e1 dispon\u00edvel no Etsy, Haked.nl e Ravelry.","breadcrumb":{"@id":"https:\/\/craftygenesindonesia.com\/pt-br\/shop\/padroes-de-croche-religiosos\/nossa-senhora-das-rosas\/#breadcrumb"},"inLanguage":"pt-BR","potentialAction":[{"@type":"ReadAction","target":["https:\/\/craftygenesindonesia.com\/pt-br\/shop\/padroes-de-croche-religiosos\/nossa-senhora-das-rosas\/"]}]},{"@type":"ImageObject","inLanguage":"pt-BR","@id":"https:\/\/craftygenesindonesia.com\/pt-br\/shop\/padroes-de-croche-religiosos\/nossa-senhora-das-rosas\/#primaryimage","url":"https:\/\/craftygenesindonesia.com\/wp-content\/uploads\/2025\/05\/Our-Lady-of-the-Roses.jpg","contentUrl":"https:\/\/craftygenesindonesia.com\/wp-content\/uploads\/2025\/05\/Our-Lady-of-the-Roses.jpg","width":1080,"height":1080,"caption":"vers\u00e3o em croch\u00ea de Nossa Senhora das Rosas, senhora Rosa M\u00edstica em croch\u00ea"},{"@type":"BreadcrumbList","@id":"https:\/\/craftygenesindonesia.com\/pt-br\/shop\/padroes-de-croche-religiosos\/nossa-senhora-das-rosas\/#breadcrumb","itemListElement":[{"@type":"ListItem","position":1,"name":"Home","item":"https:\/\/craftygenesindonesia.com\/pt-br\/"},{"@type":"ListItem","position":2,"name":"Loja de moldes","item":"https:\/\/craftygenesindonesia.com\/pt-br\/loja-de-moldes\/"},{"@type":"ListItem","position":3,"name":"Nossa Senhora das Rosas"}]},{"@type":"WebSite","@id":"https:\/\/craftygenesindonesia.com\/pt-br\/#website","url":"https:\/\/craftygenesindonesia.com\/pt-br\/","name":"Craftygenesindonesia","description":"","publisher":{"@id":"https:\/\/craftygenesindonesia.com\/pt-br\/#organization"},"potentialAction":[{"@type":"SearchAction","target":{"@type":"EntryPoint","urlTemplate":"https:\/\/craftygenesindonesia.com\/pt-br\/?s={search_term_string}"},"query-input":{"@type":"PropertyValueSpecification","valueRequired":true,"valueName":"search_term_string"}}],"inLanguage":"pt-BR"},{"@type":"Organization","@id":"https:\/\/craftygenesindonesia.com\/pt-br\/#organization","name":"Craftygenesindonesia","url":"https:\/\/craftygenesindonesia.com\/pt-br\/","logo":{"@type":"ImageObject","inLanguage":"pt-BR","@id":"https:\/\/craftygenesindonesia.com\/pt-br\/#\/schema\/logo\/image\/","url":"https:\/\/craftygenesindonesia.com\/wp-content\/uploads\/2025\/11\/cropped-Copy-of-Craftygenesindonesia.jpg","contentUrl":"https:\/\/craftygenesindonesia.com\/wp-content\/uploads\/2025\/11\/cropped-Copy-of-Craftygenesindonesia.jpg","width":180,"height":60,"caption":"Craftygenesindonesia"},"image":{"@id":"https:\/\/craftygenesindonesia.com\/pt-br\/#\/schema\/logo\/image\/"}}]}},"_links":{"self":[{"href":"https:\/\/craftygenesindonesia.com\/pt-br\/wp-json\/wp\/v2\/product\/987536300","targetHints":{"allow":["GET"]}}],"collection":[{"href":"https:\/\/craftygenesindonesia.com\/pt-br\/wp-json\/wp\/v2\/product"}],"about":[{"href":"https:\/\/craftygenesindonesia.com\/pt-br\/wp-json\/wp\/v2\/types\/product"}],"replies":[{"embeddable":true,"href":"https:\/\/craftygenesindonesia.com\/pt-br\/wp-json\/wp\/v2\/comments?post=987536300"}],"wp:featuredmedia":[{"embeddable":true,"href":"https:\/\/craftygenesindonesia.com\/pt-br\/wp-json\/wp\/v2\/media\/987536296"}],"wp:attachment":[{"href":"https:\/\/craftygenesindonesia.com\/pt-br\/wp-json\/wp\/v2\/media?parent=987536300"}],"wp:term":[{"taxonomy":"product_brand","embeddable":true,"href":"https:\/\/craftygenesindonesia.com\/pt-br\/wp-json\/wp\/v2\/product_brand?post=987536300"},{"taxonomy":"product_cat","embeddable":true,"href":"https:\/\/craftygenesindonesia.com\/pt-br\/wp-json\/wp\/v2\/product_cat?post=987536300"},{"taxonomy":"product_tag","embeddable":true,"href":"https:\/\/craftygenesindonesia.com\/pt-br\/wp-json\/wp\/v2\/product_tag?post=987536300"}],"curies":[{"name":"wp","href":"https:\/\/api.w.org\/{rel}","templated":true}]}}