{"id":987536290,"date":"2025-06-10T19:09:09","date_gmt":"2025-06-10T11:09:09","guid":{"rendered":"https:\/\/craftygenesindonesia.com\/shop\/sem%20categoria\/o-relogio-da-vovo\/"},"modified":"2026-03-18T19:46:07","modified_gmt":"2026-03-18T11:46:07","slug":"o-relogio-da-vovo","status":"publish","type":"product","link":"https:\/\/craftygenesindonesia.com\/pt-br\/shop\/padroes-de-croche-3d\/o-relogio-da-vovo\/","title":{"rendered":"O Rel\u00f3gio da Vov\u00f3"},"content":{"rendered":"<p>Tamanho: 62x44x20cm\/ 24.5&#215;17.5x8inch<\/p>\n<p>Fio: Fios finos, como Catona, Catania, etc., nas seguintes cores: castanho escuro, caf\u00e9 com leite, castanho<\/p>\n<p>Outros materiais necess\u00e1rios: cart\u00e3o R\u00cdGIDO de 2 mm, cart\u00e3o de 8 mm, feltro (a cor n\u00e3o importa), enchimento, marcadores de pontos, tesoura, l\u00e1pis, r\u00e9gua, cola, pistola de cola, mecanismo de rel\u00f3gio (*1), pilha para o mecanismo de rel\u00f3gio, dobradi\u00e7a que n\u00e3o seja mais alta do que o seu dedo anelar (*2), \u00edman (*3), n\u00fameros de rel\u00f3gio de 15 mm, fio de alum\u00ednio de 4 mm.<\/p>\n<p>Agulha de croch\u00ea: 2 mm<\/p>\n<p>Este padr\u00e3o \u00e9 um padr\u00e3o escrito (digital) com muitas imagens para o ajudar.<span class=\"Apple-converted-space\">  <\/span>Se voc\u00ea tiver d\u00favidas sobre o padr\u00e3o, envie um e-mail para <a href=\"mailto:craftygenesindonesia@gmail.com\">craftygenesindonesia@gmail.com<\/a><\/p>\n<p>Este padr\u00e3o digital de croch\u00ea \u00e9 apenas para uso pessoal e est\u00e1 protegido por direitos autorais.<span class=\"Apple-converted-space\">  <\/span>Portanto, voc\u00ea n\u00e3o pode copiar, vender, revender, traduzir, reivindicar como seu pr\u00f3prio design, distribuir, compartilhar, publicar, postar apenas, &#8230; de qualquer forma ou meio sem a minha permiss\u00e3o.<span class=\"Apple-converted-space\">  <\/span>Nem mesmo uma parte disso!<\/p>\n<p>Voc\u00ea pode vender o produto ou item acabado, em pequenas quantidades, mas n\u00e3o pode vender o padr\u00e3o de croch\u00ea em si!<span class=\"Apple-converted-space\">  <\/span>Mencione que o padr\u00e3o de croch\u00ea \u00e9 da minha autoria, Craftygenesindonesia, e onde pode ser adquirido.<\/p>\n","protected":false},"excerpt":{"rendered":"<p>Este \u00e9 um padr\u00e3o f\u00e1cil de croch\u00ea para um rel\u00f3gio de p\u00e9 antigo, do tipo \u201crel\u00f3gio da vov\u00f3\u201d, que realmente funciona com um mecanismo de rel\u00f3gio e uma bateria! Fiz este porque sempre quis ter um e porque ele me lembra os m\u00f3veis que meus av\u00f3s tinham. <\/p>\n<p>O rel\u00f3gio parece dif\u00edcil de fazer, mas posso garantir que n\u00e3o \u00e9 nada dif\u00edcil. Basicamente, \u00e9 s\u00f3 fazer croch\u00ea para frente e para tr\u00e1s e em c\u00edrculo. Este rel\u00f3gio parece muito mais dif\u00edcil do que realmente \u00e9. \u00c9 muito trabalhoso, como voc\u00ea pode ver, mas vale muito a pena o seu tempo.   <\/p>\n","protected":false},"featured_media":987536284,"comment_status":"open","ping_status":"closed","template":"","meta":{"_acf_changed":false},"product_brand":[],"product_cat":[13003],"product_tag":[13115,13639,13113,13117,13112,13114,13116],"class_list":{"0":"post-987536290","1":"product","2":"type-product","3":"status-publish","4":"has-post-thumbnail","6":"product_cat-padroes-de-croche-3d","7":"product_tag-antigo","8":"product_tag-antigo-2","9":"product_tag-avo","10":"product_tag-numero","11":"product_tag-relogio","12":"product_tag-relogio-antigo","13":"product_tag-relogio-de-pe","14":"pa_available_on-craftygenesindonesia","15":"pa_available_on-etsy","16":"pa_available_on-haked-nl","17":"pa_available_on-payhip","18":"pa_available_on-ravelry","19":"pa_languages-alemao","20":"pa_languages-espanhol","21":"pa_languages-frances","22":"pa_languages-holandes","23":"pa_languages-ingles-dos-eua","25":"first","26":"instock","27":"downloadable","28":"virtual","29":"purchasable","30":"product-type-simple"},"acf":[],"yoast_head":"<!-- This site is optimized with the Yoast SEO plugin v27.4 - https:\/\/yoast.com\/product\/yoast-seo-wordpress\/ -->\n<title>O Rel\u00f3gio da Vov\u00f3 padr\u00e3o de croch\u00ea - Craftygenesindonesia<\/title>\n<meta name=\"description\" content=\"Compre aqui o meu padr\u00e3o de croch\u00e9 \u201cGrandma&#039;s Clock\u201d (Rel\u00f3gio da Av\u00f3). O padr\u00e3o de croch\u00e9 f\u00e1cil tamb\u00e9m est\u00e1 dispon\u00edvel no Etsy, Haked.nl e Ravelry.\" \/>\n<meta name=\"robots\" content=\"index, follow, max-snippet:-1, max-image-preview:large, max-video-preview:-1\" \/>\n<link rel=\"canonical\" href=\"https:\/\/craftygenesindonesia.com\/pt-br\/shop\/padroes-de-croche-3d\/o-relogio-da-vovo\/\" \/>\n<meta property=\"og:locale\" content=\"pt_BR\" \/>\n<meta property=\"og:type\" content=\"article\" \/>\n<meta property=\"og:title\" content=\"Rel\u00f3gio da av\u00f3 - padr\u00e3o de croch\u00ea\" \/>\n<meta property=\"og:description\" content=\"Compre aqui o meu padr\u00e3o de croch\u00e9 \u201cGrandma&#039;s Clock\u201d (Rel\u00f3gio da Av\u00f3). O padr\u00e3o de croch\u00e9 f\u00e1cil tamb\u00e9m est\u00e1 dispon\u00edvel no Etsy, Haked.nl e Ravelry.\" \/>\n<meta property=\"og:url\" content=\"https:\/\/craftygenesindonesia.com\/pt-br\/shop\/padroes-de-croche-3d\/o-relogio-da-vovo\/\" \/>\n<meta property=\"og:site_name\" content=\"Craftygenesindonesia\" \/>\n<meta property=\"article:modified_time\" content=\"2026-03-18T11:46:07+00:00\" \/>\n<meta property=\"og:image\" content=\"https:\/\/craftygenesindonesia.com\/wp-content\/uploads\/2025\/06\/Untitled-design-1-300x300.jpg\" \/>\n<meta name=\"twitter:card\" content=\"summary_large_image\" \/>\n<meta name=\"twitter:label1\" content=\"Est. tempo de leitura\" \/>\n\t<meta name=\"twitter:data1\" content=\"2 minutos\" \/>\n<script type=\"application\/ld+json\" class=\"yoast-schema-graph\">{\"@context\":\"https:\\\/\\\/schema.org\",\"@graph\":[{\"@type\":\"WebPage\",\"@id\":\"https:\\\/\\\/craftygenesindonesia.com\\\/pt-br\\\/shop\\\/padroes-de-croche-3d\\\/o-relogio-da-vovo\\\/\",\"url\":\"https:\\\/\\\/craftygenesindonesia.com\\\/pt-br\\\/shop\\\/padroes-de-croche-3d\\\/o-relogio-da-vovo\\\/\",\"name\":\"O Rel\u00f3gio da Vov\u00f3 padr\u00e3o de croch\u00ea - Craftygenesindonesia\",\"isPartOf\":{\"@id\":\"https:\\\/\\\/craftygenesindonesia.com\\\/pt-br\\\/#website\"},\"primaryImageOfPage\":{\"@id\":\"https:\\\/\\\/craftygenesindonesia.com\\\/pt-br\\\/shop\\\/padroes-de-croche-3d\\\/o-relogio-da-vovo\\\/#primaryimage\"},\"image\":{\"@id\":\"https:\\\/\\\/craftygenesindonesia.com\\\/pt-br\\\/shop\\\/padroes-de-croche-3d\\\/o-relogio-da-vovo\\\/#primaryimage\"},\"thumbnailUrl\":\"https:\\\/\\\/craftygenesindonesia.com\\\/wp-content\\\/uploads\\\/2025\\\/06\\\/Untitled-design-1.jpg\",\"datePublished\":\"2025-06-10T11:09:09+00:00\",\"dateModified\":\"2026-03-18T11:46:07+00:00\",\"description\":\"Compre aqui o meu padr\u00e3o de croch\u00e9 \u201cGrandma's Clock\u201d (Rel\u00f3gio da Av\u00f3). O padr\u00e3o de croch\u00e9 f\u00e1cil tamb\u00e9m est\u00e1 dispon\u00edvel no Etsy, Haked.nl e Ravelry.\",\"breadcrumb\":{\"@id\":\"https:\\\/\\\/craftygenesindonesia.com\\\/pt-br\\\/shop\\\/padroes-de-croche-3d\\\/o-relogio-da-vovo\\\/#breadcrumb\"},\"inLanguage\":\"pt-BR\",\"potentialAction\":[{\"@type\":\"ReadAction\",\"target\":[\"https:\\\/\\\/craftygenesindonesia.com\\\/pt-br\\\/shop\\\/padroes-de-croche-3d\\\/o-relogio-da-vovo\\\/\"]}]},{\"@type\":\"ImageObject\",\"inLanguage\":\"pt-BR\",\"@id\":\"https:\\\/\\\/craftygenesindonesia.com\\\/pt-br\\\/shop\\\/padroes-de-croche-3d\\\/o-relogio-da-vovo\\\/#primaryimage\",\"url\":\"https:\\\/\\\/craftygenesindonesia.com\\\/wp-content\\\/uploads\\\/2025\\\/06\\\/Untitled-design-1.jpg\",\"contentUrl\":\"https:\\\/\\\/craftygenesindonesia.com\\\/wp-content\\\/uploads\\\/2025\\\/06\\\/Untitled-design-1.jpg\",\"width\":1080,\"height\":1080,\"caption\":\"crochet version of an antique standing clock\"},{\"@type\":\"BreadcrumbList\",\"@id\":\"https:\\\/\\\/craftygenesindonesia.com\\\/pt-br\\\/shop\\\/padroes-de-croche-3d\\\/o-relogio-da-vovo\\\/#breadcrumb\",\"itemListElement\":[{\"@type\":\"ListItem\",\"position\":1,\"name\":\"Home\",\"item\":\"https:\\\/\\\/craftygenesindonesia.com\\\/pt-br\\\/\"},{\"@type\":\"ListItem\",\"position\":2,\"name\":\"Loja de moldes\",\"item\":\"https:\\\/\\\/craftygenesindonesia.com\\\/pt-br\\\/loja-de-moldes\\\/\"},{\"@type\":\"ListItem\",\"position\":3,\"name\":\"O Rel\u00f3gio da Vov\u00f3\"}]},{\"@type\":\"WebSite\",\"@id\":\"https:\\\/\\\/craftygenesindonesia.com\\\/pt-br\\\/#website\",\"url\":\"https:\\\/\\\/craftygenesindonesia.com\\\/pt-br\\\/\",\"name\":\"Craftygenesindonesia\",\"description\":\"\",\"publisher\":{\"@id\":\"https:\\\/\\\/craftygenesindonesia.com\\\/pt-br\\\/#organization\"},\"potentialAction\":[{\"@type\":\"SearchAction\",\"target\":{\"@type\":\"EntryPoint\",\"urlTemplate\":\"https:\\\/\\\/craftygenesindonesia.com\\\/pt-br\\\/?s={search_term_string}\"},\"query-input\":{\"@type\":\"PropertyValueSpecification\",\"valueRequired\":true,\"valueName\":\"search_term_string\"}}],\"inLanguage\":\"pt-BR\"},{\"@type\":\"Organization\",\"@id\":\"https:\\\/\\\/craftygenesindonesia.com\\\/pt-br\\\/#organization\",\"name\":\"Craftygenesindonesia\",\"url\":\"https:\\\/\\\/craftygenesindonesia.com\\\/pt-br\\\/\",\"logo\":{\"@type\":\"ImageObject\",\"inLanguage\":\"pt-BR\",\"@id\":\"https:\\\/\\\/craftygenesindonesia.com\\\/pt-br\\\/#\\\/schema\\\/logo\\\/image\\\/\",\"url\":\"https:\\\/\\\/craftygenesindonesia.com\\\/wp-content\\\/uploads\\\/2025\\\/11\\\/cropped-Copy-of-Craftygenesindonesia.jpg\",\"contentUrl\":\"https:\\\/\\\/craftygenesindonesia.com\\\/wp-content\\\/uploads\\\/2025\\\/11\\\/cropped-Copy-of-Craftygenesindonesia.jpg\",\"width\":180,\"height\":60,\"caption\":\"Craftygenesindonesia\"},\"image\":{\"@id\":\"https:\\\/\\\/craftygenesindonesia.com\\\/pt-br\\\/#\\\/schema\\\/logo\\\/image\\\/\"}}]}<\/script>\n<!-- \/ Yoast SEO plugin. -->","yoast_head_json":{"title":"O Rel\u00f3gio da Vov\u00f3 padr\u00e3o de croch\u00ea - Craftygenesindonesia","description":"Compre aqui o meu padr\u00e3o de croch\u00e9 \u201cGrandma's Clock\u201d (Rel\u00f3gio da Av\u00f3). O padr\u00e3o de croch\u00e9 f\u00e1cil tamb\u00e9m est\u00e1 dispon\u00edvel no Etsy, Haked.nl e Ravelry.","robots":{"index":"index","follow":"follow","max-snippet":"max-snippet:-1","max-image-preview":"max-image-preview:large","max-video-preview":"max-video-preview:-1"},"canonical":"https:\/\/craftygenesindonesia.com\/pt-br\/shop\/padroes-de-croche-3d\/o-relogio-da-vovo\/","og_locale":"pt_BR","og_type":"article","og_title":"Rel\u00f3gio da av\u00f3 - padr\u00e3o de croch\u00ea","og_description":"Compre aqui o meu padr\u00e3o de croch\u00e9 \u201cGrandma's Clock\u201d (Rel\u00f3gio da Av\u00f3). O padr\u00e3o de croch\u00e9 f\u00e1cil tamb\u00e9m est\u00e1 dispon\u00edvel no Etsy, Haked.nl e Ravelry.","og_url":"https:\/\/craftygenesindonesia.com\/pt-br\/shop\/padroes-de-croche-3d\/o-relogio-da-vovo\/","og_site_name":"Craftygenesindonesia","article_modified_time":"2026-03-18T11:46:07+00:00","og_image":[{"url":"https:\/\/craftygenesindonesia.com\/wp-content\/uploads\/2025\/06\/Untitled-design-1-300x300.jpg","type":"","width":"","height":""}],"twitter_card":"summary_large_image","twitter_misc":{"Est. tempo de leitura":"2 minutos"},"schema":{"@context":"https:\/\/schema.org","@graph":[{"@type":"WebPage","@id":"https:\/\/craftygenesindonesia.com\/pt-br\/shop\/padroes-de-croche-3d\/o-relogio-da-vovo\/","url":"https:\/\/craftygenesindonesia.com\/pt-br\/shop\/padroes-de-croche-3d\/o-relogio-da-vovo\/","name":"O Rel\u00f3gio da Vov\u00f3 padr\u00e3o de croch\u00ea - Craftygenesindonesia","isPartOf":{"@id":"https:\/\/craftygenesindonesia.com\/pt-br\/#website"},"primaryImageOfPage":{"@id":"https:\/\/craftygenesindonesia.com\/pt-br\/shop\/padroes-de-croche-3d\/o-relogio-da-vovo\/#primaryimage"},"image":{"@id":"https:\/\/craftygenesindonesia.com\/pt-br\/shop\/padroes-de-croche-3d\/o-relogio-da-vovo\/#primaryimage"},"thumbnailUrl":"https:\/\/craftygenesindonesia.com\/wp-content\/uploads\/2025\/06\/Untitled-design-1.jpg","datePublished":"2025-06-10T11:09:09+00:00","dateModified":"2026-03-18T11:46:07+00:00","description":"Compre aqui o meu padr\u00e3o de croch\u00e9 \u201cGrandma's Clock\u201d (Rel\u00f3gio da Av\u00f3). O padr\u00e3o de croch\u00e9 f\u00e1cil tamb\u00e9m est\u00e1 dispon\u00edvel no Etsy, Haked.nl e Ravelry.","breadcrumb":{"@id":"https:\/\/craftygenesindonesia.com\/pt-br\/shop\/padroes-de-croche-3d\/o-relogio-da-vovo\/#breadcrumb"},"inLanguage":"pt-BR","potentialAction":[{"@type":"ReadAction","target":["https:\/\/craftygenesindonesia.com\/pt-br\/shop\/padroes-de-croche-3d\/o-relogio-da-vovo\/"]}]},{"@type":"ImageObject","inLanguage":"pt-BR","@id":"https:\/\/craftygenesindonesia.com\/pt-br\/shop\/padroes-de-croche-3d\/o-relogio-da-vovo\/#primaryimage","url":"https:\/\/craftygenesindonesia.com\/wp-content\/uploads\/2025\/06\/Untitled-design-1.jpg","contentUrl":"https:\/\/craftygenesindonesia.com\/wp-content\/uploads\/2025\/06\/Untitled-design-1.jpg","width":1080,"height":1080,"caption":"crochet version of an antique standing clock"},{"@type":"BreadcrumbList","@id":"https:\/\/craftygenesindonesia.com\/pt-br\/shop\/padroes-de-croche-3d\/o-relogio-da-vovo\/#breadcrumb","itemListElement":[{"@type":"ListItem","position":1,"name":"Home","item":"https:\/\/craftygenesindonesia.com\/pt-br\/"},{"@type":"ListItem","position":2,"name":"Loja de moldes","item":"https:\/\/craftygenesindonesia.com\/pt-br\/loja-de-moldes\/"},{"@type":"ListItem","position":3,"name":"O Rel\u00f3gio da Vov\u00f3"}]},{"@type":"WebSite","@id":"https:\/\/craftygenesindonesia.com\/pt-br\/#website","url":"https:\/\/craftygenesindonesia.com\/pt-br\/","name":"Craftygenesindonesia","description":"","publisher":{"@id":"https:\/\/craftygenesindonesia.com\/pt-br\/#organization"},"potentialAction":[{"@type":"SearchAction","target":{"@type":"EntryPoint","urlTemplate":"https:\/\/craftygenesindonesia.com\/pt-br\/?s={search_term_string}"},"query-input":{"@type":"PropertyValueSpecification","valueRequired":true,"valueName":"search_term_string"}}],"inLanguage":"pt-BR"},{"@type":"Organization","@id":"https:\/\/craftygenesindonesia.com\/pt-br\/#organization","name":"Craftygenesindonesia","url":"https:\/\/craftygenesindonesia.com\/pt-br\/","logo":{"@type":"ImageObject","inLanguage":"pt-BR","@id":"https:\/\/craftygenesindonesia.com\/pt-br\/#\/schema\/logo\/image\/","url":"https:\/\/craftygenesindonesia.com\/wp-content\/uploads\/2025\/11\/cropped-Copy-of-Craftygenesindonesia.jpg","contentUrl":"https:\/\/craftygenesindonesia.com\/wp-content\/uploads\/2025\/11\/cropped-Copy-of-Craftygenesindonesia.jpg","width":180,"height":60,"caption":"Craftygenesindonesia"},"image":{"@id":"https:\/\/craftygenesindonesia.com\/pt-br\/#\/schema\/logo\/image\/"}}]}},"_links":{"self":[{"href":"https:\/\/craftygenesindonesia.com\/pt-br\/wp-json\/wp\/v2\/product\/987536290","targetHints":{"allow":["GET"]}}],"collection":[{"href":"https:\/\/craftygenesindonesia.com\/pt-br\/wp-json\/wp\/v2\/product"}],"about":[{"href":"https:\/\/craftygenesindonesia.com\/pt-br\/wp-json\/wp\/v2\/types\/product"}],"replies":[{"embeddable":true,"href":"https:\/\/craftygenesindonesia.com\/pt-br\/wp-json\/wp\/v2\/comments?post=987536290"}],"wp:featuredmedia":[{"embeddable":true,"href":"https:\/\/craftygenesindonesia.com\/pt-br\/wp-json\/wp\/v2\/media\/987536284"}],"wp:attachment":[{"href":"https:\/\/craftygenesindonesia.com\/pt-br\/wp-json\/wp\/v2\/media?parent=987536290"}],"wp:term":[{"taxonomy":"product_brand","embeddable":true,"href":"https:\/\/craftygenesindonesia.com\/pt-br\/wp-json\/wp\/v2\/product_brand?post=987536290"},{"taxonomy":"product_cat","embeddable":true,"href":"https:\/\/craftygenesindonesia.com\/pt-br\/wp-json\/wp\/v2\/product_cat?post=987536290"},{"taxonomy":"product_tag","embeddable":true,"href":"https:\/\/craftygenesindonesia.com\/pt-br\/wp-json\/wp\/v2\/product_tag?post=987536290"}],"curies":[{"name":"wp","href":"https:\/\/api.w.org\/{rel}","templated":true}]}}