{"id":987536246,"date":"2025-07-15T07:16:22","date_gmt":"2025-07-14T23:16:22","guid":{"rendered":"https:\/\/craftygenesindonesia.com\/shop\/sem%20categoria\/conjunto-de-presepio-noche-santa\/"},"modified":"2026-03-18T19:02:43","modified_gmt":"2026-03-18T11:02:43","slug":"conjunto-de-presepio-noche-santa","status":"publish","type":"product","link":"https:\/\/craftygenesindonesia.com\/pt-br\/shop\/padroes-de-croche-religiosos\/conjunto-de-presepio-noche-santa\/","title":{"rendered":"Conjunto de pres\u00e9pio Noche Santa"},"content":{"rendered":"<p>Tipo de arquivo: padr\u00e3o de croch\u00ea &#8211; download digital, n\u00e3o \u00e9 um item f\u00edsico<\/p>\n<p>Idiomas dispon\u00edveis: ingl\u00eas (termos dos EUA e do Reino Unido), holand\u00eas, franc\u00eas, espanhol, alem\u00e3o, italiano<\/p>\n<p>Tamanho do item acabado: 51x40x30cm\/ 20&#215;15.7&#215;11.8inch<\/p>\n<p>Tipo de fio: fio de espessura \u201cfingering\u201d = tamanho 3<\/p>\n<p>Marcas recomendadas: Catona da Scheepjes, Durable Coral, &#8230;<\/p>\n<p><b>Cores de fios necess\u00e1rias:<\/b> cor de pele, azul, branco sujo, castanho escuro, verde azeitona, castanho mostarda, laranja tijolo, amarelo, preto, bege escuro, cinza, amarelo brilhante, azul escuro, verde, verde escuro, roxo, turquesa escuro, cinza claro<\/p>\n<p>*Compre o fio Catona em Haked.nl aqui (apenas na Europa): <a href=\"https:\/\/haked.nl\/product\/benodigdheden-noche-santa-kerststal-scheepjes-catona\/\">https:\/\/haked.nl\/product\/benodigdheden-noche-santa-kerststal-scheepjes-catona\/<\/a><\/p>\n<p>*Compre o fio coral dur\u00e1vel em Haked.nl aqui (apenas na Europa) (ligeiramente mais barato do que Catona): <a href=\"https:\/\/haked.nl\/product\/benodigdheden-noche-santa-kerststal-durable-coral\/\">https:\/\/haked.nl\/product\/benodigdheden-noche-santa-kerststal-durable-coral\/ <\/a> <\/p>\n<p><b>Tabela de cores<\/b>: dispon\u00edvel na sua p\u00e1gina de downloads<\/p>\n<p>Tamanho da agulha de croch\u00ea: 2mm<\/p>\n<p>Outras coisas que voc\u00ea precisa: enchimento, marcadores de pontos, tesoura, l\u00e1pis, r\u00e9gua, cola, pistola de cola, alfinetes de costura, papel\u00e3o r\u00edgido de 2 mm, papel\u00e3o de 6 mm (**), fio de alum\u00ednio de 2 mm, alicate de corte, 5 cotonetes, feltro (a cor n\u00e3o importa, pois voc\u00ea n\u00e3o ver\u00e1 o feltro quando tudo estiver pronto), 1 pauzinho de madeira, estrelas adesivas, diamantes de pl\u00e1stico falsos.<\/p>\n<p>Direitos autorais e informa\u00e7\u00f5es de ajuda:<\/p>\n<p>Este padr\u00e3o \u00e9 um padr\u00e3o escrito (digital) com muitas imagens para o ajudar.<span class=\"Apple-converted-space\">  <\/span>Se voc\u00ea tiver d\u00favidas sobre o padr\u00e3o, envie um e-mail para <a href=\"mailto:craftygenesindonesia@gmail.com\">craftygenesindonesia@gmail.com<\/a><\/p>\n<p>Este padr\u00e3o digital de croch\u00ea \u00e9 apenas para uso pessoal e est\u00e1 protegido por direitos autorais.<span class=\"Apple-converted-space\">  <\/span>Portanto, voc\u00ea n\u00e3o pode copiar, vender, revender, traduzir, reivindicar como seu pr\u00f3prio design, distribuir, compartilhar, publicar, postar apenas, &#8230; de qualquer forma ou meio sem a minha permiss\u00e3o.<span class=\"Apple-converted-space\">  <\/span>Nem mesmo uma parte disso!<\/p>\n<p>Voc\u00ea pode vender o produto ou item acabado, em pequenas quantidades, mas n\u00e3o pode vender o padr\u00e3o de croch\u00ea em si!<span class=\"Apple-converted-space\">  <\/span>Mencione que o padr\u00e3o de croch\u00ea \u00e9 da minha autoria, Craftygenesindonesia, e onde pode ser adquirido.<\/p>\n","protected":false},"excerpt":{"rendered":"<p>Este \u00e9 o meu pres\u00e9pio de 2025! \u00c9 para aqueles que n\u00e3o t\u00eam muito espa\u00e7o em casa, mas ainda assim querem um pres\u00e9pio bastante completo. Tudo o que voc\u00ea v\u00ea nas fotos est\u00e1 inclu\u00eddo!  <\/p>\n<p>&nbsp;<\/p>\n","protected":false},"featured_media":987536240,"comment_status":"open","ping_status":"closed","template":"","meta":{"_acf_changed":false},"product_brand":[],"product_cat":[12995,13022,12982,13023],"product_tag":[13036,12992,13107,12989,13102,13100,13103,12990,12984,13045,12985,13046,13105,13044,13070,13101,13106,13057,12987,13099,13104,12991,13000],"class_list":{"0":"post-987536246","1":"product","2":"type-product","3":"status-publish","4":"has-post-thumbnail","6":"product_cat-padroes-de-croche-natal","7":"product_cat-padroes-de-croche-natividade","8":"product_cat-padroes-de-croche-religiosos","9":"product_cat-pre-encomenda","10":"product_tag-belem","11":"product_tag-catolico","12":"product_tag-ceu","13":"product_tag-cristao","14":"product_tag-estavel","15":"product_tag-estrela","16":"product_tag-estrelas","17":"product_tag-holy-mary","18":"product_tag-jesus","19":"product_tag-jose","20":"product_tag-maria","21":"product_tag-natividade","22":"product_tag-palmeira","23":"product_tag-presepio","24":"product_tag-presepio-de-natal","25":"product_tag-sagrada-familia","26":"product_tag-santa-maria-3","27":"product_tag-santa-maria-2","28":"product_tag-santa-maria","29":"product_tag-tres-reis-2","30":"product_tag-tres-reis-magos-2","31":"product_tag-virgem-maria","32":"product_tag-xmas","33":"pa_available_on-craftygenesindonesia","34":"pa_available_on-etsy","35":"pa_available_on-haked-nl","36":"pa_available_on-payhip","37":"pa_available_on-ravelry","38":"pa_languages-alemao","39":"pa_languages-espanhol","40":"pa_languages-frances","41":"pa_languages-holandes","42":"pa_languages-ingles-do-reino-unido","43":"pa_languages-ingles-dos-eua","44":"pa_languages-italiano","46":"first","47":"instock","48":"downloadable","49":"virtual","50":"purchasable","51":"product-type-simple"},"acf":[],"yoast_head":"<!-- This site is optimized with the Yoast SEO plugin v27.4 - https:\/\/yoast.com\/product\/yoast-seo-wordpress\/ -->\n<title>Conjunto de pres\u00e9pio Noche Santa padr\u00e3o de croch\u00ea - Craftygenesindonesia<\/title>\n<meta name=\"description\" content=\"Compre aqui o meu padr\u00e3o de croch\u00e9 \u201cConjunto de Pres\u00e9pio Noche Santa\u201d. O padr\u00e3o de croch\u00e9 f\u00e1cil tamb\u00e9m est\u00e1 dispon\u00edvel no Etsy, Haked.nl, Ravelry, Payhip.\" \/>\n<meta name=\"robots\" content=\"index, follow, max-snippet:-1, max-image-preview:large, max-video-preview:-1\" \/>\n<link rel=\"canonical\" href=\"https:\/\/craftygenesindonesia.com\/pt-br\/shop\/padroes-de-croche-religiosos\/conjunto-de-presepio-noche-santa\/\" \/>\n<meta property=\"og:locale\" content=\"pt_BR\" \/>\n<meta property=\"og:type\" content=\"article\" \/>\n<meta property=\"og:title\" content=\"Conjunto de pres\u00e9pio Noche Santa\" \/>\n<meta property=\"og:description\" content=\"Compre aqui o meu padr\u00e3o de croch\u00e9 \u201cConjunto de Pres\u00e9pio Noche Santa\u201d. O padr\u00e3o de croch\u00e9 f\u00e1cil tamb\u00e9m est\u00e1 dispon\u00edvel no Etsy, Haked.nl, Ravelry, Payhip.\" \/>\n<meta property=\"og:url\" content=\"https:\/\/craftygenesindonesia.com\/pt-br\/shop\/padroes-de-croche-religiosos\/conjunto-de-presepio-noche-santa\/\" \/>\n<meta property=\"og:site_name\" content=\"Craftygenesindonesia\" \/>\n<meta property=\"article:modified_time\" content=\"2026-03-18T11:02:43+00:00\" \/>\n<meta property=\"og:image\" content=\"https:\/\/craftygenesindonesia.com\/wp-content\/uploads\/2025\/07\/Noche-Santa-Nativity-Set-300x300.jpg\" \/>\n<meta name=\"twitter:card\" content=\"summary_large_image\" \/>\n<meta name=\"twitter:label1\" content=\"Est. tempo de leitura\" \/>\n\t<meta name=\"twitter:data1\" content=\"2 minutos\" \/>\n<script type=\"application\/ld+json\" class=\"yoast-schema-graph\">{\"@context\":\"https:\\\/\\\/schema.org\",\"@graph\":[{\"@type\":\"WebPage\",\"@id\":\"https:\\\/\\\/craftygenesindonesia.com\\\/pt-br\\\/shop\\\/padroes-de-croche-religiosos\\\/conjunto-de-presepio-noche-santa\\\/\",\"url\":\"https:\\\/\\\/craftygenesindonesia.com\\\/pt-br\\\/shop\\\/padroes-de-croche-religiosos\\\/conjunto-de-presepio-noche-santa\\\/\",\"name\":\"Conjunto de pres\u00e9pio Noche Santa padr\u00e3o de croch\u00ea - Craftygenesindonesia\",\"isPartOf\":{\"@id\":\"https:\\\/\\\/craftygenesindonesia.com\\\/pt-br\\\/#website\"},\"primaryImageOfPage\":{\"@id\":\"https:\\\/\\\/craftygenesindonesia.com\\\/pt-br\\\/shop\\\/padroes-de-croche-religiosos\\\/conjunto-de-presepio-noche-santa\\\/#primaryimage\"},\"image\":{\"@id\":\"https:\\\/\\\/craftygenesindonesia.com\\\/pt-br\\\/shop\\\/padroes-de-croche-religiosos\\\/conjunto-de-presepio-noche-santa\\\/#primaryimage\"},\"thumbnailUrl\":\"https:\\\/\\\/craftygenesindonesia.com\\\/wp-content\\\/uploads\\\/2025\\\/07\\\/Noche-Santa-Nativity-Set.jpg\",\"datePublished\":\"2025-07-14T23:16:22+00:00\",\"dateModified\":\"2026-03-18T11:02:43+00:00\",\"description\":\"Compre aqui o meu padr\u00e3o de croch\u00e9 \u201cConjunto de Pres\u00e9pio Noche Santa\u201d. O padr\u00e3o de croch\u00e9 f\u00e1cil tamb\u00e9m est\u00e1 dispon\u00edvel no Etsy, Haked.nl, Ravelry, Payhip.\",\"breadcrumb\":{\"@id\":\"https:\\\/\\\/craftygenesindonesia.com\\\/pt-br\\\/shop\\\/padroes-de-croche-religiosos\\\/conjunto-de-presepio-noche-santa\\\/#breadcrumb\"},\"inLanguage\":\"pt-BR\",\"potentialAction\":[{\"@type\":\"ReadAction\",\"target\":[\"https:\\\/\\\/craftygenesindonesia.com\\\/pt-br\\\/shop\\\/padroes-de-croche-religiosos\\\/conjunto-de-presepio-noche-santa\\\/\"]}]},{\"@type\":\"ImageObject\",\"inLanguage\":\"pt-BR\",\"@id\":\"https:\\\/\\\/craftygenesindonesia.com\\\/pt-br\\\/shop\\\/padroes-de-croche-religiosos\\\/conjunto-de-presepio-noche-santa\\\/#primaryimage\",\"url\":\"https:\\\/\\\/craftygenesindonesia.com\\\/wp-content\\\/uploads\\\/2025\\\/07\\\/Noche-Santa-Nativity-Set.jpg\",\"contentUrl\":\"https:\\\/\\\/craftygenesindonesia.com\\\/wp-content\\\/uploads\\\/2025\\\/07\\\/Noche-Santa-Nativity-Set.jpg\",\"width\":1080,\"height\":1080,\"caption\":\"conjunto de pres\u00e9pio em croch\u00ea\"},{\"@type\":\"BreadcrumbList\",\"@id\":\"https:\\\/\\\/craftygenesindonesia.com\\\/pt-br\\\/shop\\\/padroes-de-croche-religiosos\\\/conjunto-de-presepio-noche-santa\\\/#breadcrumb\",\"itemListElement\":[{\"@type\":\"ListItem\",\"position\":1,\"name\":\"Home\",\"item\":\"https:\\\/\\\/craftygenesindonesia.com\\\/pt-br\\\/\"},{\"@type\":\"ListItem\",\"position\":2,\"name\":\"Loja de moldes\",\"item\":\"https:\\\/\\\/craftygenesindonesia.com\\\/pt-br\\\/loja-de-moldes\\\/\"},{\"@type\":\"ListItem\",\"position\":3,\"name\":\"Conjunto de pres\u00e9pio Noche Santa\"}]},{\"@type\":\"WebSite\",\"@id\":\"https:\\\/\\\/craftygenesindonesia.com\\\/pt-br\\\/#website\",\"url\":\"https:\\\/\\\/craftygenesindonesia.com\\\/pt-br\\\/\",\"name\":\"Craftygenesindonesia\",\"description\":\"\",\"publisher\":{\"@id\":\"https:\\\/\\\/craftygenesindonesia.com\\\/pt-br\\\/#organization\"},\"potentialAction\":[{\"@type\":\"SearchAction\",\"target\":{\"@type\":\"EntryPoint\",\"urlTemplate\":\"https:\\\/\\\/craftygenesindonesia.com\\\/pt-br\\\/?s={search_term_string}\"},\"query-input\":{\"@type\":\"PropertyValueSpecification\",\"valueRequired\":true,\"valueName\":\"search_term_string\"}}],\"inLanguage\":\"pt-BR\"},{\"@type\":\"Organization\",\"@id\":\"https:\\\/\\\/craftygenesindonesia.com\\\/pt-br\\\/#organization\",\"name\":\"Craftygenesindonesia\",\"url\":\"https:\\\/\\\/craftygenesindonesia.com\\\/pt-br\\\/\",\"logo\":{\"@type\":\"ImageObject\",\"inLanguage\":\"pt-BR\",\"@id\":\"https:\\\/\\\/craftygenesindonesia.com\\\/pt-br\\\/#\\\/schema\\\/logo\\\/image\\\/\",\"url\":\"https:\\\/\\\/craftygenesindonesia.com\\\/wp-content\\\/uploads\\\/2025\\\/11\\\/cropped-Copy-of-Craftygenesindonesia.jpg\",\"contentUrl\":\"https:\\\/\\\/craftygenesindonesia.com\\\/wp-content\\\/uploads\\\/2025\\\/11\\\/cropped-Copy-of-Craftygenesindonesia.jpg\",\"width\":180,\"height\":60,\"caption\":\"Craftygenesindonesia\"},\"image\":{\"@id\":\"https:\\\/\\\/craftygenesindonesia.com\\\/pt-br\\\/#\\\/schema\\\/logo\\\/image\\\/\"}}]}<\/script>\n<!-- \/ Yoast SEO plugin. -->","yoast_head_json":{"title":"Conjunto de pres\u00e9pio Noche Santa padr\u00e3o de croch\u00ea - Craftygenesindonesia","description":"Compre aqui o meu padr\u00e3o de croch\u00e9 \u201cConjunto de Pres\u00e9pio Noche Santa\u201d. O padr\u00e3o de croch\u00e9 f\u00e1cil tamb\u00e9m est\u00e1 dispon\u00edvel no Etsy, Haked.nl, Ravelry, Payhip.","robots":{"index":"index","follow":"follow","max-snippet":"max-snippet:-1","max-image-preview":"max-image-preview:large","max-video-preview":"max-video-preview:-1"},"canonical":"https:\/\/craftygenesindonesia.com\/pt-br\/shop\/padroes-de-croche-religiosos\/conjunto-de-presepio-noche-santa\/","og_locale":"pt_BR","og_type":"article","og_title":"Conjunto de pres\u00e9pio Noche Santa","og_description":"Compre aqui o meu padr\u00e3o de croch\u00e9 \u201cConjunto de Pres\u00e9pio Noche Santa\u201d. O padr\u00e3o de croch\u00e9 f\u00e1cil tamb\u00e9m est\u00e1 dispon\u00edvel no Etsy, Haked.nl, Ravelry, Payhip.","og_url":"https:\/\/craftygenesindonesia.com\/pt-br\/shop\/padroes-de-croche-religiosos\/conjunto-de-presepio-noche-santa\/","og_site_name":"Craftygenesindonesia","article_modified_time":"2026-03-18T11:02:43+00:00","og_image":[{"url":"https:\/\/craftygenesindonesia.com\/wp-content\/uploads\/2025\/07\/Noche-Santa-Nativity-Set-300x300.jpg","type":"","width":"","height":""}],"twitter_card":"summary_large_image","twitter_misc":{"Est. tempo de leitura":"2 minutos"},"schema":{"@context":"https:\/\/schema.org","@graph":[{"@type":"WebPage","@id":"https:\/\/craftygenesindonesia.com\/pt-br\/shop\/padroes-de-croche-religiosos\/conjunto-de-presepio-noche-santa\/","url":"https:\/\/craftygenesindonesia.com\/pt-br\/shop\/padroes-de-croche-religiosos\/conjunto-de-presepio-noche-santa\/","name":"Conjunto de pres\u00e9pio Noche Santa padr\u00e3o de croch\u00ea - Craftygenesindonesia","isPartOf":{"@id":"https:\/\/craftygenesindonesia.com\/pt-br\/#website"},"primaryImageOfPage":{"@id":"https:\/\/craftygenesindonesia.com\/pt-br\/shop\/padroes-de-croche-religiosos\/conjunto-de-presepio-noche-santa\/#primaryimage"},"image":{"@id":"https:\/\/craftygenesindonesia.com\/pt-br\/shop\/padroes-de-croche-religiosos\/conjunto-de-presepio-noche-santa\/#primaryimage"},"thumbnailUrl":"https:\/\/craftygenesindonesia.com\/wp-content\/uploads\/2025\/07\/Noche-Santa-Nativity-Set.jpg","datePublished":"2025-07-14T23:16:22+00:00","dateModified":"2026-03-18T11:02:43+00:00","description":"Compre aqui o meu padr\u00e3o de croch\u00e9 \u201cConjunto de Pres\u00e9pio Noche Santa\u201d. O padr\u00e3o de croch\u00e9 f\u00e1cil tamb\u00e9m est\u00e1 dispon\u00edvel no Etsy, Haked.nl, Ravelry, Payhip.","breadcrumb":{"@id":"https:\/\/craftygenesindonesia.com\/pt-br\/shop\/padroes-de-croche-religiosos\/conjunto-de-presepio-noche-santa\/#breadcrumb"},"inLanguage":"pt-BR","potentialAction":[{"@type":"ReadAction","target":["https:\/\/craftygenesindonesia.com\/pt-br\/shop\/padroes-de-croche-religiosos\/conjunto-de-presepio-noche-santa\/"]}]},{"@type":"ImageObject","inLanguage":"pt-BR","@id":"https:\/\/craftygenesindonesia.com\/pt-br\/shop\/padroes-de-croche-religiosos\/conjunto-de-presepio-noche-santa\/#primaryimage","url":"https:\/\/craftygenesindonesia.com\/wp-content\/uploads\/2025\/07\/Noche-Santa-Nativity-Set.jpg","contentUrl":"https:\/\/craftygenesindonesia.com\/wp-content\/uploads\/2025\/07\/Noche-Santa-Nativity-Set.jpg","width":1080,"height":1080,"caption":"conjunto de pres\u00e9pio em croch\u00ea"},{"@type":"BreadcrumbList","@id":"https:\/\/craftygenesindonesia.com\/pt-br\/shop\/padroes-de-croche-religiosos\/conjunto-de-presepio-noche-santa\/#breadcrumb","itemListElement":[{"@type":"ListItem","position":1,"name":"Home","item":"https:\/\/craftygenesindonesia.com\/pt-br\/"},{"@type":"ListItem","position":2,"name":"Loja de moldes","item":"https:\/\/craftygenesindonesia.com\/pt-br\/loja-de-moldes\/"},{"@type":"ListItem","position":3,"name":"Conjunto de pres\u00e9pio Noche Santa"}]},{"@type":"WebSite","@id":"https:\/\/craftygenesindonesia.com\/pt-br\/#website","url":"https:\/\/craftygenesindonesia.com\/pt-br\/","name":"Craftygenesindonesia","description":"","publisher":{"@id":"https:\/\/craftygenesindonesia.com\/pt-br\/#organization"},"potentialAction":[{"@type":"SearchAction","target":{"@type":"EntryPoint","urlTemplate":"https:\/\/craftygenesindonesia.com\/pt-br\/?s={search_term_string}"},"query-input":{"@type":"PropertyValueSpecification","valueRequired":true,"valueName":"search_term_string"}}],"inLanguage":"pt-BR"},{"@type":"Organization","@id":"https:\/\/craftygenesindonesia.com\/pt-br\/#organization","name":"Craftygenesindonesia","url":"https:\/\/craftygenesindonesia.com\/pt-br\/","logo":{"@type":"ImageObject","inLanguage":"pt-BR","@id":"https:\/\/craftygenesindonesia.com\/pt-br\/#\/schema\/logo\/image\/","url":"https:\/\/craftygenesindonesia.com\/wp-content\/uploads\/2025\/11\/cropped-Copy-of-Craftygenesindonesia.jpg","contentUrl":"https:\/\/craftygenesindonesia.com\/wp-content\/uploads\/2025\/11\/cropped-Copy-of-Craftygenesindonesia.jpg","width":180,"height":60,"caption":"Craftygenesindonesia"},"image":{"@id":"https:\/\/craftygenesindonesia.com\/pt-br\/#\/schema\/logo\/image\/"}}]}},"_links":{"self":[{"href":"https:\/\/craftygenesindonesia.com\/pt-br\/wp-json\/wp\/v2\/product\/987536246","targetHints":{"allow":["GET"]}}],"collection":[{"href":"https:\/\/craftygenesindonesia.com\/pt-br\/wp-json\/wp\/v2\/product"}],"about":[{"href":"https:\/\/craftygenesindonesia.com\/pt-br\/wp-json\/wp\/v2\/types\/product"}],"replies":[{"embeddable":true,"href":"https:\/\/craftygenesindonesia.com\/pt-br\/wp-json\/wp\/v2\/comments?post=987536246"}],"wp:featuredmedia":[{"embeddable":true,"href":"https:\/\/craftygenesindonesia.com\/pt-br\/wp-json\/wp\/v2\/media\/987536240"}],"wp:attachment":[{"href":"https:\/\/craftygenesindonesia.com\/pt-br\/wp-json\/wp\/v2\/media?parent=987536246"}],"wp:term":[{"taxonomy":"product_brand","embeddable":true,"href":"https:\/\/craftygenesindonesia.com\/pt-br\/wp-json\/wp\/v2\/product_brand?post=987536246"},{"taxonomy":"product_cat","embeddable":true,"href":"https:\/\/craftygenesindonesia.com\/pt-br\/wp-json\/wp\/v2\/product_cat?post=987536246"},{"taxonomy":"product_tag","embeddable":true,"href":"https:\/\/craftygenesindonesia.com\/pt-br\/wp-json\/wp\/v2\/product_tag?post=987536246"}],"curies":[{"name":"wp","href":"https:\/\/api.w.org\/{rel}","templated":true}]}}