{"id":987536220,"date":"2025-08-15T16:50:03","date_gmt":"2025-08-15T08:50:03","guid":{"rendered":"https:\/\/craftygenesindonesia.com\/shop\/sem%20categoria\/memorial-da-enfermeira-padrao-de-trico\/"},"modified":"2026-03-18T14:36:34","modified_gmt":"2026-03-18T06:36:34","slug":"memorial-da-enfermeira-padrao-de-trico","status":"publish","type":"product","link":"https:\/\/craftygenesindonesia.com\/pt-br\/shop\/padroes-de-trico\/memorial-da-enfermeira-padrao-de-trico\/","title":{"rendered":"Memorial da Enfermeira &#8211; padr\u00e3o de tric\u00f4"},"content":{"rendered":"<p><b>Memorial da Enfermeira &#8211; padr\u00e3o de tric\u00f4<\/b><\/p>\n<p>Tipo de arquivo: padr\u00e3o de tric\u00f4 &#8211; download digital, n\u00e3o \u00e9 um item f\u00edsico<\/p>\n<p>Idiomas dispon\u00edveis: ingl\u00eas, holand\u00eas, franc\u00eas, espanhol, alem\u00e3o<\/p>\n<p>Tamanho do item acabado: 26cm\/ 10.25inch<\/p>\n<p><b>Tipo de fio: Fio de espessura \u201cDK\u201d = tamanho 4<\/b><\/p>\n<p>Marcas recomendadas: Algod\u00e3o 4ply milk ou Softfun da Scheepjes<\/p>\n<p>Cores de fios necess\u00e1rias: azul claro, cor da pele, branco, castanho escuro, vermelho<\/p>\n<p>Agulhas de tric\u00f4: Agulhas de tric\u00f4 retas de 2,5 mm<\/p>\n<p>Outras coisas que voc\u00ea precisa: enchimento, tesoura, alfinetes de costura, agulha de tape\u00e7aria, cotonete, cartolina de 6 mm, cola, feltro (azul claro, se poss\u00edvel), agulha de costura** (**Voc\u00ea s\u00f3 precisa de uma se a sua agulha de tape\u00e7aria n\u00e3o passar facilmente pelo feltro)<\/p>\n<p>Direitos autorais e informa\u00e7\u00f5es de ajuda:<\/p>\n<p>Este padr\u00e3o \u00e9 um padr\u00e3o escrito (digital) com muitas imagens para ajud\u00e1-lo. Se tiver d\u00favidas sobre o padr\u00e3o, envie-me um e-mail para <g id=\"gid_0\">craftygenesindonesia@gmail.com<\/g> <\/p>\n<p><b>Este padr\u00e3o digital de tric\u00f4 \u00e9 apenas para uso pessoal e est\u00e1 protegido por direitos autorais.<span class=\"Apple-converted-space\">  <\/span>Portanto, voc\u00ea n\u00e3o pode copiar, vender, revender, traduzir, reivindicar como seu pr\u00f3prio design, distribuir, compartilhar, publicar, postar apenas, &#8230; de qualquer forma ou maneira sem a minha permiss\u00e3o. Nem mesmo uma parte dele! <\/b><\/p>\n<p><b>Voc\u00ea pode vender o produto ou item acabado, em pequenas quantidades, mas n\u00e3o pode vender o padr\u00e3o de tric\u00f4 em si! Mencione que o padr\u00e3o de tric\u00f4 \u00e9 da minha autoria, Craftygenesindonesia, e onde pode ser adquirido. <\/b><\/p>\n","protected":false},"excerpt":{"rendered":"<p>Este \u00e9 um padr\u00e3o r\u00e1pido e f\u00e1cil para tricotar uma enfermeira da Cruz Vermelha da Segunda Guerra Mundial. Existe uma vers\u00e3o em croch\u00ea deste padr\u00e3o que voc\u00ea pode encontrar <a href=\"https:\/\/craftygenesindonesia.com\/pt-br\/shop\/padroes-de-croche-senhoras-e-senhores\/para-as-enfermeiras\/\" target=\"_blank\" rel=\"noopener\"><strong>aqui<\/strong><\/a>. <\/p>\n","protected":false},"featured_media":987536218,"comment_status":"open","ping_status":"closed","template":"","meta":{"_acf_changed":false},"product_brand":[],"product_cat":[13013],"product_tag":[13088,13084,13087,13089,13085,13086],"class_list":{"0":"post-987536220","1":"product","2":"type-product","3":"status-publish","4":"has-post-thumbnail","6":"product_cat-padroes-de-trico","7":"product_tag-cruz-vermelha","8":"product_tag-enfermeira","9":"product_tag-enfermeira-de-guerra","10":"product_tag-guerra-mundial","11":"product_tag-memorial","12":"product_tag-monumento-aos-mortos-na-guerra","13":"pa_available_on-craftygenesindonesia","14":"pa_available_on-etsy","15":"pa_available_on-haked-nl","16":"pa_available_on-payhip","17":"pa_available_on-ravelry","18":"pa_languages-alemao","19":"pa_languages-espanhol","20":"pa_languages-frances","21":"pa_languages-holandes","22":"pa_languages-ingles-dos-eua","24":"first","25":"instock","26":"downloadable","27":"virtual","28":"purchasable","29":"product-type-simple"},"acf":[],"yoast_head":"<!-- This site is optimized with the Yoast SEO plugin v27.3 - https:\/\/yoast.com\/product\/yoast-seo-wordpress\/ -->\n<title>Memorial da Enfermeira - padr\u00e3o de tric\u00f4 padr\u00e3o de tric\u00f4 - Craftygenesindonesia<\/title>\n<meta name=\"description\" content=\"Compre aqui o meu padr\u00e3o de tric\u00f4 em mem\u00f3ria das enfermeiras. O padr\u00e3o de tric\u00f4 f\u00e1cil tamb\u00e9m est\u00e1 dispon\u00edvel no Etsy, Haked.nl, Ravelry, Payhip.\" \/>\n<meta name=\"robots\" content=\"index, follow, max-snippet:-1, max-image-preview:large, max-video-preview:-1\" \/>\n<link rel=\"canonical\" href=\"https:\/\/craftygenesindonesia.com\/pt-br\/shop\/padroes-de-trico\/memorial-da-enfermeira-padrao-de-trico\/\" \/>\n<meta property=\"og:locale\" content=\"pt_BR\" \/>\n<meta property=\"og:type\" content=\"article\" \/>\n<meta property=\"og:title\" content=\"Memorial da enfermeira - padr\u00e3o de tric\u00f4\" \/>\n<meta property=\"og:description\" content=\"Compre aqui o meu padr\u00e3o de tric\u00f4 em mem\u00f3ria das enfermeiras. O padr\u00e3o de tric\u00f4 f\u00e1cil tamb\u00e9m est\u00e1 dispon\u00edvel no Etsy, Haked.nl, Ravelry, Payhip.\" \/>\n<meta property=\"og:url\" content=\"https:\/\/craftygenesindonesia.com\/pt-br\/shop\/padroes-de-trico\/memorial-da-enfermeira-padrao-de-trico\/\" \/>\n<meta property=\"og:site_name\" content=\"Craftygenesindonesia\" \/>\n<meta property=\"article:modified_time\" content=\"2026-03-18T06:36:34+00:00\" \/>\n<meta property=\"og:image\" content=\"https:\/\/craftygenesindonesia.com\/wp-content\/uploads\/2025\/08\/1-1-300x300.jpg\" \/>\n<meta name=\"twitter:card\" content=\"summary_large_image\" \/>\n<meta name=\"twitter:label1\" content=\"Est. tempo de leitura\" \/>\n\t<meta name=\"twitter:data1\" content=\"2 minutos\" \/>\n<script type=\"application\/ld+json\" class=\"yoast-schema-graph\">{\"@context\":\"https:\\\/\\\/schema.org\",\"@graph\":[{\"@type\":\"WebPage\",\"@id\":\"https:\\\/\\\/craftygenesindonesia.com\\\/pt-br\\\/shop\\\/padroes-de-trico\\\/memorial-da-enfermeira-padrao-de-trico\\\/\",\"url\":\"https:\\\/\\\/craftygenesindonesia.com\\\/pt-br\\\/shop\\\/padroes-de-trico\\\/memorial-da-enfermeira-padrao-de-trico\\\/\",\"name\":\"Memorial da Enfermeira - padr\u00e3o de tric\u00f4 padr\u00e3o de tric\u00f4 - Craftygenesindonesia\",\"isPartOf\":{\"@id\":\"https:\\\/\\\/craftygenesindonesia.com\\\/pt-br\\\/#website\"},\"primaryImageOfPage\":{\"@id\":\"https:\\\/\\\/craftygenesindonesia.com\\\/pt-br\\\/shop\\\/padroes-de-trico\\\/memorial-da-enfermeira-padrao-de-trico\\\/#primaryimage\"},\"image\":{\"@id\":\"https:\\\/\\\/craftygenesindonesia.com\\\/pt-br\\\/shop\\\/padroes-de-trico\\\/memorial-da-enfermeira-padrao-de-trico\\\/#primaryimage\"},\"thumbnailUrl\":\"https:\\\/\\\/craftygenesindonesia.com\\\/wp-content\\\/uploads\\\/2025\\\/08\\\/1-1.jpg\",\"datePublished\":\"2025-08-15T08:50:03+00:00\",\"dateModified\":\"2026-03-18T06:36:34+00:00\",\"description\":\"Compre aqui o meu padr\u00e3o de tric\u00f4 em mem\u00f3ria das enfermeiras. O padr\u00e3o de tric\u00f4 f\u00e1cil tamb\u00e9m est\u00e1 dispon\u00edvel no Etsy, Haked.nl, Ravelry, Payhip.\",\"breadcrumb\":{\"@id\":\"https:\\\/\\\/craftygenesindonesia.com\\\/pt-br\\\/shop\\\/padroes-de-trico\\\/memorial-da-enfermeira-padrao-de-trico\\\/#breadcrumb\"},\"inLanguage\":\"pt-BR\",\"potentialAction\":[{\"@type\":\"ReadAction\",\"target\":[\"https:\\\/\\\/craftygenesindonesia.com\\\/pt-br\\\/shop\\\/padroes-de-trico\\\/memorial-da-enfermeira-padrao-de-trico\\\/\"]}]},{\"@type\":\"ImageObject\",\"inLanguage\":\"pt-BR\",\"@id\":\"https:\\\/\\\/craftygenesindonesia.com\\\/pt-br\\\/shop\\\/padroes-de-trico\\\/memorial-da-enfermeira-padrao-de-trico\\\/#primaryimage\",\"url\":\"https:\\\/\\\/craftygenesindonesia.com\\\/wp-content\\\/uploads\\\/2025\\\/08\\\/1-1.jpg\",\"contentUrl\":\"https:\\\/\\\/craftygenesindonesia.com\\\/wp-content\\\/uploads\\\/2025\\\/08\\\/1-1.jpg\",\"width\":1080,\"height\":1080,\"caption\":\"guerra mundial do tric\u00f4 enfermeira da Cruz Vermelha\"},{\"@type\":\"BreadcrumbList\",\"@id\":\"https:\\\/\\\/craftygenesindonesia.com\\\/pt-br\\\/shop\\\/padroes-de-trico\\\/memorial-da-enfermeira-padrao-de-trico\\\/#breadcrumb\",\"itemListElement\":[{\"@type\":\"ListItem\",\"position\":1,\"name\":\"Home\",\"item\":\"https:\\\/\\\/craftygenesindonesia.com\\\/pt-br\\\/\"},{\"@type\":\"ListItem\",\"position\":2,\"name\":\"Loja de moldes\",\"item\":\"https:\\\/\\\/craftygenesindonesia.com\\\/pt-br\\\/loja-de-moldes\\\/\"},{\"@type\":\"ListItem\",\"position\":3,\"name\":\"Memorial da Enfermeira &#8211; padr\u00e3o de tric\u00f4\"}]},{\"@type\":\"WebSite\",\"@id\":\"https:\\\/\\\/craftygenesindonesia.com\\\/pt-br\\\/#website\",\"url\":\"https:\\\/\\\/craftygenesindonesia.com\\\/pt-br\\\/\",\"name\":\"Craftygenesindonesia\",\"description\":\"\",\"publisher\":{\"@id\":\"https:\\\/\\\/craftygenesindonesia.com\\\/pt-br\\\/#organization\"},\"potentialAction\":[{\"@type\":\"SearchAction\",\"target\":{\"@type\":\"EntryPoint\",\"urlTemplate\":\"https:\\\/\\\/craftygenesindonesia.com\\\/pt-br\\\/?s={search_term_string}\"},\"query-input\":{\"@type\":\"PropertyValueSpecification\",\"valueRequired\":true,\"valueName\":\"search_term_string\"}}],\"inLanguage\":\"pt-BR\"},{\"@type\":\"Organization\",\"@id\":\"https:\\\/\\\/craftygenesindonesia.com\\\/pt-br\\\/#organization\",\"name\":\"Craftygenesindonesia\",\"url\":\"https:\\\/\\\/craftygenesindonesia.com\\\/pt-br\\\/\",\"logo\":{\"@type\":\"ImageObject\",\"inLanguage\":\"pt-BR\",\"@id\":\"https:\\\/\\\/craftygenesindonesia.com\\\/pt-br\\\/#\\\/schema\\\/logo\\\/image\\\/\",\"url\":\"https:\\\/\\\/craftygenesindonesia.com\\\/wp-content\\\/uploads\\\/2025\\\/11\\\/cropped-Copy-of-Craftygenesindonesia.jpg\",\"contentUrl\":\"https:\\\/\\\/craftygenesindonesia.com\\\/wp-content\\\/uploads\\\/2025\\\/11\\\/cropped-Copy-of-Craftygenesindonesia.jpg\",\"width\":180,\"height\":60,\"caption\":\"Craftygenesindonesia\"},\"image\":{\"@id\":\"https:\\\/\\\/craftygenesindonesia.com\\\/pt-br\\\/#\\\/schema\\\/logo\\\/image\\\/\"}}]}<\/script>\n<!-- \/ Yoast SEO plugin. -->","yoast_head_json":{"title":"Memorial da Enfermeira - padr\u00e3o de tric\u00f4 padr\u00e3o de tric\u00f4 - Craftygenesindonesia","description":"Compre aqui o meu padr\u00e3o de tric\u00f4 em mem\u00f3ria das enfermeiras. O padr\u00e3o de tric\u00f4 f\u00e1cil tamb\u00e9m est\u00e1 dispon\u00edvel no Etsy, Haked.nl, Ravelry, Payhip.","robots":{"index":"index","follow":"follow","max-snippet":"max-snippet:-1","max-image-preview":"max-image-preview:large","max-video-preview":"max-video-preview:-1"},"canonical":"https:\/\/craftygenesindonesia.com\/pt-br\/shop\/padroes-de-trico\/memorial-da-enfermeira-padrao-de-trico\/","og_locale":"pt_BR","og_type":"article","og_title":"Memorial da enfermeira - padr\u00e3o de tric\u00f4","og_description":"Compre aqui o meu padr\u00e3o de tric\u00f4 em mem\u00f3ria das enfermeiras. O padr\u00e3o de tric\u00f4 f\u00e1cil tamb\u00e9m est\u00e1 dispon\u00edvel no Etsy, Haked.nl, Ravelry, Payhip.","og_url":"https:\/\/craftygenesindonesia.com\/pt-br\/shop\/padroes-de-trico\/memorial-da-enfermeira-padrao-de-trico\/","og_site_name":"Craftygenesindonesia","article_modified_time":"2026-03-18T06:36:34+00:00","og_image":[{"url":"https:\/\/craftygenesindonesia.com\/wp-content\/uploads\/2025\/08\/1-1-300x300.jpg","type":"","width":"","height":""}],"twitter_card":"summary_large_image","twitter_misc":{"Est. tempo de leitura":"2 minutos"},"schema":{"@context":"https:\/\/schema.org","@graph":[{"@type":"WebPage","@id":"https:\/\/craftygenesindonesia.com\/pt-br\/shop\/padroes-de-trico\/memorial-da-enfermeira-padrao-de-trico\/","url":"https:\/\/craftygenesindonesia.com\/pt-br\/shop\/padroes-de-trico\/memorial-da-enfermeira-padrao-de-trico\/","name":"Memorial da Enfermeira - padr\u00e3o de tric\u00f4 padr\u00e3o de tric\u00f4 - Craftygenesindonesia","isPartOf":{"@id":"https:\/\/craftygenesindonesia.com\/pt-br\/#website"},"primaryImageOfPage":{"@id":"https:\/\/craftygenesindonesia.com\/pt-br\/shop\/padroes-de-trico\/memorial-da-enfermeira-padrao-de-trico\/#primaryimage"},"image":{"@id":"https:\/\/craftygenesindonesia.com\/pt-br\/shop\/padroes-de-trico\/memorial-da-enfermeira-padrao-de-trico\/#primaryimage"},"thumbnailUrl":"https:\/\/craftygenesindonesia.com\/wp-content\/uploads\/2025\/08\/1-1.jpg","datePublished":"2025-08-15T08:50:03+00:00","dateModified":"2026-03-18T06:36:34+00:00","description":"Compre aqui o meu padr\u00e3o de tric\u00f4 em mem\u00f3ria das enfermeiras. O padr\u00e3o de tric\u00f4 f\u00e1cil tamb\u00e9m est\u00e1 dispon\u00edvel no Etsy, Haked.nl, Ravelry, Payhip.","breadcrumb":{"@id":"https:\/\/craftygenesindonesia.com\/pt-br\/shop\/padroes-de-trico\/memorial-da-enfermeira-padrao-de-trico\/#breadcrumb"},"inLanguage":"pt-BR","potentialAction":[{"@type":"ReadAction","target":["https:\/\/craftygenesindonesia.com\/pt-br\/shop\/padroes-de-trico\/memorial-da-enfermeira-padrao-de-trico\/"]}]},{"@type":"ImageObject","inLanguage":"pt-BR","@id":"https:\/\/craftygenesindonesia.com\/pt-br\/shop\/padroes-de-trico\/memorial-da-enfermeira-padrao-de-trico\/#primaryimage","url":"https:\/\/craftygenesindonesia.com\/wp-content\/uploads\/2025\/08\/1-1.jpg","contentUrl":"https:\/\/craftygenesindonesia.com\/wp-content\/uploads\/2025\/08\/1-1.jpg","width":1080,"height":1080,"caption":"guerra mundial do tric\u00f4 enfermeira da Cruz Vermelha"},{"@type":"BreadcrumbList","@id":"https:\/\/craftygenesindonesia.com\/pt-br\/shop\/padroes-de-trico\/memorial-da-enfermeira-padrao-de-trico\/#breadcrumb","itemListElement":[{"@type":"ListItem","position":1,"name":"Home","item":"https:\/\/craftygenesindonesia.com\/pt-br\/"},{"@type":"ListItem","position":2,"name":"Loja de moldes","item":"https:\/\/craftygenesindonesia.com\/pt-br\/loja-de-moldes\/"},{"@type":"ListItem","position":3,"name":"Memorial da Enfermeira &#8211; padr\u00e3o de tric\u00f4"}]},{"@type":"WebSite","@id":"https:\/\/craftygenesindonesia.com\/pt-br\/#website","url":"https:\/\/craftygenesindonesia.com\/pt-br\/","name":"Craftygenesindonesia","description":"","publisher":{"@id":"https:\/\/craftygenesindonesia.com\/pt-br\/#organization"},"potentialAction":[{"@type":"SearchAction","target":{"@type":"EntryPoint","urlTemplate":"https:\/\/craftygenesindonesia.com\/pt-br\/?s={search_term_string}"},"query-input":{"@type":"PropertyValueSpecification","valueRequired":true,"valueName":"search_term_string"}}],"inLanguage":"pt-BR"},{"@type":"Organization","@id":"https:\/\/craftygenesindonesia.com\/pt-br\/#organization","name":"Craftygenesindonesia","url":"https:\/\/craftygenesindonesia.com\/pt-br\/","logo":{"@type":"ImageObject","inLanguage":"pt-BR","@id":"https:\/\/craftygenesindonesia.com\/pt-br\/#\/schema\/logo\/image\/","url":"https:\/\/craftygenesindonesia.com\/wp-content\/uploads\/2025\/11\/cropped-Copy-of-Craftygenesindonesia.jpg","contentUrl":"https:\/\/craftygenesindonesia.com\/wp-content\/uploads\/2025\/11\/cropped-Copy-of-Craftygenesindonesia.jpg","width":180,"height":60,"caption":"Craftygenesindonesia"},"image":{"@id":"https:\/\/craftygenesindonesia.com\/pt-br\/#\/schema\/logo\/image\/"}}]}},"_links":{"self":[{"href":"https:\/\/craftygenesindonesia.com\/pt-br\/wp-json\/wp\/v2\/product\/987536220","targetHints":{"allow":["GET"]}}],"collection":[{"href":"https:\/\/craftygenesindonesia.com\/pt-br\/wp-json\/wp\/v2\/product"}],"about":[{"href":"https:\/\/craftygenesindonesia.com\/pt-br\/wp-json\/wp\/v2\/types\/product"}],"replies":[{"embeddable":true,"href":"https:\/\/craftygenesindonesia.com\/pt-br\/wp-json\/wp\/v2\/comments?post=987536220"}],"wp:featuredmedia":[{"embeddable":true,"href":"https:\/\/craftygenesindonesia.com\/pt-br\/wp-json\/wp\/v2\/media\/987536218"}],"wp:attachment":[{"href":"https:\/\/craftygenesindonesia.com\/pt-br\/wp-json\/wp\/v2\/media?parent=987536220"}],"wp:term":[{"taxonomy":"product_brand","embeddable":true,"href":"https:\/\/craftygenesindonesia.com\/pt-br\/wp-json\/wp\/v2\/product_brand?post=987536220"},{"taxonomy":"product_cat","embeddable":true,"href":"https:\/\/craftygenesindonesia.com\/pt-br\/wp-json\/wp\/v2\/product_cat?post=987536220"},{"taxonomy":"product_tag","embeddable":true,"href":"https:\/\/craftygenesindonesia.com\/pt-br\/wp-json\/wp\/v2\/product_tag?post=987536220"}],"curies":[{"name":"wp","href":"https:\/\/api.w.org\/{rel}","templated":true}]}}