{"id":987536171,"date":"2025-10-28T05:20:42","date_gmt":"2025-10-27T21:20:42","guid":{"rendered":"https:\/\/craftygenesindonesia.com\/shop\/sem%20categoria\/vestido-de-natal-2\/"},"modified":"2026-03-18T11:49:08","modified_gmt":"2026-03-18T03:49:08","slug":"vestido-de-natal-2","status":"publish","type":"product","link":"https:\/\/craftygenesindonesia.com\/pt-br\/shop\/vestidos-para-bonecas\/vestido-de-natal-2\/","title":{"rendered":"Vestido de Natal 2"},"content":{"rendered":"<p>Vestido de Natal 2<\/p>\n<div class=\"et_pb_module et_pb_wc_description et_pb_wc_description_1_tb_body et_pb_bg_layout_light et_pb_text_align_left\">\n<div class=\"et_pb_module_inner\">\n<p>Tipo de arquivo: padr\u00e3o de croch\u00ea \u2013 download digital, n\u00e3o \u00e9 um item f\u00edsico<br \/>\n<strong>Idiomas dispon\u00edveis: ingl\u00eas, holand\u00eas, franc\u00eas, espanhol<\/strong><\/p>\n<p>Compat\u00edvel com: a maioria das bonecas de moda, como a Barbie<\/p>\n<p>&nbsp;<\/p>\n<p><strong>Tipo de fio:<\/strong> Fio DK<br \/>\n<strong>Marcas recomendadas:<\/strong> Softfun da Scheepjes, Durable Cosy Fine, algod\u00e3o leite 4 fios, ...<br \/>\n<strong>Cores de fios necess\u00e1rias:<\/strong> branco<\/p>\n<p><strong>Fio 2:<\/strong> ouro met\u00e1lico<\/p>\n<p><strong>Tamanho da agulha de croch\u00ea:<\/strong> 2 mm<\/p>\n<p><strong>Medida:<\/strong> 8 carreiras x 7 pontos por 2,5 cm\/1 polegada<\/p>\n<p><strong><em>Corre\u00e7\u00e3o de erro tipogr\u00e1fico: a \u00faltima mudan\u00e7a de cor na p\u00e1gina 11 deve ser fio chenille branco. Pe\u00e7o desculpas pelo erro tipogr\u00e1fico. <\/em><\/strong><\/p>\n<p><strong>Outros itens necess\u00e1rios:<\/strong> tesoura, alfinetes de costura, velcro ou bot\u00f5es de press\u00e3o, agulha de tape\u00e7aria e marcadores de pontos.<\/p>\n<p><strong>Direitos autorais e informa\u00e7\u00f5es de ajuda:<\/strong><br \/>\nEste padr\u00e3o \u00e9 um padr\u00e3o escrito (digital) com muitas imagens para o ajudar. Se tiver alguma d\u00favida sobre o padr\u00e3o, envie-me um e-mail para <a href=\"mailto:craftygenesindonesia@gmail.com\">craftygenesindonesia@gmail.com<\/a> <\/p>\n<p><strong>Este padr\u00e3o digital de croch\u00ea \u00e9 apenas para uso pessoal e est\u00e1 protegido por direitos autorais. Portanto, voc\u00ea n\u00e3o pode copiar, vender, revender, traduzir, reivindicar como seu pr\u00f3prio design, distribuir, compartilhar, publicar, postar... de nenhuma forma ou maneira sem a minha permiss\u00e3o. Nem mesmo uma parte dele!  <\/strong><\/p>\n<p><strong>Voc\u00ea pode vender o produto ou item acabado, em pequenas quantidades, mas n\u00e3o pode vender o padr\u00e3o de croch\u00ea em si! Mencione que o padr\u00e3o de croch\u00ea \u00e9 da minha autoria, Craftygenesindonesia, e onde pode ser adquirido. <\/strong><\/p>\n<\/div>\n<\/div>\n","protected":false},"excerpt":{"rendered":"<div class=\"et_pb_module et_pb_wc_description et_pb_wc_description_0_tb_body et_pb_bg_layout_light et_pb_text_align_left\">\n<div class=\"et_pb_module_inner\">\n<p>Este \u00e9 um vestido de Natal divertido e f\u00e1cil de fazer para bonecas de moda, como a Barbie.<\/p>\n<\/div>\n<\/div>\n<div class=\"et_pb_with_border et_pb_module et_pb_wc_add_to_cart et_pb_wc_add_to_cart_0_tb_body et_pb_hide_input_quantity et_pb_hide_stock et_pb_fields_label_position_default et_pb_bg_layout_ et_pb_text_align_left\">\n<div class=\"et_pb_module_inner\">\n<form class=\"cart\" action=\"https:\/\/craftygenesindonesia.com\/shop\/doll-dresses\/christmas-dress-1\/\" enctype=\"multipart\/form-data\" method=\"post\">\n<div id=\"yith-wapo-container\" class=\"yith-wapo-container yith-wapo-form-style-theme\" data-product-price=\"1.85\" data-default-product-price=\"1.85\" data-product-id=\"987531166\">\n<div id=\"yith-wapo-block-1\" class=\"yith-wapo-block\">\n<div id=\"yith-wapo-addon-3\" class=\"yith-wapo-addon yith-wapo-addon-type-html_separator default-closed toggle-closed \" data-min=\"\" data-max=\"\" data-exa=\"\" data-addon-type=\"html_separator\">\n<div class=\"addon-header\"><\/div>\n<\/div>\n<\/div>\n<\/div>\n<\/form>\n<\/div>\n<\/div>\n","protected":false},"featured_media":987536170,"comment_status":"open","ping_status":"closed","template":"","meta":{"_acf_changed":false},"product_brand":[],"product_cat":[13011],"product_tag":[13048,12968,13049],"class_list":{"0":"post-987536171","1":"product","2":"type-product","3":"status-publish","4":"has-post-thumbnail","6":"product_cat-vestidos-para-bonecas","7":"product_tag-barbie","8":"product_tag-vestido","9":"product_tag-vestido-de-boneca","10":"pa_available_on-craftygenesindonesia","11":"pa_available_on-ravelry","12":"pa_languages-espanhol","13":"pa_languages-frances","14":"pa_languages-holandes","15":"pa_languages-ingles-dos-eua","17":"first","18":"instock","19":"downloadable","20":"virtual","21":"purchasable","22":"product-type-simple"},"acf":[],"yoast_head":"<!-- This site is optimized with the Yoast SEO plugin v27.4 - https:\/\/yoast.com\/product\/yoast-seo-wordpress\/ -->\n<title>Vestido de Natal 2 padr\u00e3o de croch\u00ea - Craftygenesindonesia<\/title>\n<meta name=\"description\" content=\"Compre aqui o meu padr\u00e3o de croch\u00e9 \u201cVestido de Natal 2\u201d. O padr\u00e3o de croch\u00e9 f\u00e1cil est\u00e1 dispon\u00edvel em ingl\u00eas, holand\u00eas, franc\u00eas e espanhol.\" \/>\n<meta name=\"robots\" content=\"index, follow, max-snippet:-1, max-image-preview:large, max-video-preview:-1\" \/>\n<link rel=\"canonical\" href=\"https:\/\/craftygenesindonesia.com\/pt-br\/shop\/vestidos-para-bonecas\/vestido-de-natal-2\/\" \/>\n<meta property=\"og:locale\" content=\"pt_BR\" \/>\n<meta property=\"og:type\" content=\"article\" \/>\n<meta property=\"og:title\" content=\"Christmas dress 2 crochet pattern\" \/>\n<meta property=\"og:description\" content=\"Compre aqui o meu padr\u00e3o de croch\u00e9 \u201cVestido de Natal 2\u201d. O padr\u00e3o de croch\u00e9 f\u00e1cil est\u00e1 dispon\u00edvel em ingl\u00eas, holand\u00eas, franc\u00eas e espanhol.\" \/>\n<meta property=\"og:url\" content=\"https:\/\/craftygenesindonesia.com\/pt-br\/shop\/vestidos-para-bonecas\/vestido-de-natal-2\/\" \/>\n<meta property=\"og:site_name\" content=\"Craftygenesindonesia\" \/>\n<meta property=\"article:modified_time\" content=\"2026-03-18T03:49:08+00:00\" \/>\n<meta property=\"og:image\" content=\"https:\/\/craftygenesindonesia.com\/wp-content\/uploads\/2023\/11\/Copy-of-Untitled-9-300x300.jpg\" \/>\n<meta name=\"twitter:card\" content=\"summary_large_image\" \/>\n<meta name=\"twitter:label1\" content=\"Est. tempo de leitura\" \/>\n\t<meta name=\"twitter:data1\" content=\"2 minutos\" \/>\n<script type=\"application\/ld+json\" class=\"yoast-schema-graph\">{\"@context\":\"https:\\\/\\\/schema.org\",\"@graph\":[{\"@type\":\"WebPage\",\"@id\":\"https:\\\/\\\/craftygenesindonesia.com\\\/pt-br\\\/shop\\\/vestidos-para-bonecas\\\/vestido-de-natal-2\\\/\",\"url\":\"https:\\\/\\\/craftygenesindonesia.com\\\/pt-br\\\/shop\\\/vestidos-para-bonecas\\\/vestido-de-natal-2\\\/\",\"name\":\"Vestido de Natal 2 padr\u00e3o de croch\u00ea - Craftygenesindonesia\",\"isPartOf\":{\"@id\":\"https:\\\/\\\/craftygenesindonesia.com\\\/pt-br\\\/#website\"},\"primaryImageOfPage\":{\"@id\":\"https:\\\/\\\/craftygenesindonesia.com\\\/pt-br\\\/shop\\\/vestidos-para-bonecas\\\/vestido-de-natal-2\\\/#primaryimage\"},\"image\":{\"@id\":\"https:\\\/\\\/craftygenesindonesia.com\\\/pt-br\\\/shop\\\/vestidos-para-bonecas\\\/vestido-de-natal-2\\\/#primaryimage\"},\"thumbnailUrl\":\"https:\\\/\\\/craftygenesindonesia.com\\\/wp-content\\\/uploads\\\/2023\\\/11\\\/Copy-of-Untitled-9.jpg\",\"datePublished\":\"2025-10-27T21:20:42+00:00\",\"dateModified\":\"2026-03-18T03:49:08+00:00\",\"description\":\"Compre aqui o meu padr\u00e3o de croch\u00e9 \u201cVestido de Natal 2\u201d. O padr\u00e3o de croch\u00e9 f\u00e1cil est\u00e1 dispon\u00edvel em ingl\u00eas, holand\u00eas, franc\u00eas e espanhol.\",\"breadcrumb\":{\"@id\":\"https:\\\/\\\/craftygenesindonesia.com\\\/pt-br\\\/shop\\\/vestidos-para-bonecas\\\/vestido-de-natal-2\\\/#breadcrumb\"},\"inLanguage\":\"pt-BR\",\"potentialAction\":[{\"@type\":\"ReadAction\",\"target\":[\"https:\\\/\\\/craftygenesindonesia.com\\\/pt-br\\\/shop\\\/vestidos-para-bonecas\\\/vestido-de-natal-2\\\/\"]}]},{\"@type\":\"ImageObject\",\"inLanguage\":\"pt-BR\",\"@id\":\"https:\\\/\\\/craftygenesindonesia.com\\\/pt-br\\\/shop\\\/vestidos-para-bonecas\\\/vestido-de-natal-2\\\/#primaryimage\",\"url\":\"https:\\\/\\\/craftygenesindonesia.com\\\/wp-content\\\/uploads\\\/2023\\\/11\\\/Copy-of-Untitled-9.jpg\",\"contentUrl\":\"https:\\\/\\\/craftygenesindonesia.com\\\/wp-content\\\/uploads\\\/2023\\\/11\\\/Copy-of-Untitled-9.jpg\",\"width\":1080,\"height\":1080,\"caption\":\"Vestido de Natal 2\"},{\"@type\":\"BreadcrumbList\",\"@id\":\"https:\\\/\\\/craftygenesindonesia.com\\\/pt-br\\\/shop\\\/vestidos-para-bonecas\\\/vestido-de-natal-2\\\/#breadcrumb\",\"itemListElement\":[{\"@type\":\"ListItem\",\"position\":1,\"name\":\"Home\",\"item\":\"https:\\\/\\\/craftygenesindonesia.com\\\/pt-br\\\/\"},{\"@type\":\"ListItem\",\"position\":2,\"name\":\"Loja de moldes\",\"item\":\"https:\\\/\\\/craftygenesindonesia.com\\\/pt-br\\\/loja-de-moldes\\\/\"},{\"@type\":\"ListItem\",\"position\":3,\"name\":\"Vestido de Natal 2\"}]},{\"@type\":\"WebSite\",\"@id\":\"https:\\\/\\\/craftygenesindonesia.com\\\/pt-br\\\/#website\",\"url\":\"https:\\\/\\\/craftygenesindonesia.com\\\/pt-br\\\/\",\"name\":\"Craftygenesindonesia\",\"description\":\"\",\"publisher\":{\"@id\":\"https:\\\/\\\/craftygenesindonesia.com\\\/pt-br\\\/#organization\"},\"potentialAction\":[{\"@type\":\"SearchAction\",\"target\":{\"@type\":\"EntryPoint\",\"urlTemplate\":\"https:\\\/\\\/craftygenesindonesia.com\\\/pt-br\\\/?s={search_term_string}\"},\"query-input\":{\"@type\":\"PropertyValueSpecification\",\"valueRequired\":true,\"valueName\":\"search_term_string\"}}],\"inLanguage\":\"pt-BR\"},{\"@type\":\"Organization\",\"@id\":\"https:\\\/\\\/craftygenesindonesia.com\\\/pt-br\\\/#organization\",\"name\":\"Craftygenesindonesia\",\"url\":\"https:\\\/\\\/craftygenesindonesia.com\\\/pt-br\\\/\",\"logo\":{\"@type\":\"ImageObject\",\"inLanguage\":\"pt-BR\",\"@id\":\"https:\\\/\\\/craftygenesindonesia.com\\\/pt-br\\\/#\\\/schema\\\/logo\\\/image\\\/\",\"url\":\"https:\\\/\\\/craftygenesindonesia.com\\\/wp-content\\\/uploads\\\/2025\\\/11\\\/cropped-Copy-of-Craftygenesindonesia.jpg\",\"contentUrl\":\"https:\\\/\\\/craftygenesindonesia.com\\\/wp-content\\\/uploads\\\/2025\\\/11\\\/cropped-Copy-of-Craftygenesindonesia.jpg\",\"width\":180,\"height\":60,\"caption\":\"Craftygenesindonesia\"},\"image\":{\"@id\":\"https:\\\/\\\/craftygenesindonesia.com\\\/pt-br\\\/#\\\/schema\\\/logo\\\/image\\\/\"}}]}<\/script>\n<!-- \/ Yoast SEO plugin. -->","yoast_head_json":{"title":"Vestido de Natal 2 padr\u00e3o de croch\u00ea - Craftygenesindonesia","description":"Compre aqui o meu padr\u00e3o de croch\u00e9 \u201cVestido de Natal 2\u201d. O padr\u00e3o de croch\u00e9 f\u00e1cil est\u00e1 dispon\u00edvel em ingl\u00eas, holand\u00eas, franc\u00eas e espanhol.","robots":{"index":"index","follow":"follow","max-snippet":"max-snippet:-1","max-image-preview":"max-image-preview:large","max-video-preview":"max-video-preview:-1"},"canonical":"https:\/\/craftygenesindonesia.com\/pt-br\/shop\/vestidos-para-bonecas\/vestido-de-natal-2\/","og_locale":"pt_BR","og_type":"article","og_title":"Christmas dress 2 crochet pattern","og_description":"Compre aqui o meu padr\u00e3o de croch\u00e9 \u201cVestido de Natal 2\u201d. O padr\u00e3o de croch\u00e9 f\u00e1cil est\u00e1 dispon\u00edvel em ingl\u00eas, holand\u00eas, franc\u00eas e espanhol.","og_url":"https:\/\/craftygenesindonesia.com\/pt-br\/shop\/vestidos-para-bonecas\/vestido-de-natal-2\/","og_site_name":"Craftygenesindonesia","article_modified_time":"2026-03-18T03:49:08+00:00","og_image":[{"url":"https:\/\/craftygenesindonesia.com\/wp-content\/uploads\/2023\/11\/Copy-of-Untitled-9-300x300.jpg","type":"","width":"","height":""}],"twitter_card":"summary_large_image","twitter_misc":{"Est. tempo de leitura":"2 minutos"},"schema":{"@context":"https:\/\/schema.org","@graph":[{"@type":"WebPage","@id":"https:\/\/craftygenesindonesia.com\/pt-br\/shop\/vestidos-para-bonecas\/vestido-de-natal-2\/","url":"https:\/\/craftygenesindonesia.com\/pt-br\/shop\/vestidos-para-bonecas\/vestido-de-natal-2\/","name":"Vestido de Natal 2 padr\u00e3o de croch\u00ea - Craftygenesindonesia","isPartOf":{"@id":"https:\/\/craftygenesindonesia.com\/pt-br\/#website"},"primaryImageOfPage":{"@id":"https:\/\/craftygenesindonesia.com\/pt-br\/shop\/vestidos-para-bonecas\/vestido-de-natal-2\/#primaryimage"},"image":{"@id":"https:\/\/craftygenesindonesia.com\/pt-br\/shop\/vestidos-para-bonecas\/vestido-de-natal-2\/#primaryimage"},"thumbnailUrl":"https:\/\/craftygenesindonesia.com\/wp-content\/uploads\/2023\/11\/Copy-of-Untitled-9.jpg","datePublished":"2025-10-27T21:20:42+00:00","dateModified":"2026-03-18T03:49:08+00:00","description":"Compre aqui o meu padr\u00e3o de croch\u00e9 \u201cVestido de Natal 2\u201d. O padr\u00e3o de croch\u00e9 f\u00e1cil est\u00e1 dispon\u00edvel em ingl\u00eas, holand\u00eas, franc\u00eas e espanhol.","breadcrumb":{"@id":"https:\/\/craftygenesindonesia.com\/pt-br\/shop\/vestidos-para-bonecas\/vestido-de-natal-2\/#breadcrumb"},"inLanguage":"pt-BR","potentialAction":[{"@type":"ReadAction","target":["https:\/\/craftygenesindonesia.com\/pt-br\/shop\/vestidos-para-bonecas\/vestido-de-natal-2\/"]}]},{"@type":"ImageObject","inLanguage":"pt-BR","@id":"https:\/\/craftygenesindonesia.com\/pt-br\/shop\/vestidos-para-bonecas\/vestido-de-natal-2\/#primaryimage","url":"https:\/\/craftygenesindonesia.com\/wp-content\/uploads\/2023\/11\/Copy-of-Untitled-9.jpg","contentUrl":"https:\/\/craftygenesindonesia.com\/wp-content\/uploads\/2023\/11\/Copy-of-Untitled-9.jpg","width":1080,"height":1080,"caption":"Vestido de Natal 2"},{"@type":"BreadcrumbList","@id":"https:\/\/craftygenesindonesia.com\/pt-br\/shop\/vestidos-para-bonecas\/vestido-de-natal-2\/#breadcrumb","itemListElement":[{"@type":"ListItem","position":1,"name":"Home","item":"https:\/\/craftygenesindonesia.com\/pt-br\/"},{"@type":"ListItem","position":2,"name":"Loja de moldes","item":"https:\/\/craftygenesindonesia.com\/pt-br\/loja-de-moldes\/"},{"@type":"ListItem","position":3,"name":"Vestido de Natal 2"}]},{"@type":"WebSite","@id":"https:\/\/craftygenesindonesia.com\/pt-br\/#website","url":"https:\/\/craftygenesindonesia.com\/pt-br\/","name":"Craftygenesindonesia","description":"","publisher":{"@id":"https:\/\/craftygenesindonesia.com\/pt-br\/#organization"},"potentialAction":[{"@type":"SearchAction","target":{"@type":"EntryPoint","urlTemplate":"https:\/\/craftygenesindonesia.com\/pt-br\/?s={search_term_string}"},"query-input":{"@type":"PropertyValueSpecification","valueRequired":true,"valueName":"search_term_string"}}],"inLanguage":"pt-BR"},{"@type":"Organization","@id":"https:\/\/craftygenesindonesia.com\/pt-br\/#organization","name":"Craftygenesindonesia","url":"https:\/\/craftygenesindonesia.com\/pt-br\/","logo":{"@type":"ImageObject","inLanguage":"pt-BR","@id":"https:\/\/craftygenesindonesia.com\/pt-br\/#\/schema\/logo\/image\/","url":"https:\/\/craftygenesindonesia.com\/wp-content\/uploads\/2025\/11\/cropped-Copy-of-Craftygenesindonesia.jpg","contentUrl":"https:\/\/craftygenesindonesia.com\/wp-content\/uploads\/2025\/11\/cropped-Copy-of-Craftygenesindonesia.jpg","width":180,"height":60,"caption":"Craftygenesindonesia"},"image":{"@id":"https:\/\/craftygenesindonesia.com\/pt-br\/#\/schema\/logo\/image\/"}}]}},"_links":{"self":[{"href":"https:\/\/craftygenesindonesia.com\/pt-br\/wp-json\/wp\/v2\/product\/987536171","targetHints":{"allow":["GET"]}}],"collection":[{"href":"https:\/\/craftygenesindonesia.com\/pt-br\/wp-json\/wp\/v2\/product"}],"about":[{"href":"https:\/\/craftygenesindonesia.com\/pt-br\/wp-json\/wp\/v2\/types\/product"}],"replies":[{"embeddable":true,"href":"https:\/\/craftygenesindonesia.com\/pt-br\/wp-json\/wp\/v2\/comments?post=987536171"}],"wp:featuredmedia":[{"embeddable":true,"href":"https:\/\/craftygenesindonesia.com\/pt-br\/wp-json\/wp\/v2\/media\/987536170"}],"wp:attachment":[{"href":"https:\/\/craftygenesindonesia.com\/pt-br\/wp-json\/wp\/v2\/media?parent=987536171"}],"wp:term":[{"taxonomy":"product_brand","embeddable":true,"href":"https:\/\/craftygenesindonesia.com\/pt-br\/wp-json\/wp\/v2\/product_brand?post=987536171"},{"taxonomy":"product_cat","embeddable":true,"href":"https:\/\/craftygenesindonesia.com\/pt-br\/wp-json\/wp\/v2\/product_cat?post=987536171"},{"taxonomy":"product_tag","embeddable":true,"href":"https:\/\/craftygenesindonesia.com\/pt-br\/wp-json\/wp\/v2\/product_tag?post=987536171"}],"curies":[{"name":"wp","href":"https:\/\/api.w.org\/{rel}","templated":true}]}}