{"id":987539580,"date":"2023-12-07T17:31:14","date_gmt":"2023-12-07T09:31:14","guid":{"rendered":"https:\/\/craftygenesindonesia.com\/carrinho\/"},"modified":"2026-03-16T11:29:27","modified_gmt":"2026-03-16T03:29:27","slug":"carrinho","status":"publish","type":"page","link":"https:\/\/craftygenesindonesia.com\/pt-br\/carrinho\/","title":{"rendered":"Carrinho"},"content":{"rendered":"<div class=\"et_pb_section_0 et_pb_section et_section_regular et_flex_section\">\n<div class=\"et_pb_row_0 et_pb_row et_flex_row et_flex_column_24_24 et_flex_column_24_24_tablet et_flex_column_24_24_phone\">\n<div class=\"et_pb_column_0 et_pb_column et-last-child et_flex_column et_pb_css_mix_blend_mode_passthrough et_flex_column_24_24 et_flex_column_24_24_tablet et_flex_column_24_24_phone\">\n<div class=\"et_pb_heading_0 et_pb_heading et_pb_module et_flex_module\"><div class=\"et_pb_heading_container\"><h1 class=\"et_pb_module_header\">Carrinho<\/h1><\/div><\/div>\n<\/div>\n<\/div>\n\n<div class=\"et_pb_row_1 et_pb_row et_flex_row et_flex_column_24_24 et_flex_column_24_24_tablet et_flex_column_24_24_phone\">\n<div class=\"et_pb_column_1 et_pb_column et-last-child et_flex_column et_pb_css_mix_blend_mode_passthrough et_flex_column_24_24 et_flex_column_24_24_tablet et_flex_column_24_24_phone\">\n<div class=\"et_pb_wc_cart_products_0 et_pb_wc_cart_products woocommerce-cart woocommerce et_pb_woo_custom_button_icon et_pb_wc_cart_empty et_pb_row_layout_default et_pb_module\" data-apply-coupon-icon=\"\" data-apply-coupon-icon-tablet=\"\" data-apply-coupon-icon-phone=\"\" data-update-cart-icon=\"\uf4ff\" data-update-cart-icon-tablet=\"\" data-update-cart-icon-phone=\"\"><div class=\"et_pb_module_inner\"><div class=\"wlr-message-info wlr_points_rewards_earn_points\" style=\"margin:5px 0;padding: 5px 28px;border:1px solid #9CC21D;border-radius: 6px;color:#9CC21D;background-color: #ffffff;font-size: 15px;font-weight: 600;display: flex;align-items: center\">\n<i class=\"wlr wlrf-point wlr-theme-color-apply\" style=\"color: $cart_border_color;margin: 8px 20px 8px 0;font-size: 30px;border-radius:6px\"><\/i><p style=\"margin:0 0 0\">Complete your order and earn 187 points &amp; rewards for a discount on a future purchase<\/p><\/div><div class=\"wlr-message-info wlr_point_redeem_message\"><\/div>\n<form class=\"woocommerce-cart-form\" action=\"https:\/\/craftygenesindonesia.com\/pt-br\/carrinho\/\" method=\"post\">\n\t\n\t<table class=\"shop_table shop_table_responsive cart woocommerce-cart-form__contents\" cellspacing=\"0\">\n\t\t<thead>\n\t\t\t<tr>\n\t\t\t\t<th class=\"product-remove\">&nbsp;<\/th>\n\t\t\t\t<th class=\"product-thumbnail\">&nbsp;<\/th>\n\t\t\t\t<th class=\"product-name\">Produto<\/th>\n\t\t\t\t<th class=\"product-price\">Pre\u00e7o<\/th>\n\t\t\t\t<th class=\"product-quantity\">Quantidade<\/th>\n\t\t\t\t<th class=\"product-subtotal\">Subtotal<\/th>\n\t\t\t<\/tr>\n\t\t<\/thead>\n\t\t<tbody>\n\t\t\t\n\t\t\t\t\t\t\t\t<tr class=\"woocommerce-cart-form__cart-item cart_item\">\n\n\t\t\t\t\t\t<td class=\"product-remove\">\n\t\t\t\t\t\t\t<a href=\"https:\/\/craftygenesindonesia.com\/pt-br\/carrinho\/?remove_item=b706835de79a2b4e80506f582af3676a&#038;_wpnonce=a45a60293d\" class=\"remove\" aria-label=\"Remove this item\" data-product_id=\"999\" data-product_sku=\"product-name\">&times;<\/a>\t\t\t\t\t\t<\/td>\n\n\t\t\t\t\t\t<td class=\"product-thumbnail\">\n\t\t\t\t\t\t<a href=\"#\"><img decoding=\"async\" src=\"data:image\/svg+xml;base64,PHN2ZyBpZD0ibXlTdmdFbGVtZW50IiB3aWR0aD0iNTQwIiBoZWlnaHQ9IjU0MCIgdmlld0JveD0iMCAwIDU0MCA1NDAiIHhtbG5zPSJodHRwOi8vd3d3LnczLm9yZy8yMDAwL3N2ZyI+Cgk8Zz4KCQk8cGF0aCBkPSJNMCwwaDU0MHY1NDBIMFYweiIgZmlsbD0iI0VCRUJFQiIvPgoJCTxwYXRoIGQ9Ik00NDUuNiw1NDBoLTk5bC0yMDItMjAyTDAsNDgyLjZ2LTk5bDExNi40LTExNi40YzE1LjYtMTUuNiw0MC45LTE1LjYsNTYuNiwwTDQ0NS42LDU0MEw0NDUuNiw1NDB6IiBmaWxsLW9wYWNpdHk9Ii4xIiBmaWxsPSIjMDAwIiBmaWxsLXJ1bGU9Im5vbnplcm8iLz4KCQk8Y2lyY2xlIGN4PSIzMzEiIGN5PSIxNDgiIHI9IjcwIiBmaWxsLW9wYWNpdHk9Ii4wNSIgZmlsbD0iIzAwMCIvPgoJCTxwb2x5Z29uIHBvaW50cz0iNTQwLDIxNS4yIDIxNS4yLDU0MCAzMjguMyw1NDAgNTQwLDMyOC4zIiBmaWxsLW9wYWNpdHk9Ii4yIiBmaWxsPSIjMDAwIiBmaWxsLXJ1bGU9Im5vbnplcm8iLz4KCTwvZz4KPC9zdmc+\" alt=\"Product image\" \/><\/a>\t\t\t\t\t\t<\/td>\n\n\t\t\t\t\t\t<td class=\"product-name\" data-title=\"Produto\">\n\t\t\t\t\t\t<a href=\"\"><\/a>\t\t\t\t\t\t<\/td>\n\n\t\t\t\t\t\t<td class=\"product-price\" data-title=\"Pre\u00e7o\">\n\t\t\t\t\t\t\t<span class=\"woocommerce-Price-amount amount\"><bdi><span class=\"woocommerce-Price-currencySymbol\">&euro;<\/span>12,00<\/bdi><\/span>\t\t\t\t\t\t<\/td>\n\n\t\t\t\t\t\t<td class=\"product-quantity\" data-title=\"Quantidade\">\n\t\t\t\t\t\t\t<div class=\"quantity\">\n\t\t\t\t<label class=\"screen-reader-text\" for=\"quantity_69d43356ea9a5\">Product 1 quantidade<\/label>\n\t\t<input\n\t\t\ttype=\"number\"\n\t\t\tid=\"quantity_69d43356ea9a5\"\n\t\t\tclass=\"input-text qty text\"\n\t\t\tstep=\"1\"\n\t\t\tmin=\"0\"\n\t\t\tmax=\"50\"\n\t\t\tname=\"cart[b706835de79a2b4e80506f582af3676a][qty]\"\n\t\t\tvalue=\"3\"\n\t\t\ttitle=\"Qty\"\n\t\t\tsize=\"4\"\n\t\t\tplaceholder=\"\"\n\t\t\tinputmode=\"numeric\"\n\t\t\/>\n\t\t\t\t\t<\/div>\n\t\t\t\t\t\t\t<\/td>\n\n\t\t\t\t\t\t<td class=\"product-subtotal\" data-title=\"Subtotal\">\n\t\t\t\t\t\t\t<span class=\"woocommerce-Price-amount amount\"><bdi><span class=\"woocommerce-Price-currencySymbol\">&euro;<\/span>36,00<\/bdi><\/span>\t\t\t\t\t\t<\/td>\n\t\t\t\t\t<\/tr>\n\t\t\t\t\t\t\t\t\t\t<tr class=\"woocommerce-cart-form__cart-item cart_item\">\n\n\t\t\t\t\t\t<td class=\"product-remove\">\n\t\t\t\t\t\t\t<a href=\"https:\/\/craftygenesindonesia.com\/pt-br\/carrinho\/?remove_item=a9b7ba70783b617e9998dc4dd82eb3c5&#038;_wpnonce=a45a60293d\" class=\"remove\" aria-label=\"Remove this item\" data-product_id=\"1000\" data-product_sku=\"product-name\">&times;<\/a>\t\t\t\t\t\t<\/td>\n\n\t\t\t\t\t\t<td class=\"product-thumbnail\">\n\t\t\t\t\t\t<a href=\"#\"><img decoding=\"async\" src=\"data:image\/svg+xml;base64,PHN2ZyBpZD0ibXlTdmdFbGVtZW50IiB3aWR0aD0iNTQwIiBoZWlnaHQ9IjU0MCIgdmlld0JveD0iMCAwIDU0MCA1NDAiIHhtbG5zPSJodHRwOi8vd3d3LnczLm9yZy8yMDAwL3N2ZyI+Cgk8Zz4KCQk8cGF0aCBkPSJNMCwwaDU0MHY1NDBIMFYweiIgZmlsbD0iI0VCRUJFQiIvPgoJCTxwYXRoIGQ9Ik00NDUuNiw1NDBoLTk5bC0yMDItMjAyTDAsNDgyLjZ2LTk5bDExNi40LTExNi40YzE1LjYtMTUuNiw0MC45LTE1LjYsNTYuNiwwTDQ0NS42LDU0MEw0NDUuNiw1NDB6IiBmaWxsLW9wYWNpdHk9Ii4xIiBmaWxsPSIjMDAwIiBmaWxsLXJ1bGU9Im5vbnplcm8iLz4KCQk8Y2lyY2xlIGN4PSIzMzEiIGN5PSIxNDgiIHI9IjcwIiBmaWxsLW9wYWNpdHk9Ii4wNSIgZmlsbD0iIzAwMCIvPgoJCTxwb2x5Z29uIHBvaW50cz0iNTQwLDIxNS4yIDIxNS4yLDU0MCAzMjguMyw1NDAgNTQwLDMyOC4zIiBmaWxsLW9wYWNpdHk9Ii4yIiBmaWxsPSIjMDAwIiBmaWxsLXJ1bGU9Im5vbnplcm8iLz4KCTwvZz4KPC9zdmc+\" alt=\"Product image\" \/><\/a>\t\t\t\t\t\t<\/td>\n\n\t\t\t\t\t\t<td class=\"product-name\" data-title=\"Produto\">\n\t\t\t\t\t\t<a href=\"\"><\/a><dl class=\"variation\">\n\t\t\t<dt class=\"variation-Size\">Size:<\/dt>\n\t\t<dd class=\"variation-Size\"><p>Large<\/p>\n<\/dd>\n\t<\/dl>\n\t\t\t\t\t\t<\/td>\n\n\t\t\t\t\t\t<td class=\"product-price\" data-title=\"Pre\u00e7o\">\n\t\t\t\t\t\t\t<span class=\"woocommerce-Price-amount amount\"><bdi><span class=\"woocommerce-Price-currencySymbol\">&euro;<\/span>75,00<\/bdi><\/span>\t\t\t\t\t\t<\/td>\n\n\t\t\t\t\t\t<td class=\"product-quantity\" data-title=\"Quantidade\">\n\t\t\t\t\t\t\t<div class=\"quantity\">\n\t\t\t\t<label class=\"screen-reader-text\" for=\"quantity_69d43356eb5b7\">Product 2 quantidade<\/label>\n\t\t<input\n\t\t\ttype=\"number\"\n\t\t\tid=\"quantity_69d43356eb5b7\"\n\t\t\tclass=\"input-text qty text\"\n\t\t\tstep=\"1\"\n\t\t\tmin=\"0\"\n\t\t\tmax=\"50\"\n\t\t\tname=\"cart[a9b7ba70783b617e9998dc4dd82eb3c5][qty]\"\n\t\t\tvalue=\"1\"\n\t\t\ttitle=\"Qty\"\n\t\t\tsize=\"4\"\n\t\t\tplaceholder=\"\"\n\t\t\tinputmode=\"numeric\"\n\t\t\/>\n\t\t\t\t\t<\/div>\n\t\t\t\t\t\t\t<\/td>\n\n\t\t\t\t\t\t<td class=\"product-subtotal\" data-title=\"Subtotal\">\n\t\t\t\t\t\t\t<span class=\"woocommerce-Price-amount amount\"><bdi><span class=\"woocommerce-Price-currencySymbol\">&euro;<\/span>75,00<\/bdi><\/span>\t\t\t\t\t\t<\/td>\n\t\t\t\t\t<\/tr>\n\t\t\t\t\t\t\t\t\t\t<tr class=\"woocommerce-cart-form__cart-item cart_item\">\n\n\t\t\t\t\t\t<td class=\"product-remove\">\n\t\t\t\t\t\t\t<a href=\"https:\/\/craftygenesindonesia.com\/pt-br\/carrinho\/?remove_item=b8c37e33defde51cf91e1e03e51657da&#038;_wpnonce=a45a60293d\" class=\"remove\" aria-label=\"Remove this item\" data-product_id=\"1001\" data-product_sku=\"product-name\">&times;<\/a>\t\t\t\t\t\t<\/td>\n\n\t\t\t\t\t\t<td class=\"product-thumbnail\">\n\t\t\t\t\t\t<a href=\"#\"><img decoding=\"async\" src=\"data:image\/svg+xml;base64,PHN2ZyBpZD0ibXlTdmdFbGVtZW50IiB3aWR0aD0iNTQwIiBoZWlnaHQ9IjU0MCIgdmlld0JveD0iMCAwIDU0MCA1NDAiIHhtbG5zPSJodHRwOi8vd3d3LnczLm9yZy8yMDAwL3N2ZyI+Cgk8Zz4KCQk8cGF0aCBkPSJNMCwwaDU0MHY1NDBIMFYweiIgZmlsbD0iI0VCRUJFQiIvPgoJCTxwYXRoIGQ9Ik00NDUuNiw1NDBoLTk5bC0yMDItMjAyTDAsNDgyLjZ2LTk5bDExNi40LTExNi40YzE1LjYtMTUuNiw0MC45LTE1LjYsNTYuNiwwTDQ0NS42LDU0MEw0NDUuNiw1NDB6IiBmaWxsLW9wYWNpdHk9Ii4xIiBmaWxsPSIjMDAwIiBmaWxsLXJ1bGU9Im5vbnplcm8iLz4KCQk8Y2lyY2xlIGN4PSIzMzEiIGN5PSIxNDgiIHI9IjcwIiBmaWxsLW9wYWNpdHk9Ii4wNSIgZmlsbD0iIzAwMCIvPgoJCTxwb2x5Z29uIHBvaW50cz0iNTQwLDIxNS4yIDIxNS4yLDU0MCAzMjguMyw1NDAgNTQwLDMyOC4zIiBmaWxsLW9wYWNpdHk9Ii4yIiBmaWxsPSIjMDAwIiBmaWxsLXJ1bGU9Im5vbnplcm8iLz4KCTwvZz4KPC9zdmc+\" alt=\"Product image\" \/><\/a>\t\t\t\t\t\t<\/td>\n\n\t\t\t\t\t\t<td class=\"product-name\" data-title=\"Produto\">\n\t\t\t\t\t\t<a href=\"\"><\/a><dl class=\"variation\">\n\t\t\t<dt class=\"variation-Color\">Color:<\/dt>\n\t\t<dd class=\"variation-Color\"><p>Black<\/p>\n<\/dd>\n\t<\/dl>\n\t\t\t\t\t\t<\/td>\n\n\t\t\t\t\t\t<td class=\"product-price\" data-title=\"Pre\u00e7o\">\n\t\t\t\t\t\t\t<span class=\"woocommerce-Price-amount amount\"><bdi><span class=\"woocommerce-Price-currencySymbol\">&euro;<\/span>38,00<\/bdi><\/span>\t\t\t\t\t\t<\/td>\n\n\t\t\t\t\t\t<td class=\"product-quantity\" data-title=\"Quantidade\">\n\t\t\t\t\t\t\t<div class=\"quantity\">\n\t\t\t\t<label class=\"screen-reader-text\" for=\"quantity_69d43356ebde7\">Product 3 quantidade<\/label>\n\t\t<input\n\t\t\ttype=\"number\"\n\t\t\tid=\"quantity_69d43356ebde7\"\n\t\t\tclass=\"input-text qty text\"\n\t\t\tstep=\"1\"\n\t\t\tmin=\"0\"\n\t\t\tmax=\"50\"\n\t\t\tname=\"cart[b8c37e33defde51cf91e1e03e51657da][qty]\"\n\t\t\tvalue=\"2\"\n\t\t\ttitle=\"Qty\"\n\t\t\tsize=\"4\"\n\t\t\tplaceholder=\"\"\n\t\t\tinputmode=\"numeric\"\n\t\t\/>\n\t\t\t\t\t<\/div>\n\t\t\t\t\t\t\t<\/td>\n\n\t\t\t\t\t\t<td class=\"product-subtotal\" data-title=\"Subtotal\">\n\t\t\t\t\t\t\t<span class=\"woocommerce-Price-amount amount\"><bdi><span class=\"woocommerce-Price-currencySymbol\">&euro;<\/span>76,00<\/bdi><\/span>\t\t\t\t\t\t<\/td>\n\t\t\t\t\t<\/tr>\n\t\t\t\t\t\n\t\t\t\n\t\t\t<tr>\n\t\t\t\t<td colspan=\"6\" class=\"actions\">\n\n\t\t\t\t\t\t\t\t\t\t\t<div class=\"coupon\">\n\t\t\t\t\t\t\t<label for=\"coupon_code\">Cupom:<\/label> <input type=\"text\" name=\"coupon_code\" class=\"input-text\" id=\"coupon_code\" value=\"\" placeholder=\"C\u00f3digo do cupom\" \/> <button type=\"submit\" class=\"button\" name=\"apply_coupon\" value=\"Aplicar cupom\">Aplicar cupom<\/button>\n\t\t\t\t\t\t\t\t\t\t\t\t\t<\/div>\n\t\t\t\t\t\n\t\t\t\t\t<button type=\"submit\" class=\"button\" name=\"update_cart\" value=\"Atualizar carrinho\" disabled=\"disabled\">Atualizar carrinho<\/button>\n\n\t\t\t\t\t\n\t\t\t\t\t<input type=\"hidden\" id=\"woocommerce-cart-nonce\" name=\"woocommerce-cart-nonce\" value=\"a45a60293d\" \/><input type=\"hidden\" name=\"_wp_http_referer\" value=\"\/pt-br\/wp-json\/wp\/v2\/pages\/987539580\" \/>\t\t\t\t<\/td>\n\t\t\t<\/tr>\n\n\t\t\t\t\t<\/tbody>\n\t<\/table>\n\t<\/form>\n\n\n<div class=\"cart-collaterals\">\n\t<\/div>\n\n<\/div><\/div>\n<\/div>\n<\/div>\n\n<div class=\"et_pb_row_2 et_pb_row et_flex_row et_flex_column_24_24 et_flex_column_24_24_tablet et_flex_column_24_24_phone\"><span class=\"et_pb_background_pattern\"><\/span>\n<div class=\"et_pb_column_2 et_pb_column et-last-child et_flex_column et_pb_css_mix_blend_mode_passthrough et_flex_column_24_24 et_flex_column_24_24_tablet et_flex_column_24_24_phone\">\n<div class=\"et_pb_wc_cart_totals_0 et_pb_wc_cart_totals woocommerce-cart et_pb_module\"><div class=\"et_pb_module_inner\"><div class=\"cart_totals \">\n\n\t<div id=\"pisol-otw-tips\"><\/div>\n\t<h2>Total no carrinho<\/h2>\n\n\t<table cellspacing=\"0\" class=\"shop_table shop_table_responsive\">\n\n\t\t<tr class=\"cart-subtotal\">\n\t\t\t<th>Subtotal<\/th>\n\t\t\t<td data-title=\"Subtotal\"><span class=\"woocommerce-Price-amount amount\"><bdi><span class=\"woocommerce-Price-currencySymbol\">&euro;<\/span>187,00<\/bdi><\/span><\/td>\n\t\t<\/tr>\n\n\t\t\n\t\t\t<tr class=\"shipping\">\n\t\t\t\t<th>Entrega<\/th>\n\t\t\t\t<td data-title=\"Entrega\">\n\t\t\t\t\tDigite seu endere\u00e7o para ver as op\u00e7\u00f5es de entrega.\n<form class=\"woocommerce-shipping-calculator\" action=\"https:\/\/craftygenesindonesia.com\/pt-br\/carrinho\/\" method=\"post\">\n\n\t<a href=\"#\" class=\"shipping-calculator-button\" aria-expanded=\"false\" aria-controls=\"shipping-calculator-form\" role=\"button\">Calcular entrega<\/a>\n\t<section class=\"shipping-calculator-form\" id=\"shipping-calculator-form\" style=\"display:none;\">\n\n\t\t\t\t\t<p class=\"form-row form-row-wide\" id=\"calc_shipping_country_field\">\n\t\t\t\t<label for=\"calc_shipping_country\">Pa\u00eds \/ regi\u00e3o<\/label>\n\t\t\t\t<select name=\"calc_shipping_country\" id=\"calc_shipping_country\" class=\"country_to_state country_select\" rel=\"calc_shipping_state\">\n\t\t\t\t\t<option value=\"default\">Selecione um pa\u00eds&hellip;<\/option>\n\t\t\t\t\t\t\t\t\t<\/select>\n\t\t\t<\/p>\n\t\t\n\t\t\t\t\t<p class=\"form-row form-row-wide\" id=\"calc_shipping_state_field\">\n\t\t\t\t\t\t\t\t\t<label for=\"calc_shipping_state\">Estado<\/label>\n\t\t\t\t\t<input type=\"text\" class=\"input-text\" value=\"\" name=\"calc_shipping_state\" id=\"calc_shipping_state\" \/>\n\t\t\t\t\t\t\t\t<\/p>\n\t\t\n\t\t\t\t\t<p class=\"form-row form-row-wide\" id=\"calc_shipping_city_field\">\n\t\t\t\t<label for=\"calc_shipping_city\">Cidade:<\/label>\n\t\t\t\t<input type=\"text\" class=\"input-text\" value=\"\" name=\"calc_shipping_city\" id=\"calc_shipping_city\" \/>\n\t\t\t<\/p>\n\t\t\n\t\t\t\t\t<p class=\"form-row form-row-wide\" id=\"calc_shipping_postcode_field\">\n\t\t\t\t<label for=\"calc_shipping_postcode\">C\u00f3digo postal \/ CEP:<\/label>\n\t\t\t\t<input type=\"text\" class=\"input-text\" value=\"\" name=\"calc_shipping_postcode\" id=\"calc_shipping_postcode\" \/>\n\t\t\t<\/p>\n\t\t\n\t\t<p><button type=\"submit\" name=\"calc_shipping\" value=\"1\" class=\"button\">Atualizar<\/button><\/p>\n\t\t<input type=\"hidden\" id=\"woocommerce-shipping-calculator-nonce\" name=\"woocommerce-shipping-calculator-nonce\" value=\"dfaaeaba50\" \/><input type=\"hidden\" name=\"_wp_http_referer\" value=\"\/pt-br\/wp-json\/wp\/v2\/pages\/987539580\" \/>\t<\/section>\n<\/form>\n\n\t\t\t\t<\/td>\n\t\t\t<\/tr>\n\n\t\t\n\t\t\n\t\t\n\t\t<tr class=\"order-total\">\n\t\t\t<th>Total<\/th>\n\t\t\t<td data-title=\"Total\"><strong><span class=\"woocommerce-Price-amount amount\"><bdi><span class=\"woocommerce-Price-currencySymbol\">&euro;<\/span>187,00<\/bdi><\/span><\/strong><\/td>\n\t\t<\/tr>\n\n\t\t\n\t<\/table>\n\n\t<div class=\"wc-proceed-to-checkout\">\n\t\t\n<a href=\"https:\/\/craftygenesindonesia.com\/pt-br\/finalizar-compra\/\" class=\"checkout-button button alt wc-forward\">\n\tContinuar para Finaliza\u00e7\u00e3o<\/a>\n\t<\/div>\n\n\t\n<\/div>\n<\/div><\/div>\n<\/div>\n<\/div>\n<\/div>","protected":false},"excerpt":{"rendered":"","protected":false},"author":1,"featured_media":0,"parent":0,"menu_order":0,"comment_status":"closed","ping_status":"closed","template":"","meta":{"_acf_changed":false,"footnotes":""},"class_list":["post-987539580","page","type-page","status-publish","hentry"],"acf":[],"yoast_head":"<!-- This site is optimized with the Yoast SEO plugin v27.3 - https:\/\/yoast.com\/product\/yoast-seo-wordpress\/ -->\n<title>Carrinho - Craftygenesindonesia<\/title>\n<meta name=\"robots\" content=\"index, follow, max-snippet:-1, max-image-preview:large, max-video-preview:-1\" \/>\n<link rel=\"canonical\" href=\"https:\/\/craftygenesindonesia.com\/pt-br\/carrinho\/\" \/>\n<meta property=\"og:locale\" content=\"pt_BR\" \/>\n<meta property=\"og:type\" content=\"article\" \/>\n<meta property=\"og:title\" content=\"Carrinho - Craftygenesindonesia\" \/>\n<meta property=\"og:url\" content=\"https:\/\/craftygenesindonesia.com\/pt-br\/carrinho\/\" \/>\n<meta property=\"og:site_name\" content=\"Craftygenesindonesia\" \/>\n<meta property=\"article:modified_time\" content=\"2026-03-16T03:29:27+00:00\" \/>\n<meta name=\"twitter:card\" content=\"summary_large_image\" \/>\n<script type=\"application\/ld+json\" class=\"yoast-schema-graph\">{\"@context\":\"https:\\\/\\\/schema.org\",\"@graph\":[{\"@type\":\"WebPage\",\"@id\":\"https:\\\/\\\/craftygenesindonesia.com\\\/pt-br\\\/carrinho\\\/\",\"url\":\"https:\\\/\\\/craftygenesindonesia.com\\\/pt-br\\\/carrinho\\\/\",\"name\":\"Carrinho - Craftygenesindonesia\",\"isPartOf\":{\"@id\":\"https:\\\/\\\/craftygenesindonesia.com\\\/pt-br\\\/#website\"},\"datePublished\":\"2023-12-07T09:31:14+00:00\",\"dateModified\":\"2026-03-16T03:29:27+00:00\",\"breadcrumb\":{\"@id\":\"https:\\\/\\\/craftygenesindonesia.com\\\/pt-br\\\/carrinho\\\/#breadcrumb\"},\"inLanguage\":\"pt-BR\",\"potentialAction\":[{\"@type\":\"ReadAction\",\"target\":[\"https:\\\/\\\/craftygenesindonesia.com\\\/pt-br\\\/carrinho\\\/\"]}]},{\"@type\":\"BreadcrumbList\",\"@id\":\"https:\\\/\\\/craftygenesindonesia.com\\\/pt-br\\\/carrinho\\\/#breadcrumb\",\"itemListElement\":[{\"@type\":\"ListItem\",\"position\":1,\"name\":\"Home\",\"item\":\"https:\\\/\\\/craftygenesindonesia.com\\\/pt-br\\\/\"},{\"@type\":\"ListItem\",\"position\":2,\"name\":\"Carrinho\"}]},{\"@type\":\"WebSite\",\"@id\":\"https:\\\/\\\/craftygenesindonesia.com\\\/pt-br\\\/#website\",\"url\":\"https:\\\/\\\/craftygenesindonesia.com\\\/pt-br\\\/\",\"name\":\"Craftygenesindonesia\",\"description\":\"\",\"publisher\":{\"@id\":\"https:\\\/\\\/craftygenesindonesia.com\\\/pt-br\\\/#organization\"},\"potentialAction\":[{\"@type\":\"SearchAction\",\"target\":{\"@type\":\"EntryPoint\",\"urlTemplate\":\"https:\\\/\\\/craftygenesindonesia.com\\\/pt-br\\\/?s={search_term_string}\"},\"query-input\":{\"@type\":\"PropertyValueSpecification\",\"valueRequired\":true,\"valueName\":\"search_term_string\"}}],\"inLanguage\":\"pt-BR\"},{\"@type\":\"Organization\",\"@id\":\"https:\\\/\\\/craftygenesindonesia.com\\\/pt-br\\\/#organization\",\"name\":\"Craftygenesindonesia\",\"url\":\"https:\\\/\\\/craftygenesindonesia.com\\\/pt-br\\\/\",\"logo\":{\"@type\":\"ImageObject\",\"inLanguage\":\"pt-BR\",\"@id\":\"https:\\\/\\\/craftygenesindonesia.com\\\/pt-br\\\/#\\\/schema\\\/logo\\\/image\\\/\",\"url\":\"https:\\\/\\\/craftygenesindonesia.com\\\/wp-content\\\/uploads\\\/2025\\\/11\\\/cropped-Copy-of-Craftygenesindonesia.jpg\",\"contentUrl\":\"https:\\\/\\\/craftygenesindonesia.com\\\/wp-content\\\/uploads\\\/2025\\\/11\\\/cropped-Copy-of-Craftygenesindonesia.jpg\",\"width\":180,\"height\":60,\"caption\":\"Craftygenesindonesia\"},\"image\":{\"@id\":\"https:\\\/\\\/craftygenesindonesia.com\\\/pt-br\\\/#\\\/schema\\\/logo\\\/image\\\/\"}}]}<\/script>\n<!-- \/ Yoast SEO plugin. -->","yoast_head_json":{"title":"Carrinho - Craftygenesindonesia","robots":{"index":"index","follow":"follow","max-snippet":"max-snippet:-1","max-image-preview":"max-image-preview:large","max-video-preview":"max-video-preview:-1"},"canonical":"https:\/\/craftygenesindonesia.com\/pt-br\/carrinho\/","og_locale":"pt_BR","og_type":"article","og_title":"Carrinho - Craftygenesindonesia","og_url":"https:\/\/craftygenesindonesia.com\/pt-br\/carrinho\/","og_site_name":"Craftygenesindonesia","article_modified_time":"2026-03-16T03:29:27+00:00","twitter_card":"summary_large_image","schema":{"@context":"https:\/\/schema.org","@graph":[{"@type":"WebPage","@id":"https:\/\/craftygenesindonesia.com\/pt-br\/carrinho\/","url":"https:\/\/craftygenesindonesia.com\/pt-br\/carrinho\/","name":"Carrinho - Craftygenesindonesia","isPartOf":{"@id":"https:\/\/craftygenesindonesia.com\/pt-br\/#website"},"datePublished":"2023-12-07T09:31:14+00:00","dateModified":"2026-03-16T03:29:27+00:00","breadcrumb":{"@id":"https:\/\/craftygenesindonesia.com\/pt-br\/carrinho\/#breadcrumb"},"inLanguage":"pt-BR","potentialAction":[{"@type":"ReadAction","target":["https:\/\/craftygenesindonesia.com\/pt-br\/carrinho\/"]}]},{"@type":"BreadcrumbList","@id":"https:\/\/craftygenesindonesia.com\/pt-br\/carrinho\/#breadcrumb","itemListElement":[{"@type":"ListItem","position":1,"name":"Home","item":"https:\/\/craftygenesindonesia.com\/pt-br\/"},{"@type":"ListItem","position":2,"name":"Carrinho"}]},{"@type":"WebSite","@id":"https:\/\/craftygenesindonesia.com\/pt-br\/#website","url":"https:\/\/craftygenesindonesia.com\/pt-br\/","name":"Craftygenesindonesia","description":"","publisher":{"@id":"https:\/\/craftygenesindonesia.com\/pt-br\/#organization"},"potentialAction":[{"@type":"SearchAction","target":{"@type":"EntryPoint","urlTemplate":"https:\/\/craftygenesindonesia.com\/pt-br\/?s={search_term_string}"},"query-input":{"@type":"PropertyValueSpecification","valueRequired":true,"valueName":"search_term_string"}}],"inLanguage":"pt-BR"},{"@type":"Organization","@id":"https:\/\/craftygenesindonesia.com\/pt-br\/#organization","name":"Craftygenesindonesia","url":"https:\/\/craftygenesindonesia.com\/pt-br\/","logo":{"@type":"ImageObject","inLanguage":"pt-BR","@id":"https:\/\/craftygenesindonesia.com\/pt-br\/#\/schema\/logo\/image\/","url":"https:\/\/craftygenesindonesia.com\/wp-content\/uploads\/2025\/11\/cropped-Copy-of-Craftygenesindonesia.jpg","contentUrl":"https:\/\/craftygenesindonesia.com\/wp-content\/uploads\/2025\/11\/cropped-Copy-of-Craftygenesindonesia.jpg","width":180,"height":60,"caption":"Craftygenesindonesia"},"image":{"@id":"https:\/\/craftygenesindonesia.com\/pt-br\/#\/schema\/logo\/image\/"}}]}},"_links":{"self":[{"href":"https:\/\/craftygenesindonesia.com\/pt-br\/wp-json\/wp\/v2\/pages\/987539580","targetHints":{"allow":["GET"]}}],"collection":[{"href":"https:\/\/craftygenesindonesia.com\/pt-br\/wp-json\/wp\/v2\/pages"}],"about":[{"href":"https:\/\/craftygenesindonesia.com\/pt-br\/wp-json\/wp\/v2\/types\/page"}],"author":[{"embeddable":true,"href":"https:\/\/craftygenesindonesia.com\/pt-br\/wp-json\/wp\/v2\/users\/1"}],"replies":[{"embeddable":true,"href":"https:\/\/craftygenesindonesia.com\/pt-br\/wp-json\/wp\/v2\/comments?post=987539580"}],"version-history":[{"count":0,"href":"https:\/\/craftygenesindonesia.com\/pt-br\/wp-json\/wp\/v2\/pages\/987539580\/revisions"}],"wp:attachment":[{"href":"https:\/\/craftygenesindonesia.com\/pt-br\/wp-json\/wp\/v2\/media?parent=987539580"}],"curies":[{"name":"wp","href":"https:\/\/api.w.org\/{rel}","templated":true}]}}