{"id":987517281,"date":"2024-03-09T04:53:03","date_gmt":"2024-03-08T20:53:03","guid":{"rendered":"https:\/\/craftygenesindonesia.com\/?post_type=product&#038;p=987517281"},"modified":"2026-03-23T11:41:34","modified_gmt":"2026-03-23T03:41:34","slug":"drie-aartsengelen","status":"publish","type":"product","link":"https:\/\/craftygenesindonesia.com\/nl\/shop\/engeltjes-haakpatronen\/drie-aartsengelen\/","title":{"rendered":"Drie aartsengelen"},"content":{"rendered":"<p>Dit patroon is gemaakt met &#8220;fingering&#8221; garen (Catona, Catania, &#8230; allemaal goed) en een 2mm haaknaald.<\/p>\n<p>Maten: Michael: 34cm\/ 13.4inch, Raphael: 39cm\/ 15.4inch, Gabriel: 39cm\/ 15.4inch<\/p>\n<p>Kleuren: huidskleur, metallic goud, donkerbruin, koningsblauw, donker baksteenrood, donkergrijs, zwart, baksteenrood, lichtgrijs, donkerbruin, gebroken wit, groen, wit<\/p>\n<p>Haaknaald: 2mm<\/p>\n<p>Dit patroon is een uitgeschreven patroon met veel foto&#8217;s om je te helpen. Als je nog vragen hebt, stuur me dan een bericht op: craftygenesindonesia@gmail.com<\/p>\n<p>**Dit patroon is alleen voor persoonlijk gebruik en er staat een COPYRIGHT op. Het patroon mag daarom NIET worden gekopieerd, verkocht, doorverkocht, vertaald, geclaimd als jouw ontwerp, gedistribueerd, gedeeld, gepubliceerd, online geplaatst&#8230; in welke vorm dan ook zonder mijn toestemming. Niet eens een deel ervan!!!<\/p>\n<p>**Je kunt het afgewerkte artikel in kleine hoeveelheden verkopen, maar niet het patroon zelf! Vermeld aub dat het patroon van Craftygenesindonesia is en waar het gekocht kan worden<\/p>\n","protected":false},"excerpt":{"rendered":"<p>In dit 3in1 haakpatroon krijg je het patroon voor aartsengel Micha\u00ebl, aartsengel Rafa\u00ebl en aartsengel Gabri\u00ebl. Het patroon kan gemakkelijk worden aangepast om de andere aartsengelen te maken.<\/p>\n<p>Het is een perfect patroon voor wie van haken houdt en graag aartsengelbeeldjes verzamelt.<\/p>\n","protected":false},"featured_media":987525711,"comment_status":"open","ping_status":"closed","template":"","meta":{"_acf_changed":false},"product_brand":[],"product_cat":[404,430],"product_tag":[11730,12771,12052,12043,9320,9318,9319,11510,11511,12774,11608],"class_list":{"0":"post-987517281","1":"product","2":"type-product","3":"status-publish","4":"has-post-thumbnail","6":"product_cat-engeltjes-haakpatronen","7":"product_cat-religieuze-haakpatronen","8":"product_tag-aartsengel","9":"product_tag-angel","10":"product_tag-catholic","11":"product_tag-christian-nl","12":"product_tag-gabriel-nl","13":"product_tag-michael-nl","14":"product_tag-raphael-nl","15":"product_tag-rol","16":"product_tag-schild","17":"product_tag-wings-nl","18":"product_tag-zwaard","19":"pa_available_on-craftygenesindonesia","20":"pa_available_on-etsy","21":"pa_available_on-haked-nl","22":"pa_available_on-payhip","23":"pa_available_on-ravelry","24":"pa_languages-amerikaans-engels","25":"pa_languages-duits","26":"pa_languages-frans","27":"pa_languages-italiaans","28":"pa_languages-nederlands","29":"pa_languages-portugees","30":"pa_languages-spaans","32":"first","33":"instock","34":"downloadable","35":"virtual","36":"purchasable","37":"product-type-simple"},"acf":[],"yoast_head":"<!-- This site is optimized with the Yoast SEO plugin v27.4 - https:\/\/yoast.com\/product\/yoast-seo-wordpress\/ -->\n<title>Drie aartsengelen haakpatroon - Craftygenesindonesia<\/title>\n<meta name=\"description\" content=\"Koop hier mijn 3in1 haakpatroon Drie Aartsengelen. Het makkelijk te volgen haakpatroon is ook verkrijgbaar op Haked.nl, Etsy, Ravelry, Payhip\" \/>\n<meta name=\"robots\" content=\"index, follow, max-snippet:-1, max-image-preview:large, max-video-preview:-1\" \/>\n<link rel=\"canonical\" href=\"https:\/\/craftygenesindonesia.com\/nl\/shop\/engeltjes-haakpatronen\/drie-aartsengelen\/\" \/>\n<meta property=\"og:locale\" content=\"nl_NL\" \/>\n<meta property=\"og:type\" content=\"article\" \/>\n<meta property=\"og:title\" content=\"Drie aartsengelen 3in1 haakpatroon\" \/>\n<meta property=\"og:description\" content=\"Koop hier mijn 3in1 haakpatroon Drie Aartsengelen. Het makkelijk te volgen haakpatroon is ook verkrijgbaar op Haked.nl, Etsy, Ravelry, Payhip\" \/>\n<meta property=\"og:url\" content=\"https:\/\/craftygenesindonesia.com\/nl\/shop\/engeltjes-haakpatronen\/drie-aartsengelen\/\" \/>\n<meta property=\"og:site_name\" content=\"Craftygenesindonesia\" \/>\n<meta property=\"article:modified_time\" content=\"2026-03-23T03:41:34+00:00\" \/>\n<meta property=\"og:image\" content=\"https:\/\/craftygenesindonesia.com\/wp-content\/uploads\/2024\/03\/Arch-Angels-1.jpg\" \/>\n\t<meta property=\"og:image:width\" content=\"1080\" \/>\n\t<meta property=\"og:image:height\" content=\"1080\" \/>\n\t<meta property=\"og:image:type\" content=\"image\/jpeg\" \/>\n<meta name=\"twitter:card\" content=\"summary_large_image\" \/>\n<meta name=\"twitter:label1\" content=\"Geschatte leestijd\" \/>\n\t<meta name=\"twitter:data1\" content=\"1 minuut\" \/>\n<script type=\"application\/ld+json\" class=\"yoast-schema-graph\">{\"@context\":\"https:\\\/\\\/schema.org\",\"@graph\":[{\"@type\":\"WebPage\",\"@id\":\"https:\\\/\\\/craftygenesindonesia.com\\\/nl\\\/shop\\\/engeltjes-haakpatronen\\\/drie-aartsengelen\\\/\",\"url\":\"https:\\\/\\\/craftygenesindonesia.com\\\/nl\\\/shop\\\/engeltjes-haakpatronen\\\/drie-aartsengelen\\\/\",\"name\":\"Drie aartsengelen haakpatroon - Craftygenesindonesia\",\"isPartOf\":{\"@id\":\"https:\\\/\\\/craftygenesindonesia.com\\\/nl\\\/#website\"},\"primaryImageOfPage\":{\"@id\":\"https:\\\/\\\/craftygenesindonesia.com\\\/nl\\\/shop\\\/engeltjes-haakpatronen\\\/drie-aartsengelen\\\/#primaryimage\"},\"image\":{\"@id\":\"https:\\\/\\\/craftygenesindonesia.com\\\/nl\\\/shop\\\/engeltjes-haakpatronen\\\/drie-aartsengelen\\\/#primaryimage\"},\"thumbnailUrl\":\"https:\\\/\\\/craftygenesindonesia.com\\\/wp-content\\\/uploads\\\/2024\\\/03\\\/Arch-Angels-1.jpg\",\"datePublished\":\"2024-03-08T20:53:03+00:00\",\"dateModified\":\"2026-03-23T03:41:34+00:00\",\"description\":\"Koop hier mijn 3in1 haakpatroon Drie Aartsengelen. Het makkelijk te volgen haakpatroon is ook verkrijgbaar op Haked.nl, Etsy, Ravelry, Payhip\",\"breadcrumb\":{\"@id\":\"https:\\\/\\\/craftygenesindonesia.com\\\/nl\\\/shop\\\/engeltjes-haakpatronen\\\/drie-aartsengelen\\\/#breadcrumb\"},\"inLanguage\":\"nl-NL\",\"potentialAction\":[{\"@type\":\"ReadAction\",\"target\":[\"https:\\\/\\\/craftygenesindonesia.com\\\/nl\\\/shop\\\/engeltjes-haakpatronen\\\/drie-aartsengelen\\\/\"]}]},{\"@type\":\"ImageObject\",\"inLanguage\":\"nl-NL\",\"@id\":\"https:\\\/\\\/craftygenesindonesia.com\\\/nl\\\/shop\\\/engeltjes-haakpatronen\\\/drie-aartsengelen\\\/#primaryimage\",\"url\":\"https:\\\/\\\/craftygenesindonesia.com\\\/wp-content\\\/uploads\\\/2024\\\/03\\\/Arch-Angels-1.jpg\",\"contentUrl\":\"https:\\\/\\\/craftygenesindonesia.com\\\/wp-content\\\/uploads\\\/2024\\\/03\\\/Arch-Angels-1.jpg\",\"width\":1080,\"height\":1080,\"caption\":\"crochet arch angels\"},{\"@type\":\"BreadcrumbList\",\"@id\":\"https:\\\/\\\/craftygenesindonesia.com\\\/nl\\\/shop\\\/engeltjes-haakpatronen\\\/drie-aartsengelen\\\/#breadcrumb\",\"itemListElement\":[{\"@type\":\"ListItem\",\"position\":1,\"name\":\"Home\",\"item\":\"https:\\\/\\\/craftygenesindonesia.com\\\/nl\\\/\"},{\"@type\":\"ListItem\",\"position\":2,\"name\":\"Patroonwinkel\",\"item\":\"https:\\\/\\\/craftygenesindonesia.com\\\/nl\\\/patroon-shop-2\\\/\"},{\"@type\":\"ListItem\",\"position\":3,\"name\":\"Drie aartsengelen\"}]},{\"@type\":\"WebSite\",\"@id\":\"https:\\\/\\\/craftygenesindonesia.com\\\/nl\\\/#website\",\"url\":\"https:\\\/\\\/craftygenesindonesia.com\\\/nl\\\/\",\"name\":\"Craftygenesindonesia\",\"description\":\"\",\"publisher\":{\"@id\":\"https:\\\/\\\/craftygenesindonesia.com\\\/nl\\\/#organization\"},\"potentialAction\":[{\"@type\":\"SearchAction\",\"target\":{\"@type\":\"EntryPoint\",\"urlTemplate\":\"https:\\\/\\\/craftygenesindonesia.com\\\/nl\\\/?s={search_term_string}\"},\"query-input\":{\"@type\":\"PropertyValueSpecification\",\"valueRequired\":true,\"valueName\":\"search_term_string\"}}],\"inLanguage\":\"nl-NL\"},{\"@type\":\"Organization\",\"@id\":\"https:\\\/\\\/craftygenesindonesia.com\\\/nl\\\/#organization\",\"name\":\"Craftygenesindonesia\",\"url\":\"https:\\\/\\\/craftygenesindonesia.com\\\/nl\\\/\",\"logo\":{\"@type\":\"ImageObject\",\"inLanguage\":\"nl-NL\",\"@id\":\"https:\\\/\\\/craftygenesindonesia.com\\\/nl\\\/#\\\/schema\\\/logo\\\/image\\\/\",\"url\":\"https:\\\/\\\/craftygenesindonesia.com\\\/wp-content\\\/uploads\\\/2025\\\/11\\\/cropped-Copy-of-Craftygenesindonesia.jpg\",\"contentUrl\":\"https:\\\/\\\/craftygenesindonesia.com\\\/wp-content\\\/uploads\\\/2025\\\/11\\\/cropped-Copy-of-Craftygenesindonesia.jpg\",\"width\":180,\"height\":60,\"caption\":\"Craftygenesindonesia\"},\"image\":{\"@id\":\"https:\\\/\\\/craftygenesindonesia.com\\\/nl\\\/#\\\/schema\\\/logo\\\/image\\\/\"}}]}<\/script>\n<!-- \/ Yoast SEO plugin. -->","yoast_head_json":{"title":"Drie aartsengelen haakpatroon - Craftygenesindonesia","description":"Koop hier mijn 3in1 haakpatroon Drie Aartsengelen. Het makkelijk te volgen haakpatroon is ook verkrijgbaar op Haked.nl, Etsy, Ravelry, Payhip","robots":{"index":"index","follow":"follow","max-snippet":"max-snippet:-1","max-image-preview":"max-image-preview:large","max-video-preview":"max-video-preview:-1"},"canonical":"https:\/\/craftygenesindonesia.com\/nl\/shop\/engeltjes-haakpatronen\/drie-aartsengelen\/","og_locale":"nl_NL","og_type":"article","og_title":"Drie aartsengelen 3in1 haakpatroon","og_description":"Koop hier mijn 3in1 haakpatroon Drie Aartsengelen. Het makkelijk te volgen haakpatroon is ook verkrijgbaar op Haked.nl, Etsy, Ravelry, Payhip","og_url":"https:\/\/craftygenesindonesia.com\/nl\/shop\/engeltjes-haakpatronen\/drie-aartsengelen\/","og_site_name":"Craftygenesindonesia","article_modified_time":"2026-03-23T03:41:34+00:00","og_image":[{"width":1080,"height":1080,"url":"https:\/\/craftygenesindonesia.com\/wp-content\/uploads\/2024\/03\/Arch-Angels-1.jpg","type":"image\/jpeg"}],"twitter_card":"summary_large_image","twitter_misc":{"Geschatte leestijd":"1 minuut"},"schema":{"@context":"https:\/\/schema.org","@graph":[{"@type":"WebPage","@id":"https:\/\/craftygenesindonesia.com\/nl\/shop\/engeltjes-haakpatronen\/drie-aartsengelen\/","url":"https:\/\/craftygenesindonesia.com\/nl\/shop\/engeltjes-haakpatronen\/drie-aartsengelen\/","name":"Drie aartsengelen haakpatroon - Craftygenesindonesia","isPartOf":{"@id":"https:\/\/craftygenesindonesia.com\/nl\/#website"},"primaryImageOfPage":{"@id":"https:\/\/craftygenesindonesia.com\/nl\/shop\/engeltjes-haakpatronen\/drie-aartsengelen\/#primaryimage"},"image":{"@id":"https:\/\/craftygenesindonesia.com\/nl\/shop\/engeltjes-haakpatronen\/drie-aartsengelen\/#primaryimage"},"thumbnailUrl":"https:\/\/craftygenesindonesia.com\/wp-content\/uploads\/2024\/03\/Arch-Angels-1.jpg","datePublished":"2024-03-08T20:53:03+00:00","dateModified":"2026-03-23T03:41:34+00:00","description":"Koop hier mijn 3in1 haakpatroon Drie Aartsengelen. Het makkelijk te volgen haakpatroon is ook verkrijgbaar op Haked.nl, Etsy, Ravelry, Payhip","breadcrumb":{"@id":"https:\/\/craftygenesindonesia.com\/nl\/shop\/engeltjes-haakpatronen\/drie-aartsengelen\/#breadcrumb"},"inLanguage":"nl-NL","potentialAction":[{"@type":"ReadAction","target":["https:\/\/craftygenesindonesia.com\/nl\/shop\/engeltjes-haakpatronen\/drie-aartsengelen\/"]}]},{"@type":"ImageObject","inLanguage":"nl-NL","@id":"https:\/\/craftygenesindonesia.com\/nl\/shop\/engeltjes-haakpatronen\/drie-aartsengelen\/#primaryimage","url":"https:\/\/craftygenesindonesia.com\/wp-content\/uploads\/2024\/03\/Arch-Angels-1.jpg","contentUrl":"https:\/\/craftygenesindonesia.com\/wp-content\/uploads\/2024\/03\/Arch-Angels-1.jpg","width":1080,"height":1080,"caption":"crochet arch angels"},{"@type":"BreadcrumbList","@id":"https:\/\/craftygenesindonesia.com\/nl\/shop\/engeltjes-haakpatronen\/drie-aartsengelen\/#breadcrumb","itemListElement":[{"@type":"ListItem","position":1,"name":"Home","item":"https:\/\/craftygenesindonesia.com\/nl\/"},{"@type":"ListItem","position":2,"name":"Patroonwinkel","item":"https:\/\/craftygenesindonesia.com\/nl\/patroon-shop-2\/"},{"@type":"ListItem","position":3,"name":"Drie aartsengelen"}]},{"@type":"WebSite","@id":"https:\/\/craftygenesindonesia.com\/nl\/#website","url":"https:\/\/craftygenesindonesia.com\/nl\/","name":"Craftygenesindonesia","description":"","publisher":{"@id":"https:\/\/craftygenesindonesia.com\/nl\/#organization"},"potentialAction":[{"@type":"SearchAction","target":{"@type":"EntryPoint","urlTemplate":"https:\/\/craftygenesindonesia.com\/nl\/?s={search_term_string}"},"query-input":{"@type":"PropertyValueSpecification","valueRequired":true,"valueName":"search_term_string"}}],"inLanguage":"nl-NL"},{"@type":"Organization","@id":"https:\/\/craftygenesindonesia.com\/nl\/#organization","name":"Craftygenesindonesia","url":"https:\/\/craftygenesindonesia.com\/nl\/","logo":{"@type":"ImageObject","inLanguage":"nl-NL","@id":"https:\/\/craftygenesindonesia.com\/nl\/#\/schema\/logo\/image\/","url":"https:\/\/craftygenesindonesia.com\/wp-content\/uploads\/2025\/11\/cropped-Copy-of-Craftygenesindonesia.jpg","contentUrl":"https:\/\/craftygenesindonesia.com\/wp-content\/uploads\/2025\/11\/cropped-Copy-of-Craftygenesindonesia.jpg","width":180,"height":60,"caption":"Craftygenesindonesia"},"image":{"@id":"https:\/\/craftygenesindonesia.com\/nl\/#\/schema\/logo\/image\/"}}]}},"_links":{"self":[{"href":"https:\/\/craftygenesindonesia.com\/nl\/wp-json\/wp\/v2\/product\/987517281","targetHints":{"allow":["GET"]}}],"collection":[{"href":"https:\/\/craftygenesindonesia.com\/nl\/wp-json\/wp\/v2\/product"}],"about":[{"href":"https:\/\/craftygenesindonesia.com\/nl\/wp-json\/wp\/v2\/types\/product"}],"replies":[{"embeddable":true,"href":"https:\/\/craftygenesindonesia.com\/nl\/wp-json\/wp\/v2\/comments?post=987517281"}],"wp:featuredmedia":[{"embeddable":true,"href":"https:\/\/craftygenesindonesia.com\/nl\/wp-json\/wp\/v2\/media\/987525711"}],"wp:attachment":[{"href":"https:\/\/craftygenesindonesia.com\/nl\/wp-json\/wp\/v2\/media?parent=987517281"}],"wp:term":[{"taxonomy":"product_brand","embeddable":true,"href":"https:\/\/craftygenesindonesia.com\/nl\/wp-json\/wp\/v2\/product_brand?post=987517281"},{"taxonomy":"product_cat","embeddable":true,"href":"https:\/\/craftygenesindonesia.com\/nl\/wp-json\/wp\/v2\/product_cat?post=987517281"},{"taxonomy":"product_tag","embeddable":true,"href":"https:\/\/craftygenesindonesia.com\/nl\/wp-json\/wp\/v2\/product_tag?post=987517281"}],"curies":[{"name":"wp","href":"https:\/\/api.w.org\/{rel}","templated":true}]}}