{"id":987540287,"date":"2026-03-25T20:01:46","date_gmt":"2026-03-25T12:01:46","guid":{"rendered":"https:\/\/craftygenesindonesia.com\/shop\/non class\u00e9\/jesus-3en1\/"},"modified":"2026-03-25T20:01:46","modified_gmt":"2026-03-25T12:01:46","slug":"jesus-3en1","status":"publish","type":"product","link":"https:\/\/craftygenesindonesia.com\/fr\/shop\/paques\/jesus-3en1\/","title":{"rendered":"J\u00e9sus 3en1"},"content":{"rendered":"<p style=\"font-weight: 400;\"><strong>J\u00e9sus 3en1<\/strong><\/p>\n<p style=\"font-weight: 400;\"><strong>Type de fichier <\/strong>: mod\u00e8le de crochet &#8211; t\u00e9l\u00e9chargement num\u00e9rique, pas d&#8217;article physique<\/p>\n<p style=\"font-weight: 400;\"><strong>Langues disponibles <\/strong>: anglais, n\u00e9erlandais, fran\u00e7ais, espagnol, allemand<\/p>\n<p style=\"font-weight: 400;\"><strong>Dimensions de l&#8217;objet fini : 31 x 73 x 43 cm \/ 12,2 x 28,7 x 16,9 pouces <\/strong><\/p>\n<p style=\"font-weight: 400;\"><strong> <\/strong><\/p>\n<p style=\"font-weight: 400;\"><strong>Type de fil :<\/strong> fil de type \u00ab fingering \u00bb (taille 3)<\/p>\n<p style=\"font-weight: 400;\"><strong>Marques recommand\u00e9es <\/strong>: Catona par Scheepjes, Durable Coral, .<\/p>\n<p style=\"font-weight: 400;\"><strong>Couleurs de fil n\u00e9cessaires :<\/strong> couleur chair, blanc, marron, marron fonc\u00e9, noir, couleur sable, gris, marron dor\u00e9, gris clair, bleu clair, magenta, saumon fonc\u00e9, vert olive fonc\u00e9, bleu marine, orange fonc\u00e9<\/p>\n<p style=\"font-weight: 400;\"><strong>Crochet : <\/strong>2mm<\/p>\n<p style=\"font-weight: 400;\"><strong>Autres fournitures n\u00e9cessaires :<\/strong> fil m\u00e9tallique de 1 mm, fil d&#8217;aluminium de 2 mm, rembourrage, ciseaux, marqueurs de mailles, \u00e9pingles \u00e0 coudre, crayon, r\u00e8gles, carton de 1 mm, carton de 3 mm, contreplaqu\u00e9 de 20 mm (+ outils pour le d\u00e9couper), vis + tournevis, aiguille \u00e0 tapisserie, colle, pistolet \u00e0 colle, toile plastique (peut \u00eatre remplac\u00e9e par du carton de 1 mm), marqueur rouge, feutre marron fonc\u00e9<\/p>\n<p style=\"font-weight: 400;\"><strong>Droits d&#8217;auteur et aide <\/strong>:<\/p>\n<p style=\"font-weight: 400;\">Ce mod\u00e8le est un mod\u00e8le \u00e9crit (num\u00e9rique) avec de nombreuses photos pour vous aider. Si vous avez des questions sur le mod\u00e8le, envoyez-moi un courriel \u00e0 l&#8217;adresse suivante : <a href=\"mailto:craftygenesindonesia@gmail.com\">craftygenesindonesia@gmail.com<\/a> <\/p>\n<p style=\"font-weight: 400;\"><strong>Ce mod\u00e8le de crochet num\u00e9rique est r\u00e9serv\u00e9 \u00e0 un usage personnel et est prot\u00e9g\u00e9 par des droits d&#8217;auteur. Par cons\u00e9quent, vous ne pouvez pas copier, vendre, revendre, traduire, revendiquer comme votre propre design, distribuer, partager, publier, poster uniquement, &#8230; de quelque mani\u00e8re ou forme que ce soit sans mon autorisation. Pas m\u00eame une partie !  <\/strong><\/p>\n<p style=\"font-weight: 400;\"><strong> <\/strong><\/p>\n<p><strong>Vous pouvez vendre le produit fini ou l&#8217;article, en petites quantit\u00e9s, mais vous n&#8217;avez pas le droit de vendre le mod\u00e8le de crochet lui-m\u00eame ! Mentionnez que le mod\u00e8le de crochet est de moi, Craftygenesindonesia, et o\u00f9 il peut \u00eatre achet\u00e9. <\/strong><\/p>\n","protected":false},"excerpt":{"rendered":"<p>R\u00e9alisez une d\u00e9coration artisanale pleine de sens gr\u00e2ce \u00e0 ce kit de mod\u00e8les au crochet 3-en-1 inspir\u00e9 de l&#8217;histoire de P\u00e2ques. Ce kit comprend des mod\u00e8les repr\u00e9sentant la crucifixion, la r\u00e9surrection et l&#8217;ascension, ainsi que des poup\u00e9es d\u00e9taill\u00e9es repr\u00e9sentant Marie, Marie-Madeleine, saint Jean l&#8217;Ap\u00f4tre et saint Pierre l&#8217;Ap\u00f4tre. <\/p>\n<p>Gr\u00e2ce \u00e0 des instructions claires et d\u00e9taill\u00e9es, vous pourrez donner vie \u00e0 chaque sc\u00e8ne et cr\u00e9er un ensemble complet et symbolique, id\u00e9al comme objet de d\u00e9coration ou comme d\u00e9coration saisonni\u00e8re, avec une touche personnelle et artisanale.<\/p>\n","protected":false},"featured_media":987540214,"comment_status":"open","ping_status":"closed","template":"","meta":{"_acf_changed":false},"product_brand":[],"product_cat":[3661,3675],"product_tag":[13685,12084,12067,12068,10065,13714,13681,13682,13683,13715,12086],"class_list":{"0":"post-987540287","1":"product","2":"type-product","3":"status-publish","4":"has-post-thumbnail","6":"product_cat-paques","7":"product_cat-religieux","8":"product_tag-apotre","9":"product_tag-blessed-mary-fr","10":"product_tag-catholic-fr","11":"product_tag-christian-fr","12":"product_tag-jesus-fr","13":"product_tag-jesus-christ","14":"product_tag-marie-madeleine","15":"product_tag-saint-jean","16":"product_tag-saint-pierre","17":"product_tag-simon","18":"product_tag-virgin-mary-fr","19":"pa_available_on-craftygenesindonesia","20":"pa_available_on-etsy","21":"pa_available_on-haked-nl","22":"pa_available_on-payhip","23":"pa_available_on-ravelry","24":"pa_languages-allemand","25":"pa_languages-americain","26":"pa_languages-espagnol","27":"pa_languages-francais","28":"pa_languages-neerlandais","30":"first","31":"instock","32":"downloadable","33":"virtual","34":"purchasable","35":"product-type-simple"},"acf":[],"yoast_head":"<!-- This site is optimized with the Yoast SEO plugin v27.4 - https:\/\/yoast.com\/product\/yoast-seo-wordpress\/ -->\n<title>J\u00e9sus 3en1 - Craftygenesindonesia<\/title>\n<meta name=\"robots\" content=\"index, follow, max-snippet:-1, max-image-preview:large, max-video-preview:-1\" \/>\n<link rel=\"canonical\" href=\"https:\/\/craftygenesindonesia.com\/fr\/shop\/paques\/jesus-3en1\/\" \/>\n<meta property=\"og:locale\" content=\"fr_FR\" \/>\n<meta property=\"og:type\" content=\"article\" \/>\n<meta property=\"og:title\" content=\"J\u00e9sus 3en1 - Craftygenesindonesia\" \/>\n<meta property=\"og:description\" content=\"R\u00e9alisez une d\u00e9coration artisanale pleine de sens gr\u00e2ce \u00e0 ce kit de mod\u00e8les au crochet 3-en-1 inspir\u00e9 de l&#039;histoire de P\u00e2ques. Ce kit comprend des mod\u00e8les repr\u00e9sentant la crucifixion, la r\u00e9surrection et l&#039;ascension, ainsi que des poup\u00e9es d\u00e9taill\u00e9es repr\u00e9sentant Marie, Marie-Madeleine, saint Jean l&#039;Ap\u00f4tre et saint Pierre l&#039;Ap\u00f4tre.  Gr\u00e2ce \u00e0 des instructions claires et d\u00e9taill\u00e9es, vous pourrez donner vie \u00e0 chaque sc\u00e8ne et cr\u00e9er un ensemble complet et symbolique, id\u00e9al comme objet de d\u00e9coration ou comme d\u00e9coration saisonni\u00e8re, avec une touche personnelle et artisanale.\" \/>\n<meta property=\"og:url\" content=\"https:\/\/craftygenesindonesia.com\/fr\/shop\/paques\/jesus-3en1\/\" \/>\n<meta property=\"og:site_name\" content=\"Craftygenesindonesia\" \/>\n<meta property=\"og:image\" content=\"https:\/\/craftygenesindonesia.com\/wp-content\/uploads\/2026\/03\/1.png\" \/>\n\t<meta property=\"og:image:width\" content=\"1080\" \/>\n\t<meta property=\"og:image:height\" content=\"1080\" \/>\n\t<meta property=\"og:image:type\" content=\"image\/png\" \/>\n<meta name=\"twitter:card\" content=\"summary_large_image\" \/>\n<meta name=\"twitter:label1\" content=\"Dur\u00e9e de lecture estim\u00e9e\" \/>\n\t<meta name=\"twitter:data1\" content=\"1 minute\" \/>\n<script type=\"application\/ld+json\" class=\"yoast-schema-graph\">{\"@context\":\"https:\\\/\\\/schema.org\",\"@graph\":[{\"@type\":\"WebPage\",\"@id\":\"https:\\\/\\\/craftygenesindonesia.com\\\/fr\\\/shop\\\/paques\\\/jesus-3en1\\\/\",\"url\":\"https:\\\/\\\/craftygenesindonesia.com\\\/fr\\\/shop\\\/paques\\\/jesus-3en1\\\/\",\"name\":\"J\u00e9sus 3en1 - Craftygenesindonesia\",\"isPartOf\":{\"@id\":\"https:\\\/\\\/craftygenesindonesia.com\\\/fr\\\/#website\"},\"primaryImageOfPage\":{\"@id\":\"https:\\\/\\\/craftygenesindonesia.com\\\/fr\\\/shop\\\/paques\\\/jesus-3en1\\\/#primaryimage\"},\"image\":{\"@id\":\"https:\\\/\\\/craftygenesindonesia.com\\\/fr\\\/shop\\\/paques\\\/jesus-3en1\\\/#primaryimage\"},\"thumbnailUrl\":\"https:\\\/\\\/craftygenesindonesia.com\\\/wp-content\\\/uploads\\\/2026\\\/03\\\/1.png\",\"datePublished\":\"2026-03-25T12:01:46+00:00\",\"breadcrumb\":{\"@id\":\"https:\\\/\\\/craftygenesindonesia.com\\\/fr\\\/shop\\\/paques\\\/jesus-3en1\\\/#breadcrumb\"},\"inLanguage\":\"fr-FR\",\"potentialAction\":[{\"@type\":\"ReadAction\",\"target\":[\"https:\\\/\\\/craftygenesindonesia.com\\\/fr\\\/shop\\\/paques\\\/jesus-3en1\\\/\"]}]},{\"@type\":\"ImageObject\",\"inLanguage\":\"fr-FR\",\"@id\":\"https:\\\/\\\/craftygenesindonesia.com\\\/fr\\\/shop\\\/paques\\\/jesus-3en1\\\/#primaryimage\",\"url\":\"https:\\\/\\\/craftygenesindonesia.com\\\/wp-content\\\/uploads\\\/2026\\\/03\\\/1.png\",\"contentUrl\":\"https:\\\/\\\/craftygenesindonesia.com\\\/wp-content\\\/uploads\\\/2026\\\/03\\\/1.png\",\"width\":1080,\"height\":1080,\"caption\":\"Ensemble 3 en 1 au crochet repr\u00e9sentant la crucifixion, la r\u00e9surrection et l'ascension de J\u00e9sus. Avec des figurines au crochet repr\u00e9sentant J\u00e9sus, Marie, Marie-Madeleine, l'ap\u00f4tre Jean et l'ap\u00f4tre Pierre\"},{\"@type\":\"BreadcrumbList\",\"@id\":\"https:\\\/\\\/craftygenesindonesia.com\\\/fr\\\/shop\\\/paques\\\/jesus-3en1\\\/#breadcrumb\",\"itemListElement\":[{\"@type\":\"ListItem\",\"position\":1,\"name\":\"Home\",\"item\":\"https:\\\/\\\/craftygenesindonesia.com\\\/fr\\\/\"},{\"@type\":\"ListItem\",\"position\":2,\"name\":\"Boutique de mod\u00e8les\",\"item\":\"https:\\\/\\\/craftygenesindonesia.com\\\/fr\\\/boutique\\\/\"},{\"@type\":\"ListItem\",\"position\":3,\"name\":\"J\u00e9sus 3en1\"}]},{\"@type\":\"WebSite\",\"@id\":\"https:\\\/\\\/craftygenesindonesia.com\\\/fr\\\/#website\",\"url\":\"https:\\\/\\\/craftygenesindonesia.com\\\/fr\\\/\",\"name\":\"Craftygenesindonesia\",\"description\":\"\",\"publisher\":{\"@id\":\"https:\\\/\\\/craftygenesindonesia.com\\\/fr\\\/#organization\"},\"potentialAction\":[{\"@type\":\"SearchAction\",\"target\":{\"@type\":\"EntryPoint\",\"urlTemplate\":\"https:\\\/\\\/craftygenesindonesia.com\\\/fr\\\/?s={search_term_string}\"},\"query-input\":{\"@type\":\"PropertyValueSpecification\",\"valueRequired\":true,\"valueName\":\"search_term_string\"}}],\"inLanguage\":\"fr-FR\"},{\"@type\":\"Organization\",\"@id\":\"https:\\\/\\\/craftygenesindonesia.com\\\/fr\\\/#organization\",\"name\":\"Craftygenesindonesia\",\"url\":\"https:\\\/\\\/craftygenesindonesia.com\\\/fr\\\/\",\"logo\":{\"@type\":\"ImageObject\",\"inLanguage\":\"fr-FR\",\"@id\":\"https:\\\/\\\/craftygenesindonesia.com\\\/fr\\\/#\\\/schema\\\/logo\\\/image\\\/\",\"url\":\"https:\\\/\\\/craftygenesindonesia.com\\\/wp-content\\\/uploads\\\/2025\\\/11\\\/cropped-Copy-of-Craftygenesindonesia.jpg\",\"contentUrl\":\"https:\\\/\\\/craftygenesindonesia.com\\\/wp-content\\\/uploads\\\/2025\\\/11\\\/cropped-Copy-of-Craftygenesindonesia.jpg\",\"width\":180,\"height\":60,\"caption\":\"Craftygenesindonesia\"},\"image\":{\"@id\":\"https:\\\/\\\/craftygenesindonesia.com\\\/fr\\\/#\\\/schema\\\/logo\\\/image\\\/\"}}]}<\/script>\n<!-- \/ Yoast SEO plugin. -->","yoast_head_json":{"title":"J\u00e9sus 3en1 - Craftygenesindonesia","robots":{"index":"index","follow":"follow","max-snippet":"max-snippet:-1","max-image-preview":"max-image-preview:large","max-video-preview":"max-video-preview:-1"},"canonical":"https:\/\/craftygenesindonesia.com\/fr\/shop\/paques\/jesus-3en1\/","og_locale":"fr_FR","og_type":"article","og_title":"J\u00e9sus 3en1 - Craftygenesindonesia","og_description":"R\u00e9alisez une d\u00e9coration artisanale pleine de sens gr\u00e2ce \u00e0 ce kit de mod\u00e8les au crochet 3-en-1 inspir\u00e9 de l'histoire de P\u00e2ques. Ce kit comprend des mod\u00e8les repr\u00e9sentant la crucifixion, la r\u00e9surrection et l'ascension, ainsi que des poup\u00e9es d\u00e9taill\u00e9es repr\u00e9sentant Marie, Marie-Madeleine, saint Jean l'Ap\u00f4tre et saint Pierre l'Ap\u00f4tre.  Gr\u00e2ce \u00e0 des instructions claires et d\u00e9taill\u00e9es, vous pourrez donner vie \u00e0 chaque sc\u00e8ne et cr\u00e9er un ensemble complet et symbolique, id\u00e9al comme objet de d\u00e9coration ou comme d\u00e9coration saisonni\u00e8re, avec une touche personnelle et artisanale.","og_url":"https:\/\/craftygenesindonesia.com\/fr\/shop\/paques\/jesus-3en1\/","og_site_name":"Craftygenesindonesia","og_image":[{"width":1080,"height":1080,"url":"https:\/\/craftygenesindonesia.com\/wp-content\/uploads\/2026\/03\/1.png","type":"image\/png"}],"twitter_card":"summary_large_image","twitter_misc":{"Dur\u00e9e de lecture estim\u00e9e":"1 minute"},"schema":{"@context":"https:\/\/schema.org","@graph":[{"@type":"WebPage","@id":"https:\/\/craftygenesindonesia.com\/fr\/shop\/paques\/jesus-3en1\/","url":"https:\/\/craftygenesindonesia.com\/fr\/shop\/paques\/jesus-3en1\/","name":"J\u00e9sus 3en1 - Craftygenesindonesia","isPartOf":{"@id":"https:\/\/craftygenesindonesia.com\/fr\/#website"},"primaryImageOfPage":{"@id":"https:\/\/craftygenesindonesia.com\/fr\/shop\/paques\/jesus-3en1\/#primaryimage"},"image":{"@id":"https:\/\/craftygenesindonesia.com\/fr\/shop\/paques\/jesus-3en1\/#primaryimage"},"thumbnailUrl":"https:\/\/craftygenesindonesia.com\/wp-content\/uploads\/2026\/03\/1.png","datePublished":"2026-03-25T12:01:46+00:00","breadcrumb":{"@id":"https:\/\/craftygenesindonesia.com\/fr\/shop\/paques\/jesus-3en1\/#breadcrumb"},"inLanguage":"fr-FR","potentialAction":[{"@type":"ReadAction","target":["https:\/\/craftygenesindonesia.com\/fr\/shop\/paques\/jesus-3en1\/"]}]},{"@type":"ImageObject","inLanguage":"fr-FR","@id":"https:\/\/craftygenesindonesia.com\/fr\/shop\/paques\/jesus-3en1\/#primaryimage","url":"https:\/\/craftygenesindonesia.com\/wp-content\/uploads\/2026\/03\/1.png","contentUrl":"https:\/\/craftygenesindonesia.com\/wp-content\/uploads\/2026\/03\/1.png","width":1080,"height":1080,"caption":"Ensemble 3 en 1 au crochet repr\u00e9sentant la crucifixion, la r\u00e9surrection et l'ascension de J\u00e9sus. Avec des figurines au crochet repr\u00e9sentant J\u00e9sus, Marie, Marie-Madeleine, l'ap\u00f4tre Jean et l'ap\u00f4tre Pierre"},{"@type":"BreadcrumbList","@id":"https:\/\/craftygenesindonesia.com\/fr\/shop\/paques\/jesus-3en1\/#breadcrumb","itemListElement":[{"@type":"ListItem","position":1,"name":"Home","item":"https:\/\/craftygenesindonesia.com\/fr\/"},{"@type":"ListItem","position":2,"name":"Boutique de mod\u00e8les","item":"https:\/\/craftygenesindonesia.com\/fr\/boutique\/"},{"@type":"ListItem","position":3,"name":"J\u00e9sus 3en1"}]},{"@type":"WebSite","@id":"https:\/\/craftygenesindonesia.com\/fr\/#website","url":"https:\/\/craftygenesindonesia.com\/fr\/","name":"Craftygenesindonesia","description":"","publisher":{"@id":"https:\/\/craftygenesindonesia.com\/fr\/#organization"},"potentialAction":[{"@type":"SearchAction","target":{"@type":"EntryPoint","urlTemplate":"https:\/\/craftygenesindonesia.com\/fr\/?s={search_term_string}"},"query-input":{"@type":"PropertyValueSpecification","valueRequired":true,"valueName":"search_term_string"}}],"inLanguage":"fr-FR"},{"@type":"Organization","@id":"https:\/\/craftygenesindonesia.com\/fr\/#organization","name":"Craftygenesindonesia","url":"https:\/\/craftygenesindonesia.com\/fr\/","logo":{"@type":"ImageObject","inLanguage":"fr-FR","@id":"https:\/\/craftygenesindonesia.com\/fr\/#\/schema\/logo\/image\/","url":"https:\/\/craftygenesindonesia.com\/wp-content\/uploads\/2025\/11\/cropped-Copy-of-Craftygenesindonesia.jpg","contentUrl":"https:\/\/craftygenesindonesia.com\/wp-content\/uploads\/2025\/11\/cropped-Copy-of-Craftygenesindonesia.jpg","width":180,"height":60,"caption":"Craftygenesindonesia"},"image":{"@id":"https:\/\/craftygenesindonesia.com\/fr\/#\/schema\/logo\/image\/"}}]}},"_links":{"self":[{"href":"https:\/\/craftygenesindonesia.com\/fr\/wp-json\/wp\/v2\/product\/987540287","targetHints":{"allow":["GET"]}}],"collection":[{"href":"https:\/\/craftygenesindonesia.com\/fr\/wp-json\/wp\/v2\/product"}],"about":[{"href":"https:\/\/craftygenesindonesia.com\/fr\/wp-json\/wp\/v2\/types\/product"}],"replies":[{"embeddable":true,"href":"https:\/\/craftygenesindonesia.com\/fr\/wp-json\/wp\/v2\/comments?post=987540287"}],"wp:featuredmedia":[{"embeddable":true,"href":"https:\/\/craftygenesindonesia.com\/fr\/wp-json\/wp\/v2\/media\/987540214"}],"wp:attachment":[{"href":"https:\/\/craftygenesindonesia.com\/fr\/wp-json\/wp\/v2\/media?parent=987540287"}],"wp:term":[{"taxonomy":"product_brand","embeddable":true,"href":"https:\/\/craftygenesindonesia.com\/fr\/wp-json\/wp\/v2\/product_brand?post=987540287"},{"taxonomy":"product_cat","embeddable":true,"href":"https:\/\/craftygenesindonesia.com\/fr\/wp-json\/wp\/v2\/product_cat?post=987540287"},{"taxonomy":"product_tag","embeddable":true,"href":"https:\/\/craftygenesindonesia.com\/fr\/wp-json\/wp\/v2\/product_tag?post=987540287"}],"curies":[{"name":"wp","href":"https:\/\/api.w.org\/{rel}","templated":true}]}}