{"id":987532107,"date":"2025-10-30T10:44:05","date_gmt":"2025-10-30T02:44:05","guid":{"rendered":"https:\/\/craftygenesindonesia.com\/shop\/non%20class\u00e9\/3en1-ange-de-noel\/"},"modified":"2026-03-17T22:43:05","modified_gmt":"2026-03-17T14:43:05","slug":"3en1-ange-de-noel","status":"publish","type":"product","link":"https:\/\/craftygenesindonesia.com\/fr\/shop\/anges\/3en1-ange-de-noel\/","title":{"rendered":"3en1 Ange de No\u00ebl"},"content":{"rendered":"<p><b>3en1 Ange de No\u00ebl<\/b><b><\/b><\/p>\n<p><b>Type de fichier <\/b>: mod\u00e8le de crochet &#8211; t\u00e9l\u00e9chargement num\u00e9rique, pas d&#8217;article physique<\/p>\n<p><b>Langues disponibles <\/b>: Anglais (termes am\u00e9ricains et britanniques), n\u00e9erlandais, fran\u00e7ais, espagnol, allemand<\/p>\n<p><b>Dimensions de l&#8217;article fini : <\/b>20 cm &#8211; 7,8 pouces de hauteur<\/p>\n<p><b>Type de fil :<\/b> fil de type \u00ab fingering \u00bb (taille 3)<\/p>\n<p><b>Marques recommand\u00e9es <\/b>: Catona par Scheepjes, Durable Coral, .<\/p>\n<p>Couleurs de fil n\u00e9cessaires : couleur chair, blanc, brun dor\u00e9, brun fonc\u00e9, bleu jean clair, jaune clair<\/p>\n<p><b>Fil m\u00e9tallique n\u00e9cessaire :<\/b> dor\u00e9 m\u00e9tallique, bleu clair m\u00e9tallique, dor\u00e9 fonc\u00e9 m\u00e9tallique<\/p>\n<p><b>Crochet :<\/b> 2.5mm<\/p>\n<p><b>Autres \u00e9l\u00e9ments n\u00e9cessaires :<\/b> rembourrage, ciseaux, \u00e9pingles \u00e0 coudre, marqueurs de mailles, aiguille \u00e0 tapisserie, 6 cotons-tiges, anneau porte-cl\u00e9s de 25 mm, carton de 5 mm d&#8217;\u00e9paisseur, fil d&#8217;aluminium de 1,5 mm d&#8217;\u00e9paisseur, pince coupante, colle, une clochette argent\u00e9e de 10 mm.<\/p>\n<p><b>Droits d&#8217;auteur et aide <\/b>:<\/p>\n<p>Ce mod\u00e8le est un mod\u00e8le \u00e9crit (num\u00e9rique) avec de nombreuses photos pour vous aider. Si vous avez des questions sur le mod\u00e8le, envoyez-moi un courriel \u00e0 l&#8217;adresse suivante : <a href=\"mailto:craftygenesindonesia@gmail.com\">craftygenesindonesia@gmail.com<\/a> <\/p>\n<p><b>Ce mod\u00e8le de crochet num\u00e9rique est r\u00e9serv\u00e9 \u00e0 un usage personnel et est prot\u00e9g\u00e9 par des droits d&#8217;auteur. Par cons\u00e9quent, vous ne pouvez pas copier, vendre, revendre, traduire, revendiquer comme votre propre design, distribuer, partager, publier, poster uniquement, &#8230; de quelque mani\u00e8re ou forme que ce soit sans mon autorisation. Pas m\u00eame une partie !  <\/b><\/p>\n<p><b>Vous pouvez vendre le produit fini ou l&#8217;article, en petites quantit\u00e9s, mais vous n&#8217;avez pas le droit de vendre le mod\u00e8le de crochet lui-m\u00eame ! Mentionnez que le mod\u00e8le de crochet est de moi, Craftygenesindonesia, et o\u00f9 il peut \u00eatre achet\u00e9. <\/b><\/p>\n","protected":false},"excerpt":{"rendered":"<p>Voici un patron de crochet 3 en 1 amusant et facile \u00e0 suivre pour r\u00e9aliser 3 adorables petits anges de No\u00ebl. Les 3 mod\u00e8les sont bien s\u00fbr inclus dans le patron. <\/p>\n","protected":false},"featured_media":987532103,"comment_status":"open","ping_status":"closed","template":"","meta":{"_acf_changed":false},"product_brand":[],"product_cat":[3641,3653],"product_tag":[12777,12779],"class_list":{"0":"post-987532107","1":"product","2":"type-product","3":"status-publish","4":"has-post-thumbnail","6":"product_cat-anges","7":"product_cat-noel","8":"product_tag-angel-fr","9":"product_tag-christmas-angel-fr","10":"pa_available_on-craftygenesindonesia","11":"pa_available_on-etsy","12":"pa_available_on-haked-nl","13":"pa_available_on-payhip","14":"pa_available_on-ravelry","15":"pa_languages-allemand","16":"pa_languages-americain","17":"pa_languages-anglais-britannique","18":"pa_languages-espagnol","19":"pa_languages-francais","20":"pa_languages-neerlandais","22":"first","23":"instock","24":"downloadable","25":"virtual","26":"purchasable","27":"product-type-simple"},"acf":[],"yoast_head":"<!-- This site is optimized with the Yoast SEO plugin v27.4 - https:\/\/yoast.com\/product\/yoast-seo-wordpress\/ -->\n<title>3en1 Ange de No\u00ebl mod\u00e8le de crochet - Craftygenesindonesia<\/title>\n<meta name=\"description\" content=\"Achetez ici mon 3en1 Fille ange de No\u00ebl- mod\u00e8le au crochet. Le mod\u00e8le au crochet est \u00e9galement disponible sur Etsy, Haked.nl, Ravelry, Payhip.\" \/>\n<meta name=\"robots\" content=\"index, follow, max-snippet:-1, max-image-preview:large, max-video-preview:-1\" \/>\n<link rel=\"canonical\" href=\"https:\/\/craftygenesindonesia.com\/fr\/shop\/anges\/3en1-ange-de-noel\/\" \/>\n<meta property=\"og:locale\" content=\"fr_FR\" \/>\n<meta property=\"og:type\" content=\"article\" \/>\n<meta property=\"og:title\" content=\"3en1 Ange de No\u00ebl - mod\u00e8le de crochet\" \/>\n<meta property=\"og:description\" content=\"Achetez ici mon 3en1 Fille ange de No\u00ebl- mod\u00e8le au crochet. Le mod\u00e8le au crochet est \u00e9galement disponible sur Etsy, Haked.nl, Ravelry, Payhip.\" \/>\n<meta property=\"og:url\" content=\"https:\/\/craftygenesindonesia.com\/fr\/shop\/anges\/3en1-ange-de-noel\/\" \/>\n<meta property=\"og:site_name\" content=\"Craftygenesindonesia\" \/>\n<meta property=\"article:modified_time\" content=\"2026-03-17T14:43:05+00:00\" \/>\n<meta property=\"og:image\" content=\"https:\/\/craftygenesindonesia.com\/wp-content\/uploads\/2025\/10\/1-300x300.jpg\" \/>\n<meta name=\"twitter:card\" content=\"summary_large_image\" \/>\n<meta name=\"twitter:label1\" content=\"Dur\u00e9e de lecture estim\u00e9e\" \/>\n\t<meta name=\"twitter:data1\" content=\"2 minutes\" \/>\n<script type=\"application\/ld+json\" class=\"yoast-schema-graph\">{\"@context\":\"https:\\\/\\\/schema.org\",\"@graph\":[{\"@type\":\"WebPage\",\"@id\":\"https:\\\/\\\/craftygenesindonesia.com\\\/fr\\\/shop\\\/anges\\\/3en1-ange-de-noel\\\/\",\"url\":\"https:\\\/\\\/craftygenesindonesia.com\\\/fr\\\/shop\\\/anges\\\/3en1-ange-de-noel\\\/\",\"name\":\"3en1 Ange de No\u00ebl mod\u00e8le de crochet - Craftygenesindonesia\",\"isPartOf\":{\"@id\":\"https:\\\/\\\/craftygenesindonesia.com\\\/fr\\\/#website\"},\"primaryImageOfPage\":{\"@id\":\"https:\\\/\\\/craftygenesindonesia.com\\\/fr\\\/shop\\\/anges\\\/3en1-ange-de-noel\\\/#primaryimage\"},\"image\":{\"@id\":\"https:\\\/\\\/craftygenesindonesia.com\\\/fr\\\/shop\\\/anges\\\/3en1-ange-de-noel\\\/#primaryimage\"},\"thumbnailUrl\":\"https:\\\/\\\/craftygenesindonesia.com\\\/wp-content\\\/uploads\\\/2025\\\/10\\\/1.jpg\",\"datePublished\":\"2025-10-30T02:44:05+00:00\",\"dateModified\":\"2026-03-17T14:43:05+00:00\",\"description\":\"Achetez ici mon 3en1 Fille ange de No\u00ebl- mod\u00e8le au crochet. Le mod\u00e8le au crochet est \u00e9galement disponible sur Etsy, Haked.nl, Ravelry, Payhip.\",\"breadcrumb\":{\"@id\":\"https:\\\/\\\/craftygenesindonesia.com\\\/fr\\\/shop\\\/anges\\\/3en1-ange-de-noel\\\/#breadcrumb\"},\"inLanguage\":\"fr-FR\",\"potentialAction\":[{\"@type\":\"ReadAction\",\"target\":[\"https:\\\/\\\/craftygenesindonesia.com\\\/fr\\\/shop\\\/anges\\\/3en1-ange-de-noel\\\/\"]}]},{\"@type\":\"ImageObject\",\"inLanguage\":\"fr-FR\",\"@id\":\"https:\\\/\\\/craftygenesindonesia.com\\\/fr\\\/shop\\\/anges\\\/3en1-ange-de-noel\\\/#primaryimage\",\"url\":\"https:\\\/\\\/craftygenesindonesia.com\\\/wp-content\\\/uploads\\\/2025\\\/10\\\/1.jpg\",\"contentUrl\":\"https:\\\/\\\/craftygenesindonesia.com\\\/wp-content\\\/uploads\\\/2025\\\/10\\\/1.jpg\",\"width\":1080,\"height\":1080,\"caption\":\"3 poup\u00e9es anges de No\u00ebl au crochet\"},{\"@type\":\"BreadcrumbList\",\"@id\":\"https:\\\/\\\/craftygenesindonesia.com\\\/fr\\\/shop\\\/anges\\\/3en1-ange-de-noel\\\/#breadcrumb\",\"itemListElement\":[{\"@type\":\"ListItem\",\"position\":1,\"name\":\"Home\",\"item\":\"https:\\\/\\\/craftygenesindonesia.com\\\/fr\\\/\"},{\"@type\":\"ListItem\",\"position\":2,\"name\":\"Boutique de mod\u00e8les\",\"item\":\"https:\\\/\\\/craftygenesindonesia.com\\\/fr\\\/boutique\\\/\"},{\"@type\":\"ListItem\",\"position\":3,\"name\":\"3en1 Ange de No\u00ebl\"}]},{\"@type\":\"WebSite\",\"@id\":\"https:\\\/\\\/craftygenesindonesia.com\\\/fr\\\/#website\",\"url\":\"https:\\\/\\\/craftygenesindonesia.com\\\/fr\\\/\",\"name\":\"Craftygenesindonesia\",\"description\":\"\",\"publisher\":{\"@id\":\"https:\\\/\\\/craftygenesindonesia.com\\\/fr\\\/#organization\"},\"potentialAction\":[{\"@type\":\"SearchAction\",\"target\":{\"@type\":\"EntryPoint\",\"urlTemplate\":\"https:\\\/\\\/craftygenesindonesia.com\\\/fr\\\/?s={search_term_string}\"},\"query-input\":{\"@type\":\"PropertyValueSpecification\",\"valueRequired\":true,\"valueName\":\"search_term_string\"}}],\"inLanguage\":\"fr-FR\"},{\"@type\":\"Organization\",\"@id\":\"https:\\\/\\\/craftygenesindonesia.com\\\/fr\\\/#organization\",\"name\":\"Craftygenesindonesia\",\"url\":\"https:\\\/\\\/craftygenesindonesia.com\\\/fr\\\/\",\"logo\":{\"@type\":\"ImageObject\",\"inLanguage\":\"fr-FR\",\"@id\":\"https:\\\/\\\/craftygenesindonesia.com\\\/fr\\\/#\\\/schema\\\/logo\\\/image\\\/\",\"url\":\"https:\\\/\\\/craftygenesindonesia.com\\\/wp-content\\\/uploads\\\/2025\\\/11\\\/cropped-Copy-of-Craftygenesindonesia.jpg\",\"contentUrl\":\"https:\\\/\\\/craftygenesindonesia.com\\\/wp-content\\\/uploads\\\/2025\\\/11\\\/cropped-Copy-of-Craftygenesindonesia.jpg\",\"width\":180,\"height\":60,\"caption\":\"Craftygenesindonesia\"},\"image\":{\"@id\":\"https:\\\/\\\/craftygenesindonesia.com\\\/fr\\\/#\\\/schema\\\/logo\\\/image\\\/\"}}]}<\/script>\n<!-- \/ Yoast SEO plugin. -->","yoast_head_json":{"title":"3en1 Ange de No\u00ebl mod\u00e8le de crochet - Craftygenesindonesia","description":"Achetez ici mon 3en1 Fille ange de No\u00ebl- mod\u00e8le au crochet. Le mod\u00e8le au crochet est \u00e9galement disponible sur Etsy, Haked.nl, Ravelry, Payhip.","robots":{"index":"index","follow":"follow","max-snippet":"max-snippet:-1","max-image-preview":"max-image-preview:large","max-video-preview":"max-video-preview:-1"},"canonical":"https:\/\/craftygenesindonesia.com\/fr\/shop\/anges\/3en1-ange-de-noel\/","og_locale":"fr_FR","og_type":"article","og_title":"3en1 Ange de No\u00ebl - mod\u00e8le de crochet","og_description":"Achetez ici mon 3en1 Fille ange de No\u00ebl- mod\u00e8le au crochet. Le mod\u00e8le au crochet est \u00e9galement disponible sur Etsy, Haked.nl, Ravelry, Payhip.","og_url":"https:\/\/craftygenesindonesia.com\/fr\/shop\/anges\/3en1-ange-de-noel\/","og_site_name":"Craftygenesindonesia","article_modified_time":"2026-03-17T14:43:05+00:00","og_image":[{"url":"https:\/\/craftygenesindonesia.com\/wp-content\/uploads\/2025\/10\/1-300x300.jpg","type":"","width":"","height":""}],"twitter_card":"summary_large_image","twitter_misc":{"Dur\u00e9e de lecture estim\u00e9e":"2 minutes"},"schema":{"@context":"https:\/\/schema.org","@graph":[{"@type":"WebPage","@id":"https:\/\/craftygenesindonesia.com\/fr\/shop\/anges\/3en1-ange-de-noel\/","url":"https:\/\/craftygenesindonesia.com\/fr\/shop\/anges\/3en1-ange-de-noel\/","name":"3en1 Ange de No\u00ebl mod\u00e8le de crochet - Craftygenesindonesia","isPartOf":{"@id":"https:\/\/craftygenesindonesia.com\/fr\/#website"},"primaryImageOfPage":{"@id":"https:\/\/craftygenesindonesia.com\/fr\/shop\/anges\/3en1-ange-de-noel\/#primaryimage"},"image":{"@id":"https:\/\/craftygenesindonesia.com\/fr\/shop\/anges\/3en1-ange-de-noel\/#primaryimage"},"thumbnailUrl":"https:\/\/craftygenesindonesia.com\/wp-content\/uploads\/2025\/10\/1.jpg","datePublished":"2025-10-30T02:44:05+00:00","dateModified":"2026-03-17T14:43:05+00:00","description":"Achetez ici mon 3en1 Fille ange de No\u00ebl- mod\u00e8le au crochet. Le mod\u00e8le au crochet est \u00e9galement disponible sur Etsy, Haked.nl, Ravelry, Payhip.","breadcrumb":{"@id":"https:\/\/craftygenesindonesia.com\/fr\/shop\/anges\/3en1-ange-de-noel\/#breadcrumb"},"inLanguage":"fr-FR","potentialAction":[{"@type":"ReadAction","target":["https:\/\/craftygenesindonesia.com\/fr\/shop\/anges\/3en1-ange-de-noel\/"]}]},{"@type":"ImageObject","inLanguage":"fr-FR","@id":"https:\/\/craftygenesindonesia.com\/fr\/shop\/anges\/3en1-ange-de-noel\/#primaryimage","url":"https:\/\/craftygenesindonesia.com\/wp-content\/uploads\/2025\/10\/1.jpg","contentUrl":"https:\/\/craftygenesindonesia.com\/wp-content\/uploads\/2025\/10\/1.jpg","width":1080,"height":1080,"caption":"3 poup\u00e9es anges de No\u00ebl au crochet"},{"@type":"BreadcrumbList","@id":"https:\/\/craftygenesindonesia.com\/fr\/shop\/anges\/3en1-ange-de-noel\/#breadcrumb","itemListElement":[{"@type":"ListItem","position":1,"name":"Home","item":"https:\/\/craftygenesindonesia.com\/fr\/"},{"@type":"ListItem","position":2,"name":"Boutique de mod\u00e8les","item":"https:\/\/craftygenesindonesia.com\/fr\/boutique\/"},{"@type":"ListItem","position":3,"name":"3en1 Ange de No\u00ebl"}]},{"@type":"WebSite","@id":"https:\/\/craftygenesindonesia.com\/fr\/#website","url":"https:\/\/craftygenesindonesia.com\/fr\/","name":"Craftygenesindonesia","description":"","publisher":{"@id":"https:\/\/craftygenesindonesia.com\/fr\/#organization"},"potentialAction":[{"@type":"SearchAction","target":{"@type":"EntryPoint","urlTemplate":"https:\/\/craftygenesindonesia.com\/fr\/?s={search_term_string}"},"query-input":{"@type":"PropertyValueSpecification","valueRequired":true,"valueName":"search_term_string"}}],"inLanguage":"fr-FR"},{"@type":"Organization","@id":"https:\/\/craftygenesindonesia.com\/fr\/#organization","name":"Craftygenesindonesia","url":"https:\/\/craftygenesindonesia.com\/fr\/","logo":{"@type":"ImageObject","inLanguage":"fr-FR","@id":"https:\/\/craftygenesindonesia.com\/fr\/#\/schema\/logo\/image\/","url":"https:\/\/craftygenesindonesia.com\/wp-content\/uploads\/2025\/11\/cropped-Copy-of-Craftygenesindonesia.jpg","contentUrl":"https:\/\/craftygenesindonesia.com\/wp-content\/uploads\/2025\/11\/cropped-Copy-of-Craftygenesindonesia.jpg","width":180,"height":60,"caption":"Craftygenesindonesia"},"image":{"@id":"https:\/\/craftygenesindonesia.com\/fr\/#\/schema\/logo\/image\/"}}]}},"_links":{"self":[{"href":"https:\/\/craftygenesindonesia.com\/fr\/wp-json\/wp\/v2\/product\/987532107","targetHints":{"allow":["GET"]}}],"collection":[{"href":"https:\/\/craftygenesindonesia.com\/fr\/wp-json\/wp\/v2\/product"}],"about":[{"href":"https:\/\/craftygenesindonesia.com\/fr\/wp-json\/wp\/v2\/types\/product"}],"replies":[{"embeddable":true,"href":"https:\/\/craftygenesindonesia.com\/fr\/wp-json\/wp\/v2\/comments?post=987532107"}],"wp:featuredmedia":[{"embeddable":true,"href":"https:\/\/craftygenesindonesia.com\/fr\/wp-json\/wp\/v2\/media\/987532103"}],"wp:attachment":[{"href":"https:\/\/craftygenesindonesia.com\/fr\/wp-json\/wp\/v2\/media?parent=987532107"}],"wp:term":[{"taxonomy":"product_brand","embeddable":true,"href":"https:\/\/craftygenesindonesia.com\/fr\/wp-json\/wp\/v2\/product_brand?post=987532107"},{"taxonomy":"product_cat","embeddable":true,"href":"https:\/\/craftygenesindonesia.com\/fr\/wp-json\/wp\/v2\/product_cat?post=987532107"},{"taxonomy":"product_tag","embeddable":true,"href":"https:\/\/craftygenesindonesia.com\/fr\/wp-json\/wp\/v2\/product_tag?post=987532107"}],"curies":[{"name":"wp","href":"https:\/\/api.w.org\/{rel}","templated":true}]}}