{"id":987531301,"date":"2025-10-28T05:20:42","date_gmt":"2025-10-27T21:20:42","guid":{"rendered":"https:\/\/craftygenesindonesia.com\/shop\/non%20class\u00e9\/robe-de-noel-2\/"},"modified":"2026-03-18T11:48:23","modified_gmt":"2026-03-18T03:48:23","slug":"robe-de-noel-2","status":"publish","type":"product","link":"https:\/\/craftygenesindonesia.com\/fr\/shop\/robes-de-poupee\/robe-de-noel-2\/","title":{"rendered":"Robe de No\u00ebl 2"},"content":{"rendered":"<p>Robe de No\u00ebl 2<\/p>\n<div class=\"et_pb_module et_pb_wc_description et_pb_wc_description_1_tb_body et_pb_bg_layout_light et_pb_text_align_left\">\n<div class=\"et_pb_module_inner\">\n<p>Type de fichier : patron de crochet \u2013 t\u00e9l\u00e9chargement num\u00e9rique, pas un article physique<br \/>\n<strong>Langues disponibles : anglais, n\u00e9erlandais, fran\u00e7ais, espagnol<\/strong><\/p>\n<p>Convient \u00e0 : la plupart des poup\u00e9es mannequins telles que Barbie<\/p>\n<p>&nbsp;<\/p>\n<p>Type de fil : fil DK<br \/>\nMarques recommand\u00e9es : Softfun de Scheepjes, Durable Cosy Fine, coton lait 4 fils, ...<br \/>\n<strong>Couleurs de fil n\u00e9cessaires :<\/strong> blanc<\/p>\n<p><strong>Fil 2 :<\/strong> or m\u00e9tallique<\/p>\n<p><strong>Crochet :<\/strong> 2 mm<\/p>\n<p><strong>\u00c9chantillon :<\/strong> 8 rangs x 7 mailles pour 2,5 cm\/1 pouce<\/p>\n<p><strong><em>Correction d'une erreur typographique : le dernier changement de couleur \u00e0 la page 11 doit \u00eatre du fil chenille blanc. Veuillez m'excuser pour cette erreur. <\/em><\/strong><\/p>\n<p>Autres \u00e9l\u00e9ments n\u00e9cessaires : ciseaux, \u00e9pingles \u00e0 coudre, velcro ou boutons-pression, aiguille \u00e0 tapisserie et marqueurs de mailles.<\/p>\n<p><strong>Informations sur les droits d'auteur et l'aide:<\/strong><br \/>\nCe patron est un patron \u00e9crit (num\u00e9rique) accompagn\u00e9 de nombreuses illustrations pour vous aider. Si vous avez des questions sur le mod\u00e8le, envoyez-moi un courriel \u00e0 l'adresse suivante : <a href=\"mailto:craftygenesindonesia@gmail.com\">craftygenesindonesia@gmail.com<\/a> <\/p>\n<p><strong>Ce mod\u00e8le de crochet num\u00e9rique est r\u00e9serv\u00e9 \u00e0 un usage personnel et est prot\u00e9g\u00e9 par des droits d'auteur. Par cons\u00e9quent, vous ne pouvez pas copier, vendre, revendre, traduire, revendiquer comme votre propre design, distribuer, partager, publier, poster uniquement, ... de quelque mani\u00e8re ou forme que ce soit sans mon autorisation. Pas m\u00eame une partie !  <\/strong><\/p>\n<p><strong>Vous pouvez vendre le produit fini ou l'article, en petites quantit\u00e9s, mais vous n'avez pas le droit de vendre le mod\u00e8le de crochet lui-m\u00eame ! Mentionnez que le mod\u00e8le de crochet est de moi, Craftygenesindonesia, et o\u00f9 il peut \u00eatre achet\u00e9. <\/strong><\/p>\n<\/div>\n<\/div>\n","protected":false},"excerpt":{"rendered":"<div class=\"et_pb_module et_pb_wc_description et_pb_wc_description_0_tb_body et_pb_bg_layout_light et_pb_text_align_left\">\n<div class=\"et_pb_module_inner\">\n<p>Il s&#8217;agit d&#8217;une robe de No\u00ebl amusante et facile \u00e0 r\u00e9aliser pour les poup\u00e9es mannequins telles que Barbie.<\/p>\n<\/div>\n<\/div>\n<div class=\"et_pb_with_border et_pb_module et_pb_wc_add_to_cart et_pb_wc_add_to_cart_0_tb_body et_pb_hide_input_quantity et_pb_hide_stock et_pb_fields_label_position_default et_pb_bg_layout_ et_pb_text_align_left\">\n<div class=\"et_pb_module_inner\">\n<form class=\"cart\" action=\"https:\/\/craftygenesindonesia.com\/shop\/doll-dresses\/christmas-dress-1\/\" enctype=\"multipart\/form-data\" method=\"post\">\n<div id=\"yith-wapo-container\" class=\"yith-wapo-container yith-wapo-form-style-theme\" data-product-price=\"1.85\" data-default-product-price=\"1.85\" data-product-id=\"987531166\">\n<div id=\"yith-wapo-block-1\" class=\"yith-wapo-block\">\n<div id=\"yith-wapo-addon-3\" class=\"yith-wapo-addon yith-wapo-addon-type-html_separator default-closed toggle-closed \" data-min=\"\" data-max=\"\" data-exa=\"\" data-addon-type=\"html_separator\">\n<div class=\"addon-header\"><\/div>\n<\/div>\n<\/div>\n<\/div>\n<\/form>\n<\/div>\n<\/div>\n","protected":false},"featured_media":340347,"comment_status":"open","ping_status":"closed","template":"","meta":{"_acf_changed":false},"product_brand":[],"product_cat":[12015],"product_tag":[12006,12807,12007],"class_list":{"0":"post-987531301","1":"product","2":"type-product","3":"status-publish","4":"has-post-thumbnail","6":"product_cat-robes-de-poupee","7":"product_tag-barbie-fr","8":"product_tag-robe","9":"product_tag-robe-de-poupee","10":"pa_available_on-craftygenesindonesia","11":"pa_available_on-ravelry","12":"pa_languages-americain","13":"pa_languages-espagnol","14":"pa_languages-francais","15":"pa_languages-neerlandais","17":"first","18":"instock","19":"downloadable","20":"virtual","21":"purchasable","22":"product-type-simple"},"acf":[],"yoast_head":"<!-- This site is optimized with the Yoast SEO plugin v27.4 - https:\/\/yoast.com\/product\/yoast-seo-wordpress\/ -->\n<title>Robe de No\u00ebl 2 mod\u00e8le de crochet - Craftygenesindonesia<\/title>\n<meta name=\"description\" content=\"Achetez ici mon patron au crochet \u00ab Robe de No\u00ebl 2 \u00bb. Ce patron facile est disponible en anglais, n\u00e9erlandais, fran\u00e7ais et espagnol.\" \/>\n<meta name=\"robots\" content=\"index, follow, max-snippet:-1, max-image-preview:large, max-video-preview:-1\" \/>\n<link rel=\"canonical\" href=\"https:\/\/craftygenesindonesia.com\/fr\/shop\/robes-de-poupee\/robe-de-noel-2\/\" \/>\n<meta property=\"og:locale\" content=\"fr_FR\" \/>\n<meta property=\"og:type\" content=\"article\" \/>\n<meta property=\"og:title\" content=\"Robe de No\u00ebl 2 mod\u00e8le au crochet\" \/>\n<meta property=\"og:description\" content=\"Achetez ici mon patron au crochet \u00ab Robe de No\u00ebl 2 \u00bb. Ce patron facile est disponible en anglais, n\u00e9erlandais, fran\u00e7ais et espagnol.\" \/>\n<meta property=\"og:url\" content=\"https:\/\/craftygenesindonesia.com\/fr\/shop\/robes-de-poupee\/robe-de-noel-2\/\" \/>\n<meta property=\"og:site_name\" content=\"Craftygenesindonesia\" \/>\n<meta property=\"article:modified_time\" content=\"2026-03-18T03:48:23+00:00\" \/>\n<meta property=\"og:image\" content=\"https:\/\/craftygenesindonesia.com\/wp-content\/uploads\/2023\/11\/Copy-of-Untitled-9-300x300.jpg\" \/>\n<meta name=\"twitter:card\" content=\"summary_large_image\" \/>\n<meta name=\"twitter:label1\" content=\"Dur\u00e9e de lecture estim\u00e9e\" \/>\n\t<meta name=\"twitter:data1\" content=\"2 minutes\" \/>\n<script type=\"application\/ld+json\" class=\"yoast-schema-graph\">{\"@context\":\"https:\\\/\\\/schema.org\",\"@graph\":[{\"@type\":\"WebPage\",\"@id\":\"https:\\\/\\\/craftygenesindonesia.com\\\/fr\\\/shop\\\/robes-de-poupee\\\/robe-de-noel-2\\\/\",\"url\":\"https:\\\/\\\/craftygenesindonesia.com\\\/fr\\\/shop\\\/robes-de-poupee\\\/robe-de-noel-2\\\/\",\"name\":\"Robe de No\u00ebl 2 mod\u00e8le de crochet - Craftygenesindonesia\",\"isPartOf\":{\"@id\":\"https:\\\/\\\/craftygenesindonesia.com\\\/fr\\\/#website\"},\"primaryImageOfPage\":{\"@id\":\"https:\\\/\\\/craftygenesindonesia.com\\\/fr\\\/shop\\\/robes-de-poupee\\\/robe-de-noel-2\\\/#primaryimage\"},\"image\":{\"@id\":\"https:\\\/\\\/craftygenesindonesia.com\\\/fr\\\/shop\\\/robes-de-poupee\\\/robe-de-noel-2\\\/#primaryimage\"},\"thumbnailUrl\":\"https:\\\/\\\/craftygenesindonesia.com\\\/wp-content\\\/uploads\\\/2023\\\/11\\\/Copy-of-Untitled-9.jpg\",\"datePublished\":\"2025-10-27T21:20:42+00:00\",\"dateModified\":\"2026-03-18T03:48:23+00:00\",\"description\":\"Achetez ici mon patron au crochet \u00ab Robe de No\u00ebl 2 \u00bb. Ce patron facile est disponible en anglais, n\u00e9erlandais, fran\u00e7ais et espagnol.\",\"breadcrumb\":{\"@id\":\"https:\\\/\\\/craftygenesindonesia.com\\\/fr\\\/shop\\\/robes-de-poupee\\\/robe-de-noel-2\\\/#breadcrumb\"},\"inLanguage\":\"fr-FR\",\"potentialAction\":[{\"@type\":\"ReadAction\",\"target\":[\"https:\\\/\\\/craftygenesindonesia.com\\\/fr\\\/shop\\\/robes-de-poupee\\\/robe-de-noel-2\\\/\"]}]},{\"@type\":\"ImageObject\",\"inLanguage\":\"fr-FR\",\"@id\":\"https:\\\/\\\/craftygenesindonesia.com\\\/fr\\\/shop\\\/robes-de-poupee\\\/robe-de-noel-2\\\/#primaryimage\",\"url\":\"https:\\\/\\\/craftygenesindonesia.com\\\/wp-content\\\/uploads\\\/2023\\\/11\\\/Copy-of-Untitled-9.jpg\",\"contentUrl\":\"https:\\\/\\\/craftygenesindonesia.com\\\/wp-content\\\/uploads\\\/2023\\\/11\\\/Copy-of-Untitled-9.jpg\",\"width\":1080,\"height\":1080,\"caption\":\"Robe de No\u00ebl 2\"},{\"@type\":\"BreadcrumbList\",\"@id\":\"https:\\\/\\\/craftygenesindonesia.com\\\/fr\\\/shop\\\/robes-de-poupee\\\/robe-de-noel-2\\\/#breadcrumb\",\"itemListElement\":[{\"@type\":\"ListItem\",\"position\":1,\"name\":\"Home\",\"item\":\"https:\\\/\\\/craftygenesindonesia.com\\\/fr\\\/\"},{\"@type\":\"ListItem\",\"position\":2,\"name\":\"Boutique de mod\u00e8les\",\"item\":\"https:\\\/\\\/craftygenesindonesia.com\\\/fr\\\/boutique\\\/\"},{\"@type\":\"ListItem\",\"position\":3,\"name\":\"Robe de No\u00ebl 2\"}]},{\"@type\":\"WebSite\",\"@id\":\"https:\\\/\\\/craftygenesindonesia.com\\\/fr\\\/#website\",\"url\":\"https:\\\/\\\/craftygenesindonesia.com\\\/fr\\\/\",\"name\":\"Craftygenesindonesia\",\"description\":\"\",\"publisher\":{\"@id\":\"https:\\\/\\\/craftygenesindonesia.com\\\/fr\\\/#organization\"},\"potentialAction\":[{\"@type\":\"SearchAction\",\"target\":{\"@type\":\"EntryPoint\",\"urlTemplate\":\"https:\\\/\\\/craftygenesindonesia.com\\\/fr\\\/?s={search_term_string}\"},\"query-input\":{\"@type\":\"PropertyValueSpecification\",\"valueRequired\":true,\"valueName\":\"search_term_string\"}}],\"inLanguage\":\"fr-FR\"},{\"@type\":\"Organization\",\"@id\":\"https:\\\/\\\/craftygenesindonesia.com\\\/fr\\\/#organization\",\"name\":\"Craftygenesindonesia\",\"url\":\"https:\\\/\\\/craftygenesindonesia.com\\\/fr\\\/\",\"logo\":{\"@type\":\"ImageObject\",\"inLanguage\":\"fr-FR\",\"@id\":\"https:\\\/\\\/craftygenesindonesia.com\\\/fr\\\/#\\\/schema\\\/logo\\\/image\\\/\",\"url\":\"https:\\\/\\\/craftygenesindonesia.com\\\/wp-content\\\/uploads\\\/2025\\\/11\\\/cropped-Copy-of-Craftygenesindonesia.jpg\",\"contentUrl\":\"https:\\\/\\\/craftygenesindonesia.com\\\/wp-content\\\/uploads\\\/2025\\\/11\\\/cropped-Copy-of-Craftygenesindonesia.jpg\",\"width\":180,\"height\":60,\"caption\":\"Craftygenesindonesia\"},\"image\":{\"@id\":\"https:\\\/\\\/craftygenesindonesia.com\\\/fr\\\/#\\\/schema\\\/logo\\\/image\\\/\"}}]}<\/script>\n<!-- \/ Yoast SEO plugin. -->","yoast_head_json":{"title":"Robe de No\u00ebl 2 mod\u00e8le de crochet - Craftygenesindonesia","description":"Achetez ici mon patron au crochet \u00ab Robe de No\u00ebl 2 \u00bb. Ce patron facile est disponible en anglais, n\u00e9erlandais, fran\u00e7ais et espagnol.","robots":{"index":"index","follow":"follow","max-snippet":"max-snippet:-1","max-image-preview":"max-image-preview:large","max-video-preview":"max-video-preview:-1"},"canonical":"https:\/\/craftygenesindonesia.com\/fr\/shop\/robes-de-poupee\/robe-de-noel-2\/","og_locale":"fr_FR","og_type":"article","og_title":"Robe de No\u00ebl 2 mod\u00e8le au crochet","og_description":"Achetez ici mon patron au crochet \u00ab Robe de No\u00ebl 2 \u00bb. Ce patron facile est disponible en anglais, n\u00e9erlandais, fran\u00e7ais et espagnol.","og_url":"https:\/\/craftygenesindonesia.com\/fr\/shop\/robes-de-poupee\/robe-de-noel-2\/","og_site_name":"Craftygenesindonesia","article_modified_time":"2026-03-18T03:48:23+00:00","og_image":[{"url":"https:\/\/craftygenesindonesia.com\/wp-content\/uploads\/2023\/11\/Copy-of-Untitled-9-300x300.jpg","type":"","width":"","height":""}],"twitter_card":"summary_large_image","twitter_misc":{"Dur\u00e9e de lecture estim\u00e9e":"2 minutes"},"schema":{"@context":"https:\/\/schema.org","@graph":[{"@type":"WebPage","@id":"https:\/\/craftygenesindonesia.com\/fr\/shop\/robes-de-poupee\/robe-de-noel-2\/","url":"https:\/\/craftygenesindonesia.com\/fr\/shop\/robes-de-poupee\/robe-de-noel-2\/","name":"Robe de No\u00ebl 2 mod\u00e8le de crochet - Craftygenesindonesia","isPartOf":{"@id":"https:\/\/craftygenesindonesia.com\/fr\/#website"},"primaryImageOfPage":{"@id":"https:\/\/craftygenesindonesia.com\/fr\/shop\/robes-de-poupee\/robe-de-noel-2\/#primaryimage"},"image":{"@id":"https:\/\/craftygenesindonesia.com\/fr\/shop\/robes-de-poupee\/robe-de-noel-2\/#primaryimage"},"thumbnailUrl":"https:\/\/craftygenesindonesia.com\/wp-content\/uploads\/2023\/11\/Copy-of-Untitled-9.jpg","datePublished":"2025-10-27T21:20:42+00:00","dateModified":"2026-03-18T03:48:23+00:00","description":"Achetez ici mon patron au crochet \u00ab Robe de No\u00ebl 2 \u00bb. Ce patron facile est disponible en anglais, n\u00e9erlandais, fran\u00e7ais et espagnol.","breadcrumb":{"@id":"https:\/\/craftygenesindonesia.com\/fr\/shop\/robes-de-poupee\/robe-de-noel-2\/#breadcrumb"},"inLanguage":"fr-FR","potentialAction":[{"@type":"ReadAction","target":["https:\/\/craftygenesindonesia.com\/fr\/shop\/robes-de-poupee\/robe-de-noel-2\/"]}]},{"@type":"ImageObject","inLanguage":"fr-FR","@id":"https:\/\/craftygenesindonesia.com\/fr\/shop\/robes-de-poupee\/robe-de-noel-2\/#primaryimage","url":"https:\/\/craftygenesindonesia.com\/wp-content\/uploads\/2023\/11\/Copy-of-Untitled-9.jpg","contentUrl":"https:\/\/craftygenesindonesia.com\/wp-content\/uploads\/2023\/11\/Copy-of-Untitled-9.jpg","width":1080,"height":1080,"caption":"Robe de No\u00ebl 2"},{"@type":"BreadcrumbList","@id":"https:\/\/craftygenesindonesia.com\/fr\/shop\/robes-de-poupee\/robe-de-noel-2\/#breadcrumb","itemListElement":[{"@type":"ListItem","position":1,"name":"Home","item":"https:\/\/craftygenesindonesia.com\/fr\/"},{"@type":"ListItem","position":2,"name":"Boutique de mod\u00e8les","item":"https:\/\/craftygenesindonesia.com\/fr\/boutique\/"},{"@type":"ListItem","position":3,"name":"Robe de No\u00ebl 2"}]},{"@type":"WebSite","@id":"https:\/\/craftygenesindonesia.com\/fr\/#website","url":"https:\/\/craftygenesindonesia.com\/fr\/","name":"Craftygenesindonesia","description":"","publisher":{"@id":"https:\/\/craftygenesindonesia.com\/fr\/#organization"},"potentialAction":[{"@type":"SearchAction","target":{"@type":"EntryPoint","urlTemplate":"https:\/\/craftygenesindonesia.com\/fr\/?s={search_term_string}"},"query-input":{"@type":"PropertyValueSpecification","valueRequired":true,"valueName":"search_term_string"}}],"inLanguage":"fr-FR"},{"@type":"Organization","@id":"https:\/\/craftygenesindonesia.com\/fr\/#organization","name":"Craftygenesindonesia","url":"https:\/\/craftygenesindonesia.com\/fr\/","logo":{"@type":"ImageObject","inLanguage":"fr-FR","@id":"https:\/\/craftygenesindonesia.com\/fr\/#\/schema\/logo\/image\/","url":"https:\/\/craftygenesindonesia.com\/wp-content\/uploads\/2025\/11\/cropped-Copy-of-Craftygenesindonesia.jpg","contentUrl":"https:\/\/craftygenesindonesia.com\/wp-content\/uploads\/2025\/11\/cropped-Copy-of-Craftygenesindonesia.jpg","width":180,"height":60,"caption":"Craftygenesindonesia"},"image":{"@id":"https:\/\/craftygenesindonesia.com\/fr\/#\/schema\/logo\/image\/"}}]}},"_links":{"self":[{"href":"https:\/\/craftygenesindonesia.com\/fr\/wp-json\/wp\/v2\/product\/987531301","targetHints":{"allow":["GET"]}}],"collection":[{"href":"https:\/\/craftygenesindonesia.com\/fr\/wp-json\/wp\/v2\/product"}],"about":[{"href":"https:\/\/craftygenesindonesia.com\/fr\/wp-json\/wp\/v2\/types\/product"}],"replies":[{"embeddable":true,"href":"https:\/\/craftygenesindonesia.com\/fr\/wp-json\/wp\/v2\/comments?post=987531301"}],"wp:featuredmedia":[{"embeddable":true,"href":"https:\/\/craftygenesindonesia.com\/fr\/wp-json\/wp\/v2\/media\/340347"}],"wp:attachment":[{"href":"https:\/\/craftygenesindonesia.com\/fr\/wp-json\/wp\/v2\/media?parent=987531301"}],"wp:term":[{"taxonomy":"product_brand","embeddable":true,"href":"https:\/\/craftygenesindonesia.com\/fr\/wp-json\/wp\/v2\/product_brand?post=987531301"},{"taxonomy":"product_cat","embeddable":true,"href":"https:\/\/craftygenesindonesia.com\/fr\/wp-json\/wp\/v2\/product_cat?post=987531301"},{"taxonomy":"product_tag","embeddable":true,"href":"https:\/\/craftygenesindonesia.com\/fr\/wp-json\/wp\/v2\/product_tag?post=987531301"}],"curies":[{"name":"wp","href":"https:\/\/api.w.org\/{rel}","templated":true}]}}