{"id":987531069,"date":"2025-10-14T18:40:24","date_gmt":"2025-10-14T10:40:24","guid":{"rendered":"https:\/\/craftygenesindonesia.com\/shop\/non%20class\u00e9\/ensemble-casse-noix-2-en-1\/"},"modified":"2026-03-18T12:02:50","modified_gmt":"2026-03-18T04:02:50","slug":"ensemble-casse-noix-2-en-1","status":"publish","type":"product","link":"https:\/\/craftygenesindonesia.com\/fr\/shop\/noel\/ensemble-casse-noix-2-en-1\/","title":{"rendered":"Ensemble casse-noix 2 en 1"},"content":{"rendered":"<p><b>Ensemble casse-noix 2 en 1<\/b><\/p>\n<p><b>Type de fichier <\/b>: mod\u00e8le de crochet &#8211; t\u00e9l\u00e9chargement num\u00e9rique, pas d&#8217;article physique<\/p>\n<p><b>Langues disponibles <\/b>: Anglais (termes am\u00e9ricains et britanniques), n\u00e9erlandais, fran\u00e7ais, espagnol, allemand<\/p>\n<p><b>Dimensions de l&#8217;article fini : <\/b>73 cm\/28,7 pouces et 65 cm\/25,5 pouces<\/p>\n<p><b>Type de fil : <\/b>fil DK (taille 4)<\/p>\n<p><b>Marques recommand\u00e9es : <\/b>Softfun de Scheepjes, Durable cosy fine, coton lait 4 fils<\/p>\n<p><b>Couleurs de fil n\u00e9cessaires :<\/b> couleur chair, bleu fonc\u00e9, noir, marron, or m\u00e9tallique, blanc, vert menthe clair, rose, violet clair, argent m\u00e9tallique, jaune clair, bleu clair<\/p>\n<p><b>Nuancier : <\/b>sur demande par e-mail \u00e0 l&#8217;adresse craftygenesindonesia@gmail.com<\/p>\n<p><b>Crochet :<\/b> 3mm<\/p>\n<p><b>Autres \u00e9l\u00e9ments n\u00e9cessaires : <\/b>carton de 6 mm d&#8217;\u00e9paisseur, rembourrage, marqueurs de mailles, ciseaux, colle, crayon, r\u00e8gle, fil d&#8217;aluminium de 4 mm, pince coupante, \u00e9pingles \u00e0 coudre, 2 jeux d&#8217;yeux de poup\u00e9e noirs \u00e0 dos plat de 12 mm (peuvent \u00eatre remplac\u00e9s par des yeux de s\u00e9curit\u00e9 normaux), inscription \u00ab Merry Christmas \u00bb en plastique, 3 boules de No\u00ebl bleu fonc\u00e9, boutons ou diamants en plastique, 2 morceaux de feutre (bleu fonc\u00e9 et blanc)<\/p>\n<p><b>Remarque :<\/b> des photos de certains mat\u00e9riaux sont disponibles dans le patron au crochet.<\/p>\n<p><b>Droits d&#8217;auteur et aide <\/b>:<\/p>\n<p>Ce mod\u00e8le est un mod\u00e8le \u00e9crit (num\u00e9rique) avec de nombreuses photos pour vous aider. Si vous avez des questions sur le mod\u00e8le, envoyez-moi un courriel \u00e0 l&#8217;adresse suivante : <a href=\"mailto:craftygenesindonesia@gmail.com\">craftygenesindonesia@gmail.com<\/a> <\/p>\n<p><b>Ce mod\u00e8le de crochet num\u00e9rique est r\u00e9serv\u00e9 \u00e0 un usage personnel et est prot\u00e9g\u00e9 par des droits d&#8217;auteur. Par cons\u00e9quent, vous ne pouvez pas copier, vendre, revendre, traduire, revendiquer comme votre propre design, distribuer, partager, publier, poster uniquement, &#8230; de quelque mani\u00e8re ou forme que ce soit sans mon autorisation. Pas m\u00eame une partie !  <\/b><\/p>\n<p><b>Vous pouvez vendre le produit fini ou l&#8217;article, en petites quantit\u00e9s, mais vous n&#8217;avez pas le droit de vendre le mod\u00e8le de crochet lui-m\u00eame ! Mentionnez que le mod\u00e8le de crochet est de moi, Craftygenesindonesia, et o\u00f9 il peut \u00eatre achet\u00e9. <\/b><\/p>\n","protected":false},"excerpt":{"rendered":"<p>Voici un mod\u00e8le de crochet 2 en 1 amusant et facile \u00e0 suivre pour r\u00e9aliser deux grands casse-noisettes. Si vous aimez faire du crochet pour No\u00ebl, vous devez absolument vous procurer ce mod\u00e8le. <\/p>\n<p>Si vous souhaitez les r\u00e9aliser plus petits, utilisez un fil tel que Catona de Scheepjes ou Durable Coral. Le casse-noisette devrait \u00eatre environ 10 \u00e0 15 % plus petit. <\/p>\n","protected":false},"featured_media":987531060,"comment_status":"open","ping_status":"closed","template":"","meta":{"_acf_changed":false},"product_brand":[],"product_cat":[3653],"product_tag":[10726,10433,11811,11764,10507,12078],"class_list":{"0":"post-987531069","1":"product","2":"type-product","3":"status-publish","4":"has-post-thumbnail","6":"product_cat-noel","7":"product_tag-casse-noisette","8":"product_tag-gateau","9":"product_tag-kerst-versiering-fr","10":"product_tag-poupee-de-noel","11":"product_tag-soldat-fr","12":"product_tag-xmas-fr","13":"pa_available_on-craftygenesindonesia","14":"pa_available_on-etsy","15":"pa_available_on-haked-nl","16":"pa_available_on-payhip","17":"pa_available_on-ravelry","18":"pa_languages-allemand","19":"pa_languages-americain","20":"pa_languages-anglais-britannique","21":"pa_languages-espagnol","22":"pa_languages-francais","23":"pa_languages-neerlandais","25":"first","26":"instock","27":"downloadable","28":"virtual","29":"purchasable","30":"product-type-simple"},"acf":[],"yoast_head":"<!-- This site is optimized with the Yoast SEO plugin v27.3 - https:\/\/yoast.com\/product\/yoast-seo-wordpress\/ -->\n<title>Ensemble casse-noix 2 en 1 Mod\u00e8le au crochet - Craftygenesindonesia<\/title>\n<meta name=\"description\" content=\"Achetez ici mon patron de crochet pour un ensemble 2 en 1 de casse-noisettes. Le patron de crochet est \u00e9galement disponible sur Etsy, Haked.nl, Ravelry, Payhip.\" \/>\n<meta name=\"robots\" content=\"index, follow, max-snippet:-1, max-image-preview:large, max-video-preview:-1\" \/>\n<link rel=\"canonical\" href=\"https:\/\/craftygenesindonesia.com\/fr\/shop\/noel\/ensemble-casse-noix-2-en-1\/\" \/>\n<meta property=\"og:locale\" content=\"fr_FR\" \/>\n<meta property=\"og:type\" content=\"article\" \/>\n<meta property=\"og:title\" content=\"Mod\u00e8le au crochet pour ensemble casse-noisettes 2 en 1\" \/>\n<meta property=\"og:description\" content=\"Achetez ici mon patron de crochet pour un ensemble 2 en 1 de casse-noisettes. Le patron de crochet est \u00e9galement disponible sur Etsy, Haked.nl, Ravelry, Payhip.\" \/>\n<meta property=\"og:url\" content=\"https:\/\/craftygenesindonesia.com\/fr\/shop\/noel\/ensemble-casse-noix-2-en-1\/\" \/>\n<meta property=\"og:site_name\" content=\"Craftygenesindonesia\" \/>\n<meta property=\"article:modified_time\" content=\"2026-03-18T04:02:50+00:00\" \/>\n<meta property=\"og:image\" content=\"https:\/\/craftygenesindonesia.com\/wp-content\/uploads\/2025\/10\/2in1-Nutcracker-set-copy-300x300.jpg\" \/>\n<meta name=\"twitter:card\" content=\"summary_large_image\" \/>\n<meta name=\"twitter:label1\" content=\"Dur\u00e9e de lecture estim\u00e9e\" \/>\n\t<meta name=\"twitter:data1\" content=\"2 minutes\" \/>\n<script type=\"application\/ld+json\" class=\"yoast-schema-graph\">{\"@context\":\"https:\\\/\\\/schema.org\",\"@graph\":[{\"@type\":\"WebPage\",\"@id\":\"https:\\\/\\\/craftygenesindonesia.com\\\/fr\\\/shop\\\/noel\\\/ensemble-casse-noix-2-en-1\\\/\",\"url\":\"https:\\\/\\\/craftygenesindonesia.com\\\/fr\\\/shop\\\/noel\\\/ensemble-casse-noix-2-en-1\\\/\",\"name\":\"Ensemble casse-noix 2 en 1 Mod\u00e8le au crochet - Craftygenesindonesia\",\"isPartOf\":{\"@id\":\"https:\\\/\\\/craftygenesindonesia.com\\\/fr\\\/#website\"},\"primaryImageOfPage\":{\"@id\":\"https:\\\/\\\/craftygenesindonesia.com\\\/fr\\\/shop\\\/noel\\\/ensemble-casse-noix-2-en-1\\\/#primaryimage\"},\"image\":{\"@id\":\"https:\\\/\\\/craftygenesindonesia.com\\\/fr\\\/shop\\\/noel\\\/ensemble-casse-noix-2-en-1\\\/#primaryimage\"},\"thumbnailUrl\":\"https:\\\/\\\/craftygenesindonesia.com\\\/wp-content\\\/uploads\\\/2025\\\/10\\\/2in1-Nutcracker-set-copy.jpg\",\"datePublished\":\"2025-10-14T10:40:24+00:00\",\"dateModified\":\"2026-03-18T04:02:50+00:00\",\"description\":\"Achetez ici mon patron de crochet pour un ensemble 2 en 1 de casse-noisettes. Le patron de crochet est \u00e9galement disponible sur Etsy, Haked.nl, Ravelry, Payhip.\",\"breadcrumb\":{\"@id\":\"https:\\\/\\\/craftygenesindonesia.com\\\/fr\\\/shop\\\/noel\\\/ensemble-casse-noix-2-en-1\\\/#breadcrumb\"},\"inLanguage\":\"fr-FR\",\"potentialAction\":[{\"@type\":\"ReadAction\",\"target\":[\"https:\\\/\\\/craftygenesindonesia.com\\\/fr\\\/shop\\\/noel\\\/ensemble-casse-noix-2-en-1\\\/\"]}]},{\"@type\":\"ImageObject\",\"inLanguage\":\"fr-FR\",\"@id\":\"https:\\\/\\\/craftygenesindonesia.com\\\/fr\\\/shop\\\/noel\\\/ensemble-casse-noix-2-en-1\\\/#primaryimage\",\"url\":\"https:\\\/\\\/craftygenesindonesia.com\\\/wp-content\\\/uploads\\\/2025\\\/10\\\/2in1-Nutcracker-set-copy.jpg\",\"contentUrl\":\"https:\\\/\\\/craftygenesindonesia.com\\\/wp-content\\\/uploads\\\/2025\\\/10\\\/2in1-Nutcracker-set-copy.jpg\",\"width\":1080,\"height\":1080,\"caption\":\"crocheter des casse-noisettes de No\u00ebl\"},{\"@type\":\"BreadcrumbList\",\"@id\":\"https:\\\/\\\/craftygenesindonesia.com\\\/fr\\\/shop\\\/noel\\\/ensemble-casse-noix-2-en-1\\\/#breadcrumb\",\"itemListElement\":[{\"@type\":\"ListItem\",\"position\":1,\"name\":\"Home\",\"item\":\"https:\\\/\\\/craftygenesindonesia.com\\\/fr\\\/\"},{\"@type\":\"ListItem\",\"position\":2,\"name\":\"Boutique de mod\u00e8les\",\"item\":\"https:\\\/\\\/craftygenesindonesia.com\\\/fr\\\/boutique\\\/\"},{\"@type\":\"ListItem\",\"position\":3,\"name\":\"Ensemble casse-noix 2 en 1\"}]},{\"@type\":\"WebSite\",\"@id\":\"https:\\\/\\\/craftygenesindonesia.com\\\/fr\\\/#website\",\"url\":\"https:\\\/\\\/craftygenesindonesia.com\\\/fr\\\/\",\"name\":\"Craftygenesindonesia\",\"description\":\"\",\"publisher\":{\"@id\":\"https:\\\/\\\/craftygenesindonesia.com\\\/fr\\\/#organization\"},\"potentialAction\":[{\"@type\":\"SearchAction\",\"target\":{\"@type\":\"EntryPoint\",\"urlTemplate\":\"https:\\\/\\\/craftygenesindonesia.com\\\/fr\\\/?s={search_term_string}\"},\"query-input\":{\"@type\":\"PropertyValueSpecification\",\"valueRequired\":true,\"valueName\":\"search_term_string\"}}],\"inLanguage\":\"fr-FR\"},{\"@type\":\"Organization\",\"@id\":\"https:\\\/\\\/craftygenesindonesia.com\\\/fr\\\/#organization\",\"name\":\"Craftygenesindonesia\",\"url\":\"https:\\\/\\\/craftygenesindonesia.com\\\/fr\\\/\",\"logo\":{\"@type\":\"ImageObject\",\"inLanguage\":\"fr-FR\",\"@id\":\"https:\\\/\\\/craftygenesindonesia.com\\\/fr\\\/#\\\/schema\\\/logo\\\/image\\\/\",\"url\":\"https:\\\/\\\/craftygenesindonesia.com\\\/wp-content\\\/uploads\\\/2025\\\/11\\\/cropped-Copy-of-Craftygenesindonesia.jpg\",\"contentUrl\":\"https:\\\/\\\/craftygenesindonesia.com\\\/wp-content\\\/uploads\\\/2025\\\/11\\\/cropped-Copy-of-Craftygenesindonesia.jpg\",\"width\":180,\"height\":60,\"caption\":\"Craftygenesindonesia\"},\"image\":{\"@id\":\"https:\\\/\\\/craftygenesindonesia.com\\\/fr\\\/#\\\/schema\\\/logo\\\/image\\\/\"}}]}<\/script>\n<!-- \/ Yoast SEO plugin. -->","yoast_head_json":{"title":"Ensemble casse-noix 2 en 1 Mod\u00e8le au crochet - Craftygenesindonesia","description":"Achetez ici mon patron de crochet pour un ensemble 2 en 1 de casse-noisettes. Le patron de crochet est \u00e9galement disponible sur Etsy, Haked.nl, Ravelry, Payhip.","robots":{"index":"index","follow":"follow","max-snippet":"max-snippet:-1","max-image-preview":"max-image-preview:large","max-video-preview":"max-video-preview:-1"},"canonical":"https:\/\/craftygenesindonesia.com\/fr\/shop\/noel\/ensemble-casse-noix-2-en-1\/","og_locale":"fr_FR","og_type":"article","og_title":"Mod\u00e8le au crochet pour ensemble casse-noisettes 2 en 1","og_description":"Achetez ici mon patron de crochet pour un ensemble 2 en 1 de casse-noisettes. Le patron de crochet est \u00e9galement disponible sur Etsy, Haked.nl, Ravelry, Payhip.","og_url":"https:\/\/craftygenesindonesia.com\/fr\/shop\/noel\/ensemble-casse-noix-2-en-1\/","og_site_name":"Craftygenesindonesia","article_modified_time":"2026-03-18T04:02:50+00:00","og_image":[{"url":"https:\/\/craftygenesindonesia.com\/wp-content\/uploads\/2025\/10\/2in1-Nutcracker-set-copy-300x300.jpg","type":"","width":"","height":""}],"twitter_card":"summary_large_image","twitter_misc":{"Dur\u00e9e de lecture estim\u00e9e":"2 minutes"},"schema":{"@context":"https:\/\/schema.org","@graph":[{"@type":"WebPage","@id":"https:\/\/craftygenesindonesia.com\/fr\/shop\/noel\/ensemble-casse-noix-2-en-1\/","url":"https:\/\/craftygenesindonesia.com\/fr\/shop\/noel\/ensemble-casse-noix-2-en-1\/","name":"Ensemble casse-noix 2 en 1 Mod\u00e8le au crochet - Craftygenesindonesia","isPartOf":{"@id":"https:\/\/craftygenesindonesia.com\/fr\/#website"},"primaryImageOfPage":{"@id":"https:\/\/craftygenesindonesia.com\/fr\/shop\/noel\/ensemble-casse-noix-2-en-1\/#primaryimage"},"image":{"@id":"https:\/\/craftygenesindonesia.com\/fr\/shop\/noel\/ensemble-casse-noix-2-en-1\/#primaryimage"},"thumbnailUrl":"https:\/\/craftygenesindonesia.com\/wp-content\/uploads\/2025\/10\/2in1-Nutcracker-set-copy.jpg","datePublished":"2025-10-14T10:40:24+00:00","dateModified":"2026-03-18T04:02:50+00:00","description":"Achetez ici mon patron de crochet pour un ensemble 2 en 1 de casse-noisettes. Le patron de crochet est \u00e9galement disponible sur Etsy, Haked.nl, Ravelry, Payhip.","breadcrumb":{"@id":"https:\/\/craftygenesindonesia.com\/fr\/shop\/noel\/ensemble-casse-noix-2-en-1\/#breadcrumb"},"inLanguage":"fr-FR","potentialAction":[{"@type":"ReadAction","target":["https:\/\/craftygenesindonesia.com\/fr\/shop\/noel\/ensemble-casse-noix-2-en-1\/"]}]},{"@type":"ImageObject","inLanguage":"fr-FR","@id":"https:\/\/craftygenesindonesia.com\/fr\/shop\/noel\/ensemble-casse-noix-2-en-1\/#primaryimage","url":"https:\/\/craftygenesindonesia.com\/wp-content\/uploads\/2025\/10\/2in1-Nutcracker-set-copy.jpg","contentUrl":"https:\/\/craftygenesindonesia.com\/wp-content\/uploads\/2025\/10\/2in1-Nutcracker-set-copy.jpg","width":1080,"height":1080,"caption":"crocheter des casse-noisettes de No\u00ebl"},{"@type":"BreadcrumbList","@id":"https:\/\/craftygenesindonesia.com\/fr\/shop\/noel\/ensemble-casse-noix-2-en-1\/#breadcrumb","itemListElement":[{"@type":"ListItem","position":1,"name":"Home","item":"https:\/\/craftygenesindonesia.com\/fr\/"},{"@type":"ListItem","position":2,"name":"Boutique de mod\u00e8les","item":"https:\/\/craftygenesindonesia.com\/fr\/boutique\/"},{"@type":"ListItem","position":3,"name":"Ensemble casse-noix 2 en 1"}]},{"@type":"WebSite","@id":"https:\/\/craftygenesindonesia.com\/fr\/#website","url":"https:\/\/craftygenesindonesia.com\/fr\/","name":"Craftygenesindonesia","description":"","publisher":{"@id":"https:\/\/craftygenesindonesia.com\/fr\/#organization"},"potentialAction":[{"@type":"SearchAction","target":{"@type":"EntryPoint","urlTemplate":"https:\/\/craftygenesindonesia.com\/fr\/?s={search_term_string}"},"query-input":{"@type":"PropertyValueSpecification","valueRequired":true,"valueName":"search_term_string"}}],"inLanguage":"fr-FR"},{"@type":"Organization","@id":"https:\/\/craftygenesindonesia.com\/fr\/#organization","name":"Craftygenesindonesia","url":"https:\/\/craftygenesindonesia.com\/fr\/","logo":{"@type":"ImageObject","inLanguage":"fr-FR","@id":"https:\/\/craftygenesindonesia.com\/fr\/#\/schema\/logo\/image\/","url":"https:\/\/craftygenesindonesia.com\/wp-content\/uploads\/2025\/11\/cropped-Copy-of-Craftygenesindonesia.jpg","contentUrl":"https:\/\/craftygenesindonesia.com\/wp-content\/uploads\/2025\/11\/cropped-Copy-of-Craftygenesindonesia.jpg","width":180,"height":60,"caption":"Craftygenesindonesia"},"image":{"@id":"https:\/\/craftygenesindonesia.com\/fr\/#\/schema\/logo\/image\/"}}]}},"_links":{"self":[{"href":"https:\/\/craftygenesindonesia.com\/fr\/wp-json\/wp\/v2\/product\/987531069","targetHints":{"allow":["GET"]}}],"collection":[{"href":"https:\/\/craftygenesindonesia.com\/fr\/wp-json\/wp\/v2\/product"}],"about":[{"href":"https:\/\/craftygenesindonesia.com\/fr\/wp-json\/wp\/v2\/types\/product"}],"replies":[{"embeddable":true,"href":"https:\/\/craftygenesindonesia.com\/fr\/wp-json\/wp\/v2\/comments?post=987531069"}],"wp:featuredmedia":[{"embeddable":true,"href":"https:\/\/craftygenesindonesia.com\/fr\/wp-json\/wp\/v2\/media\/987531060"}],"wp:attachment":[{"href":"https:\/\/craftygenesindonesia.com\/fr\/wp-json\/wp\/v2\/media?parent=987531069"}],"wp:term":[{"taxonomy":"product_brand","embeddable":true,"href":"https:\/\/craftygenesindonesia.com\/fr\/wp-json\/wp\/v2\/product_brand?post=987531069"},{"taxonomy":"product_cat","embeddable":true,"href":"https:\/\/craftygenesindonesia.com\/fr\/wp-json\/wp\/v2\/product_cat?post=987531069"},{"taxonomy":"product_tag","embeddable":true,"href":"https:\/\/craftygenesindonesia.com\/fr\/wp-json\/wp\/v2\/product_tag?post=987531069"}],"curies":[{"name":"wp","href":"https:\/\/api.w.org\/{rel}","templated":true}]}}