{"id":987530302,"date":"2025-08-15T16:50:03","date_gmt":"2025-08-15T08:50:03","guid":{"rendered":"https:\/\/craftygenesindonesia.com\/?post_type=product&#038;p=987530302"},"modified":"2026-03-18T14:35:26","modified_gmt":"2026-03-18T06:35:26","slug":"memorial-des-infirmieres-modele-de-tricot","status":"publish","type":"product","link":"https:\/\/craftygenesindonesia.com\/fr\/shop\/tricot\/memorial-des-infirmieres-modele-de-tricot\/","title":{"rendered":"M\u00e9morial des infirmi\u00e8res mod\u00e8le de tricot"},"content":{"rendered":"<p><b>M\u00c9MORIAL DES INFIRMI\u00c8RES<\/b><\/p>\n<p><b>Type de fichier <\/b>: patron de tricot &#8211; t\u00e9l\u00e9chargement num\u00e9rique, ce n&#8217;est pas un article physique.<\/p>\n<p><b>Langues disponibles <\/b>: anglais, n\u00e9erlandais, fran\u00e7ais, espagnol, allemand<\/p>\n<p><b>Dimensions de l&#8217;article fini <\/b>: 26 cm \/ 10,25 pouces<\/p>\n<p><b>Type de fil <\/b>: fil de poids \u00ab DK \u00bb = taille 4<\/p>\n<p><b>Marques recommand\u00e9es <\/b>: coton lait 4 fils ou Softfun de Scheepjes<\/p>\n<p><b>Couleurs de fil n\u00e9cessaires <\/b>: bleu clair, couleur peau, blanc, marron fonc\u00e9, rouge<\/p>\n<p><b>Aiguilles \u00e0 tricoter <\/b>: aiguilles droites de 2,5 mm<\/p>\n<p><b>Autres \u00e9l\u00e9ments n\u00e9cessaires <\/b>: rembourrage, ciseaux, \u00e9pingles \u00e0 coudre, aiguille \u00e0 tapisserie, coton-tige, carton de 6 mm, colle, feutrine (bleu clair si possible), aiguille \u00e0 coudre** (**<i>n\u00e9cessaire uniquement si votre aiguille \u00e0 tapisserie ne traverse pas facilement la feutrine<\/i>)<\/p>\n<p><b>Droits d&#8217;auteur et aide <\/b>:<\/p>\n<p>Ce mod\u00e8le est un mod\u00e8le \u00e9crit (num\u00e9rique) avec de nombreuses photos pour vous aider. Si vous avez des questions sur le mod\u00e8le, envoyez-moi un courriel \u00e0 l&#8217;adresse suivante : craftygenesindonesia@gmail.com <\/p>\n<p><b>Ce patron de tricot num\u00e9rique est r\u00e9serv\u00e9 \u00e0 un usage personnel et est prot\u00e9g\u00e9 par le droit d&#8217;auteur.<span class=\"Apple-converted-space\">  <\/span>Par cons\u00e9quent, vous ne pouvez pas copier, vendre, revendre, traduire, revendiquer comme votre propre design, distribuer, partager, publier, poster uniquement, &#8230; de quelque mani\u00e8re ou forme que ce soit sans mon autorisation. Pas m\u00eame une partie ! <\/b><\/p>\n<p><b>Vous \u00eates autoris\u00e9 \u00e0 vendre le produit fini ou l&#8217;article, en petites quantit\u00e9s, mais vous n&#8217;\u00eates pas autoris\u00e9 \u00e0 vendre le patron de tricot lui-m\u00eame ! Veuillez mentionner que le patron de tricot est de moi, Craftygenesindonesia, et o\u00f9 il peut \u00eatre achet\u00e9. <\/b><\/p>\n","protected":false},"excerpt":{"rendered":"<p>Voici un mod\u00e8le de tricot rapide et facile \u00e0 r\u00e9aliser pour cr\u00e9er une infirmi\u00e8re de la Croix-Rouge de la Premi\u00e8re Guerre mondiale. Il existe \u00e9galement une version au crochet de ce mod\u00e8le, que vous pouvez trouver <a href=\"https:\/\/craftygenesindonesia.com\/fr\/shop\/anges\/pour-les-infirmieres\/\" target=\"_blank\" rel=\"noopener\"><strong>ici<\/strong><\/a>. <\/p>\n","protected":false},"featured_media":987530273,"comment_status":"open","ping_status":"closed","template":"","meta":{"_acf_changed":false},"product_brand":[],"product_cat":[3651],"product_tag":[11957,11386,11668,11478,9765,11667],"class_list":{"0":"post-987530302","1":"product","2":"type-product","3":"status-publish","4":"has-post-thumbnail","6":"product_cat-tricot","7":"product_tag-guerre-mondiale","8":"product_tag-infirmiere-fr","9":"product_tag-war-nurse-fr","10":"product_tag-la-croix-rouge","11":"product_tag-memorial-fr","12":"product_tag-monument-aux-morts","13":"pa_available_on-craftygenesindonesia","14":"pa_available_on-etsy","15":"pa_available_on-haked-nl","16":"pa_available_on-payhip","17":"pa_available_on-ravelry","18":"pa_languages-allemand","19":"pa_languages-americain","20":"pa_languages-espagnol","21":"pa_languages-francais","22":"pa_languages-neerlandais","24":"first","25":"instock","26":"downloadable","27":"virtual","28":"purchasable","29":"product-type-simple"},"acf":[],"yoast_head":"<!-- This site is optimized with the Yoast SEO plugin v27.4 - https:\/\/yoast.com\/product\/yoast-seo-wordpress\/ -->\n<title>M\u00e9morial des infirmi\u00e8res mod\u00e8le de tricot mod\u00e8le de tricot - Craftygenesindonesia<\/title>\n<meta name=\"description\" content=\"Achetez ici mon mod\u00e8le de tricot m\u00e9morial pour infirmi\u00e8res. Ce mod\u00e8le de tricot facile est \u00e9galement disponible sur Etsy, Haked.nl, Ravelry et Payhip.\" \/>\n<meta name=\"robots\" content=\"index, follow, max-snippet:-1, max-image-preview:large, max-video-preview:-1\" \/>\n<link rel=\"canonical\" href=\"https:\/\/craftygenesindonesia.com\/fr\/shop\/tricot\/memorial-des-infirmieres-modele-de-tricot\/\" \/>\n<meta property=\"og:locale\" content=\"fr_FR\" \/>\n<meta property=\"og:type\" content=\"article\" \/>\n<meta property=\"og:title\" content=\"Mod\u00e8le de tricot m\u00e9morial pour infirmi\u00e8re\" \/>\n<meta property=\"og:description\" content=\"Achetez ici mon mod\u00e8le de tricot m\u00e9morial pour infirmi\u00e8res. Ce mod\u00e8le de tricot facile est \u00e9galement disponible sur Etsy, Haked.nl, Ravelry et Payhip.\" \/>\n<meta property=\"og:url\" content=\"https:\/\/craftygenesindonesia.com\/fr\/shop\/tricot\/memorial-des-infirmieres-modele-de-tricot\/\" \/>\n<meta property=\"og:site_name\" content=\"Craftygenesindonesia\" \/>\n<meta property=\"article:modified_time\" content=\"2026-03-18T06:35:26+00:00\" \/>\n<meta property=\"og:image\" content=\"https:\/\/craftygenesindonesia.com\/wp-content\/uploads\/2025\/08\/1-1-300x300.jpg\" \/>\n<meta name=\"twitter:card\" content=\"summary_large_image\" \/>\n<meta name=\"twitter:label1\" content=\"Dur\u00e9e de lecture estim\u00e9e\" \/>\n\t<meta name=\"twitter:data1\" content=\"2 minutes\" \/>\n<script type=\"application\/ld+json\" class=\"yoast-schema-graph\">{\"@context\":\"https:\\\/\\\/schema.org\",\"@graph\":[{\"@type\":\"WebPage\",\"@id\":\"https:\\\/\\\/craftygenesindonesia.com\\\/fr\\\/shop\\\/tricot\\\/memorial-des-infirmieres-modele-de-tricot\\\/\",\"url\":\"https:\\\/\\\/craftygenesindonesia.com\\\/fr\\\/shop\\\/tricot\\\/memorial-des-infirmieres-modele-de-tricot\\\/\",\"name\":\"M\u00e9morial des infirmi\u00e8res mod\u00e8le de tricot mod\u00e8le de tricot - Craftygenesindonesia\",\"isPartOf\":{\"@id\":\"https:\\\/\\\/craftygenesindonesia.com\\\/fr\\\/#website\"},\"primaryImageOfPage\":{\"@id\":\"https:\\\/\\\/craftygenesindonesia.com\\\/fr\\\/shop\\\/tricot\\\/memorial-des-infirmieres-modele-de-tricot\\\/#primaryimage\"},\"image\":{\"@id\":\"https:\\\/\\\/craftygenesindonesia.com\\\/fr\\\/shop\\\/tricot\\\/memorial-des-infirmieres-modele-de-tricot\\\/#primaryimage\"},\"thumbnailUrl\":\"https:\\\/\\\/craftygenesindonesia.com\\\/wp-content\\\/uploads\\\/2025\\\/08\\\/1-1.jpg\",\"datePublished\":\"2025-08-15T08:50:03+00:00\",\"dateModified\":\"2026-03-18T06:35:26+00:00\",\"description\":\"Achetez ici mon mod\u00e8le de tricot m\u00e9morial pour infirmi\u00e8res. Ce mod\u00e8le de tricot facile est \u00e9galement disponible sur Etsy, Haked.nl, Ravelry et Payhip.\",\"breadcrumb\":{\"@id\":\"https:\\\/\\\/craftygenesindonesia.com\\\/fr\\\/shop\\\/tricot\\\/memorial-des-infirmieres-modele-de-tricot\\\/#breadcrumb\"},\"inLanguage\":\"fr-FR\",\"potentialAction\":[{\"@type\":\"ReadAction\",\"target\":[\"https:\\\/\\\/craftygenesindonesia.com\\\/fr\\\/shop\\\/tricot\\\/memorial-des-infirmieres-modele-de-tricot\\\/\"]}]},{\"@type\":\"ImageObject\",\"inLanguage\":\"fr-FR\",\"@id\":\"https:\\\/\\\/craftygenesindonesia.com\\\/fr\\\/shop\\\/tricot\\\/memorial-des-infirmieres-modele-de-tricot\\\/#primaryimage\",\"url\":\"https:\\\/\\\/craftygenesindonesia.com\\\/wp-content\\\/uploads\\\/2025\\\/08\\\/1-1.jpg\",\"contentUrl\":\"https:\\\/\\\/craftygenesindonesia.com\\\/wp-content\\\/uploads\\\/2025\\\/08\\\/1-1.jpg\",\"width\":1080,\"height\":1080,\"caption\":\"Une infirmi\u00e8re de la Croix-Rouge tricotant pendant la guerre\"},{\"@type\":\"BreadcrumbList\",\"@id\":\"https:\\\/\\\/craftygenesindonesia.com\\\/fr\\\/shop\\\/tricot\\\/memorial-des-infirmieres-modele-de-tricot\\\/#breadcrumb\",\"itemListElement\":[{\"@type\":\"ListItem\",\"position\":1,\"name\":\"Home\",\"item\":\"https:\\\/\\\/craftygenesindonesia.com\\\/fr\\\/\"},{\"@type\":\"ListItem\",\"position\":2,\"name\":\"Boutique de mod\u00e8les\",\"item\":\"https:\\\/\\\/craftygenesindonesia.com\\\/fr\\\/boutique\\\/\"},{\"@type\":\"ListItem\",\"position\":3,\"name\":\"M\u00e9morial des infirmi\u00e8res mod\u00e8le de tricot\"}]},{\"@type\":\"WebSite\",\"@id\":\"https:\\\/\\\/craftygenesindonesia.com\\\/fr\\\/#website\",\"url\":\"https:\\\/\\\/craftygenesindonesia.com\\\/fr\\\/\",\"name\":\"Craftygenesindonesia\",\"description\":\"\",\"publisher\":{\"@id\":\"https:\\\/\\\/craftygenesindonesia.com\\\/fr\\\/#organization\"},\"potentialAction\":[{\"@type\":\"SearchAction\",\"target\":{\"@type\":\"EntryPoint\",\"urlTemplate\":\"https:\\\/\\\/craftygenesindonesia.com\\\/fr\\\/?s={search_term_string}\"},\"query-input\":{\"@type\":\"PropertyValueSpecification\",\"valueRequired\":true,\"valueName\":\"search_term_string\"}}],\"inLanguage\":\"fr-FR\"},{\"@type\":\"Organization\",\"@id\":\"https:\\\/\\\/craftygenesindonesia.com\\\/fr\\\/#organization\",\"name\":\"Craftygenesindonesia\",\"url\":\"https:\\\/\\\/craftygenesindonesia.com\\\/fr\\\/\",\"logo\":{\"@type\":\"ImageObject\",\"inLanguage\":\"fr-FR\",\"@id\":\"https:\\\/\\\/craftygenesindonesia.com\\\/fr\\\/#\\\/schema\\\/logo\\\/image\\\/\",\"url\":\"https:\\\/\\\/craftygenesindonesia.com\\\/wp-content\\\/uploads\\\/2025\\\/11\\\/cropped-Copy-of-Craftygenesindonesia.jpg\",\"contentUrl\":\"https:\\\/\\\/craftygenesindonesia.com\\\/wp-content\\\/uploads\\\/2025\\\/11\\\/cropped-Copy-of-Craftygenesindonesia.jpg\",\"width\":180,\"height\":60,\"caption\":\"Craftygenesindonesia\"},\"image\":{\"@id\":\"https:\\\/\\\/craftygenesindonesia.com\\\/fr\\\/#\\\/schema\\\/logo\\\/image\\\/\"}}]}<\/script>\n<!-- \/ Yoast SEO plugin. -->","yoast_head_json":{"title":"M\u00e9morial des infirmi\u00e8res mod\u00e8le de tricot mod\u00e8le de tricot - Craftygenesindonesia","description":"Achetez ici mon mod\u00e8le de tricot m\u00e9morial pour infirmi\u00e8res. Ce mod\u00e8le de tricot facile est \u00e9galement disponible sur Etsy, Haked.nl, Ravelry et Payhip.","robots":{"index":"index","follow":"follow","max-snippet":"max-snippet:-1","max-image-preview":"max-image-preview:large","max-video-preview":"max-video-preview:-1"},"canonical":"https:\/\/craftygenesindonesia.com\/fr\/shop\/tricot\/memorial-des-infirmieres-modele-de-tricot\/","og_locale":"fr_FR","og_type":"article","og_title":"Mod\u00e8le de tricot m\u00e9morial pour infirmi\u00e8re","og_description":"Achetez ici mon mod\u00e8le de tricot m\u00e9morial pour infirmi\u00e8res. Ce mod\u00e8le de tricot facile est \u00e9galement disponible sur Etsy, Haked.nl, Ravelry et Payhip.","og_url":"https:\/\/craftygenesindonesia.com\/fr\/shop\/tricot\/memorial-des-infirmieres-modele-de-tricot\/","og_site_name":"Craftygenesindonesia","article_modified_time":"2026-03-18T06:35:26+00:00","og_image":[{"url":"https:\/\/craftygenesindonesia.com\/wp-content\/uploads\/2025\/08\/1-1-300x300.jpg","type":"","width":"","height":""}],"twitter_card":"summary_large_image","twitter_misc":{"Dur\u00e9e de lecture estim\u00e9e":"2 minutes"},"schema":{"@context":"https:\/\/schema.org","@graph":[{"@type":"WebPage","@id":"https:\/\/craftygenesindonesia.com\/fr\/shop\/tricot\/memorial-des-infirmieres-modele-de-tricot\/","url":"https:\/\/craftygenesindonesia.com\/fr\/shop\/tricot\/memorial-des-infirmieres-modele-de-tricot\/","name":"M\u00e9morial des infirmi\u00e8res mod\u00e8le de tricot mod\u00e8le de tricot - Craftygenesindonesia","isPartOf":{"@id":"https:\/\/craftygenesindonesia.com\/fr\/#website"},"primaryImageOfPage":{"@id":"https:\/\/craftygenesindonesia.com\/fr\/shop\/tricot\/memorial-des-infirmieres-modele-de-tricot\/#primaryimage"},"image":{"@id":"https:\/\/craftygenesindonesia.com\/fr\/shop\/tricot\/memorial-des-infirmieres-modele-de-tricot\/#primaryimage"},"thumbnailUrl":"https:\/\/craftygenesindonesia.com\/wp-content\/uploads\/2025\/08\/1-1.jpg","datePublished":"2025-08-15T08:50:03+00:00","dateModified":"2026-03-18T06:35:26+00:00","description":"Achetez ici mon mod\u00e8le de tricot m\u00e9morial pour infirmi\u00e8res. Ce mod\u00e8le de tricot facile est \u00e9galement disponible sur Etsy, Haked.nl, Ravelry et Payhip.","breadcrumb":{"@id":"https:\/\/craftygenesindonesia.com\/fr\/shop\/tricot\/memorial-des-infirmieres-modele-de-tricot\/#breadcrumb"},"inLanguage":"fr-FR","potentialAction":[{"@type":"ReadAction","target":["https:\/\/craftygenesindonesia.com\/fr\/shop\/tricot\/memorial-des-infirmieres-modele-de-tricot\/"]}]},{"@type":"ImageObject","inLanguage":"fr-FR","@id":"https:\/\/craftygenesindonesia.com\/fr\/shop\/tricot\/memorial-des-infirmieres-modele-de-tricot\/#primaryimage","url":"https:\/\/craftygenesindonesia.com\/wp-content\/uploads\/2025\/08\/1-1.jpg","contentUrl":"https:\/\/craftygenesindonesia.com\/wp-content\/uploads\/2025\/08\/1-1.jpg","width":1080,"height":1080,"caption":"Une infirmi\u00e8re de la Croix-Rouge tricotant pendant la guerre"},{"@type":"BreadcrumbList","@id":"https:\/\/craftygenesindonesia.com\/fr\/shop\/tricot\/memorial-des-infirmieres-modele-de-tricot\/#breadcrumb","itemListElement":[{"@type":"ListItem","position":1,"name":"Home","item":"https:\/\/craftygenesindonesia.com\/fr\/"},{"@type":"ListItem","position":2,"name":"Boutique de mod\u00e8les","item":"https:\/\/craftygenesindonesia.com\/fr\/boutique\/"},{"@type":"ListItem","position":3,"name":"M\u00e9morial des infirmi\u00e8res mod\u00e8le de tricot"}]},{"@type":"WebSite","@id":"https:\/\/craftygenesindonesia.com\/fr\/#website","url":"https:\/\/craftygenesindonesia.com\/fr\/","name":"Craftygenesindonesia","description":"","publisher":{"@id":"https:\/\/craftygenesindonesia.com\/fr\/#organization"},"potentialAction":[{"@type":"SearchAction","target":{"@type":"EntryPoint","urlTemplate":"https:\/\/craftygenesindonesia.com\/fr\/?s={search_term_string}"},"query-input":{"@type":"PropertyValueSpecification","valueRequired":true,"valueName":"search_term_string"}}],"inLanguage":"fr-FR"},{"@type":"Organization","@id":"https:\/\/craftygenesindonesia.com\/fr\/#organization","name":"Craftygenesindonesia","url":"https:\/\/craftygenesindonesia.com\/fr\/","logo":{"@type":"ImageObject","inLanguage":"fr-FR","@id":"https:\/\/craftygenesindonesia.com\/fr\/#\/schema\/logo\/image\/","url":"https:\/\/craftygenesindonesia.com\/wp-content\/uploads\/2025\/11\/cropped-Copy-of-Craftygenesindonesia.jpg","contentUrl":"https:\/\/craftygenesindonesia.com\/wp-content\/uploads\/2025\/11\/cropped-Copy-of-Craftygenesindonesia.jpg","width":180,"height":60,"caption":"Craftygenesindonesia"},"image":{"@id":"https:\/\/craftygenesindonesia.com\/fr\/#\/schema\/logo\/image\/"}}]}},"_links":{"self":[{"href":"https:\/\/craftygenesindonesia.com\/fr\/wp-json\/wp\/v2\/product\/987530302","targetHints":{"allow":["GET"]}}],"collection":[{"href":"https:\/\/craftygenesindonesia.com\/fr\/wp-json\/wp\/v2\/product"}],"about":[{"href":"https:\/\/craftygenesindonesia.com\/fr\/wp-json\/wp\/v2\/types\/product"}],"replies":[{"embeddable":true,"href":"https:\/\/craftygenesindonesia.com\/fr\/wp-json\/wp\/v2\/comments?post=987530302"}],"wp:featuredmedia":[{"embeddable":true,"href":"https:\/\/craftygenesindonesia.com\/fr\/wp-json\/wp\/v2\/media\/987530273"}],"wp:attachment":[{"href":"https:\/\/craftygenesindonesia.com\/fr\/wp-json\/wp\/v2\/media?parent=987530302"}],"wp:term":[{"taxonomy":"product_brand","embeddable":true,"href":"https:\/\/craftygenesindonesia.com\/fr\/wp-json\/wp\/v2\/product_brand?post=987530302"},{"taxonomy":"product_cat","embeddable":true,"href":"https:\/\/craftygenesindonesia.com\/fr\/wp-json\/wp\/v2\/product_cat?post=987530302"},{"taxonomy":"product_tag","embeddable":true,"href":"https:\/\/craftygenesindonesia.com\/fr\/wp-json\/wp\/v2\/product_tag?post=987530302"}],"curies":[{"name":"wp","href":"https:\/\/api.w.org\/{rel}","templated":true}]}}