{"id":987530065,"date":"2025-08-05T12:32:19","date_gmt":"2025-08-05T04:32:19","guid":{"rendered":"https:\/\/craftygenesindonesia.com\/shop\/non%20class\u00e9\/livina-edition-halloween\/"},"modified":"2026-03-18T18:46:32","modified_gmt":"2026-03-18T10:46:32","slug":"livina-edition-halloween","status":"publish","type":"product","link":"https:\/\/craftygenesindonesia.com\/fr\/shop\/mesdames-et-messieurs\/livina-fr\/livina-edition-halloween\/","title":{"rendered":"Livina, \u00c9dition Halloween"},"content":{"rendered":"<p><b>Livina, \u00c9dition Halloween<\/b><\/p>\n<p><b>Type de fichier <\/b>: mod\u00e8le de crochet &#8211; t\u00e9l\u00e9chargement num\u00e9rique, pas d&#8217;article physique<\/p>\n<p><b>Langues disponibles <\/b>: Anglais (termes am\u00e9ricains et britanniques), n\u00e9erlandais, fran\u00e7ais, espagnol, allemand<\/p>\n<p><b>Dimensions de l&#8217;article fini <\/b>: 29 x 29 x 14 cm &#8211; 11,4 x 11,4 x 5,5 pouces<\/p>\n<p><b>Type de fil : Fil de poids &#8220;fingering&#8221; = taille 3<\/b><\/p>\n<p><b>Marques recommand\u00e9es <\/b>: Catona par Scheepjes, Durable Coral, .<\/p>\n<p><b>Couleurs de fil n\u00e9cessaires <\/b>: noir, marron fonc\u00e9, couleur peau, orange, marron dor\u00e9, marron clair, jaune clair, blanc, gris clair, gris fonc\u00e9, rouge brique<\/p>\n<p><b>Carte des couleurs <\/b>: peut \u00eatre t\u00e9l\u00e9charg\u00e9 dans l&#8217;e-mail de t\u00e9l\u00e9chargement<\/p>\n<p><b>Taille du crochet <\/b>: 2mm<\/p>\n<p><b>Autres \u00e9l\u00e9ments n\u00e9cessaires <\/b>: rembourrage, ciseaux, \u00e9pingles \u00e0 coudre, colle, carton de 6 mm, coton-tige, fil d&#8217;aluminium de 2 mm, pince coupante, 1 jeu d&#8217;yeux mobiles de 7 mm, aiguille \u00e0 tapisserie, marqueurs de mailles, r\u00e8gle, feutrine (couleur indiff\u00e9rente), paille ou baguette fine.<\/p>\n<p><b>Droits d&#8217;auteur et aide <\/b>:<\/p>\n<p>Ce mod\u00e8le est un mod\u00e8le \u00e9crit (num\u00e9rique) avec de nombreuses photos pour vous aider.<span class=\"Apple-converted-space\">  <\/span>Si vous avez des questions sur le mod\u00e8le, envoyez-moi un courriel \u00e0 l&#8217;adresse suivante : <a href=\"mailto:craftygenesindonesia@gmail.com\">craftygenesindonesia@gmail.com<\/a><\/p>\n<p>Ce mod\u00e8le de crochet num\u00e9rique est r\u00e9serv\u00e9 \u00e0 un usage personnel et est prot\u00e9g\u00e9 par des droits d&#8217;auteur.<span class=\"Apple-converted-space\">  <\/span>Par cons\u00e9quent, vous ne pouvez pas copier, vendre, revendre, traduire, revendiquer comme votre propre design, distribuer, partager, publier, poster uniquement, &#8230; de quelque mani\u00e8re ou forme que ce soit sans mon autorisation.<span class=\"Apple-converted-space\">  <\/span>Pas m\u00eame une partie !<\/p>\n<p>Vous pouvez vendre le produit fini ou l&#8217;article, en petites quantit\u00e9s, mais vous n&#8217;avez pas le droit de vendre le mod\u00e8le de crochet lui-m\u00eame !<span class=\"Apple-converted-space\">  <\/span>Mentionnez que le mod\u00e8le de crochet est de moi, Craftygenesindonesia, et o\u00f9 il peut \u00eatre achet\u00e9.<\/p>\n","protected":false},"excerpt":{"rendered":"<p>Ce mod\u00e8le de crochet amusant pour Halloween est un incontournable si vous aimez d\u00e9corer pour Halloween et si vous \u00eates fan de ma <a href=\"https:\/\/craftygenesindonesia.com\/fr\/categorie-produit\/mesdames-et-messieurs\/livina-fr\/\" target=\"_blank\" rel=\"noopener\"><strong>s\u00e9rie Livina<\/strong><\/a>, alors vous devez absolument vous procurer ce mod\u00e8le !<\/p>\n","protected":false},"featured_media":987530031,"comment_status":"open","ping_status":"closed","template":"","meta":{"_acf_changed":false},"product_brand":[],"product_cat":[3655,11880],"product_tag":[12702,12694,11174,10553,12110,11750,12735,12736,12701,11090],"class_list":{"0":"post-987530065","1":"product","2":"type-product","3":"status-publish","4":"has-post-thumbnail","6":"product_cat-mesdames-et-messieurs","7":"product_cat-livina-fr","8":"product_tag-blad-fr","9":"product_tag-boom","10":"product_tag-fantome","11":"product_tag-halloween-fr","12":"product_tag-lady","13":"product_tag-livina-fr","14":"product_tag-lune","15":"product_tag-pierre-tombale","16":"product_tag-pompoen-fr","17":"product_tag-poupee-fr","18":"pa_available_on-craftygenesindonesia","19":"pa_available_on-etsy","20":"pa_available_on-haked-nl","21":"pa_available_on-payhip","22":"pa_available_on-ravelry","23":"pa_languages-allemand","24":"pa_languages-americain","25":"pa_languages-anglais-britannique","26":"pa_languages-espagnol","27":"pa_languages-francais","28":"pa_languages-neerlandais","30":"first","31":"instock","32":"downloadable","33":"virtual","34":"purchasable","35":"product-type-simple"},"acf":[],"yoast_head":"<!-- This site is optimized with the Yoast SEO plugin v27.4 - https:\/\/yoast.com\/product\/yoast-seo-wordpress\/ -->\n<title>Livina, \u00c9dition Halloween mod\u00e8le de crochet - Craftygenesindonesia<\/title>\n<meta name=\"description\" content=\"Achetez ici mon patron de crochet Livina, \u00e9dition Halloween. Le patron de crochet est \u00e9galement disponible sur Etsy, Haked.nl, Ravelry et Payhip.\" \/>\n<meta name=\"robots\" content=\"index, follow, max-snippet:-1, max-image-preview:large, max-video-preview:-1\" \/>\n<link rel=\"canonical\" href=\"https:\/\/craftygenesindonesia.com\/fr\/shop\/mesdames-et-messieurs\/livina-fr\/livina-edition-halloween\/\" \/>\n<meta property=\"og:locale\" content=\"fr_FR\" \/>\n<meta property=\"og:type\" content=\"article\" \/>\n<meta property=\"og:title\" content=\"Livina, \u00e9dition Halloween mod\u00e8le de crochet\" \/>\n<meta property=\"og:description\" content=\"Achetez ici mon patron de crochet Livina, \u00e9dition Halloween. Le patron de crochet est \u00e9galement disponible sur Etsy, Haked.nl, Ravelry et Payhip.\" \/>\n<meta property=\"og:url\" content=\"https:\/\/craftygenesindonesia.com\/fr\/shop\/mesdames-et-messieurs\/livina-fr\/livina-edition-halloween\/\" \/>\n<meta property=\"og:site_name\" content=\"Craftygenesindonesia\" \/>\n<meta property=\"article:modified_time\" content=\"2026-03-18T10:46:32+00:00\" \/>\n<meta property=\"og:image\" content=\"https:\/\/craftygenesindonesia.com\/wp-content\/uploads\/2025\/08\/1-300x300.jpg\" \/>\n<meta name=\"twitter:card\" content=\"summary_large_image\" \/>\n<meta name=\"twitter:label1\" content=\"Dur\u00e9e de lecture estim\u00e9e\" \/>\n\t<meta name=\"twitter:data1\" content=\"2 minutes\" \/>\n<script type=\"application\/ld+json\" class=\"yoast-schema-graph\">{\"@context\":\"https:\\\/\\\/schema.org\",\"@graph\":[{\"@type\":\"WebPage\",\"@id\":\"https:\\\/\\\/craftygenesindonesia.com\\\/fr\\\/shop\\\/mesdames-et-messieurs\\\/livina-fr\\\/livina-edition-halloween\\\/\",\"url\":\"https:\\\/\\\/craftygenesindonesia.com\\\/fr\\\/shop\\\/mesdames-et-messieurs\\\/livina-fr\\\/livina-edition-halloween\\\/\",\"name\":\"Livina, \u00c9dition Halloween mod\u00e8le de crochet - Craftygenesindonesia\",\"isPartOf\":{\"@id\":\"https:\\\/\\\/craftygenesindonesia.com\\\/fr\\\/#website\"},\"primaryImageOfPage\":{\"@id\":\"https:\\\/\\\/craftygenesindonesia.com\\\/fr\\\/shop\\\/mesdames-et-messieurs\\\/livina-fr\\\/livina-edition-halloween\\\/#primaryimage\"},\"image\":{\"@id\":\"https:\\\/\\\/craftygenesindonesia.com\\\/fr\\\/shop\\\/mesdames-et-messieurs\\\/livina-fr\\\/livina-edition-halloween\\\/#primaryimage\"},\"thumbnailUrl\":\"https:\\\/\\\/craftygenesindonesia.com\\\/wp-content\\\/uploads\\\/2025\\\/08\\\/1.jpg\",\"datePublished\":\"2025-08-05T04:32:19+00:00\",\"dateModified\":\"2026-03-18T10:46:32+00:00\",\"description\":\"Achetez ici mon patron de crochet Livina, \u00e9dition Halloween. Le patron de crochet est \u00e9galement disponible sur Etsy, Haked.nl, Ravelry et Payhip.\",\"breadcrumb\":{\"@id\":\"https:\\\/\\\/craftygenesindonesia.com\\\/fr\\\/shop\\\/mesdames-et-messieurs\\\/livina-fr\\\/livina-edition-halloween\\\/#breadcrumb\"},\"inLanguage\":\"fr-FR\",\"potentialAction\":[{\"@type\":\"ReadAction\",\"target\":[\"https:\\\/\\\/craftygenesindonesia.com\\\/fr\\\/shop\\\/mesdames-et-messieurs\\\/livina-fr\\\/livina-edition-halloween\\\/\"]}]},{\"@type\":\"ImageObject\",\"inLanguage\":\"fr-FR\",\"@id\":\"https:\\\/\\\/craftygenesindonesia.com\\\/fr\\\/shop\\\/mesdames-et-messieurs\\\/livina-fr\\\/livina-edition-halloween\\\/#primaryimage\",\"url\":\"https:\\\/\\\/craftygenesindonesia.com\\\/wp-content\\\/uploads\\\/2025\\\/08\\\/1.jpg\",\"contentUrl\":\"https:\\\/\\\/craftygenesindonesia.com\\\/wp-content\\\/uploads\\\/2025\\\/08\\\/1.jpg\",\"width\":1080,\"height\":1080,\"caption\":\"Poup\u00e9e de femme d'Halloween au crochet avec un arbre, une pierre tombale, des citrouilles, des feuilles, un balai, une lune, des rochers et un fant\u00f4me, le tout au crochet\"},{\"@type\":\"BreadcrumbList\",\"@id\":\"https:\\\/\\\/craftygenesindonesia.com\\\/fr\\\/shop\\\/mesdames-et-messieurs\\\/livina-fr\\\/livina-edition-halloween\\\/#breadcrumb\",\"itemListElement\":[{\"@type\":\"ListItem\",\"position\":1,\"name\":\"Home\",\"item\":\"https:\\\/\\\/craftygenesindonesia.com\\\/fr\\\/\"},{\"@type\":\"ListItem\",\"position\":2,\"name\":\"Boutique de mod\u00e8les\",\"item\":\"https:\\\/\\\/craftygenesindonesia.com\\\/fr\\\/boutique\\\/\"},{\"@type\":\"ListItem\",\"position\":3,\"name\":\"Livina, \u00c9dition Halloween\"}]},{\"@type\":\"WebSite\",\"@id\":\"https:\\\/\\\/craftygenesindonesia.com\\\/fr\\\/#website\",\"url\":\"https:\\\/\\\/craftygenesindonesia.com\\\/fr\\\/\",\"name\":\"Craftygenesindonesia\",\"description\":\"\",\"publisher\":{\"@id\":\"https:\\\/\\\/craftygenesindonesia.com\\\/fr\\\/#organization\"},\"potentialAction\":[{\"@type\":\"SearchAction\",\"target\":{\"@type\":\"EntryPoint\",\"urlTemplate\":\"https:\\\/\\\/craftygenesindonesia.com\\\/fr\\\/?s={search_term_string}\"},\"query-input\":{\"@type\":\"PropertyValueSpecification\",\"valueRequired\":true,\"valueName\":\"search_term_string\"}}],\"inLanguage\":\"fr-FR\"},{\"@type\":\"Organization\",\"@id\":\"https:\\\/\\\/craftygenesindonesia.com\\\/fr\\\/#organization\",\"name\":\"Craftygenesindonesia\",\"url\":\"https:\\\/\\\/craftygenesindonesia.com\\\/fr\\\/\",\"logo\":{\"@type\":\"ImageObject\",\"inLanguage\":\"fr-FR\",\"@id\":\"https:\\\/\\\/craftygenesindonesia.com\\\/fr\\\/#\\\/schema\\\/logo\\\/image\\\/\",\"url\":\"https:\\\/\\\/craftygenesindonesia.com\\\/wp-content\\\/uploads\\\/2025\\\/11\\\/cropped-Copy-of-Craftygenesindonesia.jpg\",\"contentUrl\":\"https:\\\/\\\/craftygenesindonesia.com\\\/wp-content\\\/uploads\\\/2025\\\/11\\\/cropped-Copy-of-Craftygenesindonesia.jpg\",\"width\":180,\"height\":60,\"caption\":\"Craftygenesindonesia\"},\"image\":{\"@id\":\"https:\\\/\\\/craftygenesindonesia.com\\\/fr\\\/#\\\/schema\\\/logo\\\/image\\\/\"}}]}<\/script>\n<!-- \/ Yoast SEO plugin. -->","yoast_head_json":{"title":"Livina, \u00c9dition Halloween mod\u00e8le de crochet - Craftygenesindonesia","description":"Achetez ici mon patron de crochet Livina, \u00e9dition Halloween. Le patron de crochet est \u00e9galement disponible sur Etsy, Haked.nl, Ravelry et Payhip.","robots":{"index":"index","follow":"follow","max-snippet":"max-snippet:-1","max-image-preview":"max-image-preview:large","max-video-preview":"max-video-preview:-1"},"canonical":"https:\/\/craftygenesindonesia.com\/fr\/shop\/mesdames-et-messieurs\/livina-fr\/livina-edition-halloween\/","og_locale":"fr_FR","og_type":"article","og_title":"Livina, \u00e9dition Halloween mod\u00e8le de crochet","og_description":"Achetez ici mon patron de crochet Livina, \u00e9dition Halloween. Le patron de crochet est \u00e9galement disponible sur Etsy, Haked.nl, Ravelry et Payhip.","og_url":"https:\/\/craftygenesindonesia.com\/fr\/shop\/mesdames-et-messieurs\/livina-fr\/livina-edition-halloween\/","og_site_name":"Craftygenesindonesia","article_modified_time":"2026-03-18T10:46:32+00:00","og_image":[{"url":"https:\/\/craftygenesindonesia.com\/wp-content\/uploads\/2025\/08\/1-300x300.jpg","type":"","width":"","height":""}],"twitter_card":"summary_large_image","twitter_misc":{"Dur\u00e9e de lecture estim\u00e9e":"2 minutes"},"schema":{"@context":"https:\/\/schema.org","@graph":[{"@type":"WebPage","@id":"https:\/\/craftygenesindonesia.com\/fr\/shop\/mesdames-et-messieurs\/livina-fr\/livina-edition-halloween\/","url":"https:\/\/craftygenesindonesia.com\/fr\/shop\/mesdames-et-messieurs\/livina-fr\/livina-edition-halloween\/","name":"Livina, \u00c9dition Halloween mod\u00e8le de crochet - Craftygenesindonesia","isPartOf":{"@id":"https:\/\/craftygenesindonesia.com\/fr\/#website"},"primaryImageOfPage":{"@id":"https:\/\/craftygenesindonesia.com\/fr\/shop\/mesdames-et-messieurs\/livina-fr\/livina-edition-halloween\/#primaryimage"},"image":{"@id":"https:\/\/craftygenesindonesia.com\/fr\/shop\/mesdames-et-messieurs\/livina-fr\/livina-edition-halloween\/#primaryimage"},"thumbnailUrl":"https:\/\/craftygenesindonesia.com\/wp-content\/uploads\/2025\/08\/1.jpg","datePublished":"2025-08-05T04:32:19+00:00","dateModified":"2026-03-18T10:46:32+00:00","description":"Achetez ici mon patron de crochet Livina, \u00e9dition Halloween. Le patron de crochet est \u00e9galement disponible sur Etsy, Haked.nl, Ravelry et Payhip.","breadcrumb":{"@id":"https:\/\/craftygenesindonesia.com\/fr\/shop\/mesdames-et-messieurs\/livina-fr\/livina-edition-halloween\/#breadcrumb"},"inLanguage":"fr-FR","potentialAction":[{"@type":"ReadAction","target":["https:\/\/craftygenesindonesia.com\/fr\/shop\/mesdames-et-messieurs\/livina-fr\/livina-edition-halloween\/"]}]},{"@type":"ImageObject","inLanguage":"fr-FR","@id":"https:\/\/craftygenesindonesia.com\/fr\/shop\/mesdames-et-messieurs\/livina-fr\/livina-edition-halloween\/#primaryimage","url":"https:\/\/craftygenesindonesia.com\/wp-content\/uploads\/2025\/08\/1.jpg","contentUrl":"https:\/\/craftygenesindonesia.com\/wp-content\/uploads\/2025\/08\/1.jpg","width":1080,"height":1080,"caption":"Poup\u00e9e de femme d'Halloween au crochet avec un arbre, une pierre tombale, des citrouilles, des feuilles, un balai, une lune, des rochers et un fant\u00f4me, le tout au crochet"},{"@type":"BreadcrumbList","@id":"https:\/\/craftygenesindonesia.com\/fr\/shop\/mesdames-et-messieurs\/livina-fr\/livina-edition-halloween\/#breadcrumb","itemListElement":[{"@type":"ListItem","position":1,"name":"Home","item":"https:\/\/craftygenesindonesia.com\/fr\/"},{"@type":"ListItem","position":2,"name":"Boutique de mod\u00e8les","item":"https:\/\/craftygenesindonesia.com\/fr\/boutique\/"},{"@type":"ListItem","position":3,"name":"Livina, \u00c9dition Halloween"}]},{"@type":"WebSite","@id":"https:\/\/craftygenesindonesia.com\/fr\/#website","url":"https:\/\/craftygenesindonesia.com\/fr\/","name":"Craftygenesindonesia","description":"","publisher":{"@id":"https:\/\/craftygenesindonesia.com\/fr\/#organization"},"potentialAction":[{"@type":"SearchAction","target":{"@type":"EntryPoint","urlTemplate":"https:\/\/craftygenesindonesia.com\/fr\/?s={search_term_string}"},"query-input":{"@type":"PropertyValueSpecification","valueRequired":true,"valueName":"search_term_string"}}],"inLanguage":"fr-FR"},{"@type":"Organization","@id":"https:\/\/craftygenesindonesia.com\/fr\/#organization","name":"Craftygenesindonesia","url":"https:\/\/craftygenesindonesia.com\/fr\/","logo":{"@type":"ImageObject","inLanguage":"fr-FR","@id":"https:\/\/craftygenesindonesia.com\/fr\/#\/schema\/logo\/image\/","url":"https:\/\/craftygenesindonesia.com\/wp-content\/uploads\/2025\/11\/cropped-Copy-of-Craftygenesindonesia.jpg","contentUrl":"https:\/\/craftygenesindonesia.com\/wp-content\/uploads\/2025\/11\/cropped-Copy-of-Craftygenesindonesia.jpg","width":180,"height":60,"caption":"Craftygenesindonesia"},"image":{"@id":"https:\/\/craftygenesindonesia.com\/fr\/#\/schema\/logo\/image\/"}}]}},"_links":{"self":[{"href":"https:\/\/craftygenesindonesia.com\/fr\/wp-json\/wp\/v2\/product\/987530065","targetHints":{"allow":["GET"]}}],"collection":[{"href":"https:\/\/craftygenesindonesia.com\/fr\/wp-json\/wp\/v2\/product"}],"about":[{"href":"https:\/\/craftygenesindonesia.com\/fr\/wp-json\/wp\/v2\/types\/product"}],"replies":[{"embeddable":true,"href":"https:\/\/craftygenesindonesia.com\/fr\/wp-json\/wp\/v2\/comments?post=987530065"}],"wp:featuredmedia":[{"embeddable":true,"href":"https:\/\/craftygenesindonesia.com\/fr\/wp-json\/wp\/v2\/media\/987530031"}],"wp:attachment":[{"href":"https:\/\/craftygenesindonesia.com\/fr\/wp-json\/wp\/v2\/media?parent=987530065"}],"wp:term":[{"taxonomy":"product_brand","embeddable":true,"href":"https:\/\/craftygenesindonesia.com\/fr\/wp-json\/wp\/v2\/product_brand?post=987530065"},{"taxonomy":"product_cat","embeddable":true,"href":"https:\/\/craftygenesindonesia.com\/fr\/wp-json\/wp\/v2\/product_cat?post=987530065"},{"taxonomy":"product_tag","embeddable":true,"href":"https:\/\/craftygenesindonesia.com\/fr\/wp-json\/wp\/v2\/product_tag?post=987530065"}],"curies":[{"name":"wp","href":"https:\/\/api.w.org\/{rel}","templated":true}]}}