{"id":987528054,"date":"2025-07-15T07:16:22","date_gmt":"2025-07-14T23:16:22","guid":{"rendered":"https:\/\/craftygenesindonesia.com\/shop\/non%20class\u00e9\/creche-de-noche-santa\/"},"modified":"2026-03-18T18:58:06","modified_gmt":"2026-03-18T10:58:06","slug":"creche-de-noche-santa","status":"publish","type":"product","link":"https:\/\/craftygenesindonesia.com\/fr\/shop\/creches\/creche-de-noche-santa\/","title":{"rendered":"Cr\u00e8che de Noche Santa"},"content":{"rendered":"<p><b>Type de fichier <\/b>: mod\u00e8le de crochet &#8211; t\u00e9l\u00e9chargement num\u00e9rique, pas d&#8217;article physique<\/p>\n<p>Langues disponibles : anglais (termes am\u00e9ricains et britanniques), n\u00e9erlandais, fran\u00e7ais, espagnol, allemand, italien<\/p>\n<p>Dimensions de l&#8217;objet fini : 51 x 40 x 30 cm \/ 20 x 15,7 x 11,8 pouces<\/p>\n<p><b>Type de fil : Fil de poids &#8220;fingering&#8221; = taille 3<\/b><\/p>\n<p><b>Marques recommand\u00e9es <\/b>: Catona par Scheepjes, Durable Coral, .<\/p>\n<p><b>Yarn colors needed<\/b>: skin color, blue, off-white, dark brown, olive green, mustar brown, brick orange, yellow, black, dark beige, grey, bright yellow, dark blue, green, dark green, purple, dark turquoise, light grey<\/p>\n<p>*Achetez le fil Catona sur Haked.nl ici (Europe uniquement): <a href=\"https:\/\/haked.nl\/product\/benodigdheden-noche-santa-kerststal-scheepjes-catona\/\">https:\/\/haked.nl\/product\/benodigdheden-noche-santa-kerststal-scheepjes-catona\/<\/a><\/p>\n<p>*Achetez le fil Durable Coral sur Haked.nl ici (Europe uniquement) (l\u00e9g\u00e8rement moins cher que le Catona): <a href=\"https:\/\/haked.nl\/product\/benodigdheden-noche-santa-kerststal-durable-coral\/\">https:\/\/haked.nl\/product\/benodigdheden-noche-santa-kerststal-durable-coral\/ <\/a> <\/p>\n<p><b>Color chart<\/b>: available on your download page<\/p>\n<p><b>Taille du crochet <\/b>: 2mm<\/p>\n<p><b>Other things you need<\/b>: stuffing, stitch markers, scissors, pencil, ruler, glue, glue gun, sewing pins, 2mm stiff cardboard, 6mm cardboard(**), 2mm aluminum wire, cutting pliers, 5 cotton buds, felt (color does not matter because you won\u2019t see the felt when it\u2019s all done), 1 wooden chopstick, stick-on stars, fake plastic diamonds<\/p>\n<p><b>Droits d&#8217;auteur et aide <\/b>:<\/p>\n<p>Ce mod\u00e8le est un mod\u00e8le \u00e9crit (num\u00e9rique) avec de nombreuses photos pour vous aider.<span class=\"Apple-converted-space\">  <\/span>Si vous avez des questions sur le mod\u00e8le, envoyez-moi un courriel \u00e0 l&#8217;adresse suivante : <a href=\"mailto:craftygenesindonesia@gmail.com\">craftygenesindonesia@gmail.com<\/a><\/p>\n<p>Ce mod\u00e8le de crochet num\u00e9rique est r\u00e9serv\u00e9 \u00e0 un usage personnel et est prot\u00e9g\u00e9 par des droits d&#8217;auteur.<span class=\"Apple-converted-space\">  <\/span>Par cons\u00e9quent, vous ne pouvez pas copier, vendre, revendre, traduire, revendiquer comme votre propre design, distribuer, partager, publier, poster uniquement, &#8230; de quelque mani\u00e8re ou forme que ce soit sans mon autorisation.<span class=\"Apple-converted-space\">  <\/span>Pas m\u00eame une partie !<\/p>\n<p>Vous pouvez vendre le produit fini ou l&#8217;article, en petites quantit\u00e9s, mais vous n&#8217;avez pas le droit de vendre le mod\u00e8le de crochet lui-m\u00eame !<span class=\"Apple-converted-space\">  <\/span>Mentionnez que le mod\u00e8le de crochet est de moi, Craftygenesindonesia, et o\u00f9 il peut \u00eatre achet\u00e9.<\/p>\n","protected":false},"excerpt":{"rendered":"<p>Voici ma cr\u00e8che de No\u00ebl 2025 ! Elle est destin\u00e9e \u00e0 ceux qui ne disposent pas d&#8217;un grand espace chez eux, mais qui souhaitent tout de m\u00eame une cr\u00e8che assez compl\u00e8te. Tout ce que vous voyez sur les photos est inclus !  <\/p>\n<p>&nbsp;<\/p>\n","protected":false},"featured_media":987530562,"comment_status":"open","ping_status":"closed","template":"","meta":{"_acf_changed":false},"product_brand":[],"product_cat":[12037,3653,3647,3675],"product_tag":[12066,12084,12067,12068,12076,12080,12083,12081,10065,10326,10066,12075,12070,12079,12082,12069,12071,12072,12073,12085,12074,12086,12078],"class_list":{"0":"post-987528054","1":"product","2":"type-product","3":"status-publish","4":"has-post-thumbnail","6":"product_cat-pre-commande","7":"product_cat-noel","8":"product_cat-creches","9":"product_cat-religieux","10":"product_tag-bethlehem-fr","11":"product_tag-blessed-mary-fr","12":"product_tag-catholic-fr","13":"product_tag-christian-fr","14":"product_tag-christmas-nativity-fr","15":"product_tag-holy-family-fr","16":"product_tag-holy-mary-fr","17":"product_tag-holy-saint-mary-fr","18":"product_tag-jesus-fr","19":"product_tag-joseph-fr","20":"product_tag-mary-fr","21":"product_tag-nativity-fr","22":"product_tag-nativity-set-fr","23":"product_tag-palm-tree-fr","24":"product_tag-saint-mary-fr","25":"product_tag-sky-fr","26":"product_tag-stable-fr","27":"product_tag-star-fr","28":"product_tag-stars-fr","29":"product_tag-three-kings-fr","30":"product_tag-three-wise-men-fr","31":"product_tag-virgin-mary-fr","32":"product_tag-xmas-fr","33":"pa_available_on-craftygenesindonesia","34":"pa_available_on-etsy","35":"pa_available_on-haked-nl","36":"pa_available_on-payhip","37":"pa_available_on-ravelry","38":"pa_languages-allemand","39":"pa_languages-americain","40":"pa_languages-anglais-britannique","41":"pa_languages-espagnol","42":"pa_languages-francais","43":"pa_languages-italien","44":"pa_languages-neerlandais","46":"first","47":"instock","48":"downloadable","49":"virtual","50":"purchasable","51":"product-type-simple"},"acf":[],"yoast_head":"<!-- This site is optimized with the Yoast SEO plugin v27.3 - https:\/\/yoast.com\/product\/yoast-seo-wordpress\/ -->\n<title>Cr\u00e8che de Noche Santa mod\u00e8le de crochet - Craftygenesindonesia<\/title>\n<meta name=\"description\" content=\"Achetez ici mon patron de crochet \u00ab Cr\u00e8che Noche Santa \u00bb. Ce patron de crochet facile \u00e0 r\u00e9aliser est \u00e9galement disponible sur Etsy, Haked.nl, Ravelry et Payhip.\" \/>\n<meta name=\"robots\" content=\"index, follow, max-snippet:-1, max-image-preview:large, max-video-preview:-1\" \/>\n<link rel=\"canonical\" href=\"https:\/\/craftygenesindonesia.com\/fr\/shop\/creches\/creche-de-noche-santa\/\" \/>\n<meta property=\"og:locale\" content=\"fr_FR\" \/>\n<meta property=\"og:type\" content=\"article\" \/>\n<meta property=\"og:title\" content=\"Cr\u00e8che de Noche Santa\" \/>\n<meta property=\"og:description\" content=\"Achetez ici mon patron de crochet \u00ab Cr\u00e8che Noche Santa \u00bb. Ce patron de crochet facile \u00e0 r\u00e9aliser est \u00e9galement disponible sur Etsy, Haked.nl, Ravelry et Payhip.\" \/>\n<meta property=\"og:url\" content=\"https:\/\/craftygenesindonesia.com\/fr\/shop\/creches\/creche-de-noche-santa\/\" \/>\n<meta property=\"og:site_name\" content=\"Craftygenesindonesia\" \/>\n<meta property=\"article:modified_time\" content=\"2026-03-18T10:58:06+00:00\" \/>\n<meta property=\"og:image\" content=\"https:\/\/craftygenesindonesia.com\/wp-content\/uploads\/2025\/07\/Noche-Santa-Nativity-Set.jpg\" \/>\n\t<meta property=\"og:image:width\" content=\"1080\" \/>\n\t<meta property=\"og:image:height\" content=\"1080\" \/>\n\t<meta property=\"og:image:type\" content=\"image\/jpeg\" \/>\n<meta name=\"twitter:card\" content=\"summary_large_image\" \/>\n<meta name=\"twitter:label1\" content=\"Dur\u00e9e de lecture estim\u00e9e\" \/>\n\t<meta name=\"twitter:data1\" content=\"2 minutes\" \/>\n<script type=\"application\/ld+json\" class=\"yoast-schema-graph\">{\"@context\":\"https:\\\/\\\/schema.org\",\"@graph\":[{\"@type\":\"WebPage\",\"@id\":\"https:\\\/\\\/craftygenesindonesia.com\\\/fr\\\/shop\\\/creches\\\/creche-de-noche-santa\\\/\",\"url\":\"https:\\\/\\\/craftygenesindonesia.com\\\/fr\\\/shop\\\/creches\\\/creche-de-noche-santa\\\/\",\"name\":\"Cr\u00e8che de Noche Santa mod\u00e8le de crochet - Craftygenesindonesia\",\"isPartOf\":{\"@id\":\"https:\\\/\\\/craftygenesindonesia.com\\\/fr\\\/#website\"},\"primaryImageOfPage\":{\"@id\":\"https:\\\/\\\/craftygenesindonesia.com\\\/fr\\\/shop\\\/creches\\\/creche-de-noche-santa\\\/#primaryimage\"},\"image\":{\"@id\":\"https:\\\/\\\/craftygenesindonesia.com\\\/fr\\\/shop\\\/creches\\\/creche-de-noche-santa\\\/#primaryimage\"},\"thumbnailUrl\":\"https:\\\/\\\/craftygenesindonesia.com\\\/wp-content\\\/uploads\\\/2025\\\/07\\\/Noche-Santa-Nativity-Set.jpg\",\"datePublished\":\"2025-07-14T23:16:22+00:00\",\"dateModified\":\"2026-03-18T10:58:06+00:00\",\"description\":\"Achetez ici mon patron de crochet \u00ab Cr\u00e8che Noche Santa \u00bb. Ce patron de crochet facile \u00e0 r\u00e9aliser est \u00e9galement disponible sur Etsy, Haked.nl, Ravelry et Payhip.\",\"breadcrumb\":{\"@id\":\"https:\\\/\\\/craftygenesindonesia.com\\\/fr\\\/shop\\\/creches\\\/creche-de-noche-santa\\\/#breadcrumb\"},\"inLanguage\":\"fr-FR\",\"potentialAction\":[{\"@type\":\"ReadAction\",\"target\":[\"https:\\\/\\\/craftygenesindonesia.com\\\/fr\\\/shop\\\/creches\\\/creche-de-noche-santa\\\/\"]}]},{\"@type\":\"ImageObject\",\"inLanguage\":\"fr-FR\",\"@id\":\"https:\\\/\\\/craftygenesindonesia.com\\\/fr\\\/shop\\\/creches\\\/creche-de-noche-santa\\\/#primaryimage\",\"url\":\"https:\\\/\\\/craftygenesindonesia.com\\\/wp-content\\\/uploads\\\/2025\\\/07\\\/Noche-Santa-Nativity-Set.jpg\",\"contentUrl\":\"https:\\\/\\\/craftygenesindonesia.com\\\/wp-content\\\/uploads\\\/2025\\\/07\\\/Noche-Santa-Nativity-Set.jpg\",\"width\":1080,\"height\":1080,\"caption\":\"cr\u00e8che au crochet\"},{\"@type\":\"BreadcrumbList\",\"@id\":\"https:\\\/\\\/craftygenesindonesia.com\\\/fr\\\/shop\\\/creches\\\/creche-de-noche-santa\\\/#breadcrumb\",\"itemListElement\":[{\"@type\":\"ListItem\",\"position\":1,\"name\":\"Home\",\"item\":\"https:\\\/\\\/craftygenesindonesia.com\\\/fr\\\/\"},{\"@type\":\"ListItem\",\"position\":2,\"name\":\"Boutique de mod\u00e8les\",\"item\":\"https:\\\/\\\/craftygenesindonesia.com\\\/fr\\\/boutique\\\/\"},{\"@type\":\"ListItem\",\"position\":3,\"name\":\"Cr\u00e8che de Noche Santa\"}]},{\"@type\":\"WebSite\",\"@id\":\"https:\\\/\\\/craftygenesindonesia.com\\\/fr\\\/#website\",\"url\":\"https:\\\/\\\/craftygenesindonesia.com\\\/fr\\\/\",\"name\":\"Craftygenesindonesia\",\"description\":\"\",\"publisher\":{\"@id\":\"https:\\\/\\\/craftygenesindonesia.com\\\/fr\\\/#organization\"},\"potentialAction\":[{\"@type\":\"SearchAction\",\"target\":{\"@type\":\"EntryPoint\",\"urlTemplate\":\"https:\\\/\\\/craftygenesindonesia.com\\\/fr\\\/?s={search_term_string}\"},\"query-input\":{\"@type\":\"PropertyValueSpecification\",\"valueRequired\":true,\"valueName\":\"search_term_string\"}}],\"inLanguage\":\"fr-FR\"},{\"@type\":\"Organization\",\"@id\":\"https:\\\/\\\/craftygenesindonesia.com\\\/fr\\\/#organization\",\"name\":\"Craftygenesindonesia\",\"url\":\"https:\\\/\\\/craftygenesindonesia.com\\\/fr\\\/\",\"logo\":{\"@type\":\"ImageObject\",\"inLanguage\":\"fr-FR\",\"@id\":\"https:\\\/\\\/craftygenesindonesia.com\\\/fr\\\/#\\\/schema\\\/logo\\\/image\\\/\",\"url\":\"https:\\\/\\\/craftygenesindonesia.com\\\/wp-content\\\/uploads\\\/2025\\\/11\\\/cropped-Copy-of-Craftygenesindonesia.jpg\",\"contentUrl\":\"https:\\\/\\\/craftygenesindonesia.com\\\/wp-content\\\/uploads\\\/2025\\\/11\\\/cropped-Copy-of-Craftygenesindonesia.jpg\",\"width\":180,\"height\":60,\"caption\":\"Craftygenesindonesia\"},\"image\":{\"@id\":\"https:\\\/\\\/craftygenesindonesia.com\\\/fr\\\/#\\\/schema\\\/logo\\\/image\\\/\"}}]}<\/script>\n<!-- \/ Yoast SEO plugin. -->","yoast_head_json":{"title":"Cr\u00e8che de Noche Santa mod\u00e8le de crochet - Craftygenesindonesia","description":"Achetez ici mon patron de crochet \u00ab Cr\u00e8che Noche Santa \u00bb. Ce patron de crochet facile \u00e0 r\u00e9aliser est \u00e9galement disponible sur Etsy, Haked.nl, Ravelry et Payhip.","robots":{"index":"index","follow":"follow","max-snippet":"max-snippet:-1","max-image-preview":"max-image-preview:large","max-video-preview":"max-video-preview:-1"},"canonical":"https:\/\/craftygenesindonesia.com\/fr\/shop\/creches\/creche-de-noche-santa\/","og_locale":"fr_FR","og_type":"article","og_title":"Cr\u00e8che de Noche Santa","og_description":"Achetez ici mon patron de crochet \u00ab Cr\u00e8che Noche Santa \u00bb. Ce patron de crochet facile \u00e0 r\u00e9aliser est \u00e9galement disponible sur Etsy, Haked.nl, Ravelry et Payhip.","og_url":"https:\/\/craftygenesindonesia.com\/fr\/shop\/creches\/creche-de-noche-santa\/","og_site_name":"Craftygenesindonesia","article_modified_time":"2026-03-18T10:58:06+00:00","og_image":[{"width":1080,"height":1080,"url":"https:\/\/craftygenesindonesia.com\/wp-content\/uploads\/2025\/07\/Noche-Santa-Nativity-Set.jpg","type":"image\/jpeg"}],"twitter_card":"summary_large_image","twitter_misc":{"Dur\u00e9e de lecture estim\u00e9e":"2 minutes"},"schema":{"@context":"https:\/\/schema.org","@graph":[{"@type":"WebPage","@id":"https:\/\/craftygenesindonesia.com\/fr\/shop\/creches\/creche-de-noche-santa\/","url":"https:\/\/craftygenesindonesia.com\/fr\/shop\/creches\/creche-de-noche-santa\/","name":"Cr\u00e8che de Noche Santa mod\u00e8le de crochet - Craftygenesindonesia","isPartOf":{"@id":"https:\/\/craftygenesindonesia.com\/fr\/#website"},"primaryImageOfPage":{"@id":"https:\/\/craftygenesindonesia.com\/fr\/shop\/creches\/creche-de-noche-santa\/#primaryimage"},"image":{"@id":"https:\/\/craftygenesindonesia.com\/fr\/shop\/creches\/creche-de-noche-santa\/#primaryimage"},"thumbnailUrl":"https:\/\/craftygenesindonesia.com\/wp-content\/uploads\/2025\/07\/Noche-Santa-Nativity-Set.jpg","datePublished":"2025-07-14T23:16:22+00:00","dateModified":"2026-03-18T10:58:06+00:00","description":"Achetez ici mon patron de crochet \u00ab Cr\u00e8che Noche Santa \u00bb. Ce patron de crochet facile \u00e0 r\u00e9aliser est \u00e9galement disponible sur Etsy, Haked.nl, Ravelry et Payhip.","breadcrumb":{"@id":"https:\/\/craftygenesindonesia.com\/fr\/shop\/creches\/creche-de-noche-santa\/#breadcrumb"},"inLanguage":"fr-FR","potentialAction":[{"@type":"ReadAction","target":["https:\/\/craftygenesindonesia.com\/fr\/shop\/creches\/creche-de-noche-santa\/"]}]},{"@type":"ImageObject","inLanguage":"fr-FR","@id":"https:\/\/craftygenesindonesia.com\/fr\/shop\/creches\/creche-de-noche-santa\/#primaryimage","url":"https:\/\/craftygenesindonesia.com\/wp-content\/uploads\/2025\/07\/Noche-Santa-Nativity-Set.jpg","contentUrl":"https:\/\/craftygenesindonesia.com\/wp-content\/uploads\/2025\/07\/Noche-Santa-Nativity-Set.jpg","width":1080,"height":1080,"caption":"cr\u00e8che au crochet"},{"@type":"BreadcrumbList","@id":"https:\/\/craftygenesindonesia.com\/fr\/shop\/creches\/creche-de-noche-santa\/#breadcrumb","itemListElement":[{"@type":"ListItem","position":1,"name":"Home","item":"https:\/\/craftygenesindonesia.com\/fr\/"},{"@type":"ListItem","position":2,"name":"Boutique de mod\u00e8les","item":"https:\/\/craftygenesindonesia.com\/fr\/boutique\/"},{"@type":"ListItem","position":3,"name":"Cr\u00e8che de Noche Santa"}]},{"@type":"WebSite","@id":"https:\/\/craftygenesindonesia.com\/fr\/#website","url":"https:\/\/craftygenesindonesia.com\/fr\/","name":"Craftygenesindonesia","description":"","publisher":{"@id":"https:\/\/craftygenesindonesia.com\/fr\/#organization"},"potentialAction":[{"@type":"SearchAction","target":{"@type":"EntryPoint","urlTemplate":"https:\/\/craftygenesindonesia.com\/fr\/?s={search_term_string}"},"query-input":{"@type":"PropertyValueSpecification","valueRequired":true,"valueName":"search_term_string"}}],"inLanguage":"fr-FR"},{"@type":"Organization","@id":"https:\/\/craftygenesindonesia.com\/fr\/#organization","name":"Craftygenesindonesia","url":"https:\/\/craftygenesindonesia.com\/fr\/","logo":{"@type":"ImageObject","inLanguage":"fr-FR","@id":"https:\/\/craftygenesindonesia.com\/fr\/#\/schema\/logo\/image\/","url":"https:\/\/craftygenesindonesia.com\/wp-content\/uploads\/2025\/11\/cropped-Copy-of-Craftygenesindonesia.jpg","contentUrl":"https:\/\/craftygenesindonesia.com\/wp-content\/uploads\/2025\/11\/cropped-Copy-of-Craftygenesindonesia.jpg","width":180,"height":60,"caption":"Craftygenesindonesia"},"image":{"@id":"https:\/\/craftygenesindonesia.com\/fr\/#\/schema\/logo\/image\/"}}]}},"_links":{"self":[{"href":"https:\/\/craftygenesindonesia.com\/fr\/wp-json\/wp\/v2\/product\/987528054","targetHints":{"allow":["GET"]}}],"collection":[{"href":"https:\/\/craftygenesindonesia.com\/fr\/wp-json\/wp\/v2\/product"}],"about":[{"href":"https:\/\/craftygenesindonesia.com\/fr\/wp-json\/wp\/v2\/types\/product"}],"replies":[{"embeddable":true,"href":"https:\/\/craftygenesindonesia.com\/fr\/wp-json\/wp\/v2\/comments?post=987528054"}],"wp:featuredmedia":[{"embeddable":true,"href":"https:\/\/craftygenesindonesia.com\/fr\/wp-json\/wp\/v2\/media\/987530562"}],"wp:attachment":[{"href":"https:\/\/craftygenesindonesia.com\/fr\/wp-json\/wp\/v2\/media?parent=987528054"}],"wp:term":[{"taxonomy":"product_brand","embeddable":true,"href":"https:\/\/craftygenesindonesia.com\/fr\/wp-json\/wp\/v2\/product_brand?post=987528054"},{"taxonomy":"product_cat","embeddable":true,"href":"https:\/\/craftygenesindonesia.com\/fr\/wp-json\/wp\/v2\/product_cat?post=987528054"},{"taxonomy":"product_tag","embeddable":true,"href":"https:\/\/craftygenesindonesia.com\/fr\/wp-json\/wp\/v2\/product_tag?post=987528054"}],"curies":[{"name":"wp","href":"https:\/\/api.w.org\/{rel}","templated":true}]}}